{"id":2880,"date":"2024-07-17T14:18:31","date_gmt":"2024-07-17T14:18:31","guid":{"rendered":"https:\/\/aiartfree.online\/?page_id=2880"},"modified":"2024-07-20T10:51:32","modified_gmt":"2024-07-20T10:51:32","slug":"ai-image-enhancer","status":"publish","type":"page","link":"https:\/\/aiartfree.online\/pl\/wzmacniacz-obrazu-ai\/","title":{"rendered":"Wzmacniacz obrazu AI"},"content":{"rendered":"<h2 class=\"wp-block-heading\">Jak korzysta\u0107 z AI Image Enhancer<\/h2>\n\n\n\n<ol class=\"wp-block-list\">\n<li class=\"\">Upu\u015b\u0107 lub prze\u015blij zdj\u0119cie<\/li>\n\n\n\n<li class=\"\">Kliknij \"Prze\u015blij\"<\/li>\n\n\n\n<li class=\"\">Czekaj, to jest to!<\/li>\n<\/ol>\n\n\n\n<p class=\"\"><em>* W zale\u017cno\u015bci od szybko\u015bci \u0142\u0105cza internetowego \u0142adowanie modelu mo\u017ce potrwa\u0107 kilka sekund.<br>* Podczas ci\u0105g\u0142ego generowania nast\u0105pi buforowanie, a nowy obraz pojawi si\u0119 po oko\u0142o 3 sekundach.<\/em><\/p>\n\n\n\n<div style=\"text-align: center;\">\n  <iframe loading=\"lazy\"\n    src=\"https:\/\/sczhou-codeformer.hf.space\"\n    frameborder=\"0\"\n    width=\"1200\"\n    height=\"2500\"\n    style=\"display: inline-block; margin: 0 auto;\"\n  ><\/iframe>\n<\/div>\n\n\n\n<div style=\"height:50px\" aria-hidden=\"true\" class=\"wp-block-spacer\"><\/div>\n\n\n\n<h2 class=\"wp-block-heading\">Wprowadzenie AI Image Enhancer<\/h2>\n\n\n\n<p class=\"\">Poprawa jako\u015bci obrazu ma kluczowe znaczenie dla r\u00f3\u017cnych bran\u017c, od nieruchomo\u015bci po marketing w mediach spo\u0142eczno\u015bciowych. Wraz z rozwojem sztucznej inteligencji, narz\u0119dzia takie jak AI Image Enhancer zrewolucjonizowa\u0142y spos\u00f3b, w jaki zwi\u0119kszamy rozdzielczo\u015b\u0107 zdj\u0119\u0107 i poprawiamy og\u00f3ln\u0105 jako\u015b\u0107 obrazu. W tym artykule om\u00f3wimy korzy\u015bci p\u0142yn\u0105ce ze stosowania wzmacniaczy obrazu AI, najlepsze scenariusze ich u\u017cycia oraz przedstawimy kompleksowy przewodnik po najlepszych dost\u0119pnych obecnie narz\u0119dziach.<\/p>\n\n\n\n<figure class=\"wp-block-image size-large is-resized\"><img data-recalc-dims=\"1\" decoding=\"async\" width=\"1024\" height=\"568\"   loading=\"lazy\" src=\"https:\/\/i0.wp.com\/aiartfree.online\/wp-content\/uploads\/2024\/07\/WX20240717-181127%402x-1-1-1-1-1-1.jpg?resize=1024%2C568&#038;ssl=1\" alt=\"Wzmacniacz obrazu AI\" class=\"wp-image-2881\" style=\"width:591px;height:auto\" srcset=\"https:\/\/i0.wp.com\/aiartfree.online\/wp-content\/uploads\/2024\/07\/WX20240717-181127%402x-1-1-1-1-1-1.jpg?resize=1024%2C568&amp;ssl=1 1024w, https:\/\/i0.wp.com\/aiartfree.online\/wp-content\/uploads\/2024\/07\/WX20240717-181127%402x-1-1-1-1-1-1.jpg?resize=300%2C166&amp;ssl=1 300w, https:\/\/i0.wp.com\/aiartfree.online\/wp-content\/uploads\/2024\/07\/WX20240717-181127%402x-1-1-1-1-1-1.jpg?resize=768%2C426&amp;ssl=1 768w, https:\/\/i0.wp.com\/aiartfree.online\/wp-content\/uploads\/2024\/07\/WX20240717-181127%402x-1-1-1-1-1-1.jpg?resize=1536%2C852&amp;ssl=1 1536w, https:\/\/i0.wp.com\/aiartfree.online\/wp-content\/uploads\/2024\/07\/WX20240717-181127%402x-1-1-1-1-1-1.jpg?resize=2048%2C1136&amp;ssl=1 2048w, https:\/\/i0.wp.com\/aiartfree.online\/wp-content\/uploads\/2024\/07\/WX20240717-181127%402x-1-1-1-1-1-1.jpg?resize=18%2C10&amp;ssl=1 18w, https:\/\/i0.wp.com\/aiartfree.online\/wp-content\/uploads\/2024\/07\/WX20240717-181127%402x-1-1-1-1-1-1.jpg?resize=600%2C333&amp;ssl=1 600w\" sizes=\"auto, (max-width: 1024px) 100vw, 1024px\" \/><\/figure>\n\n\n\n<h2 class=\"wp-block-heading\">Spis tre\u015bci<\/h2>\n\n\n\n<ol class=\"wp-block-list\">\n<li class=\"\">Czym jest wzmacniacz obrazu AI?<\/li>\n\n\n\n<li class=\"\">Dlaczego warto u\u017cywa\u0107 wzmacniacza obrazu AI?<\/li>\n\n\n\n<li class=\"\">Korzy\u015bci z u\u017cywania wzmacniacza obrazu AI<\/li>\n\n\n\n<li class=\"\">Kiedy u\u017cywa\u0107 wzmacniacza obrazu AI?<\/li>\n\n\n\n<li class=\"\">Kto powinien u\u017cywa\u0107 wzmacniacza obrazu AI?<\/li>\n\n\n\n<li class=\"\">10 najlepszych narz\u0119dzi do ulepszania obrazu AI<\/li>\n\n\n\n<li class=\"\">Najlepsze narz\u0119dzie do poprawy jako\u015bci obrazu AI<\/li>\n\n\n\n<li class=\"\">FAQ<\/li>\n<\/ol>\n\n\n\n<h3 class=\"wp-block-heading\">Czym jest wzmacniacz obrazu AI?<\/h3>\n\n\n\n<p class=\"\">AI Image Enhancer to narz\u0119dzie oparte na sztucznej inteligencji, zaprojektowane w celu poprawy jako\u015bci obraz\u00f3w. Narz\u0119dzia te mog\u0105 zwi\u0119kszy\u0107 rozdzielczo\u015b\u0107 zdj\u0119\u0107, poprawi\u0107 ich wyrazisto\u015b\u0107 i przeskalowa\u0107 obrazy, aby by\u0142y ostrzejsze i bardziej szczeg\u00f3\u0142owe. Korzystaj\u0105c z zaawansowanych algorytm\u00f3w, wzmacniacze obrazu AI mog\u0105 wykrywa\u0107 i korygowa\u0107 niedoskona\u0142o\u015bci, dzi\u0119ki czemu zdj\u0119cia wygl\u0105daj\u0105 bardziej profesjonalnie i atrakcyjnie wizualnie.<\/p>\n\n\n\n<h3 class=\"wp-block-heading\">Dlaczego warto u\u017cywa\u0107 wzmacniacza obrazu AI?<\/h3>\n\n\n\n<p class=\"\">Korzystanie z AI Image Enhancer jest niezb\u0119dne dla ka\u017cdego, kto chce szybko i skutecznie poprawi\u0107 jako\u015b\u0107 swoich zdj\u0119\u0107. Niezale\u017cnie od tego, czy jeste\u015b grafikiem, agentem nieruchomo\u015bci czy mened\u017cerem medi\u00f3w spo\u0142eczno\u015bciowych, poprawa jako\u015bci obrazu mo\u017ce mie\u0107 znacz\u0105cy wp\u0142yw na postrzeganie Twojej pracy. Ulepszacze obrazu AI oszcz\u0119dzaj\u0105 czas, automatyzuj\u0105c proces poprawy rozdzielczo\u015bci i jako\u015bci, pozwalaj\u0105c skupi\u0107 si\u0119 na innych wa\u017cnych zadaniach.<\/p>\n\n\n\n<h3 class=\"wp-block-heading\">Korzy\u015bci z u\u017cywania wzmacniacza obrazu AI<\/h3>\n\n\n\n<ol class=\"wp-block-list\">\n<li class=\"\"><strong>Zwi\u0119kszenie rozdzielczo\u015bci zdj\u0119\u0107<\/strong>: Ulepszacze obrazu AI mog\u0105 skalowa\u0107 obrazy, dzi\u0119ki czemu nadaj\u0105 si\u0119 one do wysokiej jako\u015bci wydruk\u00f3w i du\u017cych wy\u015bwietlaczy.<\/li>\n\n\n\n<li class=\"\"><strong>Zwi\u0119kszenie klarowno\u015bci zdj\u0119\u0107<\/strong>: Narz\u0119dzia te poprawiaj\u0105 ostro\u015b\u0107 obrazu, usuwaj\u0105c rozmycia i czyni\u0105c szczeg\u00f3\u0142y bardziej widocznymi.<\/li>\n\n\n\n<li class=\"\"><strong>Poprawa og\u00f3lnej jako\u015bci<\/strong>: Ulepszacze obrazu AI mog\u0105 dostosowa\u0107 kolory, kontrast i jasno\u015b\u0107, aby uzyska\u0107 wysokiej jako\u015bci obrazy.<\/li>\n\n\n\n<li class=\"\"><strong>Oszcz\u0119dno\u015b\u0107 czasu<\/strong>: Automatyzacja procesu ulepszania skraca czas potrzebny na r\u0119czn\u0105 edycj\u0119 obraz\u00f3w.<\/li>\n\n\n\n<li class=\"\"><strong>Op\u0142acalno\u015b\u0107<\/strong>: Inwestowanie w ulepszacze obrazu AI mo\u017ce zaoszcz\u0119dzi\u0107 pieni\u0105dze w por\u00f3wnaniu do zatrudniania profesjonalnych edytor\u00f3w zdj\u0119\u0107.<\/li>\n<\/ol>\n\n\n\n<h3 class=\"wp-block-heading\">Kiedy u\u017cywa\u0107 wzmacniacza obrazu AI?<\/h3>\n\n\n\n<p class=\"\">AI Image Enhancers nadaj\u0105 si\u0119 do r\u00f3\u017cnych scenariuszy, w tym:<\/p>\n\n\n\n<ul class=\"wp-block-list\">\n<li class=\"\"><strong>Nieruchomo\u015bci<\/strong>: Ulepszanie zdj\u0119\u0107 nieruchomo\u015bci w celu przyci\u0105gni\u0119cia potencjalnych nabywc\u00f3w.<\/li>\n\n\n\n<li class=\"\"><strong>Media spo\u0142eczno\u015bciowe<\/strong>: Tworzenie wysokiej jako\u015bci obraz\u00f3w do post\u00f3w i reklam.<\/li>\n\n\n\n<li class=\"\"><strong>Projekt graficzny<\/strong>: Ulepszanie obraz\u00f3w do wykorzystania w mediach cyfrowych i drukowanych.<\/li>\n\n\n\n<li class=\"\"><strong>Handel elektroniczny<\/strong>: Ulepszanie zdj\u0119\u0107 produkt\u00f3w w celu zwi\u0119kszenia sprzeda\u017cy.<\/li>\n\n\n\n<li class=\"\"><strong>Fotografia<\/strong>: Skalowanie obraz\u00f3w do wydruk\u00f3w i portfolio.<\/li>\n<\/ul>\n\n\n\n<h3 class=\"wp-block-heading\">Kto powinien u\u017cywa\u0107 wzmacniacza obrazu AI?<\/h3>\n\n\n\n<p class=\"\">AI Image Enhancers s\u0105 korzystne dla:<\/p>\n\n\n\n<ul class=\"wp-block-list\">\n<li class=\"\"><strong>Fotografowie<\/strong>: Ulepszanie i skalowanie obraz\u00f3w.<\/li>\n\n\n\n<li class=\"\"><strong>Agenci nieruchomo\u015bci<\/strong>: Ulepszenie obraz\u00f3w nieruchomo\u015bci dla ofert.<\/li>\n\n\n\n<li class=\"\"><strong>Graficy<\/strong>: Aby zapewni\u0107 wysokiej jako\u015bci obrazy dla swoich projekt\u00f3w.<\/li>\n\n\n\n<li class=\"\"><strong>Mened\u017cerowie ds. medi\u00f3w spo\u0142eczno\u015bciowych<\/strong>: Tworzenie atrakcyjnych wizualnie post\u00f3w.<\/li>\n\n\n\n<li class=\"\"><strong>Firmy zajmuj\u0105ce si\u0119 handlem elektronicznym<\/strong>: Aby poprawi\u0107 wizerunek produktu i przyci\u0105gn\u0105\u0107 klient\u00f3w.<\/li>\n<\/ul>\n\n\n\n<h3 class=\"wp-block-heading\">10 najlepszych narz\u0119dzi do ulepszania obrazu AI<\/h3>\n\n\n\n<p class=\"\">Oto podsumowanie 10 najlepszych narz\u0119dzi do ulepszania obrazu AI, w tym ich zalety i wyzwania:<\/p>\n\n\n\n<figure class=\"wp-block-table\"><table class=\"has-fixed-layout\"><thead><tr><th>Nazwa narz\u0119dzia<\/th><th>Podsumowanie<\/th><th>Plusy<\/th><th>Wady<\/th><th>Zalety<\/th><th>Wyzwania<\/th><th>Zalecenia<\/th><\/tr><\/thead><tbody><tr><td><strong><a href=\"https:\/\/aiartfree.online\/pl\/wzmacniacz-obrazu-ai\/\" target=\"_blank\" data-type=\"link\" data-id=\"https:\/\/aiartfree.online\/ai-image-enhancer\" rel=\"noreferrer noopener\">Wzmacniacz obrazu AI<\/a><\/strong><\/td><td>Szybka i \u0142atwa poprawa jako\u015bci obrazu<\/td><td>\u0141atwy w u\u017cyciu, bezp\u0142atny<\/td><td>Ograniczone funkcje<\/td><td>\u015awietne dla pocz\u0105tkuj\u0105cych<\/td><td>Ograniczone opcje zaawansowane<\/td><td>Idealny do szybkich napraw<\/td><\/tr><tr><td><strong>Let's Enhance<\/strong><\/td><td>Powi\u0119kszenie obrazu do 16x<\/td><td>Wysokiej jako\u015bci wyniki<\/td><td>Oparte na subskrypcji<\/td><td>Profesjonalna jako\u015b\u0107<\/td><td>Wymaga p\u0142atno\u015bci<\/td><td>Najlepszy do zastosowa\u0144 profesjonalnych<\/td><\/tr><tr><td><strong>Vance AI<\/strong><\/td><td>Wzmacniacz obrazu oparty na sztucznej inteligencji<\/td><td>Wiele opcji ulepsze\u0144<\/td><td>Niekt\u00f3re funkcje s\u0105 p\u0142atne<\/td><td>Wszechstronny zestaw narz\u0119dzi<\/td><td>Wymaga subskrypcji premium<\/td><td>Dobry do wszechstronnego u\u017cytku<\/td><\/tr><tr><td><strong>G\u0142\u0119boki obraz<\/strong><\/td><td>Mo\u017cliwo\u015b\u0107 przetwarzania wsadowego<\/td><td>Obs\u0142uga wielu obraz\u00f3w jednocze\u015bnie<\/td><td>Wymaga konfiguracji konta<\/td><td>Efektywno\u015b\u0107 czasowa<\/td><td>Wymagana konfiguracja pocz\u0105tkowa<\/td><td>Najlepsze do masowych ulepsze\u0144<\/td><\/tr><tr><td><strong>Waifu2x<\/strong><\/td><td>Wzmacniacz obrazu skoncentrowany na animacjach<\/td><td>Specjalizuje si\u0119 w dzie\u0142ach sztuki<\/td><td>Ograniczone do stylu anime<\/td><td>\u015awietny do obraz\u00f3w anime<\/td><td>Ograniczone zastosowanie<\/td><td>Najlepsze dla artyst\u00f3w anime<\/td><\/tr><tr><td><strong><a href=\"https:\/\/www.fotor.com\/\" data-type=\"link\" data-id=\"https:\/\/www.fotor.com\/\" rel=\"nofollow noopener\" target=\"_blank\">Fotor<\/a><\/strong><\/td><td>Edytor zdj\u0119\u0107 online z funkcjami ulepszania<\/td><td>Wszechstronne narz\u0119dzia do edycji<\/td><td>Reklamy w wersji darmowej<\/td><td>Rozwi\u0105zanie typu \"wszystko w jednym<\/td><td>Darmowa wersja z reklamami<\/td><td>Dobry do codziennego u\u017cytku<\/td><\/tr><tr><td><strong>ImgLarger<\/strong><\/td><td>Narz\u0119dzie do skalowania AI<\/td><td>Dobre wyniki skalowania w g\u00f3r\u0119<\/td><td>Wymaga po\u0142\u0105czenia z Internetem<\/td><td>Wysokiej jako\u015bci skalowanie w g\u00f3r\u0119<\/td><td>Zale\u017cy od szybko\u015bci \u0142\u0105cza internetowego<\/td><td>Najlepsze do u\u017cytku online<\/td><\/tr><tr><td><strong>Upscale Pics<\/strong><\/td><td>Wzmacniacz obrazu online<\/td><td>Przyjazny dla u\u017cytkownika interfejs<\/td><td>Ograniczone bezp\u0142atne u\u017cytkowanie<\/td><td>\u0141atwy w u\u017cyciu<\/td><td>Ograniczone do u\u017cytku online<\/td><td>Najlepszy do sporadycznego u\u017cytku<\/td><\/tr><tr><td><strong>Image Upscaler<\/strong><\/td><td>Ulepszenia oparte na sztucznej inteligencji<\/td><td>Wydajne przetwarzanie<\/td><td>P\u0142atne funkcje<\/td><td>Szybko\u015b\u0107 i wydajno\u015b\u0107<\/td><td>Oparte na subskrypcji<\/td><td>Najlepszy do regularnego u\u017cytku<\/td><\/tr><tr><td><strong>Powi\u0119kszalnik obrazu AI<\/strong><\/td><td>Specjalizuje si\u0119 w powi\u0119kszaniu obrazu<\/td><td>Wysokiej jako\u015bci powi\u0119kszenie<\/td><td>Ograniczenia wersji darmowej<\/td><td>Wysoka jako\u015b\u0107 powi\u0119kszenia<\/td><td>Ograniczone bezp\u0142atne opcje<\/td><td>Najlepsze dla wysokiej jako\u015bci powi\u0119kszenia<\/td><\/tr><\/tbody><\/table><\/figure>\n\n\n\n<h3 class=\"wp-block-heading\">Najlepsze narz\u0119dzie do poprawy jako\u015bci obrazu AI<\/h3>\n\n\n\n<p class=\"\">Spo\u015br\u00f3d r\u00f3\u017cnych dost\u0119pnych narz\u0119dzi, najlepszym wzmacniaczem obrazu AI jest <a href=\"https:\/\/aiartfree.online\/pl\/wzmacniacz-obrazu-ai\/\">Wzmacniacz obrazu AI<\/a>. Oferuje doskona\u0142e po\u0142\u0105czenie zaawansowanych funkcji, \u0142atwo\u015bci obs\u0142ugi i wysokiej jako\u015bci wynik\u00f3w, dzi\u0119ki czemu jest idealny zar\u00f3wno dla profesjonalist\u00f3w, jak i zwyk\u0142ych u\u017cytkownik\u00f3w.<\/p>\n\n\n\n<h3 class=\"wp-block-heading\">FAQ<\/h3>\n\n\n\n<ol class=\"wp-block-list\">\n<li class=\"\"><strong>Czym jest wzmacniacz obrazu AI?<\/strong> AI Image Enhancer to narz\u0119dzie wykorzystuj\u0105ce sztuczn\u0105 inteligencj\u0119 do poprawy jako\u015bci i rozdzielczo\u015bci obraz\u00f3w.<\/li>\n\n\n\n<li class=\"\"><strong>W jaki spos\u00f3b sztuczna inteligencja poprawia jako\u015b\u0107 obrazu?<\/strong> Algorytmy AI analizuj\u0105 i poprawiaj\u0105 szczeg\u00f3\u0142y obrazu, koryguj\u0105c niedoskona\u0142o\u015bci i zwi\u0119kszaj\u0105c rozdzielczo\u015b\u0107.<\/li>\n\n\n\n<li class=\"\"><strong>Czy warto zainwestowa\u0107 w wzmacniacz obrazu AI?<\/strong> Tak, oszcz\u0119dza czas i zapewnia wysokiej jako\u015bci wyniki, dzi\u0119ki czemu jest cennym narz\u0119dziem dla wielu u\u017cytkownik\u00f3w.<\/li>\n\n\n\n<li class=\"\"><strong>Czy wzmacniacze obrazu AI mog\u0105 obs\u0142ugiwa\u0107 przetwarzanie wsadowe?<\/strong> Niekt\u00f3re narz\u0119dzia, takie jak Deep Image, oferuj\u0105 mo\u017cliwo\u015b\u0107 przetwarzania wsadowego.<\/li>\n\n\n\n<li class=\"\"><strong>Czy dost\u0119pne s\u0105 darmowe narz\u0119dzia do ulepszania obrazu AI?<\/strong> Tak, narz\u0119dzia takie jak Enhance.Pho.to oferuj\u0105 bezp\u0142atne podstawowe funkcje ulepszania.<\/li>\n\n\n\n<li class=\"\"><strong>Jaki jest najlepszy wzmacniacz obrazu AI do zastosowa\u0144 profesjonalnych?<\/strong> AI Image Enhancer jest zalecany ze wzgl\u0119du na zaawansowane funkcje i wysokiej jako\u015bci wyniki.<\/li>\n\n\n\n<li class=\"\"><strong>Czy wzmacniacze obrazu AI mog\u0105 by\u0107 u\u017cywane do zdj\u0119\u0107 w mediach spo\u0142eczno\u015bciowych?<\/strong> Tak, s\u0105 one idealne do tworzenia wysokiej jako\u015bci obraz\u00f3w do post\u00f3w w mediach spo\u0142eczno\u015bciowych.<\/li>\n\n\n\n<li class=\"\"><strong>Czy wzmacniacze obrazu AI obs\u0142uguj\u0105 skalowanie w g\u00f3r\u0119?<\/strong> Tak, wiele wzmacniaczy obrazu AI mo\u017ce skalowa\u0107 obrazy do wy\u017cszych rozdzielczo\u015bci.<\/li>\n\n\n\n<li class=\"\"><strong>Czy wzmacniacze obrazu AI s\u0105 \u0142atwe w u\u017cyciu?<\/strong> Wi\u0119kszo\u015b\u0107 wzmacniaczy obrazu AI jest przyjazna dla u\u017cytkownika i zaprojektowana z my\u015bl\u0105 o \u0142atwo\u015bci u\u017cytkowania.<\/li>\n\n\n\n<li class=\"\"><strong>Jakie bran\u017ce korzystaj\u0105 ze wzmacniaczy obrazu AI?<\/strong> Bran\u017ce takie jak nieruchomo\u015bci, e-commerce, projektowanie graficzne i media spo\u0142eczno\u015bciowe mog\u0105 w znacznym stopniu skorzysta\u0107 na zastosowaniu wzmacniaczy obrazu AI.<\/li>\n<\/ol>","protected":false},"excerpt":{"rendered":"<p>How to use AI Image Enhancer *&nbsp;Depending on your internet speed, loading the model may take a few seconds.* There will be caching during continuous generation, and the new image will appear after about 3 seconds. Introduction of AI Image Enhancer Enhancing image quality is crucial for various industries, from real estate to social media &#8230; <a title=\"Wzmacniacz obrazu AI\" class=\"read-more\" href=\"https:\/\/aiartfree.online\/pl\/wzmacniacz-obrazu-ai\/\" aria-label=\"Read more about AI Image Enhancer\">Dowiedz si\u0119 wi\u0119cej<\/a><\/p>","protected":false},"author":1,"featured_media":0,"parent":0,"menu_order":0,"comment_status":"open","ping_status":"closed","template":"","meta":{"nf_dc_page":"","footnotes":""},"class_list":["post-2880","page","type-page","status-publish"],"jetpack_sharing_enabled":true,"_links":{"self":[{"href":"https:\/\/aiartfree.online\/pl\/wp-json\/wp\/v2\/pages\/2880","targetHints":{"allow":["GET"]}}],"collection":[{"href":"https:\/\/aiartfree.online\/pl\/wp-json\/wp\/v2\/pages"}],"about":[{"href":"https:\/\/aiartfree.online\/pl\/wp-json\/wp\/v2\/types\/page"}],"author":[{"embeddable":true,"href":"https:\/\/aiartfree.online\/pl\/wp-json\/wp\/v2\/users\/1"}],"replies":[{"embeddable":true,"href":"https:\/\/aiartfree.online\/pl\/wp-json\/wp\/v2\/comments?post=2880"}],"version-history":[{"count":0,"href":"https:\/\/aiartfree.online\/pl\/wp-json\/wp\/v2\/pages\/2880\/revisions"}],"wp:attachment":[{"href":"https:\/\/aiartfree.online\/pl\/wp-json\/wp\/v2\/media?parent=2880"}],"curies":[{"name":"wp","href":"https:\/\/api.w.org\/{rel}","templated":true}]}}