{"id":2876,"date":"2024-07-17T14:02:17","date_gmt":"2024-07-17T14:02:17","guid":{"rendered":"https:\/\/aiartfree.online\/?page_id=2876"},"modified":"2025-03-07T08:07:03","modified_gmt":"2025-03-07T08:07:03","slug":"anime-ai-generator","status":"publish","type":"page","link":"https:\/\/aiartfree.online\/pl\/generator-anime-ai\/","title":{"rendered":"Generator anime AI"},"content":{"rendered":"<h2 class=\"wp-block-heading has-text-align-center\">Przed i po<\/h2>\n\n\n\n<figure class=\"gb-block-image gb-block-image-1822da1f\"><img data-recalc-dims=\"1\" decoding=\"async\" loading=\"lazy\" width=\"300\" height=\"179\" class=\"gb-image gb-image-1822da1f\" src=\"https:\/\/i0.wp.com\/aiartfree.online\/wp-content\/uploads\/2024\/07\/WX20240719-123748%402x.jpg?resize=300%2C179&#038;ssl=1\" alt=\"anime-ai-generator\/\" title=\"WX20240719-123748@2x\" srcset=\"https:\/\/i0.wp.com\/aiartfree.online\/wp-content\/uploads\/2024\/07\/WX20240719-123748%402x.jpg?resize=300%2C179&amp;ssl=1 300w, https:\/\/i0.wp.com\/aiartfree.online\/wp-content\/uploads\/2024\/07\/WX20240719-123748%402x.jpg?resize=1024%2C613&amp;ssl=1 1024w, https:\/\/i0.wp.com\/aiartfree.online\/wp-content\/uploads\/2024\/07\/WX20240719-123748%402x.jpg?resize=768%2C459&amp;ssl=1 768w, https:\/\/i0.wp.com\/aiartfree.online\/wp-content\/uploads\/2024\/07\/WX20240719-123748%402x.jpg?resize=18%2C12&amp;ssl=1 18w, https:\/\/i0.wp.com\/aiartfree.online\/wp-content\/uploads\/2024\/07\/WX20240719-123748%402x.jpg?resize=600%2C359&amp;ssl=1 600w, https:\/\/i0.wp.com\/aiartfree.online\/wp-content\/uploads\/2024\/07\/WX20240719-123748%402x.jpg?w=1314&amp;ssl=1 1314w\" sizes=\"auto, (max-width: 300px) 100vw, 300px\" \/><\/figure>\n\n\n\n<h2 class=\"wp-block-heading\">Jak korzysta\u0107 z Anime AI Generator<\/h2>\n\n\n\n<ol class=\"wp-block-list\">\n<li class=\"\">Wprowad\u017a swoj\u0105 podpowied\u017a lub wybierz jeden z przyk\u0142ad\u00f3w podpowiedzi<\/li>\n\n\n\n<li class=\"\">Kliknij \"Generuj\"<\/li>\n\n\n\n<li class=\"\">Czekaj, to jest to!<\/li>\n<\/ol>\n\n\n\n<h3 class=\"wp-block-heading\">Przyk\u0142ady podpowiedzi<\/h3>\n\n\n\n<ul class=\"wp-block-list has-small-font-size\">\n<li class=\"\">pi\u0119kna kobieta, noc, z gwiazdami, misterny, elegancki, bardzo szczeg\u00f3\u0142owy, digital painting, artstation, concept art, g\u0142adki, ostro\u015b\u0107, ilustracja, sztuka autorstwa ( ( artgerm ) ) ) i grega rutkowskiego! i ( ( alphonse mucha ) ), pod silnym wp\u0142ywem franka frazetty i borisa vallejo, miecz i<\/li>\n\n\n\n<li class=\"\">pi\u0119kna kobieta, noc, sci - fi, fantasy, misterna, elegancka, takato yamamoto, niebieska sukienka, magiczna, bardzo szczeg\u00f3\u0142owa, digital painting, artstation, concept art, smooth,b sharp focus, ilustracja, art by artgerm and greg rutkowski and alphonse mucha<\/li>\n\n\n\n<li class=\"\">pi\u0119kna kobieta\uff0cdu\u017ce cycki na pla\u017cy, relaksuj\u0105ca, eteryczna, rozmarzona, pod\u015bwietlana, bardzo szczeg\u00f3\u0142owa, realistyczne o\u015bwietlenie, ostra ostro\u015b\u0107, zasada tr\u00f3jpodzia\u0142u, artgerm, wlop, arney freytag, rossdraws, frank frazetta, andrei riabovitchev, hd, octane, 4 k,<\/li>\n\n\n\n<li class=\"\">pi\u0119kna kobieta\uff0cdu\u017ce cycki, kochanka domme, steampunk, nie\u015bmia\u0142a u\u015bmiechni\u0119ta, 4k, osza\u0142amiaj\u0105cy render 3d inspirowany sztuk\u0105 Prenza Cusharta i WLOP\uff0cMatowy obraz, arcydzie\u0142o | Alphonse Mucha\uff0ctrendy na artstation i pixiv\uff0cMa\u0142o szczeg\u00f3\u0142\u00f3w<\/li>\n\n\n\n<li class=\"\">pi\u0119kna kobieta, noc, z gwiazdami, misterny, elegancki, bardzo szczeg\u00f3\u0142owy, digital painting, artstation, concept art, g\u0142adki, ostro\u015b\u0107, ilustracja, sztuka autorstwa ( ( artgerm ) ) ) i grega rutkowskiego! i ( ( alphonse mucha ) ), pod silnym wp\u0142ywem franka frazetty i borisa vallejo, miecz<\/li>\n<\/ul>\n\n\n\n<figure class=\"gb-block-image gb-block-image-032aac41\"><a href=\"https:\/\/fas.st\/t\/9U4PYbm7\" target=\"_blank\" rel=\"noopener noreferrer\"><img data-recalc-dims=\"1\" decoding=\"async\" loading=\"lazy\" width=\"1200\" height=\"365\" class=\"gb-image gb-image-032aac41\" src=\"https:\/\/i0.wp.com\/aiartfree.online\/wp-content\/uploads\/2025\/03\/WX20250307-115412%402x.webp?resize=1200%2C365&#038;ssl=1\" alt=\"\" title=\"WX20250307-115412@2x\" srcset=\"https:\/\/i0.wp.com\/aiartfree.online\/wp-content\/uploads\/2025\/03\/WX20250307-115412%402x.webp?w=1942&amp;ssl=1 1942w, https:\/\/i0.wp.com\/aiartfree.online\/wp-content\/uploads\/2025\/03\/WX20250307-115412%402x.webp?resize=300%2C91&amp;ssl=1 300w, https:\/\/i0.wp.com\/aiartfree.online\/wp-content\/uploads\/2025\/03\/WX20250307-115412%402x.webp?resize=1024%2C312&amp;ssl=1 1024w, https:\/\/i0.wp.com\/aiartfree.online\/wp-content\/uploads\/2025\/03\/WX20250307-115412%402x.webp?resize=768%2C234&amp;ssl=1 768w, https:\/\/i0.wp.com\/aiartfree.online\/wp-content\/uploads\/2025\/03\/WX20250307-115412%402x.webp?resize=1536%2C467&amp;ssl=1 1536w, https:\/\/i0.wp.com\/aiartfree.online\/wp-content\/uploads\/2025\/03\/WX20250307-115412%402x.webp?resize=18%2C5&amp;ssl=1 18w, https:\/\/i0.wp.com\/aiartfree.online\/wp-content\/uploads\/2025\/03\/WX20250307-115412%402x.webp?resize=600%2C183&amp;ssl=1 600w\" sizes=\"auto, (max-width: 1200px) 100vw, 1200px\" \/><\/a><\/figure>\n\n\n\n<p class=\"\"><em>* W zale\u017cno\u015bci od szybko\u015bci \u0142\u0105cza internetowego \u0142adowanie modelu mo\u017ce potrwa\u0107 kilka sekund.<br>* Podczas ci\u0105g\u0142ego generowania nast\u0105pi buforowanie, a nowy obraz pojawi si\u0119 po oko\u0142o 3 sekundach.<\/em><\/p>\n\n\n\n<div class=\"iframe-wrapper\" style=\"position: relative; width: 100%; height: 1600px;\">\n  <div class=\"loading\" style=\"position: absolute; top: 50px; left: 50%; transform: translate(-50%, -50%); width: 40px; height: 40px; border: 3px solid #f0f0f0; border-top: 3px solid #db7093; border-radius: 50%; animation: spin 1s linear infinite;\"><\/div>\n  <iframe loading=\"lazy\" src=\"https:\/\/cagliostrolab-animagine-xl-3-1.hf.space\" frameborder=\"0\" width=\"100%\" height=\"100%\" style=\"position: absolute; top: 0; left: 0; opacity: 0; transition: opacity 0.3s;\" onload=\"this.style.opacity=1;this.previousElementSibling.style.display='none';\"><\/iframe>\n<\/div>\n\n<style>\n@keyframes spin {\n  0% { transform: translate(-50%, -50%) rotate(0deg); }\n  100% { transform: translate(-50%, -50%) rotate(360deg); }\n}\n<\/style>\n\n\n\n<div style=\"height:50px\" aria-hidden=\"true\" class=\"wp-block-spacer\"><\/div>\n\n\n\n<h2 class=\"wp-block-heading\">Wprowadzenie do Anime AI Generator<\/h2>\n\n\n\n<p class=\"\">Generatory anime AI rewolucjonizuj\u0105 spos\u00f3b, w jaki tworzymy sztuk\u0119 w stylu anime, wykorzystuj\u0105c zaawansowane algorytmy sztucznej inteligencji. Narz\u0119dzia te mog\u0105 przekszta\u0142ca\u0107 zdj\u0119cia w obrazy anime, generowa\u0107 unikalne postacie anime i wiele wi\u0119cej. W tym artykule dowiemy si\u0119, czym s\u0105 generatory anime AI, jakie s\u0105 ich zalety i jak skutecznie z nich korzysta\u0107.<\/p>\n\n\n\n<figure class=\"wp-block-image size-large is-resized\"><img data-recalc-dims=\"1\" decoding=\"async\" width=\"1024\" height=\"829\"   loading=\"lazy\" src=\"https:\/\/i0.wp.com\/aiartfree.online\/wp-content\/uploads\/2024\/07\/WX120240719-122659%402x-1-1-1.jpg?resize=1024%2C829&#038;ssl=1\" alt=\"Generator anime AI\" class=\"wp-image-2952\" style=\"width:630px;height:auto\" srcset=\"https:\/\/i0.wp.com\/aiartfree.online\/wp-content\/uploads\/2024\/07\/WX120240719-122659%402x-1-1-1.jpg?resize=1024%2C829&amp;ssl=1 1024w, https:\/\/i0.wp.com\/aiartfree.online\/wp-content\/uploads\/2024\/07\/WX120240719-122659%402x-1-1-1.jpg?resize=300%2C243&amp;ssl=1 300w, https:\/\/i0.wp.com\/aiartfree.online\/wp-content\/uploads\/2024\/07\/WX120240719-122659%402x-1-1-1.jpg?resize=768%2C622&amp;ssl=1 768w, https:\/\/i0.wp.com\/aiartfree.online\/wp-content\/uploads\/2024\/07\/WX120240719-122659%402x-1-1-1.jpg?resize=1536%2C1244&amp;ssl=1 1536w, https:\/\/i0.wp.com\/aiartfree.online\/wp-content\/uploads\/2024\/07\/WX120240719-122659%402x-1-1-1.jpg?resize=2048%2C1659&amp;ssl=1 2048w, https:\/\/i0.wp.com\/aiartfree.online\/wp-content\/uploads\/2024\/07\/WX120240719-122659%402x-1-1-1.jpg?resize=15%2C12&amp;ssl=1 15w, https:\/\/i0.wp.com\/aiartfree.online\/wp-content\/uploads\/2024\/07\/WX120240719-122659%402x-1-1-1.jpg?resize=600%2C486&amp;ssl=1 600w\" sizes=\"auto, (max-width: 1024px) 100vw, 1024px\" \/><\/figure>\n\n\n\n<h3 class=\"wp-block-heading\">Spis tre\u015bci<\/h3>\n\n\n\n<ol class=\"wp-block-list\">\n<li class=\"\"><a href=\"#what-is-an-anime-ai-generator\">Czym jest generator sztucznej inteligencji anime?<\/a><\/li>\n\n\n\n<li class=\"\"><a href=\"#why-use-an-anime-ai-generator\">Dlaczego warto korzysta\u0107 z generatora anime AI?<\/a><\/li>\n\n\n\n<li class=\"\"><a href=\"#benefits-of-using-an-anime-ai-generator\">Korzy\u015bci z korzystania z generatora sztucznej inteligencji anime<\/a><\/li>\n\n\n\n<li class=\"\"><a href=\"#when-to-use-an-anime-ai-generator\">Kiedy u\u017cywa\u0107 generatora sztucznej inteligencji anime?<\/a><\/li>\n\n\n\n<li class=\"\"><a href=\"#who-should-use-an-anime-ai-generator\">Kto powinien korzysta\u0107 z generatora anime AI?<\/a><\/li>\n\n\n\n<li class=\"\"><a href=\"#anime-ai-generator-tools-and-information\">Narz\u0119dzia i informacje generatora anime AI<\/a><\/li>\n\n\n\n<li class=\"\"><a href=\"#frequently-asked-questions\">Cz\u0119sto zadawane pytania<\/a><\/li>\n\n\n\n<li class=\"\"><a href=\"#conclusion\">Wnioski<\/a><\/li>\n<\/ol>\n\n\n\n<h3 class=\"wp-block-heading\">Czym jest generator sztucznej inteligencji anime?<\/h3>\n\n\n\n<p class=\"\">Generator anime AI to narz\u0119dzie wykorzystuj\u0105ce zaawansowane algorytmy sztucznej inteligencji do tworzenia obraz\u00f3w w stylu anime na podstawie r\u00f3\u017cnych danych wej\u015bciowych, takich jak zdj\u0119cia lub podpowiedzi tekstowe. Wykorzystuj\u0105c techniki uczenia maszynowego, generatory te mog\u0105 szybko i wydajnie tworzy\u0107 wysokiej jako\u015bci stylizowane grafiki anime.<\/p>\n\n\n\n<h3 class=\"wp-block-heading\">Dlaczego warto korzysta\u0107 z generatora anime AI?<\/h3>\n\n\n\n<p class=\"\">Generatory anime AI s\u0105 niezb\u0119dne dla ka\u017cdego, kto chce tworzy\u0107 grafik\u0119 w stylu anime bez konieczno\u015bci posiadania zaawansowanych umiej\u0119tno\u015bci artystycznych. Narz\u0119dzia te mog\u0105 by\u0107 wykorzystywane do osobistych projekt\u00f3w AI, generowania grafiki AI dla medi\u00f3w spo\u0142eczno\u015bciowych, a nawet do cel\u00f3w profesjonalnych w projektowaniu gier i animacji.<\/p>\n\n\n\n<h3 class=\"wp-block-heading\">Korzy\u015bci z korzystania z generatora sztucznej inteligencji anime<\/h3>\n\n\n\n<ul class=\"wp-block-list\">\n<li class=\"\"><strong>Wydajno\u015b\u0107<\/strong>: Szybko generuje wysokiej jako\u015bci obrazy anime.<\/li>\n\n\n\n<li class=\"\"><strong>Kreatywno\u015b\u0107<\/strong>: Pozwala na unikaln\u0105 i spersonalizowan\u0105 grafik\u0119 anime.<\/li>\n\n\n\n<li class=\"\"><strong>Dost\u0119pno\u015b\u0107<\/strong>: Sprawia, \u017ce tworzenie sztuki anime jest dost\u0119pne dla nie-artyst\u00f3w.<\/li>\n\n\n\n<li class=\"\"><strong>Op\u0142acalno\u015b\u0107<\/strong>: Zmniejsza potrzeb\u0119 korzystania z drogiego oprogramowania artystycznego lub zatrudniania artyst\u00f3w.<\/li>\n\n\n\n<li class=\"\"><strong>Wszechstronno\u015b\u0107<\/strong>: Mo\u017ce by\u0107 u\u017cywany do r\u00f3\u017cnych cel\u00f3w, od projekt\u00f3w osobistych po profesjonalne.<\/li>\n<\/ul>\n\n\n\n<h3 class=\"wp-block-heading\">Kiedy u\u017cywa\u0107 generatora sztucznej inteligencji anime?<\/h3>\n\n\n\n<p class=\"\">Generatory anime AI s\u0105 idealne w kilku scenariuszach:<\/p>\n\n\n\n<ul class=\"wp-block-list\">\n<li class=\"\"><strong>Tworzenie sztuki osobistej<\/strong>: Dla zabawy lub jako hobby.<\/li>\n\n\n\n<li class=\"\"><strong>Tre\u015bci w mediach spo\u0142eczno\u015bciowych<\/strong>: Generowanie unikalnych tre\u015bci dla platform medi\u00f3w spo\u0142eczno\u015bciowych.<\/li>\n\n\n\n<li class=\"\"><strong>Projektowanie gier<\/strong>: Tworzenie postaci i scen do gier wideo.<\/li>\n\n\n\n<li class=\"\"><strong>Projekty animacji<\/strong>: Produkcja element\u00f3w do projekt\u00f3w animacji.<\/li>\n\n\n\n<li class=\"\"><strong>Marketing<\/strong>: Tworzenie materia\u0142\u00f3w promocyjnych i anga\u017cuj\u0105cych wizualizacji.<\/li>\n<\/ul>\n\n\n\n<h3 class=\"wp-block-heading\">Kto powinien z niego korzysta\u0107?<\/h3>\n\n\n\n<p class=\"\">Odpowiedni dla:<\/p>\n\n\n\n<ul class=\"wp-block-list\">\n<li class=\"\"><strong>Arty\u015bci<\/strong>: Chc\u0105 rozszerzy\u0107 sw\u00f3j zestaw narz\u0119dzi.<\/li>\n\n\n\n<li class=\"\"><strong>Osoby nieb\u0119d\u0105ce artystami<\/strong>: Ch\u0119\u0107 tworzenia sztuki anime bez intensywnego szkolenia.<\/li>\n\n\n\n<li class=\"\"><strong>Tw\u00f3rcy gier<\/strong>: Potrzebne zasoby do gier.<\/li>\n\n\n\n<li class=\"\"><strong>Tw\u00f3rcy tre\u015bci<\/strong>: Poszukiwanie anga\u017cuj\u0105cych wizualizacji dla swoich platform.<\/li>\n\n\n\n<li class=\"\"><strong>Specjali\u015bci ds. marketingu<\/strong>: Tworzenie atrakcyjnych tre\u015bci promocyjnych.<\/li>\n<\/ul>\n\n\n\n<h3 class=\"wp-block-heading\">Narz\u0119dzia i informacje generatora anime AI<\/h3>\n\n\n\n<p class=\"\">Poni\u017cej znajduje si\u0119 tabela podsumowuj\u0105ca najlepsze narz\u0119dzia Anime AI Generator, ich zalety, wady i nie tylko:<\/p>\n\n\n\n<figure class=\"wp-block-table\"><table class=\"has-fixed-layout\"><thead><tr><th>Narz\u0119dzie\/strona internetowa<\/th><th>Plusy<\/th><th>Wady<\/th><th>Zalety<\/th><th>Wyzwania<\/th><th>Zalecenia<\/th><\/tr><\/thead><tbody><tr><td><a href=\"https:\/\/aiartfree.online\/pl\/generator-anime-ai\/\" target=\"_blank\" rel=\"noreferrer noopener\">AIArtFree<\/a><\/td><td>Darmowy, \u0142atwy w u\u017cyciu<\/td><td>Ograniczone funkcje<\/td><td>\u015awietne dla pocz\u0105tkuj\u0105cych<\/td><td>Wymaga dost\u0119pu do Internetu<\/td><td>Najlepsze do szybkich projekt\u00f3w<\/td><\/tr><tr><td><a href=\"https:\/\/deepart.io\" rel=\"nofollow noopener\" target=\"_blank\">DeepArt<\/a><\/td><td>Wyj\u015bcie wysokiej jako\u015bci<\/td><td>Wymaga subskrypcji<\/td><td>Profesjonalne wyniki<\/td><td>Drogie<\/td><td>Najlepsze do powa\u017cnych projekt\u00f3w<\/td><\/tr><tr><td><a href=\"https:\/\/artbreeder.com\" rel=\"nofollow noopener\" target=\"_blank\">Artbreeder<\/a><\/td><td>Wsp\u00f3\u0142praca, wszechstronno\u015b\u0107<\/td><td>Krzywa uczenia si\u0119<\/td><td>Kreatywna elastyczno\u015b\u0107<\/td><td>Z\u0142o\u017cony interfejs<\/td><td>Najlepsze do wsp\u00f3\u0142pracy artystycznej<\/td><\/tr><tr><td><a href=\"https:\/\/toonme.com\" rel=\"nofollow noopener\" target=\"_blank\">ToonMe<\/a><\/td><td>Prosty, zabawny<\/td><td>Reklamy w wersji darmowej<\/td><td>\u015awietny do medi\u00f3w spo\u0142eczno\u015bciowych<\/td><td>Ograniczone style<\/td><td>Najlepsze do codziennego u\u017cytku<\/td><\/tr><tr><td><a href=\"https:\/\/nudeai.beauty\/en\/nude-anime\/\" data-type=\"link\" data-id=\"https:\/\/nudeai.beauty\/en\/nude-anime\/\" target=\"_blank\" rel=\"noreferrer noopener\">Anime Labs<\/a><\/td><td>Konfigurowalne postacie<\/td><td>Ograniczone do dziewczyn z anime<\/td><td>Wysoka szczeg\u00f3\u0142owo\u015b\u0107<\/td><td>Koncentracja na niszy<\/td><td>Najlepsze do tworzenia postaci<\/td><\/tr><tr><td><a>PaintsChainer<\/a><\/td><td>Darmowy, wszechstronny<\/td><td>Japo\u0144ski interfejs<\/td><td>Automatyczne kolorowanie<\/td><td>Bariera j\u0119zykowa<\/td><td>Najlepsze do automatycznego kolorowania<\/td><\/tr><tr><td><a href=\"https:\/\/crypko.ai\" rel=\"nofollow noopener\" target=\"_blank\">Crypko<\/a><\/td><td>Profesjonalne twarze anime<\/td><td>Wymaga token\u00f3w<\/td><td>Szczeg\u00f3\u0142owe wyniki<\/td><td>System token\u00f3w<\/td><td>Najlepsze dla rys\u00f3w twarzy<\/td><\/tr><tr><td><a href=\"https:\/\/pixiv.net\" rel=\"nofollow noopener\" target=\"_blank\">Pixiv<\/a><\/td><td>Du\u017ca spo\u0142eczno\u015b\u0107<\/td><td>Wymaga cz\u0142onkostwa<\/td><td>Rozbudowane zasoby<\/td><td>Przyt\u0142aczaj\u0105cy<\/td><td>Najlepsze dla sztuki spo\u0142eczno\u015bciowej<\/td><\/tr><tr><td><a href=\"https:\/\/www.thiswaifudoesnotexist.net\" rel=\"nofollow noopener\" target=\"_blank\">Ta Waifu nie istnieje<\/a><\/td><td>Unikalne waifus<\/td><td>Ograniczona personalizacja<\/td><td>Niesko\u0144czona r\u00f3\u017cnorodno\u015b\u0107<\/td><td>Szczeg\u00f3lny nacisk<\/td><td>Najlepsze dla wyj\u0105tkowych twarzy<\/td><\/tr><tr><td><a href=\"https:\/\/gansketch.com\" rel=\"nofollow noopener\" target=\"_blank\">GanSketch<\/a><\/td><td>Generowanie w czasie rzeczywistym<\/td><td>Wersja beta<\/td><td>Szybkie wyniki<\/td><td>Etap rozwoju<\/td><td>Najlepsze do eksperyment\u00f3w<\/td><\/tr><\/tbody><\/table><\/figure>\n\n\n\n<p class=\"\"><strong>Najlepsze narz\u0119dzie: <a href=\"https:\/\/aiartfree.online\/pl\/generator-anime-ai\/\">AIArtFree<\/a><\/strong><\/p>\n\n\n\n<h3 class=\"wp-block-heading\">Cz\u0119sto zadawane pytania<\/h3>\n\n\n\n<p class=\"\"><strong>P: Jaki jest najlepszy generator AI dla pocz\u0105tkuj\u0105cych?<\/strong> O: AIArtFree jest zalecany dla pocz\u0105tkuj\u0105cych ze wzgl\u0119du na \u0142atwo\u015b\u0107 obs\u0142ugi i bezp\u0142atny dost\u0119p.<\/p>\n\n\n\n<p class=\"\"><strong>P: Czy mog\u0119 u\u017cywa\u0107 generatora AI Anime do cel\u00f3w komercyjnych?<\/strong> O: Tak, wiele generator\u00f3w sztucznej inteligencji Anime mo\u017ce by\u0107 wykorzystywanych w projektach komercyjnych, ale konieczne jest sprawdzenie szczeg\u00f3\u0142owych warunk\u00f3w \u015bwiadczenia us\u0142ug dla ka\u017cdego narz\u0119dzia.<\/p>\n\n\n\n<p class=\"\"><strong>P: Jak dzia\u0142aj\u0105 generatory sztucznej inteligencji anime?<\/strong> O: U\u017cywaj\u0105 algorytm\u00f3w uczenia maszynowego wyszkolonych na du\u017cych zbiorach danych sztuki anime do generowania nowych obraz\u00f3w na podstawie danych wprowadzanych przez u\u017cytkownika.<\/p>\n\n\n\n<p class=\"\"><strong>P: Czy generatory sztucznej inteligencji Anime s\u0105 darmowe?<\/strong> O: Niekt\u00f3re narz\u0119dzia s\u0105 darmowe, jak AIArtFree, podczas gdy inne mog\u0105 wymaga\u0107 subskrypcji lub zakupu.<\/p>\n\n\n\n<p class=\"\"><strong>P: Jakich typ\u00f3w wej\u015b\u0107 mog\u0119 u\u017cywa\u0107 z generatorem SI Anime?<\/strong> O: Typowe dane wej\u015bciowe obejmuj\u0105 zdj\u0119cia, szkice i podpowiedzi tekstowe.<\/p>\n\n\n\n<p class=\"\"><strong>P: Czy mog\u0119 dostosowa\u0107 wygenerowane obrazy anime?<\/strong> O: Tak, wi\u0119kszo\u015b\u0107 generator\u00f3w oferuje opcje dostosowywania stylu i funkcji generowanej grafiki.<\/p>\n\n\n\n<p class=\"\"><strong>P: Jaka jest r\u00f3\u017cnica mi\u0119dzy generatorem obraz\u00f3w AI a generatorem AI anime?<\/strong> O: Generator anime AI jest specjalnie zaprojektowany do tworzenia obraz\u00f3w w stylu anime, podczas gdy og\u00f3lny generator obraz\u00f3w AI mo\u017ce tworzy\u0107 r\u00f3\u017cne style.<\/p>\n\n\n\n<p class=\"\"><strong>P: Czy potrzebuj\u0119 jakich\u015b specjalnych umiej\u0119tno\u015bci, by korzysta\u0107 z generatora anime AI?<\/strong> O: Nie, te narz\u0119dzia zosta\u0142y zaprojektowane tak, aby by\u0142y przyjazne dla u\u017cytkownika i dost\u0119pne dla ka\u017cdego.<\/p>\n\n\n\n<p class=\"\"><strong>P: Jak d\u0142ugo trwa wygenerowanie obrazu anime?<\/strong> O: Czas generowania r\u00f3\u017cni si\u0119 w zale\u017cno\u015bci od narz\u0119dzia, ale zazwyczaj wynosi od kilku sekund do kilku minut.<\/p>\n\n\n\n<p class=\"\"><strong>P: Czy mog\u0119 wygenerowa\u0107 postacie anime do mojej gry za pomoc\u0105 generatora AI Anime?<\/strong> O: Tak, narz\u0119dzia te doskonale nadaj\u0105 si\u0119 do tworzenia postaci i innych zasob\u00f3w do gier wideo.<\/p>\n\n\n\n<h3 class=\"wp-block-heading\">Wnioski<\/h3>\n\n\n\n<p class=\"\">Generatory anime AI to pot\u0119\u017cne narz\u0119dzia do \u0142atwego tworzenia dzie\u0142 sztuki w stylu anime. Niezale\u017cnie od tego, czy jeste\u015b profesjonalnym artyst\u0105, czy hobbyst\u0105, te generatory mog\u0105 pom\u00f3c ci o\u017cywi\u0107 twoje kreatywne wizje. Aby uzyska\u0107 najlepsze wra\u017cenia, spr\u00f3buj u\u017cy\u0107 <a href=\"https:\/\/aiartfree.online\/pl\/generator-anime-ai\/\">AIArtFree<\/a> aby pozna\u0107 \u015bwiat anime generowanego przez sztuczn\u0105 inteligencj\u0119.<\/p>","protected":false},"excerpt":{"rendered":"<p>Before vs After How to use Anime AI Generator Prompt Examples *&nbsp;Depending on your internet speed, loading the model may take a few seconds.* There will be caching during continuous generation, and the new image will appear after about 3 seconds. Introduction of Anime AI Generator Anime AI Generators are revolutionizing the way we create &#8230; <a title=\"Generator anime AI\" class=\"read-more\" href=\"https:\/\/aiartfree.online\/pl\/generator-anime-ai\/\" aria-label=\"Read more about Anime AI Generator\">Dowiedz si\u0119 wi\u0119cej<\/a><\/p>","protected":false},"author":1,"featured_media":0,"parent":0,"menu_order":0,"comment_status":"open","ping_status":"closed","template":"","meta":{"nf_dc_page":"","footnotes":""},"class_list":["post-2876","page","type-page","status-publish"],"jetpack_sharing_enabled":true,"_links":{"self":[{"href":"https:\/\/aiartfree.online\/pl\/wp-json\/wp\/v2\/pages\/2876","targetHints":{"allow":["GET"]}}],"collection":[{"href":"https:\/\/aiartfree.online\/pl\/wp-json\/wp\/v2\/pages"}],"about":[{"href":"https:\/\/aiartfree.online\/pl\/wp-json\/wp\/v2\/types\/page"}],"author":[{"embeddable":true,"href":"https:\/\/aiartfree.online\/pl\/wp-json\/wp\/v2\/users\/1"}],"replies":[{"embeddable":true,"href":"https:\/\/aiartfree.online\/pl\/wp-json\/wp\/v2\/comments?post=2876"}],"version-history":[{"count":1,"href":"https:\/\/aiartfree.online\/pl\/wp-json\/wp\/v2\/pages\/2876\/revisions"}],"predecessor-version":[{"id":3595,"href":"https:\/\/aiartfree.online\/pl\/wp-json\/wp\/v2\/pages\/2876\/revisions\/3595"}],"wp:attachment":[{"href":"https:\/\/aiartfree.online\/pl\/wp-json\/wp\/v2\/media?parent=2876"}],"curies":[{"name":"wp","href":"https:\/\/api.w.org\/{rel}","templated":true}]}}