{"id":2853,"date":"2024-07-17T13:47:43","date_gmt":"2024-07-17T13:47:43","guid":{"rendered":"https:\/\/aiartfree.online\/?page_id=2853"},"modified":"2024-07-20T09:39:23","modified_gmt":"2024-07-20T09:39:23","slug":"free-pixar-ai-generator","status":"publish","type":"page","link":"https:\/\/aiartfree.online\/pl\/darmowy-generator-pixar-ai\/","title":{"rendered":"Darmowy generator sztucznej inteligencji Pixar"},"content":{"rendered":"<h2 class=\"wp-block-heading\">Jak korzysta\u0107 z darmowego generatora sztucznej inteligencji Pixar?<\/h2>\n\n\n\n<ol class=\"wp-block-list\">\n<li class=\"\">Wprowadzanie podpowiedzi<\/li>\n\n\n\n<li class=\"\">Kliknij \"Uruchom\"<\/li>\n\n\n\n<li class=\"\">Czekaj, to jest to!<\/li>\n<\/ol>\n\n\n\n<p class=\"\"><em>* W zale\u017cno\u015bci od szybko\u015bci \u0142\u0105cza internetowego \u0142adowanie modelu mo\u017ce potrwa\u0107 kilka sekund.<br>* Podczas ci\u0105g\u0142ego generowania nast\u0105pi buforowanie, a nowy obraz pojawi si\u0119 po oko\u0142o 3 sekundach.<\/em><\/p>\n\n\n\n<h3 class=\"wp-block-heading\">Przyk\u0142adowe dane wej\u015bciowe<\/h3>\n\n\n\n<ul class=\"wp-block-list\">\n<li class=\"\">M\u0142ody m\u0119\u017cczyzna z jasnobr\u0105zowymi falistymi w\u0142osami i jasnobr\u0105zowymi oczami siedzi w fotelu i patrzy prosto w kamer\u0119, styl pixar, disney pixar, t\u0142o biurowe, bardzo szczeg\u00f3\u0142owe, 1 m\u0119\u017cczyzna<\/li>\n\n\n\n<li class=\"\">Kresk\u00f3wka 3D s\u0142oneczny jasny obraz w stylu Pixar : super bohater : pe\u0142ny kostium : kinowy -ar 68:128 -stylize 750 -v 5.2<\/li>\n\n\n\n<li class=\"\">Obraz 3d, urocza dziewczynka, w stylu Pixar, -ar 1:2, -stylize 750.<\/li>\n<\/ul>\n\n\n\n<div style=\"text-align: center; border: 2px solid; border-image-source: linear-gradient(to right, #16b86c, #912899); border-image-slice: 1; box-shadow: 0 0 10px rgba(0, 0, 0, 0.1); border-radius: 15px;\">\n  <iframe loading=\"lazy\"\n    src=\"https:\/\/ucanbaklava-stablediffusionapi-disney-pixar-cartoon.hf.space\"\n    frameborder=\"0\"\n    width=\"800\"\n    height=\"500\"\n    style=\"display: inline-block; margin: 0 auto;\"\n  ><\/iframe>\n<\/div>\n\n\n\n<div style=\"height:50px\" aria-hidden=\"true\" class=\"wp-block-spacer\"><\/div>\n\n\n\n<h2 class=\"wp-block-heading\" id=\"introduction-of-free-online-pixar-ai-generator\"><strong>Wprowadzenie darmowego generatora AI Pixar<\/strong><\/h2>\n\n\n\n<figure class=\"wp-block-image size-full is-resized\"><img data-recalc-dims=\"1\" decoding=\"async\" width=\"938\" height=\"626\"   loading=\"lazy\" src=\"https:\/\/i0.wp.com\/aiartfree.online\/wp-content\/uploads\/2024\/07\/WX20240717-174206%402x.jpg?resize=938%2C626&#038;ssl=1\" alt=\"Darmowy generator Pixar AI online\" class=\"wp-image-2852\" style=\"width:530px;height:auto\" srcset=\"https:\/\/i0.wp.com\/aiartfree.online\/wp-content\/uploads\/2024\/07\/WX20240717-174206%402x.jpg?w=938&amp;ssl=1 938w, https:\/\/i0.wp.com\/aiartfree.online\/wp-content\/uploads\/2024\/07\/WX20240717-174206%402x.jpg?resize=300%2C200&amp;ssl=1 300w, https:\/\/i0.wp.com\/aiartfree.online\/wp-content\/uploads\/2024\/07\/WX20240717-174206%402x.jpg?resize=768%2C513&amp;ssl=1 768w, https:\/\/i0.wp.com\/aiartfree.online\/wp-content\/uploads\/2024\/07\/WX20240717-174206%402x.jpg?resize=18%2C12&amp;ssl=1 18w, https:\/\/i0.wp.com\/aiartfree.online\/wp-content\/uploads\/2024\/07\/WX20240717-174206%402x.jpg?resize=600%2C400&amp;ssl=1 600w\" sizes=\"auto, (max-width: 938px) 100vw, 938px\" \/><\/figure>\n\n\n\n<h3 class=\"wp-block-heading\" id=\"what-is-a-free-online-pixar-ai-generator\"><a href=\"https:\/\/dromerosm-groq-llama3.hf.space\/#what-is-a-free-online-pixar-ai-generator\" target=\"_blank\" rel=\"noopener\"><\/a><strong>Czym jest darmowy generator sztucznej inteligencji Pixar?<\/strong><\/h3>\n\n\n\n<p class=\"\">Darmowy internetowy generator Pixar AI to narz\u0119dzie, kt\u00f3re pozwala u\u017cytkownikom generowa\u0107 dzie\u0142a sztuki w stylu Pixar przy u\u017cyciu sztucznej inteligencji (AI) bez \u017cadnych koszt\u00f3w finansowych. Ta innowacyjna technologia wykorzystuje algorytmy uczenia maszynowego do tworzenia osza\u0142amiaj\u0105cych animacji i obraz\u00f3w przypominaj\u0105cych ukochane filmy Pixara.<\/p>\n\n\n\n<p class=\"\"><strong>Spis tre\u015bci<\/strong><\/p>\n\n\n\n<ol class=\"wp-block-list\">\n<li class=\"\"><a href=\"https:\/\/dromerosm-groq-llama3.hf.space\/#what-is-a-free-online-pixar-ai-generator\" target=\"_blank\" rel=\"noopener\">Czym jest darmowy generator Pixar AI online?<\/a><\/li>\n\n\n\n<li class=\"\"><a href=\"https:\/\/dromerosm-groq-llama3.hf.space\/#why-use-a-free-online-pixar-ai-generator\" target=\"_blank\" rel=\"noopener\">Dlaczego warto korzysta\u0107 z darmowego generatora Pixar AI online?<\/a><\/li>\n\n\n\n<li class=\"\"><a href=\"https:\/\/dromerosm-groq-llama3.hf.space\/#benefits-of-using-a-free-online-pixar-ai-generator\" target=\"_blank\" rel=\"noopener\">Korzy\u015bci z korzystania z darmowego generatora Pixar AI online<\/a><\/li>\n\n\n\n<li class=\"\"><a href=\"https:\/\/dromerosm-groq-llama3.hf.space\/#when-to-use-a-free-online-pixar-ai-generator\" target=\"_blank\" rel=\"noopener\">Kiedy korzysta\u0107 z darmowego generatora Pixar AI online?<\/a><\/li>\n\n\n\n<li class=\"\"><a href=\"https:\/\/dromerosm-groq-llama3.hf.space\/#who-can-benefit-from-a-free-online-pixar-ai-generator\" target=\"_blank\" rel=\"noopener\">Kto mo\u017ce skorzysta\u0107 z darmowego generatora Pixar AI online?<\/a><\/li>\n\n\n\n<li class=\"\"><a href=\"https:\/\/dromerosm-groq-llama3.hf.space\/#related-information-and-tools\" target=\"_blank\" rel=\"noopener\">Powi\u0105zane informacje i narz\u0119dzia<\/a><\/li>\n\n\n\n<li class=\"\"><a href=\"https:\/\/dromerosm-groq-llama3.hf.space\/#faqs\" target=\"_blank\" rel=\"noopener\">Najcz\u0119\u015bciej zadawane pytania<\/a><\/li>\n<\/ol>\n\n\n\n<h3 class=\"wp-block-heading\" id=\"why-use-a-free-online-pixar-ai-generator\"><a href=\"https:\/\/dromerosm-groq-llama3.hf.space\/#why-use-a-free-online-pixar-ai-generator\" target=\"_blank\" rel=\"noopener\"><\/a><strong>Dlaczego warto korzysta\u0107 z darmowego generatora sztucznej inteligencji Pixar?<\/strong><\/h3>\n\n\n\n<p class=\"\">Wraz z rosn\u0105cym zapotrzebowaniem na wysokiej jako\u015bci wizualizacje w r\u00f3\u017cnych bran\u017cach, darmowy internetowy generator Pixar AI mo\u017ce by\u0107 prze\u0142omem. Narz\u0119dzie to umo\u017cliwia tworzenie osza\u0142amiaj\u0105cych animacji i obraz\u00f3w bez konieczno\u015bci posiadania rozleg\u0142ego do\u015bwiadczenia w projektowaniu graficznym. Dodatkowo oszcz\u0119dza czas i zasoby, co czyni go atrakcyjn\u0105 opcj\u0105 dla zapracowanych profesjonalist\u00f3w i przedsi\u0119biorc\u00f3w.<\/p>\n\n\n\n<h3 class=\"wp-block-heading\" id=\"benefits-of-using-a-free-online-pixar-ai-generator\"><a href=\"https:\/\/dromerosm-groq-llama3.hf.space\/#benefits-of-using-a-free-online-pixar-ai-generator\" target=\"_blank\" rel=\"noopener\"><\/a><strong>Korzy\u015bci z korzystania z darmowego generatora sztucznej inteligencji Pixar<\/strong><\/h3>\n\n\n\n<p class=\"\">Niekt\u00f3re z korzy\u015bci p\u0142yn\u0105cych z korzystania z darmowego generatora Pixar AI online obejmuj\u0105:<\/p>\n\n\n\n<ul class=\"wp-block-list\">\n<li class=\"\"><strong>Op\u0142acalno\u015b\u0107<\/strong>: Nie trzeba wydawa\u0107 pieni\u0119dzy na drogie oprogramowanie do projektowania graficznego ani zatrudnia\u0107 profesjonalnego projektanta.<\/li>\n\n\n\n<li class=\"\"><strong>Oszcz\u0119dno\u015b\u0107 czasu<\/strong>: Szybkie generowanie wysokiej jako\u015bci wizualizacji przy minimalnym wysi\u0142ku.<\/li>\n\n\n\n<li class=\"\"><strong>Dost\u0119pno\u015b\u0107<\/strong>: Do korzystania z narz\u0119dzia nie jest wymagane wcze\u015bniejsze do\u015bwiadczenie w projektowaniu graficznym.<\/li>\n\n\n\n<li class=\"\"><strong>Elastyczno\u015b\u0107<\/strong>: Mo\u017ce by\u0107 wykorzystywany do r\u00f3\u017cnych cel\u00f3w, takich jak media spo\u0142eczno\u015bciowe, reklama i edukacja.<\/li>\n<\/ul>\n\n\n\n<h3 class=\"wp-block-heading\" id=\"when-to-use-a-free-online-pixar-ai-generator\"><a href=\"https:\/\/dromerosm-groq-llama3.hf.space\/#when-to-use-a-free-online-pixar-ai-generator\" target=\"_blank\" rel=\"noopener\"><\/a><strong>Kiedy u\u017cywa\u0107 darmowego generatora AI Pixar?<\/strong><\/h3>\n\n\n\n<p class=\"\">Darmowy internetowy generator Pixar AI mo\u017ce by\u0107 u\u017cywany w r\u00f3\u017cnych scenariuszach, w tym:<\/p>\n\n\n\n<ul class=\"wp-block-list\">\n<li class=\"\"><strong>Marketing w mediach spo\u0142eczno\u015bciowych<\/strong>: Tworzenie anga\u017cuj\u0105cych wizualizacji na potrzeby kampanii w mediach spo\u0142eczno\u015bciowych.<\/li>\n\n\n\n<li class=\"\"><strong>Reklama<\/strong>: Opracowywanie przyci\u0105gaj\u0105cych wzrok reklam na potrzeby promocji online i offline.<\/li>\n\n\n\n<li class=\"\"><strong>Edukacja<\/strong>: Wykorzystaj narz\u0119dzie do tworzenia materia\u0142\u00f3w edukacyjnych, takich jak filmy i infografiki.<\/li>\n\n\n\n<li class=\"\"><strong>Tworzenie tre\u015bci<\/strong>: Generowanie wizualizacji do post\u00f3w na blogu, film\u00f3w i innych tre\u015bci online.<\/li>\n<\/ul>\n\n\n\n<h3 class=\"wp-block-heading\" id=\"who-can-benefit-from-a-free-online-pixar-ai-generator\"><a href=\"https:\/\/dromerosm-groq-llama3.hf.space\/#who-can-benefit-from-a-free-online-pixar-ai-generator\" target=\"_blank\" rel=\"noopener\"><\/a><strong>Kto mo\u017ce skorzysta\u0107 z darmowego generatora sztucznej inteligencji Pixar?<\/strong><\/h3>\n\n\n\n<p class=\"\">Osoby z r\u00f3\u017cnych bran\u017c i zawod\u00f3w mog\u0105 skorzysta\u0107 z darmowego generatora AI Pixar online, w tym:<\/p>\n\n\n\n<ul class=\"wp-block-list\">\n<li class=\"\"><strong>Marketerzy<\/strong>: Tworzenie anga\u017cuj\u0105cych wizualizacji na potrzeby medi\u00f3w spo\u0142eczno\u015bciowych i kampanii reklamowych.<\/li>\n\n\n\n<li class=\"\"><strong>Nauczyciele<\/strong>: Opracowanie interaktywnych i anga\u017cuj\u0105cych materia\u0142\u00f3w edukacyjnych.<\/li>\n\n\n\n<li class=\"\"><strong>Tw\u00f3rcy tre\u015bci<\/strong>: Generowanie wysokiej jako\u015bci wizualizacji do post\u00f3w na blogu, film\u00f3w i innych tre\u015bci online.<\/li>\n\n\n\n<li class=\"\"><strong>Przedsi\u0119biorcy<\/strong>: U\u017cyj tego narz\u0119dzia do tworzenia osza\u0142amiaj\u0105cych wizualizacji na potrzeby promocji biznesowych i reklam.<\/li>\n<\/ul>\n\n\n\n<h3 class=\"wp-block-heading\" id=\"related-information-and-tools\"><a href=\"https:\/\/dromerosm-groq-llama3.hf.space\/#related-information-and-tools\" target=\"_blank\" rel=\"noopener\"><\/a><strong>Powi\u0105zane informacje i narz\u0119dzia<\/strong><\/h3>\n\n\n\n<p class=\"\">Oto 10 stron internetowych, kt\u00f3re dostarczaj\u0105 informacji i narz\u0119dzi zwi\u0105zanych z darmowymi generatorami Pixar AI online:<\/p>\n\n\n\n<figure class=\"wp-block-table\"><table class=\"has-fixed-layout\"><thead><tr><th>Strona internetowa<\/th><th>Opis<\/th><\/tr><\/thead><tbody><tr><td><a href=\"https:\/\/aiartfree.online\/pl\/free-online-pixar-ai-generator\/\" target=\"_blank\" rel=\"noreferrer noopener\">aiartfree.online<\/a><\/td><td>Oferuje darmowy internetowy generator Pixar AI z r\u00f3\u017cnymi szablonami i projektami.<\/td><\/tr><tr><td><a href=\"https:\/\/pix2pix.io\/\" target=\"_blank\" rel=\"noreferrer noopener nofollow\">pix2pix.io<\/a><\/td><td>Platforma wykorzystuj\u0105ca sztuczn\u0105 inteligencj\u0119 do generowania obraz\u00f3w na podstawie szkic\u00f3w.<\/td><\/tr><tr><td><a href=\"https:\/\/deepdreamgenerator.com\/\" target=\"_blank\" rel=\"noreferrer noopener nofollow\">deepdreamgenerator.com<\/a><\/td><td>Narz\u0119dzie internetowe wykorzystuj\u0105ce sztuczn\u0105 inteligencj\u0119 do generowania surrealistycznych obraz\u00f3w.<\/td><\/tr><tr><td><a href=\"https:\/\/www.artbreeder.com\/\" target=\"_blank\" rel=\"noreferrer noopener nofollow\">artbreeder.com<\/a><\/td><td>Platforma, kt\u00f3ra pozwala u\u017cytkownikom tworzy\u0107 i rozwija\u0107 oryginalne dzie\u0142a sztuki przy u\u017cyciu sztucznej inteligencji.<\/td><\/tr><tr><td><a href=\"https:\/\/ganbreeder.app\/\" target=\"_blank\" rel=\"noreferrer noopener nofollow\">ganbreeder.app<\/a><\/td><td>Narz\u0119dzie internetowe wykorzystuj\u0105ce sztuczn\u0105 inteligencj\u0119 do generowania grafiki.<\/td><\/tr><tr><td><a href=\"https:\/\/prism.app\/\" target=\"_blank\" rel=\"noreferrer noopener nofollow\">prism.app<\/a><\/td><td>Platforma oferuj\u0105ca narz\u0119dzia projektowe oparte na sztucznej inteligencji, w tym generator w stylu Pixar.<\/td><\/tr><tr><td><a href=\"https:\/\/adicraft.org\/\" target=\"_blank\" rel=\"noreferrer noopener nofollow\">adicraft.org<\/a><\/td><td>Organizacja non-profit, kt\u00f3ra zapewnia narz\u0119dzia projektowe oparte na sztucznej inteligencji, w tym generator w stylu Pixar.<\/td><\/tr><tr><td><a href=\"https:\/\/aiartist.io\/\" target=\"_blank\" rel=\"noreferrer noopener nofollow\">aiartist.io<\/a><\/td><td>Platforma oferuj\u0105ca narz\u0119dzia projektowe oparte na sztucznej inteligencji, w tym generator w stylu Pixar.<\/td><\/tr><tr><td><a href=\"https:\/\/ai-generated-art.org\/\" target=\"_blank\" rel=\"noreferrer noopener nofollow\">_AI-generated-art.org<\/a><\/td><td>Strona internetowa zawieraj\u0105ca informacje i zasoby dotycz\u0105ce sztuki generowanej przez sztuczn\u0105 inteligencj\u0119.<\/td><\/tr><tr><td><a href=\"https:\/\/generative-art.org\/\" target=\"_blank\" rel=\"noreferrer noopener nofollow\">generative-art.org<\/a><\/td><td>Strona internetowa zawieraj\u0105ca informacje i zasoby dotycz\u0105ce sztuki generatywnej.<\/td><\/tr><\/tbody><\/table><\/figure>\n\n\n\n<p class=\"\"><strong>Zalety, wady, mocne i s\u0142abe strony oraz zalecenia<\/strong><\/p>\n\n\n\n<ul class=\"wp-block-list\">\n<li class=\"\"><strong>Zalety<\/strong>: Op\u0142acalno\u015b\u0107, oszcz\u0119dno\u015b\u0107 czasu, dost\u0119pno\u015b\u0107 i elastyczno\u015b\u0107.<\/li>\n\n\n\n<li class=\"\"><strong>Wady<\/strong>: Ograniczone opcje dostosowywania, zale\u017cno\u015b\u0107 od algorytm\u00f3w sztucznej inteligencji i potencjalne problemy z jako\u015bci\u0105.<\/li>\n\n\n\n<li class=\"\"><strong>Mocne strony<\/strong>: Mo\u017ce generowa\u0107 wysokiej jako\u015bci wizualizacje, idealne dla zapracowanych profesjonalist\u00f3w i przedsi\u0119biorc\u00f3w.<\/li>\n\n\n\n<li class=\"\"><strong>S\u0142abe strony<\/strong>: Mo\u017ce wymaga\u0107 pewnej wiedzy w zakresie projektowania graficznego, ograniczonej kontroli nad wynikami.<\/li>\n\n\n\n<li class=\"\"><strong>Zalecenie<\/strong>: Skorzystaj z renomowanej platformy internetowej, takiej jak aiartfree.online, aby uzyska\u0107 wysokiej jako\u015bci wizualizacje w stylu Pixar.<\/li>\n<\/ul>\n\n\n\n<h3 class=\"wp-block-heading\" id=\"faqs\"><a href=\"https:\/\/dromerosm-groq-llama3.hf.space\/#faqs\" target=\"_blank\" rel=\"noopener\"><\/a><strong>Najcz\u0119\u015bciej zadawane pytania<\/strong><\/h3>\n\n\n\n<ol class=\"wp-block-list\">\n<li class=\"\"><strong>P: Czy darmowy generator Pixar AI jest \u0142atwy w u\u017cyciu?<\/strong>&nbsp;O: Tak, wi\u0119kszo\u015b\u0107 platform online oferuje przyjazne dla u\u017cytkownika interfejsy, kt\u00f3re wymagaj\u0105 minimalnego do\u015bwiadczenia w projektowaniu graficznym.<\/li>\n\n\n\n<li class=\"\"><strong>P: Czy mog\u0119 dostosowa\u0107 dane wyj\u015bciowe darmowego generatora AI Pixar?<\/strong>&nbsp;O: Tak, wi\u0119kszo\u015b\u0107 platform oferuje opcje dostosowywania, takie jak schematy kolor\u00f3w i szablony.<\/li>\n\n\n\n<li class=\"\"><strong>P: Czy darmowe generatory sztucznej inteligencji Pixar s\u0105 tylko dla profesjonalist\u00f3w?<\/strong>&nbsp;O: Nie, ka\u017cdy mo\u017ce korzysta\u0107 z tych narz\u0119dzi, w tym osoby fizyczne, przedsi\u0119biorcy i nauczyciele.<\/li>\n\n\n\n<li class=\"\"><strong>P: Czy mog\u0119 u\u017cywa\u0107 darmowego generatora Pixar AI do cel\u00f3w komercyjnych?<\/strong>&nbsp;O: Tak, wi\u0119kszo\u015b\u0107 platform zezwala na wykorzystanie komercyjne, ale nale\u017cy sprawdzi\u0107 warunki.<\/li>\n\n\n\n<li class=\"\"><strong>P: Jak d\u0142ugo trwa wygenerowanie obrazu przy u\u017cyciu darmowego generatora Pixar AI?<\/strong>&nbsp;O: Czas przetwarzania r\u00f3\u017cni si\u0119 w zale\u017cno\u015bci od platformy i z\u0142o\u017cono\u015bci projektu.<\/li>\n\n\n\n<li class=\"\"><strong>P: Czy mog\u0119 przes\u0142a\u0107 w\u0142asne obrazy do darmowego generatora Pixar AI?<\/strong>&nbsp;O: Tak, niekt\u00f3re platformy umo\u017cliwiaj\u0105 u\u017cytkownikom przesy\u0142anie w\u0142asnych obraz\u00f3w do edycji i ulepszania.<\/li>\n\n\n\n<li class=\"\"><strong>P: Czy darmowe generatory Pixar AI online s\u0105 drogie?<\/strong>&nbsp;O: Nie, wi\u0119kszo\u015b\u0107 platform oferuje bezp\u0142atne lub tanie us\u0142ugi, a niekt\u00f3re oferuj\u0105 funkcje premium za op\u0142at\u0105.<\/li>\n\n\n\n<li class=\"\"><strong>P: Czy mog\u0119 u\u017cywa\u0107 darmowego generatora Pixar AI do cel\u00f3w edukacyjnych?<\/strong>&nbsp;O: Tak, wiele platform oferuje zasoby i narz\u0119dzia edukacyjne dla uczni\u00f3w i nauczycieli.<\/li>\n\n\n\n<li class=\"\"><strong>P: Jak dzia\u0142a darmowy generator Pixar AI online?<\/strong>&nbsp;O: Narz\u0119dzia te wykorzystuj\u0105 algorytmy uczenia maszynowego do generowania obraz\u00f3w na podstawie danych wprowadzonych przez u\u017cytkownika i szablon\u00f3w projektowych.<\/li>\n\n\n\n<li class=\"\"><strong>P: Czy darmowy generator Pixar AI online nadaje si\u0119 do marketingu w mediach spo\u0142eczno\u015bciowych?<\/strong>&nbsp;O: Tak, narz\u0119dzia te mo\u017cna wykorzysta\u0107 do tworzenia anga\u017cuj\u0105cych wizualizacji na potrzeby kampanii w mediach spo\u0142eczno\u015bciowych.<\/li>\n<\/ol>","protected":false},"excerpt":{"rendered":"<p>How to use the Free Pixar AI Generator *&nbsp;Depending on your internet speed, loading the model may take a few seconds.* There will be caching during continuous generation, and the new image will appear after about 3 seconds. Example Input Introduction of Free Pixar AI Generator What is a Free Pixar AI Generator? A Free &#8230; <a title=\"Darmowy generator sztucznej inteligencji Pixar\" class=\"read-more\" href=\"https:\/\/aiartfree.online\/pl\/darmowy-generator-pixar-ai\/\" aria-label=\"Read more about Free Pixar AI Generator\">Dowiedz si\u0119 wi\u0119cej<\/a><\/p>","protected":false},"author":1,"featured_media":0,"parent":0,"menu_order":0,"comment_status":"open","ping_status":"closed","template":"","meta":{"nf_dc_page":"","footnotes":""},"class_list":["post-2853","page","type-page","status-publish"],"jetpack_sharing_enabled":true,"_links":{"self":[{"href":"https:\/\/aiartfree.online\/pl\/wp-json\/wp\/v2\/pages\/2853","targetHints":{"allow":["GET"]}}],"collection":[{"href":"https:\/\/aiartfree.online\/pl\/wp-json\/wp\/v2\/pages"}],"about":[{"href":"https:\/\/aiartfree.online\/pl\/wp-json\/wp\/v2\/types\/page"}],"author":[{"embeddable":true,"href":"https:\/\/aiartfree.online\/pl\/wp-json\/wp\/v2\/users\/1"}],"replies":[{"embeddable":true,"href":"https:\/\/aiartfree.online\/pl\/wp-json\/wp\/v2\/comments?post=2853"}],"version-history":[{"count":0,"href":"https:\/\/aiartfree.online\/pl\/wp-json\/wp\/v2\/pages\/2853\/revisions"}],"wp:attachment":[{"href":"https:\/\/aiartfree.online\/pl\/wp-json\/wp\/v2\/media?parent=2853"}],"curies":[{"name":"wp","href":"https:\/\/api.w.org\/{rel}","templated":true}]}}