{"id":2807,"date":"2022-05-10T20:36:42","date_gmt":"2022-05-10T19:36:42","guid":{"rendered":"https:\/\/gp-inbound.wordifysites.com\/?page_id=82"},"modified":"2024-07-18T10:49:06","modified_gmt":"2024-07-18T10:49:06","slug":"contact-free-ai-art-generator","status":"publish","type":"page","link":"https:\/\/aiartfree.online\/pl\/kontakt-darmowy-generator-grafiki-ai\/","title":{"rendered":"Kontakt"},"content":{"rendered":"<figure class=\"gb-block-image gb-block-image-6abc9adb\"><img data-recalc-dims=\"1\" decoding=\"async\" loading=\"lazy\" width=\"1200\" height=\"675\" class=\"gb-image gb-image-6abc9adb\" src=\"https:\/\/i0.wp.com\/aiartfree.online\/wp-content\/uploads\/2023\/03\/map.jpg?resize=1200%2C675&#038;ssl=1\" alt=\"\" title=\"mapa\" srcset=\"https:\/\/i0.wp.com\/aiartfree.online\/wp-content\/uploads\/2023\/03\/map.jpg?w=1980&amp;ssl=1 1980w, https:\/\/i0.wp.com\/aiartfree.online\/wp-content\/uploads\/2023\/03\/map.jpg?resize=600%2C338&amp;ssl=1 600w, https:\/\/i0.wp.com\/aiartfree.online\/wp-content\/uploads\/2023\/03\/map.jpg?resize=300%2C169&amp;ssl=1 300w, https:\/\/i0.wp.com\/aiartfree.online\/wp-content\/uploads\/2023\/03\/map.jpg?resize=1024%2C576&amp;ssl=1 1024w, https:\/\/i0.wp.com\/aiartfree.online\/wp-content\/uploads\/2023\/03\/map.jpg?resize=768%2C432&amp;ssl=1 768w, https:\/\/i0.wp.com\/aiartfree.online\/wp-content\/uploads\/2023\/03\/map.jpg?resize=1536%2C864&amp;ssl=1 1536w, https:\/\/i0.wp.com\/aiartfree.online\/wp-content\/uploads\/2023\/03\/map.jpg?resize=18%2C10&amp;ssl=1 18w\" sizes=\"auto, (max-width: 1200px) 100vw, 1200px\" \/><\/figure>\n\n\n<section class=\"gb-container gb-container-efcc007f\">\n\n<h2 class=\"gb-headline gb-headline-887ae2d8 gb-headline-text\">Skontaktuj si\u0119 z nami<\/h2>\n\n\n\n<p class=\"gb-headline gb-headline-c307d429 gb-headline-text\">Witamy w Free AI Art Generator, gdzie granice kreatywno\u015bci spotykaj\u0105 si\u0119 z moc\u0105 sztucznej inteligencji! \ud83e\udd16<br>Nasz\u0105 pasj\u0105 jest udost\u0119pnianie zaawansowanych algorytm\u00f3w i narz\u0119dzi sztucznej inteligencji ka\u017cdemu, umo\u017cliwiaj\u0105c artystom i tw\u00f3rcom generowanie osza\u0142amiaj\u0105cych obraz\u00f3w i dzie\u0142 sztuki generowanych przez sztuczn\u0105 inteligencj\u0119 za darmo. Dzi\u0119ki naszej najnowocze\u015bniejszej technologii mo\u017cesz odkrywa\u0107 \u015bwiat generatywnej sztucznej inteligencji, stabilnej dyfuzji i nie tylko, i uwolni\u0107 swoj\u0105 wyobra\u017ani\u0119 jak nigdy dot\u0105d.<\/p>\n\n\n<div class=\"gb-container gb-container-93e859dc\">\n<div class=\"gb-container gb-container-16e44cdc\">\n\n<h2 class=\"gb-headline gb-headline-387184d6 gb-headline-text\">Skontaktuj si\u0119 z nami, aby<\/h2>\n\n\n\n<ul class=\"wp-block-list\">\n<li class=\"\">Og\u00f3lne zapytania lub opinie na temat naszych narz\u0119dzi artystycznych i generator\u00f3w opartych na sztucznej inteligencji<\/li>\n\n\n\n<li class=\"\">Mo\u017cliwo\u015bci partnerstwa lub wsp\u00f3\u0142pracy<\/li>\n\n\n\n<li class=\"\">Wsparcie techniczne lub pomoc w tworzeniu dzie\u0142 generowanych przez sztuczn\u0105 inteligencj\u0119<\/li>\n\n\n\n<li class=\"\">Sugestie dotycz\u0105ce nowych funkcji lub algorytm\u00f3w AI do zintegrowania<\/li>\n\n\n\n<li class=\"\">Wszelkie inne pytania lub uwagi<\/li>\n<\/ul>\n\n\n\n<p class=\"gb-headline gb-headline-5b255efd\"><span class=\"gb-icon\"><svg viewbox=\"0 0 368.666 368.666\" xmlns=\"http:\/\/www.w3.org\/2000\/svg\"><path d=\"M184.333 0C102.011 0 35.037 66.974 35.037 149.297c0 33.968 11.132 65.959 32.193 92.515C94.5 276.195 173.8 357.833 177.164 361.291l7.169 7.375 7.17-7.374c3.363-3.459 82.688-85.116 109.963-119.51 21.042-26.534 32.164-58.515 32.164-92.485C333.63 66.974 266.656 0 184.333 0zm101.464 229.355c-21.957 27.687-80.921 89.278-101.463 110.581-20.54-21.302-79.482-82.875-101.434-110.552-18.23-22.984-27.863-50.677-27.863-80.087C55.037 78.002 113.039 20 184.333 20S313.63 78.002 313.63 149.297c0 29.411-9.625 57.095-27.833 80.058z\"><\/path><path d=\"M184.333 59.265c-48.729 0-88.374 39.645-88.374 88.374s39.644 88.374 88.374 88.374 88.374-39.644 88.374-88.374c.001-48.73-39.644-88.374-88.374-88.374zm0 156.748c-37.701 0-68.374-30.672-68.374-68.374s30.672-68.374 68.374-68.374 68.374 30.672 68.374 68.374c.001 37.701-30.673 68.374-68.374 68.374z\"><\/path><path d=\"m180.672 154.314-25.112-19.98-12.453 15.652 40.69 32.371 43.333-53.934-15.593-12.526z\"><\/path><\/svg><\/span><span class=\"gb-headline-text\">12 Princes Street, Edynburg, EH6 1AL, Wielka Brytania<\/span><\/p>\n\n<\/div>\n\n<div class=\"gb-container gb-container-d4701180\">\n\n<h3 class=\"gb-headline gb-headline-8c73a68a gb-headline-text\">Napisz do nas<\/h3>\n\n\n\n<p class=\"gb-headline gb-headline-b1839c0f gb-headline-text\">Chcieliby\u015bmy us\u0142ysze\u0107 od Ciebie! Niezale\u017cnie od tego, czy jeste\u015b artyst\u0105 szukaj\u0105cym inspiracji, firm\u0105 poszukuj\u0105c\u0105 innowacyjnych rozwi\u0105za\u0144, czy po prostu kim\u015b zafascynowanym skrzy\u017cowaniem sztuki i technologii, jeste\u015bmy tutaj, aby s\u0142ucha\u0107 i pomaga\u0107.<\/p>\n\n\n<div class=\"wpforms-container wpforms-container-full wpforms-block wpforms-block-f9bd5ff9-c080-4a61-b9d1-8c53773b3bdc wpforms-render-modern\" id=\"wpforms-2489\"><form id=\"wpforms-form-2489\" class=\"wpforms-validate wpforms-form\" data-formid=\"2489\" method=\"post\" enctype=\"multipart\/form-data\" action=\"\/pl\/wp-json\/wp\/v2\/pages\/2807\" data-token=\"5297f783885c807ff9921114f96bfa8a\" data-token-time=\"1776983399\" data-trp-original-action=\"\/pl\/wp-json\/wp\/v2\/pages\/2807\"><noscript class=\"wpforms-error-noscript\">Aby wype\u0142ni\u0107 ten formularz, w\u0142\u0105cz obs\u0142ug\u0119 JavaScript w przegl\u0105darce.<\/noscript><div id=\"wpforms-error-noscript\" style=\"display: none;\">Aby wype\u0142ni\u0107 ten formularz, w\u0142\u0105cz obs\u0142ug\u0119 JavaScript w przegl\u0105darce.<\/div><div class=\"wpforms-field-container\"><div id=\"wpforms-2489-field_0-container\" class=\"wpforms-field wpforms-field-name\" data-field-id=\"0\"><label class=\"wpforms-field-label\" for=\"wpforms-2489-field_0\">Nazwa <span class=\"wpforms-required-label\" aria-hidden=\"true\">*<\/span><\/label><input type=\"text\" id=\"wpforms-2489-field_0\" class=\"wpforms-field-medium wpforms-field-required\" name=\"wpforms[fields][0]\" aria-errormessage=\"wpforms-2489-field_0-error\" required><\/div><div id=\"wpforms-2489-field_1-container\" class=\"wpforms-field wpforms-field-email\" data-field-id=\"1\"><label class=\"wpforms-field-label\" for=\"wpforms-2489-field_1\">E-mail <span class=\"wpforms-required-label\" aria-hidden=\"true\">*<\/span><\/label><input type=\"email\" id=\"wpforms-2489-field_1\" class=\"wpforms-field-medium wpforms-field-required\" name=\"wpforms[fields][1]\" spellcheck=\"false\" aria-errormessage=\"wpforms-2489-field_1-error\" required><\/div><div id=\"wpforms-2489-field_2-container\" class=\"wpforms-field wpforms-field-textarea\" data-field-id=\"2\"><label class=\"wpforms-field-label\" for=\"wpforms-2489-field_2\">Komentarz lub wiadomo\u015b\u0107 <span class=\"wpforms-required-label\" aria-hidden=\"true\">*<\/span><\/label><textarea id=\"wpforms-2489-field_2\" class=\"wpforms-field-medium wpforms-field-required\" name=\"wpforms[fields][2]\" aria-errormessage=\"wpforms-2489-field_2-error\" required><\/textarea><\/div><\/div><!-- .wpforms-field-container --><div class=\"wpforms-submit-container\" ><input type=\"hidden\" name=\"wpforms[id]\" value=\"2489\"><input type=\"hidden\" name=\"page_title\" value=\"\"><input type=\"hidden\" name=\"page_url\" value=\"https:\/\/aiartfree.online\/pl\/wp-json\/wp\/v2\/pages\/2807\"><input type=\"hidden\" name=\"url_referer\" value=\"\"><button type=\"submit\" name=\"wpforms[submit]\" id=\"wpforms-submit-2489\" class=\"wpforms-submit\" data-alt-text=\"Sending...\" data-submit-text=\"Submit\" aria-live=\"assertive\" value=\"wpforms-submit\">Prze\u015blij<\/button><\/div><input type=\"hidden\" name=\"trp-form-language\" value=\"pl\"\/><\/form><\/div>  <!-- .wpforms-container -->\n<\/div>\n<\/div>\n\n\n<div style=\"height:40px\" aria-hidden=\"true\" class=\"wp-block-spacer\"><\/div>\n\n\n\n<h2 class=\"gb-headline gb-headline-f952b484 gb-headline-text\"><strong>Dlaczego warto wybra\u0107 darmowy generator grafiki AI?<\/strong><\/h2>\n\n\n\n<p class=\"has-text-align-center\">Nasze zaanga\u017cowanie w dostarczanie bezp\u0142atnych narz\u0119dzi i generator\u00f3w grafiki AI, w po\u0142\u0105czeniu z nasz\u0105 pasj\u0105 do innowacji i do\u015bwiadczenia u\u017cytkownika, wyr\u00f3\u017cnia nas na tle konkurencji. Dzi\u0119ki naszym najnowocze\u015bniejszym algorytmom sztucznej inteligencji i intuicyjnemu interfejsowi mo\u017cesz z \u0142atwo\u015bci\u0105 tworzy\u0107 osza\u0142amiaj\u0105ce grafiki generowane przez sztuczn\u0105 inteligencj\u0119, odkrywaj\u0105c pe\u0142ny potencja\u0142 podpowiedzi tekstowych, skalowania obrazu i nie tylko.<br><\/p>\n\n\n\n<div style=\"height:40px\" aria-hidden=\"true\" class=\"wp-block-spacer\"><\/div>\n\n\n\n<h2 class=\"gb-headline gb-headline-04a855f0 gb-headline-text\"><strong>Zacznij tworzy\u0107 z darmowym generatorem grafiki AI ju\u017c dzi\u015b!<\/strong><\/h2>\n\n\n\n<p class=\"has-text-align-center\">Odwied\u017a nasz\u0105 stron\u0119 <a href=\"https:\/\/aiartfree.online\/pl\/\" target=\"_blank\" data-type=\"page\" data-id=\"2853\" rel=\"noreferrer noopener\">strona g\u0142\u00f3wna<\/a> aby odkry\u0107 \u015bwiat darmowego generowania sztuki AI i odkry\u0107 niesko\u0144czone mo\u017cliwo\u015bci generowanych przez AI obraz\u00f3w, \u017cywych kolor\u00f3w i artystycznej ekspresji!<\/p>\n\n\n\n<p class=\"has-text-align-center\">Pami\u0119taj, \u017ce w Free AI Art Generator naszym celem jest wzmacnianie kreatywno\u015bci i przesuwanie granic tego, co jest mo\u017cliwe dzi\u0119ki narz\u0119dziom artystycznym opartym na sztucznej inteligencji. Skontaktuj si\u0119 z nami i stw\u00f3rzmy razem co\u015b niesamowitego! \ud83c\udfa8<\/p>\n\n\n\n<p class=\"has-text-align-center\">Ten szkic zawiera wymagane s\u0142owa kluczowe, zachowuj\u0105c naturalny przep\u0142yw i ton. Zach\u0119camy do modyfikowania go w razie potrzeby, aby pasowa\u0142 do g\u0142osu i stylu Twojej marki. Powodzenia z Twoj\u0105 stron\u0105! \ud83d\ude0a<\/p>\n\n<\/section>\n\n\n<p class=\"\"><\/p>","protected":false},"excerpt":{"rendered":"<p>Get in touch Welcome to Free AI Art Generator, where the boundaries of creativity meet the power of artificial intelligence! \ud83e\udd16We&#8217;re passionate about making advanced AI algorithms and tools accessible to everyone, empowering artists and creatives to generate stunning AI-generated images and artwork for free. With our cutting-edge technology, you can explore the world of &#8230; <a title=\"Kontakt\" class=\"read-more\" href=\"https:\/\/aiartfree.online\/pl\/kontakt-darmowy-generator-grafiki-ai\/\" aria-label=\"Read more about Contact Us\">Dowiedz si\u0119 wi\u0119cej<\/a><\/p>","protected":false},"author":1,"featured_media":0,"parent":0,"menu_order":0,"comment_status":"closed","ping_status":"closed","template":"","meta":{"nf_dc_page":"","footnotes":""},"class_list":["post-2807","page","type-page","status-publish"],"jetpack_sharing_enabled":true,"_links":{"self":[{"href":"https:\/\/aiartfree.online\/pl\/wp-json\/wp\/v2\/pages\/2807","targetHints":{"allow":["GET"]}}],"collection":[{"href":"https:\/\/aiartfree.online\/pl\/wp-json\/wp\/v2\/pages"}],"about":[{"href":"https:\/\/aiartfree.online\/pl\/wp-json\/wp\/v2\/types\/page"}],"author":[{"embeddable":true,"href":"https:\/\/aiartfree.online\/pl\/wp-json\/wp\/v2\/users\/1"}],"replies":[{"embeddable":true,"href":"https:\/\/aiartfree.online\/pl\/wp-json\/wp\/v2\/comments?post=2807"}],"version-history":[{"count":0,"href":"https:\/\/aiartfree.online\/pl\/wp-json\/wp\/v2\/pages\/2807\/revisions"}],"wp:attachment":[{"href":"https:\/\/aiartfree.online\/pl\/wp-json\/wp\/v2\/media?parent=2807"}],"curies":[{"name":"wp","href":"https:\/\/api.w.org\/{rel}","templated":true}]}}