{"id":3252,"date":"2024-07-25T12:50:56","date_gmt":"2024-07-25T12:50:56","guid":{"rendered":"https:\/\/aiartfree.online\/?page_id=3252"},"modified":"2024-08-02T11:07:26","modified_gmt":"2024-08-02T11:07:26","slug":"drawing-prompts","status":"publish","type":"page","link":"https:\/\/aiartfree.online\/nl\/snelle-galerij\/","title":{"rendered":"Tekenopdrachten"},"content":{"rendered":"<p class=\"has-text-align-center\">Drawing Prompt Gallery is een schat aan inspiratie en creativiteit, met AI-gegenereerde aanwijzingen om je verbeelding te stimuleren en je productiviteit te verhogen. Begin vandaag nog met het verkennen van eindeloze mogelijkheden!<\/p>\n\n\n\n<h2 class=\"wp-block-heading has-text-align-center\" id=\"what-our-users-made\">Wat onze gebruikers maakten<\/h2>\n\n\n\n<figure class=\"gb-block-image gb-block-image-1822da1f\"><img data-recalc-dims=\"1\" decoding=\"async\" loading=\"lazy\" width=\"1024\" height=\"758\" class=\"gb-image gb-image-1822da1f\" src=\"https:\/\/i0.wp.com\/aiartfree.online\/wp-content\/uploads\/2024\/07\/WX20240725-170230%402x-1024x758.webp?resize=1024%2C758&#038;ssl=1\" alt=\"Drawing Prompts Gallery is een schat aan inspiratie en creativiteit, met AI-gegenereerde aanwijzingen om je verbeelding te stimuleren en je productiviteit te verhogen.\" title=\"WX20240725-170230@2x\" srcset=\"https:\/\/i0.wp.com\/aiartfree.online\/wp-content\/uploads\/2024\/07\/WX20240725-170230%402x.jpg?resize=1024%2C758&amp;ssl=1 1024w, https:\/\/i0.wp.com\/aiartfree.online\/wp-content\/uploads\/2024\/07\/WX20240725-170230%402x.jpg?resize=300%2C222&amp;ssl=1 300w, https:\/\/i0.wp.com\/aiartfree.online\/wp-content\/uploads\/2024\/07\/WX20240725-170230%402x.jpg?resize=768%2C568&amp;ssl=1 768w, https:\/\/i0.wp.com\/aiartfree.online\/wp-content\/uploads\/2024\/07\/WX20240725-170230%402x.jpg?resize=16%2C12&amp;ssl=1 16w, https:\/\/i0.wp.com\/aiartfree.online\/wp-content\/uploads\/2024\/07\/WX20240725-170230%402x.jpg?resize=600%2C444&amp;ssl=1 600w, https:\/\/i0.wp.com\/aiartfree.online\/wp-content\/uploads\/2024\/07\/WX20240725-170230%402x.jpg?w=1162&amp;ssl=1 1162w\" sizes=\"auto, (max-width: 1024px) 100vw, 1024px\" \/><\/figure>\n\n\n\n<h3 class=\"wp-block-heading\" id=\"how-to-use-prompts-drawing-prompts-gallery\">Hoe gebruik je Prompts Tekenen Galerij<\/h3>\n\n\n\n<ol class=\"wp-block-list\">\n<li class=\"\">Klik op het pictogram rechtsboven in de afbeelding om de prompt te dupliceren<\/li>\n\n\n\n<li class=\"\">Scroll naar beneden of <a href=\"#maodian\" data-type=\"internal\" data-id=\"#maodian\">klik hier<\/a> om uw revolutionaire prompt voor de generatie te plakken<\/li>\n<\/ol>\n\n\n\n<div style=\"text-align: center; border: 2px solid; border-image-source: linear-gradient(to right, #16b86c, #912899); border-image-slice: 1; box-shadow: 0 0 10px rgba(0, 0, 0, 0.1); border-radius: 15px; position: relative;\">\n  <div id=\"loading\" style=\"position: absolute; top: 100px; left: 50%; transform: translate(-50%, -50%); z-index: 1000;\">\n    <div style=\"width: 50px; height: 50px; border: 5px solid #f3f3f3; border-top: 5px solid #16b86c; border-radius: 50%; animation: spin 1s linear infinite;\"><\/div>\n  <\/div>\n  <iframe loading=\"lazy\"\n    src=\"https:\/\/prithivmlmods-top-prompt-collection.static.hf.space\"\n    frameborder=\"0\"\n    width=\"100%\"\n    height=\"2600\"\n    style=\"display: inline-block; margin: 0 auto;\"\n    onload=\"document.getElementById('loading').style.display='none';\"\n  ><\/iframe>\n<\/div>\n\n<style>\n  @keyframes spin {\n    0% { transform: rotate(0deg); }\n    100% { transform: rotate(360deg); }\n  }\n<\/style>\n\n\n\n<div style=\"height:50px\" aria-hidden=\"true\" class=\"wp-block-spacer\"><\/div>\n\n\n\n<h2 class=\"wp-block-heading has-text-align-center\" id=\"free-stable-diffusion-3\">GRATIS Stabiele verspreiding 3<\/h2>\n\n\n\n<h3 class=\"wp-block-heading\" id=\"how-to-use-it\">Hoe te gebruiken<\/h3>\n\n\n\n<ol class=\"wp-block-list\">\n<li class=\"\">Voer uw aanwijzingen in<\/li>\n\n\n\n<li class=\"\">Klik op \"Uitvoeren\".<\/li>\n\n\n\n<li class=\"\">Wacht, dat is het!<\/li>\n\n\n\n<li class=\"\">Niet tevreden met het resultaat? <br><a href=\"https:\/\/aiartfree.online\/nl\/\" target=\"_blank\" rel=\"noreferrer noopener\">Klik om meer Gratis Online AI Art Generators te bekijken<\/a><\/li>\n<\/ol>\n\n\n\n<p class=\"\"><em>* Afhankelijk van je internetsnelheid kan het laden van het model enkele seconden duren.<br>* Er vindt caching plaats tijdens het continu genereren en de nieuwe afbeelding verschijnt na ongeveer 3 seconden.<\/em><\/p>\n\n\n\n<div style=\"text-align: center; border: 2px solid; border-image-source: linear-gradient(to right, #16b86c, #912899); border-image-slice: 1; box-shadow: 0 0 10px rgba(0, 0, 0, 0.1); border-radius: 20px;\">\n  <iframe loading=\"lazy\"\n    src=\"https:\/\/prodia-fast-stable-diffusion.hf.space\"\n    frameborder=\"0\"\n    width=\"1100\"\n    height=\"1260\"\n    style=\"display: inline-block; margin: 0 auto;\"\n  ><\/iframe>\n<\/div>\n\n\n\n<div style=\"height:80px\" aria-hidden=\"true\" class=\"wp-block-spacer\"><\/div>\n\n\n\n<h2 class=\"wp-block-heading has-text-align-center\" id=\"more-free-ai-image-generator\">Meer <a href=\"https:\/\/aiartfree.online\/nl\/gratis-ai-afbeelding-generator\/\" data-type=\"link\" data-id=\"https:\/\/aiartfree.online\/free-ai-image-generator\/\">Gratis AI Afbeelding Generator<\/a><\/h2>\n\n\n<div class=\"gb-grid-wrapper gb-grid-wrapper-060dec2f\">\n<div class=\"gb-grid-column gb-grid-column-04dcb2bb\"><div class=\"gb-container gb-container-04dcb2bb\">\n\n<figure class=\"gb-block-image gb-block-image-2373db5f\"><a href=\"https:\/\/aiartfree.online\/nl\/gratis-online-midjourney\/\" target=\"_blank\" rel=\"noopener noreferrer\"><img data-recalc-dims=\"1\" decoding=\"async\" loading=\"lazy\" width=\"1024\" height=\"768\" class=\"gb-image gb-image-2373db5f\" src=\"https:\/\/i0.wp.com\/aiartfree.online\/wp-content\/uploads\/2024\/07\/What-Is-Midjourney-AI-and-How-Does-It-Work-1.jpg?resize=1024%2C768&#038;ssl=1\" alt=\"Gratis online tussentijdse reis\" title=\"Wat-Is-Midjourney-AI-en-Hoe-Werkt-Het-1\" srcset=\"https:\/\/i0.wp.com\/aiartfree.online\/wp-content\/uploads\/2024\/07\/What-Is-Midjourney-AI-and-How-Does-It-Work-1.jpg?w=1024&amp;ssl=1 1024w, https:\/\/i0.wp.com\/aiartfree.online\/wp-content\/uploads\/2024\/07\/What-Is-Midjourney-AI-and-How-Does-It-Work-1.jpg?resize=600%2C450&amp;ssl=1 600w, https:\/\/i0.wp.com\/aiartfree.online\/wp-content\/uploads\/2024\/07\/What-Is-Midjourney-AI-and-How-Does-It-Work-1.jpg?resize=300%2C225&amp;ssl=1 300w, https:\/\/i0.wp.com\/aiartfree.online\/wp-content\/uploads\/2024\/07\/What-Is-Midjourney-AI-and-How-Does-It-Work-1.jpg?resize=768%2C576&amp;ssl=1 768w, https:\/\/i0.wp.com\/aiartfree.online\/wp-content\/uploads\/2024\/07\/What-Is-Midjourney-AI-and-How-Does-It-Work-1.jpg?resize=16%2C12&amp;ssl=1 16w\" sizes=\"auto, (max-width: 1024px) 100vw, 1024px\" \/><\/a><\/figure>\n\n\n\n<h3 class=\"gb-headline gb-headline-b94667ce gb-headline-text\">Gratis online tussentijdse reis<\/h3>\n\n\n\n<p class=\"gb-headline gb-headline-a433ec01 gb-headline-text\">Maak moeiteloos verbluffende AI-gegenereerde kunstwerken met Midjourney.<\/p>\n\n<\/div><\/div>\n\n<div class=\"gb-grid-column gb-grid-column-d389befc\"><div class=\"gb-container gb-container-d389befc\">\n\n<figure class=\"gb-block-image gb-block-image-e89bda53\"><a href=\"https:\/\/aiartfree.online\/nl\/gratis-online-stabiele-verspreiding-3\/\" target=\"_blank\" rel=\"noopener noreferrer\"><img data-recalc-dims=\"1\" decoding=\"async\" loading=\"lazy\" width=\"1200\" height=\"686\" class=\"gb-image gb-image-e89bda53\" src=\"https:\/\/i0.wp.com\/aiartfree.online\/wp-content\/uploads\/2024\/07\/image-90.jpg?resize=1200%2C686&#038;ssl=1\" alt=\"Gratis online stabiele diffusie 3\" title=\"beeld-90\" srcset=\"https:\/\/i0.wp.com\/aiartfree.online\/wp-content\/uploads\/2024\/07\/image-90.jpg?w=1344&amp;ssl=1 1344w, https:\/\/i0.wp.com\/aiartfree.online\/wp-content\/uploads\/2024\/07\/image-90.jpg?resize=600%2C343&amp;ssl=1 600w, https:\/\/i0.wp.com\/aiartfree.online\/wp-content\/uploads\/2024\/07\/image-90.jpg?resize=300%2C171&amp;ssl=1 300w, https:\/\/i0.wp.com\/aiartfree.online\/wp-content\/uploads\/2024\/07\/image-90.jpg?resize=1024%2C585&amp;ssl=1 1024w, https:\/\/i0.wp.com\/aiartfree.online\/wp-content\/uploads\/2024\/07\/image-90.jpg?resize=768%2C439&amp;ssl=1 768w, https:\/\/i0.wp.com\/aiartfree.online\/wp-content\/uploads\/2024\/07\/image-90.jpg?resize=18%2C10&amp;ssl=1 18w\" sizes=\"auto, (max-width: 1200px) 100vw, 1200px\" \/><\/a><\/figure>\n\n\n\n<h3 class=\"gb-headline gb-headline-adce07b4 gb-headline-text\">Stabiele verspreiding 3<\/h3>\n\n\n\n<p class=\"gb-headline gb-headline-499da18c gb-headline-text\">Gebruik Stable Diffusion 3 om afbeeldingen te maken met geavanceerde AI-algoritmes.<\/p>\n\n<\/div><\/div>\n\n<div class=\"gb-grid-column gb-grid-column-5c592b98\"><div class=\"gb-container gb-container-5c592b98\">\n\n<figure class=\".wp-block-image {  position: relative; overflow: hidden; } img max-width: 100%; transition: transform 0.3s; .wp-block-image:hover transform: scale(1.2); gb-block-image gb-block-image-357d3677\"><a href=\"https:\/\/aiartfree.online\/nl\/gratis-dalle-3\/\" target=\"_blank\" rel=\"noopener noreferrer\"><img data-recalc-dims=\"1\" decoding=\"async\" loading=\"lazy\" width=\"1200\" height=\"1200\" class=\"gb-image gb-image-357d3677 .wp-block-image {     position: relative;     overflow: hidden; } .wp-block-image img {     max-width: 100%;     transition: transform 0.3s; } .wp-block-image:hover img {     transform: scale(1.2); }\" src=\"https:\/\/i0.wp.com\/aiartfree.online\/wp-content\/uploads\/2024\/07\/avocado-square-1-1-1-1-1-1-1-1-1-1-1-1-1.jpg?resize=1200%2C1200&#038;ssl=1\" alt=\"Gratis online DALL-E 3\" title=\"avocado-vierkant (1) (1) (1) (1) (1) (1) (1) (1) (1) (1) (1) (1) (1) (1) (1)\" srcset=\"https:\/\/i0.wp.com\/aiartfree.online\/wp-content\/uploads\/2024\/07\/avocado-square-1-1-1-1-1-1-1-1-1-1-1-1-1.jpg?w=1792&amp;ssl=1 1792w, https:\/\/i0.wp.com\/aiartfree.online\/wp-content\/uploads\/2024\/07\/avocado-square-1-1-1-1-1-1-1-1-1-1-1-1-1.jpg?resize=300%2C300&amp;ssl=1 300w, https:\/\/i0.wp.com\/aiartfree.online\/wp-content\/uploads\/2024\/07\/avocado-square-1-1-1-1-1-1-1-1-1-1-1-1-1.jpg?resize=100%2C100&amp;ssl=1 100w, https:\/\/i0.wp.com\/aiartfree.online\/wp-content\/uploads\/2024\/07\/avocado-square-1-1-1-1-1-1-1-1-1-1-1-1-1.jpg?resize=600%2C600&amp;ssl=1 600w, https:\/\/i0.wp.com\/aiartfree.online\/wp-content\/uploads\/2024\/07\/avocado-square-1-1-1-1-1-1-1-1-1-1-1-1-1.jpg?resize=1024%2C1024&amp;ssl=1 1024w, https:\/\/i0.wp.com\/aiartfree.online\/wp-content\/uploads\/2024\/07\/avocado-square-1-1-1-1-1-1-1-1-1-1-1-1-1.jpg?resize=150%2C150&amp;ssl=1 150w, https:\/\/i0.wp.com\/aiartfree.online\/wp-content\/uploads\/2024\/07\/avocado-square-1-1-1-1-1-1-1-1-1-1-1-1-1.jpg?resize=768%2C768&amp;ssl=1 768w, https:\/\/i0.wp.com\/aiartfree.online\/wp-content\/uploads\/2024\/07\/avocado-square-1-1-1-1-1-1-1-1-1-1-1-1-1.jpg?resize=1536%2C1536&amp;ssl=1 1536w, https:\/\/i0.wp.com\/aiartfree.online\/wp-content\/uploads\/2024\/07\/avocado-square-1-1-1-1-1-1-1-1-1-1-1-1-1.jpg?resize=12%2C12&amp;ssl=1 12w\" sizes=\"auto, (max-width: 1200px) 100vw, 1200px\" \/><\/a><\/figure>\n\n\n\n<h3 class=\"gb-headline gb-headline-757b1ea4 gb-headline-text\">DALL-E 3<\/h3>\n\n\n\n<p class=\"gb-headline gb-headline-fe2eab63 gb-headline-text\">Ontdek de creatieve mogelijkheden met gratis online DALL-E 3.<\/p>\n\n<\/div><\/div>\n\n<div class=\"gb-grid-column gb-grid-column-f814b0e2\"><div class=\"gb-container gb-container-f814b0e2\">\n\n<figure class=\".wp-block-image {  position: relative; overflow: hidden; } img max-width: 100%; transition: transform 0.3s; .wp-block-image:hover transform: scale(1.2); gb-block-image gb-block-image-c52efc8e\"><a href=\"https:\/\/aiartfree.online\/nl\/bing-ai-afbeelding-generator\/\" target=\"_blank\" rel=\"noopener noreferrer\"><img data-recalc-dims=\"1\" decoding=\"async\" loading=\"lazy\" width=\"1024\" height=\"1024\" class=\"gb-image gb-image-c52efc8e .wp-block-image {     position: relative;     overflow: hidden; } .wp-block-image img {     max-width: 100%;     transition: transform 0.3s; } .wp-block-image:hover img {     transform: scale(1.2); }\" src=\"https:\/\/i0.wp.com\/aiartfree.online\/wp-content\/uploads\/2024\/07\/b9cb406d-bffd-446e-9f65-c20776dc6cda.jpg?resize=1024%2C1024&#038;ssl=1\" alt=\"\" title=\"b9cb406d-bffd-446e-9f65-c20776dc6cda\" srcset=\"https:\/\/i0.wp.com\/aiartfree.online\/wp-content\/uploads\/2024\/07\/b9cb406d-bffd-446e-9f65-c20776dc6cda.jpg?w=1024&amp;ssl=1 1024w, https:\/\/i0.wp.com\/aiartfree.online\/wp-content\/uploads\/2024\/07\/b9cb406d-bffd-446e-9f65-c20776dc6cda.jpg?resize=300%2C300&amp;ssl=1 300w, https:\/\/i0.wp.com\/aiartfree.online\/wp-content\/uploads\/2024\/07\/b9cb406d-bffd-446e-9f65-c20776dc6cda.jpg?resize=150%2C150&amp;ssl=1 150w, https:\/\/i0.wp.com\/aiartfree.online\/wp-content\/uploads\/2024\/07\/b9cb406d-bffd-446e-9f65-c20776dc6cda.jpg?resize=768%2C768&amp;ssl=1 768w, https:\/\/i0.wp.com\/aiartfree.online\/wp-content\/uploads\/2024\/07\/b9cb406d-bffd-446e-9f65-c20776dc6cda.jpg?resize=12%2C12&amp;ssl=1 12w, https:\/\/i0.wp.com\/aiartfree.online\/wp-content\/uploads\/2024\/07\/b9cb406d-bffd-446e-9f65-c20776dc6cda.jpg?resize=600%2C600&amp;ssl=1 600w, https:\/\/i0.wp.com\/aiartfree.online\/wp-content\/uploads\/2024\/07\/b9cb406d-bffd-446e-9f65-c20776dc6cda.jpg?resize=100%2C100&amp;ssl=1 100w\" sizes=\"auto, (max-width: 1024px) 100vw, 1024px\" \/><\/a><\/figure>\n\n\n\n<h3 class=\"gb-headline gb-headline-44aa6af8 gb-headline-text\">Bing AI-afbeeldinggenerator<\/h3>\n\n\n\n<p class=\"gb-headline gb-headline-27d06265 gb-headline-text\">Gebruik Bing AI Image Generator om verbluffende AI-gegenereerde afbeeldingen te maken met een eenvoudige tekstopdracht.<\/p>\n\n<\/div><\/div>\n<\/div>\n\n\n<div style=\"height:80px\" aria-hidden=\"true\" class=\"wp-block-spacer\"><\/div>\n\n\n\n<h2 class=\"wp-block-heading\" id=\"drawing-prompts-unleash-your-creativity-with-the-ultimate-free-tool\">Tekenopdrachten: Laat je creativiteit de vrije loop met het ultieme gratis hulpmiddel<\/h2>\n\n\n\n<div class=\"wp-block-rank-math-toc-block\" id=\"rank-math-toc\"><h3>Inhoudsopgave<\/h3><nav><ul><li><a href=\"#what-are-drawing-prompts\">Wat zijn tekenopdrachten?<\/a><\/li><li><a href=\"#why-use-drawing-prompts\">Waarom tekenopdrachten gebruiken?<\/a><\/li><li><a href=\"#key-features-of-drawing-prompt-generators\">Belangrijkste kenmerken van tekenbevelgeneratoren<\/a><\/li><li><a href=\"#random-prompt-generation\">Willekeurige promptgeneratie<\/a><\/li><li><a href=\"#customization-options\">Aanpassingsopties<\/a><\/li><li><a href=\"#daily-challenges\">Dagelijkse uitdagingen<\/a><\/li><li><a href=\"#community-sharing\">Gemeenschap delen<\/a><\/li><li><a href=\"#who-can-benefit-from-drawing-prompts\">Wie kan er baat hebben bij tekenopdrachten?<\/a><\/li><li><a href=\"#industries-using-drawing-prompts\">Industrie\u00ebn die tekenopdrachten gebruiken<\/a><\/li><li><a href=\"#how-to-use-drawing-prompts\">Hoe tekenopdrachten gebruiken<\/a><\/li><li><a href=\"#drawing-prompt-use-cases\">Gebruikscases voor tekenprompts<\/a><ul><li><a href=\"#art-education\">Kunstonderwijs<\/a><\/li><li><a href=\"#personal-growth\">Persoonlijke groei<\/a><\/li><li><a href=\"#social-media-challenges\">Uitdagingen voor sociale media<\/a><\/li><li><a href=\"#team-building\">Teambuilding<\/a><\/li><\/ul><\/li><li><a href=\"#drawing-prompt-industry-pros-cons-and-challenges\">Tekenstrookindustrie: Voors, tegens en uitdagingen<\/a><ul><li><a href=\"#pros\">Voordelen<\/a><\/li><li><a href=\"#cons\">Nadelen<\/a><\/li><li><a href=\"#challenges\">Uitdagingen<\/a><\/li><li><a href=\"#recommendations\">Aanbevelingen<\/a><\/li><\/ul><\/li><li><a href=\"#faq-about-drawing-prompts\">FAQ over tekenopdrachten<\/a><\/li><li><a href=\"#conclusion\">Conclusie<\/a><\/li><\/ul><\/nav><\/div>\n\n\n\n<h3 class=\"wp-block-heading\" id=\"what-are-drawing-prompts\">Wat zijn tekenopdrachten?<\/h3>\n\n\n\n<p class=\"\">Tekenaanzetten zijn creatieve suggesties of idee\u00ebn die kunstenaars inspireren om nieuwe kunstwerken te maken. Een tekenpromptgenerator is een hulpmiddel dat willekeurige tekenprompts geeft om de creativiteit aan te wakkeren en kunstenaars te helpen creatieve blokkades te overwinnen.<\/p>\n\n\n\n<h3 class=\"wp-block-heading\" id=\"why-use-drawing-prompts\">Waarom tekenopdrachten gebruiken?<\/h3>\n\n\n\n<p class=\"\">Het gebruik van tekenaanwijzingen biedt verschillende voordelen:<\/p>\n\n\n\n<ul class=\"wp-block-list\">\n<li class=\"\">Stimuleer creativiteit en overwin blokkades<\/li>\n\n\n\n<li class=\"\">Verruim je artistieke comfortzone<\/li>\n\n\n\n<li class=\"\">Oefen dagelijks tekenen met frisse idee\u00ebn<\/li>\n\n\n\n<li class=\"\">Verken nieuwe thema's en onderwerpen<\/li>\n\n\n\n<li class=\"\">Verbeter je artistieke vaardigheden door gevarieerde uitdagingen<\/li>\n<\/ul>\n\n\n\n<h3 class=\"wp-block-heading\" id=\"key-features-of-drawing-prompt-generators\">Belangrijkste kenmerken van tekenbevelgeneratoren<\/h3>\n\n\n\n<h3 class=\"wp-block-heading\" id=\"random-prompt-generation\">Willekeurige promptgeneratie<\/h3>\n\n\n\n<p class=\"\">Tekenidee\u00ebngenerators bieden onbeperkte, willekeurige kunstidee\u00ebn met \u00e9\u00e9n klik op een knop.<\/p>\n\n\n\n<h3 class=\"wp-block-heading\" id=\"customization-options\">Aanpassingsopties<\/h3>\n\n\n\n<p class=\"\">Met veel generatoren kunnen gebruikers thema's, stijlen of complexiteitsniveaus opgeven.<\/p>\n\n\n\n<h3 class=\"wp-block-heading\" id=\"daily-challenges\">Dagelijkse uitdagingen<\/h3>\n\n\n\n<p class=\"\">Sommige hulpmiddelen bieden dagelijkse tekenaanwijzingen om consequent oefenen aan te moedigen.<\/p>\n\n\n\n<h3 class=\"wp-block-heading\" id=\"community-sharing\">Gemeenschap delen<\/h3>\n\n\n\n<p class=\"\">Bepaalde platforms stellen gebruikers in staat om hun creaties te delen op basis van de aanwijzingen.<\/p>\n\n\n\n<h3 class=\"wp-block-heading\" id=\"who-can-benefit-from-drawing-prompts\">Wie kan er baat hebben bij tekenopdrachten?<\/h3>\n\n\n\n<p class=\"\">Tekenopdrachten zijn geschikt voor:<\/p>\n\n\n\n<ul class=\"wp-block-list\">\n<li class=\"\">Beginnende kunstenaars die hun vaardigheden willen verbeteren<\/li>\n\n\n\n<li class=\"\">Professionele illustratoren op zoek naar inspiratie<\/li>\n\n\n\n<li class=\"\">Kunststudenten oefenen technieken<\/li>\n\n\n\n<li class=\"\">Hobbyisten verkennen nieuwe artistieke stijlen<\/li>\n\n\n\n<li class=\"\">Iedereen die creativiteit wil ontwikkelen<\/li>\n<\/ul>\n\n\n\n<h3 class=\"wp-block-heading\" id=\"industries-using-drawing-prompts\">Industrie\u00ebn die tekenopdrachten gebruiken<\/h3>\n\n\n\n<p class=\"\">Tekenaanwijzingen vinden toepassingen in verschillende industrie\u00ebn:<\/p>\n\n\n\n<ul class=\"wp-block-list\">\n<li class=\"\">Grafisch ontwerp<\/li>\n\n\n\n<li class=\"\">Animatie en game-ontwikkeling<\/li>\n\n\n\n<li class=\"\">Reclame en marketing<\/li>\n\n\n\n<li class=\"\">Onderwijs en kunstzinnige therapie<\/li>\n\n\n\n<li class=\"\">Inhoud voor sociale media maken<\/li>\n<\/ul>\n\n\n\n<h3 class=\"wp-block-heading\" id=\"how-to-use-drawing-prompts\">Hoe tekenopdrachten gebruiken<\/h3>\n\n\n\n<ol class=\"wp-block-list\">\n<li class=\"\">Kies een tekenopdrachtgenerator<\/li>\n\n\n\n<li class=\"\">Een willekeurige prompt genereren<\/li>\n\n\n\n<li class=\"\">Stel een tijdslimiet in voor je tekensessie<\/li>\n\n\n\n<li class=\"\">Interpreteer de prompt creatief<\/li>\n\n\n\n<li class=\"\">Maak je kunstwerk gebaseerd op de prompt<\/li>\n\n\n\n<li class=\"\">Reflecteren op het proces en het resultaat<\/li>\n\n\n\n<li class=\"\">Deel je creatie indien gewenst<\/li>\n<\/ol>\n\n\n\n<h3 class=\"wp-block-heading\" id=\"drawing-prompt-use-cases\">Gebruikscases voor tekenprompts<\/h3>\n\n\n\n<h4 class=\"wp-block-heading\" id=\"art-education\">Kunstonderwijs<\/h4>\n\n\n\n<p class=\"\">Leerkrachten gebruiken aanwijzingen om leerlingen uit te dagen en hun vaardigheden te ontwikkelen. Als je vragen hebt, kun je deze stellen <a href=\"https:\/\/chatgpt4o.space\/\" data-type=\"link\" data-id=\"https:\/\/chatgpt4o.space\/\" target=\"_blank\" rel=\"noreferrer noopener\">gratis online chatten GPT 4o<\/a>.<\/p>\n\n\n\n<h4 class=\"wp-block-heading\" id=\"personal-growth\">Persoonlijke groei<\/h4>\n\n\n\n<p class=\"\">Kunstenaars gebruiken aanwijzingen om grenzen te verleggen en nieuwe stijlen te verkennen.<\/p>\n\n\n\n<h4 class=\"wp-block-heading\" id=\"social-media-challenges\">Uitdagingen voor sociale media<\/h4>\n\n\n\n<p class=\"\">Prompts inspireren tot virale tekenuitdagingen op platforms zoals Instagram.<\/p>\n\n\n\n<h4 class=\"wp-block-heading\" id=\"team-building\">Teambuilding<\/h4>\n\n\n\n<p class=\"\">Bedrijven gebruiken kunstopdrachten voor creatieve teambuildingoefeningen.<\/p>\n\n\n\n<h3 class=\"wp-block-heading\" id=\"drawing-prompt-industry-pros-cons-and-challenges\">Tekenstrookindustrie: Voors, tegens en uitdagingen<\/h3>\n\n\n\n<h4 class=\"wp-block-heading\" id=\"pros\">Voordelen<\/h4>\n\n\n\n<ul class=\"wp-block-list\">\n<li class=\"\">Stimuleert creativiteit en artistieke groei<\/li>\n\n\n\n<li class=\"\">Toegankelijk voor kunstenaars van alle niveaus<\/li>\n\n\n\n<li class=\"\">Bevordert online kunstgemeenschappen<\/li>\n<\/ul>\n\n\n\n<h4 class=\"wp-block-heading\" id=\"cons\">Nadelen<\/h4>\n\n\n\n<ul class=\"wp-block-list\">\n<li class=\"\">Dit kan leiden tot afhankelijkheid van externe inspiratie<\/li>\n\n\n\n<li class=\"\">Kan originele gedachten beperken als er te veel gebruik van wordt gemaakt<\/li>\n<\/ul>\n\n\n\n<h4 class=\"wp-block-heading\" id=\"challenges\">Uitdagingen<\/h4>\n\n\n\n<ul class=\"wp-block-list\">\n<li class=\"\">Een evenwicht vinden tussen specifieke vragen en ruimdenkendheid<\/li>\n\n\n\n<li class=\"\">Behoud van onmiddellijke kwaliteit en relevantie<\/li>\n\n\n\n<li class=\"\">Zich aanpassen aan veranderende artistieke trends<\/li>\n<\/ul>\n\n\n\n<h4 class=\"wp-block-heading\" id=\"recommendations\">Aanbevelingen<\/h4>\n\n\n\n<ul class=\"wp-block-list\">\n<li class=\"\">Integreer AI voor meer gepersonaliseerde prompts<\/li>\n\n\n\n<li class=\"\">Platformoverschrijdende compatibiliteit ontwikkelen<\/li>\n\n\n\n<li class=\"\">Gamification-elementen implementeren om de betrokkenheid te vergroten<\/li>\n<\/ul>\n\n\n\n<h3 class=\"wp-block-heading\" id=\"faq-about-drawing-prompts\">FAQ over tekenopdrachten<\/h3>\n\n\n\n<ol class=\"wp-block-list\">\n<li class=\"\">V: Wat is een tekenalarmgenerator? A: Een tekenpromptgenerator is een hulpmiddel dat willekeurige idee\u00ebn of suggesties geeft om kunstenaars te inspireren en hun creativiteit aan te wakkeren voor nieuwe tekeningen of kunstwerken.<\/li>\n\n\n\n<li class=\"\">V: Hoe kunnen tekenvragen mij helpen mijn kunstvaardigheden te verbeteren? A: Tekenopdrachten dagen je uit om onderwerpen te tekenen die buiten je comfortzone liggen, zodat je verschillende technieken kunt oefenen en je artistieke vaardigheden kunt uitbreiden.<\/li>\n\n\n\n<li class=\"\">V: Zijn er gratis tekeninstructies beschikbaar? A: Ja, er zijn verschillende gratis tekenpromptgenerators, met <a href=\"https:\/\/aiartfree.online\/nl\/snelle-galerij\/\">https:\/\/aiartfree.online\/drawing-prompts\/<\/a> is een topkeuze en biedt 100% gratis, onbeperkte prompts zonder dat je je hoeft aan te melden.<\/li>\n\n\n\n<li class=\"\">V: Kan ik tekenaanwijzingen gebruiken voor dagelijkse oefening? A: Absoluut! Veel kunstenaars gebruiken tekenaanwijzingen voor dagelijkse tekenuitdagingen om consistent te blijven en hun vaardigheden na verloop van tijd te verbeteren.<\/li>\n\n\n\n<li class=\"\">V: Hoe interpreteer ik een tekenopdracht? A: Interpreteer aanwijzingen creatief - er is geen goede of foute manier. Gebruik ze als uitgangspunt en laat je fantasie je kunstwerk leiden.<\/li>\n\n\n\n<li class=\"\">V: Zijn tekenaanwijzingen geschikt voor beginners? A: Ja, tekenaanwijzingen zijn uitstekend voor beginners omdat ze structuur en inspiratie bieden en tegelijkertijd de mogelijkheid bieden om vaardigheden te ontwikkelen.<\/li>\n\n\n\n<li class=\"\">V: Kunnen tekenaanwijzingen helpen bij een blokkade? A: Absoluut! Tekenaanwijzingen zijn ontworpen om creativiteit te stimuleren en nieuwe idee\u00ebn te geven als je je vastzit of geen inspiratie hebt.<\/li>\n\n\n\n<li class=\"\">V: Hoe vaak moet ik tekenaanwijzingen gebruiken? A: De frequentie hangt af van je doelen. Sommige kunstenaars gebruiken ze dagelijks, terwijl anderen ze af en toe gebruiken om te oefenen of wanneer ze inspiratie nodig hebben.<\/li>\n\n\n\n<li class=\"\">V: Kan ik kunstwerken die gemaakt zijn met tekenprompts online delen? A: Ja, veel kunstenaars delen hun creaties op basis van prompts op sociale media of in kunstgemeenschappen. Vaak gebruiken ze hashtags om in contact te komen met anderen die dezelfde prompts gebruiken.<\/li>\n\n\n\n<li class=\"\">V: Zijn er specifieke tekenvragen voor bepaalde genres of stijlen? A: Ja, veel generatoren bieden thematische aanwijzingen voor specifieke genres zoals fantasie of sciencefiction, of je kunt je richten op bepaalde elementen zoals personages of landschappen.<\/li>\n<\/ol>\n\n\n\n<h3 class=\"wp-block-heading\" id=\"conclusion\">Conclusie<\/h3>\n\n\n\n<p class=\"\">Tekenopdrachten zijn een hulpmiddel van onschatbare waarde voor kunstenaars van alle niveaus en bieden een bron van inspiratie en mogelijkheden voor het ontwikkelen van vaardigheden. Ze verleggen creatieve grenzen, moedigen dagelijkse oefening aan en helpen kunstenaars nieuwe thema's en technieken te verkennen. Met gratis, onbeperkte opties zoals <a href=\"https:\/\/aiartfree.online\/nl\/snelle-galerij\/\">https:\/\/aiartfree.online\/drawing-prompts\/<\/a>Er is geen reden om geen tekenaanwijzingen te gebruiken op je artistieke reis. Begin vandaag nog met het gebruik van tekenaanwijzingen en zie je creativiteit de vrije loop gaan!<\/p>","protected":false},"excerpt":{"rendered":"<p>Drawing Prompt Gallery is a treasure trove of inspiration and creativity, offering AI-generated prompts to spark your imagination and boost productivity. Start exploring endless possibilities today! What our users made How to use Prompts Drawing Prompts Gallery FREE Stable Diffusion 3 How to use it *&nbsp;Depending on your internet speed, loading the model may take &#8230; <a title=\"Tekenopdrachten\" class=\"read-more\" href=\"https:\/\/aiartfree.online\/nl\/snelle-galerij\/\" aria-label=\"Lees meer over Drawing Prompts\">Lees verder<\/a><\/p>","protected":false},"author":1,"featured_media":3258,"parent":0,"menu_order":0,"comment_status":"open","ping_status":"closed","template":"","meta":{"nf_dc_page":"","footnotes":""},"class_list":["post-3252","page","type-page","status-publish","has-post-thumbnail"],"jetpack_sharing_enabled":true,"_links":{"self":[{"href":"https:\/\/aiartfree.online\/nl\/wp-json\/wp\/v2\/pages\/3252","targetHints":{"allow":["GET"]}}],"collection":[{"href":"https:\/\/aiartfree.online\/nl\/wp-json\/wp\/v2\/pages"}],"about":[{"href":"https:\/\/aiartfree.online\/nl\/wp-json\/wp\/v2\/types\/page"}],"author":[{"embeddable":true,"href":"https:\/\/aiartfree.online\/nl\/wp-json\/wp\/v2\/users\/1"}],"replies":[{"embeddable":true,"href":"https:\/\/aiartfree.online\/nl\/wp-json\/wp\/v2\/comments?post=3252"}],"version-history":[{"count":0,"href":"https:\/\/aiartfree.online\/nl\/wp-json\/wp\/v2\/pages\/3252\/revisions"}],"wp:featuredmedia":[{"embeddable":true,"href":"https:\/\/aiartfree.online\/nl\/wp-json\/wp\/v2\/media\/3258"}],"wp:attachment":[{"href":"https:\/\/aiartfree.online\/nl\/wp-json\/wp\/v2\/media?parent=3252"}],"curies":[{"name":"wp","href":"https:\/\/api.w.org\/{rel}","templated":true}]}}