{"id":3558,"date":"2024-08-05T07:35:25","date_gmt":"2024-08-05T07:35:25","guid":{"rendered":"https:\/\/aiartfree.online\/?page_id=3558"},"modified":"2024-08-16T10:09:07","modified_gmt":"2024-08-16T10:09:07","slug":"flux-ai-image-generator-flux1","status":"publish","type":"page","link":"https:\/\/aiartfree.online\/nb\/flux-ai-bildegenerator-flux1\/","title":{"rendered":"Flux AI Image Generator | Drevet av Flux.1"},"content":{"rendered":"<h2 class=\"wp-block-heading has-text-align-center\">Galleri av Flux.1<\/h2>\n\n\n\n<figure class=\"gb-block-image gb-block-image-1822da1f\"><img data-recalc-dims=\"1\" decoding=\"async\" loading=\"lazy\" width=\"1024\" height=\"725\" class=\"gb-image gb-image-1822da1f\" src=\"https:\/\/i0.wp.com\/aiartfree.online\/wp-content\/uploads\/2024\/08\/WX20240803-154751%402x-1024x725.webp?resize=1024%2C725&#038;ssl=1\" alt=\"Flux AI Image Generator av Black Forest Labs, med modellene Flux.1, Flux.1 Pro, Flux.1 Dev og Flux.1 Schnell. Ubegrenset, h\u00f8y kvalitet, gratis, ingen registrering.\" title=\"WX20240803-154751@2x\" srcset=\"https:\/\/i0.wp.com\/aiartfree.online\/wp-content\/uploads\/2024\/08\/WX20240803-154751%402x.jpg?resize=1024%2C725&amp;ssl=1 1024w, https:\/\/i0.wp.com\/aiartfree.online\/wp-content\/uploads\/2024\/08\/WX20240803-154751%402x.jpg?resize=300%2C212&amp;ssl=1 300w, https:\/\/i0.wp.com\/aiartfree.online\/wp-content\/uploads\/2024\/08\/WX20240803-154751%402x.jpg?resize=768%2C544&amp;ssl=1 768w, https:\/\/i0.wp.com\/aiartfree.online\/wp-content\/uploads\/2024\/08\/WX20240803-154751%402x.jpg?resize=1536%2C1087&amp;ssl=1 1536w, https:\/\/i0.wp.com\/aiartfree.online\/wp-content\/uploads\/2024\/08\/WX20240803-154751%402x.jpg?resize=18%2C12&amp;ssl=1 18w, https:\/\/i0.wp.com\/aiartfree.online\/wp-content\/uploads\/2024\/08\/WX20240803-154751%402x.jpg?resize=600%2C425&amp;ssl=1 600w, https:\/\/i0.wp.com\/aiartfree.online\/wp-content\/uploads\/2024\/08\/WX20240803-154751%402x.jpg?w=2046&amp;ssl=1 2046w\" sizes=\"auto, (max-width: 1024px) 100vw, 1024px\" \/><\/figure>\n\n\n\n<h2 class=\"wp-block-heading\">Slik bruker du Flux AI Image Generator<\/h2>\n\n\n\n<ol class=\"wp-block-list\">\n<li class=\"\">Skriv inn ledeteksten din<\/li>\n\n\n\n<li class=\"\">Klikk p\u00e5 \"Send\"<\/li>\n\n\n\n<li class=\"\">Vent, det var det!<\/li>\n<\/ol>\n\n\n\n<p class=\"\">* Bla nedover for \u00e5 sjekke Prompt-eksemplene nedenfor hvis du ikke har noen tanker i tankene dine<\/p>\n\n\n\n<p class=\"\"><em>* Hvis du bruker denne modellen intensivt over en kort periode, kan det f\u00f8re til mangel p\u00e5 GPU-ressurser. Vent noen minutter f\u00f8r du fortsetter \u00e5 bruke den.<\/em><br>* Den kan returnere en feilmelding n\u00e5r det er en brukstopp.&nbsp;<em>Vent noen minutter f\u00f8r du gjenopptar bruken.<\/em><\/p>\n\n\n\n<p class=\"\"><em>* Avhengig av internetthastigheten din, kan det ta litt tid \u00e5 laste inn modellen&nbsp;<\/em>opptil 10 sekunder \u2193<\/p>\n\n\n\n<div class=\"iframe-wrapper\" style=\"position: relative; width: 100%; height: 700px;\">\n  <div class=\"loading\" style=\"position: absolute; top: 50px; left: 50%; transform: translate(-50%, -50%); width: 40px; height: 40px; border: 3px solid #f0f0f0; border-top: 3px solid #db7093; border-radius: 50%; animation: spin 1s linear infinite;\"><\/div>\n  <iframe loading=\"lazy\" src=\"https:\/\/rooc-flux-1-dev.hf.space\" frameborder=\"0\" width=\"100%\" height=\"100%\" style=\"position: absolute; top: 0; left: 0; opacity: 0; transition: opacity 0.3s;\" onload=\"this.style.opacity=1;this.previousElementSibling.style.display='none';\"><\/iframe>\n<\/div>\n\n<style>\n@keyframes spin {\n  0% { transform: translate(-50%, -50%) rotate(0deg); }\n  100% { transform: translate(-50%, -50%) rotate(360deg); }\n}\n<\/style>\n\n\n\n<h2 class=\"wp-block-heading\" id=\"maodian\">Eksempler p\u00e5 Flux.1<\/h2>\n\n\n\n<p class=\"\">Kopier og lim inn mens du g\u00e5r!<\/p>\n\n\n\n<ol style=\"font-size:15px\" class=\"wp-block-list\">\n<li class=\"\">en portal inn i en mytisk skog p\u00e5 veggen i det lille rotete soverommet mitt<\/li>\n\n\n\n<li class=\"\">detaljert filmatisk dof-rendering av en gammel, st\u00f8vete og detaljert CRT-skjerm p\u00e5 et trebord i et dunkelt rom med gjenstander rundt, et rotete og skittent rom. P\u00e5 skjermen er bokstavene \"FLUX\" svakt lysende. Rendering av harde overflater med h\u00f8y detaljrikdom<\/li>\n\n\n\n<li class=\"\">Undervannsscene av to ugler som sitter ved et fint spisebord med et tent stearinlys i midten, de to uglene spiser en nydelig middag sammen. Den venstre uglen er if\u00f8rt smoking, mens den h\u00f8yre uglen har p\u00e5 seg en fin kjole. I bakgrunnen passerer en ub\u00e5t med ordene \"What a Hoot\" malt p\u00e5 siden. Det sv\u00f8mmer sm\u00e5 maneter rundt i bunnen av bildet under bordet, et filmatisk og vakkert digitalt kunstverk.<\/li>\n\n\n\n<li class=\"\">En maskin som genererer endel\u00f8se mengder polaroidbilder og bl\u00e5ser dem opp i luften. Realistisk bilde fra National Geographic<\/li>\n\n\n\n<li class=\"\">Typografi, futuristisk fin lasersporing, futuristisk japansk landlig naturturisme og keramikk, steven meisel, kaws, rolf armstrong, mondrian, kandinsky, perfekt geometri abstrakt akryl, oktan hyperrealisme fotorealistisk airbrush collage maleri, m\u00f8rk monokrom, fluorescerende farger, minimalistisk tredjedelsregel, \u00e5ttitallets eros<\/li>\n\n\n\n<li class=\"\">et gammelt piano i stuen min<\/li>\n\n\n\n<li class=\"\">Fotografi av en l\u00e5ve p\u00e5 et jorde<\/li>\n\n\n\n<li class=\"\">vakkert anime-kunstverk, en s\u00f8t anime-kattjente som ser deprimert ut og holder et stykke papir med et smil tegnet p\u00e5 over munnen, hun er i ferd med \u00e5 gr\u00e5te<\/li>\n\n\n\n<li class=\"\">vakkert anime-kunstverk, en s\u00f8t anime-jentes silhuett, dobbelteksponering, iriserende stjernet\u00e5kegalakse, svart bakgrunn, eterisk gl\u00f8d, blomstring, hdr<\/li>\n\n\n\n<li class=\"\">abstrakt krom 80-talls scifi-automat av hajime sorayama airbrush strage objekt, enkel verital linje, generativ kunst, p5js, dithering<\/li>\n\n\n\n<li class=\"\">bilde av en vakker kaf\u00e9 i Freiburg<\/li>\n\n\n\n<li class=\"\">en gal vitenskapsmann som bygger en enorm, utrolig k\u00f8 som strekker seg fra kontorpulten og helt ut i verdensrommet, der den ber\u00f8rer m\u00e5nen<\/li>\n\n\n\n<li class=\"\">filmfoto av en gruppe p\u00e5 tre kvinner p\u00e5 en gate i sentrum, de holder hendene opp mot kameraet<\/li>\n\n\n\n<li class=\"\">En skjult cenote i hjertet av en frodig jungel lokker med krystallklart, turkist vann. Levende smaragdgr\u00f8nne lianer faller nedover forvitrede kalksteinsvegger, og rankene deres kysser s\u00e5 vidt vannoverflaten. Gyllent sollys trenger inn gjennom et naturlig takvindu og skaper et mystisk spill av lys og skygge p\u00e5 grotteveggene. Skimrende sommerfugler flakser mellom eksotiske orkideer som klamrer seg fast til klippefremspring. En delvis nedsenket maya-ruin, med intrikate utskj\u00e6ringer som er blitt myknet av tidens tann, st\u00e5r som en stille vaktpost i vannkanten. Stimer av sm\u00e5 s\u00f8lvfisk piler gjennom det krystallklare dypet, og skjellene deres glitrer som undervannsstjerner. I den andre enden av cenoten faller en liten foss melodi\u00f8st ned i bassenget, og t\u00e5ken skaper flyktige regnbuer i det sparsomme lyset.<\/li>\n\n\n\n<li class=\"\">en liten astronaut som klekkes fra et egg p\u00e5 m\u00e5nen<\/li>\n\n\n\n<li class=\"\">gammel mann med briller portrett, foto, 50mm, f1.4, naturlig lys, Path\u00e9chrome<\/li>\n\n\n\n<li class=\"\">vakkert anime kunstverk, en s\u00f8t anime jente som st\u00e5r alene i nattem\u00f8rket if\u00f8rt en overdimensjonert svart regnfrakk med en liten veske. hun holder en svart paraply, paraplyen har flerfarget LED skjult inni som skinner ned p\u00e5 henne, sm\u00e5 roseblader flagrer gjennom luften rundt henne, anime screencap stil, r\u00f8de \u00f8yne, middels h\u00e5r<\/li>\n\n\n\n<li class=\"\">filmatisk episk kunstverk av et uendelig galaktisk kj\u00f8pesenter<\/li>\n\n\n\n<li class=\"\">abstrakt krom 80-talls scifi-automat, airbrush<\/li>\n\n\n\n<li class=\"\">tykt, flekkete oljemaleri med penselstr\u00f8k av en stor hval som svever forsiktig p\u00e5 nattehimmelen h\u00f8yt over en by<\/li>\n<\/ol>\n\n\n\n<div style=\"height:100px\" aria-hidden=\"true\" class=\"wp-block-spacer\"><\/div>\n\n\n\n<h2 class=\"wp-block-heading\">Flux AI bildegenerator: Den ultimate guiden<\/h2>\n\n\n\n<p class=\"\">Flux AI Image Generator er en innovativ tekst-til-bilde-modell med \u00e5pen kildekode som er utviklet for \u00e5 lage bilder av h\u00f8y kvalitet fra tekstlige beskrivelser. Dette avanserte AI-verkt\u00f8yet er kjent for sin fleksibilitet og de mange ulike utdatastilene det st\u00f8tter.<\/p>\n\n\n\n<h3 class=\"wp-block-heading\">Innledning<\/h3>\n\n\n\n<h4 class=\"wp-block-heading\">Hva er Flux AI Image Generator?<\/h4>\n\n\n\n<p class=\"\">Flux AI Image Generator er en \u00e5pen kildekode-modell som er utviklet for \u00e5 omdanne tekst til bilder. Verkt\u00f8yet er sv\u00e6rt allsidig og kan produsere bilder av h\u00f8y kvalitet i en rekke ulike stiler. Siden det er et prosjekt med \u00e5pen kildekode, kan brukerne modifisere og tilpasse koden etter egne behov, noe som gj\u00f8r det til en kraftig ressurs for b\u00e5de utviklere og kunstnere.<\/p>\n\n\n\n<h4 class=\"wp-block-heading\">Bakgrunn og utviklere<\/h4>\n\n\n\n<p class=\"\">Flux AI Image Generator er utviklet av Black Forest Labs, en ledende enhet p\u00e5 AI-feltet som er kjent for sine bidrag til kunstig intelligens og maskinl\u00e6ring. Utviklingen av Flux AI Image Generator er tett knyttet til andre fremtredende prosjekter som Stable Diffusion, noe som styrker troverdigheten og kapasiteten ytterligere.<\/p>\n\n\n\n<h3 class=\"wp-block-heading\">Funksjoner og spesifikasjoner<\/h3>\n\n\n\n<h4 class=\"wp-block-heading\">Tekniske spesifikasjoner<\/h4>\n\n\n\n<p class=\"\">Flux-modellen kan skilte med imponerende 1,2 milliarder parametere, noe som gj\u00f8r den til et robust verkt\u00f8y for bildegenerering. Den er tilgjengelig i tre versjoner: Flux Dev, Flux Schnell og Flux Pro, som alle dekker ulike brukerbehov og ytelseskrav.<\/p>\n\n\n\n<h4 class=\"wp-block-heading\">Kjernefunksjoner<\/h4>\n\n\n\n<ul class=\"wp-block-list\">\n<li class=\"\"><strong>Bildegenerering av h\u00f8y kvalitet<\/strong>: Flux AI Image Generator utmerker seg ved \u00e5 produsere detaljerte og estetisk tiltalende bilder.<\/li>\n\n\n\n<li class=\"\"><strong>Allsidighet i utgangsstiler<\/strong>: Brukerne kan velge mellom et bredt utvalg av stiler, noe som sikrer fleksibilitet i kreative prosjekter.<\/li>\n\n\n\n<li class=\"\"><strong>Sammenligning med konkurrenter<\/strong>: Sammenlignet med andre bildegeneratorer som Midjourney og DALL-E 3, tilbyr Flux overlegen fleksibilitet og kvalitet.<\/li>\n<\/ul>\n\n\n\n<h4 class=\"wp-block-heading\">Ytelse og optimalisering<\/h4>\n\n\n\n<ul class=\"wp-block-list\">\n<li class=\"\"><strong>Rask bildegenerering<\/strong>: Flux er optimalisert for hastighet, og kan generere bilder raskt uten at det g\u00e5r p\u00e5 bekostning av kvaliteten.<\/li>\n\n\n\n<li class=\"\"><strong>Maskinvarekompatibilitet<\/strong>: Den tilpasser seg godt til ulike maskinvaremilj\u00f8er, noe som sikrer problemfri drift p\u00e5 tvers av ulike plattformer.<\/li>\n\n\n\n<li class=\"\"><strong>Plattformintegrasjon<\/strong>: Flux kan integreres med en rekke plattformer, noe som gj\u00f8r det til et allsidig verkt\u00f8y for utviklere.<\/li>\n<\/ul>\n\n\n\n<h3 class=\"wp-block-heading\">Slik bruker du Flux AI Image Generator<\/h3>\n\n\n\n<h4 class=\"wp-block-heading\">Kom godt i gang<\/h4>\n\n\n\n<ul class=\"wp-block-list\">\n<li class=\"\"><strong>Installasjon og konfigurasjon<\/strong>: Installasjonen av Flux AI Image Generator inneb\u00e6rer enkle installasjons- og konfigurasjonsprosesser.<\/li>\n\n\n\n<li class=\"\"><strong>Oppl\u00e6ring i grunnleggende bruk<\/strong>: Brukerne kan f\u00f8lge enkle veiledninger for \u00e5 komme raskt i gang med \u00e5 generere bilder.<\/li>\n<\/ul>\n\n\n\n<h4 class=\"wp-block-heading\">Avanserte funksjoner<\/h4>\n\n\n\n<ul class=\"wp-block-list\">\n<li class=\"\"><strong>Avanserte teknikker<\/strong>: For mer erfarne brukere tilbyr Flux avanserte funksjoner og beste praksis for \u00e5 maksimere potensialet.<\/li>\n\n\n\n<li class=\"\"><strong>Integrering med andre verkt\u00f8y<\/strong>: Flux kan kombineres med andre verkt\u00f8y og plattformer, for eksempel ComfyUI, for \u00e5 forbedre funksjonene.<\/li>\n<\/ul>\n\n\n\n<h3 class=\"wp-block-heading\">Praktiske anvendelser<\/h3>\n\n\n\n<h4 class=\"wp-block-heading\">Brukstilfeller<\/h4>\n\n\n\n<ul class=\"wp-block-list\">\n<li class=\"\"><strong>Design og reklame<\/strong>: Flux er mye brukt innen design og reklame, og hjelper fagfolk med \u00e5 skape fantastiske bilder.<\/li>\n\n\n\n<li class=\"\"><strong>Kunstnerisk skapelse<\/strong>: Kunstnere bruker Flux til \u00e5 gi liv til sine fantasifulle konsepter.<\/li>\n\n\n\n<li class=\"\"><strong>Suksesshistorier<\/strong>: Mange brukere har delt sine suksesshistorier, som viser de ulike bruksomr\u00e5dene til Flux AI Image Generator.<\/li>\n<\/ul>\n\n\n\n<h4 class=\"wp-block-heading\">Fellesskap og st\u00f8tte<\/h4>\n\n\n\n<ul class=\"wp-block-list\">\n<li class=\"\"><strong>Brukerfellesskap<\/strong>: Et levende brukerfellesskap bidrar til den l\u00f8pende utviklingen og st\u00f8tten av Flux.<\/li>\n\n\n\n<li class=\"\"><strong>Ressurser for teknisk st\u00f8tte<\/strong>: Omfattende ressurser er tilgjengelige for \u00e5 hjelpe brukerne med \u00e5 feils\u00f8ke og optimalisere bruken av verkt\u00f8yet.<\/li>\n<\/ul>\n\n\n\n<h3 class=\"wp-block-heading\">Fremtidig utvikling<\/h3>\n\n\n\n<h4 class=\"wp-block-heading\">Oppdateringer og planer<\/h4>\n\n\n\n<ul class=\"wp-block-list\">\n<li class=\"\"><strong>Nye funksjoner<\/strong>: Kommende versjoner av Flux vil introdusere nye funksjoner og forbedringer.<\/li>\n\n\n\n<li class=\"\"><strong>Langsiktig visjon<\/strong>: Utviklerne har et klart veikart for den langsiktige utviklingen av verkt\u00f8yet.<\/li>\n<\/ul>\n\n\n\n<h4 class=\"wp-block-heading\">Utvidelse av \u00f8kosystemet<\/h4>\n\n\n\n<ul class=\"wp-block-list\">\n<li class=\"\"><strong>Integrering med andre AI-verkt\u00f8y<\/strong>: Det foreligger planer om \u00e5 integrere Flux med andre AI-verkt\u00f8y og -plattformer.<\/li>\n\n\n\n<li class=\"\"><strong>Potensielle samarbeidspartnere<\/strong>: Mulighetene for kommersielle anvendelser og samarbeid utforskes.<\/li>\n<\/ul>\n\n\n\n<h3 class=\"wp-block-heading\">10 viktige verkt\u00f8y og ressurser for Flux AI Image Generator<\/h3>\n\n\n\n<figure class=\"wp-block-table\"><table class=\"has-fixed-layout\"><thead><tr><th>Verkt\u00f8y\/ressurs<\/th><th>Beskrivelse<\/th><th>Fordeler<\/th><th>Ulemper<\/th><\/tr><\/thead><tbody><tr><td><a href=\"https:\/\/flux-ai.online\/\" target=\"_blank\" data-type=\"link\" data-id=\"https:\/\/flux-ai.online\/\" rel=\"noreferrer noopener\">Flux AI-nettstedet<\/a><\/td><td>Beste nettsted for Flux AI.<\/td><td>Omfattende ressurser.<\/td><td>Ingen.<\/td><\/tr><tr><td>Flux GitHub<\/td><td>Repository med kode og oppdateringer.<\/td><td>Tilgang til kildekoden.<\/td><td>Krever teknisk kunnskap.<\/td><\/tr><tr><td><a href=\"https:\/\/aiartfree.online\/nb\/flux-ai-bildegenerator-flux1\/\" target=\"_blank\" data-type=\"link\" data-id=\"https:\/\/aiartfree.online\/flux-ai-image-generator-flux1\" rel=\"noreferrer noopener\">AI Art Free<\/a><\/td><td>Brukervennlig grensesnitt for Flux AI.<\/td><td>Brukervennlig, ingen registrering kreves.<\/td><td>Begrensede avanserte funksjoner.<\/td><\/tr><tr><td>ComfyUI<\/td><td>Integreringsverkt\u00f8y for Flux.<\/td><td>Forbedrer funksjonaliteten.<\/td><td>Komplekst oppsett.<\/td><\/tr><tr><td>Stabil diffusjon<\/td><td>Beslektet prosjekt for bildegenerering.<\/td><td>Utganger av h\u00f8y kvalitet.<\/td><td>Krever kraftig maskinvare.<\/td><\/tr><tr><td>Flux-veiledninger<\/td><td>Steg-for-steg-veiledninger og veiledninger.<\/td><td>Enkel l\u00e6ringskurve.<\/td><td>Ikke alltid oppdatert.<\/td><\/tr><tr><td>Dekryptere<\/td><td>Nyheter og oppdateringer om AI-teknologi.<\/td><td>Oppdatert informasjon.<\/td><td>Varierer i dybde.<\/td><\/tr><tr><td>AI-nyheter<\/td><td>Siste nytt om utviklingen innen kunstig intelligens.<\/td><td>Bred dekning.<\/td><td>Generell informasjon.<\/td><\/tr><tr><td>Tech Crunch<\/td><td>Nyheter og oppdateringer om teknologi.<\/td><td>Utdypende artikler.<\/td><td>Kan v\u00e6re teknisk.<\/td><\/tr><tr><td>AI Weekly<\/td><td>Ukentlige oppdateringer om AI-utviklingen.<\/td><td>Regelmessige oppdateringer.<\/td><td>Abonnement er n\u00f8dvendig for full tilgang.<\/td><\/tr><\/tbody><\/table><\/figure>\n\n\n\n<h3 class=\"wp-block-heading\">10 vanlige sp\u00f8rsm\u00e5l om Flux AI Image Generator<\/h3>\n\n\n\n<ol class=\"wp-block-list\">\n<li class=\"\"><strong>Hva er Flux AI Image Generator?<\/strong>\n<ul class=\"wp-block-list\">\n<li class=\"\">Flux AI Image Generator er en tekst-til-bilde-modell med \u00e5pen kildekode utviklet av Black Forest Labs.<\/li>\n<\/ul>\n<\/li>\n\n\n\n<li class=\"\"><strong>Hvordan installerer jeg Flux AI Image Generator?<\/strong>\n<ul class=\"wp-block-list\">\n<li class=\"\">Installasjonsveiledninger er tilgjengelige p\u00e5 det offisielle GitHub-depotet.<\/li>\n<\/ul>\n<\/li>\n\n\n\n<li class=\"\"><strong>Hva er de forskjellige versjonene av Flux?<\/strong>\n<ul class=\"wp-block-list\">\n<li class=\"\">Flux Dev, Flux Schnell og Flux Pro.<\/li>\n<\/ul>\n<\/li>\n\n\n\n<li class=\"\"><strong>Kan jeg bruke Flux til kommersielle prosjekter?<\/strong>\n<ul class=\"wp-block-list\">\n<li class=\"\">Ja, Flux kan brukes til kommersielle form\u00e5l.<\/li>\n<\/ul>\n<\/li>\n\n\n\n<li class=\"\"><strong>Hvilken maskinvare kreves for Flux?<\/strong>\n<ul class=\"wp-block-list\">\n<li class=\"\">Flux er kompatibel med ulike maskinvareoppsett, men kraftige GPU-er anbefales for optimal ytelse.<\/li>\n<\/ul>\n<\/li>\n\n\n\n<li class=\"\"><strong>Hvordan er Flux sammenlignet med andre bildegeneratorer?<\/strong>\n<ul class=\"wp-block-list\">\n<li class=\"\">Flux tilbyr overlegen fleksibilitet og kvalitet sammenlignet med konkurrenter som Midjourney og DALL-E 3.<\/li>\n<\/ul>\n<\/li>\n\n\n\n<li class=\"\"><strong>Hvor kan jeg finne veiledninger for Flux?<\/strong>\n<ul class=\"wp-block-list\">\n<li class=\"\">Du finner veiledninger p\u00e5 det offisielle nettstedet Flux AI Tutorials.<\/li>\n<\/ul>\n<\/li>\n\n\n\n<li class=\"\"><strong>Hva slags support er tilgjengelig for Flux-brukere?<\/strong>\n<ul class=\"wp-block-list\">\n<li class=\"\">Et brukerfellesskap og ressurser for teknisk st\u00f8tte er tilgjengelig.<\/li>\n<\/ul>\n<\/li>\n\n\n\n<li class=\"\"><strong>Hvordan kan jeg bidra til Flux-prosjektet?<\/strong>\n<ul class=\"wp-block-list\">\n<li class=\"\">Bidrag kan gj\u00f8res via GitHub-arkivet.<\/li>\n<\/ul>\n<\/li>\n\n\n\n<li class=\"\"><strong>Hva er fremtidsplanene for Flux?<\/strong>\n<ul class=\"wp-block-list\">\n<li class=\"\">Utviklerne har skissert et veikart for nye funksjoner og utvidelser av \u00f8kosystemet.<\/li>\n<\/ul>\n<\/li>\n<\/ol>\n\n\n\n<h3 class=\"wp-block-heading\">Konklusjon<\/h3>\n\n\n\n<h4 class=\"wp-block-heading\">Kjernefordeler<\/h4>\n\n\n\n<p class=\"\">Flux AI Image Generator skiller seg ut med h\u00f8y kvalitet, allsidighet i utdatastiler og robust ytelse. Det er et ledende verkt\u00f8y innen AI-bildegenerering, og tilbyr unike fordeler i forhold til konkurrentene.<\/p>\n\n\n\n<h4 class=\"wp-block-heading\">Kom godt i gang<\/h4>\n\n\n\n<p class=\"\">F\u00f8lg installasjonsveiledningen og utforsk de tilgjengelige veiledningene for \u00e5 komme i gang med \u00e5 bruke Flux. Flux AI Image Generator er tilgjengelig for b\u00e5de nybegynnere og avanserte brukere, noe som gj\u00f8r det til et allsidig verkt\u00f8y for ulike bruksomr\u00e5der.<\/p>\n\n\n\n<p class=\"\">For mer informasjon og ressurser, bes\u00f8k <a href=\"https:\/\/blackforestlabs.ai\/\" target=\"_blank\" rel=\"noopener\">Flux' offisielle nettsted<\/a> og <a href=\"https:\/\/github.com\/black-forest-labs\/flux\" target=\"_blank\" rel=\"noopener\">GitHub-depot<\/a>.<\/p>","protected":false},"excerpt":{"rendered":"<p>Gallery of Flux.1 How to use the Flux AI Image Generator * Scroll down to check our Prompt Examples below if you don\u2019t have any thoughts in your mind * If you use this model intensively over a short period, it may cause GPU resource shortages. Please wait a few minutes before resuming use.* It &#8230; <a title=\"Flux AI Image Generator | Drevet av Flux.1\" class=\"read-more\" href=\"https:\/\/aiartfree.online\/nb\/flux-ai-bildegenerator-flux1\/\" aria-label=\"Read more about Flux AI Image Generator | Powered by Flux.1\">Les mer<\/a><\/p>","protected":false},"author":1,"featured_media":3559,"parent":0,"menu_order":0,"comment_status":"closed","ping_status":"closed","template":"","meta":{"nf_dc_page":"","footnotes":""},"class_list":["post-3558","page","type-page","status-publish","has-post-thumbnail"],"jetpack_sharing_enabled":true,"_links":{"self":[{"href":"https:\/\/aiartfree.online\/nb\/wp-json\/wp\/v2\/pages\/3558","targetHints":{"allow":["GET"]}}],"collection":[{"href":"https:\/\/aiartfree.online\/nb\/wp-json\/wp\/v2\/pages"}],"about":[{"href":"https:\/\/aiartfree.online\/nb\/wp-json\/wp\/v2\/types\/page"}],"author":[{"embeddable":true,"href":"https:\/\/aiartfree.online\/nb\/wp-json\/wp\/v2\/users\/1"}],"replies":[{"embeddable":true,"href":"https:\/\/aiartfree.online\/nb\/wp-json\/wp\/v2\/comments?post=3558"}],"version-history":[{"count":0,"href":"https:\/\/aiartfree.online\/nb\/wp-json\/wp\/v2\/pages\/3558\/revisions"}],"wp:featuredmedia":[{"embeddable":true,"href":"https:\/\/aiartfree.online\/nb\/wp-json\/wp\/v2\/media\/3559"}],"wp:attachment":[{"href":"https:\/\/aiartfree.online\/nb\/wp-json\/wp\/v2\/media?parent=3558"}],"curies":[{"name":"wp","href":"https:\/\/api.w.org\/{rel}","templated":true}]}}