{"id":3445,"date":"2024-08-01T18:39:36","date_gmt":"2024-08-01T18:39:36","guid":{"rendered":"https:\/\/aiartfree.online\/?page_id=3445"},"modified":"2025-03-07T08:17:45","modified_gmt":"2025-03-07T08:17:45","slug":"unblur-image","status":"publish","type":"page","link":"https:\/\/aiartfree.online\/nb\/fjerne-uskarphet-i-bildet\/","title":{"rendered":"Fjern uskarpheten i bildet"},"content":{"rendered":"<h2 class=\"wp-block-heading has-text-align-center\" id=\"before-vs-after\">F\u00f8r vs. etter<\/h2>\n\n\n\n<figure class=\"gb-block-image gb-block-image-1822da1f\"><img data-recalc-dims=\"1\" decoding=\"async\" loading=\"lazy\" width=\"1200\" height=\"704\" class=\"gb-image gb-image-1822da1f\" src=\"https:\/\/i0.wp.com\/aiartfree.online\/wp-content\/uploads\/2024\/08\/WX20240801-215741%402x-scaled.webp?resize=1200%2C704&#038;ssl=1\" alt=\"Fjern uskarphet i bilder p\u00e5 nettet med v\u00e5rt AI-verkt\u00f8y. 100% gratis, ingen registrering kreves, og ubegrenset bruk. Forbedre bildekvaliteten, fjern uskarphet og fikse uskarpe bilder for kj\u00e6rlighet.\" title=\"WX20240801-215741@2x\" srcset=\"https:\/\/i0.wp.com\/aiartfree.online\/wp-content\/uploads\/2024\/08\/WX20240801-215741%402x-scaled.webp?w=2560&amp;ssl=1 2560w, https:\/\/i0.wp.com\/aiartfree.online\/wp-content\/uploads\/2024\/08\/WX20240801-215741%402x-scaled.webp?resize=300%2C176&amp;ssl=1 300w, https:\/\/i0.wp.com\/aiartfree.online\/wp-content\/uploads\/2024\/08\/WX20240801-215741%402x-scaled.webp?resize=1024%2C601&amp;ssl=1 1024w, https:\/\/i0.wp.com\/aiartfree.online\/wp-content\/uploads\/2024\/08\/WX20240801-215741%402x-scaled.webp?resize=768%2C451&amp;ssl=1 768w, https:\/\/i0.wp.com\/aiartfree.online\/wp-content\/uploads\/2024\/08\/WX20240801-215741%402x-scaled.webp?resize=1536%2C901&amp;ssl=1 1536w, https:\/\/i0.wp.com\/aiartfree.online\/wp-content\/uploads\/2024\/08\/WX20240801-215741%402x-scaled.webp?resize=2048%2C1202&amp;ssl=1 2048w, https:\/\/i0.wp.com\/aiartfree.online\/wp-content\/uploads\/2024\/08\/WX20240801-215741%402x-scaled.webp?resize=18%2C12&amp;ssl=1 18w, https:\/\/i0.wp.com\/aiartfree.online\/wp-content\/uploads\/2024\/08\/WX20240801-215741%402x-scaled.webp?resize=600%2C352&amp;ssl=1 600w, https:\/\/i0.wp.com\/aiartfree.online\/wp-content\/uploads\/2024\/08\/WX20240801-215741%402x-scaled.webp?w=2400&amp;ssl=1 2400w\" sizes=\"auto, (max-width: 1200px) 100vw, 1200px\" \/><\/figure>\n\n\n\n<h2 class=\"wp-block-heading\" id=\"how-to-use-the-unblur-image\">Slik bruker du Unblur Image<\/h2>\n\n\n\n<ol class=\"wp-block-list\">\n<li class=\"\">Last opp bildet ditt<\/li>\n\n\n\n<li class=\"\">Klikk p\u00e5 \"Send\"<\/li>\n\n\n\n<li class=\"\">Vent, det var det!<\/li>\n<\/ol>\n\n\n\n<a class=\"gb-button gb-button-113f8659 gb-button-text\" href=\"https:\/\/www.basedlabs.ai\/apps\/ai-image-upscaler?via=rocnubi\" target=\"_blank\" rel=\"noopener noreferrer\">Try Latest Upscaler AI Now <\/a>\n\n\n\n<p class=\"\"><em>* Avhengig av internetthastigheten din, kan det ta litt tid \u00e5 laste inn modellen <\/em>opptil 10 sekunder \u2193<\/p>\n\n\n\n<div class=\"iframe-wrapper\" style=\"position: relative; width: 100%; height: 1700px;\">\n  <div class=\"loading\" style=\"position: absolute; top: 50px; left: 50%; transform: translate(-50%, -50%); width: 40px; height: 40px; border: 3px solid #f0f0f0; border-top: 3px solid #db7093; border-radius: 50%; animation: spin 1s linear infinite;\"><\/div>\n  <iframe loading=\"lazy\" src=\"https:\/\/algoworks-image-face-upscale-restoration-gfpgan-pub.hf.space\" frameborder=\"0\" width=\"100%\" height=\"100%\" style=\"position: absolute; top: 0; left: 0; opacity: 0; transition: opacity 0.3s;\" onload=\"this.style.opacity=1;this.previousElementSibling.style.display='none';\"><\/iframe>\n<\/div>\n\n<style>\n@keyframes spin {\n  0% { transform: translate(-50%, -50%) rotate(0deg); }\n  100% { transform: translate(-50%, -50%) rotate(360deg); }\n}\n<\/style>\n\n\n\n<div style=\"height:60px\" aria-hidden=\"true\" class=\"wp-block-spacer\"><\/div>\n\n\n\n<h2 class=\"wp-block-heading\" id=\"unblur-image-the-ultimate-guide-to-ai-powered-photo-blur-removal\">Unblur Image: Den ultimate guiden til AI-drevet fjerning av uskarphet i bilder<\/h2>\n\n\n\n<div class=\"wp-block-rank-math-toc-block\" id=\"rank-math-toc\"><h3>Innholdsfortegnelse<\/h3><nav><ul><li><a href=\"#outline\">Omriss<\/a><\/li><li><a href=\"#what-is-unblur-image\">Hva er Unblur Image?<\/a><\/li><li><a href=\"#why-use-unblur-image\">Hvorfor bruke Unblur Image?<\/a><\/li><li><a href=\"#main-features-of-unblur-image\">Hovedfunksjoner i Unblur Image<\/a><ul><li><a href=\"#ai-powered-unblur-tool\">AI-drevet verkt\u00f8y for uskarphet<\/a><\/li><li><a href=\"#photo-sharpener\">Bildesliper<\/a><\/li><li><a href=\"#remove-motion-blur\">Fjern bevegelsesuskarphet<\/a><\/li><li><a href=\"#unblur-text\">Fjern uskarp tekst<\/a><\/li><li><a href=\"#online-accessibility\">Tilgjengelighet p\u00e5 nett<\/a><\/li><\/ul><\/li><li><a href=\"#target-audience-and-uses\">M\u00e5lgruppe og bruksomr\u00e5der<\/a><\/li><li><a href=\"#industry-applications-and-uses\">Anvendelser og bruksomr\u00e5der i industrien<\/a><\/li><li><a href=\"#how-to-use-unblur-image\">Slik bruker du Unblur Image<\/a><\/li><li><a href=\"#unblur-image-usage-cases\">Bruk av uskarpe bilder<\/a><ul><li><a href=\"#enhance-portraits\">Forbedre portretter<\/a><\/li><li><a href=\"#restore-old-photos\">Gjenopprett gamle bilder<\/a><\/li><li><a href=\"#improve-product-photos\">Forbedre produktbildene<\/a><\/li><li><a href=\"#fix-blurry-text\">Fiks uskarp tekst<\/a><\/li><li><a href=\"#correct-camera-shake\">Korriger kamerarystelser<\/a><\/li><\/ul><\/li><li><a href=\"#comparison-table-of-unblur-image-tools\">Sammenligningstabell over verkt\u00f8y for uskarpe bilder<\/a><\/li><li><a href=\"#advantages-disadvantages-and-challenges-of-the-industry\">Fordeler, ulemper og utfordringer i bransjen<\/a><ul><li><a href=\"#advantages\">Fordeler<\/a><\/li><li><a href=\"#disadvantages\">Ulemper<\/a><\/li><li><a href=\"#challenges\">Utfordringer<\/a><\/li><\/ul><\/li><li><a href=\"#frequently-asked-questions\">Ofte stilte sp\u00f8rsm\u00e5l<\/a><\/li><li><a href=\"#summary\">Sammendrag<\/a><\/li><\/ul><\/nav><\/div>\n\n\n\n<h3 class=\"wp-block-heading\" id=\"outline\">Omriss<\/h3>\n\n\n\n<p class=\"\">I denne omfattende guiden vil vi g\u00e5 n\u00e6rmere inn p\u00e5 uskarphet i bilder, fordeler, funksjoner, m\u00e5lgruppe og praktiske bruksomr\u00e5der. Vi gir ogs\u00e5 trinnvise instruksjoner, brukstilfeller og en sammenligningstabell over de beste tilgjengelige verkt\u00f8yene. Til slutt tar vi for oss ofte stilte sp\u00f8rsm\u00e5l og gir en oppsummering med de viktigste fordelene og en oppfordring til handling.<\/p>\n\n\n\n<h3 class=\"wp-block-heading\" id=\"what-is-unblur-image\">Hva er Unblur Image?<\/h3>\n\n\n\n<p class=\"\">Unblur Image er en prosess der man bruker AI-drevne verkt\u00f8y for \u00e5 fjerne uskarphet og forbedre skarpheten i bilder. Enten det skyldes kamerarystelser, bevegelsesuskarphet eller d\u00e5rlig fokus, kan disse verkt\u00f8yene gjenopprette bildekvaliteten og gj\u00f8re uskarpe bilder klare igjen.<\/p>\n\n\n\n<h3 class=\"wp-block-heading\" id=\"why-use-unblur-image\">Hvorfor bruke Unblur Image?<\/h3>\n\n\n\n<p class=\"\">Det er flere fordeler med \u00e5 bruke et verkt\u00f8y for \u00e5 fjerne uskarphet i bilder:<\/p>\n\n\n\n<ul class=\"wp-block-list\">\n<li class=\"\"><strong>Forbedre bildekvaliteten:<\/strong> Gj\u00f8r bildene dine klarere og mer detaljrike.<\/li>\n\n\n\n<li class=\"\"><strong>Gjenopprett gamle bilder:<\/strong> Gi nytt liv til gamle, uskarpe bilder.<\/li>\n\n\n\n<li class=\"\"><strong>Profesjonelle resultater:<\/strong> Oppn\u00e5 resultater av h\u00f8y kvalitet uten \u00e5 m\u00e5tte ha avanserte ferdigheter i fotoredigering.<\/li>\n\n\n\n<li class=\"\"><strong>Bekvemmelighet:<\/strong> Fjern enkelt uskarpheten i bilder p\u00e5 nettet uten \u00e5 laste ned programvare.<\/li>\n\n\n\n<li class=\"\"><strong>Effektivitet:<\/strong> Fiks uskarpe bilder raskt med bare noen f\u00e5 klikk.<\/li>\n<\/ul>\n\n\n\n<p class=\"\">Folk s\u00f8ker ofte etter l\u00f8sninger for \u00e5 gj\u00f8re et uskarpt bilde klart, fikse uskarpe bilder og fjerne uskarphet fra bilder. Disse verkt\u00f8yene gir svar p\u00e5 disse vanlige problemene.<\/p>\n\n\n\n<h3 class=\"wp-block-heading\" id=\"main-features-of-unblur-image\">Hovedfunksjoner i Unblur Image<\/h3>\n\n\n\n<h4 class=\"wp-block-heading\" id=\"ai-powered-unblur-tool\">AI-drevet verkt\u00f8y for uskarphet<\/h4>\n\n\n\n<p class=\"\">Utnytt kraften i kunstig intelligens til \u00e5 fjerne uskarphet og forbedre bildedetaljer.<\/p>\n\n\n\n<h4 class=\"wp-block-heading\" id=\"photo-sharpener\">Bildesliper<\/h4>\n\n\n\n<p class=\"\">Gj\u00f8r bildene skarpere for \u00e5 gjenopprette fine detaljer som har g\u00e5tt tapt p\u00e5 grunn av uskarphet.<\/p>\n\n\n\n<h4 class=\"wp-block-heading\" id=\"remove-motion-blur\">Fjern bevegelsesuskarphet<\/h4>\n\n\n\n<p class=\"\">M\u00e5lrett og reduser bevegelsesuskarphet for\u00e5rsaket av kamerabevegelser.<\/p>\n\n\n\n<h4 class=\"wp-block-heading\" id=\"unblur-text\">Fjern uskarp tekst<\/h4>\n\n\n\n<p class=\"\">Forbedre lesbarheten av uskarp tekst i bilder.<\/p>\n\n\n\n<h4 class=\"wp-block-heading\" id=\"online-accessibility\">Tilgjengelighet p\u00e5 nett<\/h4>\n\n\n\n<p class=\"\">Fjern uskarpheten i bilder direkte fra nettleseren din uten \u00e5 registrere deg, og du f\u00e5r gratis og ubegrenset tilgang til 100%.<\/p>\n\n\n\n<h3 class=\"wp-block-heading\" id=\"target-audience-and-uses\">M\u00e5lgruppe og bruksomr\u00e5der<\/h3>\n\n\n\n<p class=\"\">M\u00e5lgruppen for verkt\u00f8yene for uskarpe bilder er blant annet<\/p>\n\n\n\n<ul class=\"wp-block-list\">\n<li class=\"\"><strong>Fotografer:<\/strong> Forbedre kvaliteten p\u00e5 bilder som er tatt under mindre ideelle forhold.<\/li>\n\n\n\n<li class=\"\"><strong>Grafiske designere:<\/strong> Forbedre bilder for bruk i ulike designprosjekter.<\/li>\n\n\n\n<li class=\"\"><strong>Brukere av sosiale medier:<\/strong> S\u00f8rg for at bilder som deles p\u00e5 nettet, er tydelige og av h\u00f8y kvalitet.<\/li>\n\n\n\n<li class=\"\"><strong>Familier:<\/strong> Gjenopprett gamle familiebilder som har blitt uskarpe med tiden.<\/li>\n\n\n\n<li class=\"\"><strong>Studenter og profesjonelle:<\/strong> Fjern uskarp tekst i bilder for bedre lesbarhet i presentasjoner og dokumenter.<\/li>\n<\/ul>\n\n\n\n<h3 class=\"wp-block-heading\" id=\"industry-applications-and-uses\">Anvendelser og bruksomr\u00e5der i industrien<\/h3>\n\n\n\n<p class=\"\">Uskarpe bildeverkt\u00f8y er mye brukt i flere bransjer, blant annet:<\/p>\n\n\n\n<ul class=\"wp-block-list\">\n<li class=\"\"><strong>Fotografering:<\/strong> Gj\u00f8r profesjonelle bilder enda klarere.<\/li>\n\n\n\n<li class=\"\"><strong>E-handel:<\/strong> Forbedre produktbildene for \u00e5 tiltrekke kunder.<\/li>\n\n\n\n<li class=\"\"><strong>Media og reklame:<\/strong> S\u00f8rg for bilder av h\u00f8y kvalitet i markedsf\u00f8ringsmateriellet.<\/li>\n\n\n\n<li class=\"\"><strong>Helsevesenet:<\/strong> Forbedre lesbarheten til skannede dokumenter og medisinske bilder.<\/li>\n\n\n\n<li class=\"\"><strong>Utdanning:<\/strong> Forbedre kvaliteten p\u00e5 undervisningsmateriell og presentasjoner.<\/li>\n<\/ul>\n\n\n\n<h3 class=\"wp-block-heading\" id=\"how-to-use-unblur-image\">Slik bruker du Unblur Image<\/h3>\n\n\n\n<p class=\"\">F\u00f8lg disse trinnene for \u00e5 fjerne uskarpheten i et bilde ved hjelp av det anbefalte verkt\u00f8yet:<\/p>\n\n\n\n<ol class=\"wp-block-list\">\n<li class=\"\"><strong>\u00c5pne verkt\u00f8yet:<\/strong> G\u00e5 til <a href=\"https:\/\/aiartfree.online\/nb\/fjerne-uskarphet-i-bildet\/\">Unblur Image Tool<\/a>.<\/li>\n\n\n\n<li class=\"\"><strong>Last opp bildet ditt:<\/strong> Klikk p\u00e5 opplastingsknappen og velg det uskarpe bildet du vil fikse.<\/li>\n\n\n\n<li class=\"\"><strong>Juster innstillingene:<\/strong> Bruk de tilgjengelige innstillingene til \u00e5 finjustere uskarphetsprosessen.<\/li>\n\n\n\n<li class=\"\"><strong>Bruk endringer:<\/strong> Klikk p\u00e5 knappen for \u00e5 fjerne uskarphet for \u00e5 behandle bildet.<\/li>\n\n\n\n<li class=\"\"><strong>Last ned resultatet:<\/strong> N\u00e5r prosessen er fullf\u00f8rt, laster du ned det forbedrede bildet.<\/li>\n<\/ol>\n\n\n\n<h3 class=\"wp-block-heading\" id=\"unblur-image-usage-cases\">Bruk av uskarpe bilder<\/h3>\n\n\n\n<h4 class=\"wp-block-heading\" id=\"enhance-portraits\">Forbedre portretter<\/h4>\n\n\n\n<p class=\"\">Fjern uskarpheten i portrettbilder for \u00e5 fremheve ansiktstrekk og forbedre den generelle bildekvaliteten.<\/p>\n\n\n\n<h4 class=\"wp-block-heading\" id=\"restore-old-photos\">Gjenopprett gamle bilder<\/h4>\n\n\n\n<p class=\"\">Bruk verkt\u00f8y for \u00e5 fjerne uskarphet for \u00e5 gj\u00f8re gamle, uskarpe familiebilder klarere og bevare minnene.<\/p>\n\n\n\n<h4 class=\"wp-block-heading\" id=\"improve-product-photos\">Forbedre produktbildene<\/h4>\n\n\n\n<p class=\"\">Forbedre kvaliteten p\u00e5 produktbildene p\u00e5 netthandelsnettsteder, slik at de blir mer tiltalende for kundene.<\/p>\n\n\n\n<h4 class=\"wp-block-heading\" id=\"fix-blurry-text\">Fiks uskarp tekst<\/h4>\n\n\n\n<p class=\"\">Gj\u00f8r tekst i skannede dokumenter eller bilder mindre uskarp for \u00e5 forbedre lesbarheten.<\/p>\n\n\n\n<h4 class=\"wp-block-heading\" id=\"correct-camera-shake\">Korriger kamerarystelser<\/h4>\n\n\n\n<p class=\"\">Fjern bevegelsesuskarphet for\u00e5rsaket av kamerarystelser i bilder som er tatt mens du er p\u00e5 farten.<\/p>\n\n\n\n<h3 class=\"wp-block-heading\" id=\"comparison-table-of-unblur-image-tools\">Sammenligningstabell over verkt\u00f8y for uskarpe bilder<\/h3>\n\n\n\n<figure class=\"wp-block-table\"><table class=\"has-fixed-layout\"><thead><tr><th>Navn p\u00e5 verkt\u00f8yet<\/th><th>Nettstedets URL<\/th><th>Fordeler<\/th><th>Ulemper<\/th><\/tr><\/thead><tbody><tr><td>AI Art Free Unblur Image Tool<\/td><td><a href=\"https:\/\/aiartfree.online\/nb\/fjerne-uskarphet-i-bildet\/\">https:\/\/aiartfree.online\/Unblur-Image<\/a><\/td><td>100% Gratis, ingen registrering, ubegrenset<\/td><td>Begrensede avanserte funksjoner<\/td><\/tr><tr><td>Fotor<\/td><td>https:\/\/www.fotor.com<\/td><td>Enkel \u00e5 bruke, flere redigeringsverkt\u00f8y<\/td><td>Krever konto for full tilgang<\/td><\/tr><tr><td>Forbedre.pho.to<\/td><td>https:\/\/enhance.pho.to<\/td><td>Gratis, enkelt grensesnitt<\/td><td>Begrensede funksjoner<\/td><\/tr><tr><td>LunaPic<\/td><td>https:\/\/www.lunapic.com<\/td><td>Gratis, nettbasert verkt\u00f8y<\/td><td>Annonser p\u00e5 nettstedet<\/td><\/tr><tr><td>PineTools<\/td><td>https:\/\/www.pinetools.com<\/td><td>Gratis, Mange forskjellige verkt\u00f8y<\/td><td>Grunnleggende grensesnitt<\/td><\/tr><tr><td>Photopea<\/td><td>https:\/\/www.photopea.com<\/td><td>Kraftig, gratis<\/td><td>Kan v\u00e6re komplisert for nybegynnere<\/td><\/tr><tr><td>Adobe Photoshop Express<\/td><td>https:\/\/www.photoshop.com\/tools<\/td><td>P\u00e5litelig merkevare, resultater av h\u00f8y kvalitet<\/td><td>Begrenset gratisversjon<\/td><\/tr><tr><td>Snapseed<\/td><td>https:\/\/snapseed.online<\/td><td>Mobilvennlig, enkel \u00e5 bruke<\/td><td>Krever nedlasting<\/td><\/tr><tr><td>GIMP<\/td><td>https:\/\/www.gimp.org<\/td><td>Gratis, \u00e5pen kildekode<\/td><td>Bratt l\u00e6ringskurve<\/td><\/tr><tr><td>VanceAI<\/td><td><a href=\"https:\/\/vanceai.com\" target=\"_blank\" rel=\"noopener\">https:\/\/vanceai.com<\/a><\/td><td>AI-drevne resultater av h\u00f8y kvalitet<\/td><td>Betalt abonnement kreves<\/td><\/tr><\/tbody><\/table><\/figure>\n\n\n\n<h3 class=\"wp-block-heading\" id=\"advantages-disadvantages-and-challenges-of-the-industry\">Fordeler, ulemper og utfordringer i bransjen<\/h3>\n\n\n\n<h4 class=\"wp-block-heading\" id=\"advantages\">Fordeler<\/h4>\n\n\n\n<ul class=\"wp-block-list\">\n<li class=\"\"><strong>Tilgjengelighet:<\/strong> De fleste verkt\u00f8yene er tilgjengelige p\u00e5 nettet, noe som gir enkel tilgang.<\/li>\n\n\n\n<li class=\"\"><strong>Kostnadseffektivt:<\/strong> Mange verkt\u00f8y tilbyr gratisversjoner med kraftige funksjoner.<\/li>\n\n\n\n<li class=\"\"><strong>Brukervennlig:<\/strong> Designet for brukere med varierende ekspertiseniv\u00e5.<\/li>\n<\/ul>\n\n\n\n<h4 class=\"wp-block-heading\" id=\"disadvantages\">Ulemper<\/h4>\n\n\n\n<ul class=\"wp-block-list\">\n<li class=\"\"><strong>Kvalitetsavvik:<\/strong> Resultatene kan variere avhengig av hvilket verkt\u00f8y som brukes.<\/li>\n\n\n\n<li class=\"\"><strong>L\u00e6ringskurve:<\/strong> Noen verkt\u00f8y kan kreve tid \u00e5 l\u00e6re seg og mestre.<\/li>\n\n\n\n<li class=\"\"><strong>Abonnementsavgifter:<\/strong> Avanserte funksjoner kan kreve betalte abonnementer.<\/li>\n<\/ul>\n\n\n\n<h4 class=\"wp-block-heading\" id=\"challenges\">Utfordringer<\/h4>\n\n\n\n<ul class=\"wp-block-list\">\n<li class=\"\"><strong>Opprettholde kvaliteten:<\/strong> Sikrer konsekvent h\u00f8y kvalitet p\u00e5 tvers av ulike bilder.<\/li>\n\n\n\n<li class=\"\"><strong>Begrensninger i teknologien:<\/strong> AI-teknologi kan ikke h\u00e5ndtere alle typer uskarphet perfekt.<\/li>\n\n\n\n<li class=\"\"><strong>Brukerforventninger:<\/strong> Im\u00f8tekomme ulike brukerforventninger for ulike bruksomr\u00e5der.<\/li>\n<\/ul>\n\n\n\n<h3 class=\"wp-block-heading\" id=\"frequently-asked-questions\">Ofte stilte sp\u00f8rsm\u00e5l<\/h3>\n\n\n\n<ol class=\"wp-block-list\">\n<li class=\"\"><strong>Hvordan fjerne uskarpheten i et bilde?<\/strong>\n<ul class=\"wp-block-list\">\n<li class=\"\">Bruk et nettbasert verkt\u00f8y som <a href=\"https:\/\/aiartfree.online\/nb\/fjerne-uskarphet-i-bildet\/\">AI Art Free Unblur Image Tool<\/a> for \u00e5 laste opp og behandle bildet ditt.<\/li>\n<\/ul>\n<\/li>\n\n\n\n<li class=\"\"><strong>Hvordan fjerne uskarphet i bilder?<\/strong>\n<ul class=\"wp-block-list\">\n<li class=\"\">Velg et p\u00e5litelig verkt\u00f8y, last opp bildet ditt, juster innstillingene og bruk uskarphetseffekten.<\/li>\n<\/ul>\n<\/li>\n\n\n\n<li class=\"\"><strong>Hvordan fjerne uskarphet i et bilde?<\/strong>\n<ul class=\"wp-block-list\">\n<li class=\"\">F\u00f8lg den trinnvise veiledningen ovenfor ved hjelp av et AI-drevet verkt\u00f8y.<\/li>\n<\/ul>\n<\/li>\n\n\n\n<li class=\"\"><strong>Hvordan fjerne uskarphet i et bilde p\u00e5 iPhone?<\/strong>\n<ul class=\"wp-block-list\">\n<li class=\"\">\u00c5pne nettleseren din og bes\u00f8k <a href=\"https:\/\/aiartfree.online\/nb\/fjerne-uskarphet-i-bildet\/\">AI Art Free Unblur Image Tool<\/a> for \u00e5 fjerne uskarpheten i bildet ditt.<\/li>\n<\/ul>\n<\/li>\n\n\n\n<li class=\"\"><strong>Hvordan fjerne uskarpheten i et bilde i Photoshop?<\/strong>\n<ul class=\"wp-block-list\">\n<li class=\"\">\u00c5pne nettleseren din og bes\u00f8k <a href=\"https:\/\/aiartfree.online\/nb\/fjerne-uskarphet-i-bildet\/\">AI Art Free Unblur Image Tool<\/a> for \u00e5 bruke et enklere alternativ.<\/li>\n<\/ul>\n<\/li>\n\n\n\n<li class=\"\"><strong>Hvordan gj\u00f8re et uskarpt bilde klart?<\/strong>\n<ul class=\"wp-block-list\">\n<li class=\"\">Bruk et bildeforsterkningsverkt\u00f8y for \u00e5 gj\u00f8re bildet skarpere.<\/li>\n<\/ul>\n<\/li>\n\n\n\n<li class=\"\"><strong>Hvordan fjerne uskarpheten i et bilde?<\/strong>\n<ul class=\"wp-block-list\">\n<li class=\"\">F\u00f8lg trinnene i avsnittet \"Slik bruker du Unblur Image\" for \u00e5 fjerne uskarphet fra bildet ditt.<\/li>\n<\/ul>\n<\/li>\n\n\n\n<li class=\"\"><strong>Hvordan fikser jeg uskarpe bilder?<\/strong>\n<ul class=\"wp-block-list\">\n<li class=\"\">Bruk et nettbasert verkt\u00f8y for \u00e5 gjenopprette klarheten i uskarpe bilder.<\/li>\n<\/ul>\n<\/li>\n\n\n\n<li class=\"\"><strong>Hva er det beste verkt\u00f8yet for \u00e5 fjerne uskarphet?<\/strong>\n<ul class=\"wp-block-list\">\n<li class=\"\">Den <a href=\"https:\/\/aiartfree.online\/nb\/fjerne-uskarphet-i-bildet\/\">AI Art Free Unblur Image Tool<\/a> anbefales p\u00e5 det varmeste p\u00e5 grunn av brukervennligheten og de kraftige funksjonene.<\/li>\n<\/ul>\n<\/li>\n\n\n\n<li class=\"\"><strong>Hvordan fjerne uskarp tekst i et bilde?<\/strong>\n<ul class=\"wp-block-list\">\n<li class=\"\">Bruk et verkt\u00f8y for \u00e5 fjerne uskarp tekst for \u00e5 forbedre lesbarheten av uskarp tekst i bildene dine.<\/li>\n<\/ul>\n<\/li>\n<\/ol>\n\n\n\n<h3 class=\"wp-block-heading\" id=\"summary\">Sammendrag<\/h3>\n\n\n\n<p class=\"\">Det har aldri v\u00e6rt enklere \u00e5 fjerne uskarphet i bilder enn n\u00e5, takket v\u00e6re kraftige AI-drevne verkt\u00f8y. Enten du \u00f8nsker \u00e5 forbedre portrettbilder, restaurere gamle bilder eller rette opp uskarp tekst, tilbyr disse verkt\u00f8yene en praktisk og effektiv l\u00f8sning. Bes\u00f8k <a href=\"https:\/\/aiartfree.online\/nb\/fjerne-uskarphet-i-bildet\/\">AI Art Free Unblur Image Tool<\/a> for \u00e5 oppleve det beste uklarhetsverkt\u00f8yet som er tilgjengelig, 100% gratis og ubegrenset, uten registrering. Forvandle dine uskarpe bilder til klare bilder av h\u00f8y kvalitet i dag!<\/p>","protected":false},"excerpt":{"rendered":"<p>Before vs After How to use the Unblur Image *&nbsp;Depending on your internet speed, loading the model may take up to 10 seconds \u2193 Unblur Image: The Ultimate Guide to AI-Powered Photo Blur Removal Outline In this comprehensive guide, we will explore the world of image unblurring, its advantages, functions, target audience, and practical uses. &#8230; <a title=\"Fjern uskarpheten i bildet\" class=\"read-more\" href=\"https:\/\/aiartfree.online\/nb\/fjerne-uskarphet-i-bildet\/\" aria-label=\"Read more about Unblur Image\">Les mer<\/a><\/p>","protected":false},"author":1,"featured_media":3450,"parent":0,"menu_order":0,"comment_status":"open","ping_status":"closed","template":"","meta":{"nf_dc_page":"","footnotes":""},"class_list":["post-3445","page","type-page","status-publish","has-post-thumbnail"],"jetpack_sharing_enabled":true,"_links":{"self":[{"href":"https:\/\/aiartfree.online\/nb\/wp-json\/wp\/v2\/pages\/3445","targetHints":{"allow":["GET"]}}],"collection":[{"href":"https:\/\/aiartfree.online\/nb\/wp-json\/wp\/v2\/pages"}],"about":[{"href":"https:\/\/aiartfree.online\/nb\/wp-json\/wp\/v2\/types\/page"}],"author":[{"embeddable":true,"href":"https:\/\/aiartfree.online\/nb\/wp-json\/wp\/v2\/users\/1"}],"replies":[{"embeddable":true,"href":"https:\/\/aiartfree.online\/nb\/wp-json\/wp\/v2\/comments?post=3445"}],"version-history":[{"count":1,"href":"https:\/\/aiartfree.online\/nb\/wp-json\/wp\/v2\/pages\/3445\/revisions"}],"predecessor-version":[{"id":3597,"href":"https:\/\/aiartfree.online\/nb\/wp-json\/wp\/v2\/pages\/3445\/revisions\/3597"}],"wp:featuredmedia":[{"embeddable":true,"href":"https:\/\/aiartfree.online\/nb\/wp-json\/wp\/v2\/media\/3450"}],"wp:attachment":[{"href":"https:\/\/aiartfree.online\/nb\/wp-json\/wp\/v2\/media?parent=3445"}],"curies":[{"name":"wp","href":"https:\/\/api.w.org\/{rel}","templated":true}]}}