{"id":3444,"date":"2024-08-02T05:54:16","date_gmt":"2024-08-02T05:54:16","guid":{"rendered":"https:\/\/aiartfree.online\/?page_id=3444"},"modified":"2025-03-07T08:03:21","modified_gmt":"2025-03-07T08:03:21","slug":"ai-picture-generator","status":"publish","type":"page","link":"https:\/\/aiartfree.online\/nb\/ai-bildegenerator\/","title":{"rendered":"AI Picture Generator"},"content":{"rendered":"<h2 class=\"wp-block-heading has-text-align-center\">Hva brukerne v\u00e5re gjorde<\/h2>\n\n\n\n<figure class=\"gb-block-image gb-block-image-1822da1f\"><img data-recalc-dims=\"1\" decoding=\"async\" loading=\"lazy\" width=\"1112\" height=\"576\" class=\"gb-image gb-image-1822da1f\" src=\"https:\/\/i0.wp.com\/aiartfree.online\/wp-content\/uploads\/2024\/08\/WX20240802-111707%402x.jpg?resize=1112%2C576&#038;ssl=1\" alt=\"Lag fantastiske og unike bilder uten problemer med AI Art Free. V\u00e5r gratis AI-bildegenerator 100% tilbyr ubegrenset tilgang og resultater av h\u00f8y kvalitet, perfekt for sosiale medier, markedsf\u00f8ring og personlig bruk. Du trenger ikke \u00e5 registrere deg - bare skriv inn en tekstmelding, og la v\u00e5r AI forvandle ideene dine til vakre bilder. Utforsk uendelige muligheter med v\u00e5rt kraftige og brukervennlige verkt\u00f8y i dag!\" title=\"WX20240802-111707@2x\" srcset=\"https:\/\/i0.wp.com\/aiartfree.online\/wp-content\/uploads\/2024\/08\/WX20240802-111707%402x.jpg?w=1112&amp;ssl=1 1112w, https:\/\/i0.wp.com\/aiartfree.online\/wp-content\/uploads\/2024\/08\/WX20240802-111707%402x.jpg?resize=300%2C155&amp;ssl=1 300w, https:\/\/i0.wp.com\/aiartfree.online\/wp-content\/uploads\/2024\/08\/WX20240802-111707%402x.jpg?resize=1024%2C530&amp;ssl=1 1024w, https:\/\/i0.wp.com\/aiartfree.online\/wp-content\/uploads\/2024\/08\/WX20240802-111707%402x.jpg?resize=768%2C398&amp;ssl=1 768w, https:\/\/i0.wp.com\/aiartfree.online\/wp-content\/uploads\/2024\/08\/WX20240802-111707%402x.jpg?resize=18%2C9&amp;ssl=1 18w, https:\/\/i0.wp.com\/aiartfree.online\/wp-content\/uploads\/2024\/08\/WX20240802-111707%402x.jpg?resize=600%2C311&amp;ssl=1 600w\" sizes=\"auto, (max-width: 1112px) 100vw, 1112px\" \/><\/figure>\n\n\n\n<h2 class=\"wp-block-heading\">Slik bruker du AI Picture Generator<\/h2>\n\n\n\n<ol class=\"wp-block-list\">\n<li class=\"\">Last opp lydfilen din<\/li>\n\n\n\n<li class=\"\">Klikk p\u00e5 \"Oversett\"<\/li>\n\n\n\n<li class=\"\">Vent, det var det!<\/li>\n<\/ol>\n\n\n\n<p class=\"\">* Pr\u00f8v gjerne eksemplene nedenfor hvis du ikke har noen tanker i hodet<\/p>\n\n\n\n<h2 class=\"wp-block-heading\">Eksempler p\u00e5 ledetekster<\/h2>\n\n\n\n<ol style=\"font-size:16px\" class=\"wp-block-list\">\n<li class=\"\">fantastisk, sv\u00e6rt detaljert illustrasjon av Morgan Freeman p\u00e5 en Harley Davidson-motorsykkel, m\u00f8rk og dyster<\/li>\n\n\n\n<li class=\"\">Fantastisk grafisk romanillustrasjon Midt i den enorme stjernet\u00e5ken svever en ensom astronaut, bundet til et lysende stjerneskip. De str\u00e5lende gassene i stjernet\u00e5ken danser rundt, reflekterer livlige farger p\u00e5 drakten og skaper en ballett av lys og bevegelse.<\/li>\n\n\n\n<li class=\"\">fantastisk grafisk romanillustrasjon av Ved et veikryss i en postapokalyptisk \u00f8demark st\u00e5r en vandrer med en gitar laget av skrapmetall og synger historier om den gamle verden. Mutante skapninger samles rundt leirb\u00e5let med lengselsfulle \u00f8yne.<\/li>\n\n\n\n<li class=\"\">Fantastisk grafisk romanillustrasjon av et barn som jakter p\u00e5 fargerike sommerfugler p\u00e5 en livlig eng.<\/li>\n\n\n\n<li class=\"\">Fantastisk grafisk romanillustrasjon P\u00e5 en strand der b\u00f8lgene er vevd av historier, skaper en historieforteller med en vev av m\u00e5neskinn fortellinger fra tidevannet. Skjell hvisker legender, og horisonten er en vev av eventyr som enn\u00e5 ikke er fortalt.<\/li>\n\n\n\n<li class=\"\">Fantastisk grafisk romanillustrasjon av en falk som svever over en \u00f8rken p\u00e5 jakt etter bytte.<\/li>\n\n\n\n<li class=\"\">fantastisk grafisk romanillustrasjon Dypt inne i polarsirkelen maler et nordlys himmelen med vibrerende nyanser av gr\u00f8nt, rosa og lilla. Sn\u00f8en under oss reflekterer denne lysdansen, og verden er innhyllet i en fascinerende fargesymfoni.<\/li>\n\n\n\n<li class=\"\">fantastisk grafisk romanillustrasjon av en tatov\u00f8r som tegner et intrikat motiv p\u00e5 ryggen til en kunde.<\/li>\n\n\n\n<li class=\"\">fantastisk grafisk romanillustrasjon av en kvinne, drapert i fargerik silke, som leser tarotkort i et telt opplyst av levende lys.<\/li>\n\n\n\n<li class=\"\">fantastisk grafisk romanillustrasjon av to speleologer som kartlegger en dyp grotte med fakler som lyser opp veien.<\/li>\n<\/ol>\n\n\n\n<figure class=\"gb-block-image gb-block-image-032aac41\"><a href=\"https:\/\/fas.st\/t\/9U4PYbm7\" target=\"_blank\" rel=\"noopener noreferrer\"><img data-recalc-dims=\"1\" decoding=\"async\" loading=\"lazy\" width=\"1200\" height=\"365\" class=\"gb-image gb-image-032aac41\" src=\"https:\/\/i0.wp.com\/aiartfree.online\/wp-content\/uploads\/2025\/03\/WX20250307-115412%402x.webp?resize=1200%2C365&#038;ssl=1\" alt=\"\" title=\"WX20250307-115412@2x\" srcset=\"https:\/\/i0.wp.com\/aiartfree.online\/wp-content\/uploads\/2025\/03\/WX20250307-115412%402x.webp?w=1942&amp;ssl=1 1942w, https:\/\/i0.wp.com\/aiartfree.online\/wp-content\/uploads\/2025\/03\/WX20250307-115412%402x.webp?resize=300%2C91&amp;ssl=1 300w, https:\/\/i0.wp.com\/aiartfree.online\/wp-content\/uploads\/2025\/03\/WX20250307-115412%402x.webp?resize=1024%2C312&amp;ssl=1 1024w, https:\/\/i0.wp.com\/aiartfree.online\/wp-content\/uploads\/2025\/03\/WX20250307-115412%402x.webp?resize=768%2C234&amp;ssl=1 768w, https:\/\/i0.wp.com\/aiartfree.online\/wp-content\/uploads\/2025\/03\/WX20250307-115412%402x.webp?resize=1536%2C467&amp;ssl=1 1536w, https:\/\/i0.wp.com\/aiartfree.online\/wp-content\/uploads\/2025\/03\/WX20250307-115412%402x.webp?resize=18%2C5&amp;ssl=1 18w, https:\/\/i0.wp.com\/aiartfree.online\/wp-content\/uploads\/2025\/03\/WX20250307-115412%402x.webp?resize=600%2C183&amp;ssl=1 600w\" sizes=\"auto, (max-width: 1200px) 100vw, 1200px\" \/><\/a><\/figure>\n\n\n\n<p class=\"\"><em>* Avhengig av internetthastigheten din, kan det ta litt tid \u00e5 laste inn modellen <\/em>opptil 10 sekunder \u2193<\/p>\n\n\n\n<div class=\"iframe-wrapper\" style=\"position: relative; width: 100%; height: 1000px;\">\n  <div class=\"loading\" style=\"position: absolute; top: 50px; left: 50%; transform: translate(-50%, -50%); width: 40px; height: 40px; border: 3px solid #f0f0f0; border-top: 3px solid #db7093; border-radius: 50%; animation: spin 1s linear infinite;\"><\/div>\n  <iframe loading=\"lazy\" src=\"https:\/\/ap123-sdxl-lightning.hf.space\" frameborder=\"0\" width=\"100%\" height=\"100%\" style=\"position: absolute; top: 0; left: 0; opacity: 0; transition: opacity 0.3s;\" onload=\"this.style.opacity=1;this.previousElementSibling.style.display='none';\"><\/iframe>\n<\/div>\n\n<style>\n@keyframes spin {\n  0% { transform: translate(-50%, -50%) rotate(0deg); }\n  100% { transform: translate(-50%, -50%) rotate(360deg); }\n}\n<\/style>\n\n\n\n<div style=\"height:80px\" aria-hidden=\"true\" class=\"wp-block-spacer\"><\/div>\n\n\n\n<h2 class=\"wp-block-heading\">AI Picture Generator: Den ultimate guiden<\/h2>\n\n\n\n<h3 class=\"wp-block-heading\">Omriss<\/h3>\n\n\n\n<p class=\"\">AI-bildegeneratorer revolusjonerer m\u00e5ten vi skaper bilder p\u00e5, og tilbyr 100% gratis, ubegrensede og unike bilder av h\u00f8y kvalitet. Denne guiden tar for seg definisjon, fordeler, funksjoner, m\u00e5lgruppe, bruksomr\u00e5der, bransjefordeler og utfordringer. Vi g\u00e5r ogs\u00e5 gjennom de beste verkt\u00f8yene og har en FAQ-seksjon for \u00e5 svare p\u00e5 vanlige sp\u00f8rsm\u00e5l.<\/p>\n\n\n\n<h3 class=\"wp-block-heading\">Innholdsfortegnelse<\/h3>\n\n\n\n<ul class=\"wp-block-list\">\n<li class=\"\"><a href=\"#what-is-an-ai-picture-generator\">Hva er en AI-bildegenerator?<\/a><\/li>\n\n\n\n<li class=\"\"><a href=\"#why-use-an-ai-picture-generator\">Hvorfor bruke en AI-bildegenerator?<\/a><\/li>\n\n\n\n<li class=\"\"><a href=\"#main-features-of-ai-picture-generators\">Hovedfunksjonene til AI Picture Generators<\/a>\n<ul class=\"wp-block-list\">\n<li class=\"\"><a href=\"#100-free\">100% Gratis<\/a><\/li>\n\n\n\n<li class=\"\"><a href=\"#unlimited-usage\">Ubegrenset bruk<\/a><\/li>\n\n\n\n<li class=\"\"><a href=\"#high-quality-outputs\">Utganger av h\u00f8y kvalitet<\/a><\/li>\n<\/ul>\n<\/li>\n\n\n\n<li class=\"\"><a href=\"#who-should-use-ai-picture-generators\">Hvem b\u00f8r bruke AI-bildegeneratorer?<\/a><\/li>\n\n\n\n<li class=\"\"><a href=\"#industry-applications-of-ai-picture-generators\">Bruksomr\u00e5der for AI-bildegeneratorer i industrien<\/a><\/li>\n\n\n\n<li class=\"\"><a href=\"#how-to-use-an-ai-picture-generator\">Slik bruker du en AI-bildegenerator<\/a><\/li>\n\n\n\n<li class=\"\"><a href=\"#ai-picture-generator-use-cases\">Bruksomr\u00e5der for AI Picture Generator<\/a>\n<ul class=\"wp-block-list\">\n<li class=\"\"><a href=\"#social-media-content-creation\">Opprettelse av innhold i sosiale medier<\/a><\/li>\n\n\n\n<li class=\"\"><a href=\"#marketing-and-advertising\">Markedsf\u00f8ring og reklame<\/a><\/li>\n\n\n\n<li class=\"\"><a href=\"#website-design\">Nettstedsdesign<\/a><\/li>\n<\/ul>\n<\/li>\n\n\n\n<li class=\"\"><a href=\"#top-10-ai-picture-generators-and-their-pros-and-cons\">Topp 10 AI-bildegeneratorer og deres fordeler og ulemper<\/a><\/li>\n\n\n\n<li class=\"\"><a href=\"#pros-cons-and-challenges-in-the-ai-picture-generator-industry\">Fordeler, ulemper og utfordringer i bransjen for AI-bildegeneratorer<\/a><\/li>\n\n\n\n<li class=\"\"><a href=\"#faq\">VANLIGE SP\u00d8RSM\u00c5L<\/a><\/li>\n\n\n\n<li class=\"\"><a href=\"#summary-and-call-to-action\">Oppsummering og oppfordring til handling<\/a><\/li>\n<\/ul>\n\n\n\n<h3 class=\"wp-block-heading\">Hva er en AI-bildegenerator?<\/h3>\n\n\n\n<p class=\"\">En AI-bildegenerator er et verkt\u00f8y som bruker kunstig intelligens til \u00e5 skape bilder ut fra tekstmeldinger. Disse verkt\u00f8yene kan generere unike bilder av h\u00f8y kvalitet basert p\u00e5 beskrivelser fra brukeren, noe som gj\u00f8r det mulig \u00e5 skape kreative og effektive bilder.<\/p>\n\n\n\n<h3 class=\"wp-block-heading\">Hvorfor bruke en AI-bildegenerator?<\/h3>\n\n\n\n<p class=\"\">AI-bildegeneratorer byr p\u00e5 mange fordeler:<\/p>\n\n\n\n<ul class=\"wp-block-list\">\n<li class=\"\"><strong>100% Gratis:<\/strong> Mange verkt\u00f8y, som f.eks. <a href=\"https:\/\/aiartfree.online\/nb\/ai-bildegenerator\/\">AI Art Free<\/a>, gi fri tilgang.<\/li>\n\n\n\n<li class=\"\"><strong>Ubegrenset bruk:<\/strong> Ingen begrensninger p\u00e5 antall bilder som kan genereres.<\/li>\n\n\n\n<li class=\"\"><strong>Utganger av h\u00f8y kvalitet:<\/strong> Produserer bilder av profesjonell kvalitet.<\/li>\n\n\n\n<li class=\"\"><strong>Ingen p\u00e5melding n\u00f8dvendig:<\/strong> Enkel og rask tilgang.<\/li>\n\n\n\n<li class=\"\"><strong>AI-genererte bilder:<\/strong> Sikrer originalitet og kreativitet.<\/li>\n<\/ul>\n\n\n\n<h3 class=\"wp-block-heading\">Hovedfunksjonene til AI Picture Generators<\/h3>\n\n\n\n<h4 class=\"wp-block-heading\">100% Gratis<\/h4>\n\n\n\n<p class=\"\">AI-bildegeneratorer som <a href=\"https:\/\/aiartfree.online\/nb\/ai-bildegenerator\/\">AI Art Free<\/a> tilbyr helt gratis tjenester, noe som gj\u00f8r dem tilgjengelige for alle.<\/p>\n\n\n\n<h4 class=\"wp-block-heading\">Ubegrenset bruk<\/h4>\n\n\n\n<p class=\"\">Med disse verkt\u00f8yene kan brukerne generere et ubegrenset antall bilder, noe som gir mulighet til \u00e5 utfolde seg kreativt uten begrensninger.<\/p>\n\n\n\n<h4 class=\"wp-block-heading\">Utganger av h\u00f8y kvalitet<\/h4>\n\n\n\n<p class=\"\">AI-bildegeneratorer produserer h\u00f8yoppl\u00f8selige bilder av profesjonell kvalitet som egner seg for ulike bruksomr\u00e5der.<\/p>\n\n\n\n<h3 class=\"wp-block-heading\">Hvem b\u00f8r bruke AI-bildegeneratorer?<\/h3>\n\n\n\n<ul class=\"wp-block-list\">\n<li class=\"\"><strong>Skapere av innhold:<\/strong> Bloggere, vloggere og influencere i sosiale medier.<\/li>\n\n\n\n<li class=\"\"><strong>Markedsf\u00f8rere:<\/strong> Reklamefolk som trenger unike bilder.<\/li>\n\n\n\n<li class=\"\"><strong>Webdesignere:<\/strong> Utviklere som s\u00f8ker tilpassede bilder til nettsteder.<\/li>\n\n\n\n<li class=\"\"><strong>Kunstnere:<\/strong> Personer som \u00f8nsker \u00e5 utforske AI-generert kunst.<\/li>\n<\/ul>\n\n\n\n<h3 class=\"wp-block-heading\">Bruksomr\u00e5der for AI-bildegeneratorer i industrien<\/h3>\n\n\n\n<ul class=\"wp-block-list\">\n<li class=\"\"><strong>Reklame:<\/strong> Skape i\u00f8ynefallende bilder til markedsf\u00f8ringskampanjer.<\/li>\n\n\n\n<li class=\"\"><strong>E-handel:<\/strong> Utforming av produktbilder og forbedring av nettannonser.<\/li>\n\n\n\n<li class=\"\"><strong>Medier og underholdning:<\/strong> Generering av visuelt materiale til publikasjoner og multimedieprosjekter.<\/li>\n\n\n\n<li class=\"\"><strong>Utdanning:<\/strong> Produksjon av undervisningsmateriell og visuelle hjelpemidler.<\/li>\n<\/ul>\n\n\n\n<h3 class=\"wp-block-heading\">Slik bruker du en AI-bildegenerator<\/h3>\n\n\n\n<ol class=\"wp-block-list\">\n<li class=\"\"><strong>Skriv inn en tekstforesp\u00f8rsel:<\/strong> Beskriv bildet du \u00f8nsker \u00e5 skape.<\/li>\n\n\n\n<li class=\"\"><strong>Velg Preferences (Innstillinger):<\/strong> Velg stil, oppl\u00f8sning og andre innstillinger.<\/li>\n\n\n\n<li class=\"\"><strong>Generer bilde:<\/strong> Klikk for \u00e5 opprette bildet.<\/li>\n\n\n\n<li class=\"\"><strong>Last ned og bruk:<\/strong> Lagre og bruk det genererte bildet.<\/li>\n<\/ol>\n\n\n\n<h3 class=\"wp-block-heading\">Bruksomr\u00e5der for AI Picture Generator<\/h3>\n\n\n\n<h4 class=\"wp-block-heading\">Opprettelse av innhold i sosiale medier<\/h4>\n\n\n\n<p class=\"\">AI-genererte bilder kan forbedre innlegg, historier og annonser i sosiale medier med unike visuelle elementer.<\/p>\n\n\n\n<h4 class=\"wp-block-heading\">Markedsf\u00f8ring og reklame<\/h4>\n\n\n\n<p class=\"\">Bedrifter kan bruke AI-genererte bilder til reklamemateriell, annonser og bannere.<\/p>\n\n\n\n<h4 class=\"wp-block-heading\">Nettstedsdesign<\/h4>\n\n\n\n<p class=\"\">Webutviklere kan lage spesialtilpasset grafikk for nettsteder, noe som sikrer et unikt og profesjonelt utseende.<\/p>\n\n\n\n<h3 class=\"wp-block-heading\">Topp 10 AI-bildegeneratorer og deres fordeler og ulemper<\/h3>\n\n\n\n<figure class=\"wp-block-table\"><table class=\"has-fixed-layout\"><thead><tr><th>Verkt\u00f8y<\/th><th>Nettsted<\/th><th>Fordeler<\/th><th>Ulemper<\/th><\/tr><\/thead><tbody><tr><td>AI Art Free<\/td><td><a href=\"https:\/\/aiartfree.online\/nb\/ai-bildegenerator\/\">aiartfree.online<\/a><\/td><td>100% Gratis, ubegrenset, h\u00f8y kvalitet<\/td><td>Ingen<\/td><\/tr><tr><td>DALL-E 2<\/td><td><a href=\"https:\/\/www.openai.com\/dall-e-2\" target=\"_blank\" rel=\"noopener\">openai.com<\/a><\/td><td>Kreativ og av h\u00f8y kvalitet<\/td><td>Begrenset gratis bruk<\/td><\/tr><tr><td>DeepArt<\/td><td><a href=\"https:\/\/deepart.io\" target=\"_blank\" rel=\"noopener\">deepart.io<\/a><\/td><td>Kunstneriske stiler, unike bilder<\/td><td>Betalte planer<\/td><\/tr><tr><td>Artbreeder<\/td><td><a href=\"https:\/\/artbreeder.com\" target=\"_blank\" rel=\"noopener\">artbreeder.com<\/a><\/td><td>Samarbeidsorientert, tilpasningsdyktig<\/td><td>L\u00e6ringskurve<\/td><\/tr><tr><td>NightCafe<\/td><td><a>nightcafe.studio<\/a><\/td><td>Enkel \u00e5 bruke, ulike stiler<\/td><td>Noen funksjoner betalt<\/td><\/tr><tr><td>Rullebane ML<\/td><td><a href=\"https:\/\/runwayml.com\" target=\"_blank\" rel=\"noopener\">runwayml.com<\/a><\/td><td>Profesjonelle verkt\u00f8y, allsidig<\/td><td>Abonnement p\u00e5krevd<\/td><\/tr><tr><td>Stor s\u00f8vn<\/td><td><a href=\"https:\/\/bigsleep.dev\" target=\"_blank\" rel=\"noopener\">bigsleep.dev<\/a><\/td><td>Realistiske bilder, \u00e5pen kildekode<\/td><td>Krever teknisk kunnskap<\/td><\/tr><tr><td>PaintsChainer<\/td><td><a>paintschainer.preferred.tech<\/a><\/td><td>AI-fargelegging, brukervennlig<\/td><td>Begrensede funksjoner<\/td><\/tr><tr><td>Picas<\/td><td><a href=\"https:\/\/picas.tech\" target=\"_blank\" rel=\"noopener\">picas.tech<\/a><\/td><td>Raske, kreative filtre<\/td><td>Vannmerkede bilder<\/td><\/tr><tr><td>GauGAN<\/td><td><a href=\"https:\/\/nvidia.com\/research\/ai\/augan\" target=\"_blank\" rel=\"noopener\">nvidia.com<\/a><\/td><td>Realistiske landskap, h\u00f8y kvalitet<\/td><td>Krever GPU<\/td><\/tr><\/tbody><\/table><\/figure>\n\n\n\n<h3 class=\"wp-block-heading\">Fordeler, ulemper og utfordringer i bransjen for AI-bildegeneratorer<\/h3>\n\n\n\n<h4 class=\"wp-block-heading\">Fordeler<\/h4>\n\n\n\n<ul class=\"wp-block-list\">\n<li class=\"\"><strong>Tilgjengelighet:<\/strong> Verkt\u00f8y som AI Art Free tilbyr gratis, ubegrenset tilgang.<\/li>\n\n\n\n<li class=\"\"><strong>Kreativitet:<\/strong> AI kan produsere unike og kreative bilder.<\/li>\n\n\n\n<li class=\"\"><strong>Effektivitet:<\/strong> Sparer tid ved generering av bilder.<\/li>\n<\/ul>\n\n\n\n<h4 class=\"wp-block-heading\">Ulemper<\/h4>\n\n\n\n<ul class=\"wp-block-list\">\n<li class=\"\"><strong>Variabilitet i kvalitet:<\/strong> Noen verkt\u00f8y kan gi inkonsekvente resultater.<\/li>\n\n\n\n<li class=\"\"><strong>L\u00e6ringskurve:<\/strong> Krever en viss forst\u00e5else for \u00e5 kunne brukes effektivt.<\/li>\n\n\n\n<li class=\"\"><strong>Avhengighet av tekstmeldinger:<\/strong> Kvaliteten p\u00e5 bildene avhenger av kvaliteten p\u00e5 beskrivelsene.<\/li>\n<\/ul>\n\n\n\n<h4 class=\"wp-block-heading\">Utfordringer<\/h4>\n\n\n\n<ul class=\"wp-block-list\">\n<li class=\"\"><strong>Etiske bekymringer:<\/strong> Sp\u00f8rsm\u00e5l knyttet til opphavsrett og originalitet.<\/li>\n\n\n\n<li class=\"\"><strong>Tekniske begrensninger:<\/strong> Noen verkt\u00f8y krever avansert maskinvare.<\/li>\n\n\n\n<li class=\"\"><strong>Markedsmetning:<\/strong> Det finnes mange tilgjengelige verkt\u00f8y, noe som gj\u00f8r det vanskelig \u00e5 velge det beste.<\/li>\n<\/ul>\n\n\n\n<h3 class=\"wp-block-heading\">VANLIGE SP\u00d8RSM\u00c5L<\/h3>\n\n\n\n<ol class=\"wp-block-list\">\n<li class=\"\"><strong>Er dette bildet AI-generert?<\/strong>\n<ul class=\"wp-block-list\">\n<li class=\"\">AI-genererte bilder skapes ved hjelp av algoritmer basert p\u00e5 tekstmeldinger.<\/li>\n<\/ul>\n<\/li>\n\n\n\n<li class=\"\"><strong>Hvordan kan man se om et bilde er AI-generert?<\/strong>\n<ul class=\"wp-block-list\">\n<li class=\"\">Se etter unike, ofte surrealistiske elementer og mangel p\u00e5 ufullkommenheter som man finner i menneskeskapt kunst.<\/li>\n<\/ul>\n<\/li>\n\n\n\n<li class=\"\"><strong>Hvordan genererer jeg AI-bilder?<\/strong>\n<ul class=\"wp-block-list\">\n<li class=\"\">Bruk verkt\u00f8y som <a href=\"https:\/\/aiartfree.online\/nb\/ai-bildegenerator\/\">AI Art Free<\/a> ved \u00e5 skrive inn tekstmeldinger.<\/li>\n<\/ul>\n<\/li>\n\n\n\n<li class=\"\"><strong>Hvordan generere bilder med AI?<\/strong>\n<ul class=\"wp-block-list\">\n<li class=\"\">Skriv inn en tekstbeskrivelse, og la AI behandle og skape bildet.<\/li>\n<\/ul>\n<\/li>\n\n\n\n<li class=\"\"><strong>Hvordan lage AI-genererte bilder?<\/strong>\n<ul class=\"wp-block-list\">\n<li class=\"\">Bruk AI-bildegeneratorer til \u00e5 konvertere tekstbeskrivelser til bilder.<\/li>\n<\/ul>\n<\/li>\n\n\n\n<li class=\"\"><strong>Hva er den beste AI-bildegeneratoren?<\/strong>\n<ul class=\"wp-block-list\">\n<li class=\"\"><a href=\"https:\/\/aiartfree.online\/nb\/ai-bildegenerator\/\">AI Art Free<\/a> anbefales p\u00e5 det sterkeste for sine gratis og ubegrensede funksjoner.<\/li>\n<\/ul>\n<\/li>\n\n\n\n<li class=\"\"><strong>Kan AI-genererte bilder brukes kommersielt?<\/strong>\n<ul class=\"wp-block-list\">\n<li class=\"\">Ja, mange AI-bildegeneratorer tillater kommersiell bruk, men sjekk vilk\u00e5rene for det spesifikke verkt\u00f8yet.<\/li>\n<\/ul>\n<\/li>\n\n\n\n<li class=\"\"><strong>Er AI-genererte bilder opphavsrettsfrie?<\/strong>\n<ul class=\"wp-block-list\">\n<li class=\"\">Ofte, ja, men kontroller med det spesifikke verkt\u00f8yet.<\/li>\n<\/ul>\n<\/li>\n\n\n\n<li class=\"\"><strong>Hvilke stiler kan AI-genererte bilder ha?<\/strong>\n<ul class=\"wp-block-list\">\n<li class=\"\">AI kan generere ulike stiler, fra realistisk til abstrakt kunst.<\/li>\n<\/ul>\n<\/li>\n\n\n\n<li class=\"\"><strong>Hvordan forbedrer vi AI-genererte bilder?<\/strong>\n<ul class=\"wp-block-list\">\n<li class=\"\">Bruk bilderedigeringsverkt\u00f8y for \u00e5 finpusse og forbedre bildene.<\/li>\n<\/ul>\n<\/li>\n<\/ol>\n\n\n\n<h3 class=\"wp-block-heading\">Sammendrag<\/h3>\n\n\n\n<p class=\"\">AI-bildegeneratorer som <a href=\"https:\/\/aiartfree.online\/nb\/ai-bildegenerator\/\">AI Art Free<\/a> tilbyr 100% gratis, ubegrenset, h\u00f8y kvalitet og unike l\u00f8sninger for \u00e5 skape bilder. Disse verkt\u00f8yene henvender seg til et bredt spekter av brukere, fra innholdsskapere til markedsf\u00f8rere, og tilbyr en effektiv og kreativ m\u00e5te \u00e5 generere visuelt innhold p\u00e5. Omfavn fremtiden for bildeskaping med kunstig intelligens, og forvandle det visuelle innholdet ditt uten problemer.<\/p>\n\n\n\n<p class=\"\">Er du klar til \u00e5 skape fantastiske bilder? Bes\u00f8k <a href=\"https:\/\/aiartfree.online\/nb\/ai-bildegenerator\/\">AI Art Free<\/a> og begynn \u00e5 generere i dag!<\/p>\n\n\n\n<p class=\"\"><\/p>","protected":false},"excerpt":{"rendered":"<p>What our users made How to use the AI Picture Generator * Feel free to try our examples below if you don&#8217;t have any thoughts in your mind Prompt Examples *&nbsp;Depending on your internet speed, loading the model may take up to 10 seconds \u2193 AI Picture Generator: The Ultimate Guide Outline AI picture generators &#8230; <a title=\"AI Picture Generator\" class=\"read-more\" href=\"https:\/\/aiartfree.online\/nb\/ai-bildegenerator\/\" aria-label=\"Read more about AI Picture Generator\">Les mer<\/a><\/p>","protected":false},"author":1,"featured_media":3468,"parent":0,"menu_order":0,"comment_status":"open","ping_status":"closed","template":"","meta":{"nf_dc_page":"","footnotes":""},"class_list":["post-3444","page","type-page","status-publish","has-post-thumbnail"],"jetpack_sharing_enabled":true,"_links":{"self":[{"href":"https:\/\/aiartfree.online\/nb\/wp-json\/wp\/v2\/pages\/3444","targetHints":{"allow":["GET"]}}],"collection":[{"href":"https:\/\/aiartfree.online\/nb\/wp-json\/wp\/v2\/pages"}],"about":[{"href":"https:\/\/aiartfree.online\/nb\/wp-json\/wp\/v2\/types\/page"}],"author":[{"embeddable":true,"href":"https:\/\/aiartfree.online\/nb\/wp-json\/wp\/v2\/users\/1"}],"replies":[{"embeddable":true,"href":"https:\/\/aiartfree.online\/nb\/wp-json\/wp\/v2\/comments?post=3444"}],"version-history":[{"count":1,"href":"https:\/\/aiartfree.online\/nb\/wp-json\/wp\/v2\/pages\/3444\/revisions"}],"predecessor-version":[{"id":3594,"href":"https:\/\/aiartfree.online\/nb\/wp-json\/wp\/v2\/pages\/3444\/revisions\/3594"}],"wp:featuredmedia":[{"embeddable":true,"href":"https:\/\/aiartfree.online\/nb\/wp-json\/wp\/v2\/media\/3468"}],"wp:attachment":[{"href":"https:\/\/aiartfree.online\/nb\/wp-json\/wp\/v2\/media?parent=3444"}],"curies":[{"name":"wp","href":"https:\/\/api.w.org\/{rel}","templated":true}]}}