{"id":3435,"date":"2024-08-01T13:24:54","date_gmt":"2024-08-01T13:24:54","guid":{"rendered":"https:\/\/aiartfree.online\/?page_id=3435"},"modified":"2025-03-07T08:24:14","modified_gmt":"2025-03-07T08:24:14","slug":"audio-translator","status":"publish","type":"page","link":"https:\/\/aiartfree.online\/nb\/lydoversetter\/","title":{"rendered":"Lydoversetter"},"content":{"rendered":"<h2 class=\"wp-block-heading\" id=\"how-to-use-the-audio-translator\">Slik bruker du lydoversetteren<\/h2>\n\n\n\n<ol class=\"wp-block-list\">\n<li class=\"\">Velg m\u00e5lspr\u00e5ket ditt<\/li>\n\n\n\n<li class=\"\">Last opp lydfilen din<\/li>\n\n\n\n<li class=\"\">Klikk p\u00e5 \"Oversett\"<\/li>\n\n\n\n<li class=\"\">Vent, det var det!<\/li>\n<\/ol>\n\n\n\n<figure class=\"gb-block-image gb-block-image-4dfafe81\"><a href=\"https:\/\/fas.st\/t\/XmtmoHSk\" target=\"_blank\" rel=\"noopener noreferrer\"><img data-recalc-dims=\"1\" decoding=\"async\" loading=\"lazy\" width=\"1200\" height=\"368\" class=\"gb-image gb-image-4dfafe81\" src=\"https:\/\/i0.wp.com\/aiartfree.online\/wp-content\/uploads\/2025\/03\/WX20250307-114300%402x.webp?resize=1200%2C368&#038;ssl=1\" alt=\"\" title=\"WX20250307-114300@2x\" srcset=\"https:\/\/i0.wp.com\/aiartfree.online\/wp-content\/uploads\/2025\/03\/WX20250307-114300%402x.webp?w=1900&amp;ssl=1 1900w, https:\/\/i0.wp.com\/aiartfree.online\/wp-content\/uploads\/2025\/03\/WX20250307-114300%402x.webp?resize=300%2C92&amp;ssl=1 300w, https:\/\/i0.wp.com\/aiartfree.online\/wp-content\/uploads\/2025\/03\/WX20250307-114300%402x.webp?resize=1024%2C314&amp;ssl=1 1024w, https:\/\/i0.wp.com\/aiartfree.online\/wp-content\/uploads\/2025\/03\/WX20250307-114300%402x.webp?resize=768%2C235&amp;ssl=1 768w, https:\/\/i0.wp.com\/aiartfree.online\/wp-content\/uploads\/2025\/03\/WX20250307-114300%402x.webp?resize=1536%2C471&amp;ssl=1 1536w, https:\/\/i0.wp.com\/aiartfree.online\/wp-content\/uploads\/2025\/03\/WX20250307-114300%402x.webp?resize=18%2C6&amp;ssl=1 18w, https:\/\/i0.wp.com\/aiartfree.online\/wp-content\/uploads\/2025\/03\/WX20250307-114300%402x.webp?resize=600%2C184&amp;ssl=1 600w\" sizes=\"auto, (max-width: 1200px) 100vw, 1200px\" \/><\/a><\/figure>\n\n\n\n<p class=\"\"><em>* Avhengig av internetthastigheten din, kan det ta litt tid \u00e5 laste inn modellen <\/em>opptil 10 sekunder \u2193<\/p>\n\n\n\n<div class=\"iframe-wrapper\" style=\"position: relative; width: 100%; height: 1250px;\">\n  <div class=\"loading\" style=\"position: absolute; top: 50px; left: 50%; transform: translate(-50%, -50%); width: 40px; height: 40px; border: 3px solid #f0f0f0; border-top: 3px solid #db7093; border-radius: 50%; animation: spin 1s linear infinite;\"><\/div>\n  <iframe loading=\"lazy\" src=\"https:\/\/facebook-seamless-m4t.hf.space\" frameborder=\"0\" width=\"100%\" height=\"100%\" style=\"position: absolute; top: 0; left: 0; opacity: 0; transition: opacity 0.3s;\" onload=\"this.style.opacity=1;this.previousElementSibling.style.display='none';\"><\/iframe>\n<\/div>\n\n<style>\n@keyframes spin {\n  0% { transform: translate(-50%, -50%) rotate(0deg); }\n  100% { transform: translate(-50%, -50%) rotate(360deg); }\n}\n<\/style>\n\n\n\n<div style=\"height:80px\" aria-hidden=\"true\" class=\"wp-block-spacer\"><\/div>\n\n\n\n<h2 class=\"wp-block-heading\" id=\"audio-translator-the-ultimate-guide\">Audio Translator: Den ultimate guiden<\/h2>\n\n\n\n<div class=\"wp-block-rank-math-toc-block\" id=\"rank-math-toc\"><h3>Innholdsfortegnelse<\/h3><nav><ul><li><a href=\"#introduction\">Innledning<\/a><\/li><li><a href=\"#what-is-an-audio-translator\">Hva er en lydoversetter?<\/a><\/li><li><a href=\"#why-use-an-audio-translator\">Hvorfor bruke en lydoversetter?<\/a><ul><li><a href=\"#advantages\">Fordeler<\/a><\/li><\/ul><\/li><li><a href=\"#main-features-of-audio-translators\">Hovedfunksjonene til lydoversettere<\/a><ul><li><a href=\"#1-speech-recognition\">1. Talegjenkjenning<\/a><\/li><li><a href=\"#2-multi-language-support\">2. St\u00f8tte for flere spr\u00e5k<\/a><\/li><li><a href=\"#3-real-time-translation\">3. Oversettelse i sanntid<\/a><\/li><li><a href=\"#4-text-to-speech\">4. Tekst-til-tale<\/a><\/li><li><a href=\"#5-file-upload-and-conversion\">5. Filopplasting og konvertering<\/a><\/li><\/ul><\/li><li><a href=\"#who-should-use-audio-translators\">Hvem b\u00f8r bruke lydoversettere?<\/a><ul><li><a href=\"#target-audience\">M\u00e5lgruppe<\/a><\/li><\/ul><\/li><li><a href=\"#how-to-use-an-audio-translator\">Slik bruker du en lydoversetter<\/a><ul><li><a href=\"#step-by-step-instructions\">Trinn-for-trinn-instruksjoner<\/a><\/li><\/ul><\/li><li><a href=\"#usage-cases-of-audio-translators\">Eksempler p\u00e5 bruk av lydoversettere<\/a><ul><li><a href=\"#business-meetings\">Forretningsm\u00f8ter<\/a><\/li><li><a href=\"#educational-content\">Pedagogisk innhold<\/a><\/li><li><a href=\"#customer-support\">Kundest\u00f8tte<\/a><\/li><\/ul><\/li><li><a href=\"#top-10-tools-and-information\">Topp 10 verkt\u00f8y og informasjon<\/a><\/li><li><a href=\"#industry-pros-and-cons\">Fordeler og ulemper i bransjen<\/a><ul><li><a href=\"#pros\">Fordeler<\/a><\/li><li><a href=\"#cons\">Ulemper<\/a><\/li><\/ul><\/li><li><a href=\"#faq\">VANLIGE SP\u00d8RSM\u00c5L<\/a><\/li><li><a href=\"#summary\">Sammendrag<\/a><\/li><\/ul><\/nav><\/div>\n\n\n\n<h3 class=\"wp-block-heading\" id=\"introduction\">Innledning<\/h3>\n\n\n\n<p class=\"\">I dagens globaliserte verden er det avgj\u00f8rende for effektiv kommunikasjon \u00e5 overvinne spr\u00e5kbarrierer. Lydoversettere har utviklet seg til \u00e5 bli et effektivt verkt\u00f8y for \u00e5 bygge bro over slike barrierer, ved \u00e5 muliggj\u00f8re sanntidsoversettelse av talte ord til ulike spr\u00e5k. I denne artikkelen vil vi g\u00e5 i dybden p\u00e5 lydoversettere og belyse fordeler, funksjoner og bruksomr\u00e5der, med fokus p\u00e5 de beste verkt\u00f8yene som er tilgjengelige, inkludert det sterkt anbefalte <a href=\"https:\/\/aiartfree.online\/nb\/lydoversetter\/\">AI Art Free Audio Translator<\/a>.<\/p>\n\n\n<div class=\"wp-block-image\">\n<figure class=\"aligncenter size-large is-resized\"><img data-recalc-dims=\"1\" data-dominant-color=\"f5f5f6\" data-has-transparency=\"false\" decoding=\"async\" width=\"1024\" height=\"546\"    loading=\"lazy\" src=\"https:\/\/i0.wp.com\/aiartfree.online\/wp-content\/uploads\/2024\/08\/WX20240801-160930%402x-1-1024x546.webp?resize=1024%2C546&#038;ssl=1\" alt=\"En lydoversetter er et verkt\u00f8y eller en programvare som konverterer talespr\u00e5k til tekst eller et annet talespr\u00e5k. Disse verkt\u00f8yene bruker avanserte algoritmer og talegjenkjenningsteknologi for \u00e5 levere n\u00f8yaktige oversettelser i sanntid, noe som gj\u00f8r dem uvurderlige p\u00e5 en rekke omr\u00e5der, blant annet innen forretningsvirksomhet, utdanning og reisevirksomhet.\" class=\"wp-image-3437 not-transparent\" style=\"--dominant-color: #f5f5f6; width:724px;height:auto\" srcset=\"https:\/\/i0.wp.com\/aiartfree.online\/wp-content\/uploads\/2024\/08\/WX20240801-160930%402x-1-jpg.webp?resize=1024%2C546&amp;ssl=1 1024w, https:\/\/i0.wp.com\/aiartfree.online\/wp-content\/uploads\/2024\/08\/WX20240801-160930%402x-1-jpg.webp?resize=300%2C160&amp;ssl=1 300w, https:\/\/i0.wp.com\/aiartfree.online\/wp-content\/uploads\/2024\/08\/WX20240801-160930%402x-1-jpg.webp?resize=768%2C409&amp;ssl=1 768w, https:\/\/i0.wp.com\/aiartfree.online\/wp-content\/uploads\/2024\/08\/WX20240801-160930%402x-1-jpg.webp?resize=18%2C10&amp;ssl=1 18w, https:\/\/i0.wp.com\/aiartfree.online\/wp-content\/uploads\/2024\/08\/WX20240801-160930%402x-1-jpg.webp?resize=600%2C320&amp;ssl=1 600w, https:\/\/i0.wp.com\/aiartfree.online\/wp-content\/uploads\/2024\/08\/WX20240801-160930%402x-1-jpg.webp?w=1460&amp;ssl=1 1460w\" sizes=\"(max-width: 724px) 100vw, 724px\" \/><\/figure>\n<\/div>\n\n\n<h3 class=\"wp-block-heading\" id=\"what-is-an-audio-translator\">Hva er en lydoversetter?<\/h3>\n\n\n\n<p class=\"\">En lydoversetter er et verkt\u00f8y eller en programvare som konverterer talespr\u00e5k til tekst eller et annet talespr\u00e5k. Disse verkt\u00f8yene bruker avanserte algoritmer og talegjenkjenningsteknologi for \u00e5 levere n\u00f8yaktige oversettelser i sanntid, noe som gj\u00f8r dem uvurderlige p\u00e5 en rekke omr\u00e5der, blant annet innen forretningsvirksomhet, utdanning og reisevirksomhet.<\/p>\n\n\n\n<h3 class=\"wp-block-heading\" id=\"why-use-an-audio-translator\">Hvorfor bruke en lydoversetter?<\/h3>\n\n\n\n<h4 class=\"wp-block-heading\" id=\"advantages\">Fordeler<\/h4>\n\n\n\n<ul class=\"wp-block-list\">\n<li class=\"\"><strong>Bryt spr\u00e5kbarrierer:<\/strong> Kommuniser enkelt med folk som snakker forskjellige spr\u00e5k.<\/li>\n\n\n\n<li class=\"\"><strong>Oversettelse i sanntid:<\/strong> F\u00e5 \u00f8yeblikkelige oversettelser, slik at du kan f\u00f8re smidigere samtaler.<\/li>\n\n\n\n<li class=\"\"><strong>Tilgjengelighet:<\/strong> Gj\u00f8r innholdet tilgjengelig for et bredere publikum, inkludert h\u00f8rselshemmede.<\/li>\n\n\n\n<li class=\"\"><strong>Effektivitet:<\/strong> Spar tid sammenlignet med tradisjonelle oversettelsesmetoder.<\/li>\n<\/ul>\n\n\n\n<h3 class=\"wp-block-heading\" id=\"main-features-of-audio-translators\">Hovedfunksjonene til lydoversettere<\/h3>\n\n\n\n<h4 class=\"wp-block-heading\" id=\"1-speech-recognition\">1. <strong>Talegjenkjenning<\/strong><\/h4>\n\n\n\n<ul class=\"wp-block-list\">\n<li class=\"\">Oversetter talte ord til tekst.<\/li>\n\n\n\n<li class=\"\">H\u00f8y n\u00f8yaktighet selv i st\u00f8yende omgivelser.<\/li>\n<\/ul>\n\n\n\n<h4 class=\"wp-block-heading\" id=\"2-multi-language-support\">2. <strong>St\u00f8tte for flere spr\u00e5k<\/strong><\/h4>\n\n\n\n<ul class=\"wp-block-list\">\n<li class=\"\">St\u00f8tter flere spr\u00e5k for oversettelse.<\/li>\n\n\n\n<li class=\"\">Eksempel: Spansk til engelsk, fransk til tysk.<\/li>\n<\/ul>\n\n\n\n<h4 class=\"wp-block-heading\" id=\"3-real-time-translation\">3. <strong>Oversettelse i sanntid<\/strong><\/h4>\n\n\n\n<ul class=\"wp-block-list\">\n<li class=\"\">\u00d8yeblikkelig oversettelse for s\u00f8ml\u00f8se samtaler.<\/li>\n<\/ul>\n\n\n\n<h4 class=\"wp-block-heading\" id=\"4-text-to-speech\">4. <strong>Tekst-til-tale<\/strong><\/h4>\n\n\n\n<ul class=\"wp-block-list\">\n<li class=\"\">Konverterer oversatt tekst tilbake til talte ord.<\/li>\n<\/ul>\n\n\n\n<h4 class=\"wp-block-heading\" id=\"5-file-upload-and-conversion\">5. <strong>Filopplasting og konvertering<\/strong><\/h4>\n\n\n\n<ul class=\"wp-block-list\">\n<li class=\"\">St\u00f8tter opplasting av lydfiler for transkripsjon og oversettelse.<\/li>\n<\/ul>\n\n\n\n<h3 class=\"wp-block-heading\" id=\"who-should-use-audio-translators\">Hvem b\u00f8r bruke lydoversettere?<\/h3>\n\n\n\n<h4 class=\"wp-block-heading\" id=\"target-audience\">M\u00e5lgruppe<\/h4>\n\n\n\n<ul class=\"wp-block-list\">\n<li class=\"\"><strong>Reisende:<\/strong> Overvinn spr\u00e5kbarrierer n\u00e5r du er ute og reiser.<\/li>\n\n\n\n<li class=\"\"><strong>Forretningsfolk:<\/strong> Kommunisere med internasjonale kunder og partnere.<\/li>\n\n\n\n<li class=\"\"><strong>L\u00e6rere og studenter:<\/strong> Forbedre spr\u00e5kinnl\u00e6ringen og spr\u00e5kforst\u00e5elsen.<\/li>\n\n\n\n<li class=\"\"><strong>Skapere av innhold:<\/strong> Gj\u00f8r lyd- og videoinnhold tilgjengelig p\u00e5 flere spr\u00e5k.<\/li>\n<\/ul>\n\n\n\n<h3 class=\"wp-block-heading\" id=\"how-to-use-an-audio-translator\">Slik bruker du en lydoversetter<\/h3>\n\n\n\n<h4 class=\"wp-block-heading\" id=\"step-by-step-instructions\">Trinn-for-trinn-instruksjoner<\/h4>\n\n\n\n<ol class=\"wp-block-list\">\n<li class=\"\"><strong>\u00c5pne verkt\u00f8yet:<\/strong> F\u00e5 tilgang til lydoversetterverkt\u00f8yet, for eksempel <a href=\"https:\/\/aiartfree.online\/nb\/lydoversetter\/\">AI Art Free Audio Translator<\/a>.<\/li>\n\n\n\n<li class=\"\"><strong>Last opp lyden din:<\/strong> Velg og last opp lydfilen du vil oversette.<\/li>\n\n\n\n<li class=\"\"><strong>Velg spr\u00e5k:<\/strong> Velg kilde- og m\u00e5lspr\u00e5k for oversettelsen.<\/li>\n\n\n\n<li class=\"\"><strong>Start oversettelse:<\/strong> Klikk p\u00e5 oversettelsesknappen for \u00e5 starte prosessen.<\/li>\n\n\n\n<li class=\"\"><strong>Last ned oversatt tekst\/lyd:<\/strong> Lagre den oversatte teksten eller lydfilen for senere bruk.<\/li>\n<\/ol>\n\n\n\n<h3 class=\"wp-block-heading\" id=\"usage-cases-of-audio-translators\">Eksempler p\u00e5 bruk av lydoversettere<\/h3>\n\n\n\n<h4 class=\"wp-block-heading\" id=\"business-meetings\">Forretningsm\u00f8ter<\/h4>\n\n\n\n<ul class=\"wp-block-list\">\n<li class=\"\">Oversett live-samtaler for internasjonale m\u00f8ter.<\/li>\n<\/ul>\n\n\n\n<h4 class=\"wp-block-heading\" id=\"educational-content\">Pedagogisk innhold<\/h4>\n\n\n\n<ul class=\"wp-block-list\">\n<li class=\"\">Tilby oversatte forelesninger for studenter med ulik spr\u00e5kbakgrunn.<\/li>\n<\/ul>\n\n\n\n<h4 class=\"wp-block-heading\" id=\"customer-support\">Kundest\u00f8tte<\/h4>\n\n\n\n<ul class=\"wp-block-list\">\n<li class=\"\">Hjelp kundene p\u00e5 morsm\u00e5let deres ved hjelp av stemmeoversettelse.<\/li>\n<\/ul>\n\n\n\n<h3 class=\"wp-block-heading\" id=\"top-10-tools-and-information\">Topp 10 verkt\u00f8y og informasjon<\/h3>\n\n\n\n<figure class=\"wp-block-table\"><table class=\"has-fixed-layout\"><thead><tr><th>Navn p\u00e5 verkt\u00f8yet<\/th><th>URL<\/th><th>Viktige funksjoner<\/th><th>Fordeler<\/th><th>Ulemper<\/th><\/tr><\/thead><tbody><tr><td>AI Art Free Audio Translator<\/td><td><a href=\"https:\/\/aiartfree.online\/nb\/lydoversetter\/\">https:\/\/aiartfree.online\/audio-translator<\/a><\/td><td>Oversettelse i sanntid, flerspr\u00e5klig<\/td><td>100% gratis, ubegrenset bruk<\/td><td>Begrenset spr\u00e5kst\u00f8tte<\/td><\/tr><tr><td>Google Translate<\/td><td><a href=\"https:\/\/translate.google.com\" target=\"_blank\" rel=\"noreferrer noopener\">https:\/\/translate.google.com<\/a><\/td><td>Oversettelse av tekst, tale og bilder<\/td><td>Omfattende spr\u00e5kst\u00f8tte<\/td><td>Krever internett<\/td><\/tr><tr><td>iTranslate<\/td><td>https:\/\/www.itranslate.com\/<\/td><td>Stemmeoversettelse, offline-modus<\/td><td>Muligheter for frakobling<\/td><td>Abonnement kreves<\/td><\/tr><tr><td>Microsoft Translator<\/td><td>https:\/\/translator.microsoft.com\/<\/td><td>Talegjenkjenning, synkronisering av flere enheter<\/td><td>Integrasjon med MS-apper<\/td><td>Begrenset gratisversjon<\/td><\/tr><tr><td>Snakk og oversett<\/td><td>https:\/\/speakandtranslate.app\/<\/td><td>Taleoversettelse i sanntid<\/td><td>Brukervennlig grensesnitt<\/td><td>Kj\u00f8p i appen<\/td><\/tr><tr><td>SayHi Translate<\/td><td>https:\/\/www.sayhi.com\/<\/td><td>Stemmeoversettelse, h\u00f8y n\u00f8yaktighet<\/td><td>Enkel \u00e5 bruke<\/td><td>Begrenset til kun tale<\/td><\/tr><tr><td>Reverso<\/td><td>https:\/\/www.reverso.net\/<\/td><td>Oversettelse av tekst og tale<\/td><td>Kontekstuelle oversettelser<\/td><td>Begrenset gratisversjon<\/td><\/tr><tr><td>Papago<\/td><td>https:\/\/papago.naver.com\/<\/td><td>Oversettelse av tale og tekst<\/td><td>H\u00f8y n\u00f8yaktighet for asiatiske spr\u00e5k<\/td><td>Mindre kjente spr\u00e5k<\/td><\/tr><tr><td>VoiceTra<\/td><td>http:\/\/voicetra.nict.go.jp\/en\/<\/td><td>Taleoversettelse, offline-modus<\/td><td>H\u00f8y n\u00f8yaktighet<\/td><td>Grensesnittet kan v\u00e6re forvirrende<\/td><\/tr><tr><td>Linguee<\/td><td>https:\/\/www.linguee.com\/<\/td><td>Oversettelse av tekst, ordbok<\/td><td>Detaljerte oversettelser<\/td><td>Ingen stemmeoversettelse<\/td><\/tr><\/tbody><\/table><\/figure>\n\n\n\n<h3 class=\"wp-block-heading\" id=\"industry-pros-and-cons\">Fordeler og ulemper i bransjen<\/h3>\n\n\n\n<h4 class=\"wp-block-heading\" id=\"pros\">Fordeler<\/h4>\n\n\n\n<ul class=\"wp-block-list\">\n<li class=\"\"><strong>Effektivitet:<\/strong> Rask og enkel oversettelse.<\/li>\n\n\n\n<li class=\"\"><strong>Kostnadseffektivt:<\/strong> Reduserer behovet for profesjonelle oversettere.<\/li>\n\n\n\n<li class=\"\"><strong>Tilgjengelighet:<\/strong> Gj\u00f8r innholdet tilgjengelig for fremmedspr\u00e5klige.<\/li>\n<\/ul>\n\n\n\n<h4 class=\"wp-block-heading\" id=\"cons\">Ulemper<\/h4>\n\n\n\n<ul class=\"wp-block-list\">\n<li class=\"\"><strong>Problemer med n\u00f8yaktighet:<\/strong> Ikke alltid 100% n\u00f8yaktig, spesielt med komplekse spr\u00e5k.<\/li>\n\n\n\n<li class=\"\"><strong>Avhengighet av teknologi:<\/strong> Krever p\u00e5litelig internett og enheter.<\/li>\n\n\n\n<li class=\"\"><strong>Begrenset kontekstforst\u00e5else:<\/strong> Forst\u00e5r kanskje ikke nyanser eller kulturell kontekst.<\/li>\n<\/ul>\n\n\n\n<h3 class=\"wp-block-heading\" id=\"faq\">VANLIGE SP\u00d8RSM\u00c5L<\/h3>\n\n\n\n<ol class=\"wp-block-list\">\n<li class=\"\"><strong>Hvordan oversetter jeg lyd til tekst?<\/strong>\n<ul class=\"wp-block-list\">\n<li class=\"\">Bruk verkt\u00f8y som <a href=\"https:\/\/aiartfree.online\/nb\/lydoversetter\/\">AI Art Free Audio Translator<\/a> for n\u00f8yaktig konvertering fra lyd til tekst.<\/li>\n<\/ul>\n<\/li>\n\n\n\n<li class=\"\"><strong>Hvordan oversetter jeg lyd fra en video?<\/strong>\n<ul class=\"wp-block-list\">\n<li class=\"\">Trekk ut lyden fra videoen, og last den opp til et lydoversetterverkt\u00f8y.<\/li>\n<\/ul>\n<\/li>\n\n\n\n<li class=\"\"><strong>Hvordan oversetter jeg lyd til tekst?<\/strong>\n<ul class=\"wp-block-list\">\n<li class=\"\">Bruk programvare for talegjenkjenning til \u00e5 konvertere talte ord til tekst.<\/li>\n<\/ul>\n<\/li>\n\n\n\n<li class=\"\"><strong>Kan Google Translate oversette lyd?<\/strong>\n<ul class=\"wp-block-list\">\n<li class=\"\">Ja, Google Translate kan oversette talte ord i sanntid.<\/li>\n<\/ul>\n<\/li>\n\n\n\n<li class=\"\"><strong>Hvordan oversetter jeg lyd?<\/strong>\n<ul class=\"wp-block-list\">\n<li class=\"\">Last opp lydfilen til et oversettelsesverkt\u00f8y, og velg m\u00e5lspr\u00e5ket.<\/li>\n<\/ul>\n<\/li>\n<\/ol>\n\n\n\n<h3 class=\"wp-block-heading\" id=\"summary\">Sammendrag<\/h3>\n\n\n\n<p class=\"\">Lydoversettere er uunnv\u00e6rlige verkt\u00f8y for \u00e5 bryte ned spr\u00e5kbarrierer og levere n\u00f8yaktige oversettelser av talte ord i sanntid. De tilbyr en rekke fordeler, blant annet tilgjengelighet, effektivitet og kostnadseffektivitet. Hvis du vil oppleve fordelene med en lydoversetter, kan du pr\u00f8ve <a href=\"https:\/\/aiartfree.online\/nb\/lydoversetter\/\">AI Art Free Audio Translator<\/a> i dag. Ta del i fremtidens kommunikasjon og forbedre din evne til \u00e5 komme i kontakt med mennesker over hele verden.<\/p>","protected":false},"excerpt":{"rendered":"<p>How to use the Audio Translator *&nbsp;Depending on your internet speed, loading the model may take up to 10 seconds \u2193 Audio Translator: The Ultimate Guide Introduction In today&#8217;s globalized world, overcoming language barriers is essential for effective communication. Audio translators have emerged as powerful tools to help bridge these gaps, enabling real-time translation of &#8230; <a title=\"Lydoversetter\" class=\"read-more\" href=\"https:\/\/aiartfree.online\/nb\/lydoversetter\/\" aria-label=\"Read more about Audio Translator\">Les mer<\/a><\/p>","protected":false},"author":1,"featured_media":3437,"parent":0,"menu_order":0,"comment_status":"open","ping_status":"closed","template":"","meta":{"nf_dc_page":"","footnotes":""},"class_list":["post-3435","page","type-page","status-publish","has-post-thumbnail"],"jetpack_sharing_enabled":true,"_links":{"self":[{"href":"https:\/\/aiartfree.online\/nb\/wp-json\/wp\/v2\/pages\/3435","targetHints":{"allow":["GET"]}}],"collection":[{"href":"https:\/\/aiartfree.online\/nb\/wp-json\/wp\/v2\/pages"}],"about":[{"href":"https:\/\/aiartfree.online\/nb\/wp-json\/wp\/v2\/types\/page"}],"author":[{"embeddable":true,"href":"https:\/\/aiartfree.online\/nb\/wp-json\/wp\/v2\/users\/1"}],"replies":[{"embeddable":true,"href":"https:\/\/aiartfree.online\/nb\/wp-json\/wp\/v2\/comments?post=3435"}],"version-history":[{"count":1,"href":"https:\/\/aiartfree.online\/nb\/wp-json\/wp\/v2\/pages\/3435\/revisions"}],"predecessor-version":[{"id":3602,"href":"https:\/\/aiartfree.online\/nb\/wp-json\/wp\/v2\/pages\/3435\/revisions\/3602"}],"wp:featuredmedia":[{"embeddable":true,"href":"https:\/\/aiartfree.online\/nb\/wp-json\/wp\/v2\/media\/3437"}],"wp:attachment":[{"href":"https:\/\/aiartfree.online\/nb\/wp-json\/wp\/v2\/media?parent=3435"}],"curies":[{"name":"wp","href":"https:\/\/api.w.org\/{rel}","templated":true}]}}