{"id":3412,"date":"2024-08-01T08:56:22","date_gmt":"2024-08-01T08:56:22","guid":{"rendered":"https:\/\/aiartfree.online\/?page_id=3412"},"modified":"2024-08-01T09:11:21","modified_gmt":"2024-08-01T09:11:21","slug":"speech-to-text","status":"publish","type":"page","link":"https:\/\/aiartfree.online\/nb\/tale-til-tekst\/","title":{"rendered":"Tale til tekst"},"content":{"rendered":"<h2 class=\"wp-block-heading\">Slik bruker du tale til tekst<\/h2>\n\n\n\n<ol class=\"wp-block-list\">\n<li class=\"\">Last opp lydfilen din, vent et \u00f8yeblikk<\/li>\n\n\n\n<li class=\"\">Klikk p\u00e5 \"Transkriber lyd\"<\/li>\n\n\n\n<li class=\"\">Vent, det var det!<\/li>\n<\/ol>\n\n\n\n<p class=\"\">* Posten er for \u00f8yeblikket ikke tilgjengelig<\/p>\n\n\n\n<p class=\"\"><em>* Avhengig av internetthastigheten din, kan det ta litt tid \u00e5 laste inn modellen <\/em>opptil 10 sekunder \u2193<\/p>\n\n\n\n<div style=\"text-align: center; border: 2px solid; border-image-source: linear-gradient(to right, #16b86c, #912899); border-image-slice: 1; box-shadow: 0 0 10px rgba(0, 0, 0, 0.1); border-radius: 15px; position: relative;\">\n  <div class=\"loading\" style=\"position: absolute; top: 100px; left: 50%; transform: translate(-50%, -50%); width: 40px; height: 40px; border: 3px solid #f0f0f0; border-top: 3px solid #16b86c; border-radius: 50%; animation: spin 1s linear infinite;\"><\/div>\n  <iframe loading=\"lazy\"\n    src=\"https:\/\/xenova-whisper-web.static.hf.space\"\n    frameborder=\"0\"\n    width=\"100%\"\n    height=\"900\"\n    style=\"display: inline-block; margin: 0 auto; opacity: 0; transition: opacity 0.3s;\"\n    onload=\"this.style.opacity=1;this.previousElementSibling.style.display='none';\"\n  ><\/iframe>\n<\/div>\n<style>\n@keyframes spin {\n  0% { transform: translate(-50%, -50%) rotate(0deg); }\n  100% { transform: translate(-50%, -50%) rotate(360deg); }\n}\n<\/style>\n\n\n\n<div style=\"height:80px\" aria-hidden=\"true\" class=\"wp-block-spacer\"><\/div>\n\n\n\n<h2 class=\"wp-block-heading\">Den ultimate guiden til tale til tekst<\/h2>\n\n\n\n<h3 class=\"wp-block-heading\">Sammendrag<\/h3>\n\n\n\n<p class=\"\">Denne artikkelen gir en omfattende oversikt over tale-til-tekst-teknologi, inkludert definisjon, fordeler, hovedfunksjoner, m\u00e5lgruppe og bruksanvisninger. Den belyser ulike bruksomr\u00e5der og gir en detaljert sammenligning av de beste verkt\u00f8yene og informasjon fra 10 relaterte nettsteder. Artikkelen avsluttes med en diskusjon av fordeler og ulemper i bransjen og svar p\u00e5 ofte stilte sp\u00f8rsm\u00e5l.<\/p>\n\n\n\n<figure class=\"wp-block-image size-large is-resized\"><img data-recalc-dims=\"1\" data-dominant-color=\"f3f5f6\" data-has-transparency=\"false\" decoding=\"async\" width=\"1024\" height=\"616\"   loading=\"lazy\" src=\"https:\/\/i0.wp.com\/aiartfree.online\/wp-content\/uploads\/2024\/08\/WX20240801-130434%402x-1-1024x616.webp?resize=1024%2C616&#038;ssl=1\" alt=\"Tale til tekst, ogs\u00e5 kjent som stemmegjenkjenning eller talegjenkjenning, er en teknologi som konverterer talte ord til skriftlig tekst. Den benytter sofistikerte algoritmer og kunstig intelligens for \u00e5 forst\u00e5 og transkribere menneskelig tale i sanntid eller fra innspilte lydfiler.\" class=\"wp-image-3418 not-transparent\" style=\"--dominant-color: #f3f5f6; width:691px;height:auto\" srcset=\"https:\/\/i0.wp.com\/aiartfree.online\/wp-content\/uploads\/2024\/08\/WX20240801-130434%402x-1-jpg.webp?resize=1024%2C616&amp;ssl=1 1024w, https:\/\/i0.wp.com\/aiartfree.online\/wp-content\/uploads\/2024\/08\/WX20240801-130434%402x-1-jpg.webp?resize=300%2C180&amp;ssl=1 300w, https:\/\/i0.wp.com\/aiartfree.online\/wp-content\/uploads\/2024\/08\/WX20240801-130434%402x-1-jpg.webp?resize=768%2C462&amp;ssl=1 768w, https:\/\/i0.wp.com\/aiartfree.online\/wp-content\/uploads\/2024\/08\/WX20240801-130434%402x-1-jpg.webp?resize=1536%2C923&amp;ssl=1 1536w, https:\/\/i0.wp.com\/aiartfree.online\/wp-content\/uploads\/2024\/08\/WX20240801-130434%402x-1-jpg.webp?resize=18%2C12&amp;ssl=1 18w, https:\/\/i0.wp.com\/aiartfree.online\/wp-content\/uploads\/2024\/08\/WX20240801-130434%402x-1-jpg.webp?resize=600%2C361&amp;ssl=1 600w, https:\/\/i0.wp.com\/aiartfree.online\/wp-content\/uploads\/2024\/08\/WX20240801-130434%402x-1-jpg.webp?w=1898&amp;ssl=1 1898w\" sizes=\"auto, (max-width: 1024px) 100vw, 1024px\" \/><\/figure>\n\n\n\n<h3 class=\"wp-block-heading\">Innholdsfortegnelse<\/h3>\n\n\n\n<ol class=\"wp-block-list\">\n<li class=\"\"><a href=\"#what-is-speech-to-text\">Hva er tale til tekst?<\/a><\/li>\n\n\n\n<li class=\"\"><a href=\"#why-use-speech-to-text\">Hvorfor bruke tale til tekst?<\/a><\/li>\n\n\n\n<li class=\"\"><a href=\"#main-features-of-speech-to-text\">Hovedfunksjonene i Tale til tekst<\/a><\/li>\n\n\n\n<li class=\"\"><a href=\"#who-should-use-speech-to-text\">Hvem b\u00f8r bruke tale til tekst?<\/a><\/li>\n\n\n\n<li class=\"\"><a href=\"#how-to-use-speech-to-text\">Slik bruker du tale til tekst<\/a><\/li>\n\n\n\n<li class=\"\"><a href=\"#speech-to-text-use-cases\">Brukstilfeller for tale til tekst<\/a><\/li>\n\n\n\n<li class=\"\"><a href=\"#top-10-tools-and-information\">Topp 10 verkt\u00f8y og informasjon<\/a><\/li>\n\n\n\n<li class=\"\"><a href=\"#industry-pros-and-cons\">Fordeler og ulemper i bransjen<\/a><\/li>\n\n\n\n<li class=\"\"><a href=\"#faq\">VANLIGE SP\u00d8RSM\u00c5L<\/a><\/li>\n\n\n\n<li class=\"\"><a href=\"#summary\">Sammendrag<\/a><\/li>\n<\/ol>\n\n\n\n<h2 class=\"wp-block-heading\">Hva er tale til tekst?<\/h2>\n\n\n\n<p class=\"\">Tale til tekst, ogs\u00e5 kjent som stemmegjenkjenning eller talegjenkjenning, er en teknologi som konverterer talte ord til skriftlig tekst. Den benytter sofistikerte algoritmer og kunstig intelligens for \u00e5 forst\u00e5 og transkribere menneskelig tale i sanntid eller fra innspilte lydfiler.<\/p>\n\n\n\n<h2 class=\"wp-block-heading\">Hvorfor bruke tale til tekst?<\/h2>\n\n\n\n<p class=\"\">Tale til tekst-teknologien byr p\u00e5 en rekke fordeler, noe som gj\u00f8r den til et viktig verkt\u00f8y for ulike brukere og bransjer. Blant de viktigste fordelene er<\/p>\n\n\n\n<ul class=\"wp-block-list\">\n<li class=\"\"><strong>Effektivitet<\/strong>: Gj\u00f8r prosessen med \u00e5 skape skriftlig innhold raskere.<\/li>\n\n\n\n<li class=\"\"><strong>Tilgjengelighet<\/strong>: Hjelper personer med funksjonshemninger eller de som foretrekker taleinndata.<\/li>\n\n\n\n<li class=\"\"><strong>Bekvemmelighet<\/strong>: Gir mulighet for h\u00e5ndfri betjening og multitasking.<\/li>\n\n\n\n<li class=\"\"><strong>N\u00f8yaktighet<\/strong>: Avanserte algoritmer reduserer feil og forbedrer transkripsjonskvaliteten.<\/li>\n\n\n\n<li class=\"\"><strong>Allsidighet<\/strong>: St\u00f8tter flere spr\u00e5k og kan integreres med andre verkt\u00f8y som Google Docs og Google Disk.<\/li>\n<\/ul>\n\n\n\n<h2 class=\"wp-block-heading\">Hovedfunksjonene i Tale til tekst<\/h2>\n\n\n\n<h3 class=\"wp-block-heading\">Transkripsjon i sanntid<\/h3>\n\n\n\n<p class=\"\">Konverterer talte ord til tekst umiddelbart, gir umiddelbar tilbakemelding og \u00e5pner for s\u00f8ml\u00f8s kommunikasjon og dokumentasjon.<\/p>\n\n\n\n<h3 class=\"wp-block-heading\">Transkripsjon av lydfiler<\/h3>\n\n\n\n<p class=\"\">Behandler forh\u00e5ndsinnspilte lydfiler, noe som gj\u00f8r det enkelt \u00e5 transkribere m\u00f8ter, forelesninger og intervjuer.<\/p>\n\n\n\n<h3 class=\"wp-block-heading\">St\u00f8tte for flere spr\u00e5k<\/h3>\n\n\n\n<p class=\"\">Gjenkjenner og transkriberer tale p\u00e5 ulike spr\u00e5k, og henvender seg til et globalt publikum.<\/p>\n\n\n\n<h3 class=\"wp-block-heading\">Stemmeskriving og -kontroll<\/h3>\n\n\n\n<p class=\"\">Gj\u00f8r det mulig for brukere \u00e5 skrive og styre enhetene sine ved hjelp av talekommandoer, noe som \u00f8ker produktiviteten og tilgjengeligheten.<\/p>\n\n\n\n<h3 class=\"wp-block-heading\">H\u00e5ndtering av bakgrunnsst\u00f8y<\/h3>\n\n\n\n<p class=\"\">Filtrerer bort bakgrunnsst\u00f8y for \u00e5 forbedre n\u00f8yaktigheten i transkripsjonene, noe som sikrer klar og presis tekst.<\/p>\n\n\n\n<h2 class=\"wp-block-heading\">Hvem b\u00f8r bruke tale til tekst?<\/h2>\n\n\n\n<h3 class=\"wp-block-heading\">Personer med nedsatt funksjonsevne<\/h3>\n\n\n\n<p class=\"\">Et verdifullt verkt\u00f8y for personer med fysiske begrensninger, slik at de kan samhandle med teknologi ved hjelp av talekommandoer.<\/p>\n\n\n\n<h3 class=\"wp-block-heading\">Fagfolk og studenter<\/h3>\n\n\n\n<p class=\"\">Ideell for \u00e5 lage dokumenter, ta notater og transkribere m\u00f8ter eller forelesninger raskt og n\u00f8yaktig.<\/p>\n\n\n\n<h3 class=\"wp-block-heading\">Skapere av innhold<\/h3>\n\n\n\n<p class=\"\">Effektiviserer innholdsproduksjonen ved \u00e5 konvertere muntlige ideer til tekst, noe som sparer tid og krefter.<\/p>\n\n\n\n<h3 class=\"wp-block-heading\">Flerspr\u00e5klige brukere<\/h3>\n\n\n\n<p class=\"\">Hjelper brukere som trenger \u00e5 transkribere tale p\u00e5 ulike spr\u00e5k, og gj\u00f8r det enklere \u00e5 kommunisere og dokumentere p\u00e5 tvers av spr\u00e5kbarrierer.<\/p>\n\n\n\n<h2 class=\"wp-block-heading\">Slik bruker du tale til tekst<\/h2>\n\n\n\n<h3 class=\"wp-block-heading\">Trinn-for-trinn-instruksjoner<\/h3>\n\n\n\n<ol class=\"wp-block-list\">\n<li class=\"\"><strong>Velg et verkt\u00f8y<\/strong>: Velg et p\u00e5litelig tale-til-tekst-verkt\u00f8y som <a href=\"https:\/\/aiartfree.online\/nb\/tale-til-tekst\/\">aiartfree.online<\/a>.<\/li>\n\n\n\n<li class=\"\"><strong>\u00c5pne applikasjonen<\/strong>: \u00c5pne webappen p\u00e5 enheten din.<\/li>\n\n\n\n<li class=\"\"><strong>Trykk p\u00e5 mikrofonen<\/strong>: Aktiver mikrofonen for \u00e5 starte opptak.<\/li>\n\n\n\n<li class=\"\"><strong>Snakk tydelig<\/strong>: S\u00f8rg for \u00e5 snakke tydelig og unng\u00e5 bakgrunnsst\u00f8y.<\/li>\n\n\n\n<li class=\"\"><strong>Rediger og lagre<\/strong>: Se gjennom transkripsjonen for \u00e5 sikre at den er n\u00f8yaktig, gj\u00f8r n\u00f8dvendige endringer, og lagre dokumentet.<\/li>\n<\/ol>\n\n\n\n<h2 class=\"wp-block-heading\">Brukstilfeller for tale til tekst<\/h2>\n\n\n\n<h3 class=\"wp-block-heading\">Akademisk transkripsjon<\/h3>\n\n\n\n<p class=\"\">Studenter og l\u00e6rere kan transkribere forelesninger og forskningsintervjuer for enkel referanse og studier.<\/p>\n\n\n\n<h3 class=\"wp-block-heading\">Forretningsm\u00f8ter<\/h3>\n\n\n\n<p class=\"\">Fagfolk kan transkribere m\u00f8ter, id\u00e9dugnader og konferanser for n\u00f8yaktig registrering og deling.<\/p>\n\n\n\n<h3 class=\"wp-block-heading\">Opprettelse av innhold<\/h3>\n\n\n\n<p class=\"\">Skribenter og bloggere kan diktere ideer og innhold, noe som gj\u00f8r skriveprosessen raskere.<\/p>\n\n\n\n<h3 class=\"wp-block-heading\">Tilgjengelighet<\/h3>\n\n\n\n<p class=\"\">Personer med nedsatt funksjonsevne kan bruke tale-til-tekst for enklere interaksjon med teknologi og for \u00e5 opprette dokumenter uten \u00e5 skrive p\u00e5 maskin.<\/p>\n\n\n\n<h3 class=\"wp-block-heading\">Kundeservice<\/h3>\n\n\n\n<p class=\"\">Virksomheter kan transkribere kundesamtaler for kvalitetskontroll og oppl\u00e6ringsform\u00e5l.<\/p>\n\n\n\n<h2 class=\"wp-block-heading\">Topp 10 verkt\u00f8y og informasjon<\/h2>\n\n\n\n<figure class=\"wp-block-table\"><table class=\"has-fixed-layout\"><thead><tr><th>Verkt\u00f8y\/nettsted<\/th><th>Funksjoner<\/th><th>Fordeler<\/th><th>Utfordringer<\/th><th>Anbefalinger<\/th><\/tr><\/thead><tbody><tr><td><a>Google Docs Voice Typing<\/a><\/td><td>Integrasjon med Google Docs, transkripsjon i sanntid<\/td><td>Enkel \u00e5 bruke, ingen registrering kreves<\/td><td>Krever internettforbindelse<\/td><td>Ideell for brukere av Google Disk<\/td><\/tr><tr><td><a href=\"https:\/\/otter.ai\/\" target=\"_blank\" rel=\"noopener\">Otter.ai<\/a><\/td><td>Avansert AI, transkripsjon i sanntid<\/td><td>St\u00f8tter flere spr\u00e5k, samarbeidsfunksjoner<\/td><td>Begrenset gratisversjon<\/td><td>Best for teamsamarbeid<\/td><\/tr><tr><td><a href=\"https:\/\/www.rev.com\/\" target=\"_blank\" rel=\"noopener\">Rev.com<\/a><\/td><td>Menneskelige transkripsjonstjenester<\/td><td>H\u00f8y n\u00f8yaktighet, rask gjennomf\u00f8ringstid<\/td><td>Betalt tjeneste<\/td><td>Egnet for transkripsjoner av h\u00f8y kvalitet<\/td><\/tr><tr><td><a href=\"https:\/\/www.temi.com\/\" target=\"_blank\" rel=\"noopener\">Temi.com<\/a><\/td><td>Automatisert transkripsjon<\/td><td>Prisgunstig, raskt<\/td><td>Lavere n\u00f8yaktighet enn menneskelige tjenester<\/td><td>Bra for raske og rimelige transkripsjoner<\/td><\/tr><tr><td><a href=\"https:\/\/www.descript.com\/\" target=\"_blank\" rel=\"noopener\">Descript<\/a><\/td><td>Lyd- og videotranskripsjon, redigeringsfunksjoner<\/td><td>Integreres med redigeringsprogramvare, n\u00f8yaktig<\/td><td>Krever abonnement<\/td><td>Perfekt for podkastere og videoredigerere<\/td><\/tr><tr><td><a href=\"https:\/\/www.trint.com\/\" target=\"_blank\" rel=\"noopener\">Trint<\/a><\/td><td>AI-transkripsjon, redigeringsverkt\u00f8y<\/td><td>H\u00f8y n\u00f8yaktighet, enkel \u00e5 bruke<\/td><td>Begrenset gratisversjon<\/td><td>Best for journalister og forskere<\/td><\/tr><tr><td><a href=\"https:\/\/sonix.ai\/\" target=\"_blank\" rel=\"noopener\">Sonix.ai<\/a><\/td><td>Automatisert transkripsjon, st\u00f8tte for flere spr\u00e5k<\/td><td>N\u00f8yaktig, rask<\/td><td>Abonnement kreves<\/td><td>Ideell for flerspr\u00e5klige brukere<\/td><\/tr><tr><td><a href=\"https:\/\/www.speechtexter.com\/\" target=\"_blank\" rel=\"noopener\">SpeechTexter<\/a><\/td><td>Transkripsjon i sanntid, st\u00f8tter mange spr\u00e5k<\/td><td>Gratis, ingen registrering kreves<\/td><td>Internett-tilkobling er n\u00f8dvendig<\/td><td>Best for tilfeldige brukere<\/td><\/tr><tr><td><a>Nuance Dragon<\/a><\/td><td>Profesjonell transkripsjonsprogramvare<\/td><td>Sv\u00e6rt n\u00f8yaktig og tilpasningsdyktig<\/td><td>Dyrt<\/td><td>Egnet for profesjonell bruk<\/td><\/tr><tr><td><a href=\"https:\/\/azure.microsoft.com\/en-us\/services\/cognitive-services\/speech-to-text\/\" target=\"_blank\" rel=\"noopener\">Microsoft Azure Tale<\/a><\/td><td>Skybasert, skalerbar<\/td><td>H\u00f8y n\u00f8yaktighet, kan integreres med andre Microsoft-tjenester<\/td><td>Krever teknisk kunnskap<\/td><td>Best for bedriftsl\u00f8sninger<\/td><\/tr><\/tbody><\/table><\/figure>\n\n\n\n<h2 class=\"wp-block-heading\">Fordeler og ulemper i bransjen<\/h2>\n\n\n\n<h3 class=\"wp-block-heading\">Fordeler<\/h3>\n\n\n\n<ul class=\"wp-block-list\">\n<li class=\"\"><strong>Effektivitet<\/strong>: Gj\u00f8r transkriberingsprosessen raskere.<\/li>\n\n\n\n<li class=\"\"><strong>Tilgjengelighet<\/strong>: Gj\u00f8r teknologien mer tilgjengelig for personer med funksjonsnedsettelser.<\/li>\n\n\n\n<li class=\"\"><strong>Flerspr\u00e5klig st\u00f8tte<\/strong>: Tilrettelegger for kommunikasjon p\u00e5 flere spr\u00e5k.<\/li>\n<\/ul>\n\n\n\n<h3 class=\"wp-block-heading\">Ulemper<\/h3>\n\n\n\n<ul class=\"wp-block-list\">\n<li class=\"\"><strong>N\u00f8yaktighet<\/strong>: Kan ha problemer med aksenter og bakgrunnsst\u00f8y.<\/li>\n\n\n\n<li class=\"\"><strong>Personvern<\/strong>: Bekymringer rundt sikkerheten til transkriberte data.<\/li>\n\n\n\n<li class=\"\"><strong>Kostnader<\/strong>: Noen verkt\u00f8y av h\u00f8y kvalitet krever abonnement eller avgifter.<\/li>\n<\/ul>\n\n\n\n<h2 class=\"wp-block-heading\">VANLIGE SP\u00d8RSM\u00c5L<\/h2>\n\n\n\n<h3 class=\"wp-block-heading\">Hva er det beste gratis tale-til-tekst-verkt\u00f8yet?<\/h3>\n\n\n\n<p class=\"\">Det beste gratisverkt\u00f8yet er <a>Google Docs Voice Typing<\/a>som tilbyr enkel integrering og ikke krever registrering.<\/p>\n\n\n\n<h3 class=\"wp-block-heading\">Hvor n\u00f8yaktig er tale-til-tekst-programvare?<\/h3>\n\n\n\n<p class=\"\">N\u00f8yaktigheten varierer fra verkt\u00f8y til verkt\u00f8y, men avanserte AI-modeller som de som brukes av Otter.ai og Rev.com, gir h\u00f8y n\u00f8yaktighet.<\/p>\n\n\n\n<h3 class=\"wp-block-heading\">Kan tale-til-tekst h\u00e5ndtere flere spr\u00e5k?<\/h3>\n\n\n\n<p class=\"\">Ja, mange verkt\u00f8y st\u00f8tter flere spr\u00e5k, blant annet Otter.ai og Sonix.ai.<\/p>\n\n\n\n<h3 class=\"wp-block-heading\">Er tale-til-tekst sikkert?<\/h3>\n\n\n\n<p class=\"\">De fleste anerkjente verkt\u00f8y har strenge sikkerhetstiltak, men les alltid gjennom personvernerkl\u00e6ringene deres.<\/p>\n\n\n\n<h3 class=\"wp-block-heading\">Kan jeg bruke tale-til-tekst offline?<\/h3>\n\n\n\n<p class=\"\">Noen verkt\u00f8y tilbyr offline-funksjoner, men de fleste krever internettforbindelse for sanntidsbehandling.<\/p>\n\n\n\n<h3 class=\"wp-block-heading\">Hvordan kan jeg forbedre transkripsjonsn\u00f8yaktigheten?<\/h3>\n\n\n\n<p class=\"\">Snakk tydelig, minimer bakgrunnsst\u00f8y, og bruk en mikrofon av h\u00f8y kvalitet.<\/p>\n\n\n\n<h3 class=\"wp-block-heading\">Finnes det tale-til-tekst-apper for mobil?<\/h3>\n\n\n\n<p class=\"\">Ja, mange verkt\u00f8y som Google Docs Voice Typing og Otter.ai tilbyr mobilapper.<\/p>\n\n\n\n<h3 class=\"wp-block-heading\">Kan jeg redigere den transkriberte teksten?<\/h3>\n\n\n\n<p class=\"\">Ja, de fleste verkt\u00f8yene lar deg redigere transkripsjonen for \u00e5 sikre n\u00f8yaktighet.<\/p>\n\n\n\n<h3 class=\"wp-block-heading\">Hva er de viktigste bruksomr\u00e5dene for tale-til-tekst?<\/h3>\n\n\n\n<p class=\"\">Vanlige bruksomr\u00e5der er akademisk transkripsjon, forretningsm\u00f8ter, innholdsproduksjon, tilgjengelighet og kundeservice.<\/p>\n\n\n\n<h3 class=\"wp-block-heading\">Hvordan integrerer jeg tale-til-tekst med andre verkt\u00f8y?<\/h3>\n\n\n\n<p class=\"\">Mange verkt\u00f8y tilbyr integrasjoner med plattformer som Google Disk, Microsoft Office og ulike redigeringsprogrammer.<\/p>\n\n\n\n<h2 class=\"wp-block-heading\">Sammendrag<\/h2>\n\n\n\n<p class=\"\">Tale-til-tekst-teknologi gir mange fordeler, blant annet \u00f8kt effektivitet, bedre tilgjengelighet og allsidig spr\u00e5kst\u00f8tte. Verkt\u00f8y som <a href=\"https:\/\/aiartfree.online\/nb\/tale-til-tekst\/\">aiartfree.online<\/a> og Google Docs Voice Typing er p\u00e5litelige og brukervennlige alternativer. Enten det er til profesjonell, akademisk eller privat bruk, kan tale-til-tekst effektivisere oppgaver og \u00f8ke produktiviteten. Pr\u00f8v disse verkt\u00f8yene i dag, og opplev hvor enkelt det er \u00e5 konvertere talte ord til skrevet tekst!<\/p>","protected":false},"excerpt":{"rendered":"<p>How to use the Speech to Text * Record is currently not available *\u00a0Depending on your internet speed, loading the model may take up to 10 seconds \u2193 The Ultimate Guide to Speech to Text Summary Outline This article provides a comprehensive overview of speech-to-text technology, including its definition, advantages, main features, target audience, and &#8230; <a title=\"Tale til tekst\" class=\"read-more\" href=\"https:\/\/aiartfree.online\/nb\/tale-til-tekst\/\" aria-label=\"Read more about Speech to Text\">Les mer<\/a><\/p>","protected":false},"author":1,"featured_media":3418,"parent":0,"menu_order":0,"comment_status":"closed","ping_status":"closed","template":"","meta":{"nf_dc_page":"","footnotes":""},"class_list":["post-3412","page","type-page","status-publish","has-post-thumbnail"],"jetpack_sharing_enabled":true,"_links":{"self":[{"href":"https:\/\/aiartfree.online\/nb\/wp-json\/wp\/v2\/pages\/3412","targetHints":{"allow":["GET"]}}],"collection":[{"href":"https:\/\/aiartfree.online\/nb\/wp-json\/wp\/v2\/pages"}],"about":[{"href":"https:\/\/aiartfree.online\/nb\/wp-json\/wp\/v2\/types\/page"}],"author":[{"embeddable":true,"href":"https:\/\/aiartfree.online\/nb\/wp-json\/wp\/v2\/users\/1"}],"replies":[{"embeddable":true,"href":"https:\/\/aiartfree.online\/nb\/wp-json\/wp\/v2\/comments?post=3412"}],"version-history":[{"count":0,"href":"https:\/\/aiartfree.online\/nb\/wp-json\/wp\/v2\/pages\/3412\/revisions"}],"wp:featuredmedia":[{"embeddable":true,"href":"https:\/\/aiartfree.online\/nb\/wp-json\/wp\/v2\/media\/3418"}],"wp:attachment":[{"href":"https:\/\/aiartfree.online\/nb\/wp-json\/wp\/v2\/media?parent=3412"}],"curies":[{"name":"wp","href":"https:\/\/api.w.org\/{rel}","templated":true}]}}