{"id":3411,"date":"2024-08-01T09:21:04","date_gmt":"2024-08-01T09:21:04","guid":{"rendered":"https:\/\/aiartfree.online\/?page_id=3411"},"modified":"2024-08-02T11:14:38","modified_gmt":"2024-08-02T11:14:38","slug":"photo-enhancer","status":"publish","type":"page","link":"https:\/\/aiartfree.online\/nb\/fotoforsterker\/","title":{"rendered":"Fotoforsterker"},"content":{"rendered":"<h2 class=\"wp-block-heading has-text-align-center\" id=\"before-vs-after\">F\u00f8r vs. etter<\/h2>\n\n\n\n<figure class=\"gb-block-image gb-block-image-1822da1f\"><img data-recalc-dims=\"1\" decoding=\"async\" loading=\"lazy\" width=\"1200\" height=\"429\" class=\"gb-image gb-image-1822da1f\" src=\"https:\/\/i0.wp.com\/aiartfree.online\/wp-content\/uploads\/2024\/08\/WX20240801-131344%402x-jpg.webp?resize=1200%2C429&#038;ssl=1\" alt=\"AI fotoforsterker forbedrer kvaliteten p\u00e5 bilder gjennom ulike justeringer og forbedringer. Tilbyr beste gratis online AI bildeforbedringsverkt\u00f8y, ingen grense.\" title=\"WX20240801-131344@2x\" srcset=\"https:\/\/i0.wp.com\/aiartfree.online\/wp-content\/uploads\/2024\/08\/WX20240801-131344%402x-jpg.webp?w=1500&amp;ssl=1 1500w, https:\/\/i0.wp.com\/aiartfree.online\/wp-content\/uploads\/2024\/08\/WX20240801-131344%402x-jpg.webp?resize=300%2C107&amp;ssl=1 300w, https:\/\/i0.wp.com\/aiartfree.online\/wp-content\/uploads\/2024\/08\/WX20240801-131344%402x-jpg.webp?resize=1024%2C366&amp;ssl=1 1024w, https:\/\/i0.wp.com\/aiartfree.online\/wp-content\/uploads\/2024\/08\/WX20240801-131344%402x-jpg.webp?resize=768%2C274&amp;ssl=1 768w, https:\/\/i0.wp.com\/aiartfree.online\/wp-content\/uploads\/2024\/08\/WX20240801-131344%402x-jpg.webp?resize=18%2C6&amp;ssl=1 18w, https:\/\/i0.wp.com\/aiartfree.online\/wp-content\/uploads\/2024\/08\/WX20240801-131344%402x-jpg.webp?resize=600%2C214&amp;ssl=1 600w\" sizes=\"auto, (max-width: 1200px) 100vw, 1200px\" \/><\/figure>\n\n\n\n<h2 class=\"wp-block-heading\" id=\"how-to-use-the-photo-enhancer\">Slik bruker du Photo Enhancer<\/h2>\n\n\n\n<ol class=\"wp-block-list\">\n<li class=\"\">Slipp eller last opp bildet ditt<\/li>\n\n\n\n<li class=\"\">Klikk p\u00e5 \"Send\"<\/li>\n\n\n\n<li class=\"\">Vent, det var det!<\/li>\n<\/ol>\n\n\n\n<p class=\"\">* Pr\u00f8v gjerne eksemplene nedenfor hvis du ikke har noen tanker i hodet<\/p>\n\n\n\n<p class=\"\"><em>* Avhengig av internetthastigheten din, kan det ta litt tid \u00e5 laste inn modellen <\/em>opptil 10 sekunder \u2193<\/p>\n\n\n\n<div class=\"iframe-wrapper\" style=\"position: relative; width: 100%; height: 1580px;\">\n  <div class=\"loading\" style=\"position: absolute; top: 50px; left: 50%; transform: translate(-50%, -50%); width: 40px; height: 40px; border: 3px solid #f0f0f0; border-top: 3px solid #db7093; border-radius: 50%; animation: spin 1s linear infinite;\"><\/div>\n  <iframe loading=\"lazy\" src=\"https:\/\/xintao-gfpgan.hf.space\" frameborder=\"0\" width=\"100%\" height=\"100%\" style=\"position: absolute; top: 0; left: 0; opacity: 0; transition: opacity 0.3s;\" onload=\"this.style.opacity=1;this.previousElementSibling.style.display='none';\"><\/iframe>\n<\/div>\n\n<style>\n@keyframes spin {\n  0% { transform: translate(-50%, -50%) rotate(0deg); }\n  100% { transform: translate(-50%, -50%) rotate(360deg); }\n}\n<\/style>\n\n\n\n<div style=\"height:80px\" aria-hidden=\"true\" class=\"wp-block-spacer\"><\/div>\n\n\n\n<h2 class=\"wp-block-heading\" id=\"enhance-your-photos-with-ai-the-ultimate-guide\">Forbedre bildene dine med AI: Den ultimate guiden<\/h2>\n\n\n\n<div class=\"wp-block-rank-math-toc-block\" id=\"rank-math-toc\"><h3>Innholdsfortegnelse<\/h3><nav><ul><li><a href=\"#outline\">Omriss<\/a><\/li><li><a href=\"#table-of-contents\">Innholdsfortegnelse<\/a><\/li><li><a href=\"#what-is-a-photo-enhancer\">Hva er en fotoforsterker?<\/a><\/li><li><a href=\"#why-use-a-photo-enhancer\">Hvorfor bruke et bildeforbedringsprogram?<\/a><\/li><li><a href=\"#main-features-of-photo-enhancers\">Hovedfunksjonene til Photo Enhancers<\/a><ul><li><a href=\"#ai-powered-enhancements\">AI-drevne forbedringer<\/a><\/li><li><a href=\"#increase-photo-resolution\">\u00d8k bildeoppl\u00f8sningen<\/a><\/li><li><a href=\"#improve-photo-quality\">Forbedre bildekvaliteten<\/a><\/li><li><a href=\"#reduce-noise-and-sharpen-details\">Reduser st\u00f8y og gj\u00f8r detaljer skarpere<\/a><\/li><\/ul><\/li><li><a href=\"#target-audience-and-uses\">M\u00e5lgruppe og bruksomr\u00e5der<\/a><\/li><li><a href=\"#industry-applications\">Bruksomr\u00e5der i industrien<\/a><ul><li><a href=\"#e-commerce\">E-handel<\/a><\/li><li><a href=\"#photography\">Fotografering<\/a><\/li><li><a href=\"#social-media\">Sosiale medier<\/a><\/li><li><a href=\"#graphic-design\">Grafisk design<\/a><\/li><\/ul><\/li><li><a href=\"#how-to-use-a-photo-enhancer\">Slik bruker du et bildeforbedringsprogram<\/a><\/li><li><a href=\"#real-world-usage-cases\">Brukstilfeller fra den virkelige verden<\/a><ul><li><a href=\"#product-photography\">Produktfotografering<\/a><\/li><li><a href=\"#family-photos\">Familiebilder<\/a><\/li><li><a href=\"#social-media-posts\">Innlegg i sosiale medier<\/a><\/li><\/ul><\/li><li><a href=\"#comparison-of-top-10-photo-enhancer-tools\">Sammenligning av de 10 beste fotoforbedringsverkt\u00f8yene<\/a><\/li><li><a href=\"#industry-pros-and-cons\">Fordeler og ulemper i bransjen<\/a><ul><li><a href=\"#pros\">Fordeler<\/a><\/li><li><a href=\"#cons\">Ulemper<\/a><\/li><\/ul><\/li><li><a href=\"#faq\">VANLIGE SP\u00d8RSM\u00c5L<\/a><\/li><li><a href=\"#summary\">Sammendrag<\/a><\/li><\/ul><\/nav><\/div>\n\n\n\n<h3 class=\"wp-block-heading\" id=\"outline\">Omriss<\/h3>\n\n\n\n<p class=\"\">I denne omfattende guiden utforsker vi en verden av bildeforbedring ved hjelp av AI-teknologi. Vi tar for oss definisjon, fordeler, funksjoner, m\u00e5lgruppe, bruksomr\u00e5der i bransjen, bruksanvisninger, eksempler fra den virkelige verden og gir en detaljert sammenligning av 10 popul\u00e6re verkt\u00f8y. Vi tar ogs\u00e5 for oss ofte stilte sp\u00f8rsm\u00e5l og oppsummerer de viktigste fordelene ved \u00e5 bruke AI-fotoforbedringsverkt\u00f8y, sammen med en oppfordring til handling.<\/p>\n\n\n\n<h3 class=\"wp-block-heading\" id=\"table-of-contents\">Innholdsfortegnelse<\/h3>\n\n\n\n<ol class=\"wp-block-list\">\n<li class=\"\"><a href=\"#what-is-a-photo-enhancer\">Hva er en fotoforsterker?<\/a><\/li>\n\n\n\n<li class=\"\"><a href=\"#why-use-a-photo-enhancer\">Hvorfor bruke et bildeforbedringsprogram?<\/a><\/li>\n\n\n\n<li class=\"\"><a href=\"#main-features-of-photo-enhancers\">Hovedfunksjonene til Photo Enhancers<\/a><\/li>\n\n\n\n<li class=\"\"><a href=\"#target-audience-and-uses\">M\u00e5lgruppe og bruksomr\u00e5der<\/a><\/li>\n\n\n\n<li class=\"\"><a href=\"#industry-applications\">Bruksomr\u00e5der i industrien<\/a><\/li>\n\n\n\n<li class=\"\"><a href=\"#how-to-use-a-photo-enhancer\">Slik bruker du et bildeforbedringsprogram<\/a><\/li>\n\n\n\n<li class=\"\"><a href=\"#real-world-usage-cases\">Brukstilfeller fra den virkelige verden<\/a><\/li>\n\n\n\n<li class=\"\"><a href=\"#comparison-of-top-10-photo-enhancer-tools\">Sammenligning av de 10 beste fotoforbedringsverkt\u00f8yene<\/a><\/li>\n\n\n\n<li class=\"\"><a href=\"#industry-pros-and-cons\">Fordeler og ulemper i bransjen<\/a><\/li>\n\n\n\n<li class=\"\"><a href=\"#faq\">VANLIGE SP\u00d8RSM\u00c5L<\/a><\/li>\n\n\n\n<li class=\"\"><a href=\"#summary-and-call-to-action\">Oppsummering og oppfordring til handling<\/a><\/li>\n<\/ol>\n\n\n\n<h3 class=\"wp-block-heading\" id=\"what-is-a-photo-enhancer\">Hva er en fotoforsterker?<\/h3>\n\n\n\n<p class=\"\">Et bildeforbedringsprogram er et verkt\u00f8y eller en programvare som forbedrer kvaliteten p\u00e5 bilder ved hjelp av ulike justeringer og forbedringer. Det kan for eksempel v\u00e6re \u00e5 \u00f8ke oppl\u00f8sningen, redusere st\u00f8y, gj\u00f8re detaljer skarpere og forbedre fargen\u00f8yaktigheten. AI-drevne bildeforbedringsprogrammer bruker avanserte algoritmer og maskinl\u00e6ringsteknikker til \u00e5 analysere og forbedre bilder automatisk.<\/p>\n\n\n\n<h3 class=\"wp-block-heading\" id=\"why-use-a-photo-enhancer\">Hvorfor bruke et bildeforbedringsprogram?<\/h3>\n\n\n\n<p class=\"\">\u00c5 bruke en fotoforsterker gir flere viktige fordeler:<\/p>\n\n\n\n<ol class=\"wp-block-list\">\n<li class=\"\"><strong>Forbedret bildekvalitet<\/strong>: Forbedre klarheten, skarpheten og den generelle kvaliteten p\u00e5 bildene dine.<\/li>\n\n\n\n<li class=\"\"><strong>AI Image Enhancer<\/strong>: Utnytt kraften i kunstig intelligens for \u00e5 oppn\u00e5 overlegne resultater med minimal innsats.<\/li>\n\n\n\n<li class=\"\"><strong>Forbedringsverkt\u00f8y for profesjonelle<\/strong>: Perfekt for grafiske designere, fotografer og influencere i sosiale medier som trenger bilder av h\u00f8y kvalitet.<\/li>\n\n\n\n<li class=\"\"><strong>Ingen p\u00e5melding n\u00f8dvendig<\/strong>: Mange verkt\u00f8y, som f.eks. <a href=\"https:\/\/aiartfree.online\/nb\/fotoforsterker\/\">AI Art Free Photo Enhancer<\/a>tilbyr gratis, ubegrenset tilgang uten behov for registrering.<\/li>\n\n\n\n<li class=\"\"><strong>Allsidighet<\/strong>: Ideell for \u00e5 forbedre produktbilder, familiebilder og innlegg i sosiale medier.<\/li>\n\n\n\n<li class=\"\"><strong>Brukervennlig<\/strong>: Enkle grensesnitt gj\u00f8r det enkelt for alle \u00e5 bruke, uavhengig av teknisk ferdighetsniv\u00e5.<\/li>\n<\/ol>\n\n\n\n<h3 class=\"wp-block-heading\" id=\"main-features-of-photo-enhancers\">Hovedfunksjonene til Photo Enhancers<\/h3>\n\n\n\n<h4 class=\"wp-block-heading\" id=\"ai-powered-enhancements\">AI-drevne forbedringer<\/h4>\n\n\n\n<p class=\"\">AI-algoritmer analyserer og forbedrer bilder automatisk, noe som sikrer optimal kvalitet med minimale manuelle justeringer.<\/p>\n\n\n\n<h4 class=\"wp-block-heading\" id=\"increase-photo-resolution\">\u00d8k bildeoppl\u00f8sningen<\/h4>\n\n\n\n<p class=\"\">Forbedre oppl\u00f8sningen p\u00e5 bilder av lav kvalitet for \u00e5 gj\u00f8re dem egnet for utskrift eller profesjonell bruk.<\/p>\n\n\n\n<h4 class=\"wp-block-heading\" id=\"improve-photo-quality\">Forbedre bildekvaliteten<\/h4>\n\n\n\n<p class=\"\">Juster lysstyrke, kontrast og fargebalanse for \u00e5 f\u00e5 frem det beste i bildene dine.<\/p>\n\n\n\n<h4 class=\"wp-block-heading\" id=\"reduce-noise-and-sharpen-details\">Reduser st\u00f8y og gj\u00f8r detaljer skarpere<\/h4>\n\n\n\n<p class=\"\">Fjern u\u00f8nsket st\u00f8y og uskarphet fra bildene for \u00e5 gj\u00f8re dem klarere og mer detaljerte.<\/p>\n\n\n\n<h3 class=\"wp-block-heading\" id=\"target-audience-and-uses\">M\u00e5lgruppe og bruksomr\u00e5der<\/h3>\n\n\n\n<p class=\"\">Fotoforsterkere er nyttige for:<\/p>\n\n\n\n<ul class=\"wp-block-list\">\n<li class=\"\"><strong>Grafiske designere<\/strong>: Forbedre bilder for designprosjekter.<\/li>\n\n\n\n<li class=\"\"><strong>Fotografer<\/strong>: Forbedre kvaliteten p\u00e5 bildene for kundene.<\/li>\n\n\n\n<li class=\"\"><strong>P\u00e5virkere i sosiale medier<\/strong>: Lag innhold av h\u00f8y kvalitet til sosiale medier.<\/li>\n\n\n\n<li class=\"\"><strong>Selgere av e-handel<\/strong>: Gj\u00f8r produktbildene mer tiltalende for potensielle kj\u00f8pere.<\/li>\n\n\n\n<li class=\"\"><strong>Familier<\/strong>: Ta vare p\u00e5 og fremhev familiebilder du setter pris p\u00e5.<\/li>\n<\/ul>\n\n\n\n<h3 class=\"wp-block-heading\" id=\"industry-applications\">Bruksomr\u00e5der i industrien<\/h3>\n\n\n\n<h4 class=\"wp-block-heading\" id=\"e-commerce\">E-handel<\/h4>\n\n\n\n<p class=\"\">Forbedre produktbildene for \u00e5 gj\u00f8re dem mer tiltalende, noe som f\u00f8rer til \u00f8kt salg.<\/p>\n\n\n\n<h4 class=\"wp-block-heading\" id=\"photography\">Fotografering<\/h4>\n\n\n\n<p class=\"\">Profesjonelle fotografer kan bruke bildeforsterkere for \u00e5 forbedre kvaliteten p\u00e5 arbeidet sitt og tilfredsstille kundene.<\/p>\n\n\n\n<h4 class=\"wp-block-heading\" id=\"social-media\">Sosiale medier<\/h4>\n\n\n\n<p class=\"\">Influencere og markedsf\u00f8rere kan skape i\u00f8ynefallende innlegg som skiller seg ut i det overfylte sosiale medielandskapet.<\/p>\n\n\n\n<h4 class=\"wp-block-heading\" id=\"graphic-design\">Grafisk design<\/h4>\n\n\n\n<p class=\"\">Designere kan forbedre kvaliteten p\u00e5 bildene som brukes i prosjektene sine, noe som resulterer i mer polert og profesjonelt arbeid.<\/p>\n\n\n\n<p class=\"\"><\/p>\n\n\n\n<h3 class=\"wp-block-heading\" id=\"how-to-use-a-photo-enhancer\">Slik bruker du et bildeforbedringsprogram<\/h3>\n\n\n\n<ol class=\"wp-block-list\">\n<li class=\"\"><strong>Last opp bildet ditt<\/strong>: Velg bildet du vil forbedre.<\/li>\n\n\n\n<li class=\"\"><strong>Velg forbedringsalternativer<\/strong>: Velg de \u00f8nskede justeringene (f.eks. \u00f8ke oppl\u00f8sningen, redusere st\u00f8y).<\/li>\n\n\n\n<li class=\"\"><strong>Bruk forbedringer<\/strong>: La AI-algoritmene ut\u00f8ve sin magi.<\/li>\n\n\n\n<li class=\"\"><strong>Last ned det forbedrede bildet<\/strong>: Lagre det forbedrede bildet p\u00e5 enheten din.<\/li>\n<\/ol>\n\n\n\n<h3 class=\"wp-block-heading\" id=\"real-world-usage-cases\">Brukstilfeller fra den virkelige verden<\/h3>\n\n\n\n<h4 class=\"wp-block-heading\" id=\"product-photography\">Produktfotografering<\/h4>\n\n\n\n<p class=\"\">E-handelsselgere bruker bildeforsterkere for \u00e5 gj\u00f8re produktbildene mer attraktive, noe som f\u00f8rer til h\u00f8yere konverteringsrater.<\/p>\n\n\n\n<h4 class=\"wp-block-heading\" id=\"family-photos\">Familiebilder<\/h4>\n\n\n\n<p class=\"\">Enkeltpersoner forbedrer gamle familiebilder for \u00e5 bevare minnene med forbedret klarhet og detaljrikdom.<\/p>\n\n\n\n<h4 class=\"wp-block-heading\" id=\"social-media-posts\">Innlegg i sosiale medier<\/h4>\n\n\n\n<p class=\"\">Influencere forbedrer bilder for \u00e5 skape fantastisk innhold som tiltrekker seg flere f\u00f8lgere og mer engasjement.<\/p>\n\n\n\n<h3 class=\"wp-block-heading\" id=\"comparison-of-top-10-photo-enhancer-tools\">Sammenligning av de 10 beste fotoforbedringsverkt\u00f8yene<\/h3>\n\n\n\n<figure class=\"wp-block-table\"><table class=\"has-fixed-layout\"><thead><tr><th>Navn p\u00e5 verkt\u00f8yet<\/th><th>Funksjoner<\/th><th>Fordeler<\/th><th>Ulemper<\/th><th>Nettsted<\/th><\/tr><\/thead><tbody><tr><td><strong>AI Art Free Photo Enhancer<\/strong><\/td><td>AI-drevet, ubegrenset bruk, ingen registrering<\/td><td>100% gratis, enkel \u00e5 bruke<\/td><td>Begrensede avanserte funksjoner<\/td><td><a href=\"https:\/\/aiartfree.online\/nb\/fotoforsterker\/\">AI Art Free<\/a><\/td><\/tr><tr><td><strong>Adobe Photoshop<\/strong><\/td><td>Avanserte redigeringsverkt\u00f8y, AI-forbedringer<\/td><td>Profesjonell kvalitet, sv\u00e6rt tilpasningsdyktig<\/td><td>Dyrt, bratt l\u00e6ringskurve<\/td><td><a href=\"https:\/\/www.adobe.com\/products\/photoshop.html\" target=\"_blank\" rel=\"noopener\">Adobe Photoshop<\/a><\/td><\/tr><tr><td><strong>Luminar AI<\/strong><\/td><td>AI-drevet redigering, maler<\/td><td>Brukervennlig og rask behandling<\/td><td>Krever kj\u00f8p<\/td><td><a>Luminar AI<\/a><\/td><\/tr><tr><td><strong>Fotor<\/strong><\/td><td>Nettbasert redigeringsprogram, AI-forbedringer<\/td><td>Gratisversjon tilgjengelig, enkel \u00e5 bruke<\/td><td>Begrensede funksjoner i gratisversjonen<\/td><td><a href=\"https:\/\/www.fotor.com\/\" target=\"_blank\" rel=\"noopener\">Fotor<\/a><\/td><\/tr><tr><td><strong>GIMP<\/strong><\/td><td>Tilpassbare verkt\u00f8y med \u00e5pen kildekode<\/td><td>Gratis, kraftige funksjoner<\/td><td>Mindre intuitivt grensesnitt<\/td><td><a href=\"https:\/\/www.gimp.org\/\" target=\"_blank\" rel=\"noopener\">GIMP<\/a><\/td><\/tr><tr><td><strong>Pixlr<\/strong><\/td><td>Nettbasert, AI-verkt\u00f8y, raske redigeringer<\/td><td>Gratis grunnversjon, mobilapp<\/td><td>Annonser i gratisversjonen, begrensede funksjoner<\/td><td><a href=\"https:\/\/pixlr.com\/\" target=\"_blank\" rel=\"noopener\">Pixlr<\/a><\/td><\/tr><tr><td><strong>PhotoScape X<\/strong><\/td><td>Brukervennlige AI-verkt\u00f8y for batch-redigering<\/td><td>Gratis, brukervennlig<\/td><td>Begrensede avanserte funksjoner<\/td><td><a>PhotoScape X<\/a><\/td><\/tr><tr><td><strong>Forbedre.pho.to<\/strong><\/td><td>Online enhancer, automatiske justeringer<\/td><td>Gratis, ingen registrering kreves<\/td><td>Begrenset manuell kontroll<\/td><td><a>Forbedre.pho.to<\/a><\/td><\/tr><tr><td><strong>La oss forbedre<\/strong><\/td><td>AI-drevet oppskalering og st\u00f8yreduksjon<\/td><td>Resultater av h\u00f8y kvalitet, enkel \u00e5 bruke<\/td><td>Begrenset gratisversjon, kreditt kreves for full bruk<\/td><td><a href=\"https:\/\/letsenhance.io\/\" target=\"_blank\" rel=\"noopener\">La oss forbedre<\/a><\/td><\/tr><tr><td><strong>BeFunky<\/strong><\/td><td>Fotoredigeringsprogram, AI-effekter, maler<\/td><td>Gratis grunnversjon, enkelt grensesnitt<\/td><td>Premiumfunksjoner krever abonnement<\/td><td><a href=\"https:\/\/www.befunky.com\/\" target=\"_blank\" rel=\"noopener\">BeFunky<\/a><\/td><\/tr><\/tbody><\/table><\/figure>\n\n\n\n<h3 class=\"wp-block-heading\" id=\"industry-pros-and-cons\">Fordeler og ulemper i bransjen<\/h3>\n\n\n\n<h4 class=\"wp-block-heading\" id=\"pros\">Fordeler<\/h4>\n\n\n\n<ul class=\"wp-block-list\">\n<li class=\"\"><strong>Forbedret bildekvalitet<\/strong>: AI-verkt\u00f8y forbedrer bildekvaliteten betydelig.<\/li>\n\n\n\n<li class=\"\"><strong>Brukervennlig<\/strong>: Enkel \u00e5 bruke for b\u00e5de profesjonelle og amat\u00f8rer.<\/li>\n\n\n\n<li class=\"\"><strong>Kostnadseffektivt<\/strong>: Mange verkt\u00f8y er gratis eller rimelige.<\/li>\n<\/ul>\n\n\n\n<h4 class=\"wp-block-heading\" id=\"cons\">Ulemper<\/h4>\n\n\n\n<ul class=\"wp-block-list\">\n<li class=\"\"><strong>Avhengighet av AI<\/strong>: Resultatene kan variere avhengig av AI-algoritmen.<\/li>\n\n\n\n<li class=\"\"><strong>Begrenset tilpasning<\/strong>: Noen verkt\u00f8y tilbyr begrensede manuelle justeringsmuligheter.<\/li>\n\n\n\n<li class=\"\"><strong>Behandlingstid<\/strong>: H\u00f8yoppl\u00f8selige bilder kan ta lengre tid \u00e5 behandle.<\/li>\n<\/ul>\n\n\n\n<h3 class=\"wp-block-heading\" id=\"faq\">VANLIGE SP\u00d8RSM\u00c5L<\/h3>\n\n\n\n<ol class=\"wp-block-list\">\n<li class=\"\"><strong>Hvordan forbedre et bilde?<\/strong>\n<ul class=\"wp-block-list\">\n<li class=\"\">Last opp bildet ditt til en AI-fotoforbedrer, og bruk de \u00f8nskede forbedringene.<\/li>\n<\/ul>\n<\/li>\n\n\n\n<li class=\"\"><strong>Hvordan forbedre bildeoppl\u00f8sningen?<\/strong>\n<ul class=\"wp-block-list\">\n<li class=\"\">Bruk verkt\u00f8y som AI Art Free Photo Enhancer for \u00e5 \u00f8ke oppl\u00f8sningen p\u00e5 bildene dine.<\/li>\n<\/ul>\n<\/li>\n\n\n\n<li class=\"\"><strong>Hvordan forbedre bildekvaliteten?<\/strong>\n<ul class=\"wp-block-list\">\n<li class=\"\">Juster lysstyrke, kontrast og fargebalanse ved hjelp av en AI-bildeforbedrer.<\/li>\n<\/ul>\n<\/li>\n\n\n\n<li class=\"\"><strong>Hvordan forbedre et uskarpt bilde?<\/strong>\n<ul class=\"wp-block-list\">\n<li class=\"\">Bruk skarphetsfunksjonen i en AI-fotoforsterker for \u00e5 redusere uskarphet.<\/li>\n<\/ul>\n<\/li>\n\n\n\n<li class=\"\"><strong>Hvordan forbedre bildekvaliteten i Photoshop?<\/strong>\n<ul class=\"wp-block-list\">\n<li class=\"\">Bruk Photoshops innebygde verkt\u00f8y som skarphet, st\u00f8yreduksjon og fargekorrigering.<\/li>\n<\/ul>\n<\/li>\n\n\n\n<li class=\"\"><strong>Kan AI-fotoforsterkere fikse gamle bilder?<\/strong>\n<ul class=\"wp-block-list\">\n<li class=\"\">Ja, AI-fotoforsterkere kan gjenopprette og forbedre kvaliteten p\u00e5 gamle bilder.<\/li>\n<\/ul>\n<\/li>\n\n\n\n<li class=\"\"><strong>Finnes det gratis bildeforsterkere?<\/strong>\n<ul class=\"wp-block-list\">\n<li class=\"\">Ja, verkt\u00f8y som AI Art Free Photo Enhancer tilbyr gratis, ubegrenset bruk.<\/li>\n<\/ul>\n<\/li>\n\n\n\n<li class=\"\"><strong>M\u00e5 jeg registrere meg for \u00e5 bruke en bildeforsterker?<\/strong>\n<ul class=\"wp-block-list\">\n<li class=\"\">Mange verkt\u00f8y krever ikke registrering, noe som gj\u00f8r det enkelt \u00e5 forbedre bilder raskt.<\/li>\n<\/ul>\n<\/li>\n\n\n\n<li class=\"\"><strong>Hva er de beste verkt\u00f8yene for bildeforbedring?<\/strong>\n<ul class=\"wp-block-list\">\n<li class=\"\">AI Art Free Photo Enhancer, sammen med andre popul\u00e6re verkt\u00f8y som er oppf\u00f8rt i sammenligningstabellen.<\/li>\n<\/ul>\n<\/li>\n\n\n\n<li class=\"\"><strong>Hvor lang tid tar det \u00e5 forbedre et bilde?<\/strong>\n<ul class=\"wp-block-list\">\n<li class=\"\">Behandlingstiden varierer avhengig av bildest\u00f8rrelsen og verkt\u00f8yet som brukes.<\/li>\n<\/ul>\n<\/li>\n<\/ol>\n\n\n\n<h3 class=\"wp-block-heading\" id=\"summary\">Sammendrag<\/h3>\n\n\n\n<p class=\"\">Forbedring av bilder med AI-teknologi gir mange fordeler, blant annet bedre kvalitet, brukervennlighet og allsidighet. Enten du er profesjonell fotograf, grafisk designer eller bare \u00f8nsker \u00e5 forbedre personlige bilder, kan AI-bildeforbedringsverkt\u00f8y som <a href=\"https:\/\/aiartfree.online\/nb\/fotoforsterker\/\">AI Art Free Photo Enhancer<\/a> gir en kraftig l\u00f8sning. Pr\u00f8v det i dag, og opplev forskjellen i bildekvaliteten!<\/p>","protected":false},"excerpt":{"rendered":"<p>Before vs After How to use the Photo Enhancer * Feel free to try our examples below if you don&#8217;t have any thoughts in your mind *&nbsp;Depending on your internet speed, loading the model may take up to 10 seconds \u2193 Enhance Your Photos with AI: The Ultimate Guide Outline In this comprehensive guide, we&#8217;ll &#8230; <a title=\"Fotoforsterker\" class=\"read-more\" href=\"https:\/\/aiartfree.online\/nb\/fotoforsterker\/\" aria-label=\"Read more about Photo Enhancer\">Les mer<\/a><\/p>","protected":false},"author":1,"featured_media":3420,"parent":0,"menu_order":0,"comment_status":"open","ping_status":"closed","template":"","meta":{"nf_dc_page":"","footnotes":""},"class_list":["post-3411","page","type-page","status-publish","has-post-thumbnail"],"jetpack_sharing_enabled":true,"_links":{"self":[{"href":"https:\/\/aiartfree.online\/nb\/wp-json\/wp\/v2\/pages\/3411","targetHints":{"allow":["GET"]}}],"collection":[{"href":"https:\/\/aiartfree.online\/nb\/wp-json\/wp\/v2\/pages"}],"about":[{"href":"https:\/\/aiartfree.online\/nb\/wp-json\/wp\/v2\/types\/page"}],"author":[{"embeddable":true,"href":"https:\/\/aiartfree.online\/nb\/wp-json\/wp\/v2\/users\/1"}],"replies":[{"embeddable":true,"href":"https:\/\/aiartfree.online\/nb\/wp-json\/wp\/v2\/comments?post=3411"}],"version-history":[{"count":0,"href":"https:\/\/aiartfree.online\/nb\/wp-json\/wp\/v2\/pages\/3411\/revisions"}],"wp:featuredmedia":[{"embeddable":true,"href":"https:\/\/aiartfree.online\/nb\/wp-json\/wp\/v2\/media\/3420"}],"wp:attachment":[{"href":"https:\/\/aiartfree.online\/nb\/wp-json\/wp\/v2\/media?parent=3411"}],"curies":[{"name":"wp","href":"https:\/\/api.w.org\/{rel}","templated":true}]}}