{"id":3366,"date":"2024-07-31T07:54:51","date_gmt":"2024-07-31T07:54:51","guid":{"rendered":"https:\/\/aiartfree.online\/?page_id=3366"},"modified":"2024-08-02T10:41:37","modified_gmt":"2024-08-02T10:41:37","slug":"ai-background-generator","status":"publish","type":"page","link":"https:\/\/aiartfree.online\/nb\/ai-bakgrunnsgenerator\/","title":{"rendered":"AI-bakgrunnsgenerator"},"content":{"rendered":"<h2 class=\"wp-block-heading has-text-align-center\" id=\"before-vs-after\">F\u00f8r vs. etter<\/h2>\n\n\n\n<figure class=\"gb-block-image gb-block-image-1822da1f\"><img data-recalc-dims=\"1\" decoding=\"async\" loading=\"lazy\" width=\"1200\" height=\"423\" class=\"gb-image gb-image-1822da1f\" src=\"https:\/\/i0.wp.com\/aiartfree.online\/wp-content\/uploads\/2024\/07\/WX20240731-145349%402x-scaled.webp?resize=1200%2C423&#038;ssl=1\" alt=\"AI bakgrunnsgenerator | Gratis bakgrunnsveksler, ubegrenset\" title=\"WX20240731-145349@2x\" srcset=\"https:\/\/i0.wp.com\/aiartfree.online\/wp-content\/uploads\/2024\/07\/WX20240731-145349%402x-scaled.webp?w=2560&amp;ssl=1 2560w, https:\/\/i0.wp.com\/aiartfree.online\/wp-content\/uploads\/2024\/07\/WX20240731-145349%402x-scaled.webp?resize=300%2C106&amp;ssl=1 300w, https:\/\/i0.wp.com\/aiartfree.online\/wp-content\/uploads\/2024\/07\/WX20240731-145349%402x-scaled.webp?resize=1024%2C361&amp;ssl=1 1024w, https:\/\/i0.wp.com\/aiartfree.online\/wp-content\/uploads\/2024\/07\/WX20240731-145349%402x-scaled.webp?resize=768%2C271&amp;ssl=1 768w, https:\/\/i0.wp.com\/aiartfree.online\/wp-content\/uploads\/2024\/07\/WX20240731-145349%402x-scaled.webp?resize=1536%2C541&amp;ssl=1 1536w, https:\/\/i0.wp.com\/aiartfree.online\/wp-content\/uploads\/2024\/07\/WX20240731-145349%402x-scaled.webp?resize=2048%2C721&amp;ssl=1 2048w, https:\/\/i0.wp.com\/aiartfree.online\/wp-content\/uploads\/2024\/07\/WX20240731-145349%402x-scaled.webp?resize=18%2C6&amp;ssl=1 18w, https:\/\/i0.wp.com\/aiartfree.online\/wp-content\/uploads\/2024\/07\/WX20240731-145349%402x-scaled.webp?resize=600%2C211&amp;ssl=1 600w, https:\/\/i0.wp.com\/aiartfree.online\/wp-content\/uploads\/2024\/07\/WX20240731-145349%402x-scaled.webp?w=2400&amp;ssl=1 2400w\" sizes=\"auto, (max-width: 1200px) 100vw, 1200px\" \/><\/figure>\n\n\n\n<h2 class=\"wp-block-heading\" id=\"how-to-use-the-ai-background-generator\">Slik bruker du AI-bakgrunnsgeneratoren<\/h2>\n\n\n\n<ol class=\"wp-block-list\">\n<li class=\"\">Slipp eller last opp bildet ditt<\/li>\n\n\n\n<li class=\"\">Skriv inn ledeteksten din (Velg <strong>Fjern bakgrunn<\/strong> hvis bildet ditt er med bakgrunn for \u00e5 f\u00e5 et bedre resultat)<\/li>\n\n\n\n<li class=\"\">Klikk p\u00e5 \"Generer\"<\/li>\n\n\n\n<li class=\"\">Vent, det var det!<\/li>\n<\/ol>\n\n\n\n<p class=\"\">* Pr\u00f8v gjerne eksemplene nedenfor hvis du ikke har noen tanker i hodet<\/p>\n\n\n\n<p class=\"\"><em>* Avhengig av internetthastigheten din kan det ta noen sekunder \u00e5 laste inn modellen.<br>* Det vil skje en hurtigbufring under kontinuerlig generering, og det nye bildet vises etter ca. 3 sekunder.<\/em><\/p>\n\n\n<div class=\"gb-container gb-container-968be51b\">\n\n<div class=\"iframe-wrapper\" style=\"position: relative; width: 100%; height: 2650px;\">\n  <div class=\"loading\" style=\"position: absolute; top: 100px; left: 50%; transform: translate(-50%, -50%); width: 40px; height: 40px; border: 3px solid #f0f0f0; border-top: 3px solid #db7093; border-radius: 50%; animation: spin 1s linear infinite;\"><\/div>\n  <iframe loading=\"lazy\" src=\"https:\/\/fotographerai-fai-fuzer.hf.space\" frameborder=\"0\" width=\"100%\" height=\"100%\" style=\"position: absolute; top: 0; left: 0; opacity: 0; transition: opacity 0.3s;\" onload=\"this.style.opacity=1;this.previousElementSibling.style.display='none';\"><\/iframe>\n<\/div>\n\n<style>\n@keyframes spin {\n  0% { transform: translate(-50%, -50%) rotate(0deg); }\n  100% { transform: translate(-50%, -50%) rotate(360deg); }\n}\n<\/style>\n\n<\/div>\n\n\n<div style=\"height:100px\" aria-hidden=\"true\" class=\"wp-block-spacer\"><\/div>\n\n\n\n<h2 class=\"wp-block-heading\" id=\"ai-background-generator-revolutionizing-image-creation\">AI Background Generator: Revolusjonerende bildeskaping<\/h2>\n\n\n\n<p class=\"\">Denne artikkelen tar for seg AI-bakgrunnsgeneratorer, fordelene med dem og hvordan de forandrer digitale bilder. Vi tar for oss alt fra grunnleggende konsepter til avanserte bruksomr\u00e5der, og hjelper deg \u00e5 forst\u00e5 hvorfor dette verkt\u00f8yet er i ferd med \u00e5 bli uunnv\u00e6rlig for b\u00e5de kreat\u00f8rer og bedrifter.<\/p>\n\n\n\n<div class=\"wp-block-rank-math-toc-block\" id=\"rank-math-toc\"><h3>Innholdsfortegnelse<\/h3><nav><ul><li><a href=\"#what-is-an-ai-background-generator\">Hva er en AI-bakgrunnsgenerator?<\/a><\/li><li><a href=\"#why-use-an-ai-background-generator\">Hvorfor bruke en AI-bakgrunnsgenerator?<\/a><\/li><li><a href=\"#main-features-of-ai-background-generators\">Hovedfunksjonene til AI-bakgrunnsgeneratorer<\/a><ul><li><a href=\"#1-image-generation-from-text\">1. Bildegenerering fra tekst<\/a><\/li><li><a href=\"#2-style-transfer\">2. Stiloverf\u00f8ring<\/a><\/li><li><a href=\"#3-background-removal-and-replacement\">3. Fjerning og utskifting av bakgrunn<\/a><\/li><li><a href=\"#4-resolution-enhancement\">4. Forbedring av oppl\u00f8sningen<\/a><\/li><\/ul><\/li><li><a href=\"#who-should-use-ai-background-generators\">Hvem b\u00f8r bruke AI-bakgrunnsgeneratorer?<\/a><\/li><li><a href=\"#industries-benefiting-from-ai-background-generators\">Bransjer som drar nytte av AI-bakgrunnsgeneratorer<\/a><\/li><li><a href=\"#how-to-use-an-ai-background-generator\">Slik bruker du en AI-bakgrunnsgenerator<\/a><\/li><li><a href=\"#use-cases-for-ai-background-generators\">Bruksomr\u00e5der for AI-bakgrunnsgeneratorer<\/a><ul><li><a href=\"#e-commerce-product-images\">Produktbilder for e-handel<\/a><\/li><li><a href=\"#social-media-content\">Innhold i sosiale medier<\/a><\/li><li><a href=\"#video-production\">Videoproduksjon<\/a><\/li><li><a href=\"#website-design\">Nettstedsdesign<\/a><\/li><\/ul><\/li><li><a href=\"#10-ai-background-generator-tools-pros-cons-and-features\">10 AI-bakgrunnsgeneratorverkt\u00f8y: Fordeler, ulemper og funksjoner<\/a><\/li><li><a href=\"#advantages-challenges-and-recommendations-for-the-ai-background-generation-industry\">Fordeler, utfordringer og anbefalinger for bransjen for generering av AI-bakgrunn<\/a><ul><li><a href=\"#advantages\">Fordeler<\/a><\/li><li><a href=\"#challenges\">Utfordringer<\/a><\/li><li><a href=\"#recommendations\">Anbefalinger<\/a><\/li><\/ul><\/li><li><a href=\"#faq\">VANLIGE SP\u00d8RSM\u00c5L<\/a><\/li><li><a href=\"#conclusion\">Konklusjon<\/a><\/li><\/ul><\/nav><\/div>\n\n\n\n<h3 class=\"wp-block-heading\" id=\"what-is-an-ai-background-generator\">Hva er en AI-bakgrunnsgenerator?<\/h3>\n\n\n\n<p class=\"\">En AI-bakgrunnsgenerator er et banebrytende verkt\u00f8y som bruker kunstig intelligens til \u00e5 skape fantastiske, unike bakgrunner for ulike digitale prosjekter. Denne f\u00f8rsteklasses teknologien gj\u00f8r det mulig for brukere \u00e5 produsere bilder av h\u00f8y kvalitet uten behov for omfattende ferdigheter innen grafisk design eller kostbar programvare.<\/p>\n\n\n\n<h3 class=\"wp-block-heading\" id=\"why-use-an-ai-background-generator\">Hvorfor bruke en AI-bakgrunnsgenerator?<\/h3>\n\n\n\n<p class=\"\">\u00c5 bruke en AI-bakgrunnsgenerator gir mange fordeler:<\/p>\n\n\n\n<ol class=\"wp-block-list\">\n<li class=\"\">Tidsbesparende: Generer bakgrunner p\u00e5 sekunder<\/li>\n\n\n\n<li class=\"\">Kostnadseffektivt: Mange alternativer er 100% gratis og ubegrenset<\/li>\n\n\n\n<li class=\"\">Allsidig: Lag bakgrunner til ulike form\u00e5l<\/li>\n\n\n\n<li class=\"\">Ingen designferdigheter kreves: AI gj\u00f8r det tunge l\u00f8ftet<\/li>\n\n\n\n<li class=\"\">Kan tilpasses: Skreddersy utdataene til dine spesifikke behov<\/li>\n<\/ol>\n\n\n\n<h3 class=\"wp-block-heading\" id=\"main-features-of-ai-background-generators\">Hovedfunksjonene til AI-bakgrunnsgeneratorer<\/h3>\n\n\n\n<h4 class=\"wp-block-heading\" id=\"1-image-generation-from-text\">1. Bildegenerering fra tekst<\/h4>\n\n\n\n<p class=\"\">AI-bakgrunnsgeneratorer kan lage bilder basert p\u00e5 tekstbeskrivelser, noe som gir mulighet for utrolig spesifikke og tilpassede resultater.<\/p>\n\n\n\n<h4 class=\"wp-block-heading\" id=\"2-style-transfer\">2. Stiloverf\u00f8ring<\/h4>\n\n\n\n<p class=\"\">Bruk kunstneriske stiler p\u00e5 eksisterende bilder, eller generer nye bilder i spesifikke stiler, fra fotorealistiske til abstrakte.<\/p>\n\n\n\n<h4 class=\"wp-block-heading\" id=\"3-background-removal-and-replacement\">3. Fjerning og utskifting av bakgrunn<\/h4>\n\n\n\n<p class=\"\">Fjern og endre bakgrunnen p\u00e5 bilder p\u00e5 en enkel m\u00e5te, perfekt for produktbilder eller portretter.<\/p>\n\n\n\n<h4 class=\"wp-block-heading\" id=\"4-resolution-enhancement\">4. Forbedring av oppl\u00f8sningen<\/h4>\n\n\n\n<p class=\"\">Oppskalere og forbedre kvaliteten p\u00e5 eksisterende bilder, eller generer h\u00f8yoppl\u00f8selige bakgrunner fra bunnen av.<\/p>\n\n\n\n<h3 class=\"wp-block-heading\" id=\"who-should-use-ai-background-generators\">Hvem b\u00f8r bruke AI-bakgrunnsgeneratorer?<\/h3>\n\n\n\n<ul class=\"wp-block-list\">\n<li class=\"\">Grafiske designere<\/li>\n\n\n\n<li class=\"\">Markedsf\u00f8rere i sosiale medier<\/li>\n\n\n\n<li class=\"\">E-handelsvirksomheter<\/li>\n\n\n\n<li class=\"\">Spillutviklere (f.eks. for dnd-bakgrunnsgenerator ai)<\/li>\n\n\n\n<li class=\"\">Skapere av innhold<\/li>\n\n\n\n<li class=\"\">Fotografer<\/li>\n<\/ul>\n\n\n\n<h3 class=\"wp-block-heading\" id=\"industries-benefiting-from-ai-background-generators\">Bransjer som drar nytte av AI-bakgrunnsgeneratorer<\/h3>\n\n\n\n<ul class=\"wp-block-list\">\n<li class=\"\">Reklame og markedsf\u00f8ring<\/li>\n\n\n\n<li class=\"\">E-handel og produktfotografering<\/li>\n\n\n\n<li class=\"\">Spill og underholdning<\/li>\n\n\n\n<li class=\"\">Fast eiendom<\/li>\n\n\n\n<li class=\"\">Mote og livsstil<\/li>\n\n\n\n<li class=\"\">Utdanning og e-l\u00e6ring<\/li>\n<\/ul>\n\n\n\n<h3 class=\"wp-block-heading\" id=\"how-to-use-an-ai-background-generator\">Slik bruker du en AI-bakgrunnsgenerator<\/h3>\n\n\n\n<ol class=\"wp-block-list\">\n<li class=\"\">Velg et p\u00e5litelig AI-bakgrunnsgeneratorverkt\u00f8y<\/li>\n\n\n\n<li class=\"\">Velg \u00f8nsket funksjon (f.eks. generere nytt bilde, fjerne bakgrunn)<\/li>\n\n\n\n<li class=\"\">Skriv inn en tekstbeskrivelse eller last opp et bilde<\/li>\n\n\n\n<li class=\"\">Juster innstillingene etter behov<\/li>\n\n\n\n<li class=\"\">Generer bakgrunnen<\/li>\n\n\n\n<li class=\"\">Last ned og bruk den nye bakgrunnen din<\/li>\n<\/ol>\n\n\n\n<h3 class=\"wp-block-heading\" id=\"use-cases-for-ai-background-generators\">Bruksomr\u00e5der for AI-bakgrunnsgeneratorer<\/h3>\n\n\n\n<h4 class=\"wp-block-heading\" id=\"e-commerce-product-images\">Produktbilder for e-handel<\/h4>\n\n\n\n<p class=\"\">Lag profesjonelle produktbilder med ai-genererte, vakre blomsterbilder med uskarp bakgrunn eller andre passende kontekster.<\/p>\n\n\n\n<h4 class=\"wp-block-heading\" id=\"social-media-content\">Innhold i sosiale medier<\/h4>\n\n\n\n<p class=\"\">Skap i\u00f8ynefallende bakgrunner for innlegg, historier og annonser.<\/p>\n\n\n\n<h4 class=\"wp-block-heading\" id=\"video-production\">Videoproduksjon<\/h4>\n\n\n\n<p class=\"\">Lag unike kulisser for videoprosjekter, virtuelle kulisser eller erstatninger for green screen.<\/p>\n\n\n\n<h4 class=\"wp-block-heading\" id=\"website-design\">Nettstedsdesign<\/h4>\n\n\n\n<p class=\"\">Utvikle egendefinerte bakgrunner for nettsider, overskrifter og bannere.<\/p>\n\n\n\n<h3 class=\"wp-block-heading\" id=\"10-ai-background-generator-tools-pros-cons-and-features\">10 AI-bakgrunnsgeneratorverkt\u00f8y: Fordeler, ulemper og funksjoner<\/h3>\n\n\n\n<figure class=\"wp-block-table\"><table class=\"has-fixed-layout\"><thead><tr><th>Verkt\u00f8y<\/th><th>Fordeler<\/th><th>Ulemper<\/th><th>Funksjoner<\/th><th>URL<\/th><\/tr><\/thead><tbody><tr><td>AIArtFree<\/td><td>100% Gratis, ingen registrering, ubegrenset bruk<\/td><td>Begrensede avanserte funksjoner<\/td><td>AI-bakgrunnsgenerator, fjerning av bakgrunn<\/td><td><a href=\"https:\/\/aiartfree.online\/nb\/ai-bakgrunnsgenerator\/\">https:\/\/aiartfree.online\/ai-background-generator\/<\/a><\/td><\/tr><tr><td>DALL-E 2<\/td><td>Utganger av h\u00f8y kvalitet, allsidig<\/td><td>Betalt tjeneste, krever OpenAI-konto<\/td><td>Tekst-til-bilde-generering, bilderedigering<\/td><td><a href=\"https:\/\/openai.com\/dall-e-2\" target=\"_blank\" rel=\"noreferrer noopener\">https:\/\/openai.com\/dall-e-2<\/a><\/td><\/tr><tr><td>Midt p\u00e5 reisen<\/td><td>Kunstneriske resultater, samfunnsdrevet<\/td><td>Betalt tjeneste, Discord-basert grensesnitt<\/td><td>Tekst-til-bilde-generering, stiltilpasning<\/td><td>https:\/\/www.midjourney.com<\/td><\/tr><tr><td>Stabil diffusjon<\/td><td>\u00c5pen kildekode, tilpasningsdyktig<\/td><td>Krever teknisk kunnskap for \u00e5 sette opp<\/td><td>Tekst-til-bilde-generering, bilde-til-bilde-oversettelse<\/td><td>https:\/\/stability.ai<\/td><\/tr><tr><td>Canva<\/td><td>Brukervennlig grensesnitt, integrerte designverkt\u00f8y<\/td><td>Begrensede AI-funksjoner i gratisversjonen<\/td><td>Fjerning av bakgrunn, generering av bilder (med Magic Studio)<\/td><td>https:\/\/www.canva.com<\/td><\/tr><tr><td>Fjern.bg<\/td><td>Spesialiserer seg p\u00e5 fjerning av bakgrunn, API tilgjengelig<\/td><td>Begrenset til kun fjerning av bakgrunn<\/td><td>Automatisk fjerning av bakgrunn, personoppdagelse<\/td><td>https:\/\/www.remove.bg<\/td><\/tr><tr><td>Pixlr<\/td><td>Gratis grunnversjon, nettbasert<\/td><td>Avanserte funksjoner krever abonnement<\/td><td>AI-bakgrunnsfjerning, bilderedigeringsverkt\u00f8y<\/td><td>https:\/\/pixlr.com<\/td><\/tr><tr><td>PhotoRoom<\/td><td>Mobilvennlig, bra for produktbilder<\/td><td>Fullstendige funksjoner krever abonnement<\/td><td>Fjerning av bakgrunn, fjerning av objekter, generering av AI-bilder<\/td><td>https:\/\/www.photoroom.com<\/td><\/tr><tr><td>Artbreeder<\/td><td>Unike muligheter for bildeblanding<\/td><td>L\u00e6ringskurve for best mulig resultat<\/td><td>Bildemiksing, stiloverf\u00f8ring<\/td><td>https:\/\/www.artbreeder.com<\/td><\/tr><tr><td>Fotor<\/td><td>Enkel \u00e5 bruke, flere AI-verkt\u00f8y<\/td><td>Noen funksjoner er l\u00e5st bak betalingsmur<\/td><td>Fjerning av bakgrunn, AI art generator, Fotoeffekter<\/td><td>https:\/\/www.fotor.com<\/td><\/tr><\/tbody><\/table><figcaption class=\"wp-element-caption\">Denne tabellen gir en mer omfattende oversikt over ulike AI-bakgrunnsgeneratorverkt\u00f8y, inkludert fordeler, ulemper, viktige funksjoner og nettadresser.<\/figcaption><\/figure>\n\n\n\n<h3 class=\"wp-block-heading\" id=\"advantages-challenges-and-recommendations-for-the-ai-background-generation-industry\">Fordeler, utfordringer og anbefalinger for bransjen for generering av AI-bakgrunn<\/h3>\n\n\n\n<h4 class=\"wp-block-heading\" id=\"advantages\">Fordeler<\/h4>\n\n\n\n<ul class=\"wp-block-list\">\n<li class=\"\">Rask innovasjon innen AI-teknologi<\/li>\n\n\n\n<li class=\"\">\u00d8kende ettersp\u00f8rsel p\u00e5 tvers av ulike sektorer<\/li>\n\n\n\n<li class=\"\">Potensial for integrering med andre AI-verkt\u00f8y<\/li>\n<\/ul>\n\n\n\n<h4 class=\"wp-block-heading\" id=\"challenges\">Utfordringer<\/h4>\n\n\n\n<ul class=\"wp-block-list\">\n<li class=\"\">Opphavsrett og etiske problemstillinger<\/li>\n\n\n\n<li class=\"\">Sikre bildekvalitet og konsistens<\/li>\n\n\n\n<li class=\"\">Balanse mellom automatisering og menneskelig kreativitet<\/li>\n<\/ul>\n\n\n\n<h4 class=\"wp-block-heading\" id=\"recommendations\">Anbefalinger<\/h4>\n\n\n\n<ul class=\"wp-block-list\">\n<li class=\"\">Fokus p\u00e5 brukervennlige grensesnitt<\/li>\n\n\n\n<li class=\"\">Utvikle bransjespesifikke funksjoner<\/li>\n\n\n\n<li class=\"\">Prioriter etisk AI-praksis og \u00e5penhet<\/li>\n<\/ul>\n\n\n\n<h3 class=\"wp-block-heading\" id=\"faq\">VANLIGE SP\u00d8RSM\u00c5L<\/h3>\n\n\n\n<ol class=\"wp-block-list\">\n<li class=\"\">Hvordan genererer jeg AI-bakgrunn i Photoshop?<br>Selv om Photoshop tilbyr noen AI-funksjoner, er det raskere, enklere og gratis \u00e5 bruke et dedikert verkt\u00f8y som https:\/\/aiartfree.online\/ai-background-generator\/.<\/li>\n\n\n\n<li class=\"\">Hvordan genererer jeg en bakgrunn i Photoshop?<br>I stedet for \u00e5 bruke Photoshop kan du pr\u00f8ve v\u00e5r gratis AI-bakgrunnsgenerator for raskere og enklere resultater.<\/li>\n\n\n\n<li class=\"\">Hvordan genererer AI bakgrunn?<br>G\u00e5 til https:\/\/aiartfree.online\/ai-background-generator\/, skriv inn \u00f8nsket beskrivelse eller last opp et bilde, og la AI lage en bakgrunn for deg.<\/li>\n\n\n\n<li class=\"\">Kan jeg bruke AI-genererte bakgrunner kommersielt?<br>Det avhenger av verkt\u00f8yet og vilk\u00e5rene for bruk. Sjekk alltid lisensavtalen f\u00f8r kommersiell bruk.<\/li>\n\n\n\n<li class=\"\">Er AI-bakgrunnsgeneratorer gratis?<br>Mange verkt\u00f8y tilbyr gratis alternativer, som v\u00e5r 100% gratis og ubegrenset generator p\u00e5 https:\/\/aiartfree.online\/ai-background-generator\/.<\/li>\n\n\n\n<li class=\"\">Kan AI-bakgrunnsgeneratorer skape realistiske bilder?<br>Ja, mange AI-verkt\u00f8y kan skape sv\u00e6rt realistiske bakgrunner og bilder.<\/li>\n\n\n\n<li class=\"\">Hvordan fjerner jeg bakgrunnen fra et eksisterende bilde?<br>De fleste AI-bakgrunnsgeneratorer tilbyr funksjoner for fjerning av bakgrunn. Bare last opp bildet ditt og velg alternativet for fjerning av bakgrunn.<\/li>\n\n\n\n<li class=\"\">Kan jeg generere bakgrunner for spesifikke temaer som fantasy eller sci-fi?<br>Absolutt! AI-generatorer kan lage bakgrunner for ulike temaer basert p\u00e5 tekstbeskrivelsene dine.<\/li>\n\n\n\n<li class=\"\">Finnes det noen begrensninger for AI-genererte bakgrunner?<br>Selv om AI-generatorer er kraftige, kan de noen ganger produsere inkonsekvenser eller urealistiske elementer. G\u00e5 alltid gjennom og rediger eventuelt resultatene.<\/li>\n\n\n\n<li class=\"\">Hvordan kan jeg sikre at de AI-genererte bakgrunnene mine er unike?<br>Bruk spesifikke instruksjoner, kombiner flere generasjoner, eller legg til personlige detaljer for \u00e5 gj\u00f8re bakgrunnen din helt unik.<\/li>\n<\/ol>\n\n\n\n<h3 class=\"wp-block-heading\" id=\"conclusion\">Konklusjon<\/h3>\n\n\n\n<p class=\"\">AI-bakgrunnsgeneratorer revolusjonerer m\u00e5ten vi skaper og manipulerer digitale bilder p\u00e5. Med verkt\u00f8y som https:\/\/aiartfree.online\/ai-background-generator\/, som tilbyr 100% gratis, ubegrenset og uten registrering, er det enklere enn noensinne \u00e5 produsere fantastiske bilder til ethvert prosjekt. Enten du er profesjonell designer eller hobbyskaper, er AI-bakgrunnsgeneratorer en tilgjengelig, effektiv og kraftig l\u00f8sning for dine bildebehov. Pr\u00f8v en i dag, og opplev fremtiden for digital kreativitet!<\/p>","protected":false},"excerpt":{"rendered":"<p>Before vs After How to use the AI Background Generator * Feel free to try our examples below if you don&#8217;t have any thoughts in your mind *&nbsp;Depending on your internet speed, loading the model may take a few seconds.* There will be caching during continuous generation, and the new image will appear after about &#8230; <a title=\"AI-bakgrunnsgenerator\" class=\"read-more\" href=\"https:\/\/aiartfree.online\/nb\/ai-bakgrunnsgenerator\/\" aria-label=\"Read more about AI Background Generator\">Les mer<\/a><\/p>","protected":false},"author":1,"featured_media":3377,"parent":0,"menu_order":0,"comment_status":"open","ping_status":"closed","template":"","meta":{"nf_dc_page":"","footnotes":""},"class_list":["post-3366","page","type-page","status-publish","has-post-thumbnail"],"jetpack_sharing_enabled":true,"_links":{"self":[{"href":"https:\/\/aiartfree.online\/nb\/wp-json\/wp\/v2\/pages\/3366","targetHints":{"allow":["GET"]}}],"collection":[{"href":"https:\/\/aiartfree.online\/nb\/wp-json\/wp\/v2\/pages"}],"about":[{"href":"https:\/\/aiartfree.online\/nb\/wp-json\/wp\/v2\/types\/page"}],"author":[{"embeddable":true,"href":"https:\/\/aiartfree.online\/nb\/wp-json\/wp\/v2\/users\/1"}],"replies":[{"embeddable":true,"href":"https:\/\/aiartfree.online\/nb\/wp-json\/wp\/v2\/comments?post=3366"}],"version-history":[{"count":0,"href":"https:\/\/aiartfree.online\/nb\/wp-json\/wp\/v2\/pages\/3366\/revisions"}],"wp:featuredmedia":[{"embeddable":true,"href":"https:\/\/aiartfree.online\/nb\/wp-json\/wp\/v2\/media\/3377"}],"wp:attachment":[{"href":"https:\/\/aiartfree.online\/nb\/wp-json\/wp\/v2\/media?parent=3366"}],"curies":[{"name":"wp","href":"https:\/\/api.w.org\/{rel}","templated":true}]}}