{"id":3351,"date":"2024-07-30T17:07:44","date_gmt":"2024-07-30T17:07:44","guid":{"rendered":"https:\/\/aiartfree.online\/?page_id=3351"},"modified":"2024-08-16T10:09:07","modified_gmt":"2024-08-16T10:09:07","slug":"ai-voice-generator","status":"publish","type":"page","link":"https:\/\/aiartfree.online\/nb\/ai-stemmegenerator\/","title":{"rendered":"AI Voice Generator"},"content":{"rendered":"<h2 class=\"wp-block-heading\" id=\"how-to-use-the-ai-voice-generator\">Slik bruker du AI Voice Generator<\/h2>\n\n\n\n<ol class=\"wp-block-list\">\n<li class=\"\">Skriv inn teksten din<\/li>\n\n\n\n<li class=\"\">Velg en stemme<\/li>\n\n\n\n<li class=\"\">Klikk p\u00e5 \"Send\"<\/li>\n\n\n\n<li class=\"\">Vent, det var det!<\/li>\n<\/ol>\n\n\n\n<p class=\"\">* Pr\u00f8v gjerne eksemplene nedenfor hvis du ikke har noen tanker i hodet<\/p>\n\n\n\n<p class=\"\"><em>* Avhengig av internetthastigheten din, kan det ta litt tid \u00e5 laste inn modellen <\/em>opptil 10 sekunder \u2193<\/p>\n\n\n\n<div class=\"iframe-wrapper\" style=\"position: relative; width: 100%; height: 1000px;\">\n  <div class=\"loading\" style=\"position: absolute; top: 50px; left: 50%; transform: translate(-50%, -50%); width: 40px; height: 40px; border: 3px solid #f0f0f0; border-top: 3px solid #db7093; border-radius: 50%; animation: spin 1s linear infinite;\"><\/div>\n  <iframe loading=\"lazy\" src=\"https:\/\/innoai-edge-tts-text-to-speech.hf.space\" frameborder=\"0\" width=\"100%\" height=\"100%\" style=\"position: absolute; top: 0; left: 0; opacity: 0; transition: opacity 0.3s;\" onload=\"this.style.opacity=1;this.previousElementSibling.style.display='none';\"><\/iframe>\n<\/div>\n\n<style>\n@keyframes spin {\n  0% { transform: translate(-50%, -50%) rotate(0deg); }\n  100% { transform: translate(-50%, -50%) rotate(360deg); }\n}\n<\/style>\n\n\n\n<div style=\"height:80px\" aria-hidden=\"true\" class=\"wp-block-spacer\"><\/div>\n\n\n\n<h2 class=\"wp-block-heading\" id=\"the-ultimate-guide-to-ai-voice-generators\">Den ultimate guiden til AI-stemmegeneratorer<\/h2>\n\n\n\n<h3 class=\"wp-block-heading\" id=\"outline\">Omriss<\/h3>\n\n\n\n<p class=\"\">AI-stemmegeneratorer har revolusjonert m\u00e5ten vi skaper lydinnhold p\u00e5, og tilbyr ultrarealistiske stemmer av h\u00f8y kvalitet som h\u00f8res ut som menneskelig tale. Denne veiledningen tar for seg definisjon, fordeler, funksjoner, m\u00e5lgruppe, bruksomr\u00e5der i bransjen, trinnvise instruksjoner, brukstilfeller, verkt\u00f8y, fordeler og ulemper i bransjen og ofte stilte sp\u00f8rsm\u00e5l om AI-stemmegeneratorer.<\/p>\n\n\n\n<figure class=\"wp-block-image size-large is-resized\"><img data-recalc-dims=\"1\" data-dominant-color=\"52455b\" data-has-transparency=\"false\" decoding=\"async\" width=\"1024\" height=\"585\"   loading=\"lazy\" src=\"https:\/\/i0.wp.com\/aiartfree.online\/wp-content\/uploads\/2024\/08\/out-0-1.webp?resize=1024%2C585&#038;ssl=1\" alt=\"Oppdag den beste AI-stemmegeneratoren hos AIArtFree. Generer ultrarealistiske stemmer av h\u00f8y kvalitet uten problemer for innholdsproduksjon og voiceover. Ingen begrensning. Beste AI-stemmegenerator - 100% Gratis, ubegrenset, ingen registrering\" class=\"wp-image-3458 not-transparent\" style=\"--dominant-color: #52455b; width:598px;height:auto\" srcset=\"https:\/\/i0.wp.com\/aiartfree.online\/wp-content\/uploads\/2024\/08\/out-0-1.webp?resize=1024%2C585&amp;ssl=1 1024w, https:\/\/i0.wp.com\/aiartfree.online\/wp-content\/uploads\/2024\/08\/out-0-1.webp?resize=300%2C171&amp;ssl=1 300w, https:\/\/i0.wp.com\/aiartfree.online\/wp-content\/uploads\/2024\/08\/out-0-1.webp?resize=768%2C439&amp;ssl=1 768w, https:\/\/i0.wp.com\/aiartfree.online\/wp-content\/uploads\/2024\/08\/out-0-1.webp?resize=18%2C10&amp;ssl=1 18w, https:\/\/i0.wp.com\/aiartfree.online\/wp-content\/uploads\/2024\/08\/out-0-1.webp?resize=600%2C343&amp;ssl=1 600w, https:\/\/i0.wp.com\/aiartfree.online\/wp-content\/uploads\/2024\/08\/out-0-1.webp?w=1344&amp;ssl=1 1344w\" sizes=\"auto, (max-width: 1024px) 100vw, 1024px\" \/><\/figure>\n\n\n\n<div class=\"wp-block-rank-math-toc-block\" id=\"rank-math-toc\"><h3>Innholdsfortegnelse<\/h3><nav><ul><li><a href=\"#outline\">Omriss<\/a><\/li><li><a href=\"#what-is-an-ai-voice-generator\">Hva er en AI Voice Generator?<\/a><\/li><li><a href=\"#why-use-an-ai-voice-generator\">Hvorfor bruke en AI-stemmegenerator?<\/a><\/li><li><a href=\"#main-features-of-ai-voice-generators\">Hovedfunksjonene til AI Voice Generators<\/a><ul><li><a href=\"#text-to-speech-ai\">Tekst til tale AI<\/a><\/li><li><a href=\"#ultra-realistic-voices\">Ultra-realistiske stemmer<\/a><\/li><li><a href=\"#generative-ai\">Generativ AI<\/a><\/li><li><a href=\"#multiple-languages-and-accents\">Flere spr\u00e5k og aksenter<\/a><\/li><li><a href=\"#high-quality-voiceovers\">Voiceovers av h\u00f8y kvalitet<\/a><\/li><\/ul><\/li><li><a href=\"#who-should-use-ai-voice-generators\">Hvem b\u00f8r bruke AI-stemmegeneratorer?<\/a><\/li><li><a href=\"#industry-uses-of-ai-voice-generators\">Bransjens bruk av AI-talegeneratorer<\/a><ul><li><a href=\"#media-and-entertainment\">Medier og underholdning<\/a><\/li><li><a href=\"#education\">Utdanning<\/a><\/li><li><a href=\"#customer-service\">Kundeservice<\/a><\/li><li><a href=\"#marketing\">Markedsf\u00f8ring<\/a><\/li><\/ul><\/li><li><a href=\"#how-to-use-an-ai-voice-generator\">Slik bruker du en AI-stemmegenerator<\/a><\/li><li><a href=\"#ai-voice-generator-usage-cases\">Bruksomr\u00e5der for AI Voice Generator<\/a><ul><li><a href=\"#content-creation\">Opprettelse av innhold<\/a><\/li><li><a href=\"#education-1\">Utdanning<\/a><\/li><li><a href=\"#business-communication\">Forretningskommunikasjon<\/a><\/li><li><a href=\"#marketing-2\">Markedsf\u00f8ring<\/a><\/li><\/ul><\/li><li><a href=\"#top-10-ai-voice-generator-tools\">Topp 10 AI Voice Generator-verkt\u00f8y<\/a><\/li><li><a href=\"#industry-pros-and-cons\">Fordeler og ulemper i bransjen<\/a><ul><li><a href=\"#pros\">Fordeler<\/a><\/li><li><a href=\"#cons\">Ulemper<\/a><\/li><li><a href=\"#advantages\">Fordeler<\/a><\/li><li><a href=\"#challenges\">Utfordringer<\/a><\/li><li><a href=\"#suggestions\">Forslag<\/a><\/li><\/ul><\/li><li><a href=\"#frequently-asked-questions\">Ofte stilte sp\u00f8rsm\u00e5l<\/a><\/li><\/ul><\/nav><\/div>\n\n\n\n<h3 class=\"wp-block-heading\" id=\"what-is-an-ai-voice-generator\">Hva er en AI Voice Generator?<\/h3>\n\n\n\n<p class=\"\">En AI Voice Generator er en programvare som bruker kunstig intelligens til \u00e5 konvertere tekst til realistisk, menneskelignende tale. Den utnytter avanserte nevrale nettverk og generativ AI for \u00e5 skape lyd av h\u00f8y kvalitet som kan brukes i ulike applikasjoner, fra innholdsproduksjon til voiceover og mye mer.<\/p>\n\n\n\n<h3 class=\"wp-block-heading\" id=\"why-use-an-ai-voice-generator\">Hvorfor bruke en AI-stemmegenerator?<\/h3>\n\n\n\n<p class=\"\">Det er mange fordeler med \u00e5 bruke en AI Voice Generator:<\/p>\n\n\n\n<ul class=\"wp-block-list\">\n<li class=\"\"><strong>100% Gratis<\/strong>: Mange plattformer tilbyr gratisversjoner for brukere.<\/li>\n\n\n\n<li class=\"\"><strong>Ubegrenset bruk<\/strong>: Lag s\u00e5 mange voiceovers du trenger uten begrensninger.<\/li>\n\n\n\n<li class=\"\"><strong>Ingen p\u00e5melding n\u00f8dvendig<\/strong>: Lett tilgjengelig uten behov for en konto.<\/li>\n\n\n\n<li class=\"\"><strong>Produksjon av h\u00f8y kvalitet<\/strong>: Produserer stemmer som h\u00f8res nesten identiske ut med menneskelig tale.<\/li>\n\n\n\n<li class=\"\"><strong>Bred st\u00f8tte for spr\u00e5k og aksent<\/strong>: Kan generere stemmer p\u00e5 flere spr\u00e5k og med flere aksenter.<\/li>\n\n\n\n<li class=\"\"><strong>Effektivitet og hastighet<\/strong>: Genererer raskt lyd fra tekst, noe som sparer tid og krefter.<\/li>\n\n\n\n<li class=\"\"><strong>Global publikumsrekkevidde<\/strong>: Gj\u00f8r innholdet tilgjengelig for et bredere publikum ved \u00e5 st\u00f8tte ulike spr\u00e5k.<\/li>\n<\/ul>\n\n\n\n<h3 class=\"wp-block-heading\" id=\"main-features-of-ai-voice-generators\">Hovedfunksjonene til AI Voice Generators<\/h3>\n\n\n\n<h4 class=\"wp-block-heading\" id=\"text-to-speech-ai\">Tekst til tale AI<\/h4>\n\n\n\n<p class=\"\">Konverterer skrevet tekst til talte ord med naturlig klingende stemmer.<\/p>\n\n\n\n<h4 class=\"wp-block-heading\" id=\"ultra-realistic-voices\">Ultra-realistiske stemmer<\/h4>\n\n\n\n<p class=\"\">Genererer stemmer som ikke kan skilles fra ekte menneskestemmer, noe som gir lytteren en bedre opplevelse.<\/p>\n\n\n\n<h4 class=\"wp-block-heading\" id=\"generative-ai\">Generativ AI<\/h4>\n\n\n\n<p class=\"\">Bruker avanserte AI-modeller for \u00e5 produsere variert lyd av h\u00f8y kvalitet.<\/p>\n\n\n\n<h4 class=\"wp-block-heading\" id=\"multiple-languages-and-accents\">Flere spr\u00e5k og aksenter<\/h4>\n\n\n\n<p class=\"\">St\u00f8tter et bredt spekter av spr\u00e5k og aksenter, og henvender seg til et globalt publikum.<\/p>\n\n\n\n<h4 class=\"wp-block-heading\" id=\"high-quality-voiceovers\">Voiceovers av h\u00f8y kvalitet<\/h4>\n\n\n\n<p class=\"\">Lag profesjonelle voiceovers som egner seg for ulike bruksomr\u00e5der, inkludert videoer og presentasjoner.<\/p>\n\n\n\n<h3 class=\"wp-block-heading\" id=\"who-should-use-ai-voice-generators\">Hvem b\u00f8r bruke AI-stemmegeneratorer?<\/h3>\n\n\n\n<ul class=\"wp-block-list\">\n<li class=\"\"><strong>Skapere av innhold<\/strong>: Forbedrer video, podcaster og annet multimedieinnhold med realistiske voiceovers.<\/li>\n\n\n\n<li class=\"\"><strong>L\u00e6rere<\/strong>: Konverterer undervisningsmateriell til lydformat, noe som gj\u00f8r l\u00e6ring mer tilgjengelig.<\/li>\n\n\n\n<li class=\"\"><strong>Virksomheter<\/strong>: Forbedrer kundeservicen med automatiserte, men menneskelignende svar.<\/li>\n\n\n\n<li class=\"\"><strong>Markedsf\u00f8rere<\/strong>: Skaper engasjerende lydinnhold for reklame og sosiale medier.<\/li>\n<\/ul>\n\n\n\n<h3 class=\"wp-block-heading\" id=\"industry-uses-of-ai-voice-generators\">Bransjens bruk av AI-talegeneratorer<\/h3>\n\n\n\n<h4 class=\"wp-block-heading\" id=\"media-and-entertainment\">Medier og underholdning<\/h4>\n\n\n\n<p class=\"\">Brukes til voiceover i videoer, filmer og animasjoner.<\/p>\n\n\n\n<h4 class=\"wp-block-heading\" id=\"education\">Utdanning<\/h4>\n\n\n\n<p class=\"\">Hjelper deg med \u00e5 lage lydb\u00f8ker og e-l\u00e6ringsinnhold.<\/p>\n\n\n\n<h4 class=\"wp-block-heading\" id=\"customer-service\">Kundeservice<\/h4>\n\n\n\n<p class=\"\">Styrer stemmeassistenter og automatiserte kundesupportsystemer.<\/p>\n\n\n\n<h4 class=\"wp-block-heading\" id=\"marketing\">Markedsf\u00f8ring<\/h4>\n\n\n\n<p class=\"\">Genererer lydannonser og salgsfremmende innhold.<\/p>\n\n\n\n<h3 class=\"wp-block-heading\" id=\"how-to-use-an-ai-voice-generator\">Slik bruker du en AI-stemmegenerator<\/h3>\n\n\n\n<ol class=\"wp-block-list\">\n<li class=\"\"><strong>Velg et verkt\u00f8y<\/strong>: Velg et verkt\u00f8y som&nbsp;<a href=\"https:\/\/aiartfree.online\/nb\/ai-stemmegenerator\/\">AI Voice Generator<\/a>.<\/li>\n\n\n\n<li class=\"\"><strong>Inngangstekst<\/strong>: Skriv inn teksten du vil konvertere til tale.<\/li>\n\n\n\n<li class=\"\"><strong>Velg stemme og spr\u00e5k<\/strong>: Velg \u00f8nsket stemme og spr\u00e5kinnstillinger.<\/li>\n\n\n\n<li class=\"\"><strong>Generer lyd<\/strong>: Klikk p\u00e5 genereringsknappen for \u00e5 opprette voiceoveren.<\/li>\n\n\n\n<li class=\"\"><strong>Last ned og bruk<\/strong>: Last ned den genererte lydfilen for prosjektet ditt.<\/li>\n<\/ol>\n\n\n\n<h3 class=\"wp-block-heading\" id=\"ai-voice-generator-usage-cases\">Bruksomr\u00e5der for AI Voice Generator<\/h3>\n\n\n\n<h4 class=\"wp-block-heading\" id=\"content-creation\">Opprettelse av innhold<\/h4>\n\n\n\n<p class=\"\">Lag voiceover til YouTube-videoer, podcaster og annet multimedieinnhold.<\/p>\n\n\n\n<h4 class=\"wp-block-heading\" id=\"education-1\">Utdanning<\/h4>\n\n\n\n<p class=\"\">Generering av lydversjoner av l\u00e6reb\u00f8ker og l\u00e6remidler.<\/p>\n\n\n\n<h4 class=\"wp-block-heading\" id=\"business-communication\">Forretningskommunikasjon<\/h4>\n\n\n\n<p class=\"\">Forbedring av interaktive talesvarsystemer (IVR) med realistiske stemmer.<\/p>\n\n\n\n<h4 class=\"wp-block-heading\" id=\"marketing-2\">Markedsf\u00f8ring<\/h4>\n\n\n\n<p class=\"\">Produksjon av lydreklame for ulike plattformer.<\/p>\n\n\n\n<h3 class=\"wp-block-heading\" id=\"top-10-ai-voice-generator-tools\">Topp 10 AI Voice Generator-verkt\u00f8y<\/h3>\n\n\n\n<figure class=\"wp-block-table\"><table class=\"has-fixed-layout\"><thead><tr><th>Verkt\u00f8y<\/th><th>Funksjoner<\/th><th>Fordeler<\/th><th>Utfordringer<\/th><th>URL<\/th><\/tr><\/thead><tbody><tr><td><strong>AI Voice Generator<\/strong><\/td><td>100% Gratis, ingen registrering, stemmer av h\u00f8y kvalitet<\/td><td>Ubegrenset bruk, enkel \u00e5 bruke<\/td><td>Begrensede avanserte funksjoner<\/td><td><a href=\"https:\/\/aiartfree.online\/nb\/ai-stemmegenerator\/\">aiartfree.online\/ai-voice-generator<\/a><\/td><\/tr><tr><td><strong>Google Tekst-til-tale<\/strong><\/td><td>St\u00f8tter flere spr\u00e5k og aksenter<\/td><td>Produksjon av h\u00f8y kvalitet<\/td><td>Krever Google-konto<\/td><td>cloud.google.com\/text-to-speech<\/td><\/tr><tr><td><strong>Amazon Polly<\/strong><\/td><td>Stort utvalg av stemmer, sanntidsbehandling<\/td><td>Skalerbarhet<\/td><td>Kostnadene kan \u00f8ke<\/td><td>aws.amazon.com\/polly<\/td><\/tr><tr><td><strong>IBM Watson Tekst til tale<\/strong><\/td><td>Tilpassbare stemmer, h\u00f8y kvalitet<\/td><td>Avanserte funksjoner<\/td><td>Prisstruktur<\/td><td>ibm.com\/cloud\/watson-tekst-til-tale<\/td><\/tr><tr><td><strong>Microsoft Azure TTS<\/strong><\/td><td>Nevrale stemmer, omfattende spr\u00e5kst\u00f8tte<\/td><td>Integrering med Azure-tjenester<\/td><td>Prising<\/td><td>azure.microsoft.com\/services\/cognitive-services\/text-to-speech<\/td><\/tr><tr><td><strong>iSpeech<\/strong><\/td><td>Enkel \u00e5 bruke, flere spr\u00e5k<\/td><td>Begrenset gratisversjon<\/td><td>&#8211;<\/td><td>ispeech.org<\/td><\/tr><tr><td><strong>ResponsiveVoice<\/strong><\/td><td>Nettbasert, enkel integrering<\/td><td>Grunnleggende stemmer<\/td><td>Begrensede funksjoner i gratisversjonen<\/td><td>responsivevoice.org<\/td><\/tr><tr><td><strong>NaturalReader<\/strong><\/td><td>Enkelt grensesnitt, stemmer av h\u00f8y kvalitet<\/td><td>Frakoblet tilgang<\/td><td>Begrenset tilpasning<\/td><td>naturalreaders.com<\/td><\/tr><tr><td><strong>Balabolka<\/strong><\/td><td>Gratis, st\u00f8tter ulike formater<\/td><td>Grunnleggende grensesnitt<\/td><td>&#8211;<\/td><td>balabolka.site<\/td><\/tr><tr><td><strong>ReadSpeaker<\/strong><\/td><td>Tilpassbare stemmer av h\u00f8y kvalitet<\/td><td>Avanserte funksjoner<\/td><td>Kostnader<\/td><td><a href=\"https:\/\/readspeaker.com\/\" target=\"_blank\" rel=\"noopener\">readspeaker.com<\/a><\/td><\/tr><\/tbody><\/table><\/figure>\n\n\n\n<h3 class=\"wp-block-heading\" id=\"industry-pros-and-cons\">Fordeler og ulemper i bransjen<\/h3>\n\n\n\n<h4 class=\"wp-block-heading\" id=\"pros\">Fordeler<\/h4>\n\n\n\n<ul class=\"wp-block-list\">\n<li class=\"\"><strong>Tilgjengelighet<\/strong>: Gj\u00f8r innholdet tilgjengelig for synshemmede brukere.<\/li>\n\n\n\n<li class=\"\"><strong>Effektivitet<\/strong>: Sparer tid ved oppretting av innhold.<\/li>\n\n\n\n<li class=\"\"><strong>Kostnadseffektivt<\/strong>: Reduserer behovet for menneskelige stemmeskuespillere.<\/li>\n\n\n\n<li class=\"\"><strong>Skalerbarhet<\/strong>: Kan enkelt skaleres for store prosjekter.<\/li>\n<\/ul>\n\n\n\n<h4 class=\"wp-block-heading\" id=\"cons\">Ulemper<\/h4>\n\n\n\n<ul class=\"wp-block-list\">\n<li class=\"\"><strong>Variasjon i kvalitet<\/strong>: Kvaliteten kan variere mellom ulike verkt\u00f8y.<\/li>\n\n\n\n<li class=\"\"><strong>Aksent og spr\u00e5kbegrensninger<\/strong>: Ikke alle aksenter og spr\u00e5k st\u00f8ttes p\u00e5 samme m\u00e5te.<\/li>\n\n\n\n<li class=\"\"><strong>F\u00f8rste oppsett<\/strong>: Noen verkt\u00f8y krever en l\u00e6ringskurve.<\/li>\n<\/ul>\n\n\n\n<h4 class=\"wp-block-heading\" id=\"advantages\">Fordeler<\/h4>\n\n\n\n<ul class=\"wp-block-list\">\n<li class=\"\"><strong>Produksjon av h\u00f8y kvalitet<\/strong>: Produserer lyd av profesjonell kvalitet.<\/li>\n\n\n\n<li class=\"\"><strong>Tilpasning<\/strong>: Gir mulighet for stemme- og spr\u00e5ktilpasning.<\/li>\n\n\n\n<li class=\"\"><strong>Integrering<\/strong>: Kan integreres med ulike applikasjoner.<\/li>\n<\/ul>\n\n\n\n<h4 class=\"wp-block-heading\" id=\"challenges\">Utfordringer<\/h4>\n\n\n\n<ul class=\"wp-block-list\">\n<li class=\"\"><strong>Kostnader<\/strong>: Avanserte funksjoner kan ha en pris.<\/li>\n\n\n\n<li class=\"\"><strong>Tekniske krav<\/strong>: Noen verkt\u00f8y kan kreve teknisk kunnskap.<\/li>\n\n\n\n<li class=\"\"><strong>Stemmens naturlighet<\/strong>: Det kan v\u00e6re utfordrende \u00e5 oppn\u00e5 perfekt naturlighet.<\/li>\n<\/ul>\n\n\n\n<h4 class=\"wp-block-heading\" id=\"suggestions\">Forslag<\/h4>\n\n\n\n<ul class=\"wp-block-list\">\n<li class=\"\"><strong>Velg riktig verkt\u00f8y<\/strong>: Velg et verkt\u00f8y som passer dine behov og ditt budsjett.<\/li>\n\n\n\n<li class=\"\"><strong>Eksperiment<\/strong>: Test ulike innstillinger for \u00e5 oppn\u00e5 best mulig resultat.<\/li>\n\n\n\n<li class=\"\"><strong>Hold deg oppdatert<\/strong>: Hold deg oppdatert p\u00e5 de siste fremskrittene innen AI-stemmeteknologi.<\/li>\n<\/ul>\n\n\n\n<h3 class=\"wp-block-heading\" id=\"frequently-asked-questions\">Ofte stilte sp\u00f8rsm\u00e5l<\/h3>\n\n\n\n<ol class=\"wp-block-list\">\n<li class=\"\"><strong>Hvilken AI-stemmegenerator bruker alle?<\/strong><br>De fleste bruker verkt\u00f8y som Google Text-to-Speech og Amazon Polly p\u00e5 grunn av deres h\u00f8ye kvalitet og p\u00e5litelighet.<\/li>\n\n\n\n<li class=\"\"><strong>Hvordan bruke en AI-stemmegenerator?<\/strong><br>Velg et verkt\u00f8y, skriv inn teksten, velg stemme- og spr\u00e5kinnstillinger, generer lyden, og last den ned.<\/li>\n\n\n\n<li class=\"\"><strong>Hva er den beste AI-stemmegeneratoren?<\/strong><br>Hvilken AI-stemmegenerator som er best, avhenger av behovene dine, men de beste alternativene inkluderer AI Voice Generator, Google Text-to-Speech og Amazon Polly.<\/li>\n\n\n\n<li class=\"\"><strong>Hvordan genererer man AI-stemme?<\/strong><br>Bruk et AI-stemmegenereringsverkt\u00f8y, skriv inn teksten din, velg innstillinger og generer stemmen.<\/li>\n\n\n\n<li class=\"\"><strong>Hvordan lage en AI-stemmegenerator?<\/strong><br>\u00c5 lage en AI-stemmegenerator krever avanserte programmeringsferdigheter og kunnskap om maskinl\u00e6ring og nevrale nettverk.<\/li>\n\n\n\n<li class=\"\"><strong>Hva er de beste gratis AI-stemmegeneratorene?<\/strong><br>AI Voice Generator og iSpeech er popul\u00e6re gratisalternativer.<\/li>\n\n\n\n<li class=\"\"><strong>Kan AI-stemmegeneratorer lese opp tekst?<\/strong><br>Ja, AI-stemmegeneratorer kan konvertere tekst til tale og lese den h\u00f8yt.<\/li>\n<\/ol>","protected":false},"excerpt":{"rendered":"<p>How to use the AI Voice Generator * Feel free to try our examples below if you don&#8217;t have any thoughts in your mind *&nbsp;Depending on your internet speed, loading the model may take up to 10 seconds \u2193 The Ultimate Guide to AI Voice Generators Outline AI Voice Generators have revolutionized the way we &#8230; <a title=\"AI Voice Generator\" class=\"read-more\" href=\"https:\/\/aiartfree.online\/nb\/ai-stemmegenerator\/\" aria-label=\"Read more about AI Voice Generator\">Les mer<\/a><\/p>","protected":false},"author":1,"featured_media":3458,"parent":0,"menu_order":0,"comment_status":"open","ping_status":"closed","template":"","meta":{"nf_dc_page":"","footnotes":""},"class_list":["post-3351","page","type-page","status-publish","has-post-thumbnail"],"jetpack_sharing_enabled":true,"_links":{"self":[{"href":"https:\/\/aiartfree.online\/nb\/wp-json\/wp\/v2\/pages\/3351","targetHints":{"allow":["GET"]}}],"collection":[{"href":"https:\/\/aiartfree.online\/nb\/wp-json\/wp\/v2\/pages"}],"about":[{"href":"https:\/\/aiartfree.online\/nb\/wp-json\/wp\/v2\/types\/page"}],"author":[{"embeddable":true,"href":"https:\/\/aiartfree.online\/nb\/wp-json\/wp\/v2\/users\/1"}],"replies":[{"embeddable":true,"href":"https:\/\/aiartfree.online\/nb\/wp-json\/wp\/v2\/comments?post=3351"}],"version-history":[{"count":0,"href":"https:\/\/aiartfree.online\/nb\/wp-json\/wp\/v2\/pages\/3351\/revisions"}],"wp:featuredmedia":[{"embeddable":true,"href":"https:\/\/aiartfree.online\/nb\/wp-json\/wp\/v2\/media\/3458"}],"wp:attachment":[{"href":"https:\/\/aiartfree.online\/nb\/wp-json\/wp\/v2\/media?parent=3351"}],"curies":[{"name":"wp","href":"https:\/\/api.w.org\/{rel}","templated":true}]}}