{"id":3340,"date":"2024-07-30T15:52:48","date_gmt":"2024-07-30T15:52:48","guid":{"rendered":"https:\/\/aiartfree.online\/?page_id=3340"},"modified":"2024-08-02T10:02:12","modified_gmt":"2024-08-02T10:02:12","slug":"transcript","status":"publish","type":"page","link":"https:\/\/aiartfree.online\/nb\/transkripsjon\/","title":{"rendered":"Transkripsjon"},"content":{"rendered":"<h2 class=\"wp-block-heading\" id=\"how-to-use-transcript\" style=\"font-size:23px\">Slik bruker du transkripsjon<\/h2>\n\n\n\n<ol class=\"wp-block-list\">\n<li class=\"\">Velg <strong>Mikrofon<\/strong> eller <strong>Lydfil<\/strong> eller <strong>YouTube<\/strong> fra den \u00f8vre fanen<\/li>\n\n\n\n<li class=\"\">Last opp innholdet ditt<\/li>\n\n\n\n<li class=\"\">Velg \"Returner tidsstempler\"<\/li>\n\n\n\n<li class=\"\">Klikk p\u00e5 \"Send\"<\/li>\n\n\n\n<li class=\"\">Vent, det var det!<\/li>\n<\/ol>\n\n\n\n<p class=\"\">* <em>Avhengig av internetthastigheten din kan det ta noen sekunder \u00e5 laste inn modellen.<\/em> \u2193<\/p>\n\n\n\n<div class=\"iframe-wrapper\" style=\"position: relative; width: 100%; height: 1400px;\">\n  <div class=\"loading\" style=\"position: absolute; top: 50px; left: 50%; transform: translate(-50%, -50%); width: 40px; height: 40px; border: 3px solid #f0f0f0; border-top: 3px solid #db7093; border-radius: 50%; animation: spin 1s linear infinite;\"><\/div>\n  <iframe loading=\"lazy\" src=\"https:\/\/sanchit-gandhi-whisper-jax.hf.space\" frameborder=\"0\" width=\"100%\" height=\"100%\" style=\"position: absolute; top: 0; left: 0; opacity: 0; transition: opacity 0.3s;\" onload=\"this.style.opacity=1;this.previousElementSibling.style.display='none';\"><\/iframe>\n<\/div>\n\n<style>\n@keyframes spin {\n  0% { transform: translate(-50%, -50%) rotate(0deg); }\n  100% { transform: translate(-50%, -50%) rotate(360deg); }\n}\n<\/style>\n\n\n\n<div style=\"height:60px\" aria-hidden=\"true\" class=\"wp-block-spacer\"><\/div>\n\n\n\n<h2 class=\"wp-block-heading\" id=\"how-to-use-transcript-services-your-ultimate-guide\">Hvordan bruke transkripsjonstjenester: Din ultimate guide<\/h2>\n\n\n\n<h3 class=\"wp-block-heading\" id=\"introduction\">Innledning<\/h3>\n\n\n\n<p class=\"\">Transkripsjonstjenester har revolusjonert m\u00e5ten vi h\u00e5ndterer lyd- og videoinnhold p\u00e5 ved \u00e5 konvertere talte ord til skriftlig tekst. Enten du er student, fagperson eller innholdsprodusent, kan du \u00f8ke produktiviteten og tilgjengeligheten din betraktelig ved \u00e5 forst\u00e5 hvordan transkripsjon fungerer.<\/p>\n\n\n\n<figure class=\"wp-block-image size-large is-resized\"><img data-recalc-dims=\"1\" data-dominant-color=\"b7aaa7\" data-has-transparency=\"false\" decoding=\"async\" width=\"1024\" height=\"640\"   loading=\"lazy\" src=\"https:\/\/i0.wp.com\/aiartfree.online\/wp-content\/uploads\/2024\/07\/WX20240730-200353%402x-1024x640.webp?resize=1024%2C640&#038;ssl=1\" alt=\"Nr. 1 gratis og ubegrenset transkripsjonstjeneste. Ingen registrering. Konverter lyd til tekst, transkripsjon av YouTube-videoer, f\u00e5 transkripsjoner fra videreg\u00e5ende skole og h\u00f8yskole online\" class=\"wp-image-3345 not-transparent\" style=\"--dominant-color: #b7aaa7; width:578px;height:auto\" srcset=\"https:\/\/i0.wp.com\/aiartfree.online\/wp-content\/uploads\/2024\/07\/WX20240730-200353%402x.jpg?resize=1024%2C640&amp;ssl=1 1024w, https:\/\/i0.wp.com\/aiartfree.online\/wp-content\/uploads\/2024\/07\/WX20240730-200353%402x.jpg?resize=300%2C188&amp;ssl=1 300w, https:\/\/i0.wp.com\/aiartfree.online\/wp-content\/uploads\/2024\/07\/WX20240730-200353%402x.jpg?resize=768%2C480&amp;ssl=1 768w, https:\/\/i0.wp.com\/aiartfree.online\/wp-content\/uploads\/2024\/07\/WX20240730-200353%402x.jpg?resize=1536%2C960&amp;ssl=1 1536w, https:\/\/i0.wp.com\/aiartfree.online\/wp-content\/uploads\/2024\/07\/WX20240730-200353%402x.jpg?resize=18%2C12&amp;ssl=1 18w, https:\/\/i0.wp.com\/aiartfree.online\/wp-content\/uploads\/2024\/07\/WX20240730-200353%402x.jpg?resize=600%2C375&amp;ssl=1 600w, https:\/\/i0.wp.com\/aiartfree.online\/wp-content\/uploads\/2024\/07\/WX20240730-200353%402x.jpg?w=1808&amp;ssl=1 1808w\" sizes=\"auto, (max-width: 1024px) 100vw, 1024px\" \/><\/figure>\n\n\n\n<div class=\"wp-block-rank-math-toc-block\" id=\"rank-math-toc\"><h3>Innholdsfortegnelse<\/h3><nav><ul><li><a href=\"#introduction\">Innledning<\/a><\/li><li><a href=\"#what-is-transcript\">Hva er transkripsjon?<\/a><\/li><li><a href=\"#why-use-transcript-services\">Hvorfor bruke transkripsjonstjenester?<\/a><\/li><li><a href=\"#main-features-of-transcript-services\">Hovedfunksjonene til transkripsjonstjenester<\/a><ul><li><a href=\"#100-free\">100% Gratis<\/a><\/li><li><a href=\"#unlimited-transcription\">Ubegrenset transkripsjon<\/a><\/li><li><a href=\"#no-1-choice\">Nr. 1 Valg<\/a><\/li><li><a href=\"#no-sign-up-required\">Ingen p\u00e5melding n\u00f8dvendig<\/a><\/li><\/ul><\/li><li><a href=\"#who-should-use-transcription-services\">Hvem b\u00f8r bruke transkripsjonstjenester?<\/a><\/li><li><a href=\"#industries-benefiting-from-transcription-services\">Bransjer som drar nytte av transkripsjonstjenester<\/a><\/li><li><a href=\"#how-to-use-transcription-services-step-by-step\">Hvordan bruke transkripsjonstjenester: Trinn-for-trinn<\/a><\/li><li><a href=\"#use-cases-of-transcription-services\">Eksempler p\u00e5 bruk av transkripsjonstjenester<\/a><\/li><li><a href=\"#top-10-transcription-tools-and-resources\">Topp 10 transkripsjonsverkt\u00f8y og ressurser<\/a><\/li><li><a href=\"#advantages-disadvantages-and-challenges-in-the-transcription-industry\">Fordeler, ulemper og utfordringer i transkripsjonsbransjen<\/a><ul><li><a href=\"#advantages\">Fordeler<\/a><\/li><li><a href=\"#disadvantages\">Ulemper<\/a><\/li><li><a href=\"#challenges\">Utfordringer<\/a><\/li><\/ul><\/li><li><a href=\"#frequently-asked-questions-faq\">Ofte stilte sp\u00f8rsm\u00e5l (FAQ)<\/a><\/li><li><a href=\"#conclusion\">Konklusjon<\/a><\/li><\/ul><\/nav><\/div>\n\n\n\n<h3 class=\"wp-block-heading\" id=\"what-is-transcript\">Hva er transkripsjon?<\/h3>\n\n\n\n<p class=\"\">Transkripsjon er prosessen med \u00e5 konvertere talespr\u00e5k til skriftlig tekst. Denne tjenesten kan brukes til \u00e5 transkribere ulike former for lyd, inkludert intervjuer, forelesninger, podcaster og videoer, til lesbare dokumenter.<\/p>\n\n\n\n<h3 class=\"wp-block-heading\" id=\"why-use-transcript-services\">Hvorfor bruke transkripsjonstjenester?<\/h3>\n\n\n\n<p class=\"\">Transkripsjonstjenester gir mange fordeler:<\/p>\n\n\n\n<ul class=\"wp-block-list\">\n<li class=\"\"><strong>Tilgjengelighet:<\/strong> Transkripsjoner gj\u00f8r innholdet tilgjengelig for h\u00f8rselshemmede.<\/li>\n\n\n\n<li class=\"\"><strong>S\u00f8kbarhet:<\/strong> Tekstdokumenter kan enkelt s\u00f8kes i, indekseres og refereres til.<\/li>\n\n\n\n<li class=\"\"><strong>N\u00f8yaktighet:<\/strong> Profesjonelle transkripsjonstjenester sikrer h\u00f8y n\u00f8yaktighet i det transkriberte innholdet.<\/li>\n\n\n\n<li class=\"\"><strong>Effektivitet:<\/strong> Sparer tid sammenlignet med manuell transkripsjon.<\/li>\n<\/ul>\n\n\n\n<h3 class=\"wp-block-heading\" id=\"main-features-of-transcript-services\">Hovedfunksjonene til transkripsjonstjenester<\/h3>\n\n\n\n<h4 class=\"wp-block-heading\" id=\"100-free\">100% Gratis<\/h4>\n\n\n\n<p class=\"\">Mange transkripsjonstjenester tilbyr gratis abonnementer, noe som gj\u00f8r dem tilgjengelige for alle uten \u00f8konomiske begrensninger.<\/p>\n\n\n\n<h4 class=\"wp-block-heading\" id=\"unlimited-transcription\">Ubegrenset transkripsjon<\/h4>\n\n\n\n<p class=\"\">Noen tjenester tilbyr ubegrensede transkriberingsmuligheter, slik at brukerne kan transkribere s\u00e5 mange filer som de trenger.<\/p>\n\n\n\n<h4 class=\"wp-block-heading\" id=\"no-1-choice\">Nr. 1 Valg<\/h4>\n\n\n\n<p class=\"\">Ledende transkripsjonstjenester er ofte rangert som det beste valget p\u00e5 grunn av deres p\u00e5litelighet, n\u00f8yaktighet og brukervennlighet.<\/p>\n\n\n\n<h4 class=\"wp-block-heading\" id=\"no-sign-up-required\">Ingen p\u00e5melding n\u00f8dvendig<\/h4>\n\n\n\n<p class=\"\">Bekvemmelighet er en n\u00f8kkelfunksjon, og noen plattformer tilbyr transkripsjonstjenester uten behov for registrering.<\/p>\n\n\n\n<h3 class=\"wp-block-heading\" id=\"who-should-use-transcription-services\">Hvem b\u00f8r bruke transkripsjonstjenester?<\/h3>\n\n\n\n<p class=\"\">Transkripsjonstjenester er ideelle for:<\/p>\n\n\n\n<ul class=\"wp-block-list\">\n<li class=\"\"><strong>Studenter:<\/strong> Konvertere forelesninger og diskusjoner til notater.<\/li>\n\n\n\n<li class=\"\"><strong>Profesjonelle:<\/strong> For \u00e5 lage m\u00f8tereferater og transkribere intervjuer.<\/li>\n\n\n\n<li class=\"\"><strong>Skapere av innhold:<\/strong> For \u00e5 generere tekstinnhold fra podcaster og videoer.<\/li>\n\n\n\n<li class=\"\"><strong>Forskere:<\/strong> For dokumentasjon av muntlige historier og intervjuer.<\/li>\n<\/ul>\n\n\n\n<h3 class=\"wp-block-heading\" id=\"industries-benefiting-from-transcription-services\">Bransjer som drar nytte av transkripsjonstjenester<\/h3>\n\n\n\n<p class=\"\">Transkripsjonstjenester er nyttige i ulike bransjer, for eksempel:<\/p>\n\n\n\n<ul class=\"wp-block-list\">\n<li class=\"\"><strong>Utdanning:<\/strong> For transkripsjoner av forelesninger og forskningsdokumentasjon.<\/li>\n\n\n\n<li class=\"\"><strong>Media:<\/strong> Transkribere intervjuer og lage undertekster.<\/li>\n\n\n\n<li class=\"\"><strong>Juridisk:<\/strong> For rettsutskrifter og juridisk dokumentasjon.<\/li>\n\n\n\n<li class=\"\"><strong>Helsevesenet:<\/strong> For transkribering av medisinske diktater og pasientjournaler.<\/li>\n<\/ul>\n\n\n\n<h3 class=\"wp-block-heading\" id=\"how-to-use-transcription-services-step-by-step\">Hvordan bruke transkripsjonstjenester: Trinn-for-trinn<\/h3>\n\n\n\n<ol class=\"wp-block-list\">\n<li class=\"\"><strong>Velg en tjeneste:<\/strong> Velg en transkripsjonstjeneste som passer dine behov. Anbefalt verkt\u00f8y: <a href=\"https:\/\/aiartfree.online\/nb\/transkripsjon\/\">https:\/\/aiartfree.online\/transcript<\/a>.<\/li>\n\n\n\n<li class=\"\"><strong>Last opp lyd-\/videofil:<\/strong> Last opp filen du vil ha transkribert.<\/li>\n\n\n\n<li class=\"\"><strong>Angi preferanser:<\/strong> Velg de \u00f8nskede innstillingene, for eksempel spr\u00e5k, format og eventuelle spesielle krav.<\/li>\n\n\n\n<li class=\"\"><strong>Start transkripsjon:<\/strong> Start transkripsjonsprosessen.<\/li>\n\n\n\n<li class=\"\"><strong>Gjennomgang og redigering:<\/strong> N\u00e5r transkripsjonen er ferdig, g\u00e5r du gjennom den og gj\u00f8r eventuelle n\u00f8dvendige endringer.<\/li>\n\n\n\n<li class=\"\"><strong>Last ned og bruk:<\/strong> Last ned den endelige utskriften til eget bruk.<\/li>\n<\/ol>\n\n\n\n<h3 class=\"wp-block-heading\" id=\"use-cases-of-transcription-services\">Eksempler p\u00e5 bruk av transkripsjonstjenester<\/h3>\n\n\n\n<ul class=\"wp-block-list\">\n<li class=\"\"><strong>Akademisk forskning:<\/strong> Transkribering av intervjuer for kvalitativ forskning.<\/li>\n\n\n\n<li class=\"\"><strong>Opprettelse av innhold:<\/strong> Generere blogginnlegg og artikler fra podcaster.<\/li>\n\n\n\n<li class=\"\"><strong>Juridisk dokumentasjon:<\/strong> Transkribering av vitneforklaringer og rettsforhandlinger.<\/li>\n\n\n\n<li class=\"\"><strong>Forretningsm\u00f8ter:<\/strong> Utarbeide detaljerte m\u00f8tereferater.<\/li>\n<\/ul>\n\n\n\n<h3 class=\"wp-block-heading\" id=\"top-10-transcription-tools-and-resources\">Topp 10 transkripsjonsverkt\u00f8y og ressurser<\/h3>\n\n\n\n<p class=\"\">Her er en tabell som oppsummerer de 10 beste transkripsjonsverkt\u00f8yene og funksjonene deres:<\/p>\n\n\n\n<figure class=\"wp-block-table\"><table class=\"has-fixed-layout\"><thead><tr><th>Verkt\u00f8y\/nettsted<\/th><th>Funksjoner<\/th><th>Fordeler<\/th><th>Ulemper<\/th><th>URL<\/th><\/tr><\/thead><tbody><tr><td><strong>AI Art Free<\/strong><\/td><td>Lyd til tekst, transkripsjon av video<\/td><td>Gratis, ingen registrering, ubegrenset<\/td><td>Begrenset tilpasning<\/td><td><a href=\"https:\/\/aiartfree.online\/nb\/transkripsjon\/\">Lenke<\/a><\/td><\/tr><tr><td><strong>TranscribeMe<\/strong><\/td><td>H\u00f8y n\u00f8yaktighet, transkripsjon av mennesker og AI<\/td><td>P\u00e5litelig, flere formater<\/td><td>Betalt tjeneste<\/td><td><a href=\"https:\/\/www.transcribeme.com\" target=\"_blank\" rel=\"noopener\">Lenke<\/a><\/td><\/tr><tr><td><strong>Otter.ai<\/strong><\/td><td>Transkripsjon i sanntid, samarbeidsverkt\u00f8y<\/td><td>Enkel \u00e5 bruke, mobilapp<\/td><td>Begrenset gratis plan<\/td><td><a href=\"https:\/\/otter.ai\" target=\"_blank\" rel=\"noopener\">Lenke<\/a><\/td><\/tr><tr><td><strong>Sonix<\/strong><\/td><td>Automatisert transkripsjon, st\u00f8tte for flere spr\u00e5k<\/td><td>Rask, n\u00f8yaktig<\/td><td>Abonnement kreves<\/td><td><a href=\"https:\/\/sonix.ai\" target=\"_blank\" rel=\"noopener\">Lenke<\/a><\/td><\/tr><tr><td><strong>Rev<\/strong><\/td><td>Menneskelig transkripsjon, teksting<\/td><td>H\u00f8y kvalitet, rask levering<\/td><td>Dyrt<\/td><td><a href=\"https:\/\/www.rev.com\" target=\"_blank\" rel=\"noopener\">Lenke<\/a><\/td><\/tr><tr><td><strong>Temi<\/strong><\/td><td>Rimelig automatisert transkripsjon<\/td><td>Rask og brukervennlig<\/td><td>Ikke alltid n\u00f8yaktig<\/td><td><a href=\"https:\/\/www.temi.com\" target=\"_blank\" rel=\"noopener\">Lenke<\/a><\/td><\/tr><tr><td><strong>Descript<\/strong><\/td><td>Lyd- og videoredigering, transkripsjon<\/td><td>Allsidig og kraftfull<\/td><td>L\u00e6ringskurve<\/td><td><a href=\"https:\/\/www.descript.com\" target=\"_blank\" rel=\"noopener\">Lenke<\/a><\/td><\/tr><tr><td><strong>Trint<\/strong><\/td><td>AI-drevne transkriberings- og redigeringsverkt\u00f8y<\/td><td>N\u00f8yaktig, fleksibel<\/td><td>Dyrt<\/td><td><a href=\"https:\/\/trint.com\" target=\"_blank\" rel=\"noopener\">Lenke<\/a><\/td><\/tr><tr><td><strong>Happy Scribe<\/strong><\/td><td>Flerspr\u00e5klige verkt\u00f8y for samarbeid<\/td><td>N\u00f8yaktig, god st\u00f8tte<\/td><td>Abonnement er n\u00f8dvendig<\/td><td><a href=\"https:\/\/www.happyscribe.com\" target=\"_blank\" rel=\"noopener\">Lenke<\/a><\/td><\/tr><tr><td><strong>Scribie<\/strong><\/td><td>Manuell og automatisert transkripsjon<\/td><td>Rimelig, n\u00f8yaktig<\/td><td>Begrenset gratis plan<\/td><td><a href=\"https:\/\/www.scribie.com\" target=\"_blank\" rel=\"noopener\">Lenke<\/a><\/td><\/tr><\/tbody><\/table><\/figure>\n\n\n\n<h3 class=\"wp-block-heading\" id=\"advantages-disadvantages-and-challenges-in-the-transcription-industry\">Fordeler, ulemper og utfordringer i transkripsjonsbransjen<\/h3>\n\n\n\n<h4 class=\"wp-block-heading\" id=\"advantages\">Fordeler<\/h4>\n\n\n\n<ul class=\"wp-block-list\">\n<li class=\"\"><strong>Forbedret tilgjengelighet:<\/strong> Gj\u00f8r innholdet tilgjengelig for alle.<\/li>\n\n\n\n<li class=\"\"><strong>Forbedret produktivitet:<\/strong> Sparer tid og krefter p\u00e5 \u00e5 konvertere tale til tekst.<\/li>\n\n\n\n<li class=\"\"><strong>Bedre dokumentasjon:<\/strong> N\u00f8yaktige referater fra m\u00f8ter, intervjuer og annet.<\/li>\n<\/ul>\n\n\n\n<h4 class=\"wp-block-heading\" id=\"disadvantages\">Ulemper<\/h4>\n\n\n\n<ul class=\"wp-block-list\">\n<li class=\"\"><strong>Kostnad:<\/strong> Noen tjenester kan v\u00e6re dyre.<\/li>\n\n\n\n<li class=\"\"><strong>Problemer med n\u00f8yaktighet:<\/strong> Automatiserte tjenester er ikke alltid n\u00f8yaktige.<\/li>\n\n\n\n<li class=\"\"><strong>Personvernhensyn:<\/strong> H\u00e5ndtering av sensitiv informasjon kan v\u00e6re et problem.<\/li>\n<\/ul>\n\n\n\n<h4 class=\"wp-block-heading\" id=\"challenges\">Utfordringer<\/h4>\n\n\n\n<ul class=\"wp-block-list\">\n<li class=\"\"><strong>Talevariabilitet:<\/strong> Aksenter, dialekter og d\u00e5rlig lydkvalitet kan p\u00e5virke n\u00f8yaktigheten.<\/li>\n\n\n\n<li class=\"\"><strong>Tekniske begrensninger:<\/strong> AI-transkripsjon sliter fortsatt med kontekst og homofoner.<\/li>\n<\/ul>\n\n\n\n<h3 class=\"wp-block-heading\" id=\"frequently-asked-questions-faq\">Ofte stilte sp\u00f8rsm\u00e5l (FAQ)<\/h3>\n\n\n\n<ol class=\"wp-block-list\">\n<li class=\"\"><strong>Hvor skjer transkripsjonen?<\/strong> Transkripsjon forekommer overalt der det er behov for \u00e5 konvertere talespr\u00e5k til tekst, ofte ved hjelp av transkripsjonstjenester og programvare.<\/li>\n\n\n\n<li class=\"\"><strong>Hvordan f\u00e5r jeg karakterutskrifter fra videreg\u00e5ende skole?<\/strong> Du kan f\u00e5 utskrifter fra videreg\u00e5ende skole ved \u00e5 kontakte skolens administrasjonskontor eller g\u00e5 inn p\u00e5 nettportalen deres.<\/li>\n\n\n\n<li class=\"\"><strong>Hva er transkripsjon?<\/strong> Transkripsjon er prosessen med \u00e5 konvertere talespr\u00e5k til skriftlig tekst.<\/li>\n\n\n\n<li class=\"\"><strong>Hvor foreg\u00e5r transkripsjonen?<\/strong> Transkribering foreg\u00e5r i ulike milj\u00f8er, blant annet p\u00e5 skoler, kontorer og hos leverand\u00f8rer av transkripsjonstjenester.<\/li>\n\n\n\n<li class=\"\"><strong>Hvordan f\u00e5r jeg en utskrift fra Aeries?<\/strong> For \u00e5 f\u00e5 en utskrift fra Aeries logger du inn p\u00e5 Aeries-kontoen din, navigerer til utskriftsdelen og f\u00f8lger instruksjonene for \u00e5 be om en utskrift.<\/li>\n\n\n\n<li class=\"\"><strong>Hvilke typer utskrifter finnes det?<\/strong> Utskrifter kan v\u00e6re akademiske utskrifter, medisinske utskrifter, juridiske utskrifter og medieutskrifter.<\/li>\n\n\n\n<li class=\"\"><strong>Hvordan transkribere YouTube-videoer?<\/strong> Bruk verkt\u00f8y som <a href=\"https:\/\/aiartfree.online\/nb\/transkripsjon\/\">https:\/\/aiartfree.online\/transcript<\/a> for \u00e5 laste opp YouTube-videoer og f\u00e5 transkripsjoner.<\/li>\n\n\n\n<li class=\"\"><strong>Hva er IRS-utskrift?<\/strong> En IRS-utskrift er et sammendrag av selvangivelsesopplysningene dine fra skattemyndighetene.<\/li>\n\n\n\n<li class=\"\"><strong>Hvordan f\u00e5r jeg utskrifter fra college?<\/strong> Be om karakterutskrifter fra studiestedet ditt eller deres nettbaserte tjenester.<\/li>\n\n\n\n<li class=\"\"><strong>Hva er transkriberingsjobber?<\/strong> Transkriberingsjobber inneb\u00e6rer \u00e5 lytte til lydopptak og skrive ut det som h\u00f8res i et skriftlig format.<\/li>\n<\/ol>\n\n\n\n<h3 class=\"wp-block-heading\" id=\"conclusion\">Konklusjon<\/h3>\n\n\n\n<p class=\"\">Transkripsjonstjenester gir et utall av fordeler, fra bedre tilgjengelighet til \u00f8kt produktivitet. Med verkt\u00f8y som <a href=\"https:\/\/aiartfree.online\/nb\/transkripsjon\/\">https:\/\/aiartfree.online\/transcript<\/a>kan du enkelt konvertere lyd- og videofiler til tekst. Utforsk de beste verkt\u00f8yene, forst\u00e5 funksjonene deres og velg den tjenesten som passer best for dine behov. Begynn \u00e5 transkribere i dag, og utnytt det fulle potensialet i innholdet ditt!<\/p>\n\n\n\n<p class=\"\">Bes\u00f8k <a href=\"https:\/\/aiartfree.online\/nb\/transkripsjon\/\">https:\/\/aiartfree.online\/transcript<\/a> n\u00e5 for \u00e5 oppleve den beste gratis og ubegrensede transkripsjonstjenesten uten problemer med \u00e5 registrere deg!<\/p>","protected":false},"excerpt":{"rendered":"<p>How to use Transcript * Depending on your internet speed, loading the model may take a few seconds. \u2193 How to Use Transcript Services: Your Ultimate Guide Introduction Transcription services have revolutionized the way we handle audio and video content by converting spoken words into written text. Whether you&#8217;re a student, professional, or content creator, &#8230; <a title=\"Transkripsjon\" class=\"read-more\" href=\"https:\/\/aiartfree.online\/nb\/transkripsjon\/\" aria-label=\"Read more about Transcript\">Les mer<\/a><\/p>","protected":false},"author":1,"featured_media":3345,"parent":0,"menu_order":0,"comment_status":"open","ping_status":"closed","template":"","meta":{"nf_dc_page":"","footnotes":""},"class_list":["post-3340","page","type-page","status-publish","has-post-thumbnail"],"jetpack_sharing_enabled":true,"_links":{"self":[{"href":"https:\/\/aiartfree.online\/nb\/wp-json\/wp\/v2\/pages\/3340","targetHints":{"allow":["GET"]}}],"collection":[{"href":"https:\/\/aiartfree.online\/nb\/wp-json\/wp\/v2\/pages"}],"about":[{"href":"https:\/\/aiartfree.online\/nb\/wp-json\/wp\/v2\/types\/page"}],"author":[{"embeddable":true,"href":"https:\/\/aiartfree.online\/nb\/wp-json\/wp\/v2\/users\/1"}],"replies":[{"embeddable":true,"href":"https:\/\/aiartfree.online\/nb\/wp-json\/wp\/v2\/comments?post=3340"}],"version-history":[{"count":0,"href":"https:\/\/aiartfree.online\/nb\/wp-json\/wp\/v2\/pages\/3340\/revisions"}],"wp:featuredmedia":[{"embeddable":true,"href":"https:\/\/aiartfree.online\/nb\/wp-json\/wp\/v2\/media\/3345"}],"wp:attachment":[{"href":"https:\/\/aiartfree.online\/nb\/wp-json\/wp\/v2\/media?parent=3340"}],"curies":[{"name":"wp","href":"https:\/\/api.w.org\/{rel}","templated":true}]}}