{"id":3319,"date":"2024-07-30T11:47:20","date_gmt":"2024-07-30T11:47:20","guid":{"rendered":"https:\/\/aiartfree.online\/?page_id=3319"},"modified":"2025-03-07T08:27:06","modified_gmt":"2025-03-07T08:27:06","slug":"youtube-transcript","status":"publish","type":"page","link":"https:\/\/aiartfree.online\/nb\/youtube-transkripsjon\/","title":{"rendered":"YouTube-transkripsjon"},"content":{"rendered":"<h2 class=\"wp-block-heading\" style=\"font-size:23px\">Slik bruker du YouTube Transcript<\/h2>\n\n\n\n<ol class=\"wp-block-list\">\n<li class=\"\">Velg <strong>YouTube<\/strong> fra den \u00f8vre fanen<\/li>\n\n\n\n<li class=\"\">Lim inn YouTube-URL-en din<\/li>\n\n\n\n<li class=\"\">Velg \"Returner tidsstempler\"<\/li>\n\n\n\n<li class=\"\">Klikk p\u00e5 \"Send\"<\/li>\n\n\n\n<li class=\"\">Vent, det var det!<\/li>\n<\/ol>\n\n\n\n<figure class=\"gb-block-image gb-block-image-4dfafe81\"><a href=\"https:\/\/fas.st\/t\/XmtmoHSk\" target=\"_blank\" rel=\"noopener noreferrer\"><img data-recalc-dims=\"1\" decoding=\"async\" loading=\"lazy\" width=\"1200\" height=\"368\" class=\"gb-image gb-image-4dfafe81\" src=\"https:\/\/i0.wp.com\/aiartfree.online\/wp-content\/uploads\/2025\/03\/WX20250307-114300%402x.webp?resize=1200%2C368&#038;ssl=1\" alt=\"\" title=\"WX20250307-114300@2x\" srcset=\"https:\/\/i0.wp.com\/aiartfree.online\/wp-content\/uploads\/2025\/03\/WX20250307-114300%402x.webp?w=1900&amp;ssl=1 1900w, https:\/\/i0.wp.com\/aiartfree.online\/wp-content\/uploads\/2025\/03\/WX20250307-114300%402x.webp?resize=300%2C92&amp;ssl=1 300w, https:\/\/i0.wp.com\/aiartfree.online\/wp-content\/uploads\/2025\/03\/WX20250307-114300%402x.webp?resize=1024%2C314&amp;ssl=1 1024w, https:\/\/i0.wp.com\/aiartfree.online\/wp-content\/uploads\/2025\/03\/WX20250307-114300%402x.webp?resize=768%2C235&amp;ssl=1 768w, https:\/\/i0.wp.com\/aiartfree.online\/wp-content\/uploads\/2025\/03\/WX20250307-114300%402x.webp?resize=1536%2C471&amp;ssl=1 1536w, https:\/\/i0.wp.com\/aiartfree.online\/wp-content\/uploads\/2025\/03\/WX20250307-114300%402x.webp?resize=18%2C6&amp;ssl=1 18w, https:\/\/i0.wp.com\/aiartfree.online\/wp-content\/uploads\/2025\/03\/WX20250307-114300%402x.webp?resize=600%2C184&amp;ssl=1 600w\" sizes=\"auto, (max-width: 1200px) 100vw, 1200px\" \/><\/a><\/figure>\n\n\n\n<p class=\"\">* <em>Avhengig av internetthastigheten din kan det ta noen sekunder \u00e5 laste inn modellen.<\/em> \u2193<\/p>\n\n\n\n<style>\n  .iframe-container {\n    text-align: center;\n    border: 2px solid;\n    border-image-source: linear-gradient(to right, #16b86c, #912899);\n    border-image-slice: 1;\n    box-shadow: 0 0 10px rgba(0, 0, 0, 0.1);\n    border-radius: 15px;\n    position: relative; \/* \u4f7f loader \u7edd\u5bf9\u5b9a\u4f4d\u6709\u6548 *\/\n  }\n  .loader {\n    position: absolute;\n    top: 100px;\n    left: 50%;\n    transform: translate(-50%, -50%);\n    width: 40px;\n    height: 40px;\n    border: 4px solid #f3f3f3;\n    border-top: 4px solid #9834db;\n    border-radius: 50%;\n    animation: spin 1s linear infinite;\n  }\n  @keyframes spin {\n    0% { transform: translate(-50%, -50%) rotate(0deg); }\n    100% { transform: translate(-50%, -50%) rotate(360deg); }\n  }\n  iframe {\n    width: 100%;\n    height: 1550px;\n    border: none;\n    display: inline-block;\n    margin: 0 auto;\n    opacity: 0;\n    transition: opacity 0.3s ease;\n  }\n<\/style>\n\n<div class=\"iframe-container\">\n  <div id=\"loader\" class=\"loader\"><\/div>\n  <iframe\n    src=\"https:\/\/sanchit-gandhi-whisper-jax.hf.space\"\n    frameborder=\"0\"\n    onload=\"this.style.opacity=1;document.getElementById('loader').style.display='none';\"\n  ><\/iframe>\n<\/div>\n\n\n\n<div style=\"height:60px\" aria-hidden=\"true\" class=\"wp-block-spacer\"><\/div>\n\n\n\n<h2 class=\"wp-block-heading\">Den ultimate guiden for YouTube-transkripsjon<\/h2>\n\n\n\n<h3 class=\"wp-block-heading\">Innholdsfortegnelse<\/h3>\n\n\n\n<ol class=\"wp-block-list\">\n<li class=\"\"><a href=\"#introduction\">Innledning<\/a><\/li>\n\n\n\n<li class=\"\"><a href=\"#what-is-a-youtube-transcript\">Hva er et YouTube-utskrift?<\/a><\/li>\n\n\n\n<li class=\"\"><a href=\"#why-use-youtube-transcripts\">Hvorfor bruke transkripsjoner fra YouTube?<\/a><\/li>\n\n\n\n<li class=\"\"><a href=\"#main-features-of-youtube-transcripts\">Hovedfunksjonene i YouTube Transcripts<\/a>\n<ul class=\"wp-block-list\">\n<li class=\"\"><a href=\"#transcription-accuracy\">N\u00f8yaktighet i transkripsjonen<\/a><\/li>\n\n\n\n<li class=\"\"><a href=\"#time-stamped-transcripts\">Tidsstemplede utskrifter<\/a><\/li>\n\n\n\n<li class=\"\"><a href=\"#download-options\">Last ned alternativer<\/a><\/li>\n\n\n\n<li class=\"\"><a href=\"#editing-and-customization\">Redigering og tilpasning<\/a><\/li>\n<\/ul>\n<\/li>\n\n\n\n<li class=\"\"><a href=\"#who-should-use-youtube-transcripts\">Hvem b\u00f8r bruke transkripsjoner fra YouTube?<\/a><\/li>\n\n\n\n<li class=\"\"><a href=\"#industries-benefiting-from-youtube-transcripts\">Bransjer som drar nytte av YouTube-utskrifter<\/a><\/li>\n\n\n\n<li class=\"\"><a href=\"#how-to-use-youtube-transcripts\">Slik bruker du transkripsjoner fra YouTube<\/a><\/li>\n\n\n\n<li class=\"\"><a href=\"#use-cases-of-youtube-transcripts\">Bruksomr\u00e5der for YouTube-utskrifter<\/a>\n<ul class=\"wp-block-list\">\n<li class=\"\"><a href=\"#content-creators\">Skapere av innhold<\/a><\/li>\n\n\n\n<li class=\"\"><a href=\"#educators\">L\u00e6rere<\/a><\/li>\n\n\n\n<li class=\"\"><a href=\"#marketers\">Markedsf\u00f8rere<\/a><\/li>\n<\/ul>\n<\/li>\n\n\n\n<li class=\"\"><a href=\"#top-10-youtube-transcript-tools-and-information\">Topp 10 YouTube-transkripsjonsverkt\u00f8y og informasjon<\/a><\/li>\n\n\n\n<li class=\"\"><a href=\"#advantages-disadvantages-and-challenges-in-the-industry\">Fordeler, ulemper og utfordringer i bransjen<\/a><\/li>\n\n\n\n<li class=\"\"><a href=\"#faq\">VANLIGE SP\u00d8RSM\u00c5L<\/a><\/li>\n\n\n\n<li class=\"\"><a href=\"#conclusion\">Konklusjon<\/a><\/li>\n<\/ol>\n\n\n\n<h3 class=\"wp-block-heading\">Innledning<\/h3>\n\n\n\n<p class=\"\">I den digitale tidsalderen er innholdstilgjengelighet av avgj\u00f8rende betydning. Et av de mest nyttige verkt\u00f8yene for \u00e5 \u00f8ke tilgjengeligheten og engasjementet er YouTube-transkripsjonen. I denne guiden g\u00e5r vi n\u00e6rmere inn p\u00e5 hva en YouTube-transkripsjon er, hvorfor den er viktig og hvordan du kan bruke den effektivt. Vi vil ogs\u00e5 se n\u00e6rmere p\u00e5 de beste tilgjengelige verkt\u00f8yene, inkludert v\u00e5r beste anbefaling, <a href=\"https:\/\/aiartfree.online\/nb\/youtube-transkripsjon\/\">https:\/\/aiartfree.online\/youtube-transcript\/<\/a>og har en omfattende FAQ-seksjon for \u00e5 svare p\u00e5 vanlige sp\u00f8rsm\u00e5l.<\/p>\n\n\n\n<figure class=\"wp-block-image size-full is-resized\"><img data-recalc-dims=\"1\" data-dominant-color=\"987d7b\" data-has-transparency=\"false\" decoding=\"async\" width=\"1024\" height=\"710\"   loading=\"lazy\" src=\"https:\/\/i0.wp.com\/aiartfree.online\/wp-content\/uploads\/2024\/07\/image-28-jpg.webp?resize=1024%2C710&#038;ssl=1\" alt=\"YouTube-transkripsjon\" class=\"wp-image-3337 not-transparent\" style=\"--dominant-color: #987d7b; width:561px;height:auto\" srcset=\"https:\/\/i0.wp.com\/aiartfree.online\/wp-content\/uploads\/2024\/07\/image-28-jpg.webp?w=1024&amp;ssl=1 1024w, https:\/\/i0.wp.com\/aiartfree.online\/wp-content\/uploads\/2024\/07\/image-28-jpg.webp?resize=300%2C208&amp;ssl=1 300w, https:\/\/i0.wp.com\/aiartfree.online\/wp-content\/uploads\/2024\/07\/image-28-jpg.webp?resize=768%2C533&amp;ssl=1 768w, https:\/\/i0.wp.com\/aiartfree.online\/wp-content\/uploads\/2024\/07\/image-28-jpg.webp?resize=18%2C12&amp;ssl=1 18w, https:\/\/i0.wp.com\/aiartfree.online\/wp-content\/uploads\/2024\/07\/image-28-jpg.webp?resize=600%2C416&amp;ssl=1 600w\" sizes=\"auto, (max-width: 1024px) 100vw, 1024px\" \/><\/figure>\n\n\n\n<h3 class=\"wp-block-heading\">Hva er et YouTube-utskrift?<\/h3>\n\n\n\n<p class=\"\">En YouTube-transkripsjon er en tekstlig fremstilling av det talte innholdet i en YouTube-video. Den fanger opp hvert ord som blir sagt, ofte med tidsstempler, noe som gj\u00f8r det enklere for seerne \u00e5 f\u00f8lge med, s\u00f8ke etter spesifikt innhold og bruke informasjonen p\u00e5 ulike m\u00e5ter.<\/p>\n\n\n\n<h3 class=\"wp-block-heading\">Hvorfor bruke transkripsjoner fra YouTube?<\/h3>\n\n\n\n<p class=\"\">Det er mange fordeler med \u00e5 bruke transkripsjoner fra YouTube:<\/p>\n\n\n\n<ol class=\"wp-block-list\">\n<li class=\"\"><strong>Tilgjengelighet<\/strong>: Transkripsjoner gj\u00f8r innholdet tilgjengelig for personer med nedsatt h\u00f8rsel.<\/li>\n\n\n\n<li class=\"\"><strong>S\u00f8kbarhet<\/strong>: Tekstutskrifter forbedrer s\u00f8kemotoroptimaliseringen (SEO) ved \u00e5 gj\u00f8re videoinnhold s\u00f8kbart etter n\u00f8kkelord.<\/li>\n\n\n\n<li class=\"\"><strong>Gjenbruk av innhold<\/strong>: Transkripsjoner kan brukes til blogginnlegg, artikler eller innhold i sosiale medier.<\/li>\n\n\n\n<li class=\"\"><strong>Forst\u00e5else<\/strong>: Fremmedspr\u00e5klige kan forst\u00e5 videoinnhold bedre ved \u00e5 lese med.<\/li>\n\n\n\n<li class=\"\"><strong>Forlovelse<\/strong>: Transkripsjoner engasjerer seerne ved at de kan f\u00f8lge med p\u00e5 videoen i tekstform.<\/li>\n<\/ol>\n\n\n\n<h3 class=\"wp-block-heading\">Hovedfunksjonene i YouTube Transcripts<\/h3>\n\n\n\n<h4 class=\"wp-block-heading\">N\u00f8yaktighet i transkripsjonen<\/h4>\n\n\n\n<p class=\"\">N\u00f8yaktig transkripsjon er avgj\u00f8rende for nytten av en utskrift. De beste verkt\u00f8yene har h\u00f8y n\u00f8yaktighet, noe som reduserer behovet for omfattende manuelle rettelser.<\/p>\n\n\n\n<h4 class=\"wp-block-heading\">Tidsstemplede utskrifter<\/h4>\n\n\n\n<p class=\"\">Tidsstempler gj\u00f8r det enkelt for brukerne \u00e5 navigere i videoen og hoppe til bestemte deler av innholdet etter behov.<\/p>\n\n\n\n<h4 class=\"wp-block-heading\">Last ned alternativer<\/h4>\n\n\n\n<p class=\"\">De beste verkt\u00f8yene tilbyr ulike nedlastingsformater (f.eks. SRT, TXT) for \u00e5 sikre kompatibilitet med ulike plattformer og programvare.<\/p>\n\n\n\n<h4 class=\"wp-block-heading\">Redigering og tilpasning<\/h4>\n\n\n\n<p class=\"\">Muligheten til \u00e5 redigere og tilpasse transkripsjoner sikrer at de oppfyller spesifikke brukerbehov, for eksempel ved \u00e5 legge til notater eller korrigere un\u00f8yaktigheter.<\/p>\n\n\n\n<h3 class=\"wp-block-heading\">Hvem b\u00f8r bruke transkripsjoner fra YouTube?<\/h3>\n\n\n\n<ul class=\"wp-block-list\">\n<li class=\"\"><strong>Skapere av innhold<\/strong>: For \u00e5 forbedre SEO og engasjement.<\/li>\n\n\n\n<li class=\"\"><strong>L\u00e6rere<\/strong>: \u00c5 tilby tilgjengelige l\u00e6remidler.<\/li>\n\n\n\n<li class=\"\"><strong>Markedsf\u00f8rere<\/strong>: For \u00e5 hente ut innhold til kampanjer og analyser.<\/li>\n\n\n\n<li class=\"\"><strong>Forskere<\/strong>: Transkribering av intervjuer og presentasjoner for dataanalyse.<\/li>\n\n\n\n<li class=\"\"><strong>Seere<\/strong>: For \u00e5 f\u00f8lge med p\u00e5 videoer og forbedre forst\u00e5elsen.<\/li>\n<\/ul>\n\n\n\n<h3 class=\"wp-block-heading\">Bransjer som drar nytte av YouTube-utskrifter<\/h3>\n\n\n\n<ul class=\"wp-block-list\">\n<li class=\"\"><strong>Utdanning<\/strong>: Forbedring av l\u00e6ringsressurser.<\/li>\n\n\n\n<li class=\"\"><strong>Markedsf\u00f8ring<\/strong>: Forbedre innholdets rekkevidde og engasjement.<\/li>\n\n\n\n<li class=\"\"><strong>Underholdning<\/strong>: Gj\u00f8r innholdet tilgjengelig for et bredere publikum.<\/li>\n\n\n\n<li class=\"\"><strong>Forskning<\/strong>: Tilrettelegging av dataanalyse og dokumentasjon.<\/li>\n\n\n\n<li class=\"\"><strong>Helsevesenet<\/strong>: Transkribering av medisinske forelesninger og seminarer for faglig utvikling.<\/li>\n<\/ul>\n\n\n\n<h3 class=\"wp-block-heading\">Slik bruker du transkripsjoner fra YouTube<\/h3>\n\n\n\n<ol class=\"wp-block-list\">\n<li class=\"\"><strong>Verkt\u00f8y for \u00e5 finne en transkripsjon<\/strong>: Bruk et p\u00e5litelig verkt\u00f8y som <a href=\"https:\/\/aiartfree.online\/nb\/youtube-transkripsjon\/\">https:\/\/aiartfree.online\/youtube-transcript\/<\/a>.<\/li>\n\n\n\n<li class=\"\"><strong>Last opp eller lenke til videoen<\/strong>: Oppgi lenken til YouTube-videoen.<\/li>\n\n\n\n<li class=\"\"><strong>Generer transkripsjon<\/strong>: La verkt\u00f8yet behandle videoen og generere transkripsjonen.<\/li>\n\n\n\n<li class=\"\"><strong>Rediger og tilpass<\/strong>: Gj\u00f8r eventuelle n\u00f8dvendige endringer i transkripsjonen.<\/li>\n\n\n\n<li class=\"\"><strong>Last ned<\/strong>: Lagre transkripsjonen i det formatet du foretrekker.<\/li>\n<\/ol>\n\n\n\n<h3 class=\"wp-block-heading\">Bruksomr\u00e5der for YouTube-utskrifter<\/h3>\n\n\n\n<h4 class=\"wp-block-heading\">Skapere av innhold<\/h4>\n\n\n\n<p class=\"\">Innholdsskapere kan bruke transkripsjoner til \u00e5 forbedre SEO, slik at videoene deres blir lettere \u00e5 finne. Transkripsjoner kan ogs\u00e5 brukes til blogginnlegg eller innhold i sosiale medier.<\/p>\n\n\n\n<h4 class=\"wp-block-heading\">L\u00e6rere<\/h4>\n\n\n\n<p class=\"\">L\u00e6rere kan gi studentene transkripsjoner for \u00e5 forbedre l\u00e6ringen og tilgjengeligheten. Utskrifter er ogs\u00e5 nyttige for \u00e5 lage studiemateriell og referansedokumenter.<\/p>\n\n\n\n<h4 class=\"wp-block-heading\">Markedsf\u00f8rere<\/h4>\n\n\n\n<p class=\"\">Markedsf\u00f8rere kan bruke transkripsjoner til \u00e5 hente ut n\u00f8kkelinformasjon til kampanjer, lage blogginnlegg og analysere forbrukernes atferd og preferanser.<\/p>\n\n\n\n<h3 class=\"wp-block-heading\">Topp 10 YouTube-transkripsjonsverkt\u00f8y og informasjon<\/h3>\n\n\n\n<figure class=\"wp-block-table\"><table class=\"has-fixed-layout\"><thead><tr><th>Nettsted<\/th><th>Fordeler<\/th><th>Ulemper<\/th><th>Utfordringer<\/th><th>Forslag<\/th><\/tr><\/thead><tbody><tr><td><a href=\"https:\/\/aiartfree.online\/nb\/youtube-transkripsjon\/\">YouTube-transkripsjon<\/a><\/td><td>100% Gratis, ubegrenset, ingen registrering, h\u00f8y n\u00f8yaktighet<\/td><td>Begrenset spr\u00e5kst\u00f8tte<\/td><td>Sikrer h\u00f8y n\u00f8yaktighet i alle videoer<\/td><td>Utvid spr\u00e5kst\u00f8tten<\/td><\/tr><tr><td>oter.ai<\/td><td>N\u00f8yaktige, samarbeidende funksjoner<\/td><td>Abonnement kreves<\/td><td>H\u00e5ndtering av kostnader for store team<\/td><td>Tilby rimeligere planer<\/td><\/tr><tr><td>rev.com<\/td><td>Profesjonell n\u00f8yaktighet, rask levering<\/td><td>Kostbart for lange videoer<\/td><td>Opprettholde overkommelige priser<\/td><td>Innf\u00f8r trinnvis prising<\/td><\/tr><tr><td>temi.com<\/td><td>Rimelig, brukervennlig<\/td><td>N\u00f8yaktigheten kan variere<\/td><td>Balanse mellom kostnad og kvalitet<\/td><td>Forbedre n\u00f8yaktigheten<\/td><\/tr><tr><td>transcribeme.com<\/td><td>H\u00f8y n\u00f8yaktighet, menneskelig transkripsjon tilgjengelig<\/td><td>Dyrt<\/td><td>H\u00e5ndtering av transkripsjonskostnader<\/td><td>Tilby rabatter for bulkbestillinger<\/td><\/tr><tr><td>sonix.ai<\/td><td>Rask, kan integreres med redigeringsprogramvare<\/td><td>Abonnement kreves<\/td><td>Begrunnelse for abonnementskostnader<\/td><td>Tilby flere pr\u00f8vealternativer<\/td><\/tr><tr><td>scribie.com<\/td><td>Rimelig, manuell transkripsjon tilgjengelig<\/td><td>Begrensede funksjoner<\/td><td>Forbedring av funksjonssettet<\/td><td>Utvid funksjoner<\/td><\/tr><tr><td>happyscribe.com<\/td><td>Flerspr\u00e5klig st\u00f8tte, brukervennlig<\/td><td>Abonnement kreves<\/td><td>Kostnadsstyring<\/td><td>Innf\u00f8re mer fleksibel prissetting<\/td><\/tr><tr><td>descript.com<\/td><td>Redigeringsfunksjoner, h\u00f8y n\u00f8yaktighet<\/td><td>Brattere l\u00e6ringskurve<\/td><td>Brukervennlig grensesnitt<\/td><td>Forenkle grensesnittet<\/td><\/tr><tr><td><a href=\"https:\/\/trint.com\" target=\"_blank\" rel=\"noopener\">trint.com<\/a><\/td><td>Rask, Samarbeidsverkt\u00f8y<\/td><td>Dyrt for individuelle brukere<\/td><td>Kostnadseffektivitet<\/td><td>Tilby flere individuelle brukerplaner<\/td><\/tr><\/tbody><\/table><\/figure>\n\n\n\n<h3 class=\"wp-block-heading\">Fordeler, ulemper og utfordringer i bransjen<\/h3>\n\n\n\n<h4 class=\"wp-block-heading\">Fordeler<\/h4>\n\n\n\n<ul class=\"wp-block-list\">\n<li class=\"\">Forbedret tilgjengelighet og engasjement.<\/li>\n\n\n\n<li class=\"\">Forbedret SEO og oppdagbarhet.<\/li>\n\n\n\n<li class=\"\">Allsidig gjenbruk av innhold.<\/li>\n<\/ul>\n\n\n\n<h4 class=\"wp-block-heading\">Ulemper<\/h4>\n\n\n\n<ul class=\"wp-block-list\">\n<li class=\"\">Variabel n\u00f8yaktighet p\u00e5 tvers av ulike verkt\u00f8y.<\/li>\n\n\n\n<li class=\"\">Kostnader forbundet med transkripsjonstjenester av h\u00f8y kvalitet.<\/li>\n<\/ul>\n\n\n\n<h4 class=\"wp-block-heading\">Utfordringer<\/h4>\n\n\n\n<ul class=\"wp-block-list\">\n<li class=\"\">Balanse mellom kostnader og n\u00f8yaktighet.<\/li>\n\n\n\n<li class=\"\">Sikre flerspr\u00e5klig st\u00f8tte og tilpasningsmuligheter.<\/li>\n<\/ul>\n\n\n\n<h4 class=\"wp-block-heading\">Forslag<\/h4>\n\n\n\n<ul class=\"wp-block-list\">\n<li class=\"\">Utvid spr\u00e5kst\u00f8tten.<\/li>\n\n\n\n<li class=\"\">Tilby mer fleksible og rimelige prisplaner.<\/li>\n\n\n\n<li class=\"\">Forbedre brukergrensesnittet for bedre brukervennlighet.<\/li>\n<\/ul>\n\n\n\n<h3 class=\"wp-block-heading\">VANLIGE SP\u00d8RSM\u00c5L<\/h3>\n\n\n\n<ol class=\"wp-block-list\">\n<li class=\"\"><strong>Hvordan f\u00e5r jeg transkripsjon av en YouTube-video?<\/strong>\n<ul class=\"wp-block-list\">\n<li class=\"\">Bruk et verkt\u00f8y som <a href=\"https:\/\/aiartfree.online\/nb\/youtube-transkripsjon\/\">https:\/\/aiartfree.online\/youtube-transcript\/<\/a> for \u00e5 generere transkripsjoner p\u00e5 en enkel m\u00e5te.<\/li>\n<\/ul>\n<\/li>\n\n\n\n<li class=\"\"><strong>Hvordan laster jeg ned transkripsjon p\u00e5 YouTube?<\/strong>\n<ul class=\"wp-block-list\">\n<li class=\"\">Bruk YouTubes innebygde transkripsjonsfunksjon eller et tredjepartsverkt\u00f8y for \u00e5 laste ned transkripsjonen.<\/li>\n<\/ul>\n<\/li>\n\n\n\n<li class=\"\"><strong>Hvordan f\u00e5r jeg en transkripsjon av en YouTube-video?<\/strong>\n<ul class=\"wp-block-list\">\n<li class=\"\">Kopier videolinken, og bruk et transkripsjonsverkt\u00f8y til \u00e5 generere og laste ned transkripsjonen.<\/li>\n<\/ul>\n<\/li>\n\n\n\n<li class=\"\"><strong>Hvordan f\u00e5r jeg transkripsjonen av en YouTube-video?<\/strong>\n<ul class=\"wp-block-list\">\n<li class=\"\">Bruk nettbaserte verkt\u00f8y som <a href=\"https:\/\/aiartfree.online\/nb\/\">aiartfree.online<\/a> for enkel generering av transkripsjoner.<\/li>\n<\/ul>\n<\/li>\n\n\n\n<li class=\"\"><strong>Hvordan f\u00e5 transkripsjon fra YouTube-video?<\/strong>\n<ul class=\"wp-block-list\">\n<li class=\"\">Lim inn videolinken i et verkt\u00f8y for transkripsjonsgenerering, og last ned resultatet.<\/li>\n<\/ul>\n<\/li>\n\n\n\n<li class=\"\"><strong>Hvordan laster jeg ned transkripsjon fra YouTube?<\/strong>\n<ul class=\"wp-block-list\">\n<li class=\"\">Bruk tredjepartstjenester for \u00e5 laste ned transkripsjonen i ulike formater.<\/li>\n<\/ul>\n<\/li>\n\n\n\n<li class=\"\"><strong>Hvordan f\u00e5r jeg transkripsjon fra YouTube?<\/strong>\n<ul class=\"wp-block-list\">\n<li class=\"\">F\u00e5 tilgang til transkripsjonen av videoen via YouTube, eller bruk eksterne verkt\u00f8y for \u00e5 f\u00e5 bedre funksjoner.<\/li>\n<\/ul>\n<\/li>\n\n\n\n<li class=\"\"><strong>Hvordan genererer jeg transkripsjon for YouTube-videoer?<\/strong>\n<ul class=\"wp-block-list\">\n<li class=\"\">Bruk automatiserte transkripsjonstjenester for \u00e5 f\u00e5 raske og n\u00f8yaktige resultater.<\/li>\n<\/ul>\n<\/li>\n\n\n\n<li class=\"\"><strong>Hvordan redigere YouTube-transkripsjon?<\/strong>\n<ul class=\"wp-block-list\">\n<li class=\"\">Last ned transkripsjonen, og bruk et tekstredigeringsprogram for \u00e5 gj\u00f8re endringer.<\/li>\n<\/ul>\n<\/li>\n\n\n\n<li class=\"\"><strong>Hvordan bruker jeg YouTube-utskrift?<\/strong>\n<ul class=\"wp-block-list\">\n<li class=\"\">F\u00f8lg med p\u00e5 videoen, s\u00f8k etter spesifikke termer, eller gjenbruk innholdet til andre form\u00e5l.<\/li>\n<\/ul>\n<\/li>\n<\/ol>\n\n\n\n<figure class=\"wp-block-image size-large is-resized\"><img data-recalc-dims=\"1\" data-dominant-color=\"888685\" data-has-transparency=\"false\" decoding=\"async\" width=\"1024\" height=\"490\"   loading=\"lazy\" src=\"https:\/\/i0.wp.com\/aiartfree.online\/wp-content\/uploads\/2024\/07\/WX20240730-201649%402x-1024x490.webp?resize=1024%2C490&#038;ssl=1\" alt=\"\" class=\"wp-image-3349 not-transparent\" style=\"--dominant-color: #888685; width:700px;height:auto\" srcset=\"https:\/\/i0.wp.com\/aiartfree.online\/wp-content\/uploads\/2024\/07\/WX20240730-201649%402x.jpg?resize=1024%2C490&amp;ssl=1 1024w, https:\/\/i0.wp.com\/aiartfree.online\/wp-content\/uploads\/2024\/07\/WX20240730-201649%402x.jpg?resize=300%2C144&amp;ssl=1 300w, https:\/\/i0.wp.com\/aiartfree.online\/wp-content\/uploads\/2024\/07\/WX20240730-201649%402x.jpg?resize=768%2C367&amp;ssl=1 768w, https:\/\/i0.wp.com\/aiartfree.online\/wp-content\/uploads\/2024\/07\/WX20240730-201649%402x.jpg?resize=1536%2C735&amp;ssl=1 1536w, https:\/\/i0.wp.com\/aiartfree.online\/wp-content\/uploads\/2024\/07\/WX20240730-201649%402x.jpg?resize=18%2C9&amp;ssl=1 18w, https:\/\/i0.wp.com\/aiartfree.online\/wp-content\/uploads\/2024\/07\/WX20240730-201649%402x.jpg?resize=600%2C287&amp;ssl=1 600w, https:\/\/i0.wp.com\/aiartfree.online\/wp-content\/uploads\/2024\/07\/WX20240730-201649%402x.jpg?w=1944&amp;ssl=1 1944w\" sizes=\"auto, (max-width: 1024px) 100vw, 1024px\" \/><\/figure>\n\n\n\n<h3 class=\"wp-block-heading\">Konklusjon<\/h3>\n\n\n\n<p class=\"\">YouTube-utskrifter er uvurderlige for \u00e5 forbedre tilgjengeligheten, SEO og gjenbruk av innhold. Ved \u00e5 bruke p\u00e5litelige verkt\u00f8y som <a href=\"https:\/\/aiartfree.online\/nb\/youtube-transkripsjon\/\">https:\/\/aiartfree.online\/youtube-transcript\/<\/a>kan du enkelt generere, redigere og laste ned transkripsjoner. Utnytt transkripsjonenes kraft til \u00e5 forbedre videoinnholdet ditt og n\u00e5 ut til et bredere publikum.<\/p>\n\n\n\n<p class=\"\"><\/p>","protected":false},"excerpt":{"rendered":"<p>How to use YouTube Transcript * Depending on your internet speed, loading the model may take a few seconds. \u2193 The Ultimate Guide For YouTube Transcript Table of Contents Introduction In the digital age, content accessibility is paramount. One of the most useful tools for enhancing accessibility and engagement is the YouTube transcript. This guide &#8230; <a title=\"YouTube-transkripsjon\" class=\"read-more\" href=\"https:\/\/aiartfree.online\/nb\/youtube-transkripsjon\/\" aria-label=\"Read more about YouTube Transcript\">Les mer<\/a><\/p>","protected":false},"author":1,"featured_media":3349,"parent":0,"menu_order":0,"comment_status":"open","ping_status":"closed","template":"","meta":{"nf_dc_page":"","footnotes":""},"class_list":["post-3319","page","type-page","status-publish","has-post-thumbnail"],"jetpack_sharing_enabled":true,"_links":{"self":[{"href":"https:\/\/aiartfree.online\/nb\/wp-json\/wp\/v2\/pages\/3319","targetHints":{"allow":["GET"]}}],"collection":[{"href":"https:\/\/aiartfree.online\/nb\/wp-json\/wp\/v2\/pages"}],"about":[{"href":"https:\/\/aiartfree.online\/nb\/wp-json\/wp\/v2\/types\/page"}],"author":[{"embeddable":true,"href":"https:\/\/aiartfree.online\/nb\/wp-json\/wp\/v2\/users\/1"}],"replies":[{"embeddable":true,"href":"https:\/\/aiartfree.online\/nb\/wp-json\/wp\/v2\/comments?post=3319"}],"version-history":[{"count":1,"href":"https:\/\/aiartfree.online\/nb\/wp-json\/wp\/v2\/pages\/3319\/revisions"}],"predecessor-version":[{"id":3604,"href":"https:\/\/aiartfree.online\/nb\/wp-json\/wp\/v2\/pages\/3319\/revisions\/3604"}],"wp:featuredmedia":[{"embeddable":true,"href":"https:\/\/aiartfree.online\/nb\/wp-json\/wp\/v2\/media\/3349"}],"wp:attachment":[{"href":"https:\/\/aiartfree.online\/nb\/wp-json\/wp\/v2\/media?parent=3319"}],"curies":[{"name":"wp","href":"https:\/\/api.w.org\/{rel}","templated":true}]}}