{"id":3292,"date":"2024-07-29T12:48:46","date_gmt":"2024-07-29T12:48:46","guid":{"rendered":"https:\/\/aiartfree.online\/?page_id=3292"},"modified":"2024-08-02T10:03:15","modified_gmt":"2024-08-02T10:03:15","slug":"vocal-remover","status":"publish","type":"page","link":"https:\/\/aiartfree.online\/nb\/stemmefjerner\/","title":{"rendered":"Vocal Remover"},"content":{"rendered":"<h2 class=\"wp-block-heading\" id=\"how-to-use-vocal-remover\">Hvordan bruke Vocal Remover<\/h2>\n\n\n\n<ol class=\"wp-block-list\">\n<li class=\"\">Velg prosessmetode<\/li>\n\n\n\n<li class=\"\">Velg VR-modell<\/li>\n\n\n\n<li class=\"\">Velg vindusst\u00f8rrelse<\/li>\n\n\n\n<li class=\"\">Last opp eller slipp lydfilen din<\/li>\n\n\n\n<li class=\"\">Klikk p\u00e5 \"Start behandling\"<\/li>\n\n\n\n<li class=\"\">Vent, det var det!<\/li>\n<\/ol>\n\n\n\n<p class=\"\"><em>* Avhengig av internetthastigheten din kan det ta noen sekunder \u00e5 laste inn modellen.<br>* Det vil skje en hurtigbufring under kontinuerlig generering, og det nye bildet vises etter ca. 3 sekunder.<\/em><\/p>\n\n\n\n<div class=\"iframe-wrapper\" style=\"position: relative; width: 100%; height: 1300px;\">\n  <div class=\"loading\" style=\"position: absolute; top: 50px; left: 50%; transform: translate(-50%, -50%); width: 40px; height: 40px; border: 3px solid #f0f0f0; border-top: 3px solid #db7093; border-radius: 50%; animation: spin 1s linear infinite;\"><\/div>\n  <iframe loading=\"lazy\" src=\"https:\/\/r3gm-ultimate-vocal-remover-webui.hf.space\" frameborder=\"0\" width=\"100%\" height=\"100%\" style=\"position: absolute; top: 0; left: 0; opacity: 0; transition: opacity 0.3s;\" onload=\"this.style.opacity=1;this.previousElementSibling.style.display='none';\"><\/iframe>\n<\/div>\n\n<style>\n@keyframes spin {\n  0% { transform: translate(-50%, -50%) rotate(0deg); }\n  100% { transform: translate(-50%, -50%) rotate(360deg); }\n}\n<\/style>\n\n\n\n<div style=\"height:50px\" aria-hidden=\"true\" class=\"wp-block-spacer\"><\/div>\n\n\n\n<h2 class=\"wp-block-heading\" id=\"vocal-remover-the-ultimate-guide-to-removing-vocals-from-songs\">Vocal Remover: Den ultimate guiden til \u00e5 fjerne vokal fra sanger<\/h2>\n\n\n\n<div class=\"wp-block-rank-math-toc-block\" id=\"rank-math-toc\"><h3>Innholdsfortegnelse<\/h3><nav><ul><li><a href=\"#introduction\">Innledning<\/a><\/li><li><a href=\"#what-is-a-vocal-remover\">Hva er en Vocal Remover?<\/a><\/li><li><a href=\"#why-use-a-vocal-remover\">Hvorfor bruke en Vocal Remover?<\/a><\/li><li><a href=\"#who-can-benefit-from-using-a-vocal-remover\">Hvem kan dra nytte av \u00e5 bruke en Vocal Remover?<\/a><\/li><li><a href=\"#top-10-vocal-remover-tools-pros-cons-advantages-challenges-and-recommendations\">Topp 10 verkt\u00f8y for fjerning av vokal: Fordeler, ulemper, fordeler, utfordringer og anbefalinger<\/a><\/li><li><a href=\"#faq-frequently-asked-questions-about-vocal-removers\">OFTE STILTE SP\u00d8RSM\u00c5L: Ofte stilte sp\u00f8rsm\u00e5l om stemmefjernere<\/a><\/li><li><a href=\"#conclusion\">Konklusjon<\/a><\/li><\/ul><\/nav><\/div>\n\n\n\n<h3 class=\"wp-block-heading\" id=\"introduction\">Innledning<\/h3>\n\n\n\n<p class=\"\">\u00c5 fjerne vokal fra sanger kan v\u00e6re en game-changer for musikere, produsenter og hobbyister. Enten du lager karaoke-spor, remikser sanger eller trekker ut vokal til undervisningsform\u00e5l, kan vokalfjernere gj\u00f8re prosessen enkel og effektiv. Denne artikkelen vil g\u00e5 gjennom alle detaljene rundt vokalfjernere, diskutere de beste tilgjengelige verkt\u00f8yene og gi deg en detaljert FAQ-seksjon for \u00e5 svare p\u00e5 vanlige sp\u00f8rsm\u00e5l.<\/p>\n\n\n\n<figure class=\"wp-block-image size-full is-resized\"><img data-recalc-dims=\"1\" data-dominant-color=\"58514d\" data-has-transparency=\"false\" decoding=\"async\" width=\"1024\" height=\"1024\"   loading=\"lazy\" src=\"https:\/\/i0.wp.com\/aiartfree.online\/wp-content\/uploads\/2024\/07\/image-31-2.webp?resize=1024%2C1024&#038;ssl=1\" alt=\"Oppdag de beste verkt\u00f8yene for \u00e5 fjerne vokal fra en sang. Utforsk gratis, ubegrenset, ingen p\u00e5meldingsalternativer og AI-drevet AI Vocal Remover.\" class=\"wp-image-3297 not-transparent\" style=\"--dominant-color: #58514d; width:536px;height:auto\" srcset=\"https:\/\/i0.wp.com\/aiartfree.online\/wp-content\/uploads\/2024\/07\/image-31-2.webp?w=1024&amp;ssl=1 1024w, https:\/\/i0.wp.com\/aiartfree.online\/wp-content\/uploads\/2024\/07\/image-31-2.webp?resize=300%2C300&amp;ssl=1 300w, https:\/\/i0.wp.com\/aiartfree.online\/wp-content\/uploads\/2024\/07\/image-31-2.webp?resize=150%2C150&amp;ssl=1 150w, https:\/\/i0.wp.com\/aiartfree.online\/wp-content\/uploads\/2024\/07\/image-31-2.webp?resize=768%2C768&amp;ssl=1 768w, https:\/\/i0.wp.com\/aiartfree.online\/wp-content\/uploads\/2024\/07\/image-31-2.webp?resize=12%2C12&amp;ssl=1 12w, https:\/\/i0.wp.com\/aiartfree.online\/wp-content\/uploads\/2024\/07\/image-31-2.webp?resize=600%2C600&amp;ssl=1 600w, https:\/\/i0.wp.com\/aiartfree.online\/wp-content\/uploads\/2024\/07\/image-31-2.webp?resize=100%2C100&amp;ssl=1 100w\" sizes=\"auto, (max-width: 1024px) 100vw, 1024px\" \/><\/figure>\n\n\n\n<h3 class=\"wp-block-heading\" id=\"what-is-a-vocal-remover\">Hva er en Vocal Remover?<\/h3>\n\n\n\n<p class=\"\">En vokalfjerner er en programvare eller et verkt\u00f8y som bruker lydbehandlingsalgoritmer til \u00e5 isolere og fjerne vokal fra et musikkspor. Denne prosessen involverer vanligvis fasekansellering og frekvensfiltreringsteknikker for \u00e5 skille mellom vokal- og instrumentalkomponenter i en sang.<\/p>\n\n\n\n<h3 class=\"wp-block-heading\" id=\"why-use-a-vocal-remover\">Hvorfor bruke en Vocal Remover?<\/h3>\n\n\n\n<p class=\"\">Det er flere fordeler med \u00e5 bruke en vokalfjerner:<\/p>\n\n\n\n<ul class=\"wp-block-list\">\n<li class=\"\"><strong>Kreativ frihet:<\/strong> Gj\u00f8r det mulig for musikere og produsenter \u00e5 lage instrumentalversjoner eller remikser av sanger.<\/li>\n\n\n\n<li class=\"\"><strong>Karaoke-spor:<\/strong> Gj\u00f8r det mulig \u00e5 lage karaokespor ved \u00e5 fjerne den opprinnelige vokalen.<\/li>\n\n\n\n<li class=\"\"><strong>L\u00e6ringsverkt\u00f8y:<\/strong> Hjelper musikkstudenter og vokalister med \u00e5 \u00f8ve ved \u00e5 synge sammen med instrumentalspor.<\/li>\n\n\n\n<li class=\"\"><strong>Opprettelse av innhold:<\/strong> Nyttig for innholdsprodusenter som trenger bakgrunnsmusikk uten vokal.<\/li>\n<\/ul>\n\n\n\n<h3 class=\"wp-block-heading\" id=\"who-can-benefit-from-using-a-vocal-remover\">Hvem kan dra nytte av \u00e5 bruke en Vocal Remover?<\/h3>\n\n\n\n<p class=\"\">Vokalfjerner er gunstig for ulike grupper, inkludert:<\/p>\n\n\n\n<ul class=\"wp-block-list\">\n<li class=\"\"><strong>Musikere og produsenter:<\/strong> For \u00e5 lage remikser og instrumentalmusikk.<\/li>\n\n\n\n<li class=\"\"><strong>Karaokeentusiaster:<\/strong> For \u00e5 lage karaoke-spor for sang.<\/li>\n\n\n\n<li class=\"\"><strong>Musikkstudenter og -l\u00e6rere:<\/strong> For utdanningsform\u00e5l.<\/li>\n\n\n\n<li class=\"\"><strong>Skapere av innhold:<\/strong> For \u00e5 bruke bakgrunnsmusikk i videoer eller presentasjoner.<\/li>\n\n\n\n<li class=\"\"><strong>DJ-er:<\/strong> For \u00e5 lage unike mikser og mashups.<\/li>\n<\/ul>\n\n\n\n<h3 class=\"wp-block-heading\" id=\"top-10-vocal-remover-tools-pros-cons-advantages-challenges-and-recommendations\">Topp 10 verkt\u00f8y for fjerning av vokal: Fordeler, ulemper, fordeler, utfordringer og anbefalinger<\/h3>\n\n\n\n<figure class=\"wp-block-table\"><table class=\"has-fixed-layout\"><thead><tr><th>Verkt\u00f8y\/nettsted<\/th><th>Fordeler<\/th><th>Ulemper<\/th><th>Fordeler<\/th><th>Utfordringer<\/th><th>Anbefalinger<\/th><\/tr><\/thead><tbody><tr><td><a href=\"https:\/\/aiartfree.online\/nb\/stemmefjerner\/\">AI Art Free Vocal Remover<\/a><\/td><td>Gratis, ubegrenset, ingen registrering, h\u00f8y lydkvalitet<\/td><td>Begrensede tilpasningsmuligheter<\/td><td>Enkel \u00e5 bruke, AI-drevet<\/td><td>Kan ikke h\u00e5ndtere alle lydformater<\/td><td>Perfekt for rask fjerning av vokal av h\u00f8y kvalitet<\/td><\/tr><tr><td>Noteburner AI Vocal Remover<\/td><td>Stemmeekstraksjon av h\u00f8y kvalitet, brukervennlig grensesnitt<\/td><td>Krever kj\u00f8p etter pr\u00f8veperioden<\/td><td>Avanserte AI-algoritmer, god kundest\u00f8tte<\/td><td>H\u00f8yere kostnad sammenlignet med andre verkt\u00f8y<\/td><td>Ideell for profesjonelle som \u00f8nsker presis fjerning av vokal<\/td><\/tr><tr><td>PhonicMind<\/td><td>St\u00f8tter ulike formater, muligheter for batchbehandling<\/td><td>Betalt tjeneste<\/td><td>N\u00f8yaktig separasjon av vokal og instrumental<\/td><td>Krever sterk internettforbindelse<\/td><td>Best for batchbehandling og h\u00f8y n\u00f8yaktighet<\/td><\/tr><tr><td>Lalal.ai<\/td><td>Enkle trinn, ingen programvareinstallasjon n\u00f8dvendig<\/td><td>Begrenset gratis bruk<\/td><td>Rask behandling, st\u00f8tte for b\u00e5de lyd- og videofiler<\/td><td>Begrenset til korte spor i gratisversjonen<\/td><td>Passer for brukere som trenger rask og enkel fjerning av vokal<\/td><\/tr><tr><td>Lydh\u00f8rhet<\/td><td>Gratis og \u00e5pen kildekode, omfattende lydredigeringsfunksjoner<\/td><td>Brattere l\u00e6ringskurve, manuell prosess<\/td><td>Kan tilpasses, st\u00f8tter flere formater<\/td><td>Krever noe teknisk kunnskap<\/td><td>Perfekt for brukere som trenger avanserte lydredigeringsfunksjoner<\/td><\/tr><tr><td>Spleeter<\/td><td>\u00c5pen kildekode, Python-basert, sv\u00e6rt tilpasningsdyktig<\/td><td>Krever teknisk ekspertise, kommandolinjeverkt\u00f8y<\/td><td>Kraftige AI-algoritmer, gratis<\/td><td>Installasjon og oppsett kan v\u00e6re komplisert<\/td><td>Best for teknisk kyndige brukere og utviklere<\/td><\/tr><tr><td>VocalRemover.org<\/td><td>Gratis nettbasert verkt\u00f8y, brukervennlig grensesnitt<\/td><td>Begrenset til nettbruk, annonser kan v\u00e6re p\u00e5trengende<\/td><td>Rask og enkel \u00e5 bruke, ingen nedlasting av programvare n\u00f8dvendig<\/td><td>Lydkvaliteten kan variere avhengig av sporet<\/td><td>Perfekt for tilfeldige brukere og raske oppgaver<\/td><\/tr><tr><td><a href=\"http:\/\/X-Minus.pro\" target=\"_blank\" data-type=\"link\" data-id=\"X-Minus.pro\" rel=\"noreferrer noopener\">X-Minus.pro<\/a><\/td><td>H\u00f8y kvalitet, st\u00f8tte for flere spr\u00e5k<\/td><td>Abonnementsbasert<\/td><td>H\u00f8y n\u00f8yaktighet, batchbehandling<\/td><td>Krever abonnement for alle funksjoner<\/td><td>Ideell for hyppige brukere som trenger jevn kvalitet<\/td><\/tr><tr><td>Karaoke Hva som helst<\/td><td>Gratis programvare, enkelt grensesnitt<\/td><td>Begrensede funksjoner, kun Windows<\/td><td>Enkel \u00e5 bruke, effektiv for grunnleggende fjerning av vokal<\/td><td>Kun tilgjengelig p\u00e5 Windows<\/td><td>Bra for nybegynnere<\/td><\/tr><tr><td>WavePad Audio Editor<\/td><td>Omfattende lydredigeringspakke med st\u00f8tte for flere formater<\/td><td>Betalt programvare<\/td><td>Allsidig, inkluderer mange lydeffekter<\/td><td>Kan v\u00e6re overveldende for nye brukere<\/td><td>Utmerket for brukere som trenger en lydredigeringspakke med alle funksjoner<\/td><\/tr><\/tbody><\/table><\/figure>\n\n\n\n<h3 class=\"wp-block-heading\" id=\"faq-frequently-asked-questions-about-vocal-removers\">OFTE STILTE SP\u00d8RSM\u00c5L: Ofte stilte sp\u00f8rsm\u00e5l om stemmefjernere<\/h3>\n\n\n\n<ol class=\"wp-block-list\">\n<li class=\"\"><strong>Hvordan fjerner jeg vokal fra en sang?<\/strong>\n<ul class=\"wp-block-list\">\n<li class=\"\">Du kan bruke vokalfjernerverkt\u00f8y som AI Art Free Vocal Remover eller Audacity til \u00e5 isolere og fjerne vokal fra et spor.<\/li>\n<\/ul>\n<\/li>\n\n\n\n<li class=\"\"><strong>Hvordan fjerner du vokal fra en sang?<\/strong>\n<ul class=\"wp-block-list\">\n<li class=\"\">De fleste verkt\u00f8yene bruker fasekansellering og frekvensfiltreringsteknikker for \u00e5 fjerne vokal. Bare last opp sporet ditt og f\u00f8lg verkt\u00f8yets instruksjoner.<\/li>\n<\/ul>\n<\/li>\n\n\n\n<li class=\"\"><strong>Hvordan kan jeg fjerne vokal fra en sang?<\/strong>\n<ul class=\"wp-block-list\">\n<li class=\"\">Velg et verkt\u00f8y for fjerning av vokal, last opp lydfilen din, og la verkt\u00f8yet behandle filen for \u00e5 fjerne vokalen.<\/li>\n<\/ul>\n<\/li>\n\n\n\n<li class=\"\"><strong>Hvordan fjerner jeg vokal fra et spor?<\/strong>\n<ul class=\"wp-block-list\">\n<li class=\"\">Bruk programvare som Noteburner AI Vocal Remover eller nettbaserte verkt\u00f8y som Lalal.ai til \u00e5 behandle og fjerne vokal fra sporet ditt.<\/li>\n<\/ul>\n<\/li>\n\n\n\n<li class=\"\"><strong>Hvordan fjerne vokal fra musikk?<\/strong>\n<ul class=\"wp-block-list\">\n<li class=\"\">Verkt\u00f8y som PhonicMind og VocalRemover.org tilbyr enkle m\u00e5ter \u00e5 fjerne vokal fra musikkspor p\u00e5 nettet.<\/li>\n<\/ul>\n<\/li>\n\n\n\n<li class=\"\"><strong>Er det mulig \u00e5 fjerne vokalen helt fra en sang?<\/strong>\n<ul class=\"wp-block-list\">\n<li class=\"\">Selv om det er utfordrende \u00e5 fjerne vokal helt uten at det g\u00e5r ut over lydkvaliteten, kan avanserte verkt\u00f8y oppn\u00e5 h\u00f8y n\u00f8yaktighet.<\/li>\n<\/ul>\n<\/li>\n\n\n\n<li class=\"\"><strong>Hva er den beste vokalfjerneren?<\/strong>\n<ul class=\"wp-block-list\">\n<li class=\"\">Den beste vokalfjerneren avhenger av dine behov. AI Art Free Vocal Remover er perfekt for rask bruk, mens Noteburner AI Vocal Remover er utmerket for profesjonelle.<\/li>\n<\/ul>\n<\/li>\n\n\n\n<li class=\"\"><strong>Kan vokalfjernere skille vokal fra bakgrunnsmusikk p\u00e5 en n\u00f8yaktig m\u00e5te?<\/strong>\n<ul class=\"wp-block-list\">\n<li class=\"\">Ja, mange vokalfjernere, spesielt de som bruker AI-algoritmer, kan skille vokal fra bakgrunnsmusikk med stor n\u00f8yaktighet.<\/li>\n<\/ul>\n<\/li>\n\n\n\n<li class=\"\"><strong>Finnes det noen gratis verkt\u00f8y for fjerning av vokal?<\/strong>\n<ul class=\"wp-block-list\">\n<li class=\"\">Ja, verkt\u00f8y som VocalRemover.org og Audacity tilbyr gratis alternativer for \u00e5 fjerne vokal fra sanger.<\/li>\n<\/ul>\n<\/li>\n\n\n\n<li class=\"\"><strong>Fungerer vokalfjernere p\u00e5 alle lydfiler?<\/strong>\n<ul class=\"wp-block-list\">\n<li class=\"\">De fleste vokalfjernere st\u00f8tter vanlige lydformater, men effektiviteten kan variere avhengig av kvaliteten og kompleksiteten p\u00e5 sporet.<\/li>\n<\/ul>\n<\/li>\n<\/ol>\n\n\n\n<h3 class=\"wp-block-heading\" id=\"conclusion\">Konklusjon<\/h3>\n\n\n\n<p class=\"\">Vocal removers er uvurderlige verkt\u00f8y for musikere, produsenter og innholdsskapere. Med det rette verkt\u00f8yet kan du enkelt lage instrumentalversjoner, remikser og karaoke-spor. Denne guiden gir deg en oversikt over de beste vokalfjernerverkt\u00f8yene p\u00e5 markedet, sammen med fordeler, ulemper og anbefalinger, slik at du kan ta et informert valg.<\/p>","protected":false},"excerpt":{"rendered":"<p>How to use Vocal Remover *&nbsp;Depending on your internet speed, loading the model may take a few seconds.* There will be caching during continuous generation, and the new image will appear after about 3 seconds. Vocal Remover: The Ultimate Guide to Removing Vocals from Songs Introduction Removing vocals from songs can be a game-changer for &#8230; <a title=\"Vocal Remover\" class=\"read-more\" href=\"https:\/\/aiartfree.online\/nb\/stemmefjerner\/\" aria-label=\"Read more about Vocal Remover\">Les mer<\/a><\/p>","protected":false},"author":1,"featured_media":3297,"parent":0,"menu_order":0,"comment_status":"closed","ping_status":"closed","template":"","meta":{"nf_dc_page":"","footnotes":""},"class_list":["post-3292","page","type-page","status-publish","has-post-thumbnail"],"jetpack_sharing_enabled":true,"_links":{"self":[{"href":"https:\/\/aiartfree.online\/nb\/wp-json\/wp\/v2\/pages\/3292","targetHints":{"allow":["GET"]}}],"collection":[{"href":"https:\/\/aiartfree.online\/nb\/wp-json\/wp\/v2\/pages"}],"about":[{"href":"https:\/\/aiartfree.online\/nb\/wp-json\/wp\/v2\/types\/page"}],"author":[{"embeddable":true,"href":"https:\/\/aiartfree.online\/nb\/wp-json\/wp\/v2\/users\/1"}],"replies":[{"embeddable":true,"href":"https:\/\/aiartfree.online\/nb\/wp-json\/wp\/v2\/comments?post=3292"}],"version-history":[{"count":0,"href":"https:\/\/aiartfree.online\/nb\/wp-json\/wp\/v2\/pages\/3292\/revisions"}],"wp:featuredmedia":[{"embeddable":true,"href":"https:\/\/aiartfree.online\/nb\/wp-json\/wp\/v2\/media\/3297"}],"wp:attachment":[{"href":"https:\/\/aiartfree.online\/nb\/wp-json\/wp\/v2\/media?parent=3292"}],"curies":[{"name":"wp","href":"https:\/\/api.w.org\/{rel}","templated":true}]}}