{"id":3281,"date":"2024-07-28T12:00:16","date_gmt":"2024-07-28T12:00:16","guid":{"rendered":"https:\/\/aiartfree.online\/?page_id=3281"},"modified":"2024-08-02T11:09:05","modified_gmt":"2024-08-02T11:09:05","slug":"watermark-remover","status":"publish","type":"page","link":"https:\/\/aiartfree.online\/nb\/vannmerkefjerner\/","title":{"rendered":"Vannmerkefjerner"},"content":{"rendered":"<h2 class=\"wp-block-heading has-text-align-center\" id=\"before-vs-after\">F\u00f8r vs. etter<\/h2>\n\n\n\n<figure class=\"gb-block-image gb-block-image-1822da1f\"><img data-recalc-dims=\"1\" decoding=\"async\" loading=\"lazy\" width=\"1024\" height=\"518\" class=\"gb-image gb-image-1822da1f\" src=\"https:\/\/i0.wp.com\/aiartfree.online\/wp-content\/uploads\/2024\/07\/WX20240729-171649%402x-1024x518.webp?resize=1024%2C518&#038;ssl=1\" alt=\"En vannmerkefjerner bruker AI til \u00e5 slette logoer, tekst eller grafikk som er lagt p\u00e5 bilder eller videoer, og gjenoppretter det opprinnelige mediet ved \u00e5 fjerne eiermerker.\" title=\"WX20240729-171649@2x\" srcset=\"https:\/\/i0.wp.com\/aiartfree.online\/wp-content\/uploads\/2024\/07\/WX20240729-171649%402x-scaled.webp?resize=1024%2C518&amp;ssl=1 1024w, https:\/\/i0.wp.com\/aiartfree.online\/wp-content\/uploads\/2024\/07\/WX20240729-171649%402x-scaled.webp?resize=300%2C152&amp;ssl=1 300w, https:\/\/i0.wp.com\/aiartfree.online\/wp-content\/uploads\/2024\/07\/WX20240729-171649%402x-scaled.webp?resize=768%2C388&amp;ssl=1 768w, https:\/\/i0.wp.com\/aiartfree.online\/wp-content\/uploads\/2024\/07\/WX20240729-171649%402x-scaled.webp?resize=1536%2C777&amp;ssl=1 1536w, https:\/\/i0.wp.com\/aiartfree.online\/wp-content\/uploads\/2024\/07\/WX20240729-171649%402x-scaled.webp?resize=2048%2C1036&amp;ssl=1 2048w, https:\/\/i0.wp.com\/aiartfree.online\/wp-content\/uploads\/2024\/07\/WX20240729-171649%402x-scaled.webp?resize=18%2C9&amp;ssl=1 18w, https:\/\/i0.wp.com\/aiartfree.online\/wp-content\/uploads\/2024\/07\/WX20240729-171649%402x-scaled.webp?resize=600%2C303&amp;ssl=1 600w, https:\/\/i0.wp.com\/aiartfree.online\/wp-content\/uploads\/2024\/07\/WX20240729-171649%402x-scaled.webp?w=2400&amp;ssl=1 2400w\" sizes=\"auto, (max-width: 1024px) 100vw, 1024px\" \/><\/figure>\n\n\n\n<h2 class=\"wp-block-heading\" id=\"how-to-use-watermark-remover\">Slik bruker du Watermark Remover<\/h2>\n\n\n\n<ol class=\"wp-block-list\">\n<li class=\"\">Slipp eller last opp bildet ditt<\/li>\n\n\n\n<li class=\"\"><strong>Tegn (pensel) den delen av bildet som du vil fjerne<\/strong><\/li>\n\n\n\n<li class=\"\">Klikk p\u00e5 \"Send\"<\/li>\n\n\n\n<li class=\"\">Vent, det var det!<\/li>\n<\/ol>\n\n\n\n<p class=\"\"><em>* Avhengig av internetthastigheten din kan det ta noen sekunder \u00e5 laste inn modellen.<br>* Det vil skje en hurtigbufring under kontinuerlig generering, og det nye bildet vises etter ca. 3 sekunder.<\/em><\/p>\n\n\n\n<div style=\"text-align: center; border: 2px solid; border-image-source: linear-gradient(to right, #16b86c, #912899); border-image-slice: 1; box-shadow: 0 0 10px rgba(0, 0, 0, 0.1); border-radius: 15px; position: relative;\">\n  <div id=\"loading\" style=\"position: absolute; top: 100px; left: 50%; transform: translate(-50%, -50%); z-index: 1000;\">\n    <div style=\"width: 50px; height: 50px; border: 5px solid #f3f3f3; border-top: 5px solid #16b86c; border-radius: 50%; animation: spin 1s linear infinite;\"><\/div>\n  <\/div>\n  <iframe loading=\"lazy\"\n    src=\"https:\/\/rooc-remove-photo-object.hf.space\"\n    frameborder=\"0\"\n    width=\"100%\"\n    height=\"2500\"\n    style=\"display: inline-block; margin: 0 auto;\"\n    onload=\"document.getElementById('loading').style.display='none';\"\n  ><\/iframe>\n<\/div>\n\n<style>\n  @keyframes spin {\n    0% { transform: rotate(0deg); }\n    100% { transform: rotate(360deg); }\n  }\n<\/style>\n\n\n\n<div style=\"height:50px\" aria-hidden=\"true\" class=\"wp-block-spacer\"><\/div>\n\n\n\n<h2 class=\"wp-block-heading\" id=\"introduction-of-watermark-remover\">Introduksjon av Watermark Remover<\/h2>\n\n\n\n<div class=\"wp-block-rank-math-toc-block\" id=\"rank-math-toc\"><h3>Innholdsfortegnelse<\/h3><nav><ul><li><a href=\"#what-is-a-watermark-remover\">Hva er en vannmerkefjerner?<\/a><\/li><li><a href=\"#why-use-a-watermark-remover\">Hvorfor bruke en vannmerkefjerner?<\/a><\/li><li><a href=\"#who-can-benefit-from-using-a-watermark-remover\">Hvem kan dra nytte av \u00e5 bruke en vannmerkefjerner?<\/a><\/li><li><a href=\"#top-10-watermark-remover-tools-features-pros-cons-advantages-challenges-and-suggestions\">Topp 10 verkt\u00f8y for fjerning av vannmerke: Funksjoner, fordeler, ulemper, fordeler, utfordringer og forslag<\/a><\/li><li><a href=\"#frequently-asked-questions-faq\">Ofte stilte sp\u00f8rsm\u00e5l (FAQ)<\/a><\/li><\/ul><\/nav><\/div>\n\n\n\n<h3 class=\"wp-block-heading\" id=\"what-is-a-watermark-remover\">Hva er en vannmerkefjerner?<\/h3>\n\n\n\n<p class=\"\">En vannmerkefjerner er et verkt\u00f8y eller en programvare som er utviklet for \u00e5 fjerne vannmerker fra bilder eller videoer. Vannmerker er vanligvis logoer, tekst eller annen grafikk som legges p\u00e5 bilder eller videoer for \u00e5 indikere eierskap eller opphavsrett. En vannmerkefjerner bruker avanserte algoritmer, ofte drevet av kunstig intelligens, til \u00e5 identifisere og slette disse vannmerkene, slik at det opprinnelige bildet eller videoen forblir intakt.<\/p>\n\n\n\n<h3 class=\"wp-block-heading\" id=\"why-use-a-watermark-remover\">Hvorfor bruke en vannmerkefjerner?<\/h3>\n\n\n\n<p class=\"\">Det kan v\u00e6re avgj\u00f8rende \u00e5 bruke en vannmerkefjerner av flere grunner:<\/p>\n\n\n\n<ul class=\"wp-block-list\">\n<li class=\"\"><strong>Restaurering<\/strong>: Hjelper med \u00e5 gjenopprette originale medier uten hindringer.<\/li>\n\n\n\n<li class=\"\"><strong>Profesjonell bruk<\/strong>: Uunnv\u00e6rlig for fotografer, videografer og designere som trenger rene bilder og videoer til arbeidet sitt.<\/li>\n\n\n\n<li class=\"\"><strong>Redigering av innhold<\/strong>: Gj\u00f8r det mulig \u00e5 redigere og gjenbruke medier uten \u00e5 bli forstyrret av vannmerker.<\/li>\n\n\n\n<li class=\"\"><strong>Lovlig bruk<\/strong>: Det er viktig \u00e5 fjerne vannmerker fra medier du har rettigheter til, men som ble vannmerket p\u00e5 grunn av tidligere bruk eller distribusjon.<\/li>\n<\/ul>\n\n\n\n<h3 class=\"wp-block-heading\" id=\"who-can-benefit-from-using-a-watermark-remover\">Hvem kan dra nytte av \u00e5 bruke en vannmerkefjerner?<\/h3>\n\n\n\n<p class=\"\">En rekke personer og bransjer kan dra nytte av \u00e5 bruke en vannmerkefjerner, blant annet:<\/p>\n\n\n\n<ul class=\"wp-block-list\">\n<li class=\"\"><strong>Fotografer<\/strong>: \u00c5 rense bildene sine for portef\u00f8ljepresentasjon.<\/li>\n\n\n\n<li class=\"\"><strong>Skapere av innhold<\/strong>: For \u00e5 skape vannmerkefritt innhold for sosiale medier og nettsteder.<\/li>\n\n\n\n<li class=\"\"><strong>Profesjonelle markedsf\u00f8rere<\/strong>: For \u00e5 sikre at reklamemateriellet er rent og ser profesjonelt ut.<\/li>\n\n\n\n<li class=\"\"><strong>L\u00e6rere<\/strong>: For bruk av bilder og videoer i presentasjoner og undervisningsmateriell uten forstyrrelser.<\/li>\n\n\n\n<li class=\"\"><strong>Virksomheter<\/strong>: Opprettholde et profesjonelt image i markedsf\u00f8rings- og merkevarebyggingsmaterialer.<\/li>\n<\/ul>\n\n\n\n<h3 class=\"wp-block-heading\" id=\"top-10-watermark-remover-tools-features-pros-cons-advantages-challenges-and-suggestions\">Topp 10 verkt\u00f8y for fjerning av vannmerke: Funksjoner, fordeler, ulemper, fordeler, utfordringer og forslag<\/h3>\n\n\n\n<figure class=\"wp-block-table\"><table class=\"has-fixed-layout\"><thead><tr><th>Navn p\u00e5 verkt\u00f8yet<\/th><th>URL<\/th><th>Funksjoner<\/th><th>Fordeler<\/th><th>Ulemper<\/th><th>Fordeler<\/th><th>Utfordringer<\/th><th>Forslag<\/th><\/tr><\/thead><tbody><tr><td>AI Art Free Watermark Remover<\/td><td><a href=\"https:\/\/aiartfree.online\/nb\/vannmerkefjerner\/\">AI Art Free<\/a><\/td><td>Gratis, ubegrenset, ingen registrering, AI-drevet, brukervennlig<\/td><td>Enkel \u00e5 bruke, gratis, ingen registrering kreves, h\u00f8y kvalitet p\u00e5 utdataene<\/td><td>Begrensede avanserte funksjoner<\/td><td>Utmerket for rask og enkel fjerning<\/td><td>Fungerer kanskje ikke s\u00e5 bra p\u00e5 komplekse bakgrunner<\/td><td>Ideell for tilfeldige brukere som trenger rask fjerning av vannmerker<\/td><\/tr><tr><td>Fjern.bg<\/td><td>Fjern.bg<\/td><td>AI-drevet, st\u00f8tter bilder<\/td><td>H\u00f8y n\u00f8yaktighet, brukervennlig<\/td><td>Begrenset til bilder, ikke gratis<\/td><td>Flott for fotografer<\/td><td>Abonnement kreves for premiumfunksjoner<\/td><td>Perfekt for brukere som fokuserer p\u00e5 bilder<\/td><\/tr><tr><td>Inpaint<\/td><td>Inpaint<\/td><td>Manuelt valg, st\u00f8tter ulike formater<\/td><td>H\u00f8y kontroll, allsidig<\/td><td>Manuell prosess kan v\u00e6re tidkrevende<\/td><td>Ideell for detaljert arbeid<\/td><td>Bratt l\u00e6ringskurve<\/td><td>Anbefales for avanserte brukere<\/td><\/tr><tr><td>Apowersoft Watermark Remover<\/td><td>Apowersoft<\/td><td>Batchbehandling, st\u00f8tte for bilder og videoer<\/td><td>Effektiv og allsidig<\/td><td>Abonnement kreves for alle funksjoner<\/td><td>Bra for st\u00f8rre oppgaver<\/td><td>Kan v\u00e6re kostbart<\/td><td>Best for hyppige brukere med store behov<\/td><\/tr><tr><td>HitPaw Watermark Remover<\/td><td>HitPaw<\/td><td>St\u00f8tter bilder og videoer, AI-drevet<\/td><td>H\u00f8y kvalitet, allsidig<\/td><td>Abonnement kreves for alle funksjoner<\/td><td>Egnet for b\u00e5de bilder og videoer<\/td><td>Kan v\u00e6re dyrt<\/td><td>Flott for profesjonelle<\/td><\/tr><tr><td>SoftOrbits Photo Stamp Remover<\/td><td>SoftOrbits<\/td><td>AI-drevet, st\u00f8tter batchbehandling<\/td><td>Effektiv, n\u00f8yaktig<\/td><td>Abonnement kreves for premiumfunksjoner<\/td><td>Ideell for st\u00f8rre oppgaver<\/td><td>Kostbart for sporadiske brukere<\/td><td>Anbefales for hyppige brukere<\/td><\/tr><tr><td>Wondershare Fotophire<\/td><td>Fotofire<\/td><td>St\u00f8tter ulike formater, enkel \u00e5 bruke<\/td><td>Allsidig og brukervennlig<\/td><td>Abonnement kreves for alle funksjoner<\/td><td>Flott for nybegynnere<\/td><td>Dyrt<\/td><td>Ideell for nye brukere<\/td><\/tr><tr><td>GIMP<\/td><td>GIMP<\/td><td>Gratis, \u00e5pen kildekode, manuell redigering<\/td><td>Sv\u00e6rt tilpasningsdyktig, gratis<\/td><td>Bratt l\u00e6ringskurve<\/td><td>Ideell for detaljert redigering<\/td><td>Komplekst grensesnitt<\/td><td>Best for avanserte brukere<\/td><\/tr><tr><td>PhotoWorks<\/td><td>PhotoWorks<\/td><td>AI-drevet, st\u00f8tter ulike formater<\/td><td>N\u00f8yaktig, enkel \u00e5 bruke<\/td><td>Abonnement kreves for alle funksjoner<\/td><td>Perfekt for b\u00e5de fritidsbruk og profesjonell bruk<\/td><td>Kan v\u00e6re kostbart<\/td><td>Perfekt for alle brukerniv\u00e5er<\/td><\/tr><tr><td>Pixlr<\/td><td><a href=\"https:\/\/bingimagecreator.online\/\" target=\"_blank\" data-type=\"link\" data-id=\"https:\/\/bingimagecreator.online\/\" rel=\"noreferrer noopener\">Pixlr<\/a><\/td><td>Gratis, Nettbasert verkt\u00f8y, Manuell redigering<\/td><td>Tilgjengelig, Gratis<\/td><td>Begrensede avanserte funksjoner<\/td><td>Bra for raske redigeringer<\/td><td>Begrensede funksjonaliteter<\/td><td>Best for raske og enkle oppgaver<\/td><\/tr><\/tbody><\/table><\/figure>\n\n\n\n<h3 class=\"wp-block-heading\" id=\"frequently-asked-questions-faq\">Ofte stilte sp\u00f8rsm\u00e5l (FAQ)<\/h3>\n\n\n\n<ol class=\"wp-block-list\">\n<li class=\"\"><strong>Hvordan fjerne vannmerke fra bilde?<\/strong>\n<ul class=\"wp-block-list\">\n<li class=\"\">Hvis du vil fjerne et vannmerke fra et bilde, kan du bruke nettverkt\u00f8y som AI Art Free Watermark Remover. Bare last opp bildet, velg vannmerkeomr\u00e5det, s\u00e5 fjerner verkt\u00f8yet det automatisk for deg.<\/li>\n<\/ul>\n<\/li>\n\n\n\n<li class=\"\"><strong>Hvordan fjerne vannmerke fra video?<\/strong>\n<ul class=\"wp-block-list\">\n<li class=\"\">Bruk verkt\u00f8y som Apowersoft Watermark Remover som st\u00f8tter videoformater. Last opp videoen, velg vannmerkeomr\u00e5det, og verkt\u00f8yet vil behandle videoen for \u00e5 fjerne vannmerket.<\/li>\n<\/ul>\n<\/li>\n\n\n\n<li class=\"\"><strong>Finnes det en gratis vannmerkefjerner?<\/strong>\n<ul class=\"wp-block-list\">\n<li class=\"\">Ja, AI Art Free Watermark Remover er et gratis verkt\u00f8y som tillater ubegrenset bruk uten registrering.<\/li>\n<\/ul>\n<\/li>\n\n\n\n<li class=\"\"><strong>Kan AI fjerne vannmerker?<\/strong>\n<ul class=\"wp-block-list\">\n<li class=\"\">Ja, AI-drevne verkt\u00f8y som AI Art Free Watermark Remover og Remove.bg kan effektivt fjerne vannmerker fra bilder ved hjelp av avanserte algoritmer.<\/li>\n<\/ul>\n<\/li>\n\n\n\n<li class=\"\"><strong>Hva er den beste vannmerkefjerneren for bilder?<\/strong>\n<ul class=\"wp-block-list\">\n<li class=\"\">AI Art Free Watermark Remover og Remove.bg er blant de beste verkt\u00f8yene for \u00e5 fjerne vannmerker fra bilder p\u00e5 grunn av deres h\u00f8ye n\u00f8yaktighet og brukervennlighet.<\/li>\n<\/ul>\n<\/li>\n\n\n\n<li class=\"\"><strong>Hva er den beste vannmerkefjerneren for videoer?<\/strong>\n<ul class=\"wp-block-list\">\n<li class=\"\">Apowersoft Watermark Remover og HitPaw Watermark Remover er utmerkede valg for \u00e5 fjerne vannmerker fra videoer.<\/li>\n<\/ul>\n<\/li>\n\n\n\n<li class=\"\"><strong>Finnes det noen vannmerkefjernere for ubegrenset bruk?<\/strong>\n<ul class=\"wp-block-list\">\n<li class=\"\">Ja, AI Art Free Watermark Remover tilbyr ubegrenset bruk uten registrering eller abonnement.<\/li>\n<\/ul>\n<\/li>\n\n\n\n<li class=\"\"><strong>Hvordan fjerne u\u00f8nskede objekter fra bilder?<\/strong>\n<ul class=\"wp-block-list\">\n<li class=\"\">Verkt\u00f8y som Inpaint gj\u00f8r det mulig \u00e5 velge og fjerne u\u00f8nskede objekter fra bilder manuelt, noe som gir presis kontroll over redigeringsprosessen.<\/li>\n<\/ul>\n<\/li>\n\n\n\n<li class=\"\"><strong>Finnes det brukervennlige vannmerkefjernere?<\/strong>\n<ul class=\"wp-block-list\">\n<li class=\"\">Ja, verkt\u00f8y som AI Art Free Watermark Remover og Wondershare Fotophire er kjent for sine brukervennlige grensesnitt.<\/li>\n<\/ul>\n<\/li>\n\n\n\n<li class=\"\"><strong>Kan vannmerkefjernere opprettholde original kvalitet?<\/strong>\n<ul class=\"wp-block-list\">\n<li class=\"\">H\u00f8ykvalitetsverkt\u00f8y som AI Art Free Watermark Remover og HitPaw Watermark Remover er designet for \u00e5 opprettholde den opprinnelige kvaliteten p\u00e5 bilder og videoer etter fjerning av vannmerker.<\/li>\n<\/ul>\n<\/li>\n<\/ol>","protected":false},"excerpt":{"rendered":"<p>Before vs After How to use Watermark Remover *&nbsp;Depending on your internet speed, loading the model may take a few seconds.* There will be caching during continuous generation, and the new image will appear after about 3 seconds. Introduction of Watermark Remover What is a Watermark Remover? A watermark remover is a tool or software &#8230; <a title=\"Vannmerkefjerner\" class=\"read-more\" href=\"https:\/\/aiartfree.online\/nb\/vannmerkefjerner\/\" aria-label=\"Read more about Watermark Remover\">Les mer<\/a><\/p>","protected":false},"author":1,"featured_media":3304,"parent":0,"menu_order":0,"comment_status":"open","ping_status":"closed","template":"","meta":{"nf_dc_page":"","footnotes":""},"class_list":["post-3281","page","type-page","status-publish","has-post-thumbnail"],"jetpack_sharing_enabled":true,"_links":{"self":[{"href":"https:\/\/aiartfree.online\/nb\/wp-json\/wp\/v2\/pages\/3281","targetHints":{"allow":["GET"]}}],"collection":[{"href":"https:\/\/aiartfree.online\/nb\/wp-json\/wp\/v2\/pages"}],"about":[{"href":"https:\/\/aiartfree.online\/nb\/wp-json\/wp\/v2\/types\/page"}],"author":[{"embeddable":true,"href":"https:\/\/aiartfree.online\/nb\/wp-json\/wp\/v2\/users\/1"}],"replies":[{"embeddable":true,"href":"https:\/\/aiartfree.online\/nb\/wp-json\/wp\/v2\/comments?post=3281"}],"version-history":[{"count":0,"href":"https:\/\/aiartfree.online\/nb\/wp-json\/wp\/v2\/pages\/3281\/revisions"}],"wp:featuredmedia":[{"embeddable":true,"href":"https:\/\/aiartfree.online\/nb\/wp-json\/wp\/v2\/media\/3304"}],"wp:attachment":[{"href":"https:\/\/aiartfree.online\/nb\/wp-json\/wp\/v2\/media?parent=3281"}],"curies":[{"name":"wp","href":"https:\/\/api.w.org\/{rel}","templated":true}]}}