{"id":3270,"date":"2024-07-28T10:35:14","date_gmt":"2024-07-28T10:35:14","guid":{"rendered":"https:\/\/aiartfree.online\/?page_id=3270"},"modified":"2024-07-31T13:03:11","modified_gmt":"2024-07-31T13:03:11","slug":"ai-photo-generator","status":"publish","type":"page","link":"https:\/\/aiartfree.online\/nb\/ai-fotogenerator\/","title":{"rendered":"AI Photo Generator"},"content":{"rendered":"<h2 class=\"wp-block-heading has-text-align-center\">Hva brukerne v\u00e5re skapte<\/h2>\n\n\n\n<figure class=\"gb-block-image gb-block-image-1822da1f\"><img data-recalc-dims=\"1\" decoding=\"async\" loading=\"lazy\" width=\"1200\" height=\"823\" class=\"gb-image gb-image-1822da1f\" src=\"https:\/\/i0.wp.com\/aiartfree.online\/wp-content\/uploads\/2024\/07\/WX20240731-165815%402x.jpg?resize=1200%2C823&#038;ssl=1\" alt=\"AI Photo Generator\" title=\"WX20240731-165815@2x\" srcset=\"https:\/\/i0.wp.com\/aiartfree.online\/wp-content\/uploads\/2024\/07\/WX20240731-165815%402x.jpg?w=1630&amp;ssl=1 1630w, https:\/\/i0.wp.com\/aiartfree.online\/wp-content\/uploads\/2024\/07\/WX20240731-165815%402x.jpg?resize=300%2C206&amp;ssl=1 300w, https:\/\/i0.wp.com\/aiartfree.online\/wp-content\/uploads\/2024\/07\/WX20240731-165815%402x.jpg?resize=1024%2C702&amp;ssl=1 1024w, https:\/\/i0.wp.com\/aiartfree.online\/wp-content\/uploads\/2024\/07\/WX20240731-165815%402x.jpg?resize=768%2C527&amp;ssl=1 768w, https:\/\/i0.wp.com\/aiartfree.online\/wp-content\/uploads\/2024\/07\/WX20240731-165815%402x.jpg?resize=1536%2C1054&amp;ssl=1 1536w, https:\/\/i0.wp.com\/aiartfree.online\/wp-content\/uploads\/2024\/07\/WX20240731-165815%402x.jpg?resize=18%2C12&amp;ssl=1 18w, https:\/\/i0.wp.com\/aiartfree.online\/wp-content\/uploads\/2024\/07\/WX20240731-165815%402x.jpg?resize=600%2C412&amp;ssl=1 600w\" sizes=\"auto, (max-width: 1200px) 100vw, 1200px\" \/><\/figure>\n\n\n\n<h2 class=\"wp-block-heading\">Slik bruker du AI Photo Generator<\/h2>\n\n\n\n<ol class=\"wp-block-list\">\n<li class=\"\">Skriv inn ledeteksten din, eller velg et av ledeteksteksemplene<\/li>\n\n\n\n<li class=\"\">Klikk p\u00e5 \"Generer\"<\/li>\n\n\n\n<li class=\"\">Vent, det var det!<\/li>\n<\/ol>\n\n\n\n<h3 class=\"wp-block-heading has-medium-font-size\">Eksempler p\u00e5 ledetekster<\/h3>\n\n\n\n<ul class=\"wp-block-list has-small-font-size\">\n<li class=\"\">vakker kvinne, natt, med stjerner, intrikat, elegant, sv\u00e6rt detaljert, glatt, skarpt fokus<\/li>\n\n\n\n<li class=\"\">vakker kvinne, natt, sci-fi, fantasy, intrikat, elegant, bl\u00e5 kjole, magisk, sv\u00e6rt detaljert, glatt, skarpt fokus, illustrasjon<\/li>\n\n\n\n<li class=\"\">vakker kvinne p\u00e5 stranden, avslappende, eterisk, dr\u00f8mmende, motlys, sv\u00e6rt detaljert, realistisk belysning, skarpt fokus, tredjedelsregel, hd, oktan, 4k<\/li>\n\n\n\n<li class=\"\">vakker kvinne, store bryster, domme elskerinne, steampunk, sjenert smilende, 4k, Liten detalj<\/li>\n\n\n\n<li class=\"\">vakker kvinne, natt, med stjerner, intrikat, elegant, sv\u00e6rt detaljert, glatt, skarpt fokus<\/li>\n<\/ul>\n\n\n\n<p class=\"\">Bruk&nbsp;<a href=\"https:\/\/aiartfree.online\/nb\/promptgenerator\/\" target=\"_blank\" data-type=\"page\" data-id=\"3164\" rel=\"noreferrer noopener\">Sp\u00f8rregenerator<\/a>&nbsp;for \u00e5 utvide grensene for fantasien din<\/p>\n\n\n\n<p class=\"\"><em>* Avhengig av internetthastigheten din kan det ta noen sekunder \u00e5 laste inn modellen.<br>* Det vil skje en hurtigbufring under kontinuerlig generering, og det nye bildet vises etter ca. 3 sekunder.<\/em><\/p>\n\n\n\n<div class=\"iframe-wrapper\" style=\"position: relative; width: 100%; height: 950px;\">\n  <div class=\"loading\" style=\"position: absolute; top: 50px; left: 50%; transform: translate(-50%, -50%); width: 40px; height: 40px; border: 3px solid #f0f0f0; border-top: 3px solid #db7093; border-radius: 50%; animation: spin 1s linear infinite;\"><\/div>\n  <iframe loading=\"lazy\" src=\"https:\/\/playgroundai-playground-v2-5.hf.space\" frameborder=\"0\" width=\"100%\" height=\"100%\" style=\"position: absolute; top: 0; left: 0; opacity: 0; transition: opacity 0.3s;\" onload=\"this.style.opacity=1;this.previousElementSibling.style.display='none';\"><\/iframe>\n<\/div>\n\n<style>\n@keyframes spin {\n  0% { transform: translate(-50%, -50%) rotate(0deg); }\n  100% { transform: translate(-50%, -50%) rotate(360deg); }\n}\n<\/style>\n\n\n\n<div style=\"height:50px\" aria-hidden=\"true\" class=\"wp-block-spacer\"><\/div>\n\n\n\n<h2 class=\"wp-block-heading\">Introduksjon av AI Photo Generator<\/h2>\n\n\n\n<p class=\"\">I den raske digitale verdenen har AI-fotogeneratorer blitt viktige verkt\u00f8y for kunstnere, markedsf\u00f8rere og innholdsskapere. I denne artikkelen vil vi g\u00e5 n\u00e6rmere inn p\u00e5 hva AI-fotogeneratorer er, hvor viktige de er og hvordan de kan brukes i ulike bransjer. I tillegg vil vi utforske de beste AI-fotogeneratorene som er tilgjengelige i dag, inkludert det sterkt anbefalte verkt\u00f8yet fra <a href=\"https:\/\/aiartfree.online\/nb\/ai-fotogenerator\/\">AI Art Free<\/a>.<\/p>\n\n\n\n<figure class=\"wp-block-image size-full is-resized\"><img data-recalc-dims=\"1\" data-dominant-color=\"70574e\" data-has-transparency=\"false\" decoding=\"async\" width=\"1024\" height=\"1024\"   loading=\"lazy\" src=\"https:\/\/i0.wp.com\/aiartfree.online\/wp-content\/uploads\/2024\/07\/image-30.webp?resize=1024%2C1024&#038;ssl=1\" alt=\"I den raske digitale verdenen har AI-fotogeneratorer blitt viktige verkt\u00f8y for kunstnere, markedsf\u00f8rere og innholdsskapere. I denne artikkelen vil vi g\u00e5 n\u00e6rmere inn p\u00e5 hva AI-fotogeneratorer er, hvor viktige de er og hvordan de kan brukes i ulike bransjer. I tillegg vil vi utforske de beste AI-fotogeneratorene som er tilgjengelige i dag, inkludert det sterkt anbefalte verkt\u00f8yet fra AI Art Free.\" class=\"wp-image-3278 not-transparent\" style=\"--dominant-color: #70574e; width:436px;height:auto\" srcset=\"https:\/\/i0.wp.com\/aiartfree.online\/wp-content\/uploads\/2024\/07\/image-30.webp?w=1024&amp;ssl=1 1024w, https:\/\/i0.wp.com\/aiartfree.online\/wp-content\/uploads\/2024\/07\/image-30.webp?resize=300%2C300&amp;ssl=1 300w, https:\/\/i0.wp.com\/aiartfree.online\/wp-content\/uploads\/2024\/07\/image-30.webp?resize=150%2C150&amp;ssl=1 150w, https:\/\/i0.wp.com\/aiartfree.online\/wp-content\/uploads\/2024\/07\/image-30.webp?resize=768%2C768&amp;ssl=1 768w, https:\/\/i0.wp.com\/aiartfree.online\/wp-content\/uploads\/2024\/07\/image-30.webp?resize=12%2C12&amp;ssl=1 12w, https:\/\/i0.wp.com\/aiartfree.online\/wp-content\/uploads\/2024\/07\/image-30.webp?resize=600%2C600&amp;ssl=1 600w, https:\/\/i0.wp.com\/aiartfree.online\/wp-content\/uploads\/2024\/07\/image-30.webp?resize=100%2C100&amp;ssl=1 100w\" sizes=\"auto, (max-width: 1024px) 100vw, 1024px\" \/><\/figure>\n\n\n\n<h3 class=\"wp-block-heading\">Innholdsfortegnelse<\/h3>\n\n\n\n<ol class=\"wp-block-list\">\n<li class=\"\"><a href=\"#what-is-an-ai-photo-generator\">Hva er en AI Photo Generator?<\/a><\/li>\n\n\n\n<li class=\"\"><a href=\"#why-use-an-ai-photo-generator\">Hvorfor bruke en AI-fotogenerator?<\/a><\/li>\n\n\n\n<li class=\"\"><a href=\"#who-can-benefit-from-ai-photo-generators\">Hvem kan dra nytte av AI-fotogeneratorer?<\/a><\/li>\n\n\n\n<li class=\"\"><a href=\"#top-10-ai-photo-generators\">Topp 10 AI-fotogeneratorer<\/a><\/li>\n\n\n\n<li class=\"\"><a href=\"#faq\">VANLIGE SP\u00d8RSM\u00c5L<\/a><\/li>\n<\/ol>\n\n\n\n<h3 class=\"wp-block-heading\">Hva er en AI Photo Generator?<\/h3>\n\n\n\n<p class=\"\">En AI-bildegenerator, ogs\u00e5 kjent som en AI-bildegenerator, er et verkt\u00f8y drevet av kunstig intelligens og maskinl\u00e6ring som konverterer tekstmeldinger til unike bilder. Disse verkt\u00f8yene bruker generativ kunstig intelligens til \u00e5 skape levende og mangfoldige bilder basert p\u00e5 tekstbeskrivelser fra brukeren.<\/p>\n\n\n\n<h3 class=\"wp-block-heading\">Hvorfor bruke en AI-fotogenerator?<\/h3>\n\n\n\n<p class=\"\">AI-fotogeneratorer er avgj\u00f8rende for \u00e5 skape unike bilder raskt og effektivt. De tilbyr en rekke fordeler:<\/p>\n\n\n\n<ul class=\"wp-block-list\">\n<li class=\"\"><strong>Kreativitet:<\/strong> De hjelper deg med \u00e5 skape unike og kreative bilder som skiller seg ut.<\/li>\n\n\n\n<li class=\"\"><strong>Effektivitet:<\/strong> De sparer tid ved \u00e5 produsere bilder av h\u00f8y kvalitet umiddelbart.<\/li>\n\n\n\n<li class=\"\"><strong>Allsidighet:<\/strong> De kan brukes til ulike form\u00e5l, fra innlegg i sosiale medier til markedsf\u00f8ringsmateriell.<\/li>\n<\/ul>\n\n\n\n<h3 class=\"wp-block-heading\">Hvem kan dra nytte av AI-fotogeneratorer?<\/h3>\n\n\n\n<ul class=\"wp-block-list\">\n<li class=\"\"><strong>Kunstnere:<\/strong> For \u00e5 skape unike digitale kunstverk.<\/li>\n\n\n\n<li class=\"\"><strong>Markedsf\u00f8rere:<\/strong> For \u00e5 generere kvalitetsbilder til kampanjer.<\/li>\n\n\n\n<li class=\"\"><strong>Skapere av innhold:<\/strong> For \u00e5 forbedre blogginnlegg, innhold i sosiale medier og mer.<\/li>\n\n\n\n<li class=\"\"><strong>Virksomheter:<\/strong> For utforming av markedsf\u00f8ringsmateriell, nettsteder og annonser.<\/li>\n<\/ul>\n\n\n\n<h3 class=\"wp-block-heading\">Topp 10 AI-fotogeneratorer<\/h3>\n\n\n\n<figure class=\"wp-block-table\"><table class=\"has-fixed-layout\"><thead><tr><th><strong>Verkt\u00f8y<\/strong><\/th><th><strong>Nettsted<\/strong><\/th><th><strong>Fordeler<\/strong><\/th><th><strong>Ulemper<\/strong><\/th><th><strong>Utfordringer<\/strong><\/th><th><strong>Forslag<\/strong><\/th><\/tr><\/thead><tbody><tr><td><strong>AI Art Free<\/strong><\/td><td><a href=\"https:\/\/aiartfree.online\/nb\/ai-fotogenerator\/\">aiartfree.online<\/a><\/td><td>Gratis, enkel \u00e5 bruke, produserer bilder av h\u00f8y kvalitet<\/td><td>Begrenset tilpasning<\/td><td>Trenger konstant internettforbindelse<\/td><td>Regelmessige oppdateringer for \u00e5 forbedre funksjonene<\/td><\/tr><tr><td><strong>DeepArt<\/strong><\/td><td><a href=\"https:\/\/deepart.io\" target=\"_blank\" rel=\"noopener\">deepart.io<\/a><\/td><td>Flotte kunstneriske filtre<\/td><td>Langsom behandling<\/td><td>Ikke alltid n\u00f8yaktig<\/td><td>Forbedre prosesseringshastigheten<\/td><\/tr><tr><td><strong>Rullebane ML<\/strong><\/td><td><a href=\"https:\/\/runwayml.com\" target=\"_blank\" rel=\"noopener\">runwayml.com<\/a><\/td><td>Allsidig, profesjonell kvalitet<\/td><td>Dyrt<\/td><td>Bratt l\u00e6ringskurve<\/td><td>Tilby oppl\u00e6ringsprogrammer<\/td><\/tr><tr><td><strong>Artbreeder<\/strong><\/td><td><a href=\"https:\/\/artbreeder.com\" target=\"_blank\" rel=\"noopener\">artbreeder.com<\/a><\/td><td>Samarbeid, unike resultater<\/td><td>Begrenset gratisversjon<\/td><td>Grensesnittet kan v\u00e6re komplekst<\/td><td>Forenkle brukergrensesnittet<\/td><\/tr><tr><td><strong>DALL-E<\/strong><\/td><td><a href=\"https:\/\/aiartfree.online\/nb\/fri-dalle-3\/\" data-type=\"page\" data-id=\"2889\">openai.com\/dall-e<\/a><\/td><td>Bilder av h\u00f8y kvalitet, innovative<\/td><td>Begrenset tilgang<\/td><td>H\u00f8y ettersp\u00f8rsel<\/td><td>\u00d8ke tilgjengeligheten<\/td><\/tr><tr><td><strong>Generator for dype dr\u00f8mmer<\/strong><\/td><td><a href=\"https:\/\/deepdreamgenerator.com\" target=\"_blank\" rel=\"noopener\">deepdreamgenerator.com<\/a><\/td><td>Surrealistiske, kunstneriske bilder<\/td><td>Kan v\u00e6re abstrakt<\/td><td>Ikke egnet for alle form\u00e5l<\/td><td>Tilby flere stiler<\/td><\/tr><tr><td><strong>NightCafe<\/strong><\/td><td><a href=\"https:\/\/nightcafe.studio\" target=\"_blank\" rel=\"noopener\">nightcafe.studio<\/a><\/td><td>Enkel \u00e5 bruke, fellesfunksjoner<\/td><td>Begrensede gratisalternativer<\/td><td>Kan v\u00e6re dyrt<\/td><td>Flere gratisfunksjoner<\/td><\/tr><tr><td><strong>Stor s\u00f8vn<\/strong><\/td><td><a href=\"https:\/\/bigsleep.dev\" target=\"_blank\" rel=\"noopener\">bigsleep.dev<\/a><\/td><td>\u00c5pen kildekode, kan tilpasses<\/td><td>Krever teknisk kunnskap<\/td><td>Komplekst oppsett<\/td><td>Tilby flere guider<\/td><\/tr><tr><td><strong>Ganbreeder<\/strong><\/td><td><a href=\"https:\/\/ganbreeder.app\" target=\"_blank\" rel=\"noopener\">ganbreeder.app<\/a><\/td><td>Samarbeidsorientert, kreativ<\/td><td>Kan v\u00e6re uforutsigbar<\/td><td>Grensesnittet kunne v\u00e6rt bedre<\/td><td>Forbedre forutsigbarheten<\/td><\/tr><tr><td><strong>StyleGAN2<\/strong><\/td><td><a href=\"https:\/\/github.com\/NVlabs\/stylegan2\" target=\"_blank\" rel=\"noopener\">github.com\/NVlabs\/stylegan2<\/a><\/td><td>Resultater av h\u00f8y kvalitet<\/td><td>Krever tekniske ferdigheter<\/td><td>Vanskelig \u00e5 sette opp<\/td><td>Mer brukervennlige veiledninger<\/td><\/tr><\/tbody><\/table><\/figure>\n\n\n\n<h3 class=\"wp-block-heading\">VANLIGE SP\u00d8RSM\u00c5L<\/h3>\n\n\n\n<h4 class=\"wp-block-heading\">Hvordan kan man se om et bilde er AI-generert?<\/h4>\n\n\n\n<p class=\"\">For \u00e5 avgj\u00f8re om et bilde er AI-generert, m\u00e5 du se etter subtile avvik, unaturlige m\u00f8nstre og mangel p\u00e5 fine detaljer, som er vanlig i AI-genererte bilder.<\/p>\n\n\n\n<h4 class=\"wp-block-heading\">Hvordan genererer jeg AI-bilder?<\/h4>\n\n\n\n<p class=\"\">Du kan generere AI-bilder ved \u00e5 bruke en AI-bildegenerator som <a href=\"https:\/\/aiartfree.online\/nb\/ai-fotogenerator\/\">AI Art Free<\/a>. Bare skriv inn en tekstmelding, og la AI lage bildet.<\/p>\n\n\n\n<h4 class=\"wp-block-heading\">Er dette bildet generert av kunstig intelligens?<\/h4>\n\n\n\n<p class=\"\">For \u00e5 sjekke om et bilde er AI-generert, kan du bruke verkt\u00f8y som er utviklet for \u00e5 oppdage AI-generert innhold, eller analysere bildet for uoverensstemmelser.<\/p>\n\n\n\n<h4 class=\"wp-block-heading\">Hva er den beste AI-fotogeneratoren?<\/h4>\n\n\n\n<p class=\"\">Den beste AI-fotogeneratoren varierer avhengig av dine behov, men <a href=\"https:\/\/aiartfree.online\/nb\/ai-fotogenerator\/\">AI Art Free<\/a> anbefales p\u00e5 det sterkeste p\u00e5 grunn av brukervennligheten og kvaliteten p\u00e5 utdataene.<\/p>\n\n\n\n<h4 class=\"wp-block-heading\">Hvordan lage AI-genererte bilder?<\/h4>\n\n\n\n<p class=\"\">Du kan lage AI-genererte bilder ved \u00e5 legge inn beskrivende tekstmeldinger i en AI-bildegenerator, som lager bilder basert p\u00e5 beskrivelsene dine.<\/p>\n\n\n\n<h3 class=\"wp-block-heading\">Tilleggsmoduler<\/h3>\n\n\n\n<h4 class=\"wp-block-heading\">Forst\u00e5 generativ AI og dens innvirkning<\/h4>\n\n\n\n<p class=\"\">Generativ AI, som driver AI-fotogeneratorer, er en type kunstig intelligens som kan skape nytt innhold fra eksisterende data. Denne teknologien revolusjonerer kreative bransjer ved \u00e5 gj\u00f8re det mulig \u00e5 skape unike bilder, musikk og tekst.<\/p>\n\n\n\n<h4 class=\"wp-block-heading\">Fordeler med \u00e5 bruke AI-fotogeneratorer for sosiale medier<\/h4>\n\n\n\n<p class=\"\">AI-bildegeneratorer er uvurderlige for sosiale medier, ettersom de gj\u00f8r det mulig \u00e5 lage engasjerende og unike bilder som fanger publikums oppmerksomhet og skaper engasjement.<\/p>\n\n\n\n<h4 class=\"wp-block-heading\">Maskinl\u00e6ringens rolle i AI-fotogeneratorer<\/h4>\n\n\n\n<p class=\"\">Maskinl\u00e6ring er ryggraden i AI-bildegeneratorer. Det gj\u00f8r at disse verkt\u00f8yene kan l\u00e6re av store datasett og forbedre kvaliteten og relevansen av bildene de produserer over tid.<\/p>\n\n\n\n<h3 class=\"wp-block-heading\">Konklusjon<\/h3>\n\n\n\n<p class=\"\">AI-bildegeneratorer er kraftige verkt\u00f8y som utnytter kunstig intelligens og maskinl\u00e6ring for \u00e5 skape unike bilder av h\u00f8y kvalitet. Enten du er kunstner, markedsf\u00f8rer eller innholdsskaper, kan disse verkt\u00f8yene forbedre den kreative prosessen og produksjonen din betraktelig. Ved \u00e5 forst\u00e5 fordelene og utfordringene med disse innovative verkt\u00f8yene kan du f\u00e5 mest mulig ut av dem og skape fantastiske bilder som skiller seg ut i alle medier.<\/p>\n\n\n\n<p class=\"\">For \u00e5 f\u00e5 den beste opplevelsen b\u00f8r du starte med <a href=\"https:\/\/aiartfree.online\/nb\/ai-fotogenerator\/\">AI Art Free<\/a> verkt\u00f8yet, som tilbyr en enkel og gratis m\u00e5te \u00e5 generere AI-bilder av h\u00f8y kvalitet p\u00e5.<\/p>","protected":false},"excerpt":{"rendered":"<p>What our users created How to use AI Photo Generator Prompt Examples Use&nbsp;Prompt Generator&nbsp;to Expand the Boundaries of Your Imagination *&nbsp;Depending on your internet speed, loading the model may take a few seconds.* There will be caching during continuous generation, and the new image will appear after about 3 seconds. Introduction of AI Photo Generator &#8230; <a title=\"AI Photo Generator\" class=\"read-more\" href=\"https:\/\/aiartfree.online\/nb\/ai-fotogenerator\/\" aria-label=\"Read more about AI Photo Generator\">Les mer<\/a><\/p>","protected":false},"author":1,"featured_media":3392,"parent":0,"menu_order":0,"comment_status":"open","ping_status":"closed","template":"","meta":{"nf_dc_page":"","footnotes":""},"class_list":["post-3270","page","type-page","status-publish","has-post-thumbnail"],"jetpack_sharing_enabled":true,"_links":{"self":[{"href":"https:\/\/aiartfree.online\/nb\/wp-json\/wp\/v2\/pages\/3270","targetHints":{"allow":["GET"]}}],"collection":[{"href":"https:\/\/aiartfree.online\/nb\/wp-json\/wp\/v2\/pages"}],"about":[{"href":"https:\/\/aiartfree.online\/nb\/wp-json\/wp\/v2\/types\/page"}],"author":[{"embeddable":true,"href":"https:\/\/aiartfree.online\/nb\/wp-json\/wp\/v2\/users\/1"}],"replies":[{"embeddable":true,"href":"https:\/\/aiartfree.online\/nb\/wp-json\/wp\/v2\/comments?post=3270"}],"version-history":[{"count":0,"href":"https:\/\/aiartfree.online\/nb\/wp-json\/wp\/v2\/pages\/3270\/revisions"}],"wp:featuredmedia":[{"embeddable":true,"href":"https:\/\/aiartfree.online\/nb\/wp-json\/wp\/v2\/media\/3392"}],"wp:attachment":[{"href":"https:\/\/aiartfree.online\/nb\/wp-json\/wp\/v2\/media?parent=3270"}],"curies":[{"name":"wp","href":"https:\/\/api.w.org\/{rel}","templated":true}]}}