{"id":3252,"date":"2024-07-25T12:50:56","date_gmt":"2024-07-25T12:50:56","guid":{"rendered":"https:\/\/aiartfree.online\/?page_id=3252"},"modified":"2024-08-02T11:07:26","modified_gmt":"2024-08-02T11:07:26","slug":"drawing-prompts","status":"publish","type":"page","link":"https:\/\/aiartfree.online\/nb\/hurtiggalleri\/","title":{"rendered":"Tegneoppdrag"},"content":{"rendered":"<p class=\"has-text-align-center\">Drawing Prompt Gallery er en skattekiste av inspirasjon og kreativitet, med AI-genererte instruksjoner som setter fart p\u00e5 fantasien og \u00f8ker produktiviteten. Begynn \u00e5 utforske uendelige muligheter i dag!<\/p>\n\n\n\n<h2 class=\"wp-block-heading has-text-align-center\" id=\"what-our-users-made\">Hva brukerne v\u00e5re gjorde<\/h2>\n\n\n\n<figure class=\"gb-block-image gb-block-image-1822da1f\"><img data-recalc-dims=\"1\" decoding=\"async\" loading=\"lazy\" width=\"1024\" height=\"758\" class=\"gb-image gb-image-1822da1f\" src=\"https:\/\/i0.wp.com\/aiartfree.online\/wp-content\/uploads\/2024\/07\/WX20240725-170230%402x-1024x758.webp?resize=1024%2C758&#038;ssl=1\" alt=\"Drawing Prompts Gallery er en skattekiste av inspirasjon og kreativitet, med AI-genererte instruksjoner som setter fantasien i sving og \u00f8ker produktiviteten.\" title=\"WX20240725-170230@2x\" srcset=\"https:\/\/i0.wp.com\/aiartfree.online\/wp-content\/uploads\/2024\/07\/WX20240725-170230%402x.jpg?resize=1024%2C758&amp;ssl=1 1024w, https:\/\/i0.wp.com\/aiartfree.online\/wp-content\/uploads\/2024\/07\/WX20240725-170230%402x.jpg?resize=300%2C222&amp;ssl=1 300w, https:\/\/i0.wp.com\/aiartfree.online\/wp-content\/uploads\/2024\/07\/WX20240725-170230%402x.jpg?resize=768%2C568&amp;ssl=1 768w, https:\/\/i0.wp.com\/aiartfree.online\/wp-content\/uploads\/2024\/07\/WX20240725-170230%402x.jpg?resize=16%2C12&amp;ssl=1 16w, https:\/\/i0.wp.com\/aiartfree.online\/wp-content\/uploads\/2024\/07\/WX20240725-170230%402x.jpg?resize=600%2C444&amp;ssl=1 600w, https:\/\/i0.wp.com\/aiartfree.online\/wp-content\/uploads\/2024\/07\/WX20240725-170230%402x.jpg?w=1162&amp;ssl=1 1162w\" sizes=\"auto, (max-width: 1024px) 100vw, 1024px\" \/><\/figure>\n\n\n\n<h3 class=\"wp-block-heading\" id=\"how-to-use-prompts-drawing-prompts-gallery\">Slik bruker du Prompts Drawing Prompts Gallery<\/h3>\n\n\n\n<ol class=\"wp-block-list\">\n<li class=\"\">Klikk p\u00e5 ikonet \u00f8verst til h\u00f8yre i bildet for \u00e5 duplisere ledeteksten<\/li>\n\n\n\n<li class=\"\">Bla nedover eller <a href=\"#maodian\" data-type=\"internal\" data-id=\"#maodian\">klikk her<\/a> for \u00e5 lime inn din revolusjonerte ledetekst for generasjonen<\/li>\n<\/ol>\n\n\n\n<div style=\"text-align: center; border: 2px solid; border-image-source: linear-gradient(to right, #16b86c, #912899); border-image-slice: 1; box-shadow: 0 0 10px rgba(0, 0, 0, 0.1); border-radius: 15px; position: relative;\">\n  <div id=\"loading\" style=\"position: absolute; top: 100px; left: 50%; transform: translate(-50%, -50%); z-index: 1000;\">\n    <div style=\"width: 50px; height: 50px; border: 5px solid #f3f3f3; border-top: 5px solid #16b86c; border-radius: 50%; animation: spin 1s linear infinite;\"><\/div>\n  <\/div>\n  <iframe loading=\"lazy\"\n    src=\"https:\/\/prithivmlmods-top-prompt-collection.static.hf.space\"\n    frameborder=\"0\"\n    width=\"100%\"\n    height=\"2600\"\n    style=\"display: inline-block; margin: 0 auto;\"\n    onload=\"document.getElementById('loading').style.display='none';\"\n  ><\/iframe>\n<\/div>\n\n<style>\n  @keyframes spin {\n    0% { transform: rotate(0deg); }\n    100% { transform: rotate(360deg); }\n  }\n<\/style>\n\n\n\n<div style=\"height:50px\" aria-hidden=\"true\" class=\"wp-block-spacer\"><\/div>\n\n\n\n<h2 class=\"wp-block-heading has-text-align-center\" id=\"free-stable-diffusion-3\">GRATIS Stabil diffusjon 3<\/h2>\n\n\n\n<h3 class=\"wp-block-heading\" id=\"how-to-use-it\">Slik bruker du den<\/h3>\n\n\n\n<ol class=\"wp-block-list\">\n<li class=\"\">Skriv inn instruksjonene dine<\/li>\n\n\n\n<li class=\"\">Klikk p\u00e5 \"Kj\u00f8r\"<\/li>\n\n\n\n<li class=\"\">Vent, det var det!<\/li>\n\n\n\n<li class=\"\">Er du ikke forn\u00f8yd med resultatet? <br><a href=\"https:\/\/aiartfree.online\/nb\/\" target=\"_blank\" rel=\"noreferrer noopener\">Klikk for \u00e5 sjekke ut flere gratis online AI-kunstgeneratorer<\/a><\/li>\n<\/ol>\n\n\n\n<p class=\"\"><em>* Avhengig av internetthastigheten din kan det ta noen sekunder \u00e5 laste inn modellen.<br>* Det vil skje en hurtigbufring under kontinuerlig generering, og det nye bildet vises etter ca. 3 sekunder.<\/em><\/p>\n\n\n\n<div style=\"text-align: center; border: 2px solid; border-image-source: linear-gradient(to right, #16b86c, #912899); border-image-slice: 1; box-shadow: 0 0 10px rgba(0, 0, 0, 0.1); border-radius: 20px;\">\n  <iframe loading=\"lazy\"\n    src=\"https:\/\/prodia-fast-stable-diffusion.hf.space\"\n    frameborder=\"0\"\n    width=\"1100\"\n    height=\"1260\"\n    style=\"display: inline-block; margin: 0 auto;\"\n  ><\/iframe>\n<\/div>\n\n\n\n<div style=\"height:80px\" aria-hidden=\"true\" class=\"wp-block-spacer\"><\/div>\n\n\n\n<h2 class=\"wp-block-heading has-text-align-center\" id=\"more-free-ai-image-generator\">Mer <a href=\"https:\/\/aiartfree.online\/nb\/gratis-ai-bildegenerator\/\" data-type=\"link\" data-id=\"https:\/\/aiartfree.online\/free-ai-image-generator\/\">Gratis AI-bildegenerator<\/a><\/h2>\n\n\n<div class=\"gb-grid-wrapper gb-grid-wrapper-060dec2f\">\n<div class=\"gb-grid-column gb-grid-column-04dcb2bb\"><div class=\"gb-container gb-container-04dcb2bb\">\n\n<figure class=\"gb-block-image gb-block-image-2373db5f\"><a href=\"https:\/\/aiartfree.online\/nb\/gratis-online-midjourney\/\" target=\"_blank\" rel=\"noopener noreferrer\"><img data-recalc-dims=\"1\" decoding=\"async\" loading=\"lazy\" width=\"1024\" height=\"768\" class=\"gb-image gb-image-2373db5f\" src=\"https:\/\/i0.wp.com\/aiartfree.online\/wp-content\/uploads\/2024\/07\/What-Is-Midjourney-AI-and-How-Does-It-Work-1.jpg?resize=1024%2C768&#038;ssl=1\" alt=\"Gratis online midtveisreise\" title=\"Hva-er-Midjourney-AI-og-hvordan-virker-det-1\" srcset=\"https:\/\/i0.wp.com\/aiartfree.online\/wp-content\/uploads\/2024\/07\/What-Is-Midjourney-AI-and-How-Does-It-Work-1.jpg?w=1024&amp;ssl=1 1024w, https:\/\/i0.wp.com\/aiartfree.online\/wp-content\/uploads\/2024\/07\/What-Is-Midjourney-AI-and-How-Does-It-Work-1.jpg?resize=600%2C450&amp;ssl=1 600w, https:\/\/i0.wp.com\/aiartfree.online\/wp-content\/uploads\/2024\/07\/What-Is-Midjourney-AI-and-How-Does-It-Work-1.jpg?resize=300%2C225&amp;ssl=1 300w, https:\/\/i0.wp.com\/aiartfree.online\/wp-content\/uploads\/2024\/07\/What-Is-Midjourney-AI-and-How-Does-It-Work-1.jpg?resize=768%2C576&amp;ssl=1 768w, https:\/\/i0.wp.com\/aiartfree.online\/wp-content\/uploads\/2024\/07\/What-Is-Midjourney-AI-and-How-Does-It-Work-1.jpg?resize=16%2C12&amp;ssl=1 16w\" sizes=\"auto, (max-width: 1024px) 100vw, 1024px\" \/><\/a><\/figure>\n\n\n\n<h3 class=\"gb-headline gb-headline-b94667ce gb-headline-text\">Gratis online midtveisreise<\/h3>\n\n\n\n<p class=\"gb-headline gb-headline-a433ec01 gb-headline-text\">Med Midjourney kan du enkelt generere fantastiske AI-genererte kunstverk.<\/p>\n\n<\/div><\/div>\n\n<div class=\"gb-grid-column gb-grid-column-d389befc\"><div class=\"gb-container gb-container-d389befc\">\n\n<figure class=\"gb-block-image gb-block-image-e89bda53\"><a href=\"https:\/\/aiartfree.online\/nb\/gratis-online-stabil-diffusjon-3\/\" target=\"_blank\" rel=\"noopener noreferrer\"><img data-recalc-dims=\"1\" decoding=\"async\" loading=\"lazy\" width=\"1200\" height=\"686\" class=\"gb-image gb-image-e89bda53\" src=\"https:\/\/i0.wp.com\/aiartfree.online\/wp-content\/uploads\/2024\/07\/image-90.jpg?resize=1200%2C686&#038;ssl=1\" alt=\"Gratis online stabil diffusjon 3\" title=\"image-90\" srcset=\"https:\/\/i0.wp.com\/aiartfree.online\/wp-content\/uploads\/2024\/07\/image-90.jpg?w=1344&amp;ssl=1 1344w, https:\/\/i0.wp.com\/aiartfree.online\/wp-content\/uploads\/2024\/07\/image-90.jpg?resize=600%2C343&amp;ssl=1 600w, https:\/\/i0.wp.com\/aiartfree.online\/wp-content\/uploads\/2024\/07\/image-90.jpg?resize=300%2C171&amp;ssl=1 300w, https:\/\/i0.wp.com\/aiartfree.online\/wp-content\/uploads\/2024\/07\/image-90.jpg?resize=1024%2C585&amp;ssl=1 1024w, https:\/\/i0.wp.com\/aiartfree.online\/wp-content\/uploads\/2024\/07\/image-90.jpg?resize=768%2C439&amp;ssl=1 768w, https:\/\/i0.wp.com\/aiartfree.online\/wp-content\/uploads\/2024\/07\/image-90.jpg?resize=18%2C10&amp;ssl=1 18w\" sizes=\"auto, (max-width: 1200px) 100vw, 1200px\" \/><\/a><\/figure>\n\n\n\n<h3 class=\"gb-headline gb-headline-adce07b4 gb-headline-text\">Stabil diffusjon 3<\/h3>\n\n\n\n<p class=\"gb-headline gb-headline-499da18c gb-headline-text\">Bruk Stable Diffusion 3 til \u00e5 lage bilder med avanserte AI-algoritmer.<\/p>\n\n<\/div><\/div>\n\n<div class=\"gb-grid-column gb-grid-column-5c592b98\"><div class=\"gb-container gb-container-5c592b98\">\n\n<figure class=\".wp-block-image {  position: relative; overflow: hidden; } img max-width: 100%; transition: transform 0.3s; .wp-block-image:hover transform: scale(1.2); gb-block-image gb-block-image-357d3677\"><a href=\"https:\/\/aiartfree.online\/nb\/fri-dalle-3\/\" target=\"_blank\" rel=\"noopener noreferrer\"><img data-recalc-dims=\"1\" decoding=\"async\" loading=\"lazy\" width=\"1200\" height=\"1200\" class=\"gb-image gb-image-357d3677 .wp-block-image {     position: relative;     overflow: hidden; } .wp-block-image img {     max-width: 100%;     transition: transform 0.3s; } .wp-block-image:hover img {     transform: scale(1.2); }\" src=\"https:\/\/i0.wp.com\/aiartfree.online\/wp-content\/uploads\/2024\/07\/avocado-square-1-1-1-1-1-1-1-1-1-1-1-1-1.jpg?resize=1200%2C1200&#038;ssl=1\" alt=\"Gratis online DALL-E 3\" title=\"avokado-firkant (1) (1) (1) (1) (1) (1) (1) (1) (1) (1) (1) (1) (1) (1) (1)\" srcset=\"https:\/\/i0.wp.com\/aiartfree.online\/wp-content\/uploads\/2024\/07\/avocado-square-1-1-1-1-1-1-1-1-1-1-1-1-1.jpg?w=1792&amp;ssl=1 1792w, https:\/\/i0.wp.com\/aiartfree.online\/wp-content\/uploads\/2024\/07\/avocado-square-1-1-1-1-1-1-1-1-1-1-1-1-1.jpg?resize=300%2C300&amp;ssl=1 300w, https:\/\/i0.wp.com\/aiartfree.online\/wp-content\/uploads\/2024\/07\/avocado-square-1-1-1-1-1-1-1-1-1-1-1-1-1.jpg?resize=100%2C100&amp;ssl=1 100w, https:\/\/i0.wp.com\/aiartfree.online\/wp-content\/uploads\/2024\/07\/avocado-square-1-1-1-1-1-1-1-1-1-1-1-1-1.jpg?resize=600%2C600&amp;ssl=1 600w, https:\/\/i0.wp.com\/aiartfree.online\/wp-content\/uploads\/2024\/07\/avocado-square-1-1-1-1-1-1-1-1-1-1-1-1-1.jpg?resize=1024%2C1024&amp;ssl=1 1024w, https:\/\/i0.wp.com\/aiartfree.online\/wp-content\/uploads\/2024\/07\/avocado-square-1-1-1-1-1-1-1-1-1-1-1-1-1.jpg?resize=150%2C150&amp;ssl=1 150w, https:\/\/i0.wp.com\/aiartfree.online\/wp-content\/uploads\/2024\/07\/avocado-square-1-1-1-1-1-1-1-1-1-1-1-1-1.jpg?resize=768%2C768&amp;ssl=1 768w, https:\/\/i0.wp.com\/aiartfree.online\/wp-content\/uploads\/2024\/07\/avocado-square-1-1-1-1-1-1-1-1-1-1-1-1-1.jpg?resize=1536%2C1536&amp;ssl=1 1536w, https:\/\/i0.wp.com\/aiartfree.online\/wp-content\/uploads\/2024\/07\/avocado-square-1-1-1-1-1-1-1-1-1-1-1-1-1.jpg?resize=12%2C12&amp;ssl=1 12w\" sizes=\"auto, (max-width: 1200px) 100vw, 1200px\" \/><\/a><\/figure>\n\n\n\n<h3 class=\"gb-headline gb-headline-757b1ea4 gb-headline-text\">DALL-E 3<\/h3>\n\n\n\n<p class=\"gb-headline gb-headline-fe2eab63 gb-headline-text\">Utforsk kreative muligheter med DALL-E 3 gratis p\u00e5 nett.<\/p>\n\n<\/div><\/div>\n\n<div class=\"gb-grid-column gb-grid-column-f814b0e2\"><div class=\"gb-container gb-container-f814b0e2\">\n\n<figure class=\".wp-block-image {  position: relative; overflow: hidden; } img max-width: 100%; transition: transform 0.3s; .wp-block-image:hover transform: scale(1.2); gb-block-image gb-block-image-c52efc8e\"><a href=\"https:\/\/aiartfree.online\/nb\/bing-ai-bildegenerator\/\" target=\"_blank\" rel=\"noopener noreferrer\"><img data-recalc-dims=\"1\" decoding=\"async\" loading=\"lazy\" width=\"1024\" height=\"1024\" class=\"gb-image gb-image-c52efc8e .wp-block-image {     position: relative;     overflow: hidden; } .wp-block-image img {     max-width: 100%;     transition: transform 0.3s; } .wp-block-image:hover img {     transform: scale(1.2); }\" src=\"https:\/\/i0.wp.com\/aiartfree.online\/wp-content\/uploads\/2024\/07\/b9cb406d-bffd-446e-9f65-c20776dc6cda.jpg?resize=1024%2C1024&#038;ssl=1\" alt=\"\" title=\"b9cb406d-bffd-446e-9f65-c20776dc6cda\" srcset=\"https:\/\/i0.wp.com\/aiartfree.online\/wp-content\/uploads\/2024\/07\/b9cb406d-bffd-446e-9f65-c20776dc6cda.jpg?w=1024&amp;ssl=1 1024w, https:\/\/i0.wp.com\/aiartfree.online\/wp-content\/uploads\/2024\/07\/b9cb406d-bffd-446e-9f65-c20776dc6cda.jpg?resize=300%2C300&amp;ssl=1 300w, https:\/\/i0.wp.com\/aiartfree.online\/wp-content\/uploads\/2024\/07\/b9cb406d-bffd-446e-9f65-c20776dc6cda.jpg?resize=150%2C150&amp;ssl=1 150w, https:\/\/i0.wp.com\/aiartfree.online\/wp-content\/uploads\/2024\/07\/b9cb406d-bffd-446e-9f65-c20776dc6cda.jpg?resize=768%2C768&amp;ssl=1 768w, https:\/\/i0.wp.com\/aiartfree.online\/wp-content\/uploads\/2024\/07\/b9cb406d-bffd-446e-9f65-c20776dc6cda.jpg?resize=12%2C12&amp;ssl=1 12w, https:\/\/i0.wp.com\/aiartfree.online\/wp-content\/uploads\/2024\/07\/b9cb406d-bffd-446e-9f65-c20776dc6cda.jpg?resize=600%2C600&amp;ssl=1 600w, https:\/\/i0.wp.com\/aiartfree.online\/wp-content\/uploads\/2024\/07\/b9cb406d-bffd-446e-9f65-c20776dc6cda.jpg?resize=100%2C100&amp;ssl=1 100w\" sizes=\"auto, (max-width: 1024px) 100vw, 1024px\" \/><\/a><\/figure>\n\n\n\n<h3 class=\"gb-headline gb-headline-44aa6af8 gb-headline-text\">Bing AI-bildegenerator<\/h3>\n\n\n\n<p class=\"gb-headline gb-headline-27d06265 gb-headline-text\">Bruk Bing AI Image Generator til \u00e5 lage fantastiske AI-genererte bilder med en enkel tekstmelding.<\/p>\n\n<\/div><\/div>\n<\/div>\n\n\n<div style=\"height:80px\" aria-hidden=\"true\" class=\"wp-block-spacer\"><\/div>\n\n\n\n<h2 class=\"wp-block-heading\" id=\"drawing-prompts-unleash-your-creativity-with-the-ultimate-free-tool\">Tegneoppfordringer: Slipp kreativiteten l\u00f8s med det ultimate gratisverkt\u00f8yet<\/h2>\n\n\n\n<div class=\"wp-block-rank-math-toc-block\" id=\"rank-math-toc\"><h3>Innholdsfortegnelse<\/h3><nav><ul><li><a href=\"#what-are-drawing-prompts\">Hva er tegneoppfordringer?<\/a><\/li><li><a href=\"#why-use-drawing-prompts\">Hvorfor bruke tegneprompter?<\/a><\/li><li><a href=\"#key-features-of-drawing-prompt-generators\">Viktige funksjoner i generatorer for tegneprompter<\/a><\/li><li><a href=\"#random-prompt-generation\">Generering av tilfeldige ledetekster<\/a><\/li><li><a href=\"#customization-options\">Tilpasningsalternativer<\/a><\/li><li><a href=\"#daily-challenges\">Daglige utfordringer<\/a><\/li><li><a href=\"#community-sharing\">Fellesskapsdeling<\/a><\/li><li><a href=\"#who-can-benefit-from-drawing-prompts\">Hvem kan ha nytte av tegneoppfordringer?<\/a><\/li><li><a href=\"#industries-using-drawing-prompts\">Bransjer som bruker tegningsforslag<\/a><\/li><li><a href=\"#how-to-use-drawing-prompts\">Hvordan bruke tegneoppfordringer<\/a><\/li><li><a href=\"#drawing-prompt-use-cases\">Brukstilfeller for tegneprompt<\/a><ul><li><a href=\"#art-education\">Kunstutdanning<\/a><\/li><li><a href=\"#personal-growth\">Personlig vekst<\/a><\/li><li><a href=\"#social-media-challenges\">Utfordringer i sosiale medier<\/a><\/li><li><a href=\"#team-building\">Teambuilding<\/a><\/li><\/ul><\/li><li><a href=\"#drawing-prompt-industry-pros-cons-and-challenges\">Tegnepromptbransjen: Fordeler, ulemper og utfordringer<\/a><ul><li><a href=\"#pros\">Fordeler<\/a><\/li><li><a href=\"#cons\">Ulemper<\/a><\/li><li><a href=\"#challenges\">Utfordringer<\/a><\/li><li><a href=\"#recommendations\">Anbefalinger<\/a><\/li><\/ul><\/li><li><a href=\"#faq-about-drawing-prompts\">Vanlige sp\u00f8rsm\u00e5l om tegneoppdrag<\/a><\/li><li><a href=\"#conclusion\">Konklusjon<\/a><\/li><\/ul><\/nav><\/div>\n\n\n\n<h3 class=\"wp-block-heading\" id=\"what-are-drawing-prompts\">Hva er tegneoppfordringer?<\/h3>\n\n\n\n<p class=\"\">Tegneanvisninger er kreative forslag eller ideer som inspirerer kunstnere til \u00e5 skape nye kunstverk. En tegneoppfordringsgenerator er et verkt\u00f8y som gir tilfeldige tegneoppfordringer for \u00e5 sette i gang kreativiteten og hjelpe kunstnere med \u00e5 overvinne kreative blokkeringer.<\/p>\n\n\n\n<h3 class=\"wp-block-heading\" id=\"why-use-drawing-prompts\">Hvorfor bruke tegneprompter?<\/h3>\n\n\n\n<p class=\"\">Det er flere fordeler med \u00e5 bruke tegneanvisninger:<\/p>\n\n\n\n<ul class=\"wp-block-list\">\n<li class=\"\">F\u00e5 kreativiteten til \u00e5 sprudle og overvinn kunstnerens blokkering<\/li>\n\n\n\n<li class=\"\">Utvid din kunstneriske komfortsone<\/li>\n\n\n\n<li class=\"\">\u00d8v deg p\u00e5 \u00e5 tegne hver dag med nye ideer<\/li>\n\n\n\n<li class=\"\">Utforsk nye temaer og emner<\/li>\n\n\n\n<li class=\"\">Forbedre kunstneriske ferdigheter gjennom varierte utfordringer<\/li>\n<\/ul>\n\n\n\n<h3 class=\"wp-block-heading\" id=\"key-features-of-drawing-prompt-generators\">Viktige funksjoner i generatorer for tegneprompter<\/h3>\n\n\n\n<h3 class=\"wp-block-heading\" id=\"random-prompt-generation\">Generering av tilfeldige ledetekster<\/h3>\n\n\n\n<p class=\"\">Tegnepromptgeneratorer gir deg ubegrenset med tilfeldige kunstideer ved \u00e5 klikke p\u00e5 en knapp.<\/p>\n\n\n\n<h3 class=\"wp-block-heading\" id=\"customization-options\">Tilpasningsalternativer<\/h3>\n\n\n\n<p class=\"\">Mange generatorer lar brukerne spesifisere temaer, stiler eller kompleksitetsniv\u00e5er.<\/p>\n\n\n\n<h3 class=\"wp-block-heading\" id=\"daily-challenges\">Daglige utfordringer<\/h3>\n\n\n\n<p class=\"\">Noen verkt\u00f8y tilbyr daglige tegneanvisninger for \u00e5 oppmuntre til jevnlig trening.<\/p>\n\n\n\n<h3 class=\"wp-block-heading\" id=\"community-sharing\">Fellesskapsdeling<\/h3>\n\n\n\n<p class=\"\">P\u00e5 enkelte plattformer kan brukerne dele kreasjonene sine basert p\u00e5 instruksjonene.<\/p>\n\n\n\n<h3 class=\"wp-block-heading\" id=\"who-can-benefit-from-drawing-prompts\">Hvem kan ha nytte av tegneoppfordringer?<\/h3>\n\n\n\n<p class=\"\">Tegneoppgavene egner seg for:<\/p>\n\n\n\n<ul class=\"wp-block-list\">\n<li class=\"\">Nybegynnerkunstnere som \u00f8nsker \u00e5 forbedre ferdighetene sine<\/li>\n\n\n\n<li class=\"\">Profesjonelle illustrat\u00f8rer s\u00f8ker inspirasjon<\/li>\n\n\n\n<li class=\"\">Kunststudenter \u00f8ver p\u00e5 teknikker<\/li>\n\n\n\n<li class=\"\">Hobbyister utforsker nye kunstneriske stilarter<\/li>\n\n\n\n<li class=\"\">Alle som er interessert i \u00e5 utvikle kreativitet<\/li>\n<\/ul>\n\n\n\n<h3 class=\"wp-block-heading\" id=\"industries-using-drawing-prompts\">Bransjer som bruker tegningsforslag<\/h3>\n\n\n\n<p class=\"\">Tegneanvisninger kan brukes i ulike bransjer:<\/p>\n\n\n\n<ul class=\"wp-block-list\">\n<li class=\"\">Grafisk design<\/li>\n\n\n\n<li class=\"\">Animasjon og spillutvikling<\/li>\n\n\n\n<li class=\"\">Reklame og markedsf\u00f8ring<\/li>\n\n\n\n<li class=\"\">Utdanning og kunstterapi<\/li>\n\n\n\n<li class=\"\">Opprettelse av innhold i sosiale medier<\/li>\n<\/ul>\n\n\n\n<h3 class=\"wp-block-heading\" id=\"how-to-use-drawing-prompts\">Hvordan bruke tegneoppfordringer<\/h3>\n\n\n\n<ol class=\"wp-block-list\">\n<li class=\"\">Velg en generator for tegningsprompter<\/li>\n\n\n\n<li class=\"\">Generer en tilfeldig ledetekst<\/li>\n\n\n\n<li class=\"\">Sett en tidsbegrensning for tegne\u00f8kten din<\/li>\n\n\n\n<li class=\"\">Tolk ledeteksten kreativt<\/li>\n\n\n\n<li class=\"\">Lag kunstverket ditt basert p\u00e5 ledeteksten<\/li>\n\n\n\n<li class=\"\">Reflekter over prosessen og resultatet<\/li>\n\n\n\n<li class=\"\">Del kreasjonen din hvis \u00f8nskelig<\/li>\n<\/ol>\n\n\n\n<h3 class=\"wp-block-heading\" id=\"drawing-prompt-use-cases\">Brukstilfeller for tegneprompt<\/h3>\n\n\n\n<h4 class=\"wp-block-heading\" id=\"art-education\">Kunstutdanning<\/h4>\n\n\n\n<p class=\"\">L\u00e6rerne bruker ledetekster for \u00e5 utfordre elevene og utvikle ferdighetene deres. Hvis du har sp\u00f8rsm\u00e5l, kan du stille dem her <a href=\"https:\/\/chatgpt4o.space\/\" data-type=\"link\" data-id=\"https:\/\/chatgpt4o.space\/\" target=\"_blank\" rel=\"noreferrer noopener\">gratis online Chat GPT 4o<\/a>.<\/p>\n\n\n\n<h4 class=\"wp-block-heading\" id=\"personal-growth\">Personlig vekst<\/h4>\n\n\n\n<p class=\"\">Kunstnere bruker prompter til \u00e5 flytte grenser og utforske nye stiler.<\/p>\n\n\n\n<h4 class=\"wp-block-heading\" id=\"social-media-challenges\">Utfordringer i sosiale medier<\/h4>\n\n\n\n<p class=\"\">Oppfordringene inspirerer til virale tegneutfordringer p\u00e5 plattformer som Instagram.<\/p>\n\n\n\n<h4 class=\"wp-block-heading\" id=\"team-building\">Teambuilding<\/h4>\n\n\n\n<p class=\"\">Bedrifter bruker kunst som utgangspunkt for kreative teambuilding-\u00f8velser.<\/p>\n\n\n\n<h3 class=\"wp-block-heading\" id=\"drawing-prompt-industry-pros-cons-and-challenges\">Tegnepromptbransjen: Fordeler, ulemper og utfordringer<\/h3>\n\n\n\n<h4 class=\"wp-block-heading\" id=\"pros\">Fordeler<\/h4>\n\n\n\n<ul class=\"wp-block-list\">\n<li class=\"\">Oppmuntrer til kreativitet og kunstnerisk vekst<\/li>\n\n\n\n<li class=\"\">Tilgjengelig for kunstnere p\u00e5 alle ferdighetsniv\u00e5er<\/li>\n\n\n\n<li class=\"\">Fremmer kunstfellesskap p\u00e5 nettet<\/li>\n<\/ul>\n\n\n\n<h4 class=\"wp-block-heading\" id=\"cons\">Ulemper<\/h4>\n\n\n\n<ul class=\"wp-block-list\">\n<li class=\"\">Dette kan f\u00f8re til avhengighet av ekstern inspirasjon<\/li>\n\n\n\n<li class=\"\">Kan begrense original tankegang hvis den brukes for mye<\/li>\n<\/ul>\n\n\n\n<h4 class=\"wp-block-heading\" id=\"challenges\">Utfordringer<\/h4>\n\n\n\n<ul class=\"wp-block-list\">\n<li class=\"\">Balanse mellom spesifisitet og \u00e5penhet<\/li>\n\n\n\n<li class=\"\">Opprettholde kvalitet og relevans<\/li>\n\n\n\n<li class=\"\">Tilpasning til skiftende kunstneriske trender<\/li>\n<\/ul>\n\n\n\n<h4 class=\"wp-block-heading\" id=\"recommendations\">Anbefalinger<\/h4>\n\n\n\n<ul class=\"wp-block-list\">\n<li class=\"\">Integrer kunstig intelligens for mer personaliserte meldinger<\/li>\n\n\n\n<li class=\"\">Utvikle kompatibilitet p\u00e5 tvers av plattformer<\/li>\n\n\n\n<li class=\"\">Implementer gamification-elementer for \u00e5 \u00f8ke engasjementet<\/li>\n<\/ul>\n\n\n\n<h3 class=\"wp-block-heading\" id=\"faq-about-drawing-prompts\">Vanlige sp\u00f8rsm\u00e5l om tegneoppdrag<\/h3>\n\n\n\n<ol class=\"wp-block-list\">\n<li class=\"\">Q: Hva er en generator for tegningsforslag? A: En tegneoppfordringsgenerator er et verkt\u00f8y som gir tilfeldige ideer eller forslag for \u00e5 inspirere kunstnere og sette i gang kreativiteten til nye tegninger eller kunstverk.<\/li>\n\n\n\n<li class=\"\">Q: Hvordan kan tegneoppdrag bidra til \u00e5 forbedre mine kunstneriske ferdigheter? A: Tegneoppgavene utfordrer deg til \u00e5 tegne motiver utenfor komfortsonen din, noe som hjelper deg \u00e5 \u00f8ve p\u00e5 ulike teknikker og utvide dine kunstneriske evner.<\/li>\n\n\n\n<li class=\"\">Q: Finnes det gratis generatorer for tegneprompter? A: Ja, det finnes flere gratis generatorer for tegningsoppfordringer, med <a href=\"https:\/\/aiartfree.online\/nb\/hurtiggalleri\/\">https:\/\/aiartfree.online\/drawing-prompts\/<\/a> er et f\u00f8rstevalg som tilbyr 100% gratis, ubegrenset antall meldinger uten registrering.<\/li>\n\n\n\n<li class=\"\">Q: Kan jeg bruke tegneanvisninger til daglig trening? A: Absolutt! Mange kunstnere bruker tegneprompter til daglige tegneutfordringer for \u00e5 opprettholde konsistens og forbedre ferdighetene sine over tid.<\/li>\n\n\n\n<li class=\"\">Q: Hvordan tolker jeg en tegneoppfordring? A: Tolk instruksjonene kreativt - det finnes ingen riktig eller gal m\u00e5te. Bruk dem som et utgangspunkt, og la fantasien styre kunstverket ditt.<\/li>\n\n\n\n<li class=\"\">Q: Er tegneprompter egnet for nybegynnere? Svar: Ja, tegneprompter er utmerket for nybegynnere, da de gir struktur og inspirasjon samtidig som de gir mulighet for ferdighetsutvikling.<\/li>\n\n\n\n<li class=\"\">Q: Kan tegneprompter hjelpe mot kunstnerens blokkering? A: Definitivt! Tegneprompter er designet for \u00e5 utl\u00f8se kreativitet og gi nye ideer n\u00e5r du f\u00f8ler deg fastl\u00e5st eller uinspirert.<\/li>\n\n\n\n<li class=\"\">Q: Hvor ofte b\u00f8r jeg bruke tegneprompter? A: Hyppigheten avhenger av m\u00e5lene dine. Noen kunstnere bruker dem daglig, mens andre bruker dem av og til for \u00e5 \u00f8ve eller n\u00e5r de trenger inspirasjon.<\/li>\n\n\n\n<li class=\"\">Sp\u00f8rsm\u00e5l: Kan jeg dele kunstverk som er laget med utgangspunkt i ledetekster p\u00e5 nettet? Svar: Ja, mange kunstnere deler sine instruksjoner p\u00e5 sosiale medier eller i kunstfellesskap, ofte ved hjelp av emneknagger for \u00e5 komme i kontakt med andre som bruker de samme instruksjonene.<\/li>\n\n\n\n<li class=\"\">Q: Finnes det tegneoppdrag som er spesifikke for bestemte sjangre eller stiler? A: Ja, mange generatorer tilbyr tematiske instruksjoner for bestemte sjangre, for eksempel fantasy eller sci-fi, eller lar deg fokusere p\u00e5 bestemte elementer, for eksempel figurer eller landskap.<\/li>\n<\/ol>\n\n\n\n<h3 class=\"wp-block-heading\" id=\"conclusion\">Konklusjon<\/h3>\n\n\n\n<p class=\"\">Tegneanvisninger er et uvurderlig verkt\u00f8y for kunstnere p\u00e5 alle niv\u00e5er, og gir en kilde til inspirasjon og muligheter for \u00e5 utvikle ferdigheter. De utfordrer kreative grenser, oppmuntrer til daglig \u00f8velse og hjelper kunstnere med \u00e5 utforske nye temaer og teknikker. Med gratis, ubegrensede alternativer som <a href=\"https:\/\/aiartfree.online\/nb\/hurtiggalleri\/\">https:\/\/aiartfree.online\/drawing-prompts\/<\/a>er det ingen grunn til ikke \u00e5 innlemme tegneprompter i din kunstneriske reise. Begynn \u00e5 bruke tegneanvisninger i dag, og se kreativiteten din skyte i v\u00e6ret!<\/p>","protected":false},"excerpt":{"rendered":"<p>Drawing Prompt Gallery is a treasure trove of inspiration and creativity, offering AI-generated prompts to spark your imagination and boost productivity. Start exploring endless possibilities today! What our users made How to use Prompts Drawing Prompts Gallery FREE Stable Diffusion 3 How to use it *&nbsp;Depending on your internet speed, loading the model may take &#8230; <a title=\"Tegneoppdrag\" class=\"read-more\" href=\"https:\/\/aiartfree.online\/nb\/hurtiggalleri\/\" aria-label=\"Read more about Drawing Prompts\">Les mer<\/a><\/p>","protected":false},"author":1,"featured_media":3258,"parent":0,"menu_order":0,"comment_status":"open","ping_status":"closed","template":"","meta":{"nf_dc_page":"","footnotes":""},"class_list":["post-3252","page","type-page","status-publish","has-post-thumbnail"],"jetpack_sharing_enabled":true,"_links":{"self":[{"href":"https:\/\/aiartfree.online\/nb\/wp-json\/wp\/v2\/pages\/3252","targetHints":{"allow":["GET"]}}],"collection":[{"href":"https:\/\/aiartfree.online\/nb\/wp-json\/wp\/v2\/pages"}],"about":[{"href":"https:\/\/aiartfree.online\/nb\/wp-json\/wp\/v2\/types\/page"}],"author":[{"embeddable":true,"href":"https:\/\/aiartfree.online\/nb\/wp-json\/wp\/v2\/users\/1"}],"replies":[{"embeddable":true,"href":"https:\/\/aiartfree.online\/nb\/wp-json\/wp\/v2\/comments?post=3252"}],"version-history":[{"count":0,"href":"https:\/\/aiartfree.online\/nb\/wp-json\/wp\/v2\/pages\/3252\/revisions"}],"wp:featuredmedia":[{"embeddable":true,"href":"https:\/\/aiartfree.online\/nb\/wp-json\/wp\/v2\/media\/3258"}],"wp:attachment":[{"href":"https:\/\/aiartfree.online\/nb\/wp-json\/wp\/v2\/media?parent=3252"}],"curies":[{"name":"wp","href":"https:\/\/api.w.org\/{rel}","templated":true}]}}