{"id":3118,"date":"2024-07-21T07:42:17","date_gmt":"2024-07-21T07:42:17","guid":{"rendered":"https:\/\/aiartfree.online\/?page_id=3118"},"modified":"2024-08-02T10:50:16","modified_gmt":"2024-08-02T10:50:16","slug":"ai-powered-free-generative-ai-tools","status":"publish","type":"page","link":"https:\/\/aiartfree.online\/nb\/ai-drevet-gratis-generative-ai-verktoy\/","title":{"rendered":"Gratis generative AI-verkt\u00f8y med kunstig intelligens"},"content":{"rendered":"<p class=\"has-text-align-center\">Utforsk AI-drevne verkt\u00f8y for \u00e5 skape og finjustere AI-generert kunst med generativ AI og stabil diffusjon.<\/p>\n\n\n<div class=\"gb-grid-wrapper gb-grid-wrapper-7a2ecaba\">\n<div class=\"gb-grid-column gb-grid-column-d877546f\"><div class=\"gb-container gb-container-d877546f\">\n\n<figure class=\"gb-block-image gb-block-image-f4366c85\"><a href=\"https:\/\/aiartfree.online\/nb\/gratis-bakgrunnsfjerner\/\" target=\"_blank\" rel=\"noopener noreferrer\"><img data-recalc-dims=\"1\" decoding=\"async\" loading=\"lazy\" width=\"1200\" height=\"788\" class=\"gb-image gb-image-f4366c85\" src=\"https:\/\/i0.wp.com\/aiartfree.online\/wp-content\/uploads\/2024\/07\/WX20240719-170229%402x.jpg?resize=1200%2C788&#038;ssl=1\" alt=\"Gratis bakgrunnsfjerner p\u00e5 nett\" title=\"WX20240719-170229@2x\" srcset=\"https:\/\/i0.wp.com\/aiartfree.online\/wp-content\/uploads\/2024\/07\/WX20240719-170229%402x.jpg?w=1766&amp;ssl=1 1766w, https:\/\/i0.wp.com\/aiartfree.online\/wp-content\/uploads\/2024\/07\/WX20240719-170229%402x.jpg?resize=300%2C197&amp;ssl=1 300w, https:\/\/i0.wp.com\/aiartfree.online\/wp-content\/uploads\/2024\/07\/WX20240719-170229%402x.jpg?resize=1024%2C673&amp;ssl=1 1024w, https:\/\/i0.wp.com\/aiartfree.online\/wp-content\/uploads\/2024\/07\/WX20240719-170229%402x.jpg?resize=768%2C504&amp;ssl=1 768w, https:\/\/i0.wp.com\/aiartfree.online\/wp-content\/uploads\/2024\/07\/WX20240719-170229%402x.jpg?resize=1536%2C1009&amp;ssl=1 1536w, https:\/\/i0.wp.com\/aiartfree.online\/wp-content\/uploads\/2024\/07\/WX20240719-170229%402x.jpg?resize=18%2C12&amp;ssl=1 18w, https:\/\/i0.wp.com\/aiartfree.online\/wp-content\/uploads\/2024\/07\/WX20240719-170229%402x.jpg?resize=600%2C394&amp;ssl=1 600w\" sizes=\"auto, (max-width: 1200px) 100vw, 1200px\" \/><\/a><\/figure>\n\n\n\n<h3 class=\"gb-headline gb-headline-bde34292 gb-headline-text\">Bakgrunnsfjerner<\/h3>\n\n\n\n<p class=\"gb-headline gb-headline-ac554fef gb-headline-text\">Fjern bakgrunner fra bilder uten problemer med AI-drevet teknologi, perfekt for \u00e5 skape rene og profesjonelle AI-genererte bilder.<\/p>\n\n<\/div><\/div>\n\n<div class=\"gb-grid-column gb-grid-column-53823307\"><div class=\"gb-container gb-container-53823307\">\n\n<figure class=\"gb-block-image gb-block-image-8df749b0\"><a href=\"https:\/\/aiartfree.online\/nb\/ai-image-enhancer\/\" target=\"_blank\" rel=\"noopener noreferrer\"><img data-recalc-dims=\"1\" decoding=\"async\" loading=\"lazy\" width=\"1200\" height=\"665\" class=\"gb-image gb-image-8df749b0\" src=\"https:\/\/i0.wp.com\/aiartfree.online\/wp-content\/uploads\/2024\/07\/WX20240717-181127%402x-1-1-1-1-1-1.jpg?resize=1200%2C665&#038;ssl=1\" alt=\"\" title=\"WX20240717-181127@2x (1) (1) (1) (1) (1) (1) (1)\" srcset=\"https:\/\/i0.wp.com\/aiartfree.online\/wp-content\/uploads\/2024\/07\/WX20240717-181127%402x-1-1-1-1-1-1.jpg?w=2276&amp;ssl=1 2276w, https:\/\/i0.wp.com\/aiartfree.online\/wp-content\/uploads\/2024\/07\/WX20240717-181127%402x-1-1-1-1-1-1.jpg?resize=300%2C166&amp;ssl=1 300w, https:\/\/i0.wp.com\/aiartfree.online\/wp-content\/uploads\/2024\/07\/WX20240717-181127%402x-1-1-1-1-1-1.jpg?resize=1024%2C568&amp;ssl=1 1024w, https:\/\/i0.wp.com\/aiartfree.online\/wp-content\/uploads\/2024\/07\/WX20240717-181127%402x-1-1-1-1-1-1.jpg?resize=768%2C426&amp;ssl=1 768w, https:\/\/i0.wp.com\/aiartfree.online\/wp-content\/uploads\/2024\/07\/WX20240717-181127%402x-1-1-1-1-1-1.jpg?resize=1536%2C852&amp;ssl=1 1536w, https:\/\/i0.wp.com\/aiartfree.online\/wp-content\/uploads\/2024\/07\/WX20240717-181127%402x-1-1-1-1-1-1.jpg?resize=2048%2C1136&amp;ssl=1 2048w, https:\/\/i0.wp.com\/aiartfree.online\/wp-content\/uploads\/2024\/07\/WX20240717-181127%402x-1-1-1-1-1-1.jpg?resize=18%2C10&amp;ssl=1 18w, https:\/\/i0.wp.com\/aiartfree.online\/wp-content\/uploads\/2024\/07\/WX20240717-181127%402x-1-1-1-1-1-1.jpg?resize=600%2C333&amp;ssl=1 600w\" sizes=\"auto, (max-width: 1200px) 100vw, 1200px\" \/><\/a><\/figure>\n\n\n\n<h3 class=\"gb-headline gb-headline-9edecf11 gb-headline-text\">AI Image Enhancer<\/h3>\n\n\n\n<p class=\"gb-headline gb-headline-fc5046fc gb-headline-text\">Bruk AI-algoritmer til \u00e5 hente ut tekstmeldinger fra bilder og forbedre den AI-genererte kunstskapingsprosessen.<\/p>\n\n<\/div><\/div>\n\n<div class=\"gb-grid-column gb-grid-column-f8f6e1ce\"><div class=\"gb-container gb-container-f8f6e1ce\">\n\n<figure class=\"gb-block-image gb-block-image-7c8f9ac0\"><a href=\"https:\/\/aiartfree.online\/nb\/gratis-ai-logo-generator\/\" target=\"_blank\" rel=\"noopener noreferrer\"><img data-recalc-dims=\"1\" decoding=\"async\" loading=\"lazy\" width=\"1200\" height=\"658\" class=\"gb-image gb-image-7c8f9ac0\" src=\"https:\/\/i0.wp.com\/aiartfree.online\/wp-content\/uploads\/2024\/07\/1_mL5ZQFtjfXkQdHh6qz_13w.jpg?resize=1200%2C658&#038;ssl=1\" alt=\"Slik bruker du Free AI Logo GeneratorSlipp eller last opp bildet dittKlikk p\u00e5 &quot;Send&quot;Vent, det er det! * Avhengig av internetthastigheten din, kan det ta noen sekunder \u00e5 laste inn modellen * Det vil v\u00e6re caching under kontinuerlig generering, og det nye bildet vises etter ca. 3 sekunder.\" title=\"1_mL5ZQFtjfXkQdHh6qz_13w\" srcset=\"https:\/\/i0.wp.com\/aiartfree.online\/wp-content\/uploads\/2024\/07\/1_mL5ZQFtjfXkQdHh6qz_13w.jpg?w=1400&amp;ssl=1 1400w, https:\/\/i0.wp.com\/aiartfree.online\/wp-content\/uploads\/2024\/07\/1_mL5ZQFtjfXkQdHh6qz_13w.jpg?resize=300%2C165&amp;ssl=1 300w, https:\/\/i0.wp.com\/aiartfree.online\/wp-content\/uploads\/2024\/07\/1_mL5ZQFtjfXkQdHh6qz_13w.jpg?resize=1024%2C562&amp;ssl=1 1024w, https:\/\/i0.wp.com\/aiartfree.online\/wp-content\/uploads\/2024\/07\/1_mL5ZQFtjfXkQdHh6qz_13w.jpg?resize=768%2C421&amp;ssl=1 768w, https:\/\/i0.wp.com\/aiartfree.online\/wp-content\/uploads\/2024\/07\/1_mL5ZQFtjfXkQdHh6qz_13w.jpg?resize=18%2C10&amp;ssl=1 18w, https:\/\/i0.wp.com\/aiartfree.online\/wp-content\/uploads\/2024\/07\/1_mL5ZQFtjfXkQdHh6qz_13w.jpg?resize=600%2C329&amp;ssl=1 600w\" sizes=\"auto, (max-width: 1200px) 100vw, 1200px\" \/><\/a><\/figure>\n\n\n\n<h3 class=\"gb-headline gb-headline-ece537a3 gb-headline-text\">Gratis AI-logogenerator<\/h3>\n\n\n\n<p class=\"gb-headline gb-headline-d3e33f21 gb-headline-text\">Gj\u00f8r bilder om til skisser med AI-drevne verkt\u00f8y for \u00e5 skape toppmoderne AI-genererte kunstverk.<\/p>\n\n<\/div><\/div>\n\n<div class=\"gb-grid-column gb-grid-column-cfe0b1c7\"><div class=\"gb-container gb-container-cfe0b1c7\">\n\n<figure class=\"gb-block-image gb-block-image-47b06bcc\"><a href=\"https:\/\/aiartfree.online\/nb\/video-til-gif\/\" target=\"_blank\" rel=\"noopener noreferrer\"><img data-recalc-dims=\"1\" decoding=\"async\" loading=\"lazy\" width=\"500\" height=\"226\" class=\"gb-image gb-image-47b06bcc\" src=\"https:\/\/i0.wp.com\/aiartfree.online\/wp-content\/uploads\/2024\/07\/1_AmI9wRbXrfIWGESx6eEiTw-1.gif?resize=500%2C226&#038;ssl=1\" alt=\"Video til GIF\" title=\"1_AmI9wRbXrfIWGESx6eEiTw (1)\"\/><\/a><\/figure>\n\n\n\n<h3 class=\"gb-headline gb-headline-13f09536 gb-headline-text\">Video til GIF<\/h3>\n\n\n<div class=\"gb-container gb-container-36ada783\">\n<div class=\"gb-container gb-container-67335c43\">\n<div class=\"gb-container gb-container-5f25fd6e\">\n\n<p class=\"gb-headline gb-headline-3a8e51c7 gb-headline-text\">Konverter videoer til GIF-er uten problemer ved hjelp av det AI-drevne Video til GIF-verkt\u00f8yet for engasjerende innhold i sosiale medier.<\/p>\n\n<\/div>\n<\/div>\n<\/div>\n<\/div><\/div>\n\n<div class=\"gb-grid-column gb-grid-column-a52d4921\"><div class=\"gb-container gb-container-a52d4921\">\n\n<figure class=\"gb-block-image gb-block-image-654cc877\"><a href=\"https:\/\/aiartfree.online\/nb\/ai-videogenerator\/\" target=\"_blank\" rel=\"noopener noreferrer\"><img data-recalc-dims=\"1\" decoding=\"async\" loading=\"lazy\" width=\"1030\" height=\"582\" class=\"gb-image gb-image-654cc877\" src=\"https:\/\/i0.wp.com\/aiartfree.online\/wp-content\/uploads\/2024\/07\/WX20240720-101347%402x.jpg?resize=1030%2C582&#038;ssl=1\" alt=\"\" title=\"WX20240720-101347@2x\" srcset=\"https:\/\/i0.wp.com\/aiartfree.online\/wp-content\/uploads\/2024\/07\/WX20240720-101347%402x.jpg?w=1030&amp;ssl=1 1030w, https:\/\/i0.wp.com\/aiartfree.online\/wp-content\/uploads\/2024\/07\/WX20240720-101347%402x.jpg?resize=300%2C170&amp;ssl=1 300w, https:\/\/i0.wp.com\/aiartfree.online\/wp-content\/uploads\/2024\/07\/WX20240720-101347%402x.jpg?resize=1024%2C579&amp;ssl=1 1024w, https:\/\/i0.wp.com\/aiartfree.online\/wp-content\/uploads\/2024\/07\/WX20240720-101347%402x.jpg?resize=768%2C434&amp;ssl=1 768w, https:\/\/i0.wp.com\/aiartfree.online\/wp-content\/uploads\/2024\/07\/WX20240720-101347%402x.jpg?resize=18%2C10&amp;ssl=1 18w, https:\/\/i0.wp.com\/aiartfree.online\/wp-content\/uploads\/2024\/07\/WX20240720-101347%402x.jpg?resize=600%2C339&amp;ssl=1 600w\" sizes=\"auto, (max-width: 1030px) 100vw, 1030px\" \/><\/a><\/figure>\n\n\n\n<h3 class=\"gb-headline gb-headline-e8a802cb gb-headline-text\">AI-videogenerator<\/h3>\n\n\n\n<p class=\"gb-headline gb-headline-998aa584 gb-headline-text\">Med AI Video Generator kan du lage videoer av h\u00f8y kvalitet ut fra tekstmeldinger ved hjelp av banebrytende kunstig intelligens.<\/p>\n\n<\/div><\/div>\n\n<div class=\"gb-grid-column gb-grid-column-4a667bfa\"><div class=\"gb-container gb-container-4a667bfa\">\n\n<figure class=\"gb-block-image gb-block-image-3cc39a91\"><a href=\"https:\/\/aiartfree.online\/nb\/promptgenerator\/\" target=\"_blank\" rel=\"noopener noreferrer\"><img data-recalc-dims=\"1\" decoding=\"async\" loading=\"lazy\" width=\"1200\" height=\"600\" class=\"gb-image gb-image-3cc39a91\" src=\"https:\/\/i0.wp.com\/aiartfree.online\/wp-content\/uploads\/2024\/07\/WX20240724-132929%402x-scaled.webp?resize=1200%2C600&#038;ssl=1\" alt=\"\" title=\"WX20240724-132929@2x\" srcset=\"https:\/\/i0.wp.com\/aiartfree.online\/wp-content\/uploads\/2024\/07\/WX20240724-132929%402x-scaled.webp?w=2560&amp;ssl=1 2560w, https:\/\/i0.wp.com\/aiartfree.online\/wp-content\/uploads\/2024\/07\/WX20240724-132929%402x-scaled.webp?resize=300%2C150&amp;ssl=1 300w, https:\/\/i0.wp.com\/aiartfree.online\/wp-content\/uploads\/2024\/07\/WX20240724-132929%402x-scaled.webp?resize=1024%2C512&amp;ssl=1 1024w, https:\/\/i0.wp.com\/aiartfree.online\/wp-content\/uploads\/2024\/07\/WX20240724-132929%402x-scaled.webp?resize=768%2C384&amp;ssl=1 768w, https:\/\/i0.wp.com\/aiartfree.online\/wp-content\/uploads\/2024\/07\/WX20240724-132929%402x-scaled.webp?resize=1536%2C768&amp;ssl=1 1536w, https:\/\/i0.wp.com\/aiartfree.online\/wp-content\/uploads\/2024\/07\/WX20240724-132929%402x-scaled.webp?resize=2048%2C1023&amp;ssl=1 2048w, https:\/\/i0.wp.com\/aiartfree.online\/wp-content\/uploads\/2024\/07\/WX20240724-132929%402x-scaled.webp?resize=18%2C9&amp;ssl=1 18w, https:\/\/i0.wp.com\/aiartfree.online\/wp-content\/uploads\/2024\/07\/WX20240724-132929%402x-scaled.webp?resize=600%2C300&amp;ssl=1 600w, https:\/\/i0.wp.com\/aiartfree.online\/wp-content\/uploads\/2024\/07\/WX20240724-132929%402x-scaled.webp?w=2400&amp;ssl=1 2400w\" sizes=\"auto, (max-width: 1200px) 100vw, 1200px\" \/><\/a><\/figure>\n\n\n\n<h3 class=\"gb-headline gb-headline-47d8eb78 gb-headline-text\">Sp\u00f8rregenerator<\/h3>\n\n\n\n<p class=\"gb-headline gb-headline-82ce0801 gb-headline-text\">utnytter AI for \u00e5 hjelpe brukerne med \u00e5 overvinne kreative blokkeringer og generere innovative ideer.<\/p>\n\n<\/div><\/div>\n\n<div class=\"gb-grid-column gb-grid-column-e19b55b0\"><div class=\"gb-container gb-container-e19b55b0\">\n\n<figure class=\"gb-block-image gb-block-image-76aaaa5e\"><a href=\"https:\/\/aiartfree.online\/nb\/prompt-gallery\/\" target=\"_blank\" rel=\"noopener noreferrer\"><img data-recalc-dims=\"1\" decoding=\"async\" loading=\"lazy\" width=\"1162\" height=\"860\" class=\"gb-image gb-image-76aaaa5e\" src=\"https:\/\/i0.wp.com\/aiartfree.online\/wp-content\/uploads\/2024\/07\/WX20240725-170230%402x.jpg?resize=1162%2C860&#038;ssl=1\" alt=\"Promptgalleri, Promptsamling\" title=\"WX20240725-170230@2x\" srcset=\"https:\/\/i0.wp.com\/aiartfree.online\/wp-content\/uploads\/2024\/07\/WX20240725-170230%402x.jpg?w=1162&amp;ssl=1 1162w, https:\/\/i0.wp.com\/aiartfree.online\/wp-content\/uploads\/2024\/07\/WX20240725-170230%402x.jpg?resize=300%2C222&amp;ssl=1 300w, https:\/\/i0.wp.com\/aiartfree.online\/wp-content\/uploads\/2024\/07\/WX20240725-170230%402x.jpg?resize=1024%2C758&amp;ssl=1 1024w, https:\/\/i0.wp.com\/aiartfree.online\/wp-content\/uploads\/2024\/07\/WX20240725-170230%402x.jpg?resize=768%2C568&amp;ssl=1 768w, https:\/\/i0.wp.com\/aiartfree.online\/wp-content\/uploads\/2024\/07\/WX20240725-170230%402x.jpg?resize=16%2C12&amp;ssl=1 16w, https:\/\/i0.wp.com\/aiartfree.online\/wp-content\/uploads\/2024\/07\/WX20240725-170230%402x.jpg?resize=600%2C444&amp;ssl=1 600w\" sizes=\"auto, (max-width: 1162px) 100vw, 1162px\" \/><\/a><\/figure>\n\n\n\n<h3 class=\"gb-headline gb-headline-ece68f62 gb-headline-text\">Prompt Gallery<\/h3>\n\n\n\n<p class=\"gb-headline gb-headline-9d2cab43 gb-headline-text\">En skattkiste av inspirasjon og kreativitet.<\/p>\n\n<\/div><\/div>\n<\/div>\n\n\n<div style=\"height:100px\" aria-hidden=\"true\" class=\"wp-block-spacer\"><\/div>\n\n\n\n<h2 class=\"wp-block-heading\">Introduksjon til gratis generative AI-verkt\u00f8y med kunstig intelligens<\/h2>\n\n\n\n<p class=\"\">Generative AI-verkt\u00f8y revolusjonerer den kreative bransjen og gir brukerne muligheten til \u00e5 generere bilder, kunstverk og mer av h\u00f8y kvalitet med bare noen f\u00e5 klikk. Disse verkt\u00f8yene utnytter avanserte AI-algoritmer for \u00e5 produsere unike og visuelt imponerende kreasjoner, noe som gj\u00f8r dem tilgjengelige for b\u00e5de amat\u00f8rer og profesjonelle. I denne artikkelen skal vi se n\u00e6rmere p\u00e5 hva AI-drevne gratis generative AI-verkt\u00f8y er, hvor viktige de er, hvilke fordeler de har, hvilke scenarier som egner seg, hvem som kan bruke dem, og en sammenligning av de 10 beste verkt\u00f8yene p\u00e5 omr\u00e5det.<\/p>\n\n\n\n<figure class=\"wp-block-image size-large is-resized\"><img data-recalc-dims=\"1\" data-dominant-color=\"151412\" data-has-transparency=\"false\" decoding=\"async\" width=\"1024\" height=\"701\"   loading=\"lazy\" src=\"https:\/\/i0.wp.com\/aiartfree.online\/wp-content\/uploads\/2024\/08\/out-0-6.webp?resize=1024%2C701&#038;ssl=1\" alt=\"Utforsk AI-drevne verkt\u00f8y for \u00e5 skape og finjustere AI-generert kunst med generativ AI og stabil diffusjon.\" class=\"wp-image-3499 not-transparent\" style=\"--dominant-color: #151412; width:639px;height:auto\" srcset=\"https:\/\/i0.wp.com\/aiartfree.online\/wp-content\/uploads\/2024\/08\/out-0-6.webp?resize=1024%2C701&amp;ssl=1 1024w, https:\/\/i0.wp.com\/aiartfree.online\/wp-content\/uploads\/2024\/08\/out-0-6.webp?resize=300%2C205&amp;ssl=1 300w, https:\/\/i0.wp.com\/aiartfree.online\/wp-content\/uploads\/2024\/08\/out-0-6.webp?resize=768%2C525&amp;ssl=1 768w, https:\/\/i0.wp.com\/aiartfree.online\/wp-content\/uploads\/2024\/08\/out-0-6.webp?resize=18%2C12&amp;ssl=1 18w, https:\/\/i0.wp.com\/aiartfree.online\/wp-content\/uploads\/2024\/08\/out-0-6.webp?resize=600%2C411&amp;ssl=1 600w, https:\/\/i0.wp.com\/aiartfree.online\/wp-content\/uploads\/2024\/08\/out-0-6.webp?w=1216&amp;ssl=1 1216w\" sizes=\"auto, (max-width: 1024px) 100vw, 1024px\" \/><\/figure>\n\n\n\n<h3 class=\"wp-block-heading\">Innholdsfortegnelse<\/h3>\n\n\n\n<ol class=\"wp-block-list\">\n<li class=\"\"><a href=\"#what-are-ai-powered-free-generative-ai-tools\">Hva er AI-drevne gratis generative AI-verkt\u00f8y?<\/a><\/li>\n\n\n\n<li class=\"\"><a href=\"#importance-of-ai-powered-free-generative-ai-tools\">Betydningen av gratis generative AI-verkt\u00f8y med kunstig intelligens<\/a><\/li>\n\n\n\n<li class=\"\"><a href=\"#benefits-of-using-ai-powered-free-generative-ai-tools\">Fordelene med \u00e5 bruke gratis generative AI-verkt\u00f8y med kunstig intelligens<\/a><\/li>\n\n\n\n<li class=\"\"><a href=\"#suitable-scenarios-for-using-ai-powered-free-generative-ai-tools\">Egnede scenarier for bruk av gratis generative AI-verkt\u00f8y med kunstig intelligens<\/a><\/li>\n\n\n\n<li class=\"\"><a href=\"#who-can-use-ai-powered-free-generative-ai-tools\">Hvem kan bruke gratis generative AI-verkt\u00f8y med kunstig intelligens?<\/a><\/li>\n\n\n\n<li class=\"\"><a href=\"#top-10-related-tools-and-pros--cons\">Topp 10 relaterte verkt\u00f8y og fordeler og ulemper<\/a><\/li>\n\n\n\n<li class=\"\"><a href=\"#10-faqs\">10 vanlige sp\u00f8rsm\u00e5l<\/a><\/li>\n<\/ol>\n\n\n\n<h3 class=\"wp-block-heading\">Hva er AI-drevne gratis generative AI-verkt\u00f8y?<\/h3>\n\n\n\n<p class=\"\">Gratis generative AI-verkt\u00f8y med kunstig intelligens er programvare som bruker kunstig intelligens-algoritmer til \u00e5 skape nytt innhold, for eksempel bilder, musikk og tekst, fra bunnen av eller ved \u00e5 modifisere eksisterende innhold. Disse verkt\u00f8yene bruker teknikker som maskinl\u00e6ring og dyp l\u00e6ring til \u00e5 analysere data og generere kreative resultater som etterligner menneskelignende kreasjoner. Eksempler p\u00e5 dette er verkt\u00f8y som Midjourney, Stable Diffusion og DALL-E, som er kjent for sin evne til \u00e5 generere AI-kunst.<\/p>\n\n\n\n<h3 class=\"wp-block-heading\">Betydningen av gratis generative AI-verkt\u00f8y med kunstig intelligens<\/h3>\n\n\n\n<p class=\"\">Betydningen av gratis generative AI-verkt\u00f8y ligger i deres evne til \u00e5 demokratisere kreativiteten. De gj\u00f8r det mulig for brukere med ulik bakgrunn \u00e5 skape unikt innhold av h\u00f8y kvalitet uten at det kreves avanserte tekniske ferdigheter eller kostbar programvare. Dette har stor betydning for bransjer som digital markedsf\u00f8ring, grafisk design, underholdning og utdanning. Disse verkt\u00f8yene fremmer ogs\u00e5 innovasjon ved at brukerne kan eksperimentere med nye ideer og konsepter, noe som flytter grensene for tradisjonell kreativitet.<\/p>\n\n\n\n<h3 class=\"wp-block-heading\">Fordelene med \u00e5 bruke gratis generative AI-verkt\u00f8y med kunstig intelligens<\/h3>\n\n\n\n<ol class=\"wp-block-list\">\n<li class=\"\"><strong>Tilgjengelighet<\/strong>: Disse verkt\u00f8yene er gratis, noe som gj\u00f8r dem tilgjengelige for alle med internettforbindelse.<\/li>\n\n\n\n<li class=\"\"><strong>Effektivitet<\/strong>: De reduserer tiden og innsatsen som kreves for \u00e5 skape innhold av h\u00f8y kvalitet.<\/li>\n\n\n\n<li class=\"\"><strong>Kreativitet<\/strong>: Brukerne kan utforske endel\u00f8se kreative muligheter og skape unike og originale verk.<\/li>\n\n\n\n<li class=\"\"><strong>Kostnadseffektivt<\/strong>: Eliminerer behovet for kostbar designprogramvare og profesjonelle designere.<\/li>\n\n\n\n<li class=\"\"><strong>Skalerbarhet<\/strong>: Kan h\u00e5ndtere store mengder innhold, noe som gj\u00f8r dem ideelle for bedrifter og markedsf\u00f8rere.<\/li>\n<\/ol>\n\n\n\n<h3 class=\"wp-block-heading\">Egnede scenarier for bruk av gratis generative AI-verkt\u00f8y med kunstig intelligens<\/h3>\n\n\n\n<ol class=\"wp-block-list\">\n<li class=\"\"><strong>Digital markedsf\u00f8ring<\/strong>: Lage engasjerende bilder for sosiale medier, annonser og innholdsmarkedsf\u00f8ring.<\/li>\n\n\n\n<li class=\"\"><strong>Grafisk design<\/strong>: Skape unik design og kunstverk for ulike prosjekter.<\/li>\n\n\n\n<li class=\"\"><strong>Underholdning<\/strong>: Produserer visuelt materiale for dataspill, filmer og animasjoner.<\/li>\n\n\n\n<li class=\"\"><strong>Utdanning<\/strong>: Hjelper til med \u00e5 lage undervisningsmateriell og visuelle hjelpemidler.<\/li>\n\n\n\n<li class=\"\"><strong>Personlige prosjekter<\/strong>: Forbedre personlig kreativitet og hobbyer med unik kunst.<\/li>\n<\/ol>\n\n\n\n<h3 class=\"wp-block-heading\">Hvem kan bruke gratis generative AI-verkt\u00f8y med kunstig intelligens?<\/h3>\n\n\n\n<ol class=\"wp-block-list\">\n<li class=\"\"><strong>Kunstnere<\/strong>: Utforske nye kreative teknikker og f\u00e5 inspirasjon.<\/li>\n\n\n\n<li class=\"\"><strong>Designere<\/strong>: For raske og innovative designl\u00f8sninger.<\/li>\n\n\n\n<li class=\"\"><strong>Markedsf\u00f8rere<\/strong>: \u00c5 skape overbevisende visuelt innhold til kampanjer.<\/li>\n\n\n\n<li class=\"\"><strong>L\u00e6rere<\/strong>: \u00c5 utvikle engasjerende og informativt pedagogisk innhold.<\/li>\n\n\n\n<li class=\"\"><strong>Hobbyister<\/strong>: Eksperimentere med AI-kunst og kreative prosjekter.<\/li>\n<\/ol>\n\n\n\n<h3 class=\"wp-block-heading\">Topp 10 relaterte verkt\u00f8y og fordeler og ulemper<\/h3>\n\n\n\n<figure class=\"wp-block-table\"><table class=\"has-fixed-layout\"><thead><tr><th>Navn p\u00e5 verkt\u00f8yet<\/th><th>Fordeler<\/th><th>Ulemper<\/th><\/tr><\/thead><tbody><tr><td><strong><a href=\"https:\/\/aiartfree.online\/nb\/gratis-online-midjourney\/\" target=\"_blank\" data-type=\"page\" data-id=\"2887\" rel=\"noreferrer noopener\">Gratis online midtveisreise<\/a><\/strong><\/td><td>Enkel \u00e5 bruke, h\u00f8y kvalitet p\u00e5 utdataene<\/td><td>Begrensede tilpasningsmuligheter<\/td><\/tr><tr><td><strong><a href=\"https:\/\/aiartfree.online\/nb\/gratis-online-stabil-diffusjon-3\/\" target=\"_blank\" data-type=\"page\" data-id=\"2888\" rel=\"noreferrer noopener\">Gratis online stabil diffusjon 3<\/a><\/strong><\/td><td>Genererer realistiske bilder, allsidig<\/td><td>Krever en kraftig GPU for best resultat<\/td><\/tr><tr><td><strong><a href=\"https:\/\/aiartfree.online\/nb\/fri-dalle-3\/\" target=\"_blank\" data-type=\"page\" data-id=\"2889\" rel=\"noreferrer noopener\">Gratis online DALL-E 3<\/a><\/strong><\/td><td>Utmerket for kunstneriske kreasjoner, brukervennlig<\/td><td>Begrenset tilgang til avanserte funksjoner<\/td><\/tr><tr><td><strong>DeepArt.io<\/strong><\/td><td>Forvandler bilder til kunstverk, unike stiler<\/td><td>Langsomme behandlingstider<\/td><\/tr><tr><td><strong>Artbreeder<\/strong><\/td><td>Muliggj\u00f8r samarbeid og ulike resultater<\/td><td>Krever registrering for avanserte funksjoner<\/td><\/tr><tr><td><strong>Rullebane ML<\/strong><\/td><td>Integrert med videoverkt\u00f8y og kraftige AI-modeller<\/td><td>Abonnement kreves for full tilgang<\/td><\/tr><tr><td><strong>NightCafe Creator<\/strong><\/td><td>H\u00f8yoppl\u00f8selige bilder, flere AI-modeller<\/td><td>Begrenset antall gratiskreditter<\/td><\/tr><tr><td><strong>Generator for dype dr\u00f8mmer<\/strong><\/td><td>Kreative og surrealistiske resultater, brukerfellesskap<\/td><td>Vannmerkede bilder i gratisversjonen<\/td><\/tr><tr><td><strong>PaintsChainer<\/strong><\/td><td>AI-fargelegging for strektegning, rask behandling<\/td><td>Begrensede fargevalg<\/td><\/tr><tr><td><strong><a href=\"http:\/\/www.aipaiter.com\" target=\"_blank\" data-type=\"link\" data-id=\"www.aipaiter.com\" rel=\"noreferrer noopener\">AI Painter<\/a><\/strong><\/td><td>Konverterer bilder til malerier, enkelt grensesnitt<\/td><td>Kvaliteten varierer avhengig av inndatabilde<\/td><\/tr><\/tbody><\/table><\/figure>\n\n\n\n<h3 class=\"wp-block-heading\">10 vanlige sp\u00f8rsm\u00e5l<\/h3>\n\n\n\n<ol class=\"wp-block-list\">\n<li class=\"\"><strong>Hva er generativ AI?<\/strong> Generativ AI refererer til algoritmer som skaper nytt innhold, for eksempel bilder eller tekst, ved \u00e5 l\u00e6re av eksisterende data.<\/li>\n\n\n\n<li class=\"\"><strong>Hvordan fungerer AI-drevne generative verkt\u00f8y?<\/strong> De bruker maskinl\u00e6ring og dypl\u00e6ringsmodeller til \u00e5 analysere data og generere nytt, unikt innhold basert p\u00e5 innl\u00e6rte m\u00f8nstre.<\/li>\n\n\n\n<li class=\"\"><strong>Er disse verkt\u00f8yene gratis \u00e5 bruke?<\/strong> Ja, mange AI-drevne generative verkt\u00f8y tilbyr gratisversjoner, selv om noen kan ha premiumfunksjoner.<\/li>\n\n\n\n<li class=\"\"><strong>Kan jeg bruke disse verkt\u00f8yene til kommersielle form\u00e5l?<\/strong> Det avhenger av verkt\u00f8yets lisensavtale; noen tillater kommersiell bruk, mens andre ikke gj\u00f8r det.<\/li>\n\n\n\n<li class=\"\"><strong>Hva er de beste verkt\u00f8yene for \u00e5 generere AI-kunst?<\/strong> Verkt\u00f8y som Midjourney, Stable Diffusion og DALL-E er h\u00f8yt ansett for sine AI-kunstfunksjoner.<\/li>\n\n\n\n<li class=\"\"><strong>Trenger jeg tekniske ferdigheter for \u00e5 bruke disse verkt\u00f8yene?<\/strong> Nei, de fleste av disse verkt\u00f8yene er utformet for \u00e5 v\u00e6re brukervennlige og krever ikke avanserte tekniske ferdigheter.<\/li>\n\n\n\n<li class=\"\"><strong>Kan disse verkt\u00f8yene generere annet innhold enn bilder?<\/strong> Ja, noen generative AI-verkt\u00f8y kan lage musikk, tekst og til og med videoer.<\/li>\n\n\n\n<li class=\"\"><strong>Hva er begrensningene ved AI-generert innhold?<\/strong> AI-generert innhold kan noen ganger mangle nyansene og kreativiteten til menneskeskapt innhold.<\/li>\n\n\n\n<li class=\"\"><strong>Hvordan kan jeg forbedre kvaliteten p\u00e5 AI-genererte bilder?<\/strong> Tydelige og detaljerte tekstmeldinger kan bidra til \u00e5 forbedre kvaliteten p\u00e5 de genererte bildene.<\/li>\n\n\n\n<li class=\"\"><strong>Hva er det beste verkt\u00f8yet for AI-genererte bilder?<\/strong> Det beste verkt\u00f8yet for AI-genererte bilder er <a href=\"https:\/\/aiartfree.online\/nb\/ai-drevet-gratis-generative-ai-verktoy\/\">https:\/\/aiartfree.online\/ai-powered-free-generative-ai-tools\/<\/a>.<\/li>\n<\/ol>\n\n\n\n<p class=\"\">Disse verkt\u00f8yene tilbyr en spennende m\u00e5te \u00e5 \u00f8ke kreativiteten og produktiviteten p\u00e5 tvers av ulike felt, og gj\u00f8r innholdsproduksjon av h\u00f8y kvalitet tilgjengelig for alle.<\/p>\n\n\n\n<p class=\"\"><\/p>","protected":false},"excerpt":{"rendered":"<p>Explore AI-powered tools for creating and fine-tuning AI-generated art with generative AI and stable diffusion. Introduction to AI-Powered Free Generative AI Tools Generative AI tools are revolutionizing the creative industry, offering users the ability to generate high-quality images, artworks, and more with just a few clicks. These tools leverage advanced AI algorithms to produce unique &#8230; <a title=\"Gratis generative AI-verkt\u00f8y med kunstig intelligens\" class=\"read-more\" href=\"https:\/\/aiartfree.online\/nb\/ai-drevet-gratis-generative-ai-verktoy\/\" aria-label=\"Read more about AI-Powered Free Generative AI Tools\">Les mer<\/a><\/p>","protected":false},"author":1,"featured_media":3499,"parent":0,"menu_order":0,"comment_status":"open","ping_status":"closed","template":"","meta":{"nf_dc_page":"","footnotes":""},"class_list":["post-3118","page","type-page","status-publish","has-post-thumbnail"],"jetpack_sharing_enabled":true,"_links":{"self":[{"href":"https:\/\/aiartfree.online\/nb\/wp-json\/wp\/v2\/pages\/3118","targetHints":{"allow":["GET"]}}],"collection":[{"href":"https:\/\/aiartfree.online\/nb\/wp-json\/wp\/v2\/pages"}],"about":[{"href":"https:\/\/aiartfree.online\/nb\/wp-json\/wp\/v2\/types\/page"}],"author":[{"embeddable":true,"href":"https:\/\/aiartfree.online\/nb\/wp-json\/wp\/v2\/users\/1"}],"replies":[{"embeddable":true,"href":"https:\/\/aiartfree.online\/nb\/wp-json\/wp\/v2\/comments?post=3118"}],"version-history":[{"count":0,"href":"https:\/\/aiartfree.online\/nb\/wp-json\/wp\/v2\/pages\/3118\/revisions"}],"wp:featuredmedia":[{"embeddable":true,"href":"https:\/\/aiartfree.online\/nb\/wp-json\/wp\/v2\/media\/3499"}],"wp:attachment":[{"href":"https:\/\/aiartfree.online\/nb\/wp-json\/wp\/v2\/media?parent=3118"}],"curies":[{"name":"wp","href":"https:\/\/api.w.org\/{rel}","templated":true}]}}