{"id":3117,"date":"2024-07-21T07:42:10","date_gmt":"2024-07-21T07:42:10","guid":{"rendered":"https:\/\/aiartfree.online\/?page_id=3117"},"modified":"2024-07-21T07:47:21","modified_gmt":"2024-07-21T07:47:21","slug":"free-ai-art-generator","status":"publish","type":"page","link":"https:\/\/aiartfree.online\/nb\/gratis-ai-art-generator\/","title":{"rendered":"Gratis AI Art Generator"},"content":{"rendered":"<p class=\"has-text-align-center\">Generer fantastiske AI-genererte kunstverk med toppmoderne, gratis AI-kunstverkt\u00f8y.<\/p>\n\n\n<div class=\"gb-grid-wrapper gb-grid-wrapper-cd9cd360\">\n<div class=\"gb-grid-column gb-grid-column-11112ac1\"><div class=\"gb-container gb-container-11112ac1\">\n\n<figure class=\"gb-block-image gb-block-image-3cedc626\"><a href=\"https:\/\/aiartfree.online\/nb\/ai-tegngenerator\/\" target=\"_blank\" rel=\"noopener noreferrer\"><img data-recalc-dims=\"1\" decoding=\"async\" loading=\"lazy\" width=\"1200\" height=\"1190\" class=\"gb-image gb-image-3cedc626\" src=\"https:\/\/i0.wp.com\/aiartfree.online\/wp-content\/uploads\/2024\/07\/WX20240719-144752%402x.jpg?resize=1200%2C1190&#038;ssl=1\" alt=\"AI Character Generator\" title=\"WX20240719-144752@2x\" srcset=\"https:\/\/i0.wp.com\/aiartfree.online\/wp-content\/uploads\/2024\/07\/WX20240719-144752%402x.jpg?w=1632&amp;ssl=1 1632w, https:\/\/i0.wp.com\/aiartfree.online\/wp-content\/uploads\/2024\/07\/WX20240719-144752%402x.jpg?resize=300%2C297&amp;ssl=1 300w, https:\/\/i0.wp.com\/aiartfree.online\/wp-content\/uploads\/2024\/07\/WX20240719-144752%402x.jpg?resize=1024%2C1015&amp;ssl=1 1024w, https:\/\/i0.wp.com\/aiartfree.online\/wp-content\/uploads\/2024\/07\/WX20240719-144752%402x.jpg?resize=150%2C150&amp;ssl=1 150w, https:\/\/i0.wp.com\/aiartfree.online\/wp-content\/uploads\/2024\/07\/WX20240719-144752%402x.jpg?resize=768%2C761&amp;ssl=1 768w, https:\/\/i0.wp.com\/aiartfree.online\/wp-content\/uploads\/2024\/07\/WX20240719-144752%402x.jpg?resize=1536%2C1523&amp;ssl=1 1536w, https:\/\/i0.wp.com\/aiartfree.online\/wp-content\/uploads\/2024\/07\/WX20240719-144752%402x.jpg?resize=12%2C12&amp;ssl=1 12w, https:\/\/i0.wp.com\/aiartfree.online\/wp-content\/uploads\/2024\/07\/WX20240719-144752%402x.jpg?resize=600%2C595&amp;ssl=1 600w, https:\/\/i0.wp.com\/aiartfree.online\/wp-content\/uploads\/2024\/07\/WX20240719-144752%402x.jpg?resize=100%2C100&amp;ssl=1 100w\" sizes=\"auto, (max-width: 1200px) 100vw, 1200px\" \/><\/a><\/figure>\n\n\n\n<h3 class=\"gb-headline gb-headline-efcb9b85 gb-headline-text\">AI Character Generator<\/h3>\n\n\n\n<p class=\"gb-headline gb-headline-f3afe0a5 gb-headline-text\">Med AI Character Generator kan du designe unike figurer ved hjelp av AI-algoritmer og generativ AI-teknologi.<\/p>\n\n<\/div><\/div>\n\n<div class=\"gb-grid-column gb-grid-column-d5a6cb82\"><div class=\"gb-container gb-container-d5a6cb82\">\n\n<figure class=\"gb-block-image gb-block-image-b9b8fce6\"><a href=\"https:\/\/aiartfree.online\/nb\/gratis-pixar-ai-generator\/\" target=\"_blank\" rel=\"noopener noreferrer\"><img data-recalc-dims=\"1\" decoding=\"async\" loading=\"lazy\" width=\"938\" height=\"626\" class=\"gb-image gb-image-b9b8fce6\" src=\"https:\/\/i0.wp.com\/aiartfree.online\/wp-content\/uploads\/2024\/07\/WX20240717-174206%402x.jpg?resize=938%2C626&#038;ssl=1\" alt=\"pixar ai-generator\" title=\"WX20240717-174206@2x\" srcset=\"https:\/\/i0.wp.com\/aiartfree.online\/wp-content\/uploads\/2024\/07\/WX20240717-174206%402x.jpg?w=938&amp;ssl=1 938w, https:\/\/i0.wp.com\/aiartfree.online\/wp-content\/uploads\/2024\/07\/WX20240717-174206%402x.jpg?resize=300%2C200&amp;ssl=1 300w, https:\/\/i0.wp.com\/aiartfree.online\/wp-content\/uploads\/2024\/07\/WX20240717-174206%402x.jpg?resize=768%2C513&amp;ssl=1 768w, https:\/\/i0.wp.com\/aiartfree.online\/wp-content\/uploads\/2024\/07\/WX20240717-174206%402x.jpg?resize=18%2C12&amp;ssl=1 18w, https:\/\/i0.wp.com\/aiartfree.online\/wp-content\/uploads\/2024\/07\/WX20240717-174206%402x.jpg?resize=600%2C400&amp;ssl=1 600w\" sizes=\"auto, (max-width: 938px) 100vw, 938px\" \/><\/a><\/figure>\n\n\n\n<h3 class=\"gb-headline gb-headline-0c51996c gb-headline-text\">Pixar AI Generator<\/h3>\n\n\n\n<p class=\"gb-headline gb-headline-83bb38c0 gb-headline-text\">Forvandle ideene dine til AI-generert kunst i Pixar-stil med gratis nettbasert banebrytende generativ AI.<\/p>\n\n<\/div><\/div>\n\n<div class=\"gb-grid-column gb-grid-column-bdb1b3f6\"><div class=\"gb-container gb-container-bdb1b3f6\">\n\n<figure class=\"gb-block-image gb-block-image-129ad6ad\"><a href=\"https:\/\/aiartfree.online\/nb\/anime-ai-generator\/\" target=\"_blank\" rel=\"noopener noreferrer\"><img data-recalc-dims=\"1\" decoding=\"async\" loading=\"lazy\" width=\"1200\" height=\"718\" class=\"gb-image gb-image-129ad6ad\" src=\"https:\/\/i0.wp.com\/aiartfree.online\/wp-content\/uploads\/2024\/07\/WX20240719-123748%402x.jpg?resize=1200%2C718&#038;ssl=1\" alt=\"anime-ai-generator\/\" title=\"WX20240719-123748@2x\" srcset=\"https:\/\/i0.wp.com\/aiartfree.online\/wp-content\/uploads\/2024\/07\/WX20240719-123748%402x.jpg?w=1314&amp;ssl=1 1314w, https:\/\/i0.wp.com\/aiartfree.online\/wp-content\/uploads\/2024\/07\/WX20240719-123748%402x.jpg?resize=300%2C179&amp;ssl=1 300w, https:\/\/i0.wp.com\/aiartfree.online\/wp-content\/uploads\/2024\/07\/WX20240719-123748%402x.jpg?resize=1024%2C613&amp;ssl=1 1024w, https:\/\/i0.wp.com\/aiartfree.online\/wp-content\/uploads\/2024\/07\/WX20240719-123748%402x.jpg?resize=768%2C459&amp;ssl=1 768w, https:\/\/i0.wp.com\/aiartfree.online\/wp-content\/uploads\/2024\/07\/WX20240719-123748%402x.jpg?resize=18%2C12&amp;ssl=1 18w, https:\/\/i0.wp.com\/aiartfree.online\/wp-content\/uploads\/2024\/07\/WX20240719-123748%402x.jpg?resize=600%2C359&amp;ssl=1 600w\" sizes=\"auto, (max-width: 1200px) 100vw, 1200px\" \/><\/a><\/figure>\n\n\n\n<h3 class=\"gb-headline gb-headline-3dd3b4a8 gb-headline-text\">Anime AI Generator<\/h3>\n\n\n\n<p class=\"gb-headline gb-headline-9bb27b5a gb-headline-text\">Generer levende animekunst ved hjelp av Anime AI Generator, som drives av avanserte AI-algoritmer.<\/p>\n\n<\/div><\/div>\n\n<div class=\"gb-grid-column gb-grid-column-cd81c4c8\"><div class=\"gb-container gb-container-cd81c4c8\">\n\n<figure class=\"gb-block-image gb-block-image-420788f4\"><a href=\"https:\/\/aiartfree.online\/nb\/ai-tegneseriegenerator\/\" target=\"_blank\" rel=\"noopener noreferrer\"><img data-recalc-dims=\"1\" decoding=\"async\" loading=\"lazy\" width=\"1200\" height=\"596\" class=\"gb-image gb-image-420788f4\" src=\"https:\/\/i0.wp.com\/aiartfree.online\/wp-content\/uploads\/2024\/07\/WX20240717-175407%402x-1-1-1-scaled.jpg?resize=1200%2C596&#038;ssl=1\" alt=\"AI Cartoon Generator\" title=\"WX20240717-175407@2x (1) (1) (1) (1)\" srcset=\"https:\/\/i0.wp.com\/aiartfree.online\/wp-content\/uploads\/2024\/07\/WX20240717-175407%402x-1-1-1-scaled.jpg?w=2560&amp;ssl=1 2560w, https:\/\/i0.wp.com\/aiartfree.online\/wp-content\/uploads\/2024\/07\/WX20240717-175407%402x-1-1-1-scaled.jpg?resize=300%2C149&amp;ssl=1 300w, https:\/\/i0.wp.com\/aiartfree.online\/wp-content\/uploads\/2024\/07\/WX20240717-175407%402x-1-1-1-scaled.jpg?resize=1024%2C508&amp;ssl=1 1024w, https:\/\/i0.wp.com\/aiartfree.online\/wp-content\/uploads\/2024\/07\/WX20240717-175407%402x-1-1-1-scaled.jpg?resize=768%2C381&amp;ssl=1 768w, https:\/\/i0.wp.com\/aiartfree.online\/wp-content\/uploads\/2024\/07\/WX20240717-175407%402x-1-1-1-scaled.jpg?resize=1536%2C763&amp;ssl=1 1536w, https:\/\/i0.wp.com\/aiartfree.online\/wp-content\/uploads\/2024\/07\/WX20240717-175407%402x-1-1-1-scaled.jpg?resize=2048%2C1017&amp;ssl=1 2048w, https:\/\/i0.wp.com\/aiartfree.online\/wp-content\/uploads\/2024\/07\/WX20240717-175407%402x-1-1-1-scaled.jpg?resize=18%2C9&amp;ssl=1 18w, https:\/\/i0.wp.com\/aiartfree.online\/wp-content\/uploads\/2024\/07\/WX20240717-175407%402x-1-1-1-scaled.jpg?resize=600%2C298&amp;ssl=1 600w, https:\/\/i0.wp.com\/aiartfree.online\/wp-content\/uploads\/2024\/07\/WX20240717-175407%402x-1-1-1-scaled.jpg?w=2400&amp;ssl=1 2400w\" sizes=\"auto, (max-width: 1200px) 100vw, 1200px\" \/><\/a><\/figure>\n\n\n\n<h3 class=\"gb-headline gb-headline-3b87d18c gb-headline-text\">AI Cartoon Generator<\/h3>\n\n\n\n<p class=\"gb-headline gb-headline-51b4b755 gb-headline-text\">Konverter bilder til animasjonsbilder ved hjelp av avanserte AI-drevne algoritmer, og skap unik AI-generert kunst.<\/p>\n\n<\/div><\/div>\n\n<div class=\"gb-grid-column gb-grid-column-b86d2319\"><div class=\"gb-container gb-container-b86d2319\">\n\n<figure class=\"gb-block-image gb-block-image-5898855b\"><a href=\"https:\/\/aiartfree.online\/nb\/ai-3d-modellgenerator\/\" target=\"_blank\" rel=\"noopener noreferrer\"><img data-recalc-dims=\"1\" decoding=\"async\" loading=\"lazy\" width=\"1200\" height=\"787\" class=\"gb-image gb-image-5898855b\" src=\"https:\/\/i0.wp.com\/aiartfree.online\/wp-content\/uploads\/2024\/07\/WX20240719-153337%402x-1-1.jpg?resize=1200%2C787&#038;ssl=1\" alt=\"2D til 3D-modellgenerator\" title=\"WX20240719-153337@2x (1) (1)\" srcset=\"https:\/\/i0.wp.com\/aiartfree.online\/wp-content\/uploads\/2024\/07\/WX20240719-153337%402x-1-1.jpg?w=1768&amp;ssl=1 1768w, https:\/\/i0.wp.com\/aiartfree.online\/wp-content\/uploads\/2024\/07\/WX20240719-153337%402x-1-1.jpg?resize=300%2C197&amp;ssl=1 300w, https:\/\/i0.wp.com\/aiartfree.online\/wp-content\/uploads\/2024\/07\/WX20240719-153337%402x-1-1.jpg?resize=1024%2C672&amp;ssl=1 1024w, https:\/\/i0.wp.com\/aiartfree.online\/wp-content\/uploads\/2024\/07\/WX20240719-153337%402x-1-1.jpg?resize=768%2C504&amp;ssl=1 768w, https:\/\/i0.wp.com\/aiartfree.online\/wp-content\/uploads\/2024\/07\/WX20240719-153337%402x-1-1.jpg?resize=1536%2C1008&amp;ssl=1 1536w, https:\/\/i0.wp.com\/aiartfree.online\/wp-content\/uploads\/2024\/07\/WX20240719-153337%402x-1-1.jpg?resize=18%2C12&amp;ssl=1 18w, https:\/\/i0.wp.com\/aiartfree.online\/wp-content\/uploads\/2024\/07\/WX20240719-153337%402x-1-1.jpg?resize=600%2C394&amp;ssl=1 600w\" sizes=\"auto, (max-width: 1200px) 100vw, 1200px\" \/><\/a><\/figure>\n\n\n\n<h3 class=\"gb-headline gb-headline-d9fff2b4 gb-headline-text\">AI 3d-modellgenerator<\/h3>\n\n\n\n<p class=\"gb-headline gb-headline-0faba709 gb-headline-text\">AI 3D Model Generator hjelper deg med \u00e5 lage toppmoderne 3D-modeller med AI-drevet finjustering.<\/p>\n\n<\/div><\/div>\n\n<div class=\"gb-grid-column gb-grid-column-bb7fbb28\"><div class=\"gb-container gb-container-bb7fbb28\">\n\n<figure class=\"gb-block-image gb-block-image-b44f128d\"><a href=\"https:\/\/aiartfree.online\/nb\/ai-tegning-generator\/\" target=\"_blank\" rel=\"noopener noreferrer\"><img data-recalc-dims=\"1\" decoding=\"async\" loading=\"lazy\" width=\"1200\" height=\"1200\" class=\"gb-image gb-image-b44f128d\" src=\"https:\/\/i0.wp.com\/aiartfree.online\/wp-content\/uploads\/2024\/07\/WX20240719-141958%402x.jpg?resize=1200%2C1200&#038;ssl=1\" alt=\"ai-tegning-generator\" title=\"WX20240719-141958@2x\" srcset=\"https:\/\/i0.wp.com\/aiartfree.online\/wp-content\/uploads\/2024\/07\/WX20240719-141958%402x.jpg?w=1414&amp;ssl=1 1414w, https:\/\/i0.wp.com\/aiartfree.online\/wp-content\/uploads\/2024\/07\/WX20240719-141958%402x.jpg?resize=300%2C300&amp;ssl=1 300w, https:\/\/i0.wp.com\/aiartfree.online\/wp-content\/uploads\/2024\/07\/WX20240719-141958%402x.jpg?resize=1024%2C1024&amp;ssl=1 1024w, https:\/\/i0.wp.com\/aiartfree.online\/wp-content\/uploads\/2024\/07\/WX20240719-141958%402x.jpg?resize=150%2C150&amp;ssl=1 150w, https:\/\/i0.wp.com\/aiartfree.online\/wp-content\/uploads\/2024\/07\/WX20240719-141958%402x.jpg?resize=768%2C768&amp;ssl=1 768w, https:\/\/i0.wp.com\/aiartfree.online\/wp-content\/uploads\/2024\/07\/WX20240719-141958%402x.jpg?resize=12%2C12&amp;ssl=1 12w, https:\/\/i0.wp.com\/aiartfree.online\/wp-content\/uploads\/2024\/07\/WX20240719-141958%402x.jpg?resize=600%2C600&amp;ssl=1 600w, https:\/\/i0.wp.com\/aiartfree.online\/wp-content\/uploads\/2024\/07\/WX20240719-141958%402x.jpg?resize=100%2C100&amp;ssl=1 100w\" sizes=\"auto, (max-width: 1200px) 100vw, 1200px\" \/><\/a><\/figure>\n\n\n\n<h3 class=\"gb-headline gb-headline-fc2626d2 gb-headline-text\">AI-tegningsgenerator<\/h3>\n\n\n\n<p class=\"gb-headline gb-headline-83918771 gb-headline-text\">AI Drawing Generator forvandler tekstmeldinger til AI-genererte kunstverk ved hjelp av maskinl\u00e6ring.<\/p>\n\n<\/div><\/div>\n<\/div>\n\n\n<div style=\"height:100px\" aria-hidden=\"true\" class=\"wp-block-spacer\"><\/div>\n\n\n\n<h2 class=\"wp-block-heading\" id=\"free-ai-art-generator-unlocking-the-power-of-artificial-intelligence-in-art\"><strong>Gratis AI Art Generator: Frigj\u00f8r kraften i kunstig intelligens i kunsten<\/strong><\/h2>\n\n\n\n<h3 class=\"wp-block-heading\" id=\"outline\"><a href=\"https:\/\/dromerosm-groq-llama3.hf.space\/#outline\" target=\"_blank\" rel=\"noopener\"><\/a>Skisse:<\/h3>\n\n\n\n<ul class=\"wp-block-list\">\n<li class=\"\">Hva er en gratis AI Art Generator?<\/li>\n\n\n\n<li class=\"\">Betydningen av gratis AI-kunstgeneratorer<\/li>\n\n\n\n<li class=\"\">Fordeler med \u00e5 bruke en gratis AI Art Generator<\/li>\n\n\n\n<li class=\"\">Egnede scenarier for bruk av en gratis AI Art Generator<\/li>\n\n\n\n<li class=\"\">Hvem kan bruke en gratis AI Art Generator?<\/li>\n\n\n\n<li class=\"\">Topp 10 relaterte verkt\u00f8y og fordeler og ulemper<\/li>\n\n\n\n<li class=\"\">10 vanlige sp\u00f8rsm\u00e5l<\/li>\n<\/ul>\n\n\n\n<h3 class=\"wp-block-heading\" id=\"what-is-a-free-ai-art-generator\"><a href=\"https:\/\/dromerosm-groq-llama3.hf.space\/#what-is-a-free-ai-art-generator\" target=\"_blank\" rel=\"noopener\"><\/a><strong>Hva er en gratis AI Art Generator?<\/strong><\/h3>\n\n\n\n<p class=\"\">En gratis AI-kunstgenerator er et nettbasert verkt\u00f8y som bruker kunstig intelligens (AI) til \u00e5 generere kunstverk basert p\u00e5 brukerens input, for eksempel tekstmeldinger eller bilder. Disse verkt\u00f8yene bruker maskinl\u00e6ringsalgoritmer og generative AI-teknikker, som stabil diffusjon, for \u00e5 skape unike og levende kunstverk.<\/p>\n\n\n\n<p class=\"\">Fremveksten av gratis AI-kunstgeneratorer har demokratisert kunstverdenen og gjort det mulig for hvem som helst \u00e5 skape fantastiske kunstverk uten at det kreves omfattende kunstneriske ferdigheter eller erfaring.<\/p>\n\n\n\n<h3 class=\"wp-block-heading\" id=\"importance-of-free-ai-art-generators\"><a href=\"https:\/\/dromerosm-groq-llama3.hf.space\/#importance-of-free-ai-art-generators\" target=\"_blank\" rel=\"noopener\"><\/a><strong>Betydningen av gratis AI-kunstgeneratorer<\/strong><\/h3>\n\n\n\n<p class=\"\">Gratis AI-kunstgeneratorer har blitt uunnv\u00e6rlige for en rekke bransjer, blant annet sosiale medier, reklame og design. De tilbyr en rekke fordeler, blant annet<\/p>\n\n\n\n<ul class=\"wp-block-list\">\n<li class=\"\"><strong>Tidsbesparende<\/strong>: Gratis AI-kunstgeneratorer kan produsere kunstverk av h\u00f8y kvalitet i l\u00f8pet av f\u00e5 minutter, noe som sparer brukerne for timevis med manuelt arbeid.<\/li>\n\n\n\n<li class=\"\"><strong>Kostnadseffektivt<\/strong>: Disse verkt\u00f8yene gj\u00f8r det un\u00f8dvendig \u00e5 ansette menneskelige kunstnere eller kj\u00f8pe dyre designprogrammer.<\/li>\n\n\n\n<li class=\"\"><strong>Kreativ frihet<\/strong>: Gratis AI-kunstgeneratorer gir brukerne muligheten til \u00e5 eksperimentere med ulike stiler, temaer og ideer, noe som fremmer kreativitet og innovasjon.<\/li>\n<\/ul>\n\n\n\n<h3 class=\"wp-block-heading\" id=\"benefits-of-using-a-free-ai-art-generator\"><a href=\"https:\/\/dromerosm-groq-llama3.hf.space\/#benefits-of-using-a-free-ai-art-generator\" target=\"_blank\" rel=\"noopener\"><\/a><strong>Fordeler med \u00e5 bruke en gratis AI Art Generator<\/strong><\/h3>\n\n\n\n<p class=\"\">\u00c5 bruke en gratis AI-kunstgenerator kan gi mange fordeler, blant annet<\/p>\n\n\n\n<ul class=\"wp-block-list\">\n<li class=\"\"><strong>Kunstverk av profesjonell kvalitet<\/strong>: Gratis AI-kunstgeneratorer kan produsere kunstverk som kan konkurrere med menneskelige kunstnere, noe som gir brukerne et profesjonelt resultat uten den heftige prislappen.<\/li>\n\n\n\n<li class=\"\"><strong>\u00d8kt produktivitet<\/strong>: Med muligheten til \u00e5 generere kunstverk raskt og effektivt kan brukerne fokusere p\u00e5 andre aspekter ved prosjektene sine, noe som forbedrer den generelle produktiviteten.<\/li>\n\n\n\n<li class=\"\"><strong>Ubegrenset kreativitet<\/strong>: Gratis AI-kunstgeneratorer tilbyr et stort utvalg av kreative muligheter, slik at brukerne kan eksperimentere med ulike stiler, temaer og ideer.<\/li>\n<\/ul>\n\n\n\n<h3 class=\"wp-block-heading\" id=\"suitable-scenarios-for-using-a-free-ai-art-generator\"><a href=\"https:\/\/dromerosm-groq-llama3.hf.space\/#suitable-scenarios-for-using-a-free-ai-art-generator\" target=\"_blank\" rel=\"noopener\"><\/a><strong>Egnede scenarier for bruk av en gratis AI Art Generator<\/strong><\/h3>\n\n\n\n<p class=\"\">Gratis AI-kunstgeneratorer er egnet for ulike scenarier, inkludert:<\/p>\n\n\n\n<ul class=\"wp-block-list\">\n<li class=\"\"><strong>Opprettelse av innhold i sosiale medier<\/strong>: Lag i\u00f8ynefallende innlegg, bannere og annonser i sosiale medier p\u00e5 en enkel m\u00e5te.<\/li>\n\n\n\n<li class=\"\"><strong>Reklame og markedsf\u00f8ring<\/strong>: Bruk gratis AI-kunstgeneratorer til \u00e5 lage flotte annonser, flygeblad og reklamemateriell.<\/li>\n\n\n\n<li class=\"\"><strong>Design- og kunstprosjekter<\/strong>: Eksperimenter med ulike stiler og temaer for \u00e5 skape unike kunstverk, illustrasjoner og design.<\/li>\n<\/ul>\n\n\n\n<h3 class=\"wp-block-heading\" id=\"who-can-use-a-free-ai-art-generator\"><a href=\"https:\/\/dromerosm-groq-llama3.hf.space\/#who-can-use-a-free-ai-art-generator\" target=\"_blank\" rel=\"noopener\"><\/a><strong>Hvem kan bruke en gratis AI Art Generator?<\/strong><\/h3>\n\n\n\n<p class=\"\">Alle kan bruke en gratis AI-kunstgenerator, uavhengig av kunstneriske ferdigheter eller erfaring. Disse verkt\u00f8yene er perfekte for:<\/p>\n\n\n\n<ul class=\"wp-block-list\">\n<li class=\"\"><strong>Fagfolk innen markedsf\u00f8ring<\/strong>: Lag enkelt engasjerende innhold og annonser i sosiale medier.<\/li>\n\n\n\n<li class=\"\"><strong>Designere og kunstnere<\/strong>: Eksperimenter med nye stiler og temaer, eller bruk gratis AI-kunstgeneratorer som utgangspunkt for prosjektene deres.<\/li>\n\n\n\n<li class=\"\"><strong>Eiere av sm\u00e5 bedrifter<\/strong>: Produser kunstverk av profesjonell kvalitet uten \u00e5 ruinere banken.<\/li>\n<\/ul>\n\n\n\n<h3 class=\"wp-block-heading\" id=\"top-10-related-tools-and-pros-cons\"><a href=\"https:\/\/dromerosm-groq-llama3.hf.space\/#top-10-related-tools-and-pros-cons\" target=\"_blank\" rel=\"noopener\"><\/a><strong>Topp 10 relaterte verkt\u00f8y og fordeler og ulemper<\/strong><\/h3>\n\n\n\n<p class=\"\">Her er de 10 beste relaterte verkt\u00f8yene til gratis AI-kunstgeneratorer, sammen med fordeler og ulemper:<\/p>\n\n\n\n<figure class=\"wp-block-table\"><table class=\"has-fixed-layout\"><thead><tr><th>Verkt\u00f8y<\/th><th>Fordeler<\/th><th>Ulemper<\/th><\/tr><\/thead><tbody><tr><td><a href=\"https:\/\/aiartfree.online\/nb\/gratis-ai-art-generator\/\" target=\"_blank\" rel=\"noreferrer noopener\">AI Art Free Online<\/a><\/td><td>Brukervennlig grensesnitt, utdata av h\u00f8y kvalitet<\/td><td>Begrensede tilpasningsmuligheter<\/td><\/tr><tr><td>Generator for dype dr\u00f8mmer<\/td><td>Unike, dr\u00f8mmeaktige kunstverk<\/td><td>Begrenset kontroll over produksjonen<\/td><\/tr><tr><td>Prisma<\/td><td>Konverterer bilder til kunstverk i ulike stiler<\/td><td>Begrensede tilpasningsmuligheter<\/td><\/tr><tr><td>Artbreeder<\/td><td>Interaktiv, brukerstyrt oppretting av kunstverk<\/td><td>Bratt l\u00e6ringskurve<\/td><\/tr><tr><td>Dreamscope<\/td><td>AI-drevet kunstverkgenerator med ulike stiler<\/td><td>Begrenset kontroll over produksjonen<\/td><\/tr><tr><td>AI Painter<\/td><td>Skaper realistiske kunstverk i oljemaleristil<\/td><td>Begrensede tilpasningsmuligheter<\/td><\/tr><tr><td>AI-portretter<\/td><td>Konverterer bilder til AI-genererte portretter<\/td><td>Begrenset kontroll over produksjonen<\/td><\/tr><tr><td>MyDeepArt<\/td><td>Brukervennlig grensesnitt, utdata av h\u00f8y kvalitet<\/td><td>Begrensede tilpasningsmuligheter<\/td><\/tr><tr><td>AI Art Maker<\/td><td>Skaper unike, abstrakte kunstverk<\/td><td>Begrenset kontroll over produksjonen<\/td><\/tr><tr><td>PaintsChainer<\/td><td>AI-drevet malerigenerator med ulike stiler<\/td><td>Bratt l\u00e6ringskurve<\/td><\/tr><\/tbody><\/table><\/figure>\n\n\n\n<h3 class=\"wp-block-heading\" id=\"10-faqs\"><a href=\"https:\/\/dromerosm-groq-llama3.hf.space\/#10-faqs\" target=\"_blank\" rel=\"noopener\"><\/a><strong>10 vanlige sp\u00f8rsm\u00e5l<\/strong><\/h3>\n\n\n\n<p class=\"\">Her er de 10 vanligste sp\u00f8rsm\u00e5lene om gratis AI-kunstgeneratorer:<\/p>\n\n\n\n<ol class=\"wp-block-list\">\n<li class=\"\"><strong>Hva er en gratis AI-kunstgenerator?<\/strong>\u00a0En gratis AI-kunstgenerator er et nettbasert verkt\u00f8y som bruker kunstig intelligens til \u00e5 generere kunstverk basert p\u00e5 brukerens innspill.<\/li>\n\n\n\n<li class=\"\"><strong>Hvordan fungerer gratis AI-kunstgeneratorer?<\/strong>\u00a0Gratis AI-kunstgeneratorer bruker maskinl\u00e6ringsalgoritmer og generative AI-teknikker for \u00e5 skape unike kunstverk basert p\u00e5 brukerens innspill.<\/li>\n\n\n\n<li class=\"\"><strong>Hva er fordelene med \u00e5 bruke en gratis AI-kunstgenerator?<\/strong>\u00a0Gratis AI-kunstgeneratorer gir tidsbesparende, kostnadseffektive og kreative frihetsgevinster.<\/li>\n\n\n\n<li class=\"\"><strong>Kan noen bruke en gratis AI-kunstgenerator?<\/strong>\u00a0Ja, hvem som helst kan bruke en gratis AI-kunstgenerator, uavhengig av kunstneriske ferdigheter eller erfaring.<\/li>\n\n\n\n<li class=\"\"><strong>Hvilke scenarier egner seg for bruk av en gratis AI-kunstgenerator?<\/strong>\u00a0Gratis AI-kunstgeneratorer egner seg for innholdsskaping i sosiale medier, reklame, design og kunstprosjekter.<\/li>\n\n\n\n<li class=\"\"><strong>Hvordan bruker jeg en gratis AI art-generator?<\/strong>\u00a0Bare skriv inn en tekst eller et bilde, s\u00e5 genererer verkt\u00f8yet et unikt kunstverk.<\/li>\n\n\n\n<li class=\"\"><strong>Hva er kvaliteten p\u00e5 kunstverkene som genereres av gratis AI-kunstgeneratorer?<\/strong>\u00a0Gratis AI-kunstgeneratorer kan produsere kunstverk av profesjonell kvalitet som kan konkurrere med menneskelige kunstnere.<\/li>\n\n\n\n<li class=\"\"><strong>Kan jeg tilpasse utdataene fra en gratis AI-kunstgenerator?<\/strong>\u00a0Noen gratis AI-kunstgeneratorer tilbyr begrensede tilpasningsmuligheter, mens andre gir mer avanserte kontroller.<\/li>\n\n\n\n<li class=\"\"><strong>Er gratis AI-kunstgeneratorer enkle \u00e5 bruke?<\/strong>\u00a0Ja, de fleste gratis AI-kunstgeneratorer har brukervennlige grensesnitt som gj\u00f8r det enkelt \u00e5 generere kunstverk.<\/li>\n\n\n\n<li class=\"\"><strong>Er gratis AI-kunstgeneratorer gratis \u00e5 bruke?<\/strong>\u00a0Ja, de fleste gratis AI-kunstgeneratorer er gratis \u00e5 bruke, men noen tilbyr premiumfunksjoner eller abonnementer.<\/li>\n<\/ol>","protected":false},"excerpt":{"rendered":"<p>Generate stunning AI-generated artwork with state-of-the-art, free AI art tools. Free AI Art Generator: Unlocking the Power of Artificial Intelligence in Art Outline: What is a Free AI Art Generator? A free AI art generator is an online tool that uses artificial intelligence (AI) to generate artwork based on user input, such as text prompts &#8230; <a title=\"Gratis AI Art Generator\" class=\"read-more\" href=\"https:\/\/aiartfree.online\/nb\/gratis-ai-art-generator\/\" aria-label=\"Read more about Free AI Art Generator\">Les mer<\/a><\/p>","protected":false},"author":1,"featured_media":0,"parent":0,"menu_order":0,"comment_status":"closed","ping_status":"closed","template":"","meta":{"nf_dc_page":"","footnotes":""},"class_list":["post-3117","page","type-page","status-publish"],"jetpack_sharing_enabled":true,"_links":{"self":[{"href":"https:\/\/aiartfree.online\/nb\/wp-json\/wp\/v2\/pages\/3117","targetHints":{"allow":["GET"]}}],"collection":[{"href":"https:\/\/aiartfree.online\/nb\/wp-json\/wp\/v2\/pages"}],"about":[{"href":"https:\/\/aiartfree.online\/nb\/wp-json\/wp\/v2\/types\/page"}],"author":[{"embeddable":true,"href":"https:\/\/aiartfree.online\/nb\/wp-json\/wp\/v2\/users\/1"}],"replies":[{"embeddable":true,"href":"https:\/\/aiartfree.online\/nb\/wp-json\/wp\/v2\/comments?post=3117"}],"version-history":[{"count":0,"href":"https:\/\/aiartfree.online\/nb\/wp-json\/wp\/v2\/pages\/3117\/revisions"}],"wp:attachment":[{"href":"https:\/\/aiartfree.online\/nb\/wp-json\/wp\/v2\/media?parent=3117"}],"curies":[{"name":"wp","href":"https:\/\/api.w.org\/{rel}","templated":true}]}}