{"id":2993,"date":"2024-07-19T18:13:29","date_gmt":"2024-07-19T18:13:29","guid":{"rendered":"https:\/\/aiartfree.online\/?page_id=2993"},"modified":"2025-03-07T08:22:54","modified_gmt":"2025-03-07T08:22:54","slug":"ai-video-generator","status":"publish","type":"page","link":"https:\/\/aiartfree.online\/nb\/ai-videogenerator\/","title":{"rendered":"AI-videogenerator"},"content":{"rendered":"<h2 class=\"wp-block-heading has-text-align-center\">Hva andre brukere gjorde med AI Video Generator<\/h2>\n\n\n\n<p class=\"has-text-align-center\">Prompt: 1 jente, off-shoulder, lett smil, skinnende hud beste kvalitet, mesterverk, fotorealistisk, snu deg rundt<\/p>\n\n\n\n<figure class=\"gb-block-image gb-block-image-1822da1f\"><img data-recalc-dims=\"1\" decoding=\"async\" loading=\"lazy\" width=\"512\" height=\"512\" class=\"gb-image gb-image-1822da1f\" src=\"https:\/\/i0.wp.com\/aiartfree.online\/wp-content\/uploads\/2024\/08\/ezgif-3-82e27c0ca1.gif?resize=512%2C512&#038;ssl=1\" alt=\"Lag fantastiske videoer uten problemer med v\u00e5r AI-videogenerator. F\u00e5 100% gratis, ubegrenset bruk uten registrering. Perfekt for innholdsskapere, markedsf\u00f8rere og l\u00e6rere som \u00f8nsker AI-drevet videoproduksjon av h\u00f8y kvalitet.\" title=\"ezgif-3-82e27c0ca1\"\/><\/figure>\n\n\n\n<h2 class=\"wp-block-heading\">3 trinn for \u00e5 bruke AI Video Generator<\/h2>\n\n\n\n<ol class=\"wp-block-list\">\n<li class=\"\">Skriv inn ledeteksten din<\/li>\n\n\n\n<li class=\"\">Klikk p\u00e5 \"Animer\"<\/li>\n\n\n\n<li class=\"\">Vent, det var det!<\/li>\n<\/ol>\n\n\n\n<figure class=\"gb-block-image gb-block-image-4dfafe81\"><a href=\"https:\/\/fas.st\/t\/XmtmoHSk\" target=\"_blank\" rel=\"noopener noreferrer\"><img data-recalc-dims=\"1\" decoding=\"async\" loading=\"lazy\" width=\"1200\" height=\"368\" class=\"gb-image gb-image-4dfafe81\" src=\"https:\/\/i0.wp.com\/aiartfree.online\/wp-content\/uploads\/2025\/03\/WX20250307-114300%402x.webp?resize=1200%2C368&#038;ssl=1\" alt=\"\" title=\"WX20250307-114300@2x\" srcset=\"https:\/\/i0.wp.com\/aiartfree.online\/wp-content\/uploads\/2025\/03\/WX20250307-114300%402x.webp?w=1900&amp;ssl=1 1900w, https:\/\/i0.wp.com\/aiartfree.online\/wp-content\/uploads\/2025\/03\/WX20250307-114300%402x.webp?resize=300%2C92&amp;ssl=1 300w, https:\/\/i0.wp.com\/aiartfree.online\/wp-content\/uploads\/2025\/03\/WX20250307-114300%402x.webp?resize=1024%2C314&amp;ssl=1 1024w, https:\/\/i0.wp.com\/aiartfree.online\/wp-content\/uploads\/2025\/03\/WX20250307-114300%402x.webp?resize=768%2C235&amp;ssl=1 768w, https:\/\/i0.wp.com\/aiartfree.online\/wp-content\/uploads\/2025\/03\/WX20250307-114300%402x.webp?resize=1536%2C471&amp;ssl=1 1536w, https:\/\/i0.wp.com\/aiartfree.online\/wp-content\/uploads\/2025\/03\/WX20250307-114300%402x.webp?resize=18%2C6&amp;ssl=1 18w, https:\/\/i0.wp.com\/aiartfree.online\/wp-content\/uploads\/2025\/03\/WX20250307-114300%402x.webp?resize=600%2C184&amp;ssl=1 600w\" sizes=\"auto, (max-width: 1200px) 100vw, 1200px\" \/><\/a><\/figure>\n\n\n\n<p class=\"\"><em>* Avhengig av internetthastigheten din, kan det ta litt tid \u00e5 laste inn modellen <\/em>opptil 10 sekunder \u2193<\/p>\n\n\n\n<div class=\"iframe-wrapper\" style=\"position: relative; width: 100%; height: 2300px;\">\n  <div class=\"loading\" style=\"position: absolute; top: 50px; left: 50%; transform: translate(-50%, -50%); width: 40px; height: 40px; border: 3px solid #f0f0f0; border-top: 3px solid #db7093; border-radius: 50%; animation: spin 1s linear infinite;\"><\/div>\n  <iframe loading=\"lazy\" src=\"https:\/\/guoyww-animatediff.hf.space\" frameborder=\"0\" width=\"100%\" height=\"100%\" style=\"position: absolute; top: 0; left: 0; opacity: 0; transition: opacity 0.3s;\" onload=\"this.style.opacity=1;this.previousElementSibling.style.display='none';\"><\/iframe>\n<\/div>\n\n<style>\n@keyframes spin {\n  0% { transform: translate(-50%, -50%) rotate(0deg); }\n  100% { transform: translate(-50%, -50%) rotate(360deg); }\n}\n<\/style>\n\n\n\n<div style=\"height:50px\" aria-hidden=\"true\" class=\"wp-block-spacer\"><\/div>\n\n\n\n<h2 class=\"wp-block-heading\">Introduksjon av AI Video Generator<\/h2>\n\n\n\n<p class=\"\">I det moderne digitale landskapet revolusjonerer AI-videogeneratorer innholdsproduksjonen. Disse avanserte verkt\u00f8yene utnytter kraften i kunstig intelligens for \u00e5 effektivisere og forbedre videoproduksjonen, og gj\u00f8r den tilgjengelig for et bredere publikum. I denne artikkelen skal vi se n\u00e6rmere p\u00e5 konseptet med AI-videogeneratorer, hvor viktige de er, og hvordan de kan brukes i ulike bransjer. Vi vil ogs\u00e5 gi en omfattende oversikt over de beste verkt\u00f8yene som er tilgjengelige, med et spesielt fokus p\u00e5 den best rangerte AI-videogeneratoren, <a href=\"https:\/\/aiartfree.online\/nb\/ai-videogenerator\/\">AI Art Free<\/a>.<\/p>\n\n\n\n<figure class=\"gb-block-image gb-block-image-94da07aa\"><img data-recalc-dims=\"1\" decoding=\"async\" loading=\"lazy\" width=\"300\" height=\"170\" class=\"gb-image gb-image-94da07aa\" src=\"https:\/\/i0.wp.com\/aiartfree.online\/wp-content\/uploads\/2024\/07\/WX20240720-101347%402x.jpg?resize=300%2C170&#038;ssl=1\" alt=\"En AI-videogenerator er en sofistikert programvare som bruker kunstig intelligens til \u00e5 lage videoer automatisk. Disse verkt\u00f8yene kan forvandle tekstmeldinger, bilder eller til og med r\u00e5 videoopptak til polerte videoer av profesjonell kvalitet. De bruker ulike AI-teknologier som naturlig spr\u00e5kbehandling (NLP), datasyn og maskinl\u00e6ring til \u00e5 analysere og tolke inngangsdata, og genererer innhold som er b\u00e5de engasjerende og visuelt tiltalende.\" title=\"WX20240720-101347@2x\" srcset=\"https:\/\/i0.wp.com\/aiartfree.online\/wp-content\/uploads\/2024\/07\/WX20240720-101347%402x.jpg?resize=300%2C170&amp;ssl=1 300w, https:\/\/i0.wp.com\/aiartfree.online\/wp-content\/uploads\/2024\/07\/WX20240720-101347%402x.jpg?resize=1024%2C579&amp;ssl=1 1024w, https:\/\/i0.wp.com\/aiartfree.online\/wp-content\/uploads\/2024\/07\/WX20240720-101347%402x.jpg?resize=768%2C434&amp;ssl=1 768w, https:\/\/i0.wp.com\/aiartfree.online\/wp-content\/uploads\/2024\/07\/WX20240720-101347%402x.jpg?resize=18%2C10&amp;ssl=1 18w, https:\/\/i0.wp.com\/aiartfree.online\/wp-content\/uploads\/2024\/07\/WX20240720-101347%402x.jpg?resize=600%2C339&amp;ssl=1 600w, https:\/\/i0.wp.com\/aiartfree.online\/wp-content\/uploads\/2024\/07\/WX20240720-101347%402x.jpg?w=1030&amp;ssl=1 1030w\" sizes=\"auto, (max-width: 300px) 100vw, 300px\" \/><\/figure>\n\n\n\n<h3 class=\"wp-block-heading\">Innholdsfortegnelse<\/h3>\n\n\n\n<ol class=\"wp-block-list\">\n<li class=\"\"><a href=\"#what-is-an-ai-video-generator\">Hva er en AI-videogenerator?<\/a><\/li>\n\n\n\n<li class=\"\"><a href=\"#why-use-an-ai-video-generator\">Hvorfor bruke en AI-videogenerator?<\/a><\/li>\n\n\n\n<li class=\"\"><a href=\"#suitable-industries-and-people\">Egnede bransjer og mennesker<\/a><\/li>\n\n\n\n<li class=\"\"><a href=\"#related-tools-and-information\">Relaterte verkt\u00f8y og informasjon<\/a><\/li>\n\n\n\n<li class=\"\"><a href=\"#frequently-asked-questions-faq\">Ofte stilte sp\u00f8rsm\u00e5l (FAQ)<\/a><\/li>\n<\/ol>\n\n\n\n<h3 class=\"wp-block-heading\">Hva er en AI-videogenerator?<\/h3>\n\n\n\n<p class=\"\">En AI-videogenerator er en sofistikert programvare som bruker kunstig intelligens til \u00e5 lage videoer automatisk. Disse verkt\u00f8yene kan forvandle tekstmeldinger, bilder eller til og med r\u00e5 videoopptak til polerte videoer av profesjonell kvalitet. De bruker ulike AI-teknologier som naturlig spr\u00e5kbehandling (NLP), datasyn og maskinl\u00e6ring til \u00e5 analysere og tolke inngangsdata, og genererer innhold som er b\u00e5de engasjerende og visuelt tiltalende.<\/p>\n\n\n\n<h3 class=\"wp-block-heading\">Hvorfor bruke en AI-videogenerator?<\/h3>\n\n\n\n<p class=\"\">AI-videogeneratorer har mange fordeler som gj\u00f8r dem uunnv\u00e6rlige innen videoproduksjon:<\/p>\n\n\n\n<ul class=\"wp-block-list\">\n<li class=\"\"><strong>Effektivitet<\/strong>: Disse verkt\u00f8yene reduserer tiden og innsatsen som kreves for \u00e5 lage videoer betydelig, noe som muliggj\u00f8r raske produksjonssykluser.<\/li>\n\n\n\n<li class=\"\"><strong>Kostnadseffektivt<\/strong>: Ved \u00e5 automatisere mange aspekter ved videoskaping kan AI-videogeneratorer redusere produksjonskostnadene, noe som gj\u00f8r videoinnhold av h\u00f8y kvalitet tilgjengelig for bedrifter og enkeltpersoner med begrensede budsjetter.<\/li>\n\n\n\n<li class=\"\"><strong>Konsistens<\/strong>: AI s\u00f8rger for ensartet stil og kvalitet, slik at merkevaren forblir konsistent p\u00e5 tvers av alt videoinnhold.<\/li>\n\n\n\n<li class=\"\"><strong>Tilgjengelighet<\/strong>: Selv de som har liten eller ingen erfaring med videoredigering, kan produsere profesjonelle videoer, noe som demokratiserer innholdsproduksjon.<\/li>\n\n\n\n<li class=\"\"><strong>Tilpasning<\/strong>: AI-videogeneratorer gj\u00f8r det enkelt \u00e5 personalisere videoer, slik at skaperne kan skreddersy videoer til bestemte m\u00e5lgrupper eller markedsf\u00f8ringskampanjer.<\/li>\n<\/ul>\n\n\n\n<h3 class=\"wp-block-heading\">Egnede bransjer og mennesker<\/h3>\n\n\n\n<p class=\"\">AI-videogeneratorer er allsidige verkt\u00f8y som kan v\u00e6re til nytte for et bredt spekter av brukere i ulike bransjer:<\/p>\n\n\n\n<ul class=\"wp-block-list\">\n<li class=\"\"><strong>Profesjonelle markedsf\u00f8rere<\/strong>: For \u00e5 lage engasjerende reklamevideoer, annonser og innhold til sosiale medier.<\/li>\n\n\n\n<li class=\"\"><strong>L\u00e6rere og trenere<\/strong>: For utvikling av instruksjonsvideoer, veiledninger og e-l\u00e6ringsinnhold.<\/li>\n\n\n\n<li class=\"\"><strong>Innholdsskapere og influencere<\/strong>: For produksjon av YouTube-videoer, vlogger og annet innhold i sosiale medier av h\u00f8y kvalitet.<\/li>\n\n\n\n<li class=\"\"><strong>Virksomheter<\/strong>: For bedriftskommunikasjon, produktdemonstrasjoner og interne oppl\u00e6ringsvideoer.<\/li>\n\n\n\n<li class=\"\"><strong>Film- og medieproduksjon<\/strong>: For effektivisering av postproduksjonsprosessen og generering av spesialeffekter eller animerte sekvenser.<\/li>\n<\/ul>\n\n\n\n<h3 class=\"wp-block-heading\">Relaterte verkt\u00f8y og informasjon<\/h3>\n\n\n\n<p class=\"\">Tabellen nedenfor oppsummerer 10 relaterte AI-verkt\u00f8y for videogenerering, og gir en kort oversikt over hver av dem, med fordeler, ulemper, fordeler, utfordringer og anbefalinger.<\/p>\n\n\n\n<figure class=\"wp-block-table\"><table class=\"has-fixed-layout\"><thead><tr><th>Navn p\u00e5 verkt\u00f8yet<\/th><th>URL<\/th><th>Sammendrag<\/th><th>Fordeler<\/th><th>Ulemper<\/th><th>Fordeler<\/th><th>Utfordringer<\/th><th>Anbefalinger<\/th><\/tr><\/thead><tbody><tr><td><strong>Bilde<\/strong><\/td><td><a href=\"https:\/\/pictory.ai\" target=\"_blank\" rel=\"noopener\">Bilde<\/a><\/td><td>AI-drevet videoskaping fra tekst<\/td><td>Brukervennlig, rask<\/td><td>Begrenset tilpasning<\/td><td>Rask generering av video<\/td><td>L\u00e6ringskurve<\/td><td>Best for nybegynnere<\/td><\/tr><tr><td><strong>Animoto<\/strong><\/td><td><a href=\"https:\/\/animoto.com\" target=\"_blank\" rel=\"noopener\">Animoto<\/a><\/td><td>Enkel dra-og-slipp-videoprodusent<\/td><td>Enkel \u00e5 bruke, maler<\/td><td>Mindre kontroll over detaljer<\/td><td>Tidsbesparende maler<\/td><td>Grunnleggende funksjoner<\/td><td>Perfekt for enkle prosjekter<\/td><\/tr><tr><td><strong>Synthesia<\/strong><\/td><td><a href=\"https:\/\/synthesia.io\" target=\"_blank\" rel=\"noopener\">Synthesia<\/a><\/td><td>AI-skaping av video med avatarer<\/td><td>Realistiske avatarer, flerspr\u00e5klig<\/td><td>H\u00f8yere kostnader<\/td><td>Tilpassbare avatarer<\/td><td>Krever skripting<\/td><td>Ideell for bedriftsvideoer<\/td><\/tr><tr><td><strong>Lumen5<\/strong><\/td><td><a href=\"https:\/\/lumen5.com\" target=\"_blank\" rel=\"noopener\">Lumen5<\/a><\/td><td>AI-drevet videoskaping fra artikler<\/td><td>Integreres med blogger, raskt<\/td><td>Vannmerke p\u00e5 gratisversjonen<\/td><td>Automatisert oppretting av innhold<\/td><td>Begrensede gratisalternativer<\/td><td>Best for bloggere<\/td><\/tr><tr><td><strong>Magisto<\/strong><\/td><td><a href=\"https:\/\/magisto.com\" target=\"_blank\" rel=\"noopener\">Magisto<\/a><\/td><td>Smart videoredigering med kunstig intelligens<\/td><td>Smart redigering, Musikkbibliotek<\/td><td>Abonnement kreves<\/td><td>Automatisert redigering<\/td><td>Begrenset manuell kontroll<\/td><td>Perfekt for sosiale medier<\/td><\/tr><tr><td><strong>Wibbitz<\/strong><\/td><td><a href=\"https:\/\/wibbitz.com\" target=\"_blank\" rel=\"noopener\">Wibbitz<\/a><\/td><td>Plattform for videoskaping for team<\/td><td>Samarbeidsorientert, rask<\/td><td>Dyrt<\/td><td>Samarbeid i team<\/td><td>Bratt l\u00e6ringskurve<\/td><td>Best for markedsf\u00f8ringsteam<\/td><\/tr><tr><td><strong>FlexClip<\/strong><\/td><td><a href=\"https:\/\/flexclip.com\" target=\"_blank\" rel=\"noopener\">FlexClip<\/a><\/td><td>Online videoprodusent med maler<\/td><td>Enkel \u00e5 bruke, maler<\/td><td>Begrensede avanserte funksjoner<\/td><td>Brukervennlig<\/td><td>Grunnleggende funksjoner<\/td><td>Bra for raske redigeringer<\/td><\/tr><tr><td><strong>InVideo<\/strong><\/td><td><a href=\"https:\/\/invideo.io\" target=\"_blank\" rel=\"noopener\">InVideo<\/a><\/td><td>Nettbasert videoredigering med kunstig intelligens<\/td><td>Omfattende mediebibliotek, maler<\/td><td>Vannmerke p\u00e5 gratisversjonen<\/td><td>Alternativer for rike medier<\/td><td>Abonnementskostnader<\/td><td>Best for markedsf\u00f8rere<\/td><\/tr><tr><td><strong>Design.ai<\/strong><\/td><td><a href=\"https:\/\/designs.ai\" target=\"_blank\" rel=\"noopener\">Design.ai<\/a><\/td><td>AI-drevne kreative verkt\u00f8y<\/td><td>Allsidig, rask<\/td><td>Abonnement kreves<\/td><td>Flere kreative verkt\u00f8y<\/td><td>Krever internett<\/td><td>Ideell for innholdsskapere<\/td><\/tr><tr><td><strong>DeepBrain<\/strong><\/td><td><a href=\"https:\/\/deepbrain.io\" target=\"_blank\" rel=\"noopener\">DeepBrain<\/a><\/td><td>AI-videogenerator med dyp l\u00e6ring<\/td><td>H\u00f8y kvalitet, tilpasningsdyktig<\/td><td>Komplekst grensesnitt<\/td><td>Produksjon av h\u00f8y kvalitet<\/td><td>Krever oppl\u00e6ring<\/td><td>Best for avanserte brukere<\/td><\/tr><\/tbody><\/table><\/figure>\n\n\n\n<h3 class=\"wp-block-heading\">Ofte stilte sp\u00f8rsm\u00e5l (FAQ)<\/h3>\n\n\n\n<ol class=\"wp-block-list\">\n<li class=\"\"><strong>Hva er en AI-videogenerator?<\/strong>\n<ul class=\"wp-block-list\">\n<li class=\"\">En AI-videogenerator er et verkt\u00f8y som bruker kunstig intelligens til \u00e5 lage videoer automatisk ut fra ulike inndata som tekst, bilder eller r\u00e5opptak.<\/li>\n<\/ul>\n<\/li>\n\n\n\n<li class=\"\"><strong>Hvordan fungerer en AI-videogenerator?<\/strong>\n<ul class=\"wp-block-list\">\n<li class=\"\">Den bruker AI-teknologier som naturlig spr\u00e5kbehandling og datasyn til \u00e5 tolke inndata og generere videoinnhold.<\/li>\n<\/ul>\n<\/li>\n\n\n\n<li class=\"\"><strong>Hva er fordelene med \u00e5 bruke en AI-videogenerator?<\/strong>\n<ul class=\"wp-block-list\">\n<li class=\"\">Fordelene er blant annet \u00f8kt effektivitet, kostnadsbesparelser, jevn kvalitet, tilgjengelighet og enkel tilpasning.<\/li>\n<\/ul>\n<\/li>\n\n\n\n<li class=\"\"><strong>Hvem kan dra nytte av AI-videogeneratorer?<\/strong>\n<ul class=\"wp-block-list\">\n<li class=\"\">Markedsf\u00f8rere, l\u00e6rere, innholdsskapere, bedrifter og medieproduksjonsteam kan alle dra nytte av dette.<\/li>\n<\/ul>\n<\/li>\n\n\n\n<li class=\"\"><strong>Er AI-videogeneratorer dyre?<\/strong>\n<ul class=\"wp-block-list\">\n<li class=\"\">Prisene varierer, men mange verkt\u00f8y tilbyr kostnadseffektive alternativer som er billigere enn tradisjonelle videoproduksjonsmetoder.<\/li>\n<\/ul>\n<\/li>\n\n\n\n<li class=\"\"><strong>Kan nybegynnere bruke AI-videogeneratorer?<\/strong>\n<ul class=\"wp-block-list\">\n<li class=\"\">Ja, mange AI-videogeneratorer er designet for \u00e5 v\u00e6re brukervennlige, noe som gj\u00f8r dem tilgjengelige for nybegynnere.<\/li>\n<\/ul>\n<\/li>\n\n\n\n<li class=\"\"><strong>Hva er den beste AI-videogeneratoren?<\/strong>\n<ul class=\"wp-block-list\">\n<li class=\"\">Det beste verkt\u00f8yet kan variere avhengig av behov, men <a href=\"https:\/\/aiartfree.online\/nb\/ai-videogenerator\/\">AI Art Free<\/a> anbefales p\u00e5 det varmeste for sine funksjoner og brukervennlighet.<\/li>\n<\/ul>\n<\/li>\n\n\n\n<li class=\"\"><strong>Krever AI-videogeneratorer noen spesielle ferdigheter?<\/strong>\n<ul class=\"wp-block-list\">\n<li class=\"\">De fleste krever ingen spesielle ferdigheter og er utformet for \u00e5 v\u00e6re intuitive, selv om det kan v\u00e6re nyttig \u00e5 ha kjennskap til videoredigering.<\/li>\n<\/ul>\n<\/li>\n\n\n\n<li class=\"\"><strong>Hvordan velger jeg riktig AI-videogenerator?<\/strong>\n<ul class=\"wp-block-list\">\n<li class=\"\">Ta hensyn til faktorer som brukervennlighet, tilpasningsmuligheter, kostnader og prosjektets spesifikke behov.<\/li>\n<\/ul>\n<\/li>\n\n\n\n<li class=\"\"><strong>Kan AI-videogeneratorer lage videoer av h\u00f8y kvalitet?<\/strong>\n<ul class=\"wp-block-list\">\n<li class=\"\">Ja, mange AI-videogeneratorer produserer profesjonelle videoer som egner seg for ulike bruksomr\u00e5der, fra markedsf\u00f8ring til utdanning.<\/li>\n<\/ul>\n<\/li>\n<\/ol>\n\n\n\n<p class=\"\">Konklusjonen er at AI-videogeneratorer endrer m\u00e5ten videoer lages p\u00e5, gir mange fordeler og gj\u00f8r videoproduksjon mer tilgjengelig for alle. For de som \u00f8nsker \u00e5 utforske disse verkt\u00f8yene, <a href=\"https:\/\/aiartfree.online\/nb\/ai-videogenerator\/\">AI Art Free<\/a> skiller seg ut som et f\u00f8rstevalg, med et robust sett med funksjoner og brukervennlighet.<\/p>","protected":false},"excerpt":{"rendered":"<p>What other users made with AI Video Generator Prompt: 1 girl, off-shoulder, light smile, shiny skin best quality, masterpiece, photorealistic, turn around 3 Steps to Use AI Video Generator *&nbsp;Depending on your internet speed, loading the model may take up to 10 seconds \u2193 Introduction of AI Video Generator In the modern digital landscape, AI &#8230; <a title=\"AI-videogenerator\" class=\"read-more\" href=\"https:\/\/aiartfree.online\/nb\/ai-videogenerator\/\" aria-label=\"Read more about AI Video Generator\">Les mer<\/a><\/p>","protected":false},"author":1,"featured_media":3463,"parent":0,"menu_order":0,"comment_status":"open","ping_status":"closed","template":"","meta":{"nf_dc_page":"","footnotes":""},"class_list":["post-2993","page","type-page","status-publish","has-post-thumbnail"],"jetpack_sharing_enabled":true,"_links":{"self":[{"href":"https:\/\/aiartfree.online\/nb\/wp-json\/wp\/v2\/pages\/2993","targetHints":{"allow":["GET"]}}],"collection":[{"href":"https:\/\/aiartfree.online\/nb\/wp-json\/wp\/v2\/pages"}],"about":[{"href":"https:\/\/aiartfree.online\/nb\/wp-json\/wp\/v2\/types\/page"}],"author":[{"embeddable":true,"href":"https:\/\/aiartfree.online\/nb\/wp-json\/wp\/v2\/users\/1"}],"replies":[{"embeddable":true,"href":"https:\/\/aiartfree.online\/nb\/wp-json\/wp\/v2\/comments?post=2993"}],"version-history":[{"count":1,"href":"https:\/\/aiartfree.online\/nb\/wp-json\/wp\/v2\/pages\/2993\/revisions"}],"predecessor-version":[{"id":3601,"href":"https:\/\/aiartfree.online\/nb\/wp-json\/wp\/v2\/pages\/2993\/revisions\/3601"}],"wp:featuredmedia":[{"embeddable":true,"href":"https:\/\/aiartfree.online\/nb\/wp-json\/wp\/v2\/media\/3463"}],"wp:attachment":[{"href":"https:\/\/aiartfree.online\/nb\/wp-json\/wp\/v2\/media?parent=2993"}],"curies":[{"name":"wp","href":"https:\/\/api.w.org\/{rel}","templated":true}]}}