{"id":2983,"date":"2024-07-19T13:17:41","date_gmt":"2024-07-19T13:17:41","guid":{"rendered":"https:\/\/aiartfree.online\/?page_id=2983"},"modified":"2025-03-07T08:28:23","modified_gmt":"2025-03-07T08:28:23","slug":"free-ai-logo-generator","status":"publish","type":"page","link":"https:\/\/aiartfree.online\/nb\/gratis-ai-logo-generator\/","title":{"rendered":"Gratis AI-logogenerator"},"content":{"rendered":"<h2 class=\"wp-block-heading\">Hvordan bruke Free AI Logo Generator<\/h2>\n\n\n\n<ol class=\"wp-block-list\">\n<li class=\"\">Slipp eller last opp bildet ditt<\/li>\n\n\n\n<li class=\"\">Klikk p\u00e5 \"Send\"<\/li>\n\n\n\n<li class=\"\">Vent, det var det! <\/li>\n<\/ol>\n\n\n\n<figure class=\"gb-block-image gb-block-image-032aac41\"><a href=\"https:\/\/fas.st\/t\/9U4PYbm7\" target=\"_blank\" rel=\"noopener noreferrer\"><img data-recalc-dims=\"1\" decoding=\"async\" loading=\"lazy\" width=\"1200\" height=\"365\" class=\"gb-image gb-image-032aac41\" src=\"https:\/\/i0.wp.com\/aiartfree.online\/wp-content\/uploads\/2025\/03\/WX20250307-115412%402x.webp?resize=1200%2C365&#038;ssl=1\" alt=\"\" title=\"WX20250307-115412@2x\" srcset=\"https:\/\/i0.wp.com\/aiartfree.online\/wp-content\/uploads\/2025\/03\/WX20250307-115412%402x.webp?w=1942&amp;ssl=1 1942w, https:\/\/i0.wp.com\/aiartfree.online\/wp-content\/uploads\/2025\/03\/WX20250307-115412%402x.webp?resize=300%2C91&amp;ssl=1 300w, https:\/\/i0.wp.com\/aiartfree.online\/wp-content\/uploads\/2025\/03\/WX20250307-115412%402x.webp?resize=1024%2C312&amp;ssl=1 1024w, https:\/\/i0.wp.com\/aiartfree.online\/wp-content\/uploads\/2025\/03\/WX20250307-115412%402x.webp?resize=768%2C234&amp;ssl=1 768w, https:\/\/i0.wp.com\/aiartfree.online\/wp-content\/uploads\/2025\/03\/WX20250307-115412%402x.webp?resize=1536%2C467&amp;ssl=1 1536w, https:\/\/i0.wp.com\/aiartfree.online\/wp-content\/uploads\/2025\/03\/WX20250307-115412%402x.webp?resize=18%2C5&amp;ssl=1 18w, https:\/\/i0.wp.com\/aiartfree.online\/wp-content\/uploads\/2025\/03\/WX20250307-115412%402x.webp?resize=600%2C183&amp;ssl=1 600w\" sizes=\"auto, (max-width: 1200px) 100vw, 1200px\" \/><\/a><\/figure>\n\n\n\n<p class=\"\"><em>* Avhengig av internetthastigheten din kan det ta noen sekunder \u00e5 laste inn modellen.<br>* Det vil skje en hurtigbufring under kontinuerlig generering, og det nye bildet vises etter ca. 3 sekunder.<\/em><\/p>\n\n\n\n<div style=\"text-align: center; border: 2px solid; border-image-source: linear-gradient(to right, #16b86c, #912899); border-image-slice: 1; box-shadow: 0 0 10px rgba(0, 0, 0, 0.1); border-radius: 15px;\">\n  <iframe loading=\"lazy\"\n    src=\"https:\/\/artificialguybr-logo-sdxl-lora-free-demo.hf.space\"\n    frameborder=\"0\"\n    width=\"1100\"\n    height=\"800\"\n    style=\"display: inline-block; margin: 0 auto;\"\n  ><\/iframe>\n<\/div>\n\n\n\n<div style=\"height:49px\" aria-hidden=\"true\" class=\"wp-block-spacer\"><\/div>\n\n\n\n<h2 class=\"wp-block-heading\" id=\"introduction-of-free-ai-logo-generator\">Introduksjon av gratis AI-logogenerator<\/h2>\n\n\n\n<p class=\"\">Som bedriftseier er det viktig \u00e5 skape en profesjonell logo for \u00e5 etablere merkevareidentiteten din. Med fremveksten av kunstig intelligens har det blitt mer tilgjengelig og effektivt \u00e5 lage en logo. I denne artikkelen skal vi se n\u00e6rmere p\u00e5 hva en gratis AI-logogenerator kan bidra med, og hvordan den kan v\u00e6re til nytte for bedriften din.<\/p>\n\n\n\n<figure class=\"wp-block-image size-large is-resized\"><img data-recalc-dims=\"1\" decoding=\"async\" width=\"1024\" height=\"562\"   loading=\"lazy\" src=\"https:\/\/i0.wp.com\/aiartfree.online\/wp-content\/uploads\/2024\/07\/1_mL5ZQFtjfXkQdHh6qz_13w.jpg?resize=1024%2C562&#038;ssl=1\" alt=\"Gratis AI-logogenerator\" class=\"wp-image-2987\" style=\"width:585px;height:auto\" srcset=\"https:\/\/i0.wp.com\/aiartfree.online\/wp-content\/uploads\/2024\/07\/1_mL5ZQFtjfXkQdHh6qz_13w.jpg?resize=1024%2C562&amp;ssl=1 1024w, https:\/\/i0.wp.com\/aiartfree.online\/wp-content\/uploads\/2024\/07\/1_mL5ZQFtjfXkQdHh6qz_13w.jpg?resize=300%2C165&amp;ssl=1 300w, https:\/\/i0.wp.com\/aiartfree.online\/wp-content\/uploads\/2024\/07\/1_mL5ZQFtjfXkQdHh6qz_13w.jpg?resize=768%2C421&amp;ssl=1 768w, https:\/\/i0.wp.com\/aiartfree.online\/wp-content\/uploads\/2024\/07\/1_mL5ZQFtjfXkQdHh6qz_13w.jpg?resize=18%2C10&amp;ssl=1 18w, https:\/\/i0.wp.com\/aiartfree.online\/wp-content\/uploads\/2024\/07\/1_mL5ZQFtjfXkQdHh6qz_13w.jpg?resize=600%2C329&amp;ssl=1 600w, https:\/\/i0.wp.com\/aiartfree.online\/wp-content\/uploads\/2024\/07\/1_mL5ZQFtjfXkQdHh6qz_13w.jpg?w=1400&amp;ssl=1 1400w\" sizes=\"auto, (max-width: 1024px) 100vw, 1024px\" \/><\/figure>\n\n\n\n<p class=\"\"><strong>Innholdsfortegnelse<\/strong><\/p>\n\n\n\n<ul class=\"wp-block-list\">\n<li class=\"\">Introduksjon av gratis AI-logogenerator<\/li>\n\n\n\n<li class=\"\">Hvorfor bruke en gratis AI-logogenerator?<\/li>\n\n\n\n<li class=\"\">Fordeler med \u00e5 bruke en gratis AI-logogenerator<\/li>\n\n\n\n<li class=\"\">N\u00e5r skal man bruke en gratis AI-logogenerator?<\/li>\n\n\n\n<li class=\"\">Hvem kan bruke en gratis AI-logogenerator?<\/li>\n\n\n\n<li class=\"\">Sammenligning av gratis AI-logogeneratorer<\/li>\n\n\n\n<li class=\"\">VANLIGE SP\u00d8RSM\u00c5L<\/li>\n<\/ul>\n\n\n\n<h3 class=\"wp-block-heading\" id=\"what-is-a-free-ai-logo-generator\"><a href=\"https:\/\/dromerosm-groq-llama3.hf.space\/#what-is-a-free-ai-logo-generator\" target=\"_blank\" rel=\"noopener\"><\/a>Hva er en gratis AI-logogenerator?<\/h3>\n\n\n\n<p class=\"\">En gratis AI-logogenerator er et nettbasert verkt\u00f8y som bruker kunstig intelligens til \u00e5 lage en tilpasset logo for bedriften din. Disse verkt\u00f8yene bruker maskinl\u00e6ringsalgoritmer til \u00e5 generere unike logoer basert p\u00e5 dine innspill, for eksempel firmanavn, slagord og foretrukne farger og skrifttyper. Med bare noen f\u00e5 klikk kan du lage en profesjonell logo p\u00e5 f\u00e5 minutter.<\/p>\n\n\n\n<h3 class=\"wp-block-heading\" id=\"why-use-a-free-ai-logo-generator\"><a href=\"https:\/\/dromerosm-groq-llama3.hf.space\/#why-use-a-free-ai-logo-generator\" target=\"_blank\" rel=\"noopener\"><\/a>Hvorfor bruke en gratis AI-logogenerator?<\/h3>\n\n\n\n<p class=\"\">Ved \u00e5 bruke en gratis AI-logogenerator kan du spare tid og penger sammenlignet med \u00e5 ansette en profesjonell logodesigner. Med AI-drevet logodesign kan du ganske enkelt legge inn bedriftsinformasjonen og preferansene dine, og verkt\u00f8yet vil generere en logo som oppfyller dine behov.<\/p>\n\n\n\n<h3 class=\"wp-block-heading\" id=\"benefits-of-using-a-free-ai-logo-generator\"><a href=\"https:\/\/dromerosm-groq-llama3.hf.space\/#benefits-of-using-a-free-ai-logo-generator\" target=\"_blank\" rel=\"noopener\"><\/a>Fordeler med \u00e5 bruke en gratis AI-logogenerator<\/h3>\n\n\n\n<p class=\"\">Her er noen av fordelene ved \u00e5 bruke en gratis AI-logo-generator:<\/p>\n\n\n\n<p class=\"\">Rask og effektiv Lag en logo p\u00e5 f\u00e5 minutter med v\u00e5r AI-logogenerator.<\/p>\n\n\n\n<p class=\"\">Kostnadseffektivt Spar penger ved \u00e5 ikke ansette en profesjonell logodesigner.<\/p>\n\n\n\n<p class=\"\">Unike design F\u00e5 unike logoer generert av kunstig intelligens.<\/p>\n\n\n\n<p class=\"\">H\u00f8yoppl\u00f8selig Last ned h\u00f8yoppl\u00f8selige logofiler for ulike bruksomr\u00e5der.<\/p>\n\n\n\n<p class=\"\">Enkelt \u00e5 bruke Det er bare \u00e5 legge inn informasjon om virksomheten og preferansene dine, s\u00e5 gj\u00f8r verkt\u00f8yet resten.<\/p>\n\n\n\n<h3 class=\"wp-block-heading\" id=\"when-to-use-a-free-ai-logo-generator\"><a href=\"https:\/\/dromerosm-groq-llama3.hf.space\/#when-to-use-a-free-ai-logo-generator\" target=\"_blank\" rel=\"noopener\"><\/a>N\u00e5r skal man bruke en gratis AI-logogenerator?<\/h3>\n\n\n\n<p class=\"\">En gratis AI-logo-generator er perfekt for:<\/p>\n\n\n\n<p class=\"\">Nystartede bedrifter eller sm\u00e5 bedrifter med et stramt budsjett Entrepren\u00f8rer som \u00f8nsker \u00e5 lage en profesjonell logo raskt Bedrifter som \u00f8nsker \u00e5 endre eller oppdatere logoen sin<\/p>\n\n\n\n<h3 class=\"wp-block-heading\" id=\"who-can-use-a-free-ai-logo-generator\"><a href=\"https:\/\/dromerosm-groq-llama3.hf.space\/#who-can-use-a-free-ai-logo-generator\" target=\"_blank\" rel=\"noopener\"><\/a>Hvem kan bruke en gratis AI-logogenerator?<\/h3>\n\n\n\n<p class=\"\">Hvem som helst kan bruke en gratis AI-logogenerator, inkludert:<\/p>\n\n\n\n<p class=\"\">Gr\u00fcndere Sm\u00e5bedriftseiere Markedsf\u00f8ringseksperter Grafiske designere<\/p>\n\n\n\n<h3 class=\"wp-block-heading\" id=\"comparison-of-free-ai-logo-generators\"><a href=\"https:\/\/dromerosm-groq-llama3.hf.space\/#comparison-of-free-ai-logo-generators\" target=\"_blank\" rel=\"noopener\"><\/a>Sammenligning av gratis AI-logogeneratorer<\/h3>\n\n\n\n<p class=\"\">Her er noen popul\u00e6re gratis AI-logogeneratorer, sammen med deres funksjoner og fordeler:<\/p>\n\n\n\n<figure class=\"wp-block-table\"><table class=\"has-fixed-layout\"><thead><tr><th>Verkt\u00f8y<\/th><th>Funksjoner<\/th><th>Fordeler<\/th><th>Nettsted<\/th><\/tr><\/thead><tbody><tr><td>AI Art Free Online<\/td><td>AI-drevet logodesign, 100+ maler, livlige farger<\/td><td>Raskt og effektivt, kostnadseffektivt<\/td><td><a href=\"https:\/\/aiartfree.online\/nb\/gratis-ai-logo-generator\/\" target=\"_blank\" rel=\"noreferrer noopener\">https:\/\/aiartfree.online\/free-ai-logo-generator<\/a><\/td><\/tr><tr><td>Logojoy<\/td><td>AI-drevet logodesign, mer enn 10 000 maler, fargepalettgenerator<\/td><td>Unike design, h\u00f8yoppl\u00f8selige filer<\/td><td><a href=\"https:\/\/logojoy.com\/\" target=\"_blank\" rel=\"noreferrer noopener\">https:\/\/logojoy.com<\/a><\/td><\/tr><tr><td>Skreddersydde merker<\/td><td>AI-drevet logodesign, mer enn 10 000 maler, kit for sosiale medier<\/td><td>Profesjonell design, enkel \u00e5 bruke<\/td><td><a href=\"https:\/\/tailorbrands.com\/\" target=\"_blank\" rel=\"noreferrer noopener\">https:\/\/tailorbrands.com<\/a><\/td><\/tr><\/tbody><\/table><\/figure>\n\n\n\n<h3 class=\"wp-block-heading\" id=\"advantages-and-disadvantages-of-free-ai-logo-generators\"><a href=\"https:\/\/dromerosm-groq-llama3.hf.space\/#advantages-and-disadvantages-of-free-ai-logo-generators\" target=\"_blank\" rel=\"noopener\"><\/a>Fordeler og ulemper med gratis AI-logogeneratorer<\/h3>\n\n\n\n<p class=\"\">Her er noen fordeler og ulemper ved \u00e5 bruke gratis AI-logogeneratorer:<\/p>\n\n\n\n<p class=\"\"><strong>Fordeler<\/strong>:<\/p>\n\n\n\n<p class=\"\">Rask og effektiv Kostnadseffektiv Unik design H\u00f8yoppl\u00f8selige filer<\/p>\n\n\n\n<p class=\"\"><strong>Ulemper<\/strong>:<\/p>\n\n\n\n<p class=\"\">Begrensede tilpasningsmuligheter Begrensede designmaler Oppfyller kanskje ikke komplekse designkrav<\/p>\n\n\n\n<h3 class=\"wp-block-heading\" id=\"best-free-ai-logo-generator\"><a href=\"https:\/\/dromerosm-groq-llama3.hf.space\/#best-free-ai-logo-generator\" target=\"_blank\" rel=\"noopener\"><\/a>Beste gratis AI-logogenerator<\/h3>\n\n\n\n<p class=\"\">Etter \u00e5 ha unders\u00f8kt og sammenlignet forskjellige gratis AI-logogeneratorer, anbefaler vi AI Art Free Online p\u00e5 det sterkeste. Med sin AI-drevne logodesign, mer enn 100 maler og livlige farger, er det det perfekte verkt\u00f8yet for \u00e5 lage en profesjonell logo raskt og effektivt.<\/p>\n\n\n\n<h3 class=\"wp-block-heading\" id=\"faq\"><a href=\"https:\/\/dromerosm-groq-llama3.hf.space\/#faq\" target=\"_blank\" rel=\"noopener\"><\/a>VANLIGE SP\u00d8RSM\u00c5L<\/h3>\n\n\n<div id=\"rank-math-faq\" class=\"rank-math-block\">\n<div class=\"rank-math-list\">\n<div id=\"faq-question-1721394932020\" class=\"rank-math-list-item\">\n<h3 class=\"rank-math-question\">Kan jeg bruke en gratis AI-logogenerator til kommersiell bruk?<\/h3>\n<div class=\"rank-math-answer\">\n\n<p>Ja, de fleste gratis AI-logogeneratorer tillater kommersiell bruk av de genererte logoene.<\/p>\n\n<\/div>\n<\/div>\n<div id=\"faq-question-1721394940919\" class=\"rank-math-list-item\">\n<h3 class=\"rank-math-question\">Er logoene som genereres av AI unike?<\/h3>\n<div class=\"rank-math-answer\">\n\n<p>Ja, logoene som genereres av AI, er unike og tilpasses basert p\u00e5 dine innspill.<\/p>\n\n<\/div>\n<\/div>\n<div id=\"faq-question-1721394949679\" class=\"rank-math-list-item\">\n<h3 class=\"rank-math-question\">Kan jeg redigere den genererte logoen?<\/h3>\n<div class=\"rank-math-answer\">\n\n<p>Ja, de fleste gratis AI-logogeneratorer lar deg redigere den genererte logoen.<\/p>\n\n<\/div>\n<\/div>\n<div id=\"faq-question-1721394962503\" class=\"rank-math-list-item\">\n<h3 class=\"rank-math-question\">Er logofilene h\u00f8yoppl\u00f8selige?<\/h3>\n<div class=\"rank-math-answer\">\n\n<p>Ja, de fleste gratis AI-logogeneratorer tilbyr h\u00f8yoppl\u00f8selige logofiler for ulike bruksomr\u00e5der.<\/p>\n\n<\/div>\n<\/div>\n<\/div>\n<\/div>","protected":false},"excerpt":{"rendered":"<p>How to use Free AI Logo Generator *&nbsp;Depending on your internet speed, loading the model may take a few seconds.* There will be caching during continuous generation, and the new image will appear after about 3 seconds. Introduction of Free AI Logo Generator As a business owner, creating a professional logo is essential to establish &#8230; <a title=\"Gratis AI-logogenerator\" class=\"read-more\" href=\"https:\/\/aiartfree.online\/nb\/gratis-ai-logo-generator\/\" aria-label=\"Read more about Free AI Logo Generator\">Les mer<\/a><\/p>","protected":false},"author":1,"featured_media":0,"parent":0,"menu_order":0,"comment_status":"open","ping_status":"closed","template":"","meta":{"nf_dc_page":"","footnotes":""},"class_list":["post-2983","page","type-page","status-publish"],"jetpack_sharing_enabled":true,"_links":{"self":[{"href":"https:\/\/aiartfree.online\/nb\/wp-json\/wp\/v2\/pages\/2983","targetHints":{"allow":["GET"]}}],"collection":[{"href":"https:\/\/aiartfree.online\/nb\/wp-json\/wp\/v2\/pages"}],"about":[{"href":"https:\/\/aiartfree.online\/nb\/wp-json\/wp\/v2\/types\/page"}],"author":[{"embeddable":true,"href":"https:\/\/aiartfree.online\/nb\/wp-json\/wp\/v2\/users\/1"}],"replies":[{"embeddable":true,"href":"https:\/\/aiartfree.online\/nb\/wp-json\/wp\/v2\/comments?post=2983"}],"version-history":[{"count":1,"href":"https:\/\/aiartfree.online\/nb\/wp-json\/wp\/v2\/pages\/2983\/revisions"}],"predecessor-version":[{"id":3605,"href":"https:\/\/aiartfree.online\/nb\/wp-json\/wp\/v2\/pages\/2983\/revisions\/3605"}],"wp:attachment":[{"href":"https:\/\/aiartfree.online\/nb\/wp-json\/wp\/v2\/media?parent=2983"}],"curies":[{"name":"wp","href":"https:\/\/api.w.org\/{rel}","templated":true}]}}