{"id":2941,"date":"2024-07-18T13:56:58","date_gmt":"2024-07-18T13:56:58","guid":{"rendered":"https:\/\/aiartfree.online\/?page_id=2941"},"modified":"2024-08-02T12:30:47","modified_gmt":"2024-08-02T12:30:47","slug":"ai-cartoon-generator","status":"publish","type":"page","link":"https:\/\/aiartfree.online\/nb\/ai-tegneseriegenerator\/","title":{"rendered":"AI Cartoon Generator"},"content":{"rendered":"<h2 class=\"wp-block-heading has-text-align-center\" id=\"before-vs-after\">F\u00f8r vs. etter<\/h2>\n\n\n\n<figure class=\"gb-block-image gb-block-image-1822da1f\"><img data-recalc-dims=\"1\" decoding=\"async\" loading=\"lazy\" width=\"1024\" height=\"508\" class=\"gb-image gb-image-1822da1f\" src=\"https:\/\/i0.wp.com\/aiartfree.online\/wp-content\/uploads\/2024\/07\/WX20240717-175407%402x-1-1-1.jpg?resize=1024%2C508&#038;ssl=1\" alt=\"AI Cartoon Generator\" title=\"WX20240717-175407@2x (1) (1) (1) (1)\" srcset=\"https:\/\/i0.wp.com\/aiartfree.online\/wp-content\/uploads\/2024\/07\/WX20240717-175407%402x-1-1-1-scaled.jpg?resize=1024%2C508&amp;ssl=1 1024w, https:\/\/i0.wp.com\/aiartfree.online\/wp-content\/uploads\/2024\/07\/WX20240717-175407%402x-1-1-1-scaled.jpg?resize=300%2C149&amp;ssl=1 300w, https:\/\/i0.wp.com\/aiartfree.online\/wp-content\/uploads\/2024\/07\/WX20240717-175407%402x-1-1-1-scaled.jpg?resize=768%2C381&amp;ssl=1 768w, https:\/\/i0.wp.com\/aiartfree.online\/wp-content\/uploads\/2024\/07\/WX20240717-175407%402x-1-1-1-scaled.jpg?resize=1536%2C763&amp;ssl=1 1536w, https:\/\/i0.wp.com\/aiartfree.online\/wp-content\/uploads\/2024\/07\/WX20240717-175407%402x-1-1-1-scaled.jpg?resize=2048%2C1017&amp;ssl=1 2048w, https:\/\/i0.wp.com\/aiartfree.online\/wp-content\/uploads\/2024\/07\/WX20240717-175407%402x-1-1-1-scaled.jpg?resize=18%2C9&amp;ssl=1 18w, https:\/\/i0.wp.com\/aiartfree.online\/wp-content\/uploads\/2024\/07\/WX20240717-175407%402x-1-1-1-scaled.jpg?resize=600%2C298&amp;ssl=1 600w, https:\/\/i0.wp.com\/aiartfree.online\/wp-content\/uploads\/2024\/07\/WX20240717-175407%402x-1-1-1-scaled.jpg?w=2400&amp;ssl=1 2400w\" sizes=\"auto, (max-width: 1024px) 100vw, 1024px\" \/><\/figure>\n\n\n\n<h2 class=\"wp-block-heading\" id=\"how-to-use-ai-cartoon-generator\">Hvordan bruke AI Cartoon Generator<\/h2>\n\n\n\n<ol class=\"wp-block-list\">\n<li class=\"\">Slipp eller last opp bildet ditt eller et hvilket som helst bilde du liker<\/li>\n\n\n\n<li class=\"\">Klikk p\u00e5 \"Send\"<\/li>\n\n\n\n<li class=\"\">Vent, det var det!<\/li>\n<\/ol>\n\n\n\n<p class=\"\"><em>* Avhengig av internetthastigheten din kan det ta noen sekunder \u00e5 laste inn modellen.<br>* Det vil skje en hurtigbufring under kontinuerlig generering, og det nye bildet vises etter ca. 3 sekunder.<\/em><\/p>\n\n\n\n<div class=\"iframe-wrapper\" style=\"position: relative; width: 100%; height: 1800px;\">\n  <div class=\"loading\" style=\"position: absolute; top: 50px; left: 50%; transform: translate(-50%, -50%); width: 40px; height: 40px; border: 3px solid #f0f0f0; border-top: 3px solid #db7093; border-radius: 50%; animation: spin 1s linear infinite;\"><\/div>\n  <iframe loading=\"lazy\" src=\"https:\/\/akhaliq-animeganv2.hf.space\" frameborder=\"0\" width=\"100%\" height=\"100%\" style=\"position: absolute; top: 0; left: 0; opacity: 0; transition: opacity 0.3s;\" onload=\"this.style.opacity=1;this.previousElementSibling.style.display='none';\"><\/iframe>\n<\/div>\n\n<style>\n@keyframes spin {\n  0% { transform: translate(-50%, -50%) rotate(0deg); }\n  100% { transform: translate(-50%, -50%) rotate(360deg); }\n}\n<\/style>\n\n\n\n<div style=\"height:50px\" aria-hidden=\"true\" class=\"wp-block-spacer\"><\/div>\n\n\n\n<h2 class=\"wp-block-heading\" id=\"introduction-of-ai-cartoon-generator\">Introduksjon av AI Cartoon Generator<\/h2>\n\n\n\n<p class=\"\">\u00c5 lage tegneserieversjoner av bilder har blitt en popul\u00e6r trend de siste \u00e5rene. Med en AI-tegneseriegenerator kan brukerne raskt og enkelt forvandle bildene sine til tegneseriebilder. I denne artikkelen skal vi se n\u00e6rmere p\u00e5 hva en AI-tegneseriegenerator er, hvorfor den er nyttig, hvordan den brukes og hvem som kan dra nytte av den. I tillegg vil vi gi en omfattende sammenligning av ulike AI-tegneseriegeneratorer som er tilgjengelige p\u00e5 nettet.<\/p>\n\n\n\n<div class=\"wp-block-rank-math-toc-block\" id=\"rank-math-toc\"><h3>Innholdsfortegnelse<\/h3><nav><ul><li><a href=\"#what-is-an-ai-cartoon-generator\">Hva er en AI Cartoon Generator?<\/a><\/li><li><a href=\"#why-use-an-ai-cartoon-generator\">Hvorfor bruke en AI-tegneseriegenerator?<\/a><\/li><li><a href=\"#benefits-of-using-an-ai-cartoon-generator\">Fordeler med \u00e5 bruke en AI-tegneseriegenerator<\/a><\/li><li><a href=\"#when-to-use-an-ai-cartoon-generator\">N\u00e5r b\u00f8r man bruke en AI-tegneseriegenerator?<\/a><\/li><li><a href=\"#who-should-use-an-ai-cartoon-generator\">Hvem b\u00f8r bruke en AI-tegneseriegenerator?<\/a><\/li><li><a href=\"#comparison-of-ai-cartoon-generators\">Sammenligning av AI-generatorer for tegneserier<\/a><\/li><li><a href=\"#faq\">VANLIGE SP\u00d8RSM\u00c5L<\/a><\/li><\/ul><\/nav><\/div>\n\n\n\n<h3 class=\"wp-block-heading\" id=\"what-is-an-ai-cartoon-generator\">Hva er en AI Cartoon Generator?<\/h3>\n\n\n\n<p class=\"\">En AI-tegneseriegenerator er et programvareverkt\u00f8y som bruker kunstig intelligens til \u00e5 forvandle et bilde til et tegneseriebilde. Ved hjelp av avanserte algoritmer og maskinl\u00e6ring kan disse verkt\u00f8yene lage unike og personlige tegneseriefigurer eller avatarer fra bildene dine.<\/p>\n\n\n\n<h3 class=\"wp-block-heading\" id=\"why-use-an-ai-cartoon-generator\">Hvorfor bruke en AI-tegneseriegenerator?<\/h3>\n\n\n\n<p class=\"\">AI-tegneseriegeneratorer har blitt popul\u00e6re fordi de raskt kan gj\u00f8re bilder om til tegneserier med minimal innsats. De er en morsom m\u00e5te \u00e5 lage tegneseriefigurer til sosiale medier, profilbilder eller bare for egen forn\u00f8yelse.<\/p>\n\n\n\n<h3 class=\"wp-block-heading\" id=\"benefits-of-using-an-ai-cartoon-generator\">Fordeler med \u00e5 bruke en AI-tegneseriegenerator<\/h3>\n\n\n\n<ol class=\"wp-block-list\">\n<li class=\"\"><strong>Enkel \u00e5 bruke:<\/strong> De fleste AI-tegneseriegeneratorer krever bare noen f\u00e5 klikk for \u00e5 gj\u00f8re et bilde om til en tegneserie.<\/li>\n\n\n\n<li class=\"\"><strong>Rask behandling:<\/strong> AI-algoritmer kan raskt behandle bilder og gi nesten umiddelbare resultater.<\/li>\n\n\n\n<li class=\"\"><strong>H\u00f8y kvalitet:<\/strong> De genererte tegneseriebildene er ofte av h\u00f8y kvalitet og egner seg for ulike bruksomr\u00e5der.<\/li>\n\n\n\n<li class=\"\"><strong>Tilpasning:<\/strong> Mange verkt\u00f8y gj\u00f8r det mulig \u00e5 tilpasse tegneseriestilene, slik at hvert bilde blir unikt.<\/li>\n\n\n\n<li class=\"\"><strong>Gratis alternativer:<\/strong> Mange nettbaserte verkt\u00f8y tilbyr gratis tjenester for konvertering av bilder til tegneserier.<\/li>\n<\/ol>\n\n\n\n<h3 class=\"wp-block-heading\" id=\"when-to-use-an-ai-cartoon-generator\">N\u00e5r b\u00f8r man bruke en AI-tegneseriegenerator?<\/h3>\n\n\n\n<p class=\"\">AI-tegneseriegeneratorer er ideelle for:<\/p>\n\n\n\n<ul class=\"wp-block-list\">\n<li class=\"\"><strong>Skape innhold i sosiale medier:<\/strong> Engasjerende og unike tegneseriebilder kan forbedre innlegg i sosiale medier.<\/li>\n\n\n\n<li class=\"\"><strong>Lage profilbilder:<\/strong> Tegneserieprofiler skiller seg ut og gir et personlig preg.<\/li>\n\n\n\n<li class=\"\"><strong>Morsomme prosjekter:<\/strong> Forvandle deg selv til en tegneserie for moro skyld eller for kreative prosjekter.<\/li>\n\n\n\n<li class=\"\"><strong>Profesjonell bruk:<\/strong> Illustrat\u00f8rer og designere kan bruke disse verkt\u00f8yene til raskt \u00e5 generere tegneseriebilder.<\/li>\n<\/ul>\n\n\n\n<h3 class=\"wp-block-heading\" id=\"who-should-use-an-ai-cartoon-generator\">Hvem b\u00f8r bruke en AI-tegneseriegenerator?<\/h3>\n\n\n\n<p class=\"\">AI-tegneseriegeneratorer er egnet for:<\/p>\n\n\n\n<ul class=\"wp-block-list\">\n<li class=\"\"><strong>Enkeltpersoner:<\/strong> Alle som \u00f8nsker \u00e5 lage en tegneserieversjon av bildet sitt.<\/li>\n\n\n\n<li class=\"\"><strong>P\u00e5virkere i sosiale medier:<\/strong> \u00c5 skape engasjerende innhold.<\/li>\n\n\n\n<li class=\"\"><strong>Virksomheter:<\/strong> For unikt markedsf\u00f8ringsmateriell.<\/li>\n\n\n\n<li class=\"\"><strong>Kunstnere og designere:<\/strong> For raskt \u00e5 generere ideer til tegneserier.<\/li>\n\n\n\n<li class=\"\"><strong>Skapere av innhold:<\/strong> For \u00e5 tilf\u00f8re et morsomt element til innholdet deres.<\/li>\n<\/ul>\n\n\n\n<h3 class=\"wp-block-heading\" id=\"comparison-of-ai-cartoon-generators\">Sammenligning av AI-generatorer for tegneserier<\/h3>\n\n\n\n<figure class=\"wp-block-table\"><table class=\"has-fixed-layout\"><thead><tr><th>Verkt\u00f8y<\/th><th>Fordeler<\/th><th>Ulemper<\/th><th>Funksjoner<\/th><th>Anbefalinger<\/th><\/tr><\/thead><tbody><tr><td><a href=\"https:\/\/aiartfree.online\/nb\/ai-tegneseriegenerator\/\" target=\"_blank\" data-type=\"link\" data-id=\"https:\/\/aiartfree.online\/ai-cartoon-generator\/\" rel=\"noreferrer noopener\">AI Cartoon Generator<\/a><\/td><td>Enkel \u00e5 bruke, gratis<\/td><td>Begrenset tilpasning<\/td><td>Foto til tegneserie, forskjellige stiler<\/td><td>Bra for grunnleggende bruk<\/td><\/tr><tr><td>ToonMe<\/td><td>H\u00f8y kvalitet, raskt<\/td><td>Vannmerke p\u00e5 gratisversjonen<\/td><td>Ulike tegneseriestiler, rask behandling<\/td><td>Best for bilder av h\u00f8y kvalitet<\/td><\/tr><tr><td>Fotolaboratorium<\/td><td>Mange effekter<\/td><td>Annonser i gratisversjonen<\/td><td>Flere effekter og filtre<\/td><td>Flott for en rekke effekter<\/td><\/tr><tr><td>PicsArt<\/td><td>Allsidig, mange verkt\u00f8y<\/td><td>Krever innlogging<\/td><td>Fotoredigering, tegnefilm-effekter<\/td><td>Best for avanserte brukere<\/td><\/tr><tr><td>BeFunky<\/td><td>Enkel \u00e5 bruke<\/td><td>Begrensede gratisfunksjoner<\/td><td>Enkel redigering, tegnefilmeffekter<\/td><td>Bra for nybegynnere<\/td><\/tr><tr><td>Dype kunsteffekter<\/td><td>H\u00f8y kvalitet<\/td><td>Krever betaling for HD<\/td><td>AI-genererte kunststiler<\/td><td>Best for resultater av h\u00f8y kvalitet<\/td><\/tr><tr><td>Prisma<\/td><td>Stilige resultater<\/td><td>Begrenset antall gratis stiler<\/td><td>Ulike kunstneriske filtre<\/td><td>Perfekt for kunstneriske stiler<\/td><\/tr><tr><td>Painnt<\/td><td>Mange stiler<\/td><td>Vannmerke p\u00e5 gratisversjonen<\/td><td>Kunstneriske filtre og stiler<\/td><td>Best for kunstnerisk variasjon<\/td><\/tr><tr><td>LunaPic<\/td><td>Gratis, allsidig<\/td><td>Utdatert grensesnitt<\/td><td>Mange effekter og verkt\u00f8y<\/td><td>Best for fri bruk<\/td><\/tr><tr><td>Fotor<\/td><td>Enkel \u00e5 bruke, allsidig<\/td><td>Begrensede gratisfunksjoner<\/td><td>Redigeringsverkt\u00f8y, tegnefilmeffekter<\/td><td>Best for generell bruk<\/td><\/tr><\/tbody><\/table><\/figure>\n\n\n\n<h3 class=\"wp-block-heading\" id=\"faq\">VANLIGE SP\u00d8RSM\u00c5L<\/h3>\n\n\n\n<p class=\"\"><strong>1. Hva er en AI-tegneseriegenerator?<\/strong><br>En AI-tegneseriegenerator er et verkt\u00f8y som bruker AI til \u00e5 forvandle bilder til tegneserier.<\/p>\n\n\n\n<p class=\"\"><strong>2. Hvordan fungerer en AI-tegneseriegenerator?<\/strong><br>Den bruker maskinl\u00e6ringsalgoritmer til \u00e5 analysere og konvertere fotofunksjoner til tegneserielignende bilder.<\/p>\n\n\n\n<p class=\"\"><strong>3. Er AI-tegneseriegeneratorer gratis?<\/strong><br>Mange verkt\u00f8y tilbyr gratisversjoner med grunnleggende funksjoner, men noen kan ha premiumalternativer.<\/p>\n\n\n\n<p class=\"\"><strong>4. Hva er de beste AI-tegneseriegeneratorene?<\/strong><br>Noen av de beste verkt\u00f8yene er ToonMe, Photo Lab og Prisma.<\/p>\n\n\n\n<p class=\"\"><strong>5. Kan jeg tilpasse tegneseriestilene?<\/strong><br>Ja, mange verkt\u00f8y gj\u00f8r det mulig \u00e5 tilpasse tegneseriestiler.<\/p>\n\n\n\n<p class=\"\"><strong>6. Er det trygt \u00e5 bruke AI-tegneseriegeneratorer p\u00e5 nettet?<\/strong><br>De fleste anerkjente verkt\u00f8y er trygge, men sjekk alltid sikkerhets- og personvernerkl\u00e6ringene.<\/p>\n\n\n\n<p class=\"\"><strong>7. Kan jeg bruke AI-tegneseriegeneratorer til kommersielle form\u00e5l?<\/strong><br>Det avhenger av verkt\u00f8yets bruksvilk\u00e5r; noen tillater kommersiell bruk, mens andre ikke gj\u00f8r det.<\/p>\n\n\n\n<p class=\"\"><strong>8. Hvor lang tid tar det \u00e5 tegne et bilde?<\/strong><br>Behandlingstiden varierer, men er generelt rask, ofte bare noen f\u00e5 sekunder.<\/p>\n\n\n\n<p class=\"\"><strong>9. Kan AI-tegneseriegeneratorer fungere p\u00e5 alle bilder?<\/strong><br>De fungerer best p\u00e5 klare bilder av h\u00f8y kvalitet.<\/p>\n\n\n\n<p class=\"\"><strong>10. Hva er den beste AI-tegneseriegeneratoren for nybegynnere?<\/strong><br>BeFunky og Cartoonify er gode alternativer for nybegynnere p\u00e5 grunn av deres enkelhet og brukervennlighet.<\/p>\n\n\n\n<p class=\"\">\u00c5 bruke en AI-tegneseriegenerator er en morsom og enkel m\u00e5te \u00e5 skape unike og engasjerende tegneseriebilder fra bildene dine. Enten du \u00f8nsker \u00e5 skape innhold til sosiale medier, et unikt profilbilde eller bare ha det litt g\u00f8y, tilbyr disse verkt\u00f8yene en rekke funksjoner som dekker dine behov. <\/p>\n\n\n\n<p class=\"\">Hvis du har ytterligere sp\u00f8rsm\u00e5l, vennligst sp\u00f8r <a href=\"https:\/\/chatgpt4o.space\/\" data-type=\"link\" data-id=\"https:\/\/chatgpt4o.space\/\" target=\"_blank\" rel=\"noreferrer noopener\">gratis online ChatGPT 4o mini<\/a><\/p>","protected":false},"excerpt":{"rendered":"<p>Before vs After How to use AI Cartoon Generator *&nbsp;Depending on your internet speed, loading the model may take a few seconds.* There will be caching during continuous generation, and the new image will appear after about 3 seconds. Introduction of AI Cartoon Generator Creating cartoon versions of photos has become a popular trend in &#8230; <a title=\"AI Cartoon Generator\" class=\"read-more\" href=\"https:\/\/aiartfree.online\/nb\/ai-tegneseriegenerator\/\" aria-label=\"Read more about AI Cartoon Generator\">Les mer<\/a><\/p>","protected":false},"author":1,"featured_media":2875,"parent":0,"menu_order":0,"comment_status":"open","ping_status":"closed","template":"","meta":{"nf_dc_page":"","footnotes":""},"class_list":["post-2941","page","type-page","status-publish","has-post-thumbnail"],"jetpack_sharing_enabled":true,"_links":{"self":[{"href":"https:\/\/aiartfree.online\/nb\/wp-json\/wp\/v2\/pages\/2941","targetHints":{"allow":["GET"]}}],"collection":[{"href":"https:\/\/aiartfree.online\/nb\/wp-json\/wp\/v2\/pages"}],"about":[{"href":"https:\/\/aiartfree.online\/nb\/wp-json\/wp\/v2\/types\/page"}],"author":[{"embeddable":true,"href":"https:\/\/aiartfree.online\/nb\/wp-json\/wp\/v2\/users\/1"}],"replies":[{"embeddable":true,"href":"https:\/\/aiartfree.online\/nb\/wp-json\/wp\/v2\/comments?post=2941"}],"version-history":[{"count":0,"href":"https:\/\/aiartfree.online\/nb\/wp-json\/wp\/v2\/pages\/2941\/revisions"}],"wp:featuredmedia":[{"embeddable":true,"href":"https:\/\/aiartfree.online\/nb\/wp-json\/wp\/v2\/media\/2875"}],"wp:attachment":[{"href":"https:\/\/aiartfree.online\/nb\/wp-json\/wp\/v2\/media?parent=2941"}],"curies":[{"name":"wp","href":"https:\/\/api.w.org\/{rel}","templated":true}]}}