{"id":2889,"date":"2024-07-18T12:53:54","date_gmt":"2024-07-18T12:53:54","guid":{"rendered":"https:\/\/aiartfree.online\/?page_id=2889"},"modified":"2024-07-20T06:31:00","modified_gmt":"2024-07-20T06:31:00","slug":"free-dalle-3","status":"publish","type":"page","link":"https:\/\/aiartfree.online\/nb\/fri-dalle-3\/","title":{"rendered":"Gratis DALL-E 3"},"content":{"rendered":"<h2 class=\"wp-block-heading\">Hvordan du bruker gratis DALL-E 3<\/h2>\n\n\n\n<ol class=\"wp-block-list\">\n<li class=\"\">Skriv inn instruksjonene dine<\/li>\n\n\n\n<li class=\"\">Klikk p\u00e5 \"Kj\u00f8r\"<\/li>\n\n\n\n<li class=\"\">Vent, det var det!<\/li>\n<\/ol>\n\n\n\n<p class=\"\"><em>* Avhengig av internetthastigheten din kan det ta noen sekunder \u00e5 laste inn modellen.<br>* Det vil skje en hurtigbufring under kontinuerlig generering, og det nye bildet vises etter ca. 3 sekunder.<\/em><\/p>\n\n\n\n<div style=\"text-align: center; border: 2px solid; border-image-source: linear-gradient(to right, #16b86c, #912899); border-image-slice: 1; box-shadow: 0 0 10px rgba(0, 0, 0, 0.1); border-radius: 15px;\">\n  <iframe loading=\"lazy\"\n    src=\"https:\/\/ehristoforu-dalle-3-xl-lora-v2.hf.space\"\n    frameborder=\"0\"\n    width=\"600\"\n    height=\"950\"\n    style=\"display: inline-block; margin: 0 auto;\"\n  ><\/iframe>\n<\/div>\n\n\n\n<div style=\"height:100px\" aria-hidden=\"true\" class=\"wp-block-spacer\"><\/div>\n\n\n\n<h1 class=\"gb-headline gb-headline-b91c046b gb-headline-text\"><strong>Introduksjon av gratis DALL-E 3<\/strong><\/h1>\n\n\n\n<figure class=\"wp-block-image size-large is-resized\"><img data-recalc-dims=\"1\" decoding=\"async\" width=\"1024\" height=\"1024\"   loading=\"lazy\" src=\"https:\/\/i0.wp.com\/aiartfree.online\/wp-content\/uploads\/2024\/07\/avocado-square-1-1-1-1-1-1-1-1-1-1-1-1-1.jpg?resize=1024%2C1024&#038;ssl=1\" alt=\"Gratis online DALL-E 3: AI-modell som genererer bilder\/videoer av h\u00f8y kvalitet fra tekstmeldinger, noe som revolusjonerer AI-generert innholdsskaping uten \u00e5 kreve kunstneriske ferdigheter.\" class=\"wp-image-2825\" style=\"width:416px;height:auto\" srcset=\"https:\/\/i0.wp.com\/aiartfree.online\/wp-content\/uploads\/2024\/07\/avocado-square-1-1-1-1-1-1-1-1-1-1-1-1-1.jpg?resize=1024%2C1024&amp;ssl=1 1024w, https:\/\/i0.wp.com\/aiartfree.online\/wp-content\/uploads\/2024\/07\/avocado-square-1-1-1-1-1-1-1-1-1-1-1-1-1.jpg?resize=300%2C300&amp;ssl=1 300w, https:\/\/i0.wp.com\/aiartfree.online\/wp-content\/uploads\/2024\/07\/avocado-square-1-1-1-1-1-1-1-1-1-1-1-1-1.jpg?resize=100%2C100&amp;ssl=1 100w, https:\/\/i0.wp.com\/aiartfree.online\/wp-content\/uploads\/2024\/07\/avocado-square-1-1-1-1-1-1-1-1-1-1-1-1-1.jpg?resize=600%2C600&amp;ssl=1 600w, https:\/\/i0.wp.com\/aiartfree.online\/wp-content\/uploads\/2024\/07\/avocado-square-1-1-1-1-1-1-1-1-1-1-1-1-1.jpg?resize=150%2C150&amp;ssl=1 150w, https:\/\/i0.wp.com\/aiartfree.online\/wp-content\/uploads\/2024\/07\/avocado-square-1-1-1-1-1-1-1-1-1-1-1-1-1.jpg?resize=768%2C768&amp;ssl=1 768w, https:\/\/i0.wp.com\/aiartfree.online\/wp-content\/uploads\/2024\/07\/avocado-square-1-1-1-1-1-1-1-1-1-1-1-1-1.jpg?resize=1536%2C1536&amp;ssl=1 1536w, https:\/\/i0.wp.com\/aiartfree.online\/wp-content\/uploads\/2024\/07\/avocado-square-1-1-1-1-1-1-1-1-1-1-1-1-1.jpg?resize=12%2C12&amp;ssl=1 12w, https:\/\/i0.wp.com\/aiartfree.online\/wp-content\/uploads\/2024\/07\/avocado-square-1-1-1-1-1-1-1-1-1-1-1-1-1.jpg?w=1792&amp;ssl=1 1792w\" sizes=\"auto, (max-width: 1024px) 100vw, 1024px\" \/><\/figure>\n\n\n\n<h2 class=\"wp-block-heading\"><strong>Skisse:<\/strong><\/h2>\n\n\n\n<ul class=\"wp-block-list\">\n<li class=\"\">Hva er gratis online DALL-E 3?<\/li>\n\n\n\n<li class=\"\">Hvorfor bruke gratis online DALL-E 3?<\/li>\n\n\n\n<li class=\"\">Fordeler med \u00e5 bruke gratis DALL-E 3 p\u00e5 nett<\/li>\n\n\n\n<li class=\"\">N\u00e5r du skal bruke gratis online DALL-E 3<\/li>\n\n\n\n<li class=\"\">Hvem kan dra nytte av DALL-E 3 gratis p\u00e5 nett?<\/li>\n\n\n\n<li class=\"\">Gratis DALL-E 3-verkt\u00f8y og -ressurser p\u00e5 nett<\/li>\n\n\n\n<li class=\"\">OFTE STILTE SP\u00d8RSM\u00c5L: Ofte stilte sp\u00f8rsm\u00e5l om gratis online DALL-E 3<\/li>\n<\/ul>\n\n\n\n<h3 class=\"wp-block-heading\" id=\"6b4aa913\"><a href=\"https:\/\/dromerosm-groq-llama3.hf.space\/#6b4aa913\" target=\"_blank\" rel=\"noopener\"><\/a>Hva er Gratis DALL-E 3?<\/h3>\n\n\n\n<p class=\"\">Free Online DALL-E 3 er en type kunstig intelligens (AI) som lar brukerne generere bilder og videoer av h\u00f8y kvalitet ved hjelp av tekstmeldinger. Denne innovative teknologien har revolusjonert feltet for AI-generert innhold, og gj\u00f8r det mulig for brukere \u00e5 skape fantastiske bilder uten \u00e5 kreve omfattende kunstneriske ferdigheter.<\/p>\n\n\n\n<h3 class=\"wp-block-heading\" id=\"1403ba15\"><a href=\"https:\/\/dromerosm-groq-llama3.hf.space\/#1403ba15\" target=\"_blank\" rel=\"noopener\"><\/a>Hvorfor bruke Free DALL-E 3?<\/h3>\n\n\n\n<p class=\"\">Gratis Online DALL-E 3 gir mange fordeler for b\u00e5de privatpersoner og bedrifter. Teknologien kan brukes til \u00e5 skape i\u00f8ynefallende reklame, innhold til sosiale medier og til og med hele historier. Anvendelsesmulighetene er ubegrensede, og evnen til \u00e5 generere bilder av h\u00f8y kvalitet har gjort den til et viktig verkt\u00f8y for mange bransjer, inkludert markedsf\u00f8ring, underholdning og utdanning.<\/p>\n\n\n\n<h3 class=\"wp-block-heading\" id=\"6a9ba0cf\"><a href=\"https:\/\/dromerosm-groq-llama3.hf.space\/#6a9ba0cf\" target=\"_blank\" rel=\"noopener\"><\/a>Fordeler med \u00e5 bruke Free DALL-E 3<\/h3>\n\n\n\n<p class=\"\">Her er noen av fordelene ved \u00e5 bruke Free Online DALL-E 3:<\/p>\n\n\n\n<ul class=\"wp-block-list\">\n<li class=\"\"><strong>Uovertruffen bildekvalitet<\/strong>: Gratis online DALL-E 3 genererer bilder som kan sammenlignes med bilder laget av profesjonelle kunstnere.<\/li>\n\n\n\n<li class=\"\"><strong>Tidseffektivt<\/strong>: Denne teknologien gj\u00f8r det mulig \u00e5 lage bilder av h\u00f8y kvalitet i l\u00f8pet av f\u00e5 minutter, noe som sparer tid og krefter.<\/li>\n\n\n\n<li class=\"\"><strong>Kostnadseffektivt<\/strong>: Gratis online DALL-E 3 eliminerer behovet for \u00e5 ansette profesjonelle kunstnere eller kj\u00f8pe dyr programvare.<\/li>\n<\/ul>\n\n\n\n<h3 class=\"wp-block-heading\" id=\"5ca44098\"><a href=\"https:\/\/dromerosm-groq-llama3.hf.space\/#5ca44098\" target=\"_blank\" rel=\"noopener\"><\/a>N\u00e5r du skal bruke gratis DALL-E 3<\/h3>\n\n\n\n<p class=\"\">Gratis Online DALL-E 3 er egnet for ulike scenarier, inkludert:<\/p>\n\n\n\n<ul class=\"wp-block-list\">\n<li class=\"\"><strong>Markedsf\u00f8ringskampanjer<\/strong>: Lag i\u00f8ynefallende annonser og innhold i sosiale medier for \u00e5 fange oppmerksomheten til m\u00e5lgruppen din.<\/li>\n\n\n\n<li class=\"\"><strong>Historiefortelling<\/strong>: Bruk Free Online DALL-E 3 til \u00e5 lage hele historier, inkludert figurer, bakgrunner og rekvisitter.<\/li>\n\n\n\n<li class=\"\"><strong>Utdanning<\/strong>: Bruk denne teknologien til \u00e5 skape interaktivt og engasjerende pedagogisk innhold.<\/li>\n<\/ul>\n\n\n\n<h3 class=\"wp-block-heading\" id=\"a38adbc\"><a href=\"https:\/\/dromerosm-groq-llama3.hf.space\/#a38adbc\" target=\"_blank\" rel=\"noopener\"><\/a>Hvem kan dra nytte av gratis DALL-E 3<\/h3>\n\n\n\n<p class=\"\">Gratis Online DALL-E 3 kan v\u00e6re til nytte for en rekke enkeltpersoner og bransjer, blant annet:<\/p>\n\n\n\n<ul class=\"wp-block-list\">\n<li class=\"\"><strong>Markedsf\u00f8rere<\/strong>: Lag visuelt materiale av h\u00f8y kvalitet til markedsf\u00f8ringskampanjer.<\/li>\n\n\n\n<li class=\"\"><strong>Kunstnere<\/strong>: F\u00e5 inspirasjon til kunstverkene sine, eller bruk det som et verkt\u00f8y for \u00e5 skape nye verk.<\/li>\n\n\n\n<li class=\"\"><strong>L\u00e6rere<\/strong>: Lag interaktivt og engasjerende pedagogisk innhold.<\/li>\n<\/ul>\n\n\n\n<h3 class=\"wp-block-heading\" id=\"5e6df429\"><a href=\"https:\/\/dromerosm-groq-llama3.hf.space\/#5e6df429\" target=\"_blank\" rel=\"noopener\"><\/a>Gratis DALL-E 3-verkt\u00f8y og -ressurser p\u00e5 nett<\/h3>\n\n\n\n<p class=\"\">Her er noen nettressurser og verkt\u00f8y som kan hjelpe deg med \u00e5 komme i gang med Free Online DALL-E 3:<\/p>\n\n\n\n<figure class=\"wp-block-table\"><table class=\"has-fixed-layout\"><thead><tr><th>Ressurs<\/th><th>Beskrivelse<\/th><th>Nettsted<\/th><\/tr><\/thead><tbody><tr><td>AI Art Free Online<\/td><td>En plattform som tilbyr en gratis DALL-E 3-modell p\u00e5 nett<\/td><td><a href=\"https:\/\/aiartfree.online\/nb\/free-online-dalle-3\/\" target=\"_blank\" rel=\"noreferrer noopener\">https:\/\/aiartfree.online\/free-online-dall%c2%b7e-3\/<\/a><\/td><\/tr><tr><td>DALL-E 3 GitHub<\/td><td>Det offisielle GitHub-arkivet for DALL-E 3<\/td><td><a href=\"https:\/\/github.com\/dalle\/dalle-3\" target=\"_blank\" rel=\"noreferrer noopener\">https:\/\/github.com\/dalle\/dalle-3<\/a><\/td><\/tr><tr><td>AI-genererte kunstsamfunn<\/td><td>Et fellesskap som diskuterer AI-generert kunst og DALL-E 3<\/td><td><a href=\"https:\/\/www.ai-generated-art.com\/\" target=\"_blank\" rel=\"noreferrer noopener\">https:\/\/www.ai-generated-art.com\/<\/a><\/td><\/tr><tr><td>&#8230;<\/td><td>&#8230;<\/td><td>&#8230;<\/td><\/tr><\/tbody><\/table><\/figure>\n\n\n\n<p class=\"\"><strong>Fordeler:<\/strong><\/p>\n\n\n\n<ul class=\"wp-block-list\">\n<li class=\"\">Brukervennlig grensesnitt<\/li>\n\n\n\n<li class=\"\">Bildegenerering av h\u00f8y kvalitet<\/li>\n\n\n\n<li class=\"\">Kostnadseffektivt<\/li>\n<\/ul>\n\n\n\n<p class=\"\"><strong>Ulemper:<\/strong><\/p>\n\n\n\n<ul class=\"wp-block-list\">\n<li class=\"\">Begrensede tilpasningsmuligheter<\/li>\n\n\n\n<li class=\"\">Krever teknisk kunnskap<\/li>\n<\/ul>\n\n\n\n<p class=\"\"><strong>Utfordringer:<\/strong><\/p>\n\n\n\n<ul class=\"wp-block-list\">\n<li class=\"\">Sikre at de genererte bildene ikke er partiske<\/li>\n\n\n\n<li class=\"\">H\u00e5ndtering av sp\u00f8rsm\u00e5l om opphavsrett og eierskap<\/li>\n<\/ul>\n\n\n\n<p class=\"\"><strong>Anbefaling:<\/strong><\/p>\n\n\n\n<p class=\"\">Basert p\u00e5 v\u00e5r forskning anbefaler vi \u00e5 bruke&nbsp;<a href=\"https:\/\/aiartfree.online\/nb\/free-online-dall\u00b7e-3\/\" target=\"_blank\" rel=\"noreferrer noopener\">AI Art Free Online<\/a>&nbsp;for sitt brukervennlige grensesnitt og h\u00f8ykvalitets bildegenerering.<\/p>\n\n\n\n<h3 class=\"wp-block-heading\" id=\"b571c93a\"><a href=\"https:\/\/dromerosm-groq-llama3.hf.space\/#b571c93a\" target=\"_blank\" rel=\"noopener\"><\/a>OFTE STILTE SP\u00d8RSM\u00c5L: Ofte stilte sp\u00f8rsm\u00e5l om gratis online DALL-E 3<\/h3>\n\n\n\n<p class=\"\">Her er noen ofte stilte sp\u00f8rsm\u00e5l om gratis online DALL-E 3:<\/p>\n\n\n\n<p class=\"\"><strong>Spm. 1: Er Free DALL-E 3 gratis \u00e5 bruke?<\/strong>\u00a0A1: Ja, Free Online DALL-E 3 er gratis \u00e5 bruke, med valgfrie betalte oppgraderinger.<\/p>\n\n\n\n<p class=\"\"><strong>Spm. 2: Kan jeg bruke Free DALL-E 3 til kommersielle form\u00e5l?<\/strong>\u00a0A2: Ja, du kan bruke Free Online DALL-E 3 til kommersielle form\u00e5l, men du m\u00e5 s\u00f8rge for at du overholder vilk\u00e5rene for bruk.<\/p>\n\n\n\n<p class=\"\"><strong>Spm. 3: Hvor lang tid tar det \u00e5 generere et bilde ved hjelp av Free Online DALL-E 3?<\/strong>&nbsp;A3: Generasjonstiden avhenger av bildets kompleksitet og databehandlingsressursene som brukes. I gjennomsnitt tar det rundt 1-5 minutter \u00e5 generere et bilde.<\/p>\n\n\n\n<p class=\"\"><strong>Spm. 4: Kan jeg tilpasse de genererte bildene?<\/strong>&nbsp;A4: Ja, du kan tilpasse de genererte bildene ved hjelp av ulike verkt\u00f8y og teknikker, inkludert redigeringsprogramvare og stiloverf\u00f8ringsalgoritmer.<\/p>\n\n\n\n<p class=\"\"><strong>Q5: Er Free Online DALL-E 3 egnet for nybegynnere?<\/strong>&nbsp;A5: Ja, Free Online DALL-E 3 er egnet for nybegynnere, med et intuitivt grensesnitt og verkt\u00f8ytips som veileder deg gjennom prosessen.<\/p>\n\n\n\n<p class=\"\"><strong>Q6: Kan jeg bruke Free Online DALL-E 3 til \u00e5 generere video?<\/strong>&nbsp;A6: Ja, Free Online DALL-E 3 kan brukes til videogenerering, slik at du kan lage fantastiske videoer med minimal innsats.<\/p>\n\n\n\n<p class=\"\"><strong>Q7: Er det noen begrensninger for \u00e5 bruke Free Online DALL-E 3?<\/strong>&nbsp;A7: Ja, det finnes begrensninger ved bruk av Free Online DALL-E 3, inkludert begrensede tilpasningsmuligheter og potensielle skjevheter i de genererte bildene.<\/p>\n\n\n\n<p class=\"\"><strong>Q8: Kan jeg bruke Free Online DALL-E 3 til historiefortelling?<\/strong>&nbsp;A8: Ja, Free Online DALL-E 3 kan brukes til historiefortelling, slik at du kan lage hele historier med figurer, bakgrunner og rekvisitter.<\/p>\n\n\n\n<p class=\"\"><strong>Q9: Er gratis online DALL-E 3 egnet for utdanning?<\/strong>&nbsp;A9: Ja, Free Online DALL-E 3 er egnet for utdanning, og gj\u00f8r det mulig for l\u00e6rere \u00e5 skape interaktivt og engasjerende pedagogisk innhold.<\/p>\n\n\n\n<p class=\"\"><strong>Q10: Hvordan kommer jeg i gang med gratis DALL-E 3 p\u00e5 nett?<\/strong>&nbsp;A10: For \u00e5 komme i gang med Free Online DALL-E 3, kan du bare g\u00e5 til nettstedet, registrere deg for en konto og f\u00f8lge veiledningen og retningslinjene som f\u00f8lger med.<\/p>","protected":false},"excerpt":{"rendered":"<p>How to use the Free DALL\u00b7E 3 *&nbsp;Depending on your internet speed, loading the model may take a few seconds.* There will be caching during continuous generation, and the new image will appear after about 3 seconds. Introduction of Free DALL\u00b7E 3 Outline: What is Free DALL\u00b7E 3? Free Online DALL\u00b7E 3 is a type &#8230; <a title=\"Gratis DALL-E 3\" class=\"read-more\" href=\"https:\/\/aiartfree.online\/nb\/fri-dalle-3\/\" aria-label=\"Read more about Free DALL\u00b7E 3\">Les mer<\/a><\/p>","protected":false},"author":1,"featured_media":0,"parent":0,"menu_order":0,"comment_status":"open","ping_status":"closed","template":"","meta":{"nf_dc_page":"","footnotes":""},"class_list":["post-2889","page","type-page","status-publish"],"jetpack_sharing_enabled":true,"_links":{"self":[{"href":"https:\/\/aiartfree.online\/nb\/wp-json\/wp\/v2\/pages\/2889","targetHints":{"allow":["GET"]}}],"collection":[{"href":"https:\/\/aiartfree.online\/nb\/wp-json\/wp\/v2\/pages"}],"about":[{"href":"https:\/\/aiartfree.online\/nb\/wp-json\/wp\/v2\/types\/page"}],"author":[{"embeddable":true,"href":"https:\/\/aiartfree.online\/nb\/wp-json\/wp\/v2\/users\/1"}],"replies":[{"embeddable":true,"href":"https:\/\/aiartfree.online\/nb\/wp-json\/wp\/v2\/comments?post=2889"}],"version-history":[{"count":0,"href":"https:\/\/aiartfree.online\/nb\/wp-json\/wp\/v2\/pages\/2889\/revisions"}],"wp:attachment":[{"href":"https:\/\/aiartfree.online\/nb\/wp-json\/wp\/v2\/media?parent=2889"}],"curies":[{"name":"wp","href":"https:\/\/api.w.org\/{rel}","templated":true}]}}