{"id":2888,"date":"2024-07-18T11:45:49","date_gmt":"2024-07-18T11:45:49","guid":{"rendered":"https:\/\/aiartfree.online\/?page_id=2888"},"modified":"2025-03-07T08:01:42","modified_gmt":"2025-03-07T08:01:42","slug":"free-online-stable-diffusion-3","status":"publish","type":"page","link":"https:\/\/aiartfree.online\/nb\/gratis-online-stabil-diffusjon-3\/","title":{"rendered":"Gratis online stabil diffusjon 3"},"content":{"rendered":"<h2 class=\"wp-block-heading has-text-align-center\" id=\"what-our-users-made\">Hva brukerne v\u00e5re gjorde<\/h2>\n\n\n\n<figure class=\"gb-block-image gb-block-image-1822da1f\"><img data-recalc-dims=\"1\" decoding=\"async\" loading=\"lazy\" width=\"1200\" height=\"199\" class=\"gb-image gb-image-1822da1f\" src=\"https:\/\/i0.wp.com\/aiartfree.online\/wp-content\/uploads\/2024\/08\/WX20240802-163255%402x-scaled.webp?resize=1200%2C199&#038;ssl=1\" alt=\"Stable Diffusion 3 er en AI-modell som lar brukerne generere bilder av h\u00f8y kvalitet ved hjelp av tekstmeldinger, noe som gj\u00f8r det mulig for brukerne \u00e5 skape bilder uten kunstneriske ferdigheter.\" title=\"WX20240802-163255@2x\" srcset=\"https:\/\/i0.wp.com\/aiartfree.online\/wp-content\/uploads\/2024\/08\/WX20240802-163255%402x-scaled.webp?w=2560&amp;ssl=1 2560w, https:\/\/i0.wp.com\/aiartfree.online\/wp-content\/uploads\/2024\/08\/WX20240802-163255%402x-scaled.webp?resize=300%2C50&amp;ssl=1 300w, https:\/\/i0.wp.com\/aiartfree.online\/wp-content\/uploads\/2024\/08\/WX20240802-163255%402x-scaled.webp?resize=1024%2C170&amp;ssl=1 1024w, https:\/\/i0.wp.com\/aiartfree.online\/wp-content\/uploads\/2024\/08\/WX20240802-163255%402x-scaled.webp?resize=768%2C127&amp;ssl=1 768w, https:\/\/i0.wp.com\/aiartfree.online\/wp-content\/uploads\/2024\/08\/WX20240802-163255%402x-scaled.webp?resize=1536%2C254&amp;ssl=1 1536w, https:\/\/i0.wp.com\/aiartfree.online\/wp-content\/uploads\/2024\/08\/WX20240802-163255%402x-scaled.webp?resize=2048%2C339&amp;ssl=1 2048w, https:\/\/i0.wp.com\/aiartfree.online\/wp-content\/uploads\/2024\/08\/WX20240802-163255%402x-scaled.webp?resize=18%2C3&amp;ssl=1 18w, https:\/\/i0.wp.com\/aiartfree.online\/wp-content\/uploads\/2024\/08\/WX20240802-163255%402x-scaled.webp?resize=600%2C99&amp;ssl=1 600w, https:\/\/i0.wp.com\/aiartfree.online\/wp-content\/uploads\/2024\/08\/WX20240802-163255%402x-scaled.webp?w=2400&amp;ssl=1 2400w\" sizes=\"auto, (max-width: 1200px) 100vw, 1200px\" \/><\/figure>\n\n\n\n<h2 class=\"wp-block-heading\" id=\"how-to-use-the-free-free-online-stable-diffusion-3\">Slik bruker du gratis online stabil diffusjon 3<\/h2>\n\n\n\n<ol class=\"wp-block-list\">\n<li class=\"\">Skriv inn instruksjonene dine<\/li>\n\n\n\n<li class=\"\">Klikk p\u00e5 \"Kj\u00f8r\"<\/li>\n\n\n\n<li class=\"\">Vent, det var det!<\/li>\n\n\n\n<li class=\"\">Er du ikke forn\u00f8yd med resultatet? <br>Ikke noe problem! Bruk Prompt Generator nedenfor for \u00e5 f\u00e5 revolusjonerte instruksjoner \uff5e<\/li>\n\n\n\n<li class=\"\">Ingen tanker i hodet ditt?<br>Ikke noe problem! <a href=\"#maodian\" data-type=\"internal\" data-id=\"#maodian\">Klikk for \u00e5 se v\u00e5rt Prompt Gallery<\/a><\/li>\n<\/ol>\n\n\n\n<p class=\"\">* Pr\u00f8v gjerne eksemplene nedenfor hvis du ikke har noen tanker i hodet<\/p>\n\n\n\n<h3 class=\"wp-block-heading\" id=\"prompt-examples\">Eksempler p\u00e5 ledetekster<\/h3>\n\n\n\n<ol style=\"font-size:16px\" class=\"wp-block-list\">\n<li class=\"\">fantastisk, sv\u00e6rt detaljert illustrasjon av Morgan Freeman p\u00e5 en Harley Davidson-motorsykkel, m\u00f8rk og dyster<\/li>\n\n\n\n<li class=\"\">Fantastisk grafisk romanillustrasjon Midt i den enorme stjernet\u00e5ken svever en ensom astronaut, bundet til et lysende stjerneskip. De str\u00e5lende gassene i stjernet\u00e5ken danser rundt, reflekterer livlige farger p\u00e5 drakten og skaper en ballett av lys og bevegelse.<\/li>\n\n\n\n<li class=\"\">fantastisk grafisk romanillustrasjon av Ved et veikryss i en postapokalyptisk \u00f8demark st\u00e5r en vandrer med en gitar laget av skrapmetall og synger historier om den gamle verden. Mutante skapninger samles rundt leirb\u00e5let med lengselsfulle \u00f8yne.<\/li>\n\n\n\n<li class=\"\">Fantastisk grafisk romanillustrasjon av et barn som jakter p\u00e5 fargerike sommerfugler p\u00e5 en livlig eng.<\/li>\n\n\n\n<li class=\"\">Fantastisk grafisk romanillustrasjon P\u00e5 en strand der b\u00f8lgene er vevd av historier, skaper en historieforteller med en vev av m\u00e5neskinn fortellinger fra tidevannet. Skjell hvisker legender, og horisonten er en vev av eventyr som enn\u00e5 ikke er fortalt.<\/li>\n\n\n\n<li class=\"\">Fantastisk grafisk romanillustrasjon av en falk som svever over en \u00f8rken p\u00e5 jakt etter bytte.<\/li>\n\n\n\n<li class=\"\">fantastisk grafisk romanillustrasjon Dypt inne i polarsirkelen maler et nordlys himmelen med vibrerende nyanser av gr\u00f8nt, rosa og lilla. Sn\u00f8en under oss reflekterer denne lysdansen, og verden er innhyllet i en fascinerende fargesymfoni.<\/li>\n\n\n\n<li class=\"\">fantastisk grafisk romanillustrasjon av en tatov\u00f8r som tegner et intrikat motiv p\u00e5 ryggen til en kunde.<\/li>\n\n\n\n<li class=\"\">fantastisk grafisk romanillustrasjon av en kvinne, drapert i fargerik silke, som leser tarotkort i et telt opplyst av levende lys.<\/li>\n\n\n\n<li class=\"\">fantastisk grafisk romanillustrasjon av to speleologer som kartlegger en dyp grotte med fakler som lyser opp veien.<\/li>\n<\/ol>\n\n\n\n<figure class=\"gb-block-image gb-block-image-032aac41\"><a href=\"https:\/\/fas.st\/t\/9U4PYbm7\" target=\"_blank\" rel=\"noopener noreferrer\"><img data-recalc-dims=\"1\" decoding=\"async\" loading=\"lazy\" width=\"1200\" height=\"365\" class=\"gb-image gb-image-032aac41\" src=\"https:\/\/i0.wp.com\/aiartfree.online\/wp-content\/uploads\/2025\/03\/WX20250307-115412%402x.webp?resize=1200%2C365&#038;ssl=1\" alt=\"\" title=\"WX20250307-115412@2x\" srcset=\"https:\/\/i0.wp.com\/aiartfree.online\/wp-content\/uploads\/2025\/03\/WX20250307-115412%402x.webp?w=1942&amp;ssl=1 1942w, https:\/\/i0.wp.com\/aiartfree.online\/wp-content\/uploads\/2025\/03\/WX20250307-115412%402x.webp?resize=300%2C91&amp;ssl=1 300w, https:\/\/i0.wp.com\/aiartfree.online\/wp-content\/uploads\/2025\/03\/WX20250307-115412%402x.webp?resize=1024%2C312&amp;ssl=1 1024w, https:\/\/i0.wp.com\/aiartfree.online\/wp-content\/uploads\/2025\/03\/WX20250307-115412%402x.webp?resize=768%2C234&amp;ssl=1 768w, https:\/\/i0.wp.com\/aiartfree.online\/wp-content\/uploads\/2025\/03\/WX20250307-115412%402x.webp?resize=1536%2C467&amp;ssl=1 1536w, https:\/\/i0.wp.com\/aiartfree.online\/wp-content\/uploads\/2025\/03\/WX20250307-115412%402x.webp?resize=18%2C5&amp;ssl=1 18w, https:\/\/i0.wp.com\/aiartfree.online\/wp-content\/uploads\/2025\/03\/WX20250307-115412%402x.webp?resize=600%2C183&amp;ssl=1 600w\" sizes=\"auto, (max-width: 1200px) 100vw, 1200px\" \/><\/a><\/figure>\n\n\n\n<p class=\"\"><em>* Avhengig av internetthastigheten din kan det ta noen sekunder \u00e5 laste inn modellen.<br>* Det vil skje en hurtigbufring under kontinuerlig generering, og det nye bildet vises etter ca. 3 sekunder.<\/em><\/p>\n\n\n\n<div class=\"iframe-wrapper\" style=\"position: relative; width: 100%; height: 1260px;\">\n  <div class=\"loading\" style=\"position: absolute; top: 50px; left: 50%; transform: translate(-50%, -50%); width: 40px; height: 40px; border: 3px solid #f0f0f0; border-top: 3px solid #db7093; border-radius: 50%; animation: spin 1s linear infinite;\"><\/div>\n  <iframe loading=\"lazy\" src=\"https:\/\/prodia-fast-stable-diffusion.hf.space\" frameborder=\"0\" width=\"100%\" height=\"100%\" style=\"position: absolute; top: 0; left: 0; opacity: 0; transition: opacity 0.3s;\" onload=\"this.style.opacity=1;this.previousElementSibling.style.display='none';\"><\/iframe>\n<\/div>\n\n<style>\n@keyframes spin {\n  0% { transform: translate(-50%, -50%) rotate(0deg); }\n  100% { transform: translate(-50%, -50%) rotate(360deg); }\n}\n<\/style>\n\n\n\n<div style=\"text-align: center; border: 2px solid; border-image-source: linear-gradient(to right, #16b86c, #912899); border-image-slice: 1; box-shadow: 0 0 10px rgba(0, 0, 0, 0.1); border-radius: 15px;\">\n  <iframe loading=\"lazy\"\n    src=\"https:\/\/doevent-stable-diffusion-prompt-generator.hf.space\"\n    frameborder=\"0\"\n    width=\"100%\"\n    height=\"900\"\n    style=\"display: inline-block; margin: 0 auto;\"\n  ><\/iframe>\n<\/div>\n\n\n\n<div style=\"height:50px\" aria-hidden=\"true\" class=\"wp-block-spacer\"><\/div>\n\n\n\n<h2 class=\"wp-block-heading has-text-align-center\" id=\"drawing-prompts-gallery-of-stable-diffusion\">Galleri med tegninger av stabil diffusjon<\/h2>\n\n\n\n<h3 class=\"wp-block-heading\" id=\"how-to-use-it\">Hvordan bruker man den?<\/h3>\n\n\n\n<ol class=\"wp-block-list\">\n<li class=\"\">Klikk p\u00e5 ikonet \u00f8verst til h\u00f8yre i bildet for \u00e5 duplisere ledeteksten<\/li>\n\n\n\n<li class=\"\">Bla opp og lim inn den revolusjonerte ledeteksten for generasjonen<\/li>\n<\/ol>\n\n\n\n<div style=\"text-align: center; border: 2px solid; border-image-source: linear-gradient(to right, #16b86c, #912899); border-image-slice: 1; box-shadow: 0 0 10px rgba(0, 0, 0, 0.1); border-radius: 15px; position: relative;\">\n  <div id=\"loading\" style=\"position: absolute; top: 100px; left: 50%; transform: translate(-50%, -50%); z-index: 1000;\">\n    <div style=\"width: 50px; height: 50px; border: 5px solid #f3f3f3; border-top: 5px solid #16b86c; border-radius: 50%; animation: spin 1s linear infinite;\"><\/div>\n  <\/div>\n  <iframe loading=\"lazy\"\n    src=\"https:\/\/prithivmlmods-top-prompt-collection.static.hf.space\"\n    frameborder=\"0\"\n    width=\"100%\"\n    height=\"2600\"\n    style=\"display: inline-block; margin: 0 auto;\"\n    onload=\"document.getElementById('loading').style.display='none';\"\n  ><\/iframe>\n<\/div>\n\n<style>\n  @keyframes spin {\n    0% { transform: rotate(0deg); }\n    100% { transform: rotate(360deg); }\n  }\n<\/style>\n\n\n\n<div style=\"height:50px\" aria-hidden=\"true\" class=\"wp-block-spacer\"><\/div>\n\n\n\n<h2 class=\"wp-block-heading\" id=\"introduction-of-free-online-stable-diffusion-3\">Introduksjon av Free Online Stable Diffusion 3<\/h2>\n\n\n\n<p class=\"\">Oppdag hvordan Free Online Stable Diffusion 3 revolusjonerer verdenen av AI-generert kunst. I denne veiledningen finner du alt du trenger \u00e5 vite om dette kraftige verkt\u00f8yet, fra definisjon og fordeler til ideelle brukere og ofte stilte sp\u00f8rsm\u00e5l.<\/p>\n\n\n\n<div class=\"wp-block-rank-math-toc-block\" id=\"rank-math-toc\"><h3>Innholdsfortegnelse<\/h3><nav><ul><li><a href=\"#how-to-use-it\">Hvordan bruker man den?<\/a><\/li><li><a href=\"#\ufffc-what-is-free-online-stable-diffusion-3\">\ufffcHva er Free Online Stable Diffusion 3?<\/a><\/li><li><a href=\"#\ufffc-why-use-free-online-stable-diffusion-3\">\ufffcHvorfor bruke gratis online stabil diffusjon 3?<\/a><\/li><li><a href=\"#\ufffc-benefits-of-using-free-online-stable-diffusion-3\">\ufffcFordelene ved \u00e5 bruke gratis online stabil diffusjon 3<\/a><\/li><li><a href=\"#\ufffc-when-to-use-free-online-stable-diffusion-3\">\ufffcN\u00e5r du b\u00f8r bruke gratis online stabil diffusjon 3<\/a><\/li><li><a href=\"#\ufffc-who-can-benefit-from-free-online-stable-diffusion-3\">\ufffcHvem kan dra nytte av gratis online stabil diffusjon 3<\/a><\/li><li><a href=\"#\ufffc-free-online-stable-diffusion-3-tools-and-resources\">\ufffcGratis verkt\u00f8y og ressurser for stabil diffusjon 3 p\u00e5 nett<\/a><\/li><li><a href=\"#\ufffcfaq-frequently-asked-questions-about-free-online-stable-diffusion-3\">\ufffcFAQ: Ofte stilte sp\u00f8rsm\u00e5l om Free Online Stable Diffusion 3<\/a><\/li><\/ul><\/nav><\/div>\n\n\n\n<h3 class=\"wp-block-heading\" id=\"\ufffc-what-is-free-online-stable-diffusion-3\"><a href=\"https:\/\/dromerosm-groq-llama3.hf.space\/#57aaf246\" target=\"_blank\" rel=\"noopener\"><\/a>Hva er Free Online Stable Diffusion 3?<\/h3>\n\n\n\n<p class=\"\">Free Online Stable Diffusion 3 er en type kunstig intelligens (AI)-modell som lar brukerne generere bilder og videoer av h\u00f8y kvalitet ved hjelp av tekstmeldinger. Denne innovative teknologien har revolusjonert feltet for AI-generert innhold, og gj\u00f8r det mulig for brukere \u00e5 skape fantastiske bilder uten \u00e5 m\u00e5tte ha omfattende kunstneriske ferdigheter.<\/p>\n\n\n\n<h3 class=\"wp-block-heading\" id=\"\ufffc-why-use-free-online-stable-diffusion-3\"><a href=\"https:\/\/dromerosm-groq-llama3.hf.space\/#1b6e5ba1\" target=\"_blank\" rel=\"noopener\"><\/a>Hvorfor bruke gratis online stabil diffusjon 3?<\/h3>\n\n\n\n<p class=\"\">Free Online Stable Diffusion 3 byr p\u00e5 mange fordeler for b\u00e5de privatpersoner og bedrifter. Denne teknologien kan brukes til \u00e5 lage i\u00f8ynefallende reklame, innhold til sosiale medier og til og med hele historier. Anvendelsesmulighetene er ubegrensede, og evnen til \u00e5 generere bilder av h\u00f8y kvalitet har gjort den til et viktig verkt\u00f8y for mange bransjer, inkludert markedsf\u00f8ring, underholdning og utdanning.<\/p>\n\n\n\n<h3 class=\"wp-block-heading\" id=\"\ufffc-benefits-of-using-free-online-stable-diffusion-3\"><a href=\"https:\/\/dromerosm-groq-llama3.hf.space\/#10ad74a\" target=\"_blank\" rel=\"noopener\"><\/a>Fordelene med \u00e5 bruke gratis online stabil diffusjon 3<\/h3>\n\n\n\n<p class=\"\">Her er noen av fordelene med \u00e5 bruke Free Online Stable Diffusion 3:<\/p>\n\n\n\n<ul class=\"wp-block-list\">\n<li class=\"\"><strong>Uovertruffen bildekvalitet<\/strong>: Free Online Stable Diffusion 3 genererer bilder som kan sammenlignes med bilder laget av profesjonelle kunstnere.<\/li>\n\n\n\n<li class=\"\"><strong>Tidseffektivt<\/strong>: Denne teknologien gj\u00f8r det mulig \u00e5 lage bilder av h\u00f8y kvalitet i l\u00f8pet av f\u00e5 minutter, noe som sparer tid og krefter.<\/li>\n\n\n\n<li class=\"\"><strong>Kostnadseffektivt<\/strong>: Gratis online Stable Diffusion 3 eliminerer behovet for \u00e5 ansette profesjonelle kunstnere eller kj\u00f8pe dyr programvare.<\/li>\n<\/ul>\n\n\n\n<h3 class=\"wp-block-heading\" id=\"\ufffc-when-to-use-free-online-stable-diffusion-3\"><a href=\"https:\/\/dromerosm-groq-llama3.hf.space\/#fa570b08\" target=\"_blank\" rel=\"noopener\"><\/a>N\u00e5r du skal bruke gratis online stabil diffusjon 3<\/h3>\n\n\n\n<p class=\"\">Free Online Stable Diffusion 3 er egnet for ulike scenarier, blant annet:<\/p>\n\n\n\n<ul class=\"wp-block-list\">\n<li class=\"\"><strong>Markedsf\u00f8ringskampanjer<\/strong>: Lag i\u00f8ynefallende annonser og innhold i sosiale medier for \u00e5 fange oppmerksomheten til m\u00e5lgruppen din.<\/li>\n\n\n\n<li class=\"\"><strong>Historiefortelling<\/strong>: Bruk Free Online Stable Diffusion 3 til \u00e5 lage hele historier, inkludert figurer, bakgrunner og rekvisitter.<\/li>\n\n\n\n<li class=\"\"><strong>Utdanning<\/strong>: Bruk denne teknologien til \u00e5 skape interaktivt og engasjerende pedagogisk innhold.<\/li>\n<\/ul>\n\n\n\n<h3 class=\"wp-block-heading\" id=\"\ufffc-who-can-benefit-from-free-online-stable-diffusion-3\"><a href=\"https:\/\/dromerosm-groq-llama3.hf.space\/#8a0a08f4\" target=\"_blank\" rel=\"noopener\"><\/a>Hvem kan dra nytte av gratis online stabil diffusjon 3<\/h3>\n\n\n\n<p class=\"\">Free Online Stable Diffusion 3 kan v\u00e6re til nytte for en rekke enkeltpersoner og bransjer, blant annet:<\/p>\n\n\n\n<ul class=\"wp-block-list\">\n<li class=\"\"><strong>Markedsf\u00f8rere<\/strong>: Lag visuelt materiale av h\u00f8y kvalitet til markedsf\u00f8ringskampanjer.<\/li>\n\n\n\n<li class=\"\"><strong>Kunstnere<\/strong>: F\u00e5 inspirasjon til kunstverkene sine, eller bruk det som et verkt\u00f8y for \u00e5 skape nye verk.<\/li>\n\n\n\n<li class=\"\"><strong>L\u00e6rere<\/strong>: Lag interaktivt og engasjerende pedagogisk innhold.<\/li>\n<\/ul>\n\n\n\n<h3 class=\"wp-block-heading\" id=\"\ufffc-free-online-stable-diffusion-3-tools-and-resources\"><a href=\"https:\/\/dromerosm-groq-llama3.hf.space\/#d1f9532f\" target=\"_blank\" rel=\"noopener\"><\/a>Gratis verkt\u00f8y og ressurser for stabil diffusjon 3 p\u00e5 nett<\/h3>\n\n\n\n<p class=\"\">Her finner du noen nettressurser og verkt\u00f8y som kan hjelpe deg med \u00e5 komme i gang med Free Online Stable Diffusion 3:<\/p>\n\n\n\n<figure class=\"wp-block-table\"><table class=\"has-fixed-layout\"><thead><tr><th>Ressurs<\/th><th>Beskrivelse<\/th><th>Nettsted<\/th><\/tr><\/thead><tbody><tr><td>AI Art Free Online<\/td><td>En plattform som tilbyr en gratis online stabil diffusjonsmodell 3<\/td><td><a href=\"https:\/\/aiartfree.online\/nb\/gratis-online-stabil-diffusjon-3\/\" target=\"_blank\" rel=\"noreferrer noopener\">https:\/\/aiartfree.online\/free-online-stable-diffusion-3<\/a><\/td><\/tr><tr><td>Stable Diffusion 3 GitHub<\/td><td>Det offisielle GitHub-arkivet for Stable Diffusion 3<\/td><td><a href=\"https:\/\/github.com\/stablediffusion\/stablediffusion-3\" target=\"_blank\" rel=\"noreferrer noopener\">https:\/\/github.com\/stablediffusion\/stablediffusion-3<\/a><\/td><\/tr><tr><td>AI-genererte kunstsamfunn<\/td><td>Et fellesskap som diskuterer AI-generert kunst og Stable Diffusion 3<\/td><td><a href=\"https:\/\/www.ai-generated-art.com\/\" target=\"_blank\" rel=\"noreferrer noopener\">https:\/\/www.ai-generated-art.com\/<\/a><\/td><\/tr><tr><td>&#8230;<\/td><td>&#8230;<\/td><td>&#8230;<\/td><\/tr><\/tbody><\/table><\/figure>\n\n\n\n<p class=\"\"><strong>Fordeler:<\/strong><\/p>\n\n\n\n<ul class=\"wp-block-list\">\n<li class=\"\">Brukervennlig grensesnitt<\/li>\n\n\n\n<li class=\"\">Bildegenerering av h\u00f8y kvalitet<\/li>\n\n\n\n<li class=\"\">Kostnadseffektivt<\/li>\n<\/ul>\n\n\n\n<p class=\"\"><strong>Ulemper:<\/strong><\/p>\n\n\n\n<ul class=\"wp-block-list\">\n<li class=\"\">Begrensede tilpasningsmuligheter<\/li>\n\n\n\n<li class=\"\">Krever teknisk kunnskap<\/li>\n<\/ul>\n\n\n\n<p class=\"\"><strong>Utfordringer:<\/strong><\/p>\n\n\n\n<ul class=\"wp-block-list\">\n<li class=\"\">Sikre at de genererte bildene ikke er partiske<\/li>\n\n\n\n<li class=\"\">H\u00e5ndtering av sp\u00f8rsm\u00e5l om opphavsrett og eierskap<\/li>\n<\/ul>\n\n\n\n<p class=\"\"><strong>Anbefaling:<\/strong><\/p>\n\n\n\n<p class=\"\">Basert p\u00e5 v\u00e5r forskning anbefaler vi \u00e5 bruke&nbsp;<a href=\"https:\/\/aiartfree.online\/nb\/gratis-online-stabil-diffusjon-3\/\" target=\"_blank\" rel=\"noreferrer noopener\">AI Art Free Online<\/a>&nbsp;for sitt brukervennlige grensesnitt og h\u00f8ykvalitets bildegenerering.<\/p>\n\n\n\n<h3 class=\"wp-block-heading\" id=\"\ufffcfaq-frequently-asked-questions-about-free-online-stable-diffusion-3\"><a href=\"https:\/\/dromerosm-groq-llama3.hf.space\/#5a006b1f\" target=\"_blank\" rel=\"noopener\"><\/a>OFTE STILTE SP\u00d8RSM\u00c5L: Ofte stilte sp\u00f8rsm\u00e5l om Free Online Stable Diffusion 3<\/h3>\n\n\n\n<p class=\"\">Her er noen ofte stilte sp\u00f8rsm\u00e5l om Free Online Stable Diffusion 3:<\/p>\n\n\n\n<p class=\"\"><strong>Spm. 1: Er Free Online Stable Diffusion 3 gratis \u00e5 bruke?<\/strong>&nbsp;A1: Ja, Free Online Stable Diffusion 3 er gratis \u00e5 bruke, med valgfrie betalte oppgraderinger.<\/p>\n\n\n\n<p class=\"\"><strong>Spm. 2: Kan jeg bruke Free Online Stable Diffusion 3 til kommersielle form\u00e5l?<\/strong>&nbsp;A2: Ja, du kan bruke Free Online Stable Diffusion 3 til kommersielle form\u00e5l, men du m\u00e5 s\u00f8rge for at du overholder vilk\u00e5rene for bruk.<\/p>\n\n\n\n<p class=\"\"><strong>Spm. 3: Hvor lang tid tar det \u00e5 generere et bilde ved hjelp av Free Online Stable Diffusion 3?<\/strong>&nbsp;A3: Generasjonstiden avhenger av bildets kompleksitet og databehandlingsressursene som brukes. I gjennomsnitt tar det rundt 1-5 minutter \u00e5 generere et bilde.<\/p>\n\n\n\n<p class=\"\"><strong>Spm. 4: Kan jeg tilpasse de genererte bildene?<\/strong>&nbsp;A4: Ja, du kan tilpasse de genererte bildene ved hjelp av ulike verkt\u00f8y og teknikker, inkludert redigeringsprogramvare og stiloverf\u00f8ringsalgoritmer.<\/p>\n\n\n\n<p class=\"\"><strong>Q5: Er Free Online Stable Diffusion 3 egnet for nybegynnere?<\/strong>&nbsp;A5: Ja, Free Online Stable Diffusion 3 er egnet for nybegynnere, med et intuitivt grensesnitt og verkt\u00f8ytips som veileder deg gjennom prosessen.<\/p>\n\n\n\n<p class=\"\"><strong>Q6: Kan jeg bruke Free Online Stable Diffusion 3 til \u00e5 generere video?<\/strong>&nbsp;A6: Ja, Free Online Stable Diffusion 3 kan brukes til videogenerering, slik at du kan lage fantastiske videoer med minimal innsats.<\/p>\n\n\n\n<p class=\"\"><strong>Spm. 7: Er det noen begrensninger for bruk av Free Online Stable Diffusion 3?<\/strong>&nbsp;A7: Ja, det finnes begrensninger ved bruk av Free Online Stable Diffusion 3, inkludert begrensede tilpasningsmuligheter og potensielle skjevheter i de genererte bildene.<\/p>\n\n\n\n<p class=\"\"><strong>Spm. 8: Kan jeg bruke Free Online Stable Diffusion 3 til historiefortelling?<\/strong>&nbsp;A8: Ja, Free Online Stable Diffusion 3 kan brukes til historiefortelling, slik at du kan lage hele historier med figurer, bakgrunner og rekvisitter.<\/p>\n\n\n\n<p class=\"\"><strong>Spm. 9: Er Free Online Stable Diffusion 3 egnet for utdanning?<\/strong>&nbsp;A9: Ja, Free Online Stable Diffusion 3 er egnet for utdanning, og gj\u00f8r det mulig for l\u00e6rere \u00e5 skape interaktivt og engasjerende pedagogisk innhold.<\/p>\n\n\n\n<p class=\"\"><strong>Q10: Hvordan kommer jeg i gang med Free Online Stable Diffusion 3?<\/strong>&nbsp;A10: For \u00e5 komme i gang med Free Online Stable Diffusion 3 kan du bare g\u00e5 til nettstedet, registrere deg for en konto og f\u00f8lge veiledningen og retningslinjene som f\u00f8lger med.<\/p>","protected":false},"excerpt":{"rendered":"<p>What our users made How to use the Free Free Online Stable Diffusion 3 * Feel free to try our examples below if you don&#8217;t have any thoughts in your mind Prompt Examples *&nbsp;Depending on your internet speed, loading the model may take a few seconds.* There will be caching during continuous generation, and the &#8230; <a title=\"Gratis online stabil diffusjon 3\" class=\"read-more\" href=\"https:\/\/aiartfree.online\/nb\/gratis-online-stabil-diffusjon-3\/\" aria-label=\"Read more about Free Online Stable Diffusion 3\">Les mer<\/a><\/p>","protected":false},"author":1,"featured_media":0,"parent":0,"menu_order":0,"comment_status":"open","ping_status":"closed","template":"","meta":{"nf_dc_page":"","footnotes":""},"class_list":["post-2888","page","type-page","status-publish"],"jetpack_sharing_enabled":true,"_links":{"self":[{"href":"https:\/\/aiartfree.online\/nb\/wp-json\/wp\/v2\/pages\/2888","targetHints":{"allow":["GET"]}}],"collection":[{"href":"https:\/\/aiartfree.online\/nb\/wp-json\/wp\/v2\/pages"}],"about":[{"href":"https:\/\/aiartfree.online\/nb\/wp-json\/wp\/v2\/types\/page"}],"author":[{"embeddable":true,"href":"https:\/\/aiartfree.online\/nb\/wp-json\/wp\/v2\/users\/1"}],"replies":[{"embeddable":true,"href":"https:\/\/aiartfree.online\/nb\/wp-json\/wp\/v2\/comments?post=2888"}],"version-history":[{"count":1,"href":"https:\/\/aiartfree.online\/nb\/wp-json\/wp\/v2\/pages\/2888\/revisions"}],"predecessor-version":[{"id":3592,"href":"https:\/\/aiartfree.online\/nb\/wp-json\/wp\/v2\/pages\/2888\/revisions\/3592"}],"wp:attachment":[{"href":"https:\/\/aiartfree.online\/nb\/wp-json\/wp\/v2\/media?parent=2888"}],"curies":[{"name":"wp","href":"https:\/\/api.w.org\/{rel}","templated":true}]}}