{"id":2887,"date":"2024-07-18T11:05:14","date_gmt":"2024-07-18T11:05:14","guid":{"rendered":"https:\/\/aiartfree.online\/?page_id=2887"},"modified":"2025-03-07T08:20:04","modified_gmt":"2025-03-07T08:20:04","slug":"free-online-midjourney","status":"publish","type":"page","link":"https:\/\/aiartfree.online\/nb\/gratis-online-midjourney\/","title":{"rendered":"Gratis online midtveisreise"},"content":{"rendered":"<h2 class=\"wp-block-heading has-text-align-center\" id=\"what-our-users-made\">Hva brukerne v\u00e5re gjorde<\/h2>\n\n\n\n<figure class=\"gb-block-image gb-block-image-1822da1f\"><img data-recalc-dims=\"1\" decoding=\"async\" loading=\"lazy\" width=\"1200\" height=\"763\" class=\"gb-image gb-image-1822da1f\" src=\"https:\/\/i0.wp.com\/aiartfree.online\/wp-content\/uploads\/2024\/08\/WX20240802-170918%402x.jpg?resize=1200%2C763&#038;ssl=1\" alt=\"Midjourney er et AI-drevet verkt\u00f8y som lar brukerne generere bilder ut fra tekstmeldinger. Det er her Midjourney kommer inn i bildet. Ingen begrensning, ingen registrering\" title=\"WX20240802-170918@2x\" srcset=\"https:\/\/i0.wp.com\/aiartfree.online\/wp-content\/uploads\/2024\/08\/WX20240802-170918%402x.jpg?w=1918&amp;ssl=1 1918w, https:\/\/i0.wp.com\/aiartfree.online\/wp-content\/uploads\/2024\/08\/WX20240802-170918%402x.jpg?resize=300%2C191&amp;ssl=1 300w, https:\/\/i0.wp.com\/aiartfree.online\/wp-content\/uploads\/2024\/08\/WX20240802-170918%402x.jpg?resize=1024%2C651&amp;ssl=1 1024w, https:\/\/i0.wp.com\/aiartfree.online\/wp-content\/uploads\/2024\/08\/WX20240802-170918%402x.jpg?resize=768%2C489&amp;ssl=1 768w, https:\/\/i0.wp.com\/aiartfree.online\/wp-content\/uploads\/2024\/08\/WX20240802-170918%402x.jpg?resize=1536%2C977&amp;ssl=1 1536w, https:\/\/i0.wp.com\/aiartfree.online\/wp-content\/uploads\/2024\/08\/WX20240802-170918%402x.jpg?resize=18%2C12&amp;ssl=1 18w, https:\/\/i0.wp.com\/aiartfree.online\/wp-content\/uploads\/2024\/08\/WX20240802-170918%402x.jpg?resize=600%2C382&amp;ssl=1 600w\" sizes=\"auto, (max-width: 1200px) 100vw, 1200px\" \/><\/figure>\n\n\n\n<h2 class=\"wp-block-heading\" id=\"how-to-use-the-free-online-midjourney\">Slik bruker du den gratis Midjourney p\u00e5 nett<\/h2>\n\n\n\n<ol class=\"wp-block-list\">\n<li class=\"\">Skriv inn instruksjonene dine<\/li>\n\n\n\n<li class=\"\">Klikk p\u00e5 \"Generer\"<\/li>\n\n\n\n<li class=\"\">Vent, det var det!<\/li>\n<\/ol>\n\n\n\n<p class=\"\">* Pr\u00f8v gjerne eksemplene nedenfor hvis du ikke har noen tanker i hodet<\/p>\n\n\n\n<h3 class=\"wp-block-heading\" id=\"prompt-examples\">Eksempler p\u00e5 ledetekster<\/h3>\n\n\n\n<ol style=\"font-size:16px\" class=\"wp-block-list\">\n<li class=\"\">fantastisk, sv\u00e6rt detaljert illustrasjon av Morgan Freeman p\u00e5 en Harley Davidson-motorsykkel, m\u00f8rk og dyster<\/li>\n\n\n\n<li class=\"\">Fantastisk grafisk romanillustrasjon Midt i den enorme stjernet\u00e5ken svever en ensom astronaut, bundet til et lysende stjerneskip. De str\u00e5lende gassene i stjernet\u00e5ken danser rundt, reflekterer livlige farger p\u00e5 drakten og skaper en ballett av lys og bevegelse.<\/li>\n\n\n\n<li class=\"\">fantastisk grafisk romanillustrasjon av Ved et veikryss i en postapokalyptisk \u00f8demark st\u00e5r en vandrer med en gitar laget av skrapmetall og synger historier om den gamle verden. Mutante skapninger samles rundt leirb\u00e5let med lengselsfulle \u00f8yne.<\/li>\n\n\n\n<li class=\"\">Fantastisk grafisk romanillustrasjon av et barn som jakter p\u00e5 fargerike sommerfugler p\u00e5 en livlig eng.<\/li>\n\n\n\n<li class=\"\">Fantastisk grafisk romanillustrasjon P\u00e5 en strand der b\u00f8lgene er vevd av historier, skaper en historieforteller med en vev av m\u00e5neskinn fortellinger fra tidevannet. Skjell hvisker legender, og horisonten er en vev av eventyr som enn\u00e5 ikke er fortalt.<\/li>\n\n\n\n<li class=\"\">Fantastisk grafisk romanillustrasjon av en falk som svever over en \u00f8rken p\u00e5 jakt etter bytte.<\/li>\n\n\n\n<li class=\"\">fantastisk grafisk romanillustrasjon Dypt inne i polarsirkelen maler et nordlys himmelen med vibrerende nyanser av gr\u00f8nt, rosa og lilla. Sn\u00f8en under oss reflekterer denne lysdansen, og verden er innhyllet i en fascinerende fargesymfoni.<\/li>\n\n\n\n<li class=\"\">fantastisk grafisk romanillustrasjon av en tatov\u00f8r som tegner et intrikat motiv p\u00e5 ryggen til en kunde.<\/li>\n\n\n\n<li class=\"\">fantastisk grafisk romanillustrasjon av en kvinne, drapert i fargerik silke, som leser tarotkort i et telt opplyst av levende lys.<\/li>\n\n\n\n<li class=\"\">fantastisk grafisk romanillustrasjon av to speleologer som kartlegger en dyp grotte med fakler som lyser opp veien.<\/li>\n<\/ol>\n\n\n\n<figure class=\"gb-block-image gb-block-image-032aac41\"><a href=\"https:\/\/fas.st\/t\/9U4PYbm7\" target=\"_blank\" rel=\"noopener noreferrer\"><img data-recalc-dims=\"1\" decoding=\"async\" loading=\"lazy\" width=\"1200\" height=\"365\" class=\"gb-image gb-image-032aac41\" src=\"https:\/\/i0.wp.com\/aiartfree.online\/wp-content\/uploads\/2025\/03\/WX20250307-115412%402x.webp?resize=1200%2C365&#038;ssl=1\" alt=\"\" title=\"WX20250307-115412@2x\" srcset=\"https:\/\/i0.wp.com\/aiartfree.online\/wp-content\/uploads\/2025\/03\/WX20250307-115412%402x.webp?w=1942&amp;ssl=1 1942w, https:\/\/i0.wp.com\/aiartfree.online\/wp-content\/uploads\/2025\/03\/WX20250307-115412%402x.webp?resize=300%2C91&amp;ssl=1 300w, https:\/\/i0.wp.com\/aiartfree.online\/wp-content\/uploads\/2025\/03\/WX20250307-115412%402x.webp?resize=1024%2C312&amp;ssl=1 1024w, https:\/\/i0.wp.com\/aiartfree.online\/wp-content\/uploads\/2025\/03\/WX20250307-115412%402x.webp?resize=768%2C234&amp;ssl=1 768w, https:\/\/i0.wp.com\/aiartfree.online\/wp-content\/uploads\/2025\/03\/WX20250307-115412%402x.webp?resize=1536%2C467&amp;ssl=1 1536w, https:\/\/i0.wp.com\/aiartfree.online\/wp-content\/uploads\/2025\/03\/WX20250307-115412%402x.webp?resize=18%2C5&amp;ssl=1 18w, https:\/\/i0.wp.com\/aiartfree.online\/wp-content\/uploads\/2025\/03\/WX20250307-115412%402x.webp?resize=600%2C183&amp;ssl=1 600w\" sizes=\"auto, (max-width: 1200px) 100vw, 1200px\" \/><\/a><\/figure>\n\n\n\n<p class=\"\"><em>* Avhengig av internetthastigheten din kan det ta noen sekunder \u00e5 laste inn modellen.<br>* Det vil skje en hurtigbufring under kontinuerlig generering, og det nye bildet vises etter ca. 3 sekunder.<\/em><\/p>\n\n\n\n<div class=\"iframe-wrapper\" style=\"position: relative; width: 100%; height: 1230px;\">\n  <div class=\"loading\" style=\"position: absolute; top: 50px; left: 50%; transform: translate(-50%, -50%); width: 40px; height: 40px; border: 3px solid #f0f0f0; border-top: 3px solid #db7093; border-radius: 50%; animation: spin 1s linear infinite;\"><\/div>\n  <iframe loading=\"lazy\" src=\"https:\/\/predatortoabuse-realistic-image-generator-model.static.hf.space\" frameborder=\"0\" width=\"100%\" height=\"100%\" style=\"position: absolute; top: 0; left: 0; opacity: 0; transition: opacity 0.3s;\" onload=\"this.style.opacity=1;this.previousElementSibling.style.display='none';\"><\/iframe>\n<\/div>\n\n<style>\n@keyframes spin {\n  0% { transform: translate(-50%, -50%) rotate(0deg); }\n  100% { transform: translate(-50%, -50%) rotate(360deg); }\n}\n<\/style>\n\n\n\n<div style=\"height:100px\" aria-hidden=\"true\" class=\"wp-block-spacer\"><\/div>\n\n\n\n<h2 class=\"wp-block-heading\" id=\"introduction-of-free-online-midjourney\"><strong>Introduksjon av gratis Midjourney p\u00e5 nett<\/strong><\/h2>\n\n\n\n<p class=\"\">Midjourney er et AI-drevet verkt\u00f8y som lar brukerne generere bilder ut fra tekstmeldinger. I takt med fremveksten av AI-generert kunst har Midjourney blitt et popul\u00e6rt verkt\u00f8y blant kreative og kunstinteresserte. Det er imidlertid ikke alle som har r\u00e5d til \u00e5 betale for tjenesten. Det er her gratis Midjourney p\u00e5 nett kommer inn i bildet. I denne artikkelen skal vi se n\u00e6rmere p\u00e5 hva gratis Midjourney p\u00e5 nett er, hvorfor du b\u00f8r bruke det, hvilke fordeler det gir, n\u00e5r du b\u00f8r bruke det, og hvem som kan dra nytte av det. Vi ser ogs\u00e5 p\u00e5 noen av de beste gratis Midjourney-verkt\u00f8yene og -nettstedene, fordeler og ulemper ved dem, og svarer p\u00e5 noen vanlige sp\u00f8rsm\u00e5l.<\/p>\n\n\n\n<div class=\"wp-block-rank-math-toc-block\" id=\"rank-math-toc\"><h3>Innholdsfortegnelse<\/h3><nav><ul><li><a href=\"#prompt-examples\">Eksempler p\u00e5 ledetekster<\/a><\/li><li><a href=\"#\ufffc-what-is-free-online-midjourney\">Hva er Gratis Midjourney p\u00e5 nett?<\/a><\/li><li><a href=\"#\ufffc-why-use-free-online-midjourney\">Hvorfor bruke gratis online midjourney?<\/a><\/li><li><a href=\"#\ufffc-benefits-of-using-free-online-midjourney\">\ufffcFordelene ved \u00e5 bruke gratis Midjourney p\u00e5 nett<\/a><ul><li><a href=\"#\ufffc-1-cost-effective\">\ufffc1. Kostnadseffektivt<\/a><\/li><li><a href=\"#\ufffc-2-experimentation\">\ufffc2. Eksperimentering<\/a><\/li><li><a href=\"#\ufffc-3-accessibility\">\ufffc3. Tilgjengelighet<\/a><\/li><\/ul><\/li><li><a href=\"#\ufffc-when-to-use-free-online-midjourney\">N\u00e5r du skal bruke gratis online midtveisreise<\/a><\/li><li><a href=\"#\ufffc-who-can-benefit-from-free-online-midjourney\">Hvem kan dra nytte av gratis online midtveisreise<\/a><ul><li><a href=\"#\ufffc-1-creatives\">\ufffc1. Kreative<\/a><\/li><li><a href=\"#\ufffc-2-students\">\ufffc2. Studenter<\/a><\/li><li><a href=\"#\ufffc-3-hobbyists\">\ufffc3. Hobbyister<\/a><\/li><\/ul><\/li><li><a href=\"#\ufffc-free-online-midjourney-tools-and-websites\">\ufffcGratis verkt\u00f8y og nettsteder p\u00e5 nett midtveis i reisen<\/a><\/li><li><a href=\"#\ufffc-pros-and-cons-of-free-online-midjourney-tools-and-websites\">\ufffcFordeler og ulemper med gratis verkt\u00f8y og nettsteder for midtveisreiser p\u00e5 nettet<\/a><\/li><li><a href=\"#\ufffc-top-recommendation\">\ufffcTopp anbefaling<\/a><\/li><li><a href=\"#\ufffcfaq\">\ufffcFAQ<\/a><ul><li><a href=\"#\ufffc-1-is-free-online-midjourney-safe-to-use\">\ufffc1. Er gratis online Midjourney trygt \u00e5 bruke?<\/a><\/li><li><a href=\"#\ufffc-2-can-i-use-free-online-midjourney-for-commercial-purposes\">\ufffc2. Kan jeg bruke gratis Midjourney p\u00e5 nett til kommersielle form\u00e5l?<\/a><\/li><\/ul><\/li><li><a href=\"#\ufffc-3-how-do-i-use-free-online-midjourney\">\ufffc3. Hvordan bruker jeg gratis Midjourney p\u00e5 nett?<\/a><\/li><\/ul><\/nav><\/div>\n\n\n\n<h3 class=\"wp-block-heading\" id=\"\ufffc-what-is-free-online-midjourney\"><a href=\"https:\/\/dromerosm-groq-llama3.hf.space\/#what-is-free-online-midjourney\" target=\"_blank\" rel=\"noopener\"><\/a><strong>Hva er gratis Midjourney p\u00e5 nett?<\/strong><\/h3>\n\n\n\n<p class=\"\">Midjourney er en nettbasert plattform som gir brukerne gratis tilgang til Midjourneys AI-drevne bildegenereringsfunksjoner. Disse plattformene krever ikke at brukerne betaler en abonnementsavgift eller noen annen form for betaling for \u00e5 bruke tjenesten.<\/p>\n\n\n\n<h3 class=\"wp-block-heading\" id=\"\ufffc-why-use-free-online-midjourney\"><a href=\"https:\/\/dromerosm-groq-llama3.hf.space\/#why-use-free-online-midjourney\" target=\"_blank\" rel=\"noopener\"><\/a><strong>Hvorfor bruke gratis Midjourney p\u00e5 nett?<\/strong><\/h3>\n\n\n\n<p class=\"\">Midjourney er et flott alternativ for de som \u00f8nsker \u00e5 eksperimentere med AI-generert kunst uten \u00e5 ruinere banken. Her kan brukerne pr\u00f8ve ut ulike tekstmeldinger, eksperimentere med ulike stiler og skape unike bilder uten at det koster noe.<\/p>\n\n\n\n<h3 class=\"wp-block-heading\" id=\"\ufffc-benefits-of-using-free-online-midjourney\"><a href=\"https:\/\/dromerosm-groq-llama3.hf.space\/#benefits-of-using-free-online-midjourney\" target=\"_blank\" rel=\"noopener\"><\/a><strong>Fordeler med \u00e5 bruke gratis Midjourney p\u00e5 nett<\/strong><\/h3>\n\n\n\n<h4 class=\"wp-block-heading\" id=\"\ufffc-1-cost-effective\"><a href=\"https:\/\/dromerosm-groq-llama3.hf.space\/#1-cost-effective\" target=\"_blank\" rel=\"noopener\"><\/a>1. Kostnadseffektivt<\/h4>\n\n\n\n<p class=\"\">Gratis Midjourney p\u00e5 nett er et kostnadseffektivt alternativ for de som \u00f8nsker \u00e5 f\u00e5 tilgang til Midjourneys AI-drevne bildegenerering uten \u00e5 betale en abonnementsavgift.<\/p>\n\n\n\n<h4 class=\"wp-block-heading\" id=\"\ufffc-2-experimentation\"><a href=\"https:\/\/dromerosm-groq-llama3.hf.space\/#c8062562\" target=\"_blank\" rel=\"noopener\"><\/a>2. Eksperimentering<\/h4>\n\n\n\n<p class=\"\">Midjourney er gratis p\u00e5 nettet, og brukerne kan eksperimentere med ulike tekstmeldinger, stiler og bilder uten at det koster noe.<\/p>\n\n\n\n<h4 class=\"wp-block-heading\" id=\"\ufffc-3-accessibility\"><a href=\"https:\/\/dromerosm-groq-llama3.hf.space\/#3-accessibility\" target=\"_blank\" rel=\"noopener\"><\/a>3. Tilgjengelighet<\/h4>\n\n\n\n<p class=\"\">Gratis Midjourney gj\u00f8r AI-generert kunst tilgjengelig for alle, uavhengig av inntektsniv\u00e5 eller bosted.<\/p>\n\n\n\n<h3 class=\"wp-block-heading\" id=\"\ufffc-when-to-use-free-online-midjourney\"><a href=\"https:\/\/dromerosm-groq-llama3.hf.space\/#when-to-use-free-online-midjourney\" target=\"_blank\" rel=\"noopener\"><\/a><strong>N\u00e5r du skal bruke gratis midjourney p\u00e5 nett<\/strong><\/h3>\n\n\n\n<p class=\"\">Midjourney er et gratis nettbasert verkt\u00f8y for alle som \u00f8nsker \u00e5 eksperimentere med AI-generert kunst, for kreative som vil pr\u00f8ve ut nye ideer, og for studenter som \u00f8nsker \u00e5 l\u00e6re om AI-drevet bildegenerering.<\/p>\n\n\n\n<h3 class=\"wp-block-heading\" id=\"\ufffc-who-can-benefit-from-free-online-midjourney\"><a href=\"https:\/\/dromerosm-groq-llama3.hf.space\/#who-can-benefit-from-free-online-midjourney\" target=\"_blank\" rel=\"noopener\"><\/a><strong>Hvem kan dra nytte av gratis online midjourney<\/strong><\/h3>\n\n\n\n<p class=\"\">Gratis online Midjourney er egnet for:<\/p>\n\n\n\n<h4 class=\"wp-block-heading\" id=\"\ufffc-1-creatives\"><a href=\"https:\/\/dromerosm-groq-llama3.hf.space\/#765b3dbc\" target=\"_blank\" rel=\"noopener\"><\/a>1. Kreative<\/h4>\n\n\n\n<p class=\"\">Gratis Midjourney p\u00e5 nett er et flott alternativ for kreative personer som \u00f8nsker \u00e5 eksperimentere med nye ideer og skape unike bilder.<\/p>\n\n\n\n<h4 class=\"wp-block-heading\" id=\"\ufffc-2-students\"><a href=\"https:\/\/dromerosm-groq-llama3.hf.space\/#c65bfb05\" target=\"_blank\" rel=\"noopener\"><\/a>2. Studenter<\/h4>\n\n\n\n<p class=\"\">Studenter som \u00f8nsker \u00e5 l\u00e6re om AI-drevet bildegenerering, kan med fordel bruke den gratis nettbaserte Midjourney.<\/p>\n\n\n\n<h4 class=\"wp-block-heading\" id=\"\ufffc-3-hobbyists\"><a href=\"https:\/\/dromerosm-groq-llama3.hf.space\/#147c273b\" target=\"_blank\" rel=\"noopener\"><\/a>3. Hobbyister<\/h4>\n\n\n\n<p class=\"\">Hobbyister som \u00f8nsker \u00e5 pr\u00f8ve ut AI-generert kunst uten at det koster noe, kan med fordel bruke gratis Midjourney p\u00e5 nettet.<\/p>\n\n\n\n<h3 class=\"wp-block-heading\" id=\"\ufffc-free-online-midjourney-tools-and-websites\"><a href=\"https:\/\/dromerosm-groq-llama3.hf.space\/#free-online-midjourney-tools-and-websites\" target=\"_blank\" rel=\"noopener\"><\/a><strong>Gratis verkt\u00f8y og nettsteder for midtveisreiser<\/strong><\/h3>\n\n\n\n<p class=\"\">Her er noen av de beste gratis Midjourney-verkt\u00f8yene og -nettstedene p\u00e5 nettet:<\/p>\n\n\n\n<figure class=\"wp-block-table\"><table class=\"has-fixed-layout\"><thead><tr><th>Nettsted<\/th><th>Beskrivelse<\/th><\/tr><\/thead><tbody><tr><td><a href=\"https:\/\/aiartfree.online\/nb\/gratis-online-midjourney\/\" target=\"_blank\" rel=\"noreferrer noopener\">AI Art Free Online<\/a><\/td><td>AI Art Free Online er et gratis Midjourney-verkt\u00f8y p\u00e5 nettet som lar brukerne generere bilder ut fra tekstmeldinger.<\/td><\/tr><tr><td><a href=\"https:\/\/deepdreamgenerator.com\/\" target=\"_blank\" rel=\"noreferrer noopener\">Generator for dype dr\u00f8mmer<\/a><\/td><td>Deep Dream Generator er et gratis Midjourney-verkt\u00f8y p\u00e5 nettet som bruker et nevralt nettverk til \u00e5 generere bilder ut fra tekstmeldinger.<\/td><\/tr><tr><td><a href=\"https:\/\/www.artbreeder.com\/\" target=\"_blank\" rel=\"noreferrer noopener\">Artbreeder<\/a><\/td><td>Artbreeder er en gratis nettbasert plattform som lar brukerne generere originale kunstverk ved hjelp av en kombinasjon av kunstig intelligens og brukerinnspill.<\/td><\/tr><tr><td><a href=\"https:\/\/prism.app\/\" target=\"_blank\" rel=\"noreferrer noopener\">Prisme<\/a><\/td><td>Prism er et gratis Midjourney-verkt\u00f8y p\u00e5 nett som bruker kunstig intelligens til \u00e5 generere bilder fra tekstmeldinger.<\/td><\/tr><tr><td><a href=\"https:\/\/mydeepart.com\/\" target=\"_blank\" rel=\"noreferrer noopener\">MyDeepArt<\/a><\/td><td>MyDeepArt er et gratis Midjourney-verkt\u00f8y p\u00e5 nettet som lar brukerne generere bilder ut fra tekstmeldinger.<\/td><\/tr><\/tbody><\/table><\/figure>\n\n\n\n<h3 class=\"wp-block-heading\" id=\"\ufffc-pros-and-cons-of-free-online-midjourney-tools-and-websites\"><a href=\"https:\/\/dromerosm-groq-llama3.hf.space\/#pros-and-cons-of-free-online-midjourney-tools-and-websites\" target=\"_blank\" rel=\"noopener\"><\/a><strong>Fordeler og ulemper med gratis verkt\u00f8y og nettsteder for midtveisreiser p\u00e5 nettet<\/strong><\/h3>\n\n\n\n<figure class=\"wp-block-table\"><table class=\"has-fixed-layout\"><thead><tr><th>Nettsted<\/th><th>Fordeler<\/th><th>Ulemper<\/th><\/tr><\/thead><tbody><tr><td>AI Art Free Online<\/td><td>Kostnadseffektiv, enkel \u00e5 bruke<\/td><td>Begrensede funksjoner<\/td><\/tr><tr><td>Generator for dype dr\u00f8mmer<\/td><td>Genererer bilder av h\u00f8y kvalitet, enkle \u00e5 bruke<\/td><td>Begrensede tilpasningsmuligheter<\/td><\/tr><tr><td>Artbreeder<\/td><td>Gir mulighet for h\u00f8y grad av tilpasning, genererer unike bilder<\/td><td>Bratt l\u00e6ringskurve<\/td><\/tr><tr><td>Prisme<\/td><td>Rask behandlingstid, bilder av h\u00f8y kvalitet<\/td><td>Begrensede funksjoner<\/td><\/tr><tr><td>MyDeepArt<\/td><td>Genererer bilder av h\u00f8y kvalitet, enkle \u00e5 bruke<\/td><td>Begrensede tilpasningsmuligheter<\/td><\/tr><\/tbody><\/table><\/figure>\n\n\n\n<h3 class=\"wp-block-heading\" id=\"\ufffc-top-recommendation\"><a href=\"https:\/\/dromerosm-groq-llama3.hf.space\/#top-recommendation\" target=\"_blank\" rel=\"noopener\"><\/a><strong>Topp anbefaling<\/strong><\/h3>\n\n\n\n<p class=\"\">Basert p\u00e5 v\u00e5r forskning anbefaler vi p\u00e5 det sterkeste&nbsp;<a href=\"https:\/\/aiartfree.online\/nb\/gratis-online-midjourney\/\" target=\"_blank\" rel=\"noreferrer noopener\">AI Art Free Online<\/a>&nbsp;for sin brukervennlighet, kostnadseffektivitet og h\u00f8y bildekvalitet.<\/p>\n\n\n\n<h3 class=\"wp-block-heading\" id=\"\ufffcfaq\"><a href=\"https:\/\/dromerosm-groq-llama3.hf.space\/#faq\" target=\"_blank\" rel=\"noopener\"><\/a><strong>VANLIGE SP\u00d8RSM\u00c5L<\/strong><\/h3>\n\n\n\n<p class=\"\">Her er noen ofte stilte sp\u00f8rsm\u00e5l om gratis Midjourney p\u00e5 nett:<\/p>\n\n\n\n<h4 class=\"wp-block-heading\" id=\"\ufffc-1-is-free-online-midjourney-safe-to-use\"><a href=\"https:\/\/dromerosm-groq-llama3.hf.space\/#f3b6b435\" target=\"_blank\" rel=\"noopener\"><\/a>1. Er gratis online Midjourney trygt \u00e5 bruke?<\/h4>\n\n\n\n<p class=\"\">Ja, gratis Midjourney p\u00e5 nettet er trygt \u00e5 bruke. Det er imidlertid alltid en god id\u00e9 \u00e5 lese vilk\u00e5rene og betingelsene p\u00e5 hvert nettsted f\u00f8r du bruker tjenestene deres.<\/p>\n\n\n\n<h4 class=\"wp-block-heading\" id=\"\ufffc-2-can-i-use-free-online-midjourney-for-commercial-purposes\"><a href=\"https:\/\/dromerosm-groq-llama3.hf.space\/#a6471d09\" target=\"_blank\" rel=\"noopener\"><\/a>2. Kan jeg bruke gratis Midjourney p\u00e5 nett til kommersielle form\u00e5l?<\/h4>\n\n\n\n<p class=\"\">Noen gratis Midjourney-verkt\u00f8y og -nettsteder tillater kommersiell bruk, mens andre ikke gj\u00f8r det. S\u00f8rg for \u00e5 sjekke vilk\u00e5rene og betingelsene for hvert nettsted f\u00f8r du bruker tjenestene deres til kommersielle form\u00e5l.<\/p>\n\n\n\n<h3 class=\"wp-block-heading\" id=\"\ufffc-3-how-do-i-use-free-online-midjourney\"><a href=\"https:\/\/dromerosm-groq-llama3.hf.space\/#e4d0e51e\" target=\"_blank\" rel=\"noopener\"><\/a>3. Hvordan bruker jeg gratis Midjourney p\u00e5 nett?<\/h3>\n\n\n\n<p class=\"\">Det er enkelt \u00e5 bruke gratis Midjourney p\u00e5 nett. Bare g\u00e5 til nettstedet, skriv inn teksten og klikk p\u00e5 generer. Deretter kan du laste ned det genererte bildet eller bruke det til \u00f8nsket form\u00e5l.<\/p>\n\n\n\n<p class=\"\">Her er 10 nettsteder som gir den nyeste informasjonen om gratis online Midjourney:<\/p>\n\n\n\n<ol class=\"wp-block-list\">\n<li class=\"\"><a href=\"https:\/\/aiartfree.online\/nb\/gratis-online-midjourney\/\" target=\"_blank\" rel=\"noreferrer noopener\">AI Art Free Online<\/a>&nbsp;- AI Art Free Online tilbyr et gratis Midjourney-verkt\u00f8y p\u00e5 nettet som genererer bilder fra tekstmeldinger.<\/li>\n\n\n\n<li class=\"\"><a href=\"https:\/\/deepdreamgenerator.com\/\" target=\"_blank\" rel=\"noreferrer noopener\">Generator for dype dr\u00f8mmer<\/a>&nbsp;- Deep Dream Generator bruker et nevralt nettverk til \u00e5 generere bilder fra tekstmeldinger.<\/li>\n\n\n\n<li class=\"\"><a href=\"https:\/\/www.artbreeder.com\/\" target=\"_blank\" rel=\"noreferrer noopener\">Artbreeder<\/a>&nbsp;- Artbreeder er en gratis nettbasert plattform som lar brukerne generere originale kunstverk ved hjelp av en kombinasjon av kunstig intelligens og brukerinnspill.<\/li>\n\n\n\n<li class=\"\"><a href=\"https:\/\/prism.app\/\" target=\"_blank\" rel=\"noreferrer noopener\">Prisme<\/a>&nbsp;- Prism er et gratis Midjourney-verkt\u00f8y p\u00e5 nett som bruker kunstig intelligens til \u00e5 generere bilder fra tekstmeldinger.<\/li>\n\n\n\n<li class=\"\"><a href=\"https:\/\/mydeepart.com\/\" target=\"_blank\" rel=\"noreferrer noopener\">MyDeepArt<\/a>&nbsp;- MyDeepArt er et gratis Midjourney-verkt\u00f8y p\u00e5 nettet som lar brukerne generere bilder ut fra tekstmeldinger.<\/li>\n\n\n\n<li class=\"\"><a href=\"https:\/\/midjourney.com\/\" target=\"_blank\" rel=\"noreferrer noopener\">Midt p\u00e5 reisen<\/a>&nbsp;- Midjourney er en AI-drevet bildegenereringsplattform som tilbyr en gratis pr\u00f8veperiode.<\/li>\n\n\n\n<li class=\"\"><a href=\"https:\/\/techcrunch.com\/\" target=\"_blank\" rel=\"noreferrer noopener\">TechCrunch<\/a>&nbsp;- TechCrunch gir deg de siste nyhetene og oppdateringene om AI-generert kunst og gratis Midjourney-verkt\u00f8y p\u00e5 nett.<\/li>\n\n\n\n<li class=\"\"><a href=\"https:\/\/www.theverge.com\/\" target=\"_blank\" rel=\"noreferrer noopener\">The Verge<\/a>&nbsp;- The Verge gir deg de siste nyhetene og oppdateringene om AI-generert kunst og gratis Midjourney-verkt\u00f8y p\u00e5 nett.<\/li>\n\n\n\n<li class=\"\"><a href=\"https:\/\/news.artnet.com\/\" target=\"_blank\" rel=\"noreferrer noopener\">Artnet<\/a>&nbsp;- Artnet gir deg de siste nyhetene og oppdateringene om AI-generert kunst og gratis Midjourney-verkt\u00f8y p\u00e5 nettet.<\/li>\n\n\n\n<li class=\"\"><a href=\"https:\/\/aitimejournal.com\/\" target=\"_blank\" rel=\"noreferrer noopener\">AI Time Journal<\/a>&nbsp;- AI Time Journal inneholder de siste nyhetene og oppdateringene om AI-generert kunst og gratis Midjourney-verkt\u00f8y p\u00e5 nett.<\/li>\n<\/ol>","protected":false},"excerpt":{"rendered":"<p>What our users made How to use the Free Online Midjourney * Feel free to try our examples below if you don&#8217;t have any thoughts in your mind Prompt Examples *&nbsp;Depending on your internet speed, loading the model may take a few seconds.* There will be caching during continuous generation, and the new image will &#8230; <a title=\"Gratis online midtveisreise\" class=\"read-more\" href=\"https:\/\/aiartfree.online\/nb\/gratis-online-midjourney\/\" aria-label=\"Read more about Free Online Midjourney\">Les mer<\/a><\/p>","protected":false},"author":1,"featured_media":3528,"parent":0,"menu_order":0,"comment_status":"open","ping_status":"closed","template":"","meta":{"nf_dc_page":"","footnotes":""},"class_list":["post-2887","page","type-page","status-publish","has-post-thumbnail"],"jetpack_sharing_enabled":true,"_links":{"self":[{"href":"https:\/\/aiartfree.online\/nb\/wp-json\/wp\/v2\/pages\/2887","targetHints":{"allow":["GET"]}}],"collection":[{"href":"https:\/\/aiartfree.online\/nb\/wp-json\/wp\/v2\/pages"}],"about":[{"href":"https:\/\/aiartfree.online\/nb\/wp-json\/wp\/v2\/types\/page"}],"author":[{"embeddable":true,"href":"https:\/\/aiartfree.online\/nb\/wp-json\/wp\/v2\/users\/1"}],"replies":[{"embeddable":true,"href":"https:\/\/aiartfree.online\/nb\/wp-json\/wp\/v2\/comments?post=2887"}],"version-history":[{"count":2,"href":"https:\/\/aiartfree.online\/nb\/wp-json\/wp\/v2\/pages\/2887\/revisions"}],"predecessor-version":[{"id":3599,"href":"https:\/\/aiartfree.online\/nb\/wp-json\/wp\/v2\/pages\/2887\/revisions\/3599"}],"wp:featuredmedia":[{"embeddable":true,"href":"https:\/\/aiartfree.online\/nb\/wp-json\/wp\/v2\/media\/3528"}],"wp:attachment":[{"href":"https:\/\/aiartfree.online\/nb\/wp-json\/wp\/v2\/media?parent=2887"}],"curies":[{"name":"wp","href":"https:\/\/api.w.org\/{rel}","templated":true}]}}