{"id":2880,"date":"2024-07-17T14:18:31","date_gmt":"2024-07-17T14:18:31","guid":{"rendered":"https:\/\/aiartfree.online\/?page_id=2880"},"modified":"2024-07-20T10:51:32","modified_gmt":"2024-07-20T10:51:32","slug":"ai-image-enhancer","status":"publish","type":"page","link":"https:\/\/aiartfree.online\/nb\/ai-image-enhancer\/","title":{"rendered":"AI Image Enhancer"},"content":{"rendered":"<h2 class=\"wp-block-heading\">Slik bruker du AI Image Enhancer<\/h2>\n\n\n\n<ol class=\"wp-block-list\">\n<li class=\"\">Slipp eller last opp bildet ditt<\/li>\n\n\n\n<li class=\"\">Klikk p\u00e5 \"Send\"<\/li>\n\n\n\n<li class=\"\">Vent, det var det!<\/li>\n<\/ol>\n\n\n\n<p class=\"\"><em>* Avhengig av internetthastigheten din kan det ta noen sekunder \u00e5 laste inn modellen.<br>* Det vil skje en hurtigbufring under kontinuerlig generering, og det nye bildet vises etter ca. 3 sekunder.<\/em><\/p>\n\n\n\n<div style=\"text-align: center;\">\n  <iframe loading=\"lazy\"\n    src=\"https:\/\/sczhou-codeformer.hf.space\"\n    frameborder=\"0\"\n    width=\"1200\"\n    height=\"2500\"\n    style=\"display: inline-block; margin: 0 auto;\"\n  ><\/iframe>\n<\/div>\n\n\n\n<div style=\"height:50px\" aria-hidden=\"true\" class=\"wp-block-spacer\"><\/div>\n\n\n\n<h2 class=\"wp-block-heading\">Introduksjon av AI Image Enhancer<\/h2>\n\n\n\n<p class=\"\">Forbedring av bildekvaliteten er avgj\u00f8rende for en rekke bransjer, fra eiendomsmegling til markedsf\u00f8ring i sosiale medier. Med fremveksten av kunstig intelligens har verkt\u00f8y som AI Image Enhancer revolusjonert m\u00e5ten vi kan \u00f8ke bildeoppl\u00f8sningen og forbedre den generelle bildekvaliteten p\u00e5. I denne artikkelen vil vi se n\u00e6rmere p\u00e5 fordelene med AI-bildeforsterkere, de beste scenariene for bruk av dem og gi en omfattende guide til de beste verkt\u00f8yene som er tilgjengelige i dag.<\/p>\n\n\n\n<figure class=\"wp-block-image size-large is-resized\"><img data-recalc-dims=\"1\" decoding=\"async\" width=\"1024\" height=\"568\"   loading=\"lazy\" src=\"https:\/\/i0.wp.com\/aiartfree.online\/wp-content\/uploads\/2024\/07\/WX20240717-181127%402x-1-1-1-1-1-1.jpg?resize=1024%2C568&#038;ssl=1\" alt=\"AI Image Enhancer\" class=\"wp-image-2881\" style=\"width:591px;height:auto\" srcset=\"https:\/\/i0.wp.com\/aiartfree.online\/wp-content\/uploads\/2024\/07\/WX20240717-181127%402x-1-1-1-1-1-1.jpg?resize=1024%2C568&amp;ssl=1 1024w, https:\/\/i0.wp.com\/aiartfree.online\/wp-content\/uploads\/2024\/07\/WX20240717-181127%402x-1-1-1-1-1-1.jpg?resize=300%2C166&amp;ssl=1 300w, https:\/\/i0.wp.com\/aiartfree.online\/wp-content\/uploads\/2024\/07\/WX20240717-181127%402x-1-1-1-1-1-1.jpg?resize=768%2C426&amp;ssl=1 768w, https:\/\/i0.wp.com\/aiartfree.online\/wp-content\/uploads\/2024\/07\/WX20240717-181127%402x-1-1-1-1-1-1.jpg?resize=1536%2C852&amp;ssl=1 1536w, https:\/\/i0.wp.com\/aiartfree.online\/wp-content\/uploads\/2024\/07\/WX20240717-181127%402x-1-1-1-1-1-1.jpg?resize=2048%2C1136&amp;ssl=1 2048w, https:\/\/i0.wp.com\/aiartfree.online\/wp-content\/uploads\/2024\/07\/WX20240717-181127%402x-1-1-1-1-1-1.jpg?resize=18%2C10&amp;ssl=1 18w, https:\/\/i0.wp.com\/aiartfree.online\/wp-content\/uploads\/2024\/07\/WX20240717-181127%402x-1-1-1-1-1-1.jpg?resize=600%2C333&amp;ssl=1 600w\" sizes=\"auto, (max-width: 1024px) 100vw, 1024px\" \/><\/figure>\n\n\n\n<h2 class=\"wp-block-heading\">Innholdsfortegnelse<\/h2>\n\n\n\n<ol class=\"wp-block-list\">\n<li class=\"\">Hva er en AI Image Enhancer?<\/li>\n\n\n\n<li class=\"\">Hvorfor bruke en AI Image Enhancer?<\/li>\n\n\n\n<li class=\"\">Fordeler med \u00e5 bruke en AI Image Enhancer<\/li>\n\n\n\n<li class=\"\">N\u00e5r b\u00f8r man bruke en AI-bildeforsterker?<\/li>\n\n\n\n<li class=\"\">Hvem b\u00f8r bruke en AI Image Enhancer?<\/li>\n\n\n\n<li class=\"\">Topp 10 AI-verkt\u00f8y for bildeforbedring<\/li>\n\n\n\n<li class=\"\">Det beste AI-verkt\u00f8yet for bildeforbedring<\/li>\n\n\n\n<li class=\"\">VANLIGE SP\u00d8RSM\u00c5L<\/li>\n<\/ol>\n\n\n\n<h3 class=\"wp-block-heading\">Hva er en AI Image Enhancer?<\/h3>\n\n\n\n<p class=\"\">En AI Image Enhancer er et verkt\u00f8y drevet av kunstig intelligens som er utviklet for \u00e5 forbedre kvaliteten p\u00e5 bilder. Disse verkt\u00f8yene kan \u00f8ke bildeoppl\u00f8sningen, forbedre bildets klarhet og oppskalere bilder for \u00e5 gj\u00f8re dem skarpere og mer detaljerte. Ved hjelp av avanserte algoritmer kan AI-bildeforsterkere oppdage og korrigere feil og mangler, slik at bildene fremst\u00e5r som mer profesjonelle og visuelt tiltalende.<\/p>\n\n\n\n<h3 class=\"wp-block-heading\">Hvorfor bruke en AI Image Enhancer?<\/h3>\n\n\n\n<p class=\"\">AI Image Enhancer er viktig for alle som \u00f8nsker \u00e5 forbedre kvaliteten p\u00e5 bildene sine raskt og effektivt. Enten du er grafisk designer, eiendomsmegler eller ansvarlig for sosiale medier, kan det \u00e5 forbedre bildekvaliteten utgj\u00f8re en betydelig forskjell i hvordan arbeidet ditt oppfattes. AI-bildeforbedrere sparer tid ved \u00e5 automatisere prosessen med \u00e5 forbedre oppl\u00f8sning og kvalitet, slik at du kan fokusere p\u00e5 andre viktige oppgaver.<\/p>\n\n\n\n<h3 class=\"wp-block-heading\">Fordeler med \u00e5 bruke en AI Image Enhancer<\/h3>\n\n\n\n<ol class=\"wp-block-list\">\n<li class=\"\"><strong>\u00d8k bildeoppl\u00f8sningen<\/strong>: AI-bildeforsterkere kan oppskalere bilder, slik at de egner seg for utskrifter av h\u00f8y kvalitet og store skjermer.<\/li>\n\n\n\n<li class=\"\"><strong>Forbedre bildets klarhet<\/strong>: Disse verkt\u00f8yene forbedrer bildeskarpheten, fjerner uskarpheter og gj\u00f8r detaljene mer synlige.<\/li>\n\n\n\n<li class=\"\"><strong>Forbedre den generelle kvaliteten<\/strong>: AI-bildeforsterkere kan justere farger, kontrast og lysstyrke for \u00e5 produsere bilder av h\u00f8y kvalitet.<\/li>\n\n\n\n<li class=\"\"><strong>Spar tid<\/strong>: Automatisering av forbedringsprosessen reduserer tiden som trengs for \u00e5 redigere bilder manuelt.<\/li>\n\n\n\n<li class=\"\"><strong>Kostnadseffektivt<\/strong>: Ved \u00e5 investere i AI-bildeforbedringsprogrammer kan du spare penger sammenlignet med \u00e5 ansette profesjonelle bildebehandlere.<\/li>\n<\/ol>\n\n\n\n<h3 class=\"wp-block-heading\">N\u00e5r b\u00f8r man bruke en AI-bildeforsterker?<\/h3>\n\n\n\n<p class=\"\">AI Image Enhancers er egnet for ulike scenarier, blant annet<\/p>\n\n\n\n<ul class=\"wp-block-list\">\n<li class=\"\"><strong>Fast eiendom<\/strong>: Forbedre eiendomsbilder for \u00e5 tiltrekke seg potensielle kj\u00f8pere.<\/li>\n\n\n\n<li class=\"\"><strong>Sosiale medier<\/strong>: Lage bilder av h\u00f8y kvalitet til innlegg og annonser.<\/li>\n\n\n\n<li class=\"\"><strong>Grafisk design<\/strong>: Forbedring av bilder for bruk i digitale og trykte medier.<\/li>\n\n\n\n<li class=\"\"><strong>E-handel<\/strong>: Forbedre produktbilder for \u00e5 \u00f8ke salget.<\/li>\n\n\n\n<li class=\"\"><strong>Fotografering<\/strong>: Oppskalering av bilder for utskrifter og portef\u00f8ljer.<\/li>\n<\/ul>\n\n\n\n<h3 class=\"wp-block-heading\">Hvem b\u00f8r bruke en AI Image Enhancer?<\/h3>\n\n\n\n<p class=\"\">AI Image Enhancers er fordelaktige for:<\/p>\n\n\n\n<ul class=\"wp-block-list\">\n<li class=\"\"><strong>Fotografer<\/strong>: For \u00e5 forbedre og oppskalere bildene deres.<\/li>\n\n\n\n<li class=\"\"><strong>Eiendomsmeglere<\/strong>: For \u00e5 forbedre bilder av eiendommer for oppf\u00f8ringer.<\/li>\n\n\n\n<li class=\"\"><strong>Grafiske designere<\/strong>: For \u00e5 sikre bilder av h\u00f8y kvalitet til prosjektene deres.<\/li>\n\n\n\n<li class=\"\"><strong>Ledere for sosiale medier<\/strong>: For \u00e5 skape visuelt tiltalende innlegg.<\/li>\n\n\n\n<li class=\"\"><strong>E-handelsvirksomheter<\/strong>: For \u00e5 forbedre produktbilder og tiltrekke seg kunder.<\/li>\n<\/ul>\n\n\n\n<h3 class=\"wp-block-heading\">Topp 10 AI-verkt\u00f8y for bildeforbedring<\/h3>\n\n\n\n<p class=\"\">Her er en oppsummering av de 10 beste AI-verkt\u00f8yene for bildeforbedring, inkludert fordeler og utfordringer:<\/p>\n\n\n\n<figure class=\"wp-block-table\"><table class=\"has-fixed-layout\"><thead><tr><th>Navn p\u00e5 verkt\u00f8yet<\/th><th>Sammendrag<\/th><th>Fordeler<\/th><th>Ulemper<\/th><th>Fordeler<\/th><th>Utfordringer<\/th><th>Anbefalinger<\/th><\/tr><\/thead><tbody><tr><td><strong><a href=\"https:\/\/aiartfree.online\/nb\/ai-image-enhancer\/\" target=\"_blank\" data-type=\"link\" data-id=\"https:\/\/aiartfree.online\/ai-image-enhancer\" rel=\"noreferrer noopener\">AI Image Enhancer<\/a><\/strong><\/td><td>Forbedrer bildekvaliteten raskt og enkelt<\/td><td>Enkel \u00e5 bruke, gratis<\/td><td>Begrensede funksjoner<\/td><td>Flott for nybegynnere<\/td><td>Begrensede avanserte alternativer<\/td><td>Ideell for raske l\u00f8sninger<\/td><\/tr><tr><td><strong>La oss forbedre<\/strong><\/td><td>Oppskalerer bilder opptil 16 ganger<\/td><td>Resultater av h\u00f8y kvalitet<\/td><td>Abonnementsbasert<\/td><td>Profesjonell kvalitet<\/td><td>Krever betaling<\/td><td>Best for profesjonell bruk<\/td><\/tr><tr><td><strong>Vance AI<\/strong><\/td><td>AI-drevet bildeforsterker<\/td><td>Flere forbedringsmuligheter<\/td><td>Noen funksjoner er betalt<\/td><td>Allsidig verkt\u00f8ysett<\/td><td>Krever premiumabonnement<\/td><td>Bra for allsidig bruk<\/td><\/tr><tr><td><strong>Deep Image<\/strong><\/td><td>Mulighet for batchbehandling<\/td><td>H\u00e5ndterer flere bilder samtidig<\/td><td>Krever kontooppsett<\/td><td>Tidseffektivt<\/td><td>Innledende oppsett n\u00f8dvendig<\/td><td>Best for masseforbedringer<\/td><\/tr><tr><td><strong>Waifu2x<\/strong><\/td><td>Anime-fokusert bildeforsterker<\/td><td>Spesialisert for kunstverk<\/td><td>Begrenset til anime-stil<\/td><td>Flott for anime-bilder<\/td><td>Begrenset anvendelse<\/td><td>Best for animekunstnere<\/td><\/tr><tr><td><strong><a href=\"https:\/\/www.fotor.com\/\" data-type=\"link\" data-id=\"https:\/\/www.fotor.com\/\" rel=\"nofollow noopener\" target=\"_blank\">Fotor<\/a><\/strong><\/td><td>Nettbasert fotoredigeringsprogram med forbedringsfunksjoner<\/td><td>Omfattende redigeringsverkt\u00f8y<\/td><td>Annonser i gratisversjonen<\/td><td>Alt-i-ett-l\u00f8sning<\/td><td>Reklamest\u00f8ttet gratisversjon<\/td><td>Bra for uformell bruk<\/td><\/tr><tr><td><strong>ImgLarger<\/strong><\/td><td>AI-oppskaleringsverkt\u00f8y<\/td><td>Gode resultater ved oppskalering<\/td><td>Krever internettforbindelse<\/td><td>Oppskalering av h\u00f8y kvalitet<\/td><td>Avhengig av internetthastighet<\/td><td>Best for bruk p\u00e5 nett<\/td><\/tr><tr><td><strong>Eksklusive bilder<\/strong><\/td><td>Bildeforsterker p\u00e5 nett<\/td><td>Brukervennlig grensesnitt<\/td><td>Begrenset gratis bruk<\/td><td>Enkel \u00e5 bruke<\/td><td>Begrenset til bruk p\u00e5 nettet<\/td><td>Best for sporadisk bruk<\/td><\/tr><tr><td><strong>Image Upscaler<\/strong><\/td><td>AI-basert forbedring<\/td><td>Effektiv behandling<\/td><td>Betalte funksjoner<\/td><td>Rask og effektiv<\/td><td>Abonnementsbasert<\/td><td>Best for regelmessig bruk<\/td><\/tr><tr><td><strong>AI Image Enlarger<\/strong><\/td><td>Spesialisert p\u00e5 bildeforst\u00f8rrelse<\/td><td>Utvidelse av h\u00f8y kvalitet<\/td><td>Begrensninger i gratisversjonen<\/td><td>H\u00f8y forst\u00f8rrelseskvalitet<\/td><td>Begrensede gratisalternativer<\/td><td>Best for forst\u00f8rrelse av h\u00f8y kvalitet<\/td><\/tr><\/tbody><\/table><\/figure>\n\n\n\n<h3 class=\"wp-block-heading\">Det beste AI-verkt\u00f8yet for bildeforbedring<\/h3>\n\n\n\n<p class=\"\">Blant de ulike verkt\u00f8yene som er tilgjengelige, er den beste AI-bildeforsterkeren <a href=\"https:\/\/aiartfree.online\/nb\/ai-image-enhancer\/\">AI Image Enhancer<\/a>. Den tilbyr en perfekt blanding av avanserte funksjoner, brukervennlighet og resultater av h\u00f8y kvalitet, noe som gj\u00f8r den ideell for b\u00e5de profesjonelle og vanlige brukere.<\/p>\n\n\n\n<h3 class=\"wp-block-heading\">VANLIGE SP\u00d8RSM\u00c5L<\/h3>\n\n\n\n<ol class=\"wp-block-list\">\n<li class=\"\"><strong>Hva er en AI Image Enhancer?<\/strong> En AI Image Enhancer er et verkt\u00f8y som bruker kunstig intelligens til \u00e5 forbedre kvaliteten og oppl\u00f8sningen p\u00e5 bilder.<\/li>\n\n\n\n<li class=\"\"><strong>Hvordan forbedrer kunstig intelligens bildekvaliteten?<\/strong> AI-algoritmer analyserer og forbedrer bildedetaljer, korrigerer ujevnheter og \u00f8ker oppl\u00f8sningen.<\/li>\n\n\n\n<li class=\"\"><strong>Er det verdt \u00e5 investere i en AI-bildeforsterker?<\/strong> Ja, det sparer tid og gir resultater av h\u00f8y kvalitet, noe som gj\u00f8r det til et verdifullt verkt\u00f8y for mange brukere.<\/li>\n\n\n\n<li class=\"\"><strong>Kan AI-bildeforsterkere h\u00e5ndtere batchbehandling?<\/strong> Noen verkt\u00f8y, som Deep Image, tilbyr muligheter for batchbehandling.<\/li>\n\n\n\n<li class=\"\"><strong>Finnes det gratis AI-verkt\u00f8y for bildeforbedring?<\/strong> Ja, verkt\u00f8y som Enhance.Pho.to tilbyr gratis grunnleggende forbedringsfunksjoner.<\/li>\n\n\n\n<li class=\"\"><strong>Hva er den beste AI-bildeforsterkeren for profesjonell bruk?<\/strong> AI Image Enhancer anbefales p\u00e5 grunn av sine avanserte funksjoner og resultater av h\u00f8y kvalitet.<\/li>\n\n\n\n<li class=\"\"><strong>Kan AI-bildeforsterkere brukes til bilder i sosiale medier?<\/strong> Ja, de er ideelle for \u00e5 lage bilder av h\u00f8y kvalitet til innlegg i sosiale medier.<\/li>\n\n\n\n<li class=\"\"><strong>St\u00f8tter AI-bildeforsterkere oppskalering?<\/strong> Ja, mange AI-bildeforbedringsprogrammer kan oppskalere bilder til h\u00f8yere oppl\u00f8sning.<\/li>\n\n\n\n<li class=\"\"><strong>Er AI-bildeforsterkere enkle \u00e5 bruke?<\/strong> De fleste AI-bildeforsterkere er brukervennlige og designet for \u00e5 v\u00e6re enkle \u00e5 bruke.<\/li>\n\n\n\n<li class=\"\"><strong>Hvilke bransjer kan dra nytte av AI-bildeforsterkere?<\/strong> Bransjer som eiendomsmegling, e-handel, grafisk design og sosiale medier kan ha stor nytte av \u00e5 bruke AI-bildeforsterkere.<\/li>\n<\/ol>","protected":false},"excerpt":{"rendered":"<p>How to use AI Image Enhancer *&nbsp;Depending on your internet speed, loading the model may take a few seconds.* There will be caching during continuous generation, and the new image will appear after about 3 seconds. Introduction of AI Image Enhancer Enhancing image quality is crucial for various industries, from real estate to social media &#8230; <a title=\"AI Image Enhancer\" class=\"read-more\" href=\"https:\/\/aiartfree.online\/nb\/ai-image-enhancer\/\" aria-label=\"Read more about AI Image Enhancer\">Les mer<\/a><\/p>","protected":false},"author":1,"featured_media":0,"parent":0,"menu_order":0,"comment_status":"open","ping_status":"closed","template":"","meta":{"nf_dc_page":"","footnotes":""},"class_list":["post-2880","page","type-page","status-publish"],"jetpack_sharing_enabled":true,"_links":{"self":[{"href":"https:\/\/aiartfree.online\/nb\/wp-json\/wp\/v2\/pages\/2880","targetHints":{"allow":["GET"]}}],"collection":[{"href":"https:\/\/aiartfree.online\/nb\/wp-json\/wp\/v2\/pages"}],"about":[{"href":"https:\/\/aiartfree.online\/nb\/wp-json\/wp\/v2\/types\/page"}],"author":[{"embeddable":true,"href":"https:\/\/aiartfree.online\/nb\/wp-json\/wp\/v2\/users\/1"}],"replies":[{"embeddable":true,"href":"https:\/\/aiartfree.online\/nb\/wp-json\/wp\/v2\/comments?post=2880"}],"version-history":[{"count":0,"href":"https:\/\/aiartfree.online\/nb\/wp-json\/wp\/v2\/pages\/2880\/revisions"}],"wp:attachment":[{"href":"https:\/\/aiartfree.online\/nb\/wp-json\/wp\/v2\/media?parent=2880"}],"curies":[{"name":"wp","href":"https:\/\/api.w.org\/{rel}","templated":true}]}}