{"id":2876,"date":"2024-07-17T14:02:17","date_gmt":"2024-07-17T14:02:17","guid":{"rendered":"https:\/\/aiartfree.online\/?page_id=2876"},"modified":"2025-03-07T08:07:03","modified_gmt":"2025-03-07T08:07:03","slug":"anime-ai-generator","status":"publish","type":"page","link":"https:\/\/aiartfree.online\/nb\/anime-ai-generator\/","title":{"rendered":"Anime AI Generator"},"content":{"rendered":"<h2 class=\"wp-block-heading has-text-align-center\">F\u00f8r vs. etter<\/h2>\n\n\n\n<figure class=\"gb-block-image gb-block-image-1822da1f\"><img data-recalc-dims=\"1\" decoding=\"async\" loading=\"lazy\" width=\"300\" height=\"179\" class=\"gb-image gb-image-1822da1f\" src=\"https:\/\/i0.wp.com\/aiartfree.online\/wp-content\/uploads\/2024\/07\/WX20240719-123748%402x.jpg?resize=300%2C179&#038;ssl=1\" alt=\"anime-ai-generator\/\" title=\"WX20240719-123748@2x\" srcset=\"https:\/\/i0.wp.com\/aiartfree.online\/wp-content\/uploads\/2024\/07\/WX20240719-123748%402x.jpg?resize=300%2C179&amp;ssl=1 300w, https:\/\/i0.wp.com\/aiartfree.online\/wp-content\/uploads\/2024\/07\/WX20240719-123748%402x.jpg?resize=1024%2C613&amp;ssl=1 1024w, https:\/\/i0.wp.com\/aiartfree.online\/wp-content\/uploads\/2024\/07\/WX20240719-123748%402x.jpg?resize=768%2C459&amp;ssl=1 768w, https:\/\/i0.wp.com\/aiartfree.online\/wp-content\/uploads\/2024\/07\/WX20240719-123748%402x.jpg?resize=18%2C12&amp;ssl=1 18w, https:\/\/i0.wp.com\/aiartfree.online\/wp-content\/uploads\/2024\/07\/WX20240719-123748%402x.jpg?resize=600%2C359&amp;ssl=1 600w, https:\/\/i0.wp.com\/aiartfree.online\/wp-content\/uploads\/2024\/07\/WX20240719-123748%402x.jpg?w=1314&amp;ssl=1 1314w\" sizes=\"auto, (max-width: 300px) 100vw, 300px\" \/><\/figure>\n\n\n\n<h2 class=\"wp-block-heading\">Hvordan bruke Anime AI Generator<\/h2>\n\n\n\n<ol class=\"wp-block-list\">\n<li class=\"\">Skriv inn ledeteksten din, eller velg et av ledeteksteksemplene<\/li>\n\n\n\n<li class=\"\">Klikk p\u00e5 \"Generer\"<\/li>\n\n\n\n<li class=\"\">Vent, det var det!<\/li>\n<\/ol>\n\n\n\n<h3 class=\"wp-block-heading\">Eksempler p\u00e5 ledetekster<\/h3>\n\n\n\n<ul class=\"wp-block-list has-small-font-size\">\n<li class=\"\">vakker kvinne, natt, med stjerner, intrikat, elegant, sv\u00e6rt detaljert, digitalt maleri, artstation, konseptkunst, glatt, skarpt fokus, illustrasjon, kunst av ( ( ( ( artgerm ) ) ) og greg rutkowski! og ( ( ( alphonse mucha ) ), sterkt p\u00e5virket av frank frazetta og boris vallejo, sverd og<\/li>\n\n\n\n<li class=\"\">vakker kvinne, natt, sci - fi, fantasy, intrikat, elegant, takato yamamoto, bl\u00e5 kjole, magisk, sv\u00e6rt detaljert, digitalt maleri, artstation, concept art, smooth,b sharp focus, illustrasjon, art by artgerm and greg rutkowski and alphonse mucha<\/li>\n\n\n\n<li class=\"\">vakker kvinne, store bryster p\u00e5 stranden, avslappende, eterisk, dr\u00f8mmende, motlys, sv\u00e6rt detaljert, realistisk belysning, skarpt fokus, tredjedelsregel, artgerm, wlop, arney freytag, rossdraws, frank frazetta, andrei riabovitchev, hd, octane, 4 k,<\/li>\n\n\n\n<li class=\"\">vakker kvinne \uff0c store bryster, domme elskerinne, steampunk, sjenert smilende, 4k, fantastisk 3d gjengivelse inspirert kunst av Prenz Cushart og WLOP \uff0c Matt maleri, mesterverk | Alphonse Mucha \uff0c trending p\u00e5 artstation og pixiv \uff0c Liten detalj<\/li>\n\n\n\n<li class=\"\">vakker kvinne, natt, med stjerner, intrikat, elegant, sv\u00e6rt detaljert, digitalt maleri, artstation, konseptkunst, glatt, skarpt fokus, illustrasjon, kunst av ( ( ( ( artgerm ) ) ) og greg rutkowski! og ( ( ( alphonse mucha ) ), sterkt p\u00e5virket av frank frazetta og boris vallejo, sverd<\/li>\n<\/ul>\n\n\n\n<figure class=\"gb-block-image gb-block-image-032aac41\"><a href=\"https:\/\/fas.st\/t\/9U4PYbm7\" target=\"_blank\" rel=\"noopener noreferrer\"><img data-recalc-dims=\"1\" decoding=\"async\" loading=\"lazy\" width=\"1200\" height=\"365\" class=\"gb-image gb-image-032aac41\" src=\"https:\/\/i0.wp.com\/aiartfree.online\/wp-content\/uploads\/2025\/03\/WX20250307-115412%402x.webp?resize=1200%2C365&#038;ssl=1\" alt=\"\" title=\"WX20250307-115412@2x\" srcset=\"https:\/\/i0.wp.com\/aiartfree.online\/wp-content\/uploads\/2025\/03\/WX20250307-115412%402x.webp?w=1942&amp;ssl=1 1942w, https:\/\/i0.wp.com\/aiartfree.online\/wp-content\/uploads\/2025\/03\/WX20250307-115412%402x.webp?resize=300%2C91&amp;ssl=1 300w, https:\/\/i0.wp.com\/aiartfree.online\/wp-content\/uploads\/2025\/03\/WX20250307-115412%402x.webp?resize=1024%2C312&amp;ssl=1 1024w, https:\/\/i0.wp.com\/aiartfree.online\/wp-content\/uploads\/2025\/03\/WX20250307-115412%402x.webp?resize=768%2C234&amp;ssl=1 768w, https:\/\/i0.wp.com\/aiartfree.online\/wp-content\/uploads\/2025\/03\/WX20250307-115412%402x.webp?resize=1536%2C467&amp;ssl=1 1536w, https:\/\/i0.wp.com\/aiartfree.online\/wp-content\/uploads\/2025\/03\/WX20250307-115412%402x.webp?resize=18%2C5&amp;ssl=1 18w, https:\/\/i0.wp.com\/aiartfree.online\/wp-content\/uploads\/2025\/03\/WX20250307-115412%402x.webp?resize=600%2C183&amp;ssl=1 600w\" sizes=\"auto, (max-width: 1200px) 100vw, 1200px\" \/><\/a><\/figure>\n\n\n\n<p class=\"\"><em>* Avhengig av internetthastigheten din kan det ta noen sekunder \u00e5 laste inn modellen.<br>* Det vil skje en hurtigbufring under kontinuerlig generering, og det nye bildet vises etter ca. 3 sekunder.<\/em><\/p>\n\n\n\n<div class=\"iframe-wrapper\" style=\"position: relative; width: 100%; height: 1600px;\">\n  <div class=\"loading\" style=\"position: absolute; top: 50px; left: 50%; transform: translate(-50%, -50%); width: 40px; height: 40px; border: 3px solid #f0f0f0; border-top: 3px solid #db7093; border-radius: 50%; animation: spin 1s linear infinite;\"><\/div>\n  <iframe loading=\"lazy\" src=\"https:\/\/cagliostrolab-animagine-xl-3-1.hf.space\" frameborder=\"0\" width=\"100%\" height=\"100%\" style=\"position: absolute; top: 0; left: 0; opacity: 0; transition: opacity 0.3s;\" onload=\"this.style.opacity=1;this.previousElementSibling.style.display='none';\"><\/iframe>\n<\/div>\n\n<style>\n@keyframes spin {\n  0% { transform: translate(-50%, -50%) rotate(0deg); }\n  100% { transform: translate(-50%, -50%) rotate(360deg); }\n}\n<\/style>\n\n\n\n<div style=\"height:50px\" aria-hidden=\"true\" class=\"wp-block-spacer\"><\/div>\n\n\n\n<h2 class=\"wp-block-heading\">Introduksjon av Anime AI Generator<\/h2>\n\n\n\n<p class=\"\">Anime AI Generators revolusjonerer m\u00e5ten vi skaper anime-stil p\u00e5 ved hjelp av sofistikerte algoritmer for kunstig intelligens. Disse verkt\u00f8yene kan forvandle bilder til anime-bilder, generere unike anime-figurer og mye mer. Denne artikkelen vil fordype seg i hva Anime AI-generatorer er, fordelene med dem og hvordan du effektivt kan bruke dem.<\/p>\n\n\n\n<figure class=\"wp-block-image size-large is-resized\"><img data-recalc-dims=\"1\" decoding=\"async\" width=\"1024\" height=\"829\"   loading=\"lazy\" src=\"https:\/\/i0.wp.com\/aiartfree.online\/wp-content\/uploads\/2024\/07\/WX120240719-122659%402x-1-1-1.jpg?resize=1024%2C829&#038;ssl=1\" alt=\"Anime AI Generator\" class=\"wp-image-2952\" style=\"width:630px;height:auto\" srcset=\"https:\/\/i0.wp.com\/aiartfree.online\/wp-content\/uploads\/2024\/07\/WX120240719-122659%402x-1-1-1.jpg?resize=1024%2C829&amp;ssl=1 1024w, https:\/\/i0.wp.com\/aiartfree.online\/wp-content\/uploads\/2024\/07\/WX120240719-122659%402x-1-1-1.jpg?resize=300%2C243&amp;ssl=1 300w, https:\/\/i0.wp.com\/aiartfree.online\/wp-content\/uploads\/2024\/07\/WX120240719-122659%402x-1-1-1.jpg?resize=768%2C622&amp;ssl=1 768w, https:\/\/i0.wp.com\/aiartfree.online\/wp-content\/uploads\/2024\/07\/WX120240719-122659%402x-1-1-1.jpg?resize=1536%2C1244&amp;ssl=1 1536w, https:\/\/i0.wp.com\/aiartfree.online\/wp-content\/uploads\/2024\/07\/WX120240719-122659%402x-1-1-1.jpg?resize=2048%2C1659&amp;ssl=1 2048w, https:\/\/i0.wp.com\/aiartfree.online\/wp-content\/uploads\/2024\/07\/WX120240719-122659%402x-1-1-1.jpg?resize=15%2C12&amp;ssl=1 15w, https:\/\/i0.wp.com\/aiartfree.online\/wp-content\/uploads\/2024\/07\/WX120240719-122659%402x-1-1-1.jpg?resize=600%2C486&amp;ssl=1 600w\" sizes=\"auto, (max-width: 1024px) 100vw, 1024px\" \/><\/figure>\n\n\n\n<h3 class=\"wp-block-heading\">Innholdsfortegnelse<\/h3>\n\n\n\n<ol class=\"wp-block-list\">\n<li class=\"\"><a href=\"#what-is-an-anime-ai-generator\">Hva er en Anime AI Generator?<\/a><\/li>\n\n\n\n<li class=\"\"><a href=\"#why-use-an-anime-ai-generator\">Hvorfor bruke en Anime AI Generator?<\/a><\/li>\n\n\n\n<li class=\"\"><a href=\"#benefits-of-using-an-anime-ai-generator\">Fordeler med \u00e5 bruke en Anime AI Generator<\/a><\/li>\n\n\n\n<li class=\"\"><a href=\"#when-to-use-an-anime-ai-generator\">N\u00e5r skal man bruke en Anime AI Generator<\/a><\/li>\n\n\n\n<li class=\"\"><a href=\"#who-should-use-an-anime-ai-generator\">Hvem b\u00f8r bruke en Anime AI Generator?<\/a><\/li>\n\n\n\n<li class=\"\"><a href=\"#anime-ai-generator-tools-and-information\">Anime AI Generator Verkt\u00f8y og informasjon<\/a><\/li>\n\n\n\n<li class=\"\"><a href=\"#frequently-asked-questions\">Ofte stilte sp\u00f8rsm\u00e5l<\/a><\/li>\n\n\n\n<li class=\"\"><a href=\"#conclusion\">Konklusjon<\/a><\/li>\n<\/ol>\n\n\n\n<h3 class=\"wp-block-heading\">Hva er en Anime AI Generator?<\/h3>\n\n\n\n<p class=\"\">En Anime AI Generator er et verkt\u00f8y som bruker avanserte AI-algoritmer til \u00e5 skape anime-lignende bilder fra ulike inndata, for eksempel bilder eller tekstmeldinger. Ved \u00e5 utnytte maskinl\u00e6ringsteknikker kan disse generatorene produsere stilisert animekunst av h\u00f8y kvalitet, raskt og effektivt.<\/p>\n\n\n\n<h3 class=\"wp-block-heading\">Hvorfor bruke en Anime AI Generator?<\/h3>\n\n\n\n<p class=\"\">Anime AI-generatorer er essensielle for alle som \u00f8nsker \u00e5 lage anime-stiliserte kunstverk uten \u00e5 trenge avanserte kunstneriske ferdigheter. Disse verkt\u00f8yene kan brukes til personlige AI-prosjekter, til \u00e5 generere AI-kunst for sosiale medier, eller til og med til profesjonelle form\u00e5l innen spilldesign og animasjon.<\/p>\n\n\n\n<h3 class=\"wp-block-heading\">Fordeler med \u00e5 bruke en Anime AI Generator<\/h3>\n\n\n\n<ul class=\"wp-block-list\">\n<li class=\"\"><strong>Effektivitet<\/strong>: Genererer raskt anime-bilder av h\u00f8y kvalitet.<\/li>\n\n\n\n<li class=\"\"><strong>Kreativitet<\/strong>: Gir mulighet for unik og personlig anime-kunst.<\/li>\n\n\n\n<li class=\"\"><strong>Tilgjengelighet<\/strong>: Gj\u00f8r anime-kunst tilgjengelig for ikke-kunstnere.<\/li>\n\n\n\n<li class=\"\"><strong>Kostnadseffektivt<\/strong>: Reduserer behovet for kostbar kunstprogramvare eller innleie av kunstnere.<\/li>\n\n\n\n<li class=\"\"><strong>Allsidighet<\/strong>: Kan brukes til ulike form\u00e5l, fra personlige prosjekter til profesjonell bruk.<\/li>\n<\/ul>\n\n\n\n<h3 class=\"wp-block-heading\">N\u00e5r skal man bruke en Anime AI Generator<\/h3>\n\n\n\n<p class=\"\">Anime AI-generatorer er ideelle i flere scenarier:<\/p>\n\n\n\n<ul class=\"wp-block-list\">\n<li class=\"\"><strong>\u00c5 skape personlig kunst<\/strong>: For moro skyld eller som hobby.<\/li>\n\n\n\n<li class=\"\"><strong>Innhold i sosiale medier<\/strong>: Generering av unikt innhold til sosiale medier.<\/li>\n\n\n\n<li class=\"\"><strong>Spilldesign<\/strong>: Skaper karakterer og scener for videospill.<\/li>\n\n\n\n<li class=\"\"><strong>Animasjonsprosjekter<\/strong>: Produksjon av elementer til animasjonsprosjekter.<\/li>\n\n\n\n<li class=\"\"><strong>Markedsf\u00f8ring<\/strong>: Utarbeide reklamemateriell og engasjerende visuelt materiale.<\/li>\n<\/ul>\n\n\n\n<h3 class=\"wp-block-heading\">Hvem b\u00f8r bruke den?<\/h3>\n\n\n\n<p class=\"\">Egnet for:<\/p>\n\n\n\n<ul class=\"wp-block-list\">\n<li class=\"\"><strong>Kunstnere<\/strong>: \u00d8nsker \u00e5 utvide verkt\u00f8ykassen sin.<\/li>\n\n\n\n<li class=\"\"><strong>Ikke-kunstnere<\/strong>: \u00d8nsker \u00e5 skape animekunst uten omfattende oppl\u00e6ring.<\/li>\n\n\n\n<li class=\"\"><strong>Spillutviklere<\/strong>: Trenger ressurser til spill.<\/li>\n\n\n\n<li class=\"\"><strong>Skapere av innhold<\/strong>: P\u00e5 jakt etter engasjerende visuelt materiale til plattformene sine.<\/li>\n\n\n\n<li class=\"\"><strong>Profesjonelle markedsf\u00f8rere<\/strong>: Utarbeide tiltalende salgsfremmende innhold.<\/li>\n<\/ul>\n\n\n\n<h3 class=\"wp-block-heading\">Anime AI Generator Verkt\u00f8y og informasjon<\/h3>\n\n\n\n<p class=\"\">Nedenfor er en tabell som oppsummerer de beste Anime AI Generator-verkt\u00f8yene, deres fordeler, ulemper og mer:<\/p>\n\n\n\n<figure class=\"wp-block-table\"><table class=\"has-fixed-layout\"><thead><tr><th>Verkt\u00f8y\/nettsted<\/th><th>Fordeler<\/th><th>Ulemper<\/th><th>Fordeler<\/th><th>Utfordringer<\/th><th>Anbefalinger<\/th><\/tr><\/thead><tbody><tr><td><a href=\"https:\/\/aiartfree.online\/nb\/anime-ai-generator\/\" target=\"_blank\" rel=\"noreferrer noopener\">AIArtFree<\/a><\/td><td>Gratis, enkel \u00e5 bruke<\/td><td>Begrensede funksjoner<\/td><td>Flott for nybegynnere<\/td><td>Krever internett<\/td><td>Best for raske prosjekter<\/td><\/tr><tr><td><a href=\"https:\/\/deepart.io\" rel=\"nofollow noopener\" target=\"_blank\">DeepArt<\/a><\/td><td>Produksjon av h\u00f8y kvalitet<\/td><td>Krever abonnement<\/td><td>Profesjonelle resultater<\/td><td>Dyrt<\/td><td>Best for seri\u00f8se prosjekter<\/td><\/tr><tr><td><a href=\"https:\/\/artbreeder.com\" rel=\"nofollow noopener\" target=\"_blank\">Artbreeder<\/a><\/td><td>Samarbeidsvillig, allsidig<\/td><td>L\u00e6ringskurve<\/td><td>Kreativ fleksibilitet<\/td><td>Komplekst grensesnitt<\/td><td>Best for samarbeidende kunst<\/td><\/tr><tr><td><a href=\"https:\/\/toonme.com\" rel=\"nofollow noopener\" target=\"_blank\">ToonMe<\/a><\/td><td>Enkelt, morsomt<\/td><td>Annonser i gratisversjonen<\/td><td>Perfekt for sosiale medier<\/td><td>Begrensede stiler<\/td><td>Best for uformell bruk<\/td><\/tr><tr><td><a href=\"https:\/\/nudeai.beauty\/en\/nude-anime\/\" data-type=\"link\" data-id=\"https:\/\/nudeai.beauty\/en\/nude-anime\/\" target=\"_blank\" rel=\"noreferrer noopener\">Anime Labs<\/a><\/td><td>Tilpassbare figurer<\/td><td>Begrenset til anime-jenter<\/td><td>Sv\u00e6rt detaljert<\/td><td>Nisjefokus<\/td><td>Best for karakterskaping<\/td><\/tr><tr><td><a>PaintsChainer<\/a><\/td><td>Gratis, allsidig<\/td><td>Japansk grensesnitt<\/td><td>Automatisk fargelegging<\/td><td>Spr\u00e5kbarriere<\/td><td>Best for automatisk fargelegging<\/td><\/tr><tr><td><a href=\"https:\/\/crypko.ai\" rel=\"nofollow noopener\" target=\"_blank\">Krypko<\/a><\/td><td>Profesjonelle animeansikter<\/td><td>Krever tokens<\/td><td>Detaljerte resultater<\/td><td>Tokensystem<\/td><td>Best for ansiktstrekk<\/td><\/tr><tr><td><a href=\"https:\/\/pixiv.net\" rel=\"nofollow noopener\" target=\"_blank\">Pixiv<\/a><\/td><td>Stort samfunn<\/td><td>Krever medlemskap<\/td><td>Omfattende ressurser<\/td><td>Overveldende<\/td><td>Best for kunst i lokalsamfunnet<\/td><\/tr><tr><td><a href=\"https:\/\/www.thiswaifudoesnotexist.net\" rel=\"nofollow noopener\" target=\"_blank\">Denne waifuen finnes ikke<\/a><\/td><td>Unike waifus<\/td><td>Begrenset tilpasning<\/td><td>Uendelig variasjon<\/td><td>Spesifikt fokus<\/td><td>Best for unike ansikter<\/td><\/tr><tr><td><a href=\"https:\/\/gansketch.com\" rel=\"nofollow noopener\" target=\"_blank\">GanSketch<\/a><\/td><td>Generering i sanntid<\/td><td>Betaversjon<\/td><td>Raske resultater<\/td><td>Utviklingsstadiet<\/td><td>Best for eksperimentering<\/td><\/tr><\/tbody><\/table><\/figure>\n\n\n\n<p class=\"\"><strong>Beste verkt\u00f8y: <a href=\"https:\/\/aiartfree.online\/nb\/anime-ai-generator\/\">AIArtFree<\/a><\/strong><\/p>\n\n\n\n<h3 class=\"wp-block-heading\">Ofte stilte sp\u00f8rsm\u00e5l<\/h3>\n\n\n\n<p class=\"\"><strong>Sp\u00f8rsm\u00e5l: Hva er den beste Anime AI Generator for nybegynnere?<\/strong> Svar: AIArtFree anbefales for nybegynnere p\u00e5 grunn av brukervennligheten og den gratis tilgangen.<\/p>\n\n\n\n<p class=\"\"><strong>Sp\u00f8rsm\u00e5l: Kan jeg bruke en Anime AI Generator til kommersielle form\u00e5l?<\/strong> Svar: Ja, mange Anime AI-generatorer kan brukes til kommersielle prosjekter, men det er viktig \u00e5 sjekke de spesifikke tjenestevilk\u00e5rene for hvert verkt\u00f8y.<\/p>\n\n\n\n<p class=\"\"><strong>Q: Hvordan fungerer Anime AI Generators?<\/strong> A: De bruker maskinl\u00e6ringsalgoritmer som er oppl\u00e6rt p\u00e5 store datasett med animekunst, til \u00e5 generere nye bilder basert p\u00e5 brukerens innspill.<\/p>\n\n\n\n<p class=\"\"><strong>Q: Er Anime AI Generators gratis \u00e5 bruke?<\/strong> Svar: Noen verkt\u00f8y er gratis, som AIArtFree, mens andre kan kreve abonnement eller kj\u00f8p.<\/p>\n\n\n\n<p class=\"\"><strong>Sp\u00f8rsm\u00e5l: Hvilke typer innganger kan jeg bruke med en Anime AI Generator?<\/strong> Svar: Vanlige inndata er bilder, skisser og tekstmeldinger.<\/p>\n\n\n\n<p class=\"\"><strong>Sp\u00f8rsm\u00e5l: Kan jeg tilpasse de genererte anime-bildene?<\/strong> Svar: Ja, de fleste generatorer tilbyr tilpasningsmuligheter for \u00e5 justere stilen og funksjonene til den genererte kunsten.<\/p>\n\n\n\n<p class=\"\"><strong>Sp\u00f8rsm\u00e5l: Hva er forskjellen mellom en AI-bildegenerator og en Anime AI Generator?<\/strong> Svar: En Anime AI Generator er spesielt utviklet for \u00e5 lage bilder i anime-stil, mens en generell AI-bildegenerator kan produsere ulike stiler.<\/p>\n\n\n\n<p class=\"\"><strong>Sp\u00f8rsm\u00e5l: Trenger jeg noen spesielle ferdigheter for \u00e5 bruke en Anime AI Generator?<\/strong> Svar: Nei, disse verkt\u00f8yene er utformet for \u00e5 v\u00e6re brukervennlige og tilgjengelige for alle.<\/p>\n\n\n\n<p class=\"\"><strong>Sp\u00f8rsm\u00e5l: Hvor lang tid tar det \u00e5 generere et anime-bilde?<\/strong> Svar: Generasjonstiden varierer fra verkt\u00f8y til verkt\u00f8y, men varierer vanligvis fra noen sekunder til et par minutter.<\/p>\n\n\n\n<p class=\"\"><strong>Sp\u00f8rsm\u00e5l: Kan jeg generere animefigurer til spillet mitt ved hjelp av en Anime AI Generator?<\/strong> Svar: Ja, disse verkt\u00f8yene er ypperlige til \u00e5 lage figurer og andre ressurser til dataspill.<\/p>\n\n\n\n<h3 class=\"wp-block-heading\">Konklusjon<\/h3>\n\n\n\n<p class=\"\">Anime AI-generatorer er kraftige verkt\u00f8y for \u00e5 skape anime-stil uten problemer. Enten du er profesjonell kunstner eller hobbykunstner, kan disse generatorene hjelpe deg med \u00e5 gi liv til dine kreative visjoner. For den beste opplevelsen, pr\u00f8v \u00e5 bruke <a href=\"https:\/\/aiartfree.online\/nb\/anime-ai-generator\/\">AIArtFree<\/a> for \u00e5 utforske en verden av AI-generert animekunst.<\/p>","protected":false},"excerpt":{"rendered":"<p>Before vs After How to use Anime AI Generator Prompt Examples *&nbsp;Depending on your internet speed, loading the model may take a few seconds.* There will be caching during continuous generation, and the new image will appear after about 3 seconds. Introduction of Anime AI Generator Anime AI Generators are revolutionizing the way we create &#8230; <a title=\"Anime AI Generator\" class=\"read-more\" href=\"https:\/\/aiartfree.online\/nb\/anime-ai-generator\/\" aria-label=\"Read more about Anime AI Generator\">Les mer<\/a><\/p>","protected":false},"author":1,"featured_media":0,"parent":0,"menu_order":0,"comment_status":"open","ping_status":"closed","template":"","meta":{"nf_dc_page":"","footnotes":""},"class_list":["post-2876","page","type-page","status-publish"],"jetpack_sharing_enabled":true,"_links":{"self":[{"href":"https:\/\/aiartfree.online\/nb\/wp-json\/wp\/v2\/pages\/2876","targetHints":{"allow":["GET"]}}],"collection":[{"href":"https:\/\/aiartfree.online\/nb\/wp-json\/wp\/v2\/pages"}],"about":[{"href":"https:\/\/aiartfree.online\/nb\/wp-json\/wp\/v2\/types\/page"}],"author":[{"embeddable":true,"href":"https:\/\/aiartfree.online\/nb\/wp-json\/wp\/v2\/users\/1"}],"replies":[{"embeddable":true,"href":"https:\/\/aiartfree.online\/nb\/wp-json\/wp\/v2\/comments?post=2876"}],"version-history":[{"count":1,"href":"https:\/\/aiartfree.online\/nb\/wp-json\/wp\/v2\/pages\/2876\/revisions"}],"predecessor-version":[{"id":3595,"href":"https:\/\/aiartfree.online\/nb\/wp-json\/wp\/v2\/pages\/2876\/revisions\/3595"}],"wp:attachment":[{"href":"https:\/\/aiartfree.online\/nb\/wp-json\/wp\/v2\/media?parent=2876"}],"curies":[{"name":"wp","href":"https:\/\/api.w.org\/{rel}","templated":true}]}}