{"id":2853,"date":"2024-07-17T13:47:43","date_gmt":"2024-07-17T13:47:43","guid":{"rendered":"https:\/\/aiartfree.online\/?page_id=2853"},"modified":"2024-07-20T09:39:23","modified_gmt":"2024-07-20T09:39:23","slug":"free-pixar-ai-generator","status":"publish","type":"page","link":"https:\/\/aiartfree.online\/nb\/gratis-pixar-ai-generator\/","title":{"rendered":"Gratis Pixar AI-generator"},"content":{"rendered":"<h2 class=\"wp-block-heading\">Slik bruker du gratis Pixar AI Generator<\/h2>\n\n\n\n<ol class=\"wp-block-list\">\n<li class=\"\">Skriv inn instruksjonene dine<\/li>\n\n\n\n<li class=\"\">Klikk p\u00e5 \"Kj\u00f8r\"<\/li>\n\n\n\n<li class=\"\">Vent, det var det!<\/li>\n<\/ol>\n\n\n\n<p class=\"\"><em>* Avhengig av internetthastigheten din kan det ta noen sekunder \u00e5 laste inn modellen.<br>* Det vil skje en hurtigbufring under kontinuerlig generering, og det nye bildet vises etter ca. 3 sekunder.<\/em><\/p>\n\n\n\n<h3 class=\"wp-block-heading\">Eksempel p\u00e5 input<\/h3>\n\n\n\n<ul class=\"wp-block-list\">\n<li class=\"\">En ung mann med lysebrunt b\u00f8lget h\u00e5r og lysebrune \u00f8yne sitter i en lenestol og ser direkte inn i kameraet, pixar-stil, disney pixar, kontorbakgrunn, ultra detaljert, 1 mann<\/li>\n\n\n\n<li class=\"\">Tegneserie 3D solfylt lyst bilde i Pixar-stil : superhelt : full kostyme : filmatisk -ar 68:128 -stylize 750 -v 5.2<\/li>\n\n\n\n<li class=\"\">3d bilde, s\u00f8t jente, i stil med Pixar, -ar 1:2 ,-stylize 750.<\/li>\n<\/ul>\n\n\n\n<div style=\"text-align: center; border: 2px solid; border-image-source: linear-gradient(to right, #16b86c, #912899); border-image-slice: 1; box-shadow: 0 0 10px rgba(0, 0, 0, 0.1); border-radius: 15px;\">\n  <iframe loading=\"lazy\"\n    src=\"https:\/\/ucanbaklava-stablediffusionapi-disney-pixar-cartoon.hf.space\"\n    frameborder=\"0\"\n    width=\"800\"\n    height=\"500\"\n    style=\"display: inline-block; margin: 0 auto;\"\n  ><\/iframe>\n<\/div>\n\n\n\n<div style=\"height:50px\" aria-hidden=\"true\" class=\"wp-block-spacer\"><\/div>\n\n\n\n<h2 class=\"wp-block-heading\" id=\"introduction-of-free-online-pixar-ai-generator\"><strong>Introduksjon av gratis Pixar AI Generator<\/strong><\/h2>\n\n\n\n<figure class=\"wp-block-image size-full is-resized\"><img data-recalc-dims=\"1\" decoding=\"async\" width=\"938\" height=\"626\"   loading=\"lazy\" src=\"https:\/\/i0.wp.com\/aiartfree.online\/wp-content\/uploads\/2024\/07\/WX20240717-174206%402x.jpg?resize=938%2C626&#038;ssl=1\" alt=\"Gratis online Pixar AI-generator\" class=\"wp-image-2852\" style=\"width:530px;height:auto\" srcset=\"https:\/\/i0.wp.com\/aiartfree.online\/wp-content\/uploads\/2024\/07\/WX20240717-174206%402x.jpg?w=938&amp;ssl=1 938w, https:\/\/i0.wp.com\/aiartfree.online\/wp-content\/uploads\/2024\/07\/WX20240717-174206%402x.jpg?resize=300%2C200&amp;ssl=1 300w, https:\/\/i0.wp.com\/aiartfree.online\/wp-content\/uploads\/2024\/07\/WX20240717-174206%402x.jpg?resize=768%2C513&amp;ssl=1 768w, https:\/\/i0.wp.com\/aiartfree.online\/wp-content\/uploads\/2024\/07\/WX20240717-174206%402x.jpg?resize=18%2C12&amp;ssl=1 18w, https:\/\/i0.wp.com\/aiartfree.online\/wp-content\/uploads\/2024\/07\/WX20240717-174206%402x.jpg?resize=600%2C400&amp;ssl=1 600w\" sizes=\"auto, (max-width: 938px) 100vw, 938px\" \/><\/figure>\n\n\n\n<h3 class=\"wp-block-heading\" id=\"what-is-a-free-online-pixar-ai-generator\"><a href=\"https:\/\/dromerosm-groq-llama3.hf.space\/#what-is-a-free-online-pixar-ai-generator\" target=\"_blank\" rel=\"noopener\"><\/a><strong>Hva er en gratis Pixar AI-generator?<\/strong><\/h3>\n\n\n\n<p class=\"\">En gratis online Pixar AI-generator er et verkt\u00f8y som lar brukerne generere kunstverk i Pixar-stil ved hjelp av kunstig intelligens (AI) uten noen \u00f8konomiske kostnader. Denne innovative teknologien bruker maskinl\u00e6ringsalgoritmer til \u00e5 skape fantastiske animasjoner og bilder som minner om Pixars elskede filmer.<\/p>\n\n\n\n<p class=\"\"><strong>Innholdsfortegnelse<\/strong><\/p>\n\n\n\n<ol class=\"wp-block-list\">\n<li class=\"\"><a href=\"https:\/\/dromerosm-groq-llama3.hf.space\/#what-is-a-free-online-pixar-ai-generator\" target=\"_blank\" rel=\"noopener\">Hva er en gratis Pixar AI-generator p\u00e5 nett?<\/a><\/li>\n\n\n\n<li class=\"\"><a href=\"https:\/\/dromerosm-groq-llama3.hf.space\/#why-use-a-free-online-pixar-ai-generator\" target=\"_blank\" rel=\"noopener\">Hvorfor bruke en gratis Pixar AI-generator p\u00e5 nett?<\/a><\/li>\n\n\n\n<li class=\"\"><a href=\"https:\/\/dromerosm-groq-llama3.hf.space\/#benefits-of-using-a-free-online-pixar-ai-generator\" target=\"_blank\" rel=\"noopener\">Fordeler med \u00e5 bruke en gratis Pixar AI-generator p\u00e5 nett<\/a><\/li>\n\n\n\n<li class=\"\"><a href=\"https:\/\/dromerosm-groq-llama3.hf.space\/#when-to-use-a-free-online-pixar-ai-generator\" target=\"_blank\" rel=\"noopener\">N\u00e5r b\u00f8r du bruke en gratis Pixar AI-generator p\u00e5 nett?<\/a><\/li>\n\n\n\n<li class=\"\"><a href=\"https:\/\/dromerosm-groq-llama3.hf.space\/#who-can-benefit-from-a-free-online-pixar-ai-generator\" target=\"_blank\" rel=\"noopener\">Hvem kan dra nytte av en gratis Pixar AI-generator p\u00e5 nett?<\/a><\/li>\n\n\n\n<li class=\"\"><a href=\"https:\/\/dromerosm-groq-llama3.hf.space\/#related-information-and-tools\" target=\"_blank\" rel=\"noopener\">Relatert informasjon og verkt\u00f8y<\/a><\/li>\n\n\n\n<li class=\"\"><a href=\"https:\/\/dromerosm-groq-llama3.hf.space\/#faqs\" target=\"_blank\" rel=\"noopener\">Vanlige sp\u00f8rsm\u00e5l<\/a><\/li>\n<\/ol>\n\n\n\n<h3 class=\"wp-block-heading\" id=\"why-use-a-free-online-pixar-ai-generator\"><a href=\"https:\/\/dromerosm-groq-llama3.hf.space\/#why-use-a-free-online-pixar-ai-generator\" target=\"_blank\" rel=\"noopener\"><\/a><strong>Hvorfor bruke en gratis Pixar AI-generator?<\/strong><\/h3>\n\n\n\n<p class=\"\">Med den \u00f8kende ettersp\u00f8rselen etter visuelt materiale av h\u00f8y kvalitet i ulike bransjer, kan en gratis Pixar AI-generator p\u00e5 nett v\u00e6re en game-changer. Med dette verkt\u00f8yet kan du lage fantastiske animasjoner og bilder uten \u00e5 m\u00e5tte ha omfattende erfaring med grafisk design. I tillegg sparer det tid og ressurser, noe som gj\u00f8r det til et attraktivt alternativ for travle fagfolk og gr\u00fcndere.<\/p>\n\n\n\n<h3 class=\"wp-block-heading\" id=\"benefits-of-using-a-free-online-pixar-ai-generator\"><a href=\"https:\/\/dromerosm-groq-llama3.hf.space\/#benefits-of-using-a-free-online-pixar-ai-generator\" target=\"_blank\" rel=\"noopener\"><\/a><strong>Fordeler med \u00e5 bruke en gratis Pixar AI-generator<\/strong><\/h3>\n\n\n\n<p class=\"\">Noen av fordelene ved \u00e5 bruke en gratis Pixar AI-generator p\u00e5 nett er blant annet<\/p>\n\n\n\n<ul class=\"wp-block-list\">\n<li class=\"\"><strong>Kostnadseffektivt<\/strong>: Du trenger ikke \u00e5 bruke penger p\u00e5 dyre grafiske designprogrammer eller ansette en profesjonell designer.<\/li>\n\n\n\n<li class=\"\"><strong>Tidsbesparende<\/strong>: Generer raskt grafikk av h\u00f8y kvalitet med minimal innsats.<\/li>\n\n\n\n<li class=\"\"><strong>Tilgjengelighet<\/strong>: Det kreves ingen tidligere erfaring med grafisk design for \u00e5 bruke verkt\u00f8yet.<\/li>\n\n\n\n<li class=\"\"><strong>Fleksibilitet<\/strong>: Kan brukes til ulike form\u00e5l, for eksempel sosiale medier, reklame og utdanning.<\/li>\n<\/ul>\n\n\n\n<h3 class=\"wp-block-heading\" id=\"when-to-use-a-free-online-pixar-ai-generator\"><a href=\"https:\/\/dromerosm-groq-llama3.hf.space\/#when-to-use-a-free-online-pixar-ai-generator\" target=\"_blank\" rel=\"noopener\"><\/a><strong>N\u00e5r du b\u00f8r bruke en gratis Pixar AI-generator<\/strong><\/h3>\n\n\n\n<p class=\"\">En gratis online Pixar AI-generator kan brukes i ulike scenarier, blant annet:<\/p>\n\n\n\n<ul class=\"wp-block-list\">\n<li class=\"\"><strong>Markedsf\u00f8ring i sosiale medier<\/strong>: Lag engasjerende bilder til kampanjer i sosiale medier.<\/li>\n\n\n\n<li class=\"\"><strong>Reklame<\/strong>: Utvikle i\u00f8ynefallende annonser for kampanjer p\u00e5 og utenfor nettet.<\/li>\n\n\n\n<li class=\"\"><strong>Utdanning<\/strong>: Bruk verkt\u00f8yet til \u00e5 lage oppl\u00e6ringsmateriell, for eksempel videoer og infografikk.<\/li>\n\n\n\n<li class=\"\"><strong>Opprettelse av innhold<\/strong>: Lag visuelt materiale til blogginnlegg, videoer og annet innhold p\u00e5 nettet.<\/li>\n<\/ul>\n\n\n\n<h3 class=\"wp-block-heading\" id=\"who-can-benefit-from-a-free-online-pixar-ai-generator\"><a href=\"https:\/\/dromerosm-groq-llama3.hf.space\/#who-can-benefit-from-a-free-online-pixar-ai-generator\" target=\"_blank\" rel=\"noopener\"><\/a><strong>Hvem kan dra nytte av en gratis Pixar AI-generator?<\/strong><\/h3>\n\n\n\n<p class=\"\">Personer fra ulike bransjer og yrker kan dra nytte av \u00e5 bruke en gratis online Pixar AI-generator, inkludert:<\/p>\n\n\n\n<ul class=\"wp-block-list\">\n<li class=\"\"><strong>Markedsf\u00f8rere<\/strong>: Lag engasjerende bilder til sosiale medier og reklamekampanjer.<\/li>\n\n\n\n<li class=\"\"><strong>L\u00e6rere<\/strong>: Utvikle interaktivt og engasjerende undervisningsmateriell.<\/li>\n\n\n\n<li class=\"\"><strong>Skapere av innhold<\/strong>: Generer bilder av h\u00f8y kvalitet til blogginnlegg, videoer og annet innhold p\u00e5 nettet.<\/li>\n\n\n\n<li class=\"\"><strong>Entrepren\u00f8rer<\/strong>: Bruk verkt\u00f8yet til \u00e5 lage fantastiske bilder for bedriftskampanjer og reklame.<\/li>\n<\/ul>\n\n\n\n<h3 class=\"wp-block-heading\" id=\"related-information-and-tools\"><a href=\"https:\/\/dromerosm-groq-llama3.hf.space\/#related-information-and-tools\" target=\"_blank\" rel=\"noopener\"><\/a><strong>Relatert informasjon og verkt\u00f8y<\/strong><\/h3>\n\n\n\n<p class=\"\">Her er 10 nettsteder som gir informasjon og verkt\u00f8y relatert til gratis online Pixar AI-generatorer:<\/p>\n\n\n\n<figure class=\"wp-block-table\"><table class=\"has-fixed-layout\"><thead><tr><th>Nettsted<\/th><th>Beskrivelse<\/th><\/tr><\/thead><tbody><tr><td><a href=\"https:\/\/aiartfree.online\/nb\/free-online-pixar-ai-generator\/\" target=\"_blank\" rel=\"noreferrer noopener\">aiartfree.online<\/a><\/td><td>Tilbyr en gratis Pixar AI-generator p\u00e5 nettet med ulike maler og design.<\/td><\/tr><tr><td><a href=\"https:\/\/pix2pix.io\/\" target=\"_blank\" rel=\"noreferrer noopener nofollow\">pix2pix.io<\/a><\/td><td>En plattform som bruker kunstig intelligens til \u00e5 generere bilder fra skisser.<\/td><\/tr><tr><td><a href=\"https:\/\/deepdreamgenerator.com\/\" target=\"_blank\" rel=\"noreferrer noopener nofollow\">deepdreamgenerator.com<\/a><\/td><td>Et nettbasert verkt\u00f8y som bruker kunstig intelligens til \u00e5 generere surrealistiske bilder.<\/td><\/tr><tr><td><a href=\"https:\/\/www.artbreeder.com\/\" target=\"_blank\" rel=\"noreferrer noopener nofollow\">artbreeder.com<\/a><\/td><td>En plattform som lar brukerne skape og utvikle originale kunstverk ved hjelp av kunstig intelligens.<\/td><\/tr><tr><td><a href=\"https:\/\/ganbreeder.app\/\" target=\"_blank\" rel=\"noreferrer noopener nofollow\">ganbreeder.app<\/a><\/td><td>Et nettbasert verkt\u00f8y som bruker kunstig intelligens til \u00e5 generere kunstverk.<\/td><\/tr><tr><td><a href=\"https:\/\/prism.app\/\" target=\"_blank\" rel=\"noreferrer noopener nofollow\">prism.app<\/a><\/td><td>En plattform som tilbyr AI-drevne designverkt\u00f8y, inkludert en generator i Pixar-stil.<\/td><\/tr><tr><td><a href=\"https:\/\/adicraft.org\/\" target=\"_blank\" rel=\"noreferrer noopener nofollow\">adicraft.org<\/a><\/td><td>En ideell organisasjon som tilbyr AI-drevne designverkt\u00f8y, inkludert en generator i Pixar-stil.<\/td><\/tr><tr><td><a href=\"https:\/\/aiartist.io\/\" target=\"_blank\" rel=\"noreferrer noopener nofollow\">aiartist.io<\/a><\/td><td>En plattform som tilbyr AI-drevne designverkt\u00f8y, inkludert en generator i Pixar-stil.<\/td><\/tr><tr><td><a href=\"https:\/\/ai-generated-art.org\/\" target=\"_blank\" rel=\"noreferrer noopener nofollow\">_AI-generated-art.org<\/a><\/td><td>Et nettsted med informasjon og ressurser om AI-generert kunst.<\/td><\/tr><tr><td><a href=\"https:\/\/generative-art.org\/\" target=\"_blank\" rel=\"noreferrer noopener nofollow\">generativ-kunst.org<\/a><\/td><td>Et nettsted med informasjon og ressurser om generativ kunst.<\/td><\/tr><\/tbody><\/table><\/figure>\n\n\n\n<p class=\"\"><strong>Fordeler, ulemper, styrker, svakheter og anbefalinger<\/strong><\/p>\n\n\n\n<ul class=\"wp-block-list\">\n<li class=\"\"><strong>Fordeler<\/strong>: Kostnadseffektivt, tidsbesparende, tilgjengelig og fleksibelt.<\/li>\n\n\n\n<li class=\"\"><strong>Ulemper<\/strong>: Begrensede tilpasningsmuligheter, avhengighet av AI-algoritmer og potensielle kvalitetsproblemer.<\/li>\n\n\n\n<li class=\"\"><strong>Styrker<\/strong>: Kan generere bilder av h\u00f8y kvalitet, ideelt for travle fagfolk og gr\u00fcndere.<\/li>\n\n\n\n<li class=\"\"><strong>Svakheter<\/strong>: Kan kreve noe kunnskap om grafisk design, begrenset kontroll over produksjonen.<\/li>\n\n\n\n<li class=\"\"><strong>Anbefaling<\/strong>: Bruk en anerkjent nettplattform som aiartfree.online for \u00e5 f\u00e5 bilder i Pixar-stil av h\u00f8y kvalitet.<\/li>\n<\/ul>\n\n\n\n<h3 class=\"wp-block-heading\" id=\"faqs\"><a href=\"https:\/\/dromerosm-groq-llama3.hf.space\/#faqs\" target=\"_blank\" rel=\"noopener\"><\/a><strong>Vanlige sp\u00f8rsm\u00e5l<\/strong><\/h3>\n\n\n\n<ol class=\"wp-block-list\">\n<li class=\"\"><strong>Q: Er en gratis Pixar AI-generator enkel \u00e5 bruke?<\/strong>&nbsp;Svar: Ja, de fleste nettbaserte plattformer tilbyr brukervennlige grensesnitt som krever minimal erfaring med grafisk design.<\/li>\n\n\n\n<li class=\"\"><strong>Sp\u00f8rsm\u00e5l: Kan jeg tilpasse utdataene fra en gratis Pixar AI-generator?<\/strong>&nbsp;Svar: Ja, de fleste plattformer tilbyr tilpasningsmuligheter, for eksempel fargevalg og maler.<\/li>\n\n\n\n<li class=\"\"><strong>Sp\u00f8rsm\u00e5l: Er gratis Pixar AI-generatorer bare for profesjonelle?<\/strong>&nbsp;Svar: Nei, alle kan bruke disse verkt\u00f8yene, inkludert privatpersoner, gr\u00fcndere og l\u00e6rere.<\/li>\n\n\n\n<li class=\"\"><strong>Sp\u00f8rsm\u00e5l: Kan jeg bruke en gratis Pixar AI-generator til kommersielle form\u00e5l?<\/strong>&nbsp;Svar: Ja, de fleste plattformer tillater kommersiell bruk, men husk \u00e5 sjekke vilk\u00e5rene og betingelsene.<\/li>\n\n\n\n<li class=\"\"><strong>Sp\u00f8rsm\u00e5l: Hvor lang tid tar det \u00e5 generere et bilde ved hjelp av en gratis Pixar AI-generator?<\/strong>&nbsp;Svar: Behandlingstiden varierer avhengig av plattformen og kompleksiteten i designet.<\/li>\n\n\n\n<li class=\"\"><strong>Sp\u00f8rsm\u00e5l: Kan jeg laste opp mine egne bilder til en gratis Pixar AI-generator?<\/strong>&nbsp;Svar: Ja, p\u00e5 noen plattformer kan brukerne laste opp sine egne bilder for redigering og forbedring.<\/li>\n\n\n\n<li class=\"\"><strong>Sp\u00f8rsm\u00e5l: Er gratis online Pixar AI-generatorer dyre?<\/strong>&nbsp;Svar: Nei, de fleste plattformer tilbyr gratis eller rimelige tjenester, og noen tilbyr premiumfunksjoner mot betaling.<\/li>\n\n\n\n<li class=\"\"><strong>Sp\u00f8rsm\u00e5l: Kan jeg bruke en gratis Pixar AI-generator p\u00e5 nett til undervisningsform\u00e5l?<\/strong>&nbsp;Svar: Ja, mange plattformer tilbyr pedagogiske ressurser og verkt\u00f8y for studenter og l\u00e6rere.<\/li>\n\n\n\n<li class=\"\"><strong>Sp\u00f8rsm\u00e5l: Hvordan fungerer en gratis Pixar AI-generator p\u00e5 nett?<\/strong>&nbsp;Svar: Disse verkt\u00f8yene bruker maskinl\u00e6ringsalgoritmer til \u00e5 generere bilder basert p\u00e5 brukerinndata og designmaler.<\/li>\n\n\n\n<li class=\"\"><strong>Sp\u00f8rsm\u00e5l: Er en gratis online Pixar AI-generator egnet for markedsf\u00f8ring i sosiale medier?<\/strong>&nbsp;Svar: Ja, disse verkt\u00f8yene kan brukes til \u00e5 lage engasjerende bilder til kampanjer i sosiale medier.<\/li>\n<\/ol>","protected":false},"excerpt":{"rendered":"<p>How to use the Free Pixar AI Generator *&nbsp;Depending on your internet speed, loading the model may take a few seconds.* There will be caching during continuous generation, and the new image will appear after about 3 seconds. Example Input Introduction of Free Pixar AI Generator What is a Free Pixar AI Generator? A Free &#8230; <a title=\"Gratis Pixar AI-generator\" class=\"read-more\" href=\"https:\/\/aiartfree.online\/nb\/gratis-pixar-ai-generator\/\" aria-label=\"Read more about Free Pixar AI Generator\">Les mer<\/a><\/p>","protected":false},"author":1,"featured_media":0,"parent":0,"menu_order":0,"comment_status":"open","ping_status":"closed","template":"","meta":{"nf_dc_page":"","footnotes":""},"class_list":["post-2853","page","type-page","status-publish"],"jetpack_sharing_enabled":true,"_links":{"self":[{"href":"https:\/\/aiartfree.online\/nb\/wp-json\/wp\/v2\/pages\/2853","targetHints":{"allow":["GET"]}}],"collection":[{"href":"https:\/\/aiartfree.online\/nb\/wp-json\/wp\/v2\/pages"}],"about":[{"href":"https:\/\/aiartfree.online\/nb\/wp-json\/wp\/v2\/types\/page"}],"author":[{"embeddable":true,"href":"https:\/\/aiartfree.online\/nb\/wp-json\/wp\/v2\/users\/1"}],"replies":[{"embeddable":true,"href":"https:\/\/aiartfree.online\/nb\/wp-json\/wp\/v2\/comments?post=2853"}],"version-history":[{"count":0,"href":"https:\/\/aiartfree.online\/nb\/wp-json\/wp\/v2\/pages\/2853\/revisions"}],"wp:attachment":[{"href":"https:\/\/aiartfree.online\/nb\/wp-json\/wp\/v2\/media?parent=2853"}],"curies":[{"name":"wp","href":"https:\/\/api.w.org\/{rel}","templated":true}]}}