{"id":2802,"date":"2021-05-30T14:08:16","date_gmt":"2021-05-30T13:08:16","guid":{"rendered":"https:\/\/gp-inbound.wordifysites.com\/?page_id=3"},"modified":"2024-07-20T10:53:09","modified_gmt":"2024-07-20T10:53:09","slug":"privacy-policy-for-free-ai-art-generator","status":"publish","type":"page","link":"https:\/\/aiartfree.online\/nb\/personvernerklaering-for-gratis-ai-art-generator\/","title":{"rendered":"Retningslinjer for personvern for FREE AI ART GENERATOR"},"content":{"rendered":"<p class=\"\">Sist oppdatert: 18. juli 2024<\/p>\n\n\n\n<p class=\"\">Denne personvernerkl\u00e6ringen beskriver v\u00e5re retningslinjer og prosedyrer for innsamling, bruk og utlevering av informasjonen din n\u00e5r du bruker tjenesten, og forteller deg om dine personvernrettigheter og hvordan loven beskytter deg.<\/p>\n\n\n\n<p class=\"\">Vi bruker dine personopplysninger til \u00e5 levere og forbedre Tjenesten. Ved \u00e5 bruke Tjenesten samtykker du til innsamling og bruk av informasjon i samsvar med denne personvernerkl\u00e6ringen. <\/p>\n\n\n\n<h2 class=\"wp-block-heading\">Tolkning og definisjoner<\/h2>\n\n\n\n<h3 class=\"wp-block-heading\">Tolkning<\/h3>\n\n\n\n<p class=\"\">Ordene med stor forbokstav har betydninger som er definert under f\u00f8lgende betingelser. F\u00f8lgende definisjoner skal ha samme betydning uansett om de forekommer i entall eller flertall.<\/p>\n\n\n\n<h3 class=\"wp-block-heading\">Definisjoner<\/h3>\n\n\n\n<p class=\"\">I forbindelse med denne personvernerkl\u00e6ringen:<\/p>\n\n\n\n<ul class=\"wp-block-list\">\n<li class=\"\"><strong>Konto<\/strong>&nbsp;betyr en unik konto som er opprettet for deg for \u00e5 f\u00e5 tilgang til v\u00e5r Tjeneste eller deler av v\u00e5r Tjeneste.<\/li>\n\n\n\n<li class=\"\"><strong>Tilknyttet selskap<\/strong>&nbsp;betyr en enhet som kontrollerer, kontrolleres av eller er under felles kontroll med en part, der \"kontroll\" betyr eierskap av 50% eller mer av aksjene, eierandelene eller andre verdipapirer som gir rett til \u00e5 stemme ved valg av styremedlemmer eller annen forvaltningsmyndighet.<\/li>\n\n\n\n<li class=\"\"><strong>Selskap<\/strong>&nbsp;(referert til som enten \"selskapet\", \"vi\", \"oss\" eller \"v\u00e5r\" i denne avtalen) refererer til FREE AI ART GENERATOR.<\/li>\n\n\n\n<li class=\"\"><strong>Informasjonskapsler<\/strong>&nbsp;er sm\u00e5 filer som plasseres p\u00e5 datamaskinen, mobilenheten eller en annen enhet av et nettsted, og som blant annet inneholder informasjon om nettleserhistorikken din p\u00e5 det aktuelle nettstedet.<\/li>\n\n\n\n<li class=\"\"><strong>Land<\/strong>&nbsp;refererer til: New York, USA<\/li>\n\n\n\n<li class=\"\"><strong>Enhet<\/strong>&nbsp;betyr enhver enhet som kan f\u00e5 tilgang til Tjenesten, for eksempel en datamaskin, en mobiltelefon eller et digitalt nettbrett.<\/li>\n\n\n\n<li class=\"\"><strong>Personopplysninger<\/strong>&nbsp;er all informasjon som er knyttet til en identifisert eller identifiserbar person.<\/li>\n\n\n\n<li class=\"\"><strong>Service<\/strong>&nbsp;refererer til nettstedet.<\/li>\n\n\n\n<li class=\"\"><strong>Tjenesteleverand\u00f8r<\/strong>&nbsp;betyr enhver fysisk eller juridisk person som behandler dataene p\u00e5 vegne av selskapet. Det refererer til tredjepartsselskaper eller enkeltpersoner som er ansatt av selskapet for \u00e5 legge til rette for tjenesten, for \u00e5 levere tjenesten p\u00e5 vegne av selskapet, for \u00e5 utf\u00f8re tjenester relatert til tjenesten eller for \u00e5 hjelpe selskapet med \u00e5 analysere hvordan tjenesten brukes.<\/li>\n\n\n\n<li class=\"\"><strong>Bruksdata<\/strong>&nbsp;refererer til data som samles inn automatisk, enten generert ved bruk av tjenesten eller fra selve tjenesteinfrastrukturen (for eksempel varigheten av et sidebes\u00f8k).<\/li>\n\n\n\n<li class=\"\"><strong>Nettsted<\/strong>&nbsp;refererer til FREE AI ART GENERATOR, tilgjengelig fra&nbsp;<a href=\"https:\/\/aiartfree.online\/nb\/\" target=\"_blank\" rel=\"noreferrer noopener\">https:\/\/aiartfree.online\/<\/a><\/li>\n\n\n\n<li class=\"\"><strong>Du<\/strong>&nbsp;betyr den personen som f\u00e5r tilgang til eller bruker Tjenesten, eller selskapet eller annen juridisk enhet p\u00e5 vegne av hvilken en slik person f\u00e5r tilgang til eller bruker Tjenesten, alt etter hva som er aktuelt.<\/li>\n<\/ul>\n\n\n\n<h2 class=\"wp-block-heading\">Innsamling og bruk av personopplysningene dine<\/h2>\n\n\n\n<h3 class=\"wp-block-heading\">Typer data som samles inn<\/h3>\n\n\n\n<h4 class=\"wp-block-heading\">Personopplysninger<\/h4>\n\n\n\n<p class=\"\">N\u00e5r du bruker tjenesten v\u00e5r, kan vi be deg om \u00e5 gi oss visse personopplysninger som kan brukes til \u00e5 kontakte eller identifisere deg. Personlig identifiserbar informasjon kan omfatte, men er ikke begrenset til:<\/p>\n\n\n\n<ul class=\"wp-block-list\">\n<li class=\"\">E-postadresse<\/li>\n\n\n\n<li class=\"\">Bruksdata<\/li>\n<\/ul>\n\n\n\n<h4 class=\"wp-block-heading\">Bruksdata<\/h4>\n\n\n\n<p class=\"\">Bruksdata samles inn automatisk n\u00e5r du bruker tjenesten.<\/p>\n\n\n\n<p class=\"\">Bruksdata kan omfatte informasjon som enhetens IP-adresse (f.eks. IP-adresse), nettlesertype, nettleserversjon, sidene i tjenesten v\u00e5r som du bes\u00f8ker, klokkeslett og dato for bes\u00f8ket, tiden du bruker p\u00e5 disse sidene, unike enhetsidentifikatorer og andre diagnostiske data.<\/p>\n\n\n\n<p class=\"\">N\u00e5r du f\u00e5r tilgang til tjenesten med eller via en mobil enhet, kan vi samle inn visse opplysninger automatisk, inkludert, men ikke begrenset til, hvilken type mobil enhet du bruker, den unike ID-en til din mobile enhet, IP-adressen til din mobile enhet, ditt mobile operativsystem, hvilken type mobil nettleser du bruker, unike enhetsidentifikatorer og andre diagnostiske data.<\/p>\n\n\n\n<p class=\"\">Vi kan ogs\u00e5 samle inn informasjon som nettleseren din sender n\u00e5r du bes\u00f8ker tjenesten v\u00e5r, eller n\u00e5r du f\u00e5r tilgang til tjenesten med eller via en mobil enhet.<\/p>\n\n\n\n<h4 class=\"wp-block-heading\">Sporingsteknologi og informasjonskapsler<\/h4>\n\n\n\n<p class=\"\">Vi bruker informasjonskapsler og lignende sporingsteknologier for \u00e5 spore aktiviteten p\u00e5 Tjenesten v\u00e5r og lagre visse opplysninger. Sporingsteknologier som brukes er beacons, tagger og skript for \u00e5 samle inn og spore informasjon og for \u00e5 forbedre og analysere tjenesten v\u00e5r. Teknologiene vi bruker kan omfatte:<\/p>\n\n\n\n<ul class=\"wp-block-list\">\n<li class=\"\"><strong>Informasjonskapsler eller nettleserinformasjonskapsler.<\/strong>&nbsp;En informasjonskapsel er en liten fil som plasseres p\u00e5 enheten din. Du kan instruere nettleseren din til \u00e5 nekte alle informasjonskapsler eller til \u00e5 indikere n\u00e5r en informasjonskapsel blir sendt. Hvis du ikke godtar informasjonskapsler, kan det imidlertid hende at du ikke kan bruke enkelte deler av tjenesten v\u00e5r. Med mindre du har justert innstillingene i nettleseren din slik at den nekter informasjonskapsler, kan tjenesten v\u00e5r bruke informasjonskapsler.<\/li>\n\n\n\n<li class=\"\"><strong>Web Beacons.<\/strong>&nbsp;Enkelte deler av tjenesten og e-postene v\u00e5re kan inneholde sm\u00e5 elektroniske filer som kalles web beacons (ogs\u00e5 kalt clear gifs, pixel tags og single-pixel gifs) som gj\u00f8r det mulig for selskapet for eksempel \u00e5 telle brukere som har bes\u00f8kt disse sidene eller \u00e5pnet en e-post, og for annen relatert nettstedsstatistikk (for eksempel registrering av populariteten til en bestemt seksjon og verifisering av system- og serverintegritet).<\/li>\n<\/ul>\n\n\n\n<p class=\"\">Informasjonskapsler kan v\u00e6re \"vedvarende\" eller \"sesjonsbaserte\". Vedvarende informasjonskapsler forblir p\u00e5 datamaskinen eller mobilenheten din n\u00e5r du g\u00e5r offline, mens \u00f8ktinformasjonskapsler slettes s\u00e5 snart du lukker nettleseren din.<\/p>\n\n\n\n<p class=\"\">Vi bruker b\u00e5de \u00f8kt- og faste informasjonskapsler for de form\u00e5lene som er beskrevet nedenfor:<\/p>\n\n\n\n<ul class=\"wp-block-list\">\n<li class=\"\"><strong>N\u00f8dvendige\/essensielle informasjonskapsler<\/strong>Type: \u00d8ktinformasjonskapslerAdministrert av: OssForm\u00e5l: Disse informasjonskapslene er avgj\u00f8rende for \u00e5 kunne tilby deg tjenester som er tilgjengelige via nettstedet, og for at du skal kunne bruke noen av funksjonene. De bidrar til \u00e5 autentisere brukere og forhindre uredelig bruk av brukerkontoer. Uten disse informasjonskapslene kan ikke tjenestene du har bedt om, leveres, og vi bruker disse informasjonskapslene kun for \u00e5 kunne levere disse tjenestene til deg.<\/li>\n\n\n\n<li class=\"\"><strong>Retningslinjer for informasjonskapsler \/ Merknad Aksept av informasjonskapsler<\/strong>Type: Vedvarende informasjonskapslerAdministrert av: OssForm\u00e5l: Disse informasjonskapslene identifiserer om brukerne har godtatt bruk av informasjonskapsler p\u00e5 nettstedet.<\/li>\n\n\n\n<li class=\"\"><strong>Informasjonskapsler for funksjonalitet<\/strong>Type: Permanente informasjonskapslerAdministrert av: OssForm\u00e5l: Disse informasjonskapslene gj\u00f8r det mulig for oss \u00e5 huske valgene du gj\u00f8r n\u00e5r du bruker nettstedet, for eksempel \u00e5 huske p\u00e5loggingsinformasjonen din eller spr\u00e5kpreferanser. Form\u00e5let med disse informasjonskapslene er \u00e5 gi deg en mer personlig opplevelse og \u00e5 unng\u00e5 at du m\u00e5 angi preferansene dine p\u00e5 nytt hver gang du bruker nettstedet.<\/li>\n<\/ul>\n\n\n\n<p class=\"\">Hvis du vil ha mer informasjon om informasjonskapslene vi bruker og valgene dine n\u00e5r det gjelder informasjonskapsler, kan du g\u00e5 til v\u00e5re retningslinjer for informasjonskapsler eller avsnittet om informasjonskapsler i personvernerkl\u00e6ringen v\u00e5r.<\/p>\n\n\n\n<h3 class=\"wp-block-heading\">Bruk av personopplysningene dine<\/h3>\n\n\n\n<p class=\"\">Selskapet kan bruke Personopplysninger til f\u00f8lgende form\u00e5l:<\/p>\n\n\n\n<ul class=\"wp-block-list\">\n<li class=\"\"><strong>For \u00e5 levere og vedlikeholde tjenesten v\u00e5r<\/strong>, inkludert for \u00e5 overv\u00e5ke bruken av tjenesten v\u00e5r.<\/li>\n\n\n\n<li class=\"\"><strong>For \u00e5 administrere kontoen din:<\/strong>&nbsp;for \u00e5 administrere din registrering som bruker av Tjenesten. Personopplysningene du oppgir kan gi deg tilgang til ulike funksjoner i Tjenesten som er tilgjengelige for deg som registrert bruker.<\/li>\n\n\n\n<li class=\"\"><strong>For oppfyllelse av en kontrakt:<\/strong>&nbsp;utvikling, overholdelse og gjennomf\u00f8ring av kj\u00f8pekontrakten for produktene, varene eller tjenestene du har kj\u00f8pt eller av enhver annen kontrakt med oss gjennom Tjenesten.<\/li>\n\n\n\n<li class=\"\"><strong>For \u00e5 kontakte deg:<\/strong>&nbsp;For \u00e5 kontakte deg via e-post, telefonsamtaler, SMS eller andre tilsvarende former for elektronisk kommunikasjon, for eksempel push-varsler i en mobilapplikasjon om oppdateringer eller informativ kommunikasjon knyttet til funksjonalitet, produkter eller avtalte tjenester, inkludert sikkerhetsoppdateringer, n\u00e5r det er n\u00f8dvendig eller rimelig for implementeringen av disse.<\/li>\n\n\n\n<li class=\"\"><strong>For \u00e5 gi deg<\/strong>&nbsp;med nyheter, spesialtilbud og generell informasjon om andre varer, tjenester og arrangementer som vi tilbyr, og som ligner p\u00e5 dem du allerede har kj\u00f8pt eller forespurt om, med mindre du har valgt \u00e5 ikke motta slik informasjon.<\/li>\n\n\n\n<li class=\"\"><strong>For \u00e5 administrere dine foresp\u00f8rsler:<\/strong>&nbsp;For \u00e5 behandle og administrere dine foresp\u00f8rsler til oss.<\/li>\n\n\n\n<li class=\"\"><strong>For virksomhetsoverdragelser:<\/strong>&nbsp;Vi kan bruke informasjonen din til \u00e5 evaluere eller gjennomf\u00f8re en fusjon, frasalg, restrukturering, omorganisering, oppl\u00f8sning eller annet salg eller overf\u00f8ring av noen av eller alle v\u00e5re eiendeler, enten som en fortsatt drift eller som en del av en konkurs, avvikling eller lignende prosedyre, der personopplysninger som vi har om v\u00e5re tjenestebrukere, er blant de overf\u00f8rte eiendelene.<\/li>\n\n\n\n<li class=\"\"><strong>For andre form\u00e5l<\/strong>: Vi kan bruke informasjonen din til andre form\u00e5l, for eksempel dataanalyse, identifisering av brukstrender, bestemmelse av effektiviteten av v\u00e5re reklamekampanjer og for \u00e5 evaluere og forbedre v\u00e5r tjeneste, produkter, tjenester, markedsf\u00f8ring og din opplevelse.<\/li>\n<\/ul>\n\n\n\n<p class=\"\">Vi kan dele personopplysningene dine i f\u00f8lgende situasjoner:<\/p>\n\n\n\n<ul class=\"wp-block-list\">\n<li class=\"\"><strong>Med tjenesteleverand\u00f8rer:<\/strong>&nbsp;Vi kan dele dine personopplysninger med tjenesteleverand\u00f8rer for \u00e5 overv\u00e5ke og analysere bruken av tjenesten v\u00e5r, og for \u00e5 kontakte deg.<\/li>\n\n\n\n<li class=\"\"><strong>For virksomhetsoverdragelser:<\/strong>&nbsp;Vi kan dele eller overf\u00f8re personopplysningene dine i forbindelse med, eller under forhandlinger om, fusjon, salg av selskapets eiendeler, finansiering eller oppkj\u00f8p av hele eller deler av virksomheten v\u00e5r til et annet selskap.<\/li>\n\n\n\n<li class=\"\"><strong>Med tilknyttede selskaper:<\/strong>&nbsp;Vi kan dele informasjonen din med v\u00e5re tilknyttede selskaper, og i s\u00e5 fall vil vi kreve at disse tilknyttede selskapene overholder denne personvernerkl\u00e6ringen. Tilknyttede selskaper inkluderer v\u00e5rt morselskap og eventuelle andre datterselskaper, joint venture-partnere eller andre selskaper som vi kontrollerer eller som er under felles kontroll med oss.<\/li>\n\n\n\n<li class=\"\"><strong>Med forretningspartnere:<\/strong>&nbsp;Vi kan dele informasjonen din med v\u00e5re forretningspartnere for \u00e5 tilby deg visse produkter, tjenester eller kampanjer.<\/li>\n\n\n\n<li class=\"\"><strong>Med andre brukere:<\/strong>&nbsp;n\u00e5r du deler personlig informasjon eller p\u00e5 annen m\u00e5te samhandler i de offentlige omr\u00e5dene med andre brukere, kan slik informasjon bli sett av alle brukere og kan bli distribuert offentlig utenfor.<\/li>\n\n\n\n<li class=\"\"><strong>Med ditt samtykke<\/strong>: Vi kan utlevere personopplysningene dine til andre form\u00e5l med ditt samtykke.<\/li>\n<\/ul>\n\n\n\n<h3 class=\"wp-block-heading\">Oppbevaring av personopplysningene dine<\/h3>\n\n\n\n<p class=\"\">Selskapet vil kun oppbevare personopplysningene dine s\u00e5 lenge det er n\u00f8dvendig for de form\u00e5lene som er angitt i denne personvernerkl\u00e6ringen. Vi vil oppbevare og bruke personopplysningene dine i den grad det er n\u00f8dvendig for \u00e5 overholde v\u00e5re juridiske forpliktelser (for eksempel hvis vi er p\u00e5lagt \u00e5 oppbevare opplysningene dine for \u00e5 overholde gjeldende lover), l\u00f8se tvister og h\u00e5ndheve v\u00e5re juridiske avtaler og retningslinjer.<\/p>\n\n\n\n<p class=\"\">Selskapet vil ogs\u00e5 beholde bruksdata for interne analyseform\u00e5l. Bruksdata oppbevares vanligvis i en kortere periode, bortsett fra n\u00e5r disse dataene brukes til \u00e5 styrke sikkerheten eller forbedre funksjonaliteten til tjenesten v\u00e5r, eller vi er juridisk forpliktet til \u00e5 beholde disse dataene i lengre tidsperioder.<\/p>\n\n\n\n<h3 class=\"wp-block-heading\">Overf\u00f8ring av personopplysningene dine<\/h3>\n\n\n\n<p class=\"\">Din informasjon, inkludert personopplysninger, behandles p\u00e5 selskapets driftskontorer og p\u00e5 andre steder der partene som er involvert i behandlingen befinner seg. Det betyr at denne informasjonen kan overf\u00f8res til - og vedlikeholdes p\u00e5 - datamaskiner som befinner seg utenfor din stat, provins, land eller annen statlig jurisdiksjon der personvernlovene kan avvike fra dem som gjelder i din jurisdiksjon.<\/p>\n\n\n\n<p class=\"\">Ditt samtykke til denne personvernerkl\u00e6ringen etterfulgt av din innsending av slik informasjon representerer ditt samtykke til denne overf\u00f8ringen.<\/p>\n\n\n\n<p class=\"\">Selskapet vil ta alle n\u00f8dvendige skritt for \u00e5 sikre at dine data behandles sikkert og i samsvar med denne personvernerkl\u00e6ringen, og ingen overf\u00f8ring av dine personopplysninger vil finne sted til en organisasjon eller et land med mindre det er tilstrekkelige kontroller p\u00e5 plass, inkludert sikkerheten til dine data og annen personlig informasjon.<\/p>\n\n\n\n<h3 class=\"wp-block-heading\">Slett personopplysningene dine<\/h3>\n\n\n\n<p class=\"\">Du har rett til \u00e5 slette eller be om at vi hjelper deg med \u00e5 slette personopplysningene vi har samlet inn om deg.<\/p>\n\n\n\n<p class=\"\">Tjenesten v\u00e5r kan gi deg muligheten til \u00e5 slette visse opplysninger om deg fra tjenesten.<\/p>\n\n\n\n<p class=\"\">Du kan n\u00e5r som helst oppdatere, endre eller slette informasjonen din ved \u00e5 logge deg p\u00e5 kontoen din, hvis du har en, og g\u00e5 til delen for kontoinnstillinger som lar deg administrere personopplysningene dine. Du kan ogs\u00e5 kontakte oss for \u00e5 be om tilgang til, korrigere eller slette personopplysninger som du har oppgitt til oss.<\/p>\n\n\n\n<p class=\"\">V\u00e6r imidlertid oppmerksom p\u00e5 at vi kan ha behov for \u00e5 oppbevare visse opplysninger n\u00e5r vi har en rettslig forpliktelse eller et lovlig grunnlag for \u00e5 gj\u00f8re det.<\/p>\n\n\n\n<h3 class=\"wp-block-heading\">Utlevering av personopplysningene dine<\/h3>\n\n\n\n<h4 class=\"wp-block-heading\">Forretningstransaksjoner<\/h4>\n\n\n\n<p class=\"\">Hvis selskapet er involvert i en fusjon, et oppkj\u00f8p eller salg av eiendeler, kan personopplysningene dine bli overf\u00f8rt. Vi vil varsle deg f\u00f8r personopplysningene dine overf\u00f8res og blir underlagt en annen personvernerkl\u00e6ring.<\/p>\n\n\n\n<h4 class=\"wp-block-heading\">Rettsh\u00e5ndhevelse<\/h4>\n\n\n\n<p class=\"\">Under visse omstendigheter kan selskapet v\u00e6re p\u00e5lagt \u00e5 utlevere personopplysningene dine hvis det kreves ved lov eller som svar p\u00e5 gyldige foresp\u00f8rsler fra offentlige myndigheter (f.eks. en domstol eller et myndighetsorgan).<\/p>\n\n\n\n<h4 class=\"wp-block-heading\">Andre juridiske krav<\/h4>\n\n\n\n<p class=\"\">Selskapet kan utlevere dine personopplysninger i god tro om at en slik handling er n\u00f8dvendig for \u00e5:<\/p>\n\n\n\n<ul class=\"wp-block-list\">\n<li class=\"\">Oppfylle en juridisk forpliktelse<\/li>\n\n\n\n<li class=\"\">beskytte og forsvare selskapets rettigheter eller eiendom<\/li>\n\n\n\n<li class=\"\">Forebygge eller etterforske mulige lovbrudd i forbindelse med Tjenesten<\/li>\n\n\n\n<li class=\"\">Beskytte den personlige sikkerheten til brukere av tjenesten eller offentligheten<\/li>\n\n\n\n<li class=\"\">Beskytte mot juridisk ansvar<\/li>\n<\/ul>\n\n\n\n<h3 class=\"wp-block-heading\">Sikkerhet for personopplysningene dine<\/h3>\n\n\n\n<p class=\"\">Sikkerheten til dine personopplysninger er viktig for oss, men husk at ingen metode for overf\u00f8ring over Internett eller metode for elektronisk lagring er 100% sikker. Selv om vi bestreber oss p\u00e5 \u00e5 bruke kommersielt akseptable metoder for \u00e5 beskytte personopplysningene dine, kan vi ikke garantere absolutt sikkerhet.<\/p>\n\n\n\n<h2 class=\"wp-block-heading\">Barns personvern<\/h2>\n\n\n\n<p class=\"\">Tjenesten v\u00e5r henvender seg ikke til personer under 13 \u00e5r. Vi samler ikke bevisst inn personlig identifiserbar informasjon fra personer under 13 \u00e5r. Hvis du er forelder eller foresatt og du er klar over at barnet ditt har gitt oss personopplysninger, ber vi deg kontakte oss. Hvis vi blir oppmerksomme p\u00e5 at vi har samlet inn personopplysninger fra noen under 13 \u00e5r uten verifisering av foreldrenes samtykke, tar vi skritt for \u00e5 fjerne denne informasjonen fra serverne v\u00e5re.<\/p>\n\n\n\n<p class=\"\">Hvis vi m\u00e5 basere oss p\u00e5 samtykke som juridisk grunnlag for \u00e5 behandle opplysningene dine, og landet ditt krever samtykke fra en forelder, kan vi kreve samtykke fra foreldrene dine f\u00f8r vi samler inn og bruker opplysningene.<\/p>\n\n\n\n<h2 class=\"wp-block-heading\">Lenker til andre nettsteder<\/h2>\n\n\n\n<p class=\"\">Tjenesten v\u00e5r kan inneholde lenker til andre nettsteder som ikke drives av oss. Hvis du klikker p\u00e5 en tredjepartslenke, vil du bli sendt til den tredjepartens nettsted. Vi anbefaler deg p\u00e5 det sterkeste \u00e5 lese gjennom personvernerkl\u00e6ringen for hvert nettsted du bes\u00f8ker.<\/p>\n\n\n\n<p class=\"\">Vi har ingen kontroll over og p\u00e5tar oss ikke noe ansvar for innholdet, personvernerkl\u00e6ringene eller praksisen til tredjeparts nettsteder eller tjenester.<\/p>\n\n\n\n<h2 class=\"wp-block-heading\">Endringer i denne personvernerkl\u00e6ringen<\/h2>\n\n\n\n<p class=\"\">Vi kan oppdatere personvernerkl\u00e6ringen v\u00e5r fra tid til annen. Vi vil varsle deg om eventuelle endringer ved \u00e5 legge ut den nye personvernerkl\u00e6ringen p\u00e5 denne siden.<\/p>\n\n\n\n<p class=\"\">Vi vil gi deg beskjed via e-post og\/eller et fremtredende varsel p\u00e5 tjenesten v\u00e5r f\u00f8r endringen trer i kraft, og vi vil oppdatere datoen for \"Sist oppdatert\" \u00f8verst i denne personvernerkl\u00e6ringen.<\/p>\n\n\n\n<p class=\"\">Vi anbefaler at du leser gjennom denne personvernerkl\u00e6ringen med jevne mellomrom for \u00e5 se etter eventuelle endringer. Endringer i denne personvernerkl\u00e6ringen trer i kraft n\u00e5r de legges ut p\u00e5 denne siden.<\/p>\n\n\n\n<h2 class=\"wp-block-heading\">Kontakt oss<\/h2>\n\n\n\n<p class=\"\">Hvis du har sp\u00f8rsm\u00e5l om denne personvernerkl\u00e6ringen, kan du <a href=\"https:\/\/aiartfree.online\/nb\/kontakt-gratis-ai-art-generator\/\">kontakt oss<\/a>:<\/p>\n\n\n\n<ul class=\"wp-block-list\">\n<li class=\"\">Ved \u00e5 bes\u00f8ke denne siden p\u00e5 nettstedet v\u00e5rt:\u00a0<a href=\"https:\/\/aiartfree.online\/nb\/contact\/\" target=\"_blank\" rel=\"noreferrer noopener\">https:\/\/aiartfree.online\/contact-free-ai-art-generator<\/a><\/li>\n<\/ul>","protected":false},"excerpt":{"rendered":"<p>Last updated: July 18, 2024 This Privacy Policy describes Our policies and procedures on the collection, use and disclosure of Your information when You use the Service and tells You about Your privacy rights and how the law protects You. We use Your Personal data to provide and improve the Service. By using the Service, &#8230; <a title=\"Retningslinjer for personvern for FREE AI ART GENERATOR\" class=\"read-more\" href=\"https:\/\/aiartfree.online\/nb\/personvernerklaering-for-gratis-ai-art-generator\/\" aria-label=\"Read more about Privacy Policy for FREE AI ART GENERATOR\">Les mer<\/a><\/p>","protected":false},"author":1,"featured_media":1194,"parent":0,"menu_order":0,"comment_status":"open","ping_status":"closed","template":"","meta":{"nf_dc_page":"","footnotes":""},"class_list":["post-2802","page","type-page","status-publish","has-post-thumbnail"],"jetpack_sharing_enabled":true,"_links":{"self":[{"href":"https:\/\/aiartfree.online\/nb\/wp-json\/wp\/v2\/pages\/2802","targetHints":{"allow":["GET"]}}],"collection":[{"href":"https:\/\/aiartfree.online\/nb\/wp-json\/wp\/v2\/pages"}],"about":[{"href":"https:\/\/aiartfree.online\/nb\/wp-json\/wp\/v2\/types\/page"}],"author":[{"embeddable":true,"href":"https:\/\/aiartfree.online\/nb\/wp-json\/wp\/v2\/users\/1"}],"replies":[{"embeddable":true,"href":"https:\/\/aiartfree.online\/nb\/wp-json\/wp\/v2\/comments?post=2802"}],"version-history":[{"count":0,"href":"https:\/\/aiartfree.online\/nb\/wp-json\/wp\/v2\/pages\/2802\/revisions"}],"wp:featuredmedia":[{"embeddable":true,"href":"https:\/\/aiartfree.online\/nb\/wp-json\/wp\/v2\/media\/1194"}],"wp:attachment":[{"href":"https:\/\/aiartfree.online\/nb\/wp-json\/wp\/v2\/media?parent=2802"}],"curies":[{"name":"wp","href":"https:\/\/api.w.org\/{rel}","templated":true}]}}