{"id":3558,"date":"2024-08-05T07:35:25","date_gmt":"2024-08-05T07:35:25","guid":{"rendered":"https:\/\/aiartfree.online\/?page_id=3558"},"modified":"2024-08-16T10:09:07","modified_gmt":"2024-08-16T10:09:07","slug":"flux-ai-image-generator-flux1","status":"publish","type":"page","link":"https:\/\/aiartfree.online\/it\/generatore-di-immagini-flux-ai-flux1\/","title":{"rendered":"Generatore di immagini AI di Flux | Alimentato da Flux.1"},"content":{"rendered":"<h2 class=\"wp-block-heading has-text-align-center\">Galleria del flusso.1<\/h2>\n\n\n\n<figure class=\"gb-block-image gb-block-image-1822da1f\"><img data-recalc-dims=\"1\" decoding=\"async\" loading=\"lazy\" width=\"1024\" height=\"725\" class=\"gb-image gb-image-1822da1f\" src=\"https:\/\/i0.wp.com\/aiartfree.online\/wp-content\/uploads\/2024\/08\/WX20240803-154751%402x-1024x725.webp?resize=1024%2C725&#038;ssl=1\" alt=\"Flux AI Image Generator di Black Forest Labs, con i modelli Flux.1, Flux.1 Pro, Flux.1 Dev e Flux.1 Schnell. Illimitato, di alta qualit\u00e0, gratuito, senza registrazione.\" title=\"WX20240803-154751@2x\" srcset=\"https:\/\/i0.wp.com\/aiartfree.online\/wp-content\/uploads\/2024\/08\/WX20240803-154751%402x.jpg?resize=1024%2C725&amp;ssl=1 1024w, https:\/\/i0.wp.com\/aiartfree.online\/wp-content\/uploads\/2024\/08\/WX20240803-154751%402x.jpg?resize=300%2C212&amp;ssl=1 300w, https:\/\/i0.wp.com\/aiartfree.online\/wp-content\/uploads\/2024\/08\/WX20240803-154751%402x.jpg?resize=768%2C544&amp;ssl=1 768w, https:\/\/i0.wp.com\/aiartfree.online\/wp-content\/uploads\/2024\/08\/WX20240803-154751%402x.jpg?resize=1536%2C1087&amp;ssl=1 1536w, https:\/\/i0.wp.com\/aiartfree.online\/wp-content\/uploads\/2024\/08\/WX20240803-154751%402x.jpg?resize=18%2C12&amp;ssl=1 18w, https:\/\/i0.wp.com\/aiartfree.online\/wp-content\/uploads\/2024\/08\/WX20240803-154751%402x.jpg?resize=600%2C425&amp;ssl=1 600w, https:\/\/i0.wp.com\/aiartfree.online\/wp-content\/uploads\/2024\/08\/WX20240803-154751%402x.jpg?w=2046&amp;ssl=1 2046w\" sizes=\"auto, (max-width: 1024px) 100vw, 1024px\" \/><\/figure>\n\n\n\n<h2 class=\"wp-block-heading\">Come usare il generatore di immagini Flux AI<\/h2>\n\n\n\n<ol class=\"wp-block-list\">\n<li class=\"\">Immettere la richiesta<\/li>\n\n\n\n<li class=\"\">Fare clic su \"Invia\".<\/li>\n\n\n\n<li class=\"\">Aspetta, \u00e8 cos\u00ec!<\/li>\n<\/ol>\n\n\n\n<p class=\"\">* Scorri verso il basso per controllare i nostri esempi di prompt qui sotto se non hai alcun pensiero in mente.<\/p>\n\n\n\n<p class=\"\"><em>* Se si utilizza questo modello in modo intensivo per un breve periodo, \u00e8 possibile che si verifichi una carenza di risorse della GPU. Attendere qualche minuto prima di riprendere l'uso.<\/em><br>* Pu\u00f2 restituire un errore se si tratta di un picco di utilizzo.&nbsp;<em>Attendere qualche minuto prima di riprendere l'uso.<\/em><\/p>\n\n\n\n<p class=\"\"><em>* A seconda della velocit\u00e0 di internet, il caricamento del modello pu\u00f2 richiedere&nbsp;<\/em>fino a 10 secondi \u2193<\/p>\n\n\n\n<div class=\"iframe-wrapper\" style=\"position: relative; width: 100%; height: 700px;\">\n  <div class=\"loading\" style=\"position: absolute; top: 50px; left: 50%; transform: translate(-50%, -50%); width: 40px; height: 40px; border: 3px solid #f0f0f0; border-top: 3px solid #db7093; border-radius: 50%; animation: spin 1s linear infinite;\"><\/div>\n  <iframe loading=\"lazy\" src=\"https:\/\/rooc-flux-1-dev.hf.space\" frameborder=\"0\" width=\"100%\" height=\"100%\" style=\"position: absolute; top: 0; left: 0; opacity: 0; transition: opacity 0.3s;\" onload=\"this.style.opacity=1;this.previousElementSibling.style.display='none';\"><\/iframe>\n<\/div>\n\n<style>\n@keyframes spin {\n  0% { transform: translate(-50%, -50%) rotate(0deg); }\n  100% { transform: translate(-50%, -50%) rotate(360deg); }\n}\n<\/style>\n\n\n\n<h2 class=\"wp-block-heading\" id=\"maodian\">Esempi di flusso.1<\/h2>\n\n\n\n<p class=\"\">Copia e incolla mentre vai avanti!<\/p>\n\n\n\n<ol style=\"font-size:15px\" class=\"wp-block-list\">\n<li class=\"\">un portale in una foresta mitica sulla parete della mia piccola e disordinata camera da letto<\/li>\n\n\n\n<li class=\"\">rendering cinematografico dettagliato di un vecchio monitor CRT polveroso e dettagliato su una scrivania di legno in una stanza fioca con oggetti in giro, una stanza sporca e disordinata. Sullo schermo le lettere \"FLUX\" si illuminano dolcemente. Rendering di superfici dure ad alto dettaglio<\/li>\n\n\n\n<li class=\"\">Scena subacquea di due gufi seduti a un elegante tavolo da pranzo con una candela accesa al centro, i due gufi stanno consumando una bella cena insieme. Il gufo di sinistra indossa uno smoking, quello di destra un bel vestito. Sullo sfondo passa un sottomarino con la scritta \"What a Hoot\" dipinta sulla fiancata. Nella parte inferiore dell'immagine, sotto il tavolo, nuotano delle piccole meduse.<\/li>\n\n\n\n<li class=\"\">Una macchina che genera infinite immagini polaroid e le fa esplodere in aria. Foto realistica del National Geographic<\/li>\n\n\n\n<li class=\"\">Tipografia, tracciatura laser futuristica, Giappone futuristico rurale, natura itinerante e ceramica, steven meisel, kaws, rolf armstrong, mondrian, kandinsky, acrilico astratto geometria perfetta, pittura collage ad aerografo iperrealista ottantiana, monocromia scura, colori fluorescenti, regola dei terzi minimalista, eros anni ottanta<\/li>\n\n\n\n<li class=\"\">un vecchio pianoforte nel mio salotto<\/li>\n\n\n\n<li class=\"\">Fotografia di un fienile in un campo<\/li>\n\n\n\n<li class=\"\">bella opera d'arte anime, una simpatica catgirl anime che sembra depressa che tiene in mano un pezzo di carta con un sorriso disegnato sopra la bocca, sta per piangere<\/li>\n\n\n\n<li class=\"\">bell'opera d'arte anime, silhouette di una ragazza anime, doppia esposizione, galassia nebulare iridescente, sfondo nero, bagliore etereo, fioritura, hdr<\/li>\n\n\n\n<li class=\"\">automa astratto cromato degli anni '80 di hajime sorayama oggetto strage con aerografo, linea verticale singola, arte generativa, p5js, dithering<\/li>\n\n\n\n<li class=\"\">fotografia di un bellissimo caff\u00e8 a Friburgo<\/li>\n\n\n\n<li class=\"\">uno scienziato pazzo che costruisce un'enorme coda incredibile che dalla scrivania dell'ufficio arriva fino allo spazio dove tocca la luna<\/li>\n\n\n\n<li class=\"\">foto filmata di un gruppo di tre donne in una strada del centro, che tengono le mani alzate verso la macchina fotografica<\/li>\n\n\n\n<li class=\"\">Un cenote nascosto nel cuore di una giungla lussureggiante ci invita a immergerci in acque turchesi e cristalline. Vibranti rampicanti color smeraldo scendono a cascata lungo le pareti calcaree, i cui viticci baciano appena la superficie dell'acqua. I raggi di sole dorati penetrano attraverso un lucernario naturale, creando un mistico gioco di luci e ombre sulle pareti della caverna. Farfalle iridescenti volteggiano tra orchidee esotiche aggrappate ad affioramenti rocciosi. Una rovina Maya parzialmente sommersa, con le sue intricate incisioni ammorbidite dal tempo, \u00e8 una sentinella silenziosa a pelo d'acqua. Banchi di piccoli pesci argentati sfrecciano nelle profondit\u00e0 cristalline, con le loro squame che brillano come stelle sottomarine. All'estremit\u00e0 del cenote, una piccola cascata si getta melodiosamente nella piscina e la sua nebbia crea effimeri arcobaleni nella luce soffusa.<\/li>\n\n\n\n<li class=\"\">un piccolo astronauta che si schiude da un uovo sulla luna<\/li>\n\n\n\n<li class=\"\">ritratto di uomo anziano con occhiali, foto, 50 mm, f1,4, luce naturale, Path\u00e9chrome<\/li>\n\n\n\n<li class=\"\">bella opera d'arte anime, una ragazza anime carino in piedi da solo nel buio della notte che indossa un impermeabile nero oversize con una piccola borsa. lei \u00e8 in possesso di un ombrello nero, l'ombrello ha LED multicolori nascosti all'interno che brillano su di lei, piccoli petali di rosa svolazzano attraverso l'aria intorno a lei, stile anime screencap, occhi rossi, capelli medi<\/li>\n\n\n\n<li class=\"\">opera d'arte epica e cinematografica di un infinito centro commerciale galattico<\/li>\n\n\n\n<li class=\"\">automa astratto cromo scifi anni '80, aerografo<\/li>\n\n\n\n<li class=\"\">dipinto a olio a macchie spesse con pennellate di una grande balena che fluttua dolcemente nel cielo notturno sopra una citt\u00e0<\/li>\n<\/ol>\n\n\n\n<div style=\"height:100px\" aria-hidden=\"true\" class=\"wp-block-spacer\"><\/div>\n\n\n\n<h2 class=\"wp-block-heading\">Generatore di immagini AI Flux: La guida definitiva<\/h2>\n\n\n\n<p class=\"\">Flux AI Image Generator \u00e8 un innovativo modello di generazione da testo a immagine open-source progettato per creare immagini di alta qualit\u00e0 da descrizioni testuali. Questo strumento AI avanzato \u00e8 rinomato per la sua flessibilit\u00e0 e per la variet\u00e0 di stili di output che supporta.<\/p>\n\n\n\n<h3 class=\"wp-block-heading\">Introduzione<\/h3>\n\n\n\n<h4 class=\"wp-block-heading\">Che cos'\u00e8 il generatore di immagini Flux AI?<\/h4>\n\n\n\n<p class=\"\">Flux AI Image Generator \u00e8 un modello open-source progettato per trasformare il testo in immagini. Questo strumento \u00e8 molto versatile ed \u00e8 in grado di produrre immagini di alta qualit\u00e0 in una variet\u00e0 di stili. Essendo un progetto open-source, consente agli utenti di modificare e adattare il codice in base alle proprie esigenze, rendendolo una potente risorsa per sviluppatori e artisti.<\/p>\n\n\n\n<h4 class=\"wp-block-heading\">Background e sviluppatori<\/h4>\n\n\n\n<p class=\"\">Flux AI Image Generator \u00e8 sviluppato da Black Forest Labs, un'entit\u00e0 leader nel campo dell'AI nota per i suoi contributi all'intelligenza artificiale e all'apprendimento automatico. Lo sviluppo di Flux AI Image Generator \u00e8 strettamente legato ad altri progetti di rilievo come Stable Diffusion, che ne rafforzano ulteriormente la credibilit\u00e0 e le capacit\u00e0.<\/p>\n\n\n\n<h3 class=\"wp-block-heading\">Caratteristiche e specifiche<\/h3>\n\n\n\n<h4 class=\"wp-block-heading\">Specifiche tecniche<\/h4>\n\n\n\n<p class=\"\">Il modello Flux vanta ben 1,2 miliardi di parametri, che lo rendono uno strumento robusto per la generazione di immagini. \u00c8 disponibile in tre versioni: Flux Dev, Flux Schnell e Flux Pro, ognuna delle quali risponde alle diverse esigenze degli utenti e ai requisiti di prestazione.<\/p>\n\n\n\n<h4 class=\"wp-block-heading\">Caratteristiche principali<\/h4>\n\n\n\n<ul class=\"wp-block-list\">\n<li class=\"\"><strong>Generazione di immagini di alta qualit\u00e0<\/strong>: Flux AI Image Generator eccelle nella produzione di immagini dettagliate ed esteticamente gradevoli.<\/li>\n\n\n\n<li class=\"\"><strong>Versatilit\u00e0 negli stili di uscita<\/strong>: Gli utenti possono scegliere tra un'ampia gamma di stili, garantendo la flessibilit\u00e0 dei progetti creativi.<\/li>\n\n\n\n<li class=\"\"><strong>Confronto con i concorrenti<\/strong>: Rispetto ad altri generatori di immagini come Midjourney e DALL-E 3, Flux offre una flessibilit\u00e0 e una qualit\u00e0 superiori.<\/li>\n<\/ul>\n\n\n\n<h4 class=\"wp-block-heading\">Prestazioni e ottimizzazione<\/h4>\n\n\n\n<ul class=\"wp-block-list\">\n<li class=\"\"><strong>Generazione rapida di immagini<\/strong>: Flux \u00e8 ottimizzato per la velocit\u00e0, in grado di generare rapidamente immagini senza compromettere la qualit\u00e0.<\/li>\n\n\n\n<li class=\"\"><strong>Compatibilit\u00e0 hardware<\/strong>: Si adatta bene a diversi ambienti hardware, garantendo un funzionamento regolare su varie piattaforme.<\/li>\n\n\n\n<li class=\"\"><strong>Integrazione della piattaforma<\/strong>: Flux pu\u00f2 essere integrato con numerose piattaforme, il che lo rende uno strumento versatile per gli sviluppatori.<\/li>\n<\/ul>\n\n\n\n<h3 class=\"wp-block-heading\">Come utilizzare il generatore di immagini Flux AI<\/h3>\n\n\n\n<h4 class=\"wp-block-heading\">Per iniziare<\/h4>\n\n\n\n<ul class=\"wp-block-list\">\n<li class=\"\"><strong>Installazione e configurazione<\/strong>: La configurazione di Flux AI Image Generator prevede semplici passaggi di installazione e processi di configurazione.<\/li>\n\n\n\n<li class=\"\"><strong>Esercitazione sull'uso di base<\/strong>: Gli utenti possono seguire semplici esercitazioni per iniziare a generare rapidamente immagini.<\/li>\n<\/ul>\n\n\n\n<h4 class=\"wp-block-heading\">Caratteristiche avanzate<\/h4>\n\n\n\n<ul class=\"wp-block-list\">\n<li class=\"\"><strong>Tecniche avanzate<\/strong>: Per gli utenti pi\u00f9 esperti, Flux offre funzionalit\u00e0 avanzate e buone pratiche per massimizzare il suo potenziale.<\/li>\n\n\n\n<li class=\"\"><strong>Integrazione con altri strumenti<\/strong>: Flux pu\u00f2 essere combinato con altri strumenti e piattaforme, come ComfyUI, per migliorare le sue capacit\u00e0.<\/li>\n<\/ul>\n\n\n\n<h3 class=\"wp-block-heading\">Applicazioni pratiche<\/h3>\n\n\n\n<h4 class=\"wp-block-heading\">Casi d'uso<\/h4>\n\n\n\n<ul class=\"wp-block-list\">\n<li class=\"\"><strong>Design e pubblicit\u00e0<\/strong>: Flux \u00e8 ampiamente utilizzato nel campo del design e della pubblicit\u00e0, per aiutare i professionisti a creare immagini straordinarie.<\/li>\n\n\n\n<li class=\"\"><strong>Creazione artistica<\/strong>: Gli artisti sfruttano Flux per dare vita ai loro concetti fantasiosi.<\/li>\n\n\n\n<li class=\"\"><strong>Storie di successo<\/strong>: Molti utenti hanno condiviso le loro storie di successo, mostrando le diverse applicazioni di Flux AI Image Generator.<\/li>\n<\/ul>\n\n\n\n<h4 class=\"wp-block-heading\">Comunit\u00e0 e supporto<\/h4>\n\n\n\n<ul class=\"wp-block-list\">\n<li class=\"\"><strong>Comunit\u00e0 di utenti<\/strong>: Una vivace comunit\u00e0 di utenti contribuisce al continuo sviluppo e supporto di Flux.<\/li>\n\n\n\n<li class=\"\"><strong>Risorse di supporto tecnico<\/strong>: Sono disponibili ampie risorse per aiutare gli utenti a risolvere i problemi e ottimizzare l'uso dello strumento.<\/li>\n<\/ul>\n\n\n\n<h3 class=\"wp-block-heading\">Sviluppo futuro<\/h3>\n\n\n\n<h4 class=\"wp-block-heading\">Aggiornamenti e piani<\/h4>\n\n\n\n<ul class=\"wp-block-list\">\n<li class=\"\"><strong>Nuove caratteristiche<\/strong>: Le prossime versioni di Flux introdurranno nuove funzionalit\u00e0 e miglioramenti.<\/li>\n\n\n\n<li class=\"\"><strong>Visione a lungo termine<\/strong>: Gli sviluppatori hanno una chiara tabella di marcia per lo sviluppo a lungo termine dello strumento.<\/li>\n<\/ul>\n\n\n\n<h4 class=\"wp-block-heading\">Espansione dell'ecosistema<\/h4>\n\n\n\n<ul class=\"wp-block-list\">\n<li class=\"\"><strong>Integrazione con altri strumenti di intelligenza artificiale<\/strong>: \u00c8 prevista l'integrazione di Flux con altri strumenti e piattaforme di intelligenza artificiale.<\/li>\n\n\n\n<li class=\"\"><strong>Potenziali collaborazioni<\/strong>: Si stanno esplorando le opportunit\u00e0 di applicazioni e collaborazioni commerciali.<\/li>\n<\/ul>\n\n\n\n<h3 class=\"wp-block-heading\">10 strumenti e risorse chiave per il generatore di immagini AI Flux<\/h3>\n\n\n\n<figure class=\"wp-block-table\"><table class=\"has-fixed-layout\"><thead><tr><th>Strumento\/Risorsa<\/th><th>Descrizione<\/th><th>Vantaggi<\/th><th>Svantaggi<\/th><\/tr><\/thead><tbody><tr><td><a href=\"https:\/\/flux-ai.online\/\" target=\"_blank\" data-type=\"link\" data-id=\"https:\/\/flux-ai.online\/\" rel=\"noreferrer noopener\">Sito Flux AI<\/a><\/td><td>Il miglior sito per Flux AI.<\/td><td>Risorse complete.<\/td><td>Nessuno.<\/td><\/tr><tr><td>Flusso GitHub<\/td><td>Repository con codice e aggiornamenti.<\/td><td>Accesso al codice sorgente.<\/td><td>Richiede conoscenze tecniche.<\/td><\/tr><tr><td><a href=\"https:\/\/aiartfree.online\/it\/generatore-di-immagini-flux-ai-flux1\/\" target=\"_blank\" data-type=\"link\" data-id=\"https:\/\/aiartfree.online\/flux-ai-image-generator-flux1\" rel=\"noreferrer noopener\">AI Art Gratis<\/a><\/td><td>Interfaccia di facile utilizzo per Flux AI.<\/td><td>Facile da usare, non \u00e8 necessario registrarsi.<\/td><td>Funzioni avanzate limitate.<\/td><\/tr><tr><td>ComfyUI<\/td><td>Strumento di integrazione per Flux.<\/td><td>Migliora la funzionalit\u00e0.<\/td><td>Configurazione complessa.<\/td><\/tr><tr><td>Diffusione stabile<\/td><td>Progetto correlato per la generazione di immagini.<\/td><td>Uscite di alta qualit\u00e0.<\/td><td>Richiede un hardware potente.<\/td><\/tr><tr><td>Tutorial sul flusso<\/td><td>Guide ed esercitazioni passo-passo.<\/td><td>Curva di apprendimento facile.<\/td><td>Non sempre aggiornato.<\/td><\/tr><tr><td>Decriptare<\/td><td>Notizie e aggiornamenti sulle tecnologie AI.<\/td><td>Informazioni aggiornate.<\/td><td>La profondit\u00e0 varia.<\/td><\/tr><tr><td>Notizie sull'AI<\/td><td>Ultime notizie sugli sviluppi dell'IA.<\/td><td>Ampia copertura.<\/td><td>Informazioni generiche.<\/td><\/tr><tr><td>Tech Crunch<\/td><td>Notizie e aggiornamenti sulla tecnologia.<\/td><td>Articoli di approfondimento.<\/td><td>Pu\u00f2 essere tecnico.<\/td><\/tr><tr><td>Settimanale di AI<\/td><td>Aggiornamenti settimanali sui progressi dell'IA.<\/td><td>Aggiornamenti regolari.<\/td><td>Per l'accesso completo \u00e8 necessario un abbonamento.<\/td><\/tr><\/tbody><\/table><\/figure>\n\n\n\n<h3 class=\"wp-block-heading\">10 domande frequenti sul generatore di immagini AI di Flux<\/h3>\n\n\n\n<ol class=\"wp-block-list\">\n<li class=\"\"><strong>Che cos'\u00e8 il generatore di immagini Flux AI?<\/strong>\n<ul class=\"wp-block-list\">\n<li class=\"\">Flux AI Image Generator \u00e8 un modello di testo-immagine open-source sviluppato da Black Forest Labs.<\/li>\n<\/ul>\n<\/li>\n\n\n\n<li class=\"\"><strong>Come si installa Flux AI Image Generator?<\/strong>\n<ul class=\"wp-block-list\">\n<li class=\"\">Le guide all'installazione sono disponibili sul repository GitHub ufficiale.<\/li>\n<\/ul>\n<\/li>\n\n\n\n<li class=\"\"><strong>Quali sono le diverse versioni di Flux?<\/strong>\n<ul class=\"wp-block-list\">\n<li class=\"\">Flux Dev, Flux Schnell e Flux Pro.<\/li>\n<\/ul>\n<\/li>\n\n\n\n<li class=\"\"><strong>Posso usare Flux per progetti commerciali?<\/strong>\n<ul class=\"wp-block-list\">\n<li class=\"\">S\u00ec, Flux pu\u00f2 essere utilizzato per scopi commerciali.<\/li>\n<\/ul>\n<\/li>\n\n\n\n<li class=\"\"><strong>Quale hardware \u00e8 necessario per Flux?<\/strong>\n<ul class=\"wp-block-list\">\n<li class=\"\">Flux \u00e8 compatibile con diverse configurazioni hardware, ma per ottenere prestazioni ottimali si consigliano GPU potenti.<\/li>\n<\/ul>\n<\/li>\n\n\n\n<li class=\"\"><strong>Come si colloca Flux rispetto ad altri generatori di immagini?<\/strong>\n<ul class=\"wp-block-list\">\n<li class=\"\">Flux offre una flessibilit\u00e0 e una qualit\u00e0 superiori rispetto a concorrenti come Midjourney e DALL-E 3.<\/li>\n<\/ul>\n<\/li>\n\n\n\n<li class=\"\"><strong>Dove posso trovare esercitazioni per Flux?<\/strong>\n<ul class=\"wp-block-list\">\n<li class=\"\">Le esercitazioni sono disponibili sul sito ufficiale di Flux AI Tutorial.<\/li>\n<\/ul>\n<\/li>\n\n\n\n<li class=\"\"><strong>Che tipo di assistenza \u00e8 disponibile per gli utenti di Flux?<\/strong>\n<ul class=\"wp-block-list\">\n<li class=\"\">Sono disponibili una comunit\u00e0 di utenti e risorse di supporto tecnico.<\/li>\n<\/ul>\n<\/li>\n\n\n\n<li class=\"\"><strong>Come posso contribuire al progetto Flux?<\/strong>\n<ul class=\"wp-block-list\">\n<li class=\"\">I contributi possono essere inviati tramite il repository GitHub.<\/li>\n<\/ul>\n<\/li>\n\n\n\n<li class=\"\"><strong>Quali sono i progetti futuri di Flux?<\/strong>\n<ul class=\"wp-block-list\">\n<li class=\"\">Gli sviluppatori hanno delineato una tabella di marcia per le nuove funzionalit\u00e0 e le espansioni dell'ecosistema.<\/li>\n<\/ul>\n<\/li>\n<\/ol>\n\n\n\n<h3 class=\"wp-block-heading\">Conclusione<\/h3>\n\n\n\n<h4 class=\"wp-block-heading\">Vantaggi principali<\/h4>\n\n\n\n<p class=\"\">Flux AI Image Generator si distingue per la generazione di immagini di alta qualit\u00e0, la versatilit\u00e0 degli stili di output e la solidit\u00e0 delle prestazioni. \u00c8 uno strumento leader nel campo della generazione di immagini AI e offre vantaggi unici rispetto alla concorrenza.<\/p>\n\n\n\n<h4 class=\"wp-block-heading\">Per iniziare<\/h4>\n\n\n\n<p class=\"\">Per iniziare a usare Flux, seguite le guide all'installazione ed esplorate le esercitazioni disponibili. Flux AI Image Generator \u00e8 accessibile sia ai principianti che agli utenti avanzati e rappresenta uno strumento versatile per diverse applicazioni.<\/p>\n\n\n\n<p class=\"\">Per ulteriori informazioni e risorse, visitate il sito <a href=\"https:\/\/blackforestlabs.ai\/\" target=\"_blank\" rel=\"noopener\">sito web ufficiale di Flux<\/a> e il <a href=\"https:\/\/github.com\/black-forest-labs\/flux\" target=\"_blank\" rel=\"noopener\">Repository GitHub<\/a>.<\/p>","protected":false},"excerpt":{"rendered":"<p>Gallery of Flux.1 How to use the Flux AI Image Generator * Scroll down to check our Prompt Examples below if you don\u2019t have any thoughts in your mind * If you use this model intensively over a short period, it may cause GPU resource shortages. Please wait a few minutes before resuming use.* It &#8230; <a title=\"Generatore di immagini AI di Flux | Alimentato da Flux.1\" class=\"read-more\" href=\"https:\/\/aiartfree.online\/it\/generatore-di-immagini-flux-ai-flux1\/\" aria-label=\"Per saperne di pi\u00f9 su Flux AI Image Generator | Powered by Flux.1\">Leggi tutto<\/a><\/p>","protected":false},"author":1,"featured_media":3559,"parent":0,"menu_order":0,"comment_status":"closed","ping_status":"closed","template":"","meta":{"nf_dc_page":"","footnotes":""},"class_list":["post-3558","page","type-page","status-publish","has-post-thumbnail"],"jetpack_sharing_enabled":true,"_links":{"self":[{"href":"https:\/\/aiartfree.online\/it\/wp-json\/wp\/v2\/pages\/3558","targetHints":{"allow":["GET"]}}],"collection":[{"href":"https:\/\/aiartfree.online\/it\/wp-json\/wp\/v2\/pages"}],"about":[{"href":"https:\/\/aiartfree.online\/it\/wp-json\/wp\/v2\/types\/page"}],"author":[{"embeddable":true,"href":"https:\/\/aiartfree.online\/it\/wp-json\/wp\/v2\/users\/1"}],"replies":[{"embeddable":true,"href":"https:\/\/aiartfree.online\/it\/wp-json\/wp\/v2\/comments?post=3558"}],"version-history":[{"count":0,"href":"https:\/\/aiartfree.online\/it\/wp-json\/wp\/v2\/pages\/3558\/revisions"}],"wp:featuredmedia":[{"embeddable":true,"href":"https:\/\/aiartfree.online\/it\/wp-json\/wp\/v2\/media\/3559"}],"wp:attachment":[{"href":"https:\/\/aiartfree.online\/it\/wp-json\/wp\/v2\/media?parent=3558"}],"curies":[{"name":"wp","href":"https:\/\/api.w.org\/{rel}","templated":true}]}}