{"id":3445,"date":"2024-08-01T18:39:36","date_gmt":"2024-08-01T18:39:36","guid":{"rendered":"https:\/\/aiartfree.online\/?page_id=3445"},"modified":"2025-03-07T08:17:45","modified_gmt":"2025-03-07T08:17:45","slug":"unblur-image","status":"publish","type":"page","link":"https:\/\/aiartfree.online\/it\/sfocatura-dellimmagine\/","title":{"rendered":"Sbloccare l'immagine"},"content":{"rendered":"<h2 class=\"wp-block-heading has-text-align-center\" id=\"before-vs-after\">Prima e dopo<\/h2>\n\n\n\n<figure class=\"gb-block-image gb-block-image-1822da1f\"><img data-recalc-dims=\"1\" decoding=\"async\" loading=\"lazy\" width=\"1200\" height=\"704\" class=\"gb-image gb-image-1822da1f\" src=\"https:\/\/i0.wp.com\/aiartfree.online\/wp-content\/uploads\/2024\/08\/WX20240801-215741%402x-scaled.webp?resize=1200%2C704&#038;ssl=1\" alt=\"Sbloccate le immagini online con il nostro strumento AI. 100% gratuito, nessuna registrazione richiesta e utilizzo illimitato. Migliorate la qualit\u00e0 delle immagini, rimuovete la sfocatura e correggete le foto sfocate per amore.\" title=\"WX20240801-215741@2x\" srcset=\"https:\/\/i0.wp.com\/aiartfree.online\/wp-content\/uploads\/2024\/08\/WX20240801-215741%402x-scaled.webp?w=2560&amp;ssl=1 2560w, https:\/\/i0.wp.com\/aiartfree.online\/wp-content\/uploads\/2024\/08\/WX20240801-215741%402x-scaled.webp?resize=300%2C176&amp;ssl=1 300w, https:\/\/i0.wp.com\/aiartfree.online\/wp-content\/uploads\/2024\/08\/WX20240801-215741%402x-scaled.webp?resize=1024%2C601&amp;ssl=1 1024w, https:\/\/i0.wp.com\/aiartfree.online\/wp-content\/uploads\/2024\/08\/WX20240801-215741%402x-scaled.webp?resize=768%2C451&amp;ssl=1 768w, https:\/\/i0.wp.com\/aiartfree.online\/wp-content\/uploads\/2024\/08\/WX20240801-215741%402x-scaled.webp?resize=1536%2C901&amp;ssl=1 1536w, https:\/\/i0.wp.com\/aiartfree.online\/wp-content\/uploads\/2024\/08\/WX20240801-215741%402x-scaled.webp?resize=2048%2C1202&amp;ssl=1 2048w, https:\/\/i0.wp.com\/aiartfree.online\/wp-content\/uploads\/2024\/08\/WX20240801-215741%402x-scaled.webp?resize=18%2C12&amp;ssl=1 18w, https:\/\/i0.wp.com\/aiartfree.online\/wp-content\/uploads\/2024\/08\/WX20240801-215741%402x-scaled.webp?resize=600%2C352&amp;ssl=1 600w, https:\/\/i0.wp.com\/aiartfree.online\/wp-content\/uploads\/2024\/08\/WX20240801-215741%402x-scaled.webp?w=2400&amp;ssl=1 2400w\" sizes=\"auto, (max-width: 1200px) 100vw, 1200px\" \/><\/figure>\n\n\n\n<h2 class=\"wp-block-heading\" id=\"how-to-use-the-unblur-image\">Come utilizzare la funzione Sblocca immagine<\/h2>\n\n\n\n<ol class=\"wp-block-list\">\n<li class=\"\">Caricare l'immagine<\/li>\n\n\n\n<li class=\"\">Fare clic su \"Invia\".<\/li>\n\n\n\n<li class=\"\">Aspetta, \u00e8 cos\u00ec!<\/li>\n<\/ol>\n\n\n\n<a class=\"gb-button gb-button-113f8659 gb-button-text\" href=\"https:\/\/www.basedlabs.ai\/apps\/ai-image-upscaler?via=rocnubi\" target=\"_blank\" rel=\"noopener noreferrer\">Try Latest Upscaler AI Now <\/a>\n\n\n\n<p class=\"\"><em>* A seconda della velocit\u00e0 di internet, il caricamento del modello pu\u00f2 richiedere <\/em>fino a 10 secondi \u2193<\/p>\n\n\n\n<div class=\"iframe-wrapper\" style=\"position: relative; width: 100%; height: 1700px;\">\n  <div class=\"loading\" style=\"position: absolute; top: 50px; left: 50%; transform: translate(-50%, -50%); width: 40px; height: 40px; border: 3px solid #f0f0f0; border-top: 3px solid #db7093; border-radius: 50%; animation: spin 1s linear infinite;\"><\/div>\n  <iframe loading=\"lazy\" src=\"https:\/\/algoworks-image-face-upscale-restoration-gfpgan-pub.hf.space\" frameborder=\"0\" width=\"100%\" height=\"100%\" style=\"position: absolute; top: 0; left: 0; opacity: 0; transition: opacity 0.3s;\" onload=\"this.style.opacity=1;this.previousElementSibling.style.display='none';\"><\/iframe>\n<\/div>\n\n<style>\n@keyframes spin {\n  0% { transform: translate(-50%, -50%) rotate(0deg); }\n  100% { transform: translate(-50%, -50%) rotate(360deg); }\n}\n<\/style>\n\n\n\n<div style=\"height:60px\" aria-hidden=\"true\" class=\"wp-block-spacer\"><\/div>\n\n\n\n<h2 class=\"wp-block-heading\" id=\"unblur-image-the-ultimate-guide-to-ai-powered-photo-blur-removal\">Unblur Image: La guida definitiva alla rimozione delle sfocature delle foto con l'aiuto dell'intelligenza artificiale<\/h2>\n\n\n\n<div class=\"wp-block-rank-math-toc-block\" id=\"rank-math-toc\"><h3>Indice dei contenuti<\/h3><nav><ul><li><a href=\"#outline\">Schema<\/a><\/li><li><a href=\"#what-is-unblur-image\">Che cos'\u00e8 Unblur Image?<\/a><\/li><li><a href=\"#why-use-unblur-image\">Perch\u00e9 usare Unblur Image?<\/a><\/li><li><a href=\"#main-features-of-unblur-image\">Caratteristiche principali di Unblur Image<\/a><ul><li><a href=\"#ai-powered-unblur-tool\">Strumento di sfocatura potenziato dall'intelligenza artificiale<\/a><\/li><li><a href=\"#photo-sharpener\">Affilatore di foto<\/a><\/li><li><a href=\"#remove-motion-blur\">Rimuovere la sfocatura da movimento<\/a><\/li><li><a href=\"#unblur-text\">Sbloccare il testo<\/a><\/li><li><a href=\"#online-accessibility\">Accessibilit\u00e0 online<\/a><\/li><\/ul><\/li><li><a href=\"#target-audience-and-uses\">Destinatari e utilizzi<\/a><\/li><li><a href=\"#industry-applications-and-uses\">Applicazioni e usi industriali<\/a><\/li><li><a href=\"#how-to-use-unblur-image\">Come utilizzare Unblur Image<\/a><\/li><li><a href=\"#unblur-image-usage-cases\">Casi d'uso dell'immagine non sfocata<\/a><ul><li><a href=\"#enhance-portraits\">Migliorare i ritratti<\/a><\/li><li><a href=\"#restore-old-photos\">Ripristino di vecchie foto<\/a><\/li><li><a href=\"#improve-product-photos\">Migliorare le foto dei prodotti<\/a><\/li><li><a href=\"#fix-blurry-text\">Correggere il testo sfocato<\/a><\/li><li><a href=\"#correct-camera-shake\">Correggere il tremolio della fotocamera<\/a><\/li><\/ul><\/li><li><a href=\"#comparison-table-of-unblur-image-tools\">Tabella di confronto degli strumenti di sfocatura delle immagini<\/a><\/li><li><a href=\"#advantages-disadvantages-and-challenges-of-the-industry\">Vantaggi, svantaggi e sfide del settore<\/a><ul><li><a href=\"#advantages\">Vantaggi<\/a><\/li><li><a href=\"#disadvantages\">Svantaggi<\/a><\/li><li><a href=\"#challenges\">Sfide<\/a><\/li><\/ul><\/li><li><a href=\"#frequently-asked-questions\">Domande frequenti<\/a><\/li><li><a href=\"#summary\">Sintesi<\/a><\/li><\/ul><\/nav><\/div>\n\n\n\n<h3 class=\"wp-block-heading\" id=\"outline\">Schema<\/h3>\n\n\n\n<p class=\"\">In questa guida completa esploreremo il mondo della sfocatura delle immagini, i suoi vantaggi, le sue funzioni, il suo pubblico di riferimento e i suoi usi pratici. Inoltre, forniremo istruzioni passo-passo, casi d'uso e una tabella comparativa dei migliori strumenti disponibili. Infine, affronteremo le domande pi\u00f9 frequenti e offriremo una sintesi con i vantaggi principali e un invito all'azione.<\/p>\n\n\n\n<h3 class=\"wp-block-heading\" id=\"what-is-unblur-image\">Che cos'\u00e8 Unblur Image?<\/h3>\n\n\n\n<p class=\"\">Unblur Image si riferisce al processo di utilizzo di strumenti basati sull'intelligenza artificiale per rimuovere la sfocatura e migliorare la nitidezza delle immagini. Se causati da vibrazioni della fotocamera, sfocatura da movimento o scarsa messa a fuoco, questi strumenti sono in grado di ripristinare la qualit\u00e0 dell'immagine, rendendo nuovamente nitide le foto sfocate.<\/p>\n\n\n\n<h3 class=\"wp-block-heading\" id=\"why-use-unblur-image\">Perch\u00e9 usare Unblur Image?<\/h3>\n\n\n\n<p class=\"\">L'uso di uno strumento di sfocatura dell'immagine offre diversi vantaggi:<\/p>\n\n\n\n<ul class=\"wp-block-list\">\n<li class=\"\"><strong>Migliorare la qualit\u00e0 dell'immagine:<\/strong> Migliorate la nitidezza e i dettagli delle vostre foto.<\/li>\n\n\n\n<li class=\"\"><strong>Ripristino di vecchie foto:<\/strong> Dare nuova vita a vecchie immagini sfocate.<\/li>\n\n\n\n<li class=\"\"><strong>Risultati professionali:<\/strong> Ottenete risultati di alta qualit\u00e0 senza bisogno di competenze avanzate di fotoritocco.<\/li>\n\n\n\n<li class=\"\"><strong>Convenienza:<\/strong> Sbloccate facilmente le immagini online senza scaricare software.<\/li>\n\n\n\n<li class=\"\"><strong>Efficienza:<\/strong> Correggete rapidamente le foto sfocate con pochi clic.<\/li>\n<\/ul>\n\n\n\n<p class=\"\">Spesso si cercano soluzioni per rendere nitida un'immagine sfocata, correggere foto sfocate e rimuovere la sfocatura dalle immagini. Questi strumenti forniscono risposte a questi problemi comuni.<\/p>\n\n\n\n<h3 class=\"wp-block-heading\" id=\"main-features-of-unblur-image\">Caratteristiche principali di Unblur Image<\/h3>\n\n\n\n<h4 class=\"wp-block-heading\" id=\"ai-powered-unblur-tool\">Strumento di sfocatura potenziato dall'intelligenza artificiale<\/h4>\n\n\n\n<p class=\"\">Sfrutta la potenza dell'intelligenza artificiale per rimuovere con precisione le sfocature e migliorare i dettagli delle immagini.<\/p>\n\n\n\n<h4 class=\"wp-block-heading\" id=\"photo-sharpener\">Affilatore di foto<\/h4>\n\n\n\n<p class=\"\">Affila le immagini per recuperare i dettagli persi a causa della sfocatura.<\/p>\n\n\n\n<h4 class=\"wp-block-heading\" id=\"remove-motion-blur\">Rimuovere la sfocatura da movimento<\/h4>\n\n\n\n<p class=\"\">\u00c8 in grado di individuare e ridurre in modo specifico la sfocatura da movimento causata dalle oscillazioni o dal movimento della fotocamera.<\/p>\n\n\n\n<h4 class=\"wp-block-heading\" id=\"unblur-text\">Sbloccare il testo<\/h4>\n\n\n\n<p class=\"\">Migliora la leggibilit\u00e0 del testo sfocato nelle immagini.<\/p>\n\n\n\n<h4 class=\"wp-block-heading\" id=\"online-accessibility\">Accessibilit\u00e0 online<\/h4>\n\n\n\n<p class=\"\">Sblocca le immagini direttamente dal browser senza bisogno di registrazione, offrendo 100% accesso gratuito e illimitato.<\/p>\n\n\n\n<h3 class=\"wp-block-heading\" id=\"target-audience-and-uses\">Destinatari e utilizzi<\/h3>\n\n\n\n<p class=\"\">Il pubblico a cui si rivolgono gli strumenti per le immagini non sfocate comprende:<\/p>\n\n\n\n<ul class=\"wp-block-list\">\n<li class=\"\"><strong>Fotografi:<\/strong> Migliorare la qualit\u00e0 delle foto scattate in condizioni non ottimali.<\/li>\n\n\n\n<li class=\"\"><strong>Progettisti grafici:<\/strong> Migliorare le immagini per utilizzarle in vari progetti di design.<\/li>\n\n\n\n<li class=\"\"><strong>Utenti dei social media:<\/strong> Assicuratevi che le foto condivise online siano chiare e di alta qualit\u00e0.<\/li>\n\n\n\n<li class=\"\"><strong>Famiglie:<\/strong> Ripristinare le vecchie foto di famiglia che sono diventate sfocate nel tempo.<\/li>\n\n\n\n<li class=\"\"><strong>Studenti e professionisti:<\/strong> Sfumatura del testo nelle immagini per una migliore leggibilit\u00e0 in presentazioni e documenti.<\/li>\n<\/ul>\n\n\n\n<h3 class=\"wp-block-heading\" id=\"industry-applications-and-uses\">Applicazioni e usi industriali<\/h3>\n\n\n\n<p class=\"\">Gli strumenti di sfocatura delle immagini sono ampiamente utilizzati in diversi settori, tra cui:<\/p>\n\n\n\n<ul class=\"wp-block-list\">\n<li class=\"\"><strong>Fotografia:<\/strong> Migliora la nitidezza delle foto professionali.<\/li>\n\n\n\n<li class=\"\"><strong>Commercio elettronico:<\/strong> Migliorare le foto dei prodotti per attirare i clienti.<\/li>\n\n\n\n<li class=\"\"><strong>Media e pubblicit\u00e0:<\/strong> Garantire immagini di alta qualit\u00e0 nei materiali di marketing.<\/li>\n\n\n\n<li class=\"\"><strong>Assistenza sanitaria:<\/strong> Migliorare la leggibilit\u00e0 dei documenti scansionati e delle immagini mediche.<\/li>\n\n\n\n<li class=\"\"><strong>Istruzione:<\/strong> Migliorare la qualit\u00e0 dei materiali didattici e delle presentazioni.<\/li>\n<\/ul>\n\n\n\n<h3 class=\"wp-block-heading\" id=\"how-to-use-unblur-image\">Come utilizzare Unblur Image<\/h3>\n\n\n\n<p class=\"\">Seguire questi passaggi per sfocare un'immagine utilizzando lo strumento consigliato:<\/p>\n\n\n\n<ol class=\"wp-block-list\">\n<li class=\"\"><strong>Aprire lo strumento:<\/strong> Vai a <a href=\"https:\/\/aiartfree.online\/it\/sfocatura-dellimmagine\/\">Strumento di sfocatura delle immagini<\/a>.<\/li>\n\n\n\n<li class=\"\"><strong>Caricare l'immagine:<\/strong> Fare clic sul pulsante di caricamento e selezionare l'immagine sfocata che si desidera correggere.<\/li>\n\n\n\n<li class=\"\"><strong>Regolare le impostazioni:<\/strong> Utilizzare le impostazioni disponibili per regolare con precisione il processo di sfocatura.<\/li>\n\n\n\n<li class=\"\"><strong>Applicare le modifiche:<\/strong> Fare clic sul pulsante di sfocatura per elaborare l'immagine.<\/li>\n\n\n\n<li class=\"\"><strong>Scarica il risultato:<\/strong> Una volta completato il processo, scaricare l'immagine migliorata.<\/li>\n<\/ol>\n\n\n\n<h3 class=\"wp-block-heading\" id=\"unblur-image-usage-cases\">Casi d'uso dell'immagine non sfocata<\/h3>\n\n\n\n<h4 class=\"wp-block-heading\" id=\"enhance-portraits\">Migliorare i ritratti<\/h4>\n\n\n\n<p class=\"\">Sblocca le foto di ritratto per evidenziare i tratti del viso e migliorare la qualit\u00e0 complessiva dell'immagine.<\/p>\n\n\n\n<h4 class=\"wp-block-heading\" id=\"restore-old-photos\">Ripristino di vecchie foto<\/h4>\n\n\n\n<p class=\"\">Utilizzate gli strumenti di sfocatura per rendere pi\u00f9 chiare le vecchie foto di famiglia sfocate, preservando i ricordi.<\/p>\n\n\n\n<h4 class=\"wp-block-heading\" id=\"improve-product-photos\">Migliorare le foto dei prodotti<\/h4>\n\n\n\n<p class=\"\">Migliorare la qualit\u00e0 delle immagini dei prodotti per i siti web di e-commerce, rendendole pi\u00f9 attraenti per i clienti.<\/p>\n\n\n\n<h4 class=\"wp-block-heading\" id=\"fix-blurry-text\">Correggere il testo sfocato<\/h4>\n\n\n\n<p class=\"\">Sfumare il testo nei documenti o nelle immagini scannerizzate per migliorarne la leggibilit\u00e0.<\/p>\n\n\n\n<h4 class=\"wp-block-heading\" id=\"correct-camera-shake\">Correggere il tremolio della fotocamera<\/h4>\n\n\n\n<p class=\"\">Rimuovete la sfocatura da movimento causata dal tremolio della fotocamera nelle foto scattate in movimento.<\/p>\n\n\n\n<h3 class=\"wp-block-heading\" id=\"comparison-table-of-unblur-image-tools\">Tabella di confronto degli strumenti di sfocatura delle immagini<\/h3>\n\n\n\n<figure class=\"wp-block-table\"><table class=\"has-fixed-layout\"><thead><tr><th>Nome dello strumento<\/th><th>URL del sito web<\/th><th>Vantaggi<\/th><th>Svantaggi<\/th><\/tr><\/thead><tbody><tr><td>AI Art Strumento gratuito per sfocare le immagini<\/td><td><a href=\"https:\/\/aiartfree.online\/it\/sfocatura-dellimmagine\/\">https:\/\/aiartfree.online\/Unblur-Image<\/a><\/td><td>100% Gratuito, senza registrazione, illimitato<\/td><td>Funzionalit\u00e0 avanzate limitate<\/td><\/tr><tr><td>Fotor<\/td><td>https:\/\/www.fotor.com<\/td><td>Facile da usare, molteplici strumenti di editing<\/td><td>Richiede un account per l'accesso completo<\/td><\/tr><tr><td>Migliorare.Pho.to<\/td><td>https:\/\/enhance.pho.to<\/td><td>Gratuito, interfaccia semplice<\/td><td>Caratteristiche limitate<\/td><\/tr><tr><td>LunaPic<\/td><td>https:\/\/www.lunapic.com<\/td><td>Gratuito, Strumento online<\/td><td>Annunci sul sito<\/td><\/tr><tr><td>PineTools<\/td><td>https:\/\/www.pinetools.com<\/td><td>Gratuito, Variet\u00e0 di strumenti<\/td><td>Interfaccia di base<\/td><\/tr><tr><td>Fotopea<\/td><td>https:\/\/www.photopea.com<\/td><td>Potente, gratuito<\/td><td>Pu\u00f2 essere complesso per i principianti<\/td><\/tr><tr><td>Adobe Photoshop Express<\/td><td>https:\/\/www.photoshop.com\/tools<\/td><td>Marchio affidabile, risultati di alta qualit\u00e0<\/td><td>Versione gratuita limitata<\/td><\/tr><tr><td>Snapseed<\/td><td>https:\/\/snapseed.online<\/td><td>Mobile-friendly, facile da usare<\/td><td>Richiede il download<\/td><\/tr><tr><td>GIMP<\/td><td>https:\/\/www.gimp.org<\/td><td>Gratuito, open-source<\/td><td>Curva di apprendimento ripida<\/td><\/tr><tr><td>VanceAI<\/td><td><a href=\"https:\/\/vanceai.com\" target=\"_blank\" rel=\"noopener\">https:\/\/vanceai.com<\/a><\/td><td>Risultati di alta qualit\u00e0 e potenziati dall'intelligenza artificiale<\/td><td>\u00c8 necessario un abbonamento a pagamento<\/td><\/tr><\/tbody><\/table><\/figure>\n\n\n\n<h3 class=\"wp-block-heading\" id=\"advantages-disadvantages-and-challenges-of-the-industry\">Vantaggi, svantaggi e sfide del settore<\/h3>\n\n\n\n<h4 class=\"wp-block-heading\" id=\"advantages\">Vantaggi<\/h4>\n\n\n\n<ul class=\"wp-block-list\">\n<li class=\"\"><strong>Accessibilit\u00e0:<\/strong> La maggior parte degli strumenti \u00e8 disponibile online, per un facile accesso.<\/li>\n\n\n\n<li class=\"\"><strong>Efficiente dal punto di vista dei costi:<\/strong> Molti strumenti offrono versioni gratuite con potenti funzioni.<\/li>\n\n\n\n<li class=\"\"><strong>Facile da usare:<\/strong> Progettato per utenti con diversi livelli di competenza.<\/li>\n<\/ul>\n\n\n\n<h4 class=\"wp-block-heading\" id=\"disadvantages\">Svantaggi<\/h4>\n\n\n\n<ul class=\"wp-block-list\">\n<li class=\"\"><strong>Variazione della qualit\u00e0:<\/strong> I risultati possono variare a seconda dello strumento utilizzato.<\/li>\n\n\n\n<li class=\"\"><strong>Curva di apprendimento:<\/strong> Alcuni strumenti possono richiedere tempo per essere appresi e padroneggiati.<\/li>\n\n\n\n<li class=\"\"><strong>Costi di abbonamento:<\/strong> Le funzioni avanzate possono richiedere abbonamenti a pagamento.<\/li>\n<\/ul>\n\n\n\n<h4 class=\"wp-block-heading\" id=\"challenges\">Sfide<\/h4>\n\n\n\n<ul class=\"wp-block-list\">\n<li class=\"\"><strong>Mantenere la qualit\u00e0:<\/strong> Garantire risultati di qualit\u00e0 costante per le diverse immagini.<\/li>\n\n\n\n<li class=\"\"><strong>Limitazioni tecnologiche:<\/strong> La tecnologia AI potrebbe non gestire perfettamente tutti i tipi di sfocatura.<\/li>\n\n\n\n<li class=\"\"><strong>Aspettative degli utenti:<\/strong> Soddisfare le aspettative degli utenti per i diversi casi d'uso.<\/li>\n<\/ul>\n\n\n\n<h3 class=\"wp-block-heading\" id=\"frequently-asked-questions\">Domande frequenti<\/h3>\n\n\n\n<ol class=\"wp-block-list\">\n<li class=\"\"><strong>Come sfocare un'immagine?<\/strong>\n<ul class=\"wp-block-list\">\n<li class=\"\">Utilizzate uno strumento online come <a href=\"https:\/\/aiartfree.online\/it\/sfocatura-dellimmagine\/\">AI Art Strumento gratuito per sfocare le immagini<\/a> per caricare ed elaborare l'immagine.<\/li>\n<\/ul>\n<\/li>\n\n\n\n<li class=\"\"><strong>Come si possono sfuocare le immagini?<\/strong>\n<ul class=\"wp-block-list\">\n<li class=\"\">Selezionare uno strumento affidabile, caricare l'immagine, regolare le impostazioni e applicare l'effetto di sfocatura.<\/li>\n<\/ul>\n<\/li>\n\n\n\n<li class=\"\"><strong>Come si pu\u00f2 sfocare un'immagine?<\/strong>\n<ul class=\"wp-block-list\">\n<li class=\"\">Seguite la guida passo-passo fornita in precedenza utilizzando uno strumento basato sull'intelligenza artificiale.<\/li>\n<\/ul>\n<\/li>\n\n\n\n<li class=\"\"><strong>Come sfocare un'immagine su iPhone?<\/strong>\n<ul class=\"wp-block-list\">\n<li class=\"\">Aprite il vostro browser e visitate <a href=\"https:\/\/aiartfree.online\/it\/sfocatura-dellimmagine\/\">AI Art Strumento gratuito per sfocare le immagini<\/a> per sfocare l'immagine.<\/li>\n<\/ul>\n<\/li>\n\n\n\n<li class=\"\"><strong>Come sfocare un'immagine in Photoshop?<\/strong>\n<ul class=\"wp-block-list\">\n<li class=\"\">Aprite il vostro browser e visitate <a href=\"https:\/\/aiartfree.online\/it\/sfocatura-dellimmagine\/\">AI Art Strumento gratuito per sfocare le immagini<\/a> per utilizzare un'alternativa pi\u00f9 semplice.<\/li>\n<\/ul>\n<\/li>\n\n\n\n<li class=\"\"><strong>Come rendere chiara un'immagine sfocata?<\/strong>\n<ul class=\"wp-block-list\">\n<li class=\"\">Utilizzate uno strumento di affilatura per migliorare la nitidezza dell'immagine.<\/li>\n<\/ul>\n<\/li>\n\n\n\n<li class=\"\"><strong>Come sfocare una foto?<\/strong>\n<ul class=\"wp-block-list\">\n<li class=\"\">Seguire la procedura descritta nella sezione \"Come usare l'immagine sfocata\" per rimuovere la sfocatura dalla foto.<\/li>\n<\/ul>\n<\/li>\n\n\n\n<li class=\"\"><strong>Come correggere le foto sfocate?<\/strong>\n<ul class=\"wp-block-list\">\n<li class=\"\">Utilizzate uno strumento di sfocatura online per ripristinare la nitidezza delle foto sfocate.<\/li>\n<\/ul>\n<\/li>\n\n\n\n<li class=\"\"><strong>Qual \u00e8 il miglior strumento di sfocatura?<\/strong>\n<ul class=\"wp-block-list\">\n<li class=\"\">Il <a href=\"https:\/\/aiartfree.online\/it\/sfocatura-dellimmagine\/\">AI Art Strumento gratuito per sfocare le immagini<\/a> \u00e8 altamente raccomandato per la sua facilit\u00e0 d'uso e le sue potenti funzioni.<\/li>\n<\/ul>\n<\/li>\n\n\n\n<li class=\"\"><strong>Come sfocare il testo in un'immagine?<\/strong>\n<ul class=\"wp-block-list\">\n<li class=\"\">Utilizzate uno strumento di sfocatura del testo per migliorare la leggibilit\u00e0 del testo sfocato nelle vostre immagini.<\/li>\n<\/ul>\n<\/li>\n<\/ol>\n\n\n\n<h3 class=\"wp-block-heading\" id=\"summary\">Sintesi<\/h3>\n\n\n\n<p class=\"\">Sfocare le immagini non \u00e8 mai stato cos\u00ec facile grazie alla disponibilit\u00e0 di potenti strumenti basati sull'intelligenza artificiale. Che si tratti di migliorare ritratti, ripristinare vecchie immagini o correggere testi sfocati, questi strumenti offrono una soluzione comoda ed efficace. Visita <a href=\"https:\/\/aiartfree.online\/it\/sfocatura-dellimmagine\/\">AI Art Strumento gratuito per sfocare le immagini<\/a> per provare il miglior strumento di sfocatura disponibile, 100% gratuito e illimitato, senza necessit\u00e0 di iscrizione. Trasformate le vostre immagini sfocate in foto chiare e di alta qualit\u00e0 oggi stesso!<\/p>","protected":false},"excerpt":{"rendered":"<p>Before vs After How to use the Unblur Image *&nbsp;Depending on your internet speed, loading the model may take up to 10 seconds \u2193 Unblur Image: The Ultimate Guide to AI-Powered Photo Blur Removal Outline In this comprehensive guide, we will explore the world of image unblurring, its advantages, functions, target audience, and practical uses. &#8230; <a title=\"Sbloccare l&#039;immagine\" class=\"read-more\" href=\"https:\/\/aiartfree.online\/it\/sfocatura-dellimmagine\/\" aria-label=\"Per saperne di pi\u00f9 su Unblur Image\">Leggi tutto<\/a><\/p>","protected":false},"author":1,"featured_media":3450,"parent":0,"menu_order":0,"comment_status":"open","ping_status":"closed","template":"","meta":{"nf_dc_page":"","footnotes":""},"class_list":["post-3445","page","type-page","status-publish","has-post-thumbnail"],"jetpack_sharing_enabled":true,"_links":{"self":[{"href":"https:\/\/aiartfree.online\/it\/wp-json\/wp\/v2\/pages\/3445","targetHints":{"allow":["GET"]}}],"collection":[{"href":"https:\/\/aiartfree.online\/it\/wp-json\/wp\/v2\/pages"}],"about":[{"href":"https:\/\/aiartfree.online\/it\/wp-json\/wp\/v2\/types\/page"}],"author":[{"embeddable":true,"href":"https:\/\/aiartfree.online\/it\/wp-json\/wp\/v2\/users\/1"}],"replies":[{"embeddable":true,"href":"https:\/\/aiartfree.online\/it\/wp-json\/wp\/v2\/comments?post=3445"}],"version-history":[{"count":1,"href":"https:\/\/aiartfree.online\/it\/wp-json\/wp\/v2\/pages\/3445\/revisions"}],"predecessor-version":[{"id":3597,"href":"https:\/\/aiartfree.online\/it\/wp-json\/wp\/v2\/pages\/3445\/revisions\/3597"}],"wp:featuredmedia":[{"embeddable":true,"href":"https:\/\/aiartfree.online\/it\/wp-json\/wp\/v2\/media\/3450"}],"wp:attachment":[{"href":"https:\/\/aiartfree.online\/it\/wp-json\/wp\/v2\/media?parent=3445"}],"curies":[{"name":"wp","href":"https:\/\/api.w.org\/{rel}","templated":true}]}}