{"id":3382,"date":"2024-07-31T11:37:49","date_gmt":"2024-07-31T11:37:49","guid":{"rendered":"https:\/\/aiartfree.online\/?page_id=3382"},"modified":"2024-08-02T09:24:10","modified_gmt":"2024-08-02T09:24:10","slug":"ai-clothes-changer","status":"publish","type":"page","link":"https:\/\/aiartfree.online\/it\/ai-cambia-abiti\/","title":{"rendered":"Cambio di vestiti AI"},"content":{"rendered":"<h2 class=\"wp-block-heading has-text-align-center\" id=\"before-vs-after\">Prima e dopo<\/h2>\n\n\n\n<figure class=\"gb-block-image gb-block-image-1822da1f\"><img data-recalc-dims=\"1\" decoding=\"async\" loading=\"lazy\" width=\"1200\" height=\"388\" class=\"gb-image gb-image-1822da1f\" src=\"https:\/\/i0.wp.com\/aiartfree.online\/wp-content\/uploads\/2024\/07\/WX20240731-151956%402x-scaled.webp?resize=1200%2C388&#038;ssl=1\" alt=\"AI Clothes Changer - Cambiare i vestiti con l&#039;intelligenza artificiale [gratuito, senza limiti].\" title=\"WX20240731-151956@2x\" srcset=\"https:\/\/i0.wp.com\/aiartfree.online\/wp-content\/uploads\/2024\/07\/WX20240731-151956%402x-scaled.webp?w=2560&amp;ssl=1 2560w, https:\/\/i0.wp.com\/aiartfree.online\/wp-content\/uploads\/2024\/07\/WX20240731-151956%402x-scaled.webp?resize=300%2C97&amp;ssl=1 300w, https:\/\/i0.wp.com\/aiartfree.online\/wp-content\/uploads\/2024\/07\/WX20240731-151956%402x-scaled.webp?resize=1024%2C331&amp;ssl=1 1024w, https:\/\/i0.wp.com\/aiartfree.online\/wp-content\/uploads\/2024\/07\/WX20240731-151956%402x-scaled.webp?resize=768%2C249&amp;ssl=1 768w, https:\/\/i0.wp.com\/aiartfree.online\/wp-content\/uploads\/2024\/07\/WX20240731-151956%402x-scaled.webp?resize=1536%2C497&amp;ssl=1 1536w, https:\/\/i0.wp.com\/aiartfree.online\/wp-content\/uploads\/2024\/07\/WX20240731-151956%402x-scaled.webp?resize=2048%2C663&amp;ssl=1 2048w, https:\/\/i0.wp.com\/aiartfree.online\/wp-content\/uploads\/2024\/07\/WX20240731-151956%402x-scaled.webp?resize=18%2C6&amp;ssl=1 18w, https:\/\/i0.wp.com\/aiartfree.online\/wp-content\/uploads\/2024\/07\/WX20240731-151956%402x-scaled.webp?resize=600%2C194&amp;ssl=1 600w, https:\/\/i0.wp.com\/aiartfree.online\/wp-content\/uploads\/2024\/07\/WX20240731-151956%402x-scaled.webp?w=2400&amp;ssl=1 2400w\" sizes=\"auto, (max-width: 1200px) 100vw, 1200px\" \/><\/figure>\n\n\n\n<h2 class=\"wp-block-heading\" id=\"how-to-use-the-ai-clothes-changer\">Come utilizzare il cambia abiti AI<\/h2>\n\n\n\n<ol class=\"wp-block-list\">\n<li class=\"\">Rilasciare o caricare l'immagine<\/li>\n\n\n\n<li class=\"\">Rilasciare o caricare l'immagine dei vestiti<\/li>\n\n\n\n<li class=\"\">Fare clic su \"Prova\".<\/li>\n\n\n\n<li class=\"\">Aspetta, \u00e8 cos\u00ec!<\/li>\n<\/ol>\n\n\n\n<p class=\"\">* Sentitevi liberi di provare i nostri esempi qui sotto se non vi viene in mente nulla.<\/p>\n\n\n\n<p class=\"\"><em>* A seconda della velocit\u00e0 di internet, il caricamento del modello pu\u00f2 richiedere <\/em>fino a 10 secondi \u2193<\/p>\n\n\n\n<div class=\"iframe-wrapper\" style=\"position: relative; width: 100%; height: 1600px;\">\n  <div class=\"loading\" style=\"position: absolute; top: 50px; left: 50%; transform: translate(-50%, -50%); width: 40px; height: 40px; border: 3px solid #f0f0f0; border-top: 3px solid #db7093; border-radius: 50%; animation: spin 1s linear infinite;\"><\/div>\n  <iframe loading=\"lazy\" src=\"https:\/\/yisol-idm-vton.hf.space\" frameborder=\"0\" width=\"100%\" height=\"100%\" style=\"position: absolute; top: 0; left: 0; opacity: 0; transition: opacity 0.3s;\" onload=\"this.style.opacity=1;this.previousElementSibling.style.display='none';\"><\/iframe>\n<\/div>\n\n<style>\n@keyframes spin {\n  0% { transform: translate(-50%, -50%) rotate(0deg); }\n  100% { transform: translate(-50%, -50%) rotate(360deg); }\n}\n<\/style>\n\n\n\n<div style=\"height:80px\" aria-hidden=\"true\" class=\"wp-block-spacer\"><\/div>\n\n\n\n<h2 class=\"wp-block-heading\" id=\"ai-clothes-changer-the-ultimate-guide-to-virtual-fashion-transformation\">AI Clothes Changer: La guida definitiva alla trasformazione virtuale della moda<\/h2>\n\n\n\n<p class=\"\">Questa guida completa esplora il mondo della tecnologia AI Clothes Changer, le sue applicazioni e il modo in cui sta rivoluzionando il settore della moda. Tratteremo tutto, dalla sua definizione ai casi d'uso pratici e ai migliori strumenti disponibili.<\/p>\n\n\n\n<div class=\"wp-block-rank-math-toc-block\" id=\"rank-math-toc\"><h2>Indice dei contenuti<\/h2><nav><ul><li><a href=\"#what-is-ai-clothes-changer\">Che cos'\u00e8 l'AI Clothes Changer?<\/a><\/li><li><a href=\"#why-use-ai-clothes-changer\">Perch\u00e9 utilizzare un cambio di vestiti AI?<\/a><\/li><li><a href=\"#main-features-of-ai-clothes-changer\">Caratteristiche principali di AI Clothes Changer<\/a><ul><li><a href=\"#h-3-virtual-outfit-swapping\">H3: Scambio virtuale di abiti<\/a><\/li><li><a href=\"#h-3-color-modification\">H3: Modifica del colore<\/a><\/li><li><a href=\"#h-3-style-transfer\">H3: Trasferimento di stile<\/a><\/li><li><a href=\"#h-3-text-to-image-generation\">H3: Generazione da testo a immagine<\/a><\/li><\/ul><\/li><li><a href=\"#who-can-benefit-from-ai-clothes-changer\">Chi pu\u00f2 beneficiare dell'AI Clothes Changer?<\/a><\/li><li><a href=\"#industries-utilizing-ai-clothes-changer\">Industrie che utilizzano l'AI Clothes Changer<\/a><\/li><li><a href=\"#how-to-use-ai-clothes-changer\">Come utilizzare il cambia abiti AI<\/a><\/li><li><a href=\"#ai-clothes-changer-use-cases\">Casi d'uso dell'AI Clothes Changer<\/a><ul><li><a href=\"#h-3-virtual-try-on-for-online-shopping\">H3: Prova virtuale per lo shopping online<\/a><\/li><li><a href=\"#h-3-fashion-design-prototyping\">H3: Prototipazione del design della moda<\/a><\/li><li><a href=\"#h-3-social-media-content-creation\">H3: Creazione di contenuti per i social media<\/a><\/li><li><a href=\"#h-3-virtual-makeovers\">H3: Makeover virtuale<\/a><\/li><\/ul><\/li><li><a href=\"#top-10-ai-clothes-changer-tools-and-information\">I 10 migliori strumenti e informazioni sul cambio d'abito AI<\/a><\/li><li><a href=\"#pros-cons-advantages-challenges-and-recommendations-for-the-ai-clothes-changer-industry\">Pro, contro, vantaggi, sfide e raccomandazioni per il settore degli appendiabiti AI<\/a><\/li><li><a href=\"#pros\">Pro<\/a><ul><li><a href=\"#cons\">Contro<\/a><\/li><li><a href=\"#advantages\">Vantaggi<\/a><\/li><li><a href=\"#challenges\">Sfide<\/a><\/li><li><a href=\"#recommendations\">Raccomandazioni<\/a><\/li><\/ul><\/li><li><a href=\"#frequently-asked-questions-faq\">Domande frequenti (FAQ)<\/a><\/li><li><a href=\"#conclusion\">Conclusione<\/a><\/li><\/ul><\/nav><\/div>\n\n\n\n<h3 class=\"wp-block-heading\" id=\"what-is-ai-clothes-changer\">Che cos'\u00e8 l'AI Clothes Changer?<\/h3>\n\n\n\n<p class=\"\">AI Clothes Changer \u00e8 una tecnologia innovativa che utilizza l'intelligenza artificiale per modificare o sostituire digitalmente gli abiti nelle immagini. Questo strumento di AI consente agli utenti di provare virtualmente diversi abiti, di cambiarne il colore e di sperimentare vari stili senza cambiare fisicamente il proprio abbigliamento.<\/p>\n\n\n\n<h3 class=\"wp-block-heading\" id=\"why-use-ai-clothes-changer\">Perch\u00e9 utilizzare un cambio di vestiti AI?<\/h3>\n\n\n\n<p class=\"\">L'utilizzo di un appendiabiti AI offre numerosi vantaggi:<\/p>\n\n\n\n<ul class=\"wp-block-list\">\n<li class=\"\">Risparmio di tempo: Visualizzazione rapida dei cambi d'abito senza doverli provare fisicamente.<\/li>\n\n\n\n<li class=\"\">Economico: Sperimentare gli stili prima dell'acquisto<\/li>\n\n\n\n<li class=\"\">Spinta alla creativit\u00e0: Esplorare nuove combinazioni di moda senza sforzo<\/li>\n\n\n\n<li class=\"\">Personalizzazione: Personalizzazione degli outfit in base alle preferenze individuali<\/li>\n\n\n\n<li class=\"\">Sostenibilit\u00e0: Ridurre i rifiuti di abbigliamento fisico grazie a prove virtuali<\/li>\n<\/ul>\n\n\n\n<h3 class=\"wp-block-heading\" id=\"main-features-of-ai-clothes-changer\">Caratteristiche principali di AI Clothes Changer<\/h3>\n\n\n\n<h4 class=\"wp-block-heading\" id=\"h-3-virtual-outfit-swapping\">H3: Scambio virtuale di abiti<\/h4>\n\n\n\n<p class=\"\">AI Clothes Changer consente agli utenti di caricare semplicemente un'immagine e di scambiare interi abiti con pochi clic.<\/p>\n\n\n\n<h4 class=\"wp-block-heading\" id=\"h-3-color-modification\">H3: Modifica del colore<\/h4>\n\n\n\n<p class=\"\">Cambiate istantaneamente il colore dei vestiti per visualizzare diverse varianti dello stesso capo.<\/p>\n\n\n\n<h4 class=\"wp-block-heading\" id=\"h-3-style-transfer\">H3: Trasferimento di stile<\/h4>\n\n\n\n<p class=\"\">Applicate lo stile di un abito a un altro, creando combinazioni di moda uniche.<\/p>\n\n\n\n<h4 class=\"wp-block-heading\" id=\"h-3-text-to-image-generation\">H3: Generazione da testo a immagine<\/h4>\n\n\n\n<p class=\"\">Alcuni cambiatori di vestiti AI avanzati utilizzano suggerimenti di testo per generare abiti completamente nuovi.<\/p>\n\n\n\n<h3 class=\"wp-block-heading\" id=\"who-can-benefit-from-ai-clothes-changer\">Chi pu\u00f2 beneficiare dell'AI Clothes Changer?<\/h3>\n\n\n\n<ul class=\"wp-block-list\">\n<li class=\"\">Appassionati di moda<\/li>\n\n\n\n<li class=\"\">Acquirenti online<\/li>\n\n\n\n<li class=\"\">Stilisti di moda<\/li>\n\n\n\n<li class=\"\">Attivit\u00e0 di e-commerce<\/li>\n\n\n\n<li class=\"\">Influencer dei social media<\/li>\n\n\n\n<li class=\"\">Fotografi e modelli<\/li>\n<\/ul>\n\n\n\n<h3 class=\"wp-block-heading\" id=\"industries-utilizing-ai-clothes-changer\">Industrie che utilizzano l'AI Clothes Changer<\/h3>\n\n\n\n<ul class=\"wp-block-list\">\n<li class=\"\">Vendita al dettaglio di moda<\/li>\n\n\n\n<li class=\"\">Commercio elettronico<\/li>\n\n\n\n<li class=\"\">Pubblicit\u00e0 e marketing<\/li>\n\n\n\n<li class=\"\">Intrattenimento e media<\/li>\n\n\n\n<li class=\"\">Servizi di personal styling<\/li>\n\n\n\n<li class=\"\">Educazione alla moda<\/li>\n<\/ul>\n\n\n\n<h3 class=\"wp-block-heading\" id=\"how-to-use-ai-clothes-changer\">Come utilizzare il cambia abiti AI<\/h3>\n\n\n\n<ol class=\"wp-block-list\">\n<li class=\"\">Scegliere uno strumento di cambio d'abito AI (ad esempio, https:\/\/aiartfree.online\/ai-clothes-changer\/).<\/li>\n\n\n\n<li class=\"\">Caricate la vostra foto o selezionate un'immagine modello<\/li>\n\n\n\n<li class=\"\">Scegliere l'abbigliamento o lo stile desiderato<\/li>\n\n\n\n<li class=\"\">Utilizzate i messaggi di testo o le selezioni visive per specificare le modifiche.<\/li>\n\n\n\n<li class=\"\">Applicare le modifiche generate dall'intelligenza artificiale<\/li>\n\n\n\n<li class=\"\">Messa a punto e regolazione in base alle esigenze<\/li>\n\n\n\n<li class=\"\">Salvare e condividere l'immagine trasformata<\/li>\n<\/ol>\n\n\n\n<h3 class=\"wp-block-heading\" id=\"ai-clothes-changer-use-cases\">Casi d'uso dell'AI Clothes Changer<\/h3>\n\n\n\n<h4 class=\"wp-block-heading\" id=\"h-3-virtual-try-on-for-online-shopping\">H3: Prova virtuale per lo shopping online<\/h4>\n\n\n\n<p class=\"\">I clienti possono visualizzare l'aspetto dei vestiti prima di effettuare l'acquisto.<\/p>\n\n\n\n<h4 class=\"wp-block-heading\" id=\"h-3-fashion-design-prototyping\">H3: Prototipazione del design della moda<\/h4>\n\n\n\n<p class=\"\">Gli stilisti possono iterare e visualizzare rapidamente nuovi modelli di abbigliamento.<\/p>\n\n\n\n<h4 class=\"wp-block-heading\" id=\"h-3-social-media-content-creation\">H3: Creazione di contenuti per i social media<\/h4>\n\n\n\n<p class=\"\">Gli influencer possono creare contenuti di moda diversi senza dover cambiare numerosi abiti.<\/p>\n\n\n\n<h4 class=\"wp-block-heading\" id=\"h-3-virtual-makeovers\">H3: Makeover virtuale<\/h4>\n\n\n\n<p class=\"\">Gli utenti possono sperimentare diversi stili e look per scopi personali o professionali.<\/p>\n\n\n\n<h3 class=\"wp-block-heading\" id=\"top-10-ai-clothes-changer-tools-and-information\">I 10 migliori strumenti e informazioni sul cambio d'abito AI<\/h3>\n\n\n\n<figure class=\"wp-block-table\"><table class=\"has-fixed-layout\"><thead><tr><th>Strumento\/Sito web<\/th><th>Pro<\/th><th>Contro<\/th><th>Caratteristiche<\/th><th>URL<\/th><\/tr><\/thead><tbody><tr><td>Cambiatore di vestiti AI AIArtFree<\/td><td>100% Gratuito, uso illimitato, senza obbligo di registrazione<\/td><td>Pu\u00f2 avere funzioni avanzate limitate<\/td><td>Interfaccia facile da usare, ampia gamma di opzioni per l'abbigliamento<\/td><td><a href=\"https:\/\/aiartfree.online\/it\/ai-cambia-abiti\/\">https:\/\/aiartfree.online\/ai-clothes-changer\/<\/a><\/td><\/tr><tr><td>DALL-E 2<\/td><td>Potenti immagini generate dall'intelligenza artificiale<\/td><td>Richiede un account OpenAI<\/td><td>Generazione da testo a immagine, trasferimento di stile<\/td><td><a href=\"https:\/\/openai.com\/dall-e-2\" target=\"_blank\" rel=\"noopener\">https:\/\/openai.com\/dall-e-2<\/a><\/td><\/tr><tr><td>Viaggio intermedio<\/td><td>Moda di alta qualit\u00e0 generata dall'intelligenza artificiale<\/td><td>Servizio a pagamento, curva di apprendimento<\/td><td>Spunti di testo avanzati, stile unico<\/td><td>https:\/\/www.midjourney.com<\/td><\/tr><tr><td>Diffusione stabile<\/td><td>Open-source, personalizzabile<\/td><td>Richiede conoscenze tecniche<\/td><td>Altamente flessibile, orientato alla comunit\u00e0<\/td><td>https:\/\/stability.ai<\/td><\/tr><tr><td>Vestire l'intelligenza artificiale<\/td><td>Specializzati nella prova virtuale<\/td><td>Opzioni gratuite limitate<\/td><td>Simulazione realistica dell'abbigliamento<\/td><td>https:\/\/dressupaionline.com<\/td><\/tr><tr><td>Vue.ai<\/td><td>Soluzione di livello aziendale<\/td><td>Costoso per i singoli<\/td><td>Funzioni avanzate di intelligenza artificiale, integrazione dell'e-commerce<\/td><td>https:\/\/vue.ai<\/td><\/tr><tr><td>Pixlr<\/td><td>Caratteristiche di base gratuite<\/td><td>Le funzioni premium richiedono un abbonamento<\/td><td>Interfaccia facile da usare, strumenti di editing fotografico<\/td><td>https:\/\/pixlr.com<\/td><\/tr><tr><td>Canva<\/td><td>Piattaforma di progettazione versatile<\/td><td>Funzionalit\u00e0 di cambio abiti AI limitate<\/td><td>Facile da usare, modelli disponibili<\/td><td>https:\/\/www.canva.com<\/td><\/tr><tr><td>Adobe Lucciola<\/td><td>Potente generazione di immagini AI<\/td><td>Richiede l'abbonamento a Creative Cloud<\/td><td>Output di alta qualit\u00e0, integrazione con la suite Adobe<\/td><td>https:\/\/www.adobe.com\/sensei\/generative-ai\/firefly.html<\/td><\/tr><tr><td>Pista ML<\/td><td>Strumenti avanzati di intelligenza artificiale per i creatori<\/td><td>Curva di apprendimento ripida<\/td><td>Montaggio video, generazione di immagini<\/td><td>https:\/\/runwayml.com<\/td><\/tr><\/tbody><\/table><\/figure>\n\n\n\n<h3 class=\"wp-block-heading\" id=\"pros-cons-advantages-challenges-and-recommendations-for-the-ai-clothes-changer-industry\">Pro, contro, vantaggi, sfide e raccomandazioni per il settore degli appendiabiti AI<\/h3>\n\n\n\n<h3 class=\"wp-block-heading\" id=\"pros\">Pro<\/h3>\n\n\n\n<ul class=\"wp-block-list\">\n<li class=\"\">Migliora l'esperienza di acquisto online<\/li>\n\n\n\n<li class=\"\">Riduce i tassi di restituzione nell'e-commerce<\/li>\n\n\n\n<li class=\"\">Promuove la creativit\u00e0 nel design della moda<\/li>\n<\/ul>\n\n\n\n<h4 class=\"wp-block-heading\" id=\"cons\">Contro<\/h4>\n\n\n\n<ul class=\"wp-block-list\">\n<li class=\"\">Potenziali problemi di privacy con le immagini degli utenti<\/li>\n\n\n\n<li class=\"\">Non sempre i dati rappresentano in modo accurato l'adattamento al mondo reale.<\/li>\n<\/ul>\n\n\n\n<h4 class=\"wp-block-heading\" id=\"advantages\">Vantaggi<\/h4>\n\n\n\n<ul class=\"wp-block-list\">\n<li class=\"\">Alternativa sostenibile ai rifiuti fisici della moda<\/li>\n\n\n\n<li class=\"\">Democratizza la sperimentazione della moda<\/li>\n<\/ul>\n\n\n\n<h4 class=\"wp-block-heading\" id=\"challenges\">Sfide<\/h4>\n\n\n\n<ul class=\"wp-block-list\">\n<li class=\"\">Garantire risultati fotorealistici<\/li>\n\n\n\n<li class=\"\">Bilanciamento tra facilit\u00e0 d'uso e funzioni avanzate<\/li>\n<\/ul>\n\n\n\n<h4 class=\"wp-block-heading\" id=\"recommendations\">Raccomandazioni<\/h4>\n\n\n\n<ul class=\"wp-block-list\">\n<li class=\"\">Investire per migliorare l'accuratezza e il realismo dell'IA<\/li>\n\n\n\n<li class=\"\">Privilegiare la privacy degli utenti e la protezione dei dati<\/li>\n\n\n\n<li class=\"\">Collaborare con marchi di moda per autentici cataloghi digitali<\/li>\n<\/ul>\n\n\n\n<h3 class=\"wp-block-heading\" id=\"frequently-asked-questions-faq\">Domande frequenti (FAQ)<\/h3>\n\n\n\n<ol class=\"wp-block-list\">\n<li class=\"\">D: L'AI Clothes Changer \u00e8 gratuito?<br>R: Alcuni strumenti come AIArtFree offrono 100% gratuitamente e senza limiti di utilizzo, mentre altri possono avere funzioni a pagamento.<\/li>\n\n\n\n<li class=\"\">D: Devo iscrivermi per utilizzare un cambia abiti AI?<br>R: Non sempre. Strumenti come AIArtFree (https:\/\/aiartfree.online\/ai-clothes-changer\/) offrono servizi senza obbligo di iscrizione.<\/li>\n\n\n\n<li class=\"\">D: AI Clothes Changer pu\u00f2 funzionare con qualsiasi foto?<br>R: La maggior parte degli strumenti funziona meglio con foto chiare e frontali. Tuttavia, l'intelligenza artificiale avanzata \u00e8 in grado di gestire pose e sfondi diversi.<\/li>\n\n\n\n<li class=\"\">D: Quanto sono precisi i cambi d'abito AI nel rappresentare gli abiti reali?<br>R: La precisione varia a seconda dello strumento, ma le principali tecnologie di IA sono sempre pi\u00f9 realistiche nelle loro rappresentazioni.<\/li>\n\n\n\n<li class=\"\">D: L'AI Clothes Changer pu\u00f2 creare modelli personalizzati?<br>R: S\u00ec, alcuni strumenti avanzati consentono agli utenti di generare disegni unici utilizzando suggerimenti di testo o modelli generati dall'intelligenza artificiale.<\/li>\n\n\n\n<li class=\"\">D: \u00c8 possibile cambiare solo il colore dei vestiti utilizzando questi strumenti?<br>R: Assolutamente! Molti cambia-abiti AI offrono la possibilit\u00e0 di modificare solo il colore dei capi esistenti.<\/li>\n\n\n\n<li class=\"\">D: Esistono cambiatori di vestiti AI specifici per gli stilisti?<br>R: S\u00ec, strumenti come Vue.ai e Adobe Firefly si rivolgono ai designer professionisti con funzioni avanzate.<\/li>\n\n\n\n<li class=\"\">D: L'AI Clothes Changer pu\u00f2 essere utilizzato per i contenuti video?<br>R: Alcuni strumenti avanzati come Runway ML offrono funzionalit\u00e0 di editing video con funzioni di cambio d'abito AI.<\/li>\n\n\n\n<li class=\"\">D: In che modo gli appendiabiti AI gestiscono gli accessori e gli indumenti a strati?<br>R: Gli strumenti di intelligenza artificiale pi\u00f9 sofisticati sono in grado di gestire outfit complessi, compresi accessori e strati, ma gli strumenti pi\u00f9 semplici possono avere dei limiti.<\/li>\n\n\n\n<li class=\"\">D: Ci sono problemi di natura etica nell'utilizzo degli appendiabiti AI?<br>R: Le principali preoccupazioni riguardano la privacy dei dati degli utenti e il potenziale uso improprio per la creazione di immagini ingannevoli. \u00c8 importante utilizzare questi strumenti in modo responsabile.<\/li>\n<\/ol>\n\n\n\n<h3 class=\"wp-block-heading\" id=\"conclusion\">Conclusione<\/h3>\n\n\n\n<p class=\"\">La tecnologia AI Clothes Changer sta rivoluzionando il settore della moda, offrendo opportunit\u00e0 senza precedenti di creativit\u00e0, sostenibilit\u00e0 e personalizzazione. Dai singoli utenti ai grandi marchi della moda, le applicazioni sono ampie e di grande impatto. Strumenti come AI Clothes Changer (https:\/\/aiartfree.online\/ai-clothes-changer\/) di AIArtFree, che rappresenta la scelta numero uno per molti, offrono opzioni accessibili, gratuite e di facile utilizzo per esplorare questa entusiasmante tecnologia. Che siate appassionati di moda, designer o professionisti dell'e-commerce, l'adozione di AI Clothes Changer pu\u00f2 migliorare significativamente la vostra esperienza di moda e il vostro flusso di lavoro. Iniziate oggi stesso a sperimentare questo innovativo editor di foto AI e trasformate il vostro approccio alla moda!<\/p>\n\n\n\n<p class=\"\"><\/p>","protected":false},"excerpt":{"rendered":"<p>Before vs After How to use the AI Clothes Changer * Feel free to try our examples below if you don&#8217;t have any thoughts in your mind *&nbsp;Depending on your internet speed, loading the model may take up to 10 seconds \u2193 AI Clothes Changer: The Ultimate Guide to Virtual Fashion Transformation This comprehensive guide &#8230; <a title=\"Cambio di vestiti AI\" class=\"read-more\" href=\"https:\/\/aiartfree.online\/it\/ai-cambia-abiti\/\" aria-label=\"Per saperne di pi\u00f9 su AI Clothes Changer\">Leggi tutto<\/a><\/p>","protected":false},"author":1,"featured_media":3386,"parent":0,"menu_order":0,"comment_status":"open","ping_status":"closed","template":"","meta":{"nf_dc_page":"","footnotes":""},"class_list":["post-3382","page","type-page","status-publish","has-post-thumbnail"],"jetpack_sharing_enabled":true,"_links":{"self":[{"href":"https:\/\/aiartfree.online\/it\/wp-json\/wp\/v2\/pages\/3382","targetHints":{"allow":["GET"]}}],"collection":[{"href":"https:\/\/aiartfree.online\/it\/wp-json\/wp\/v2\/pages"}],"about":[{"href":"https:\/\/aiartfree.online\/it\/wp-json\/wp\/v2\/types\/page"}],"author":[{"embeddable":true,"href":"https:\/\/aiartfree.online\/it\/wp-json\/wp\/v2\/users\/1"}],"replies":[{"embeddable":true,"href":"https:\/\/aiartfree.online\/it\/wp-json\/wp\/v2\/comments?post=3382"}],"version-history":[{"count":0,"href":"https:\/\/aiartfree.online\/it\/wp-json\/wp\/v2\/pages\/3382\/revisions"}],"wp:featuredmedia":[{"embeddable":true,"href":"https:\/\/aiartfree.online\/it\/wp-json\/wp\/v2\/media\/3386"}],"wp:attachment":[{"href":"https:\/\/aiartfree.online\/it\/wp-json\/wp\/v2\/media?parent=3382"}],"curies":[{"name":"wp","href":"https:\/\/api.w.org\/{rel}","templated":true}]}}