{"id":3366,"date":"2024-07-31T07:54:51","date_gmt":"2024-07-31T07:54:51","guid":{"rendered":"https:\/\/aiartfree.online\/?page_id=3366"},"modified":"2024-08-02T10:41:37","modified_gmt":"2024-08-02T10:41:37","slug":"ai-background-generator","status":"publish","type":"page","link":"https:\/\/aiartfree.online\/it\/generatore-di-sfondo-ai\/","title":{"rendered":"Generatore di sfondi AI"},"content":{"rendered":"<h2 class=\"wp-block-heading has-text-align-center\" id=\"before-vs-after\">Prima e dopo<\/h2>\n\n\n\n<figure class=\"gb-block-image gb-block-image-1822da1f\"><img data-recalc-dims=\"1\" decoding=\"async\" loading=\"lazy\" width=\"1200\" height=\"423\" class=\"gb-image gb-image-1822da1f\" src=\"https:\/\/i0.wp.com\/aiartfree.online\/wp-content\/uploads\/2024\/07\/WX20240731-145349%402x-scaled.webp?resize=1200%2C423&#038;ssl=1\" alt=\"Generatore di sfondi AI | Cambiamento di sfondo gratuito, illimitato\" title=\"WX20240731-145349@2x\" srcset=\"https:\/\/i0.wp.com\/aiartfree.online\/wp-content\/uploads\/2024\/07\/WX20240731-145349%402x-scaled.webp?w=2560&amp;ssl=1 2560w, https:\/\/i0.wp.com\/aiartfree.online\/wp-content\/uploads\/2024\/07\/WX20240731-145349%402x-scaled.webp?resize=300%2C106&amp;ssl=1 300w, https:\/\/i0.wp.com\/aiartfree.online\/wp-content\/uploads\/2024\/07\/WX20240731-145349%402x-scaled.webp?resize=1024%2C361&amp;ssl=1 1024w, https:\/\/i0.wp.com\/aiartfree.online\/wp-content\/uploads\/2024\/07\/WX20240731-145349%402x-scaled.webp?resize=768%2C271&amp;ssl=1 768w, https:\/\/i0.wp.com\/aiartfree.online\/wp-content\/uploads\/2024\/07\/WX20240731-145349%402x-scaled.webp?resize=1536%2C541&amp;ssl=1 1536w, https:\/\/i0.wp.com\/aiartfree.online\/wp-content\/uploads\/2024\/07\/WX20240731-145349%402x-scaled.webp?resize=2048%2C721&amp;ssl=1 2048w, https:\/\/i0.wp.com\/aiartfree.online\/wp-content\/uploads\/2024\/07\/WX20240731-145349%402x-scaled.webp?resize=18%2C6&amp;ssl=1 18w, https:\/\/i0.wp.com\/aiartfree.online\/wp-content\/uploads\/2024\/07\/WX20240731-145349%402x-scaled.webp?resize=600%2C211&amp;ssl=1 600w, https:\/\/i0.wp.com\/aiartfree.online\/wp-content\/uploads\/2024\/07\/WX20240731-145349%402x-scaled.webp?w=2400&amp;ssl=1 2400w\" sizes=\"auto, (max-width: 1200px) 100vw, 1200px\" \/><\/figure>\n\n\n\n<h2 class=\"wp-block-heading\" id=\"how-to-use-the-ai-background-generator\">Come utilizzare il generatore di sfondi AI<\/h2>\n\n\n\n<ol class=\"wp-block-list\">\n<li class=\"\">Rilasciare o caricare l'immagine<\/li>\n\n\n\n<li class=\"\">Immettere la richiesta (selezionare <strong>Rimuovere lo sfondo<\/strong> se l'immagine \u00e8 con uno sfondo per ottenere un risultato migliore)<\/li>\n\n\n\n<li class=\"\">Fare clic su \"Genera\".<\/li>\n\n\n\n<li class=\"\">Aspetta, \u00e8 cos\u00ec!<\/li>\n<\/ol>\n\n\n\n<p class=\"\">* Sentitevi liberi di provare i nostri esempi qui sotto se non vi viene in mente nulla.<\/p>\n\n\n\n<p class=\"\"><em>* A seconda della velocit\u00e0 di internet, il caricamento del modello potrebbe richiedere alcuni secondi.<br>* Durante la generazione continua si verifica il caching e la nuova immagine viene visualizzata dopo circa 3 secondi.<\/em><\/p>\n\n\n<div class=\"gb-container gb-container-968be51b\">\n\n<div class=\"iframe-wrapper\" style=\"position: relative; width: 100%; height: 2650px;\">\n  <div class=\"loading\" style=\"position: absolute; top: 100px; left: 50%; transform: translate(-50%, -50%); width: 40px; height: 40px; border: 3px solid #f0f0f0; border-top: 3px solid #db7093; border-radius: 50%; animation: spin 1s linear infinite;\"><\/div>\n  <iframe loading=\"lazy\" src=\"https:\/\/fotographerai-fai-fuzer.hf.space\" frameborder=\"0\" width=\"100%\" height=\"100%\" style=\"position: absolute; top: 0; left: 0; opacity: 0; transition: opacity 0.3s;\" onload=\"this.style.opacity=1;this.previousElementSibling.style.display='none';\"><\/iframe>\n<\/div>\n\n<style>\n@keyframes spin {\n  0% { transform: translate(-50%, -50%) rotate(0deg); }\n  100% { transform: translate(-50%, -50%) rotate(360deg); }\n}\n<\/style>\n\n<\/div>\n\n\n<div style=\"height:100px\" aria-hidden=\"true\" class=\"wp-block-spacer\"><\/div>\n\n\n\n<h2 class=\"wp-block-heading\" id=\"ai-background-generator-revolutionizing-image-creation\">Generatore di sfondi AI: Rivoluzionare la creazione di immagini<\/h2>\n\n\n\n<p class=\"\">Questo articolo esplora il mondo dei generatori di sfondo AI, i loro vantaggi e il modo in cui stanno trasformando le immagini digitali. Tratteremo tutto, dai concetti di base alle applicazioni avanzate, aiutandovi a capire perch\u00e9 questo strumento sta diventando indispensabile per i creatori e le aziende.<\/p>\n\n\n\n<div class=\"wp-block-rank-math-toc-block\" id=\"rank-math-toc\"><h3>Indice dei contenuti<\/h3><nav><ul><li><a href=\"#what-is-an-ai-background-generator\">Che cos'\u00e8 un generatore di sfondo AI?<\/a><\/li><li><a href=\"#why-use-an-ai-background-generator\">Perch\u00e9 utilizzare un generatore di sfondi AI?<\/a><\/li><li><a href=\"#main-features-of-ai-background-generators\">Caratteristiche principali dei generatori di sfondi AI<\/a><ul><li><a href=\"#1-image-generation-from-text\">1. Generazione di immagini dal testo<\/a><\/li><li><a href=\"#2-style-transfer\">2. Trasferimento di stile<\/a><\/li><li><a href=\"#3-background-removal-and-replacement\">3. Rimozione e sostituzione dello sfondo<\/a><\/li><li><a href=\"#4-resolution-enhancement\">4. Miglioramento della risoluzione<\/a><\/li><\/ul><\/li><li><a href=\"#who-should-use-ai-background-generators\">Chi dovrebbe utilizzare i generatori di background AI?<\/a><\/li><li><a href=\"#industries-benefiting-from-ai-background-generators\">Settori che beneficiano dei generatori di background AI<\/a><\/li><li><a href=\"#how-to-use-an-ai-background-generator\">Come utilizzare un generatore di sfondi AI<\/a><\/li><li><a href=\"#use-cases-for-ai-background-generators\">Casi d'uso per i generatori di sfondo AI<\/a><ul><li><a href=\"#e-commerce-product-images\">Immagini di prodotti per il commercio elettronico<\/a><\/li><li><a href=\"#social-media-content\">Contenuti per i social media<\/a><\/li><li><a href=\"#video-production\">Produzione video<\/a><\/li><li><a href=\"#website-design\">Design del sito web<\/a><\/li><\/ul><\/li><li><a href=\"#10-ai-background-generator-tools-pros-cons-and-features\">10 Strumenti per la generazione di sfondi AI: Pro, contro e caratteristiche<\/a><\/li><li><a href=\"#advantages-challenges-and-recommendations-for-the-ai-background-generation-industry\">Vantaggi, sfide e raccomandazioni per l'industria della generazione di background dell'IA<\/a><ul><li><a href=\"#advantages\">Vantaggi<\/a><\/li><li><a href=\"#challenges\">Sfide<\/a><\/li><li><a href=\"#recommendations\">Raccomandazioni<\/a><\/li><\/ul><\/li><li><a href=\"#faq\">FAQ<\/a><\/li><li><a href=\"#conclusion\">Conclusione<\/a><\/li><\/ul><\/nav><\/div>\n\n\n\n<h3 class=\"wp-block-heading\" id=\"what-is-an-ai-background-generator\">Che cos'\u00e8 un generatore di sfondo AI?<\/h3>\n\n\n\n<p class=\"\">Un generatore di sfondi AI \u00e8 uno strumento all'avanguardia che utilizza l'intelligenza artificiale per creare sfondi unici e sorprendenti per vari progetti digitali. Questa tecnologia n.1 consente agli utenti di produrre immagini di alta qualit\u00e0 senza dover ricorrere a competenze grafiche approfondite o a software costosi.<\/p>\n\n\n\n<h3 class=\"wp-block-heading\" id=\"why-use-an-ai-background-generator\">Perch\u00e9 utilizzare un generatore di sfondi AI?<\/h3>\n\n\n\n<p class=\"\">L'utilizzo di un generatore di sfondo AI offre numerosi vantaggi:<\/p>\n\n\n\n<ol class=\"wp-block-list\">\n<li class=\"\">Risparmio di tempo: Generazione di sfondi in pochi secondi<\/li>\n\n\n\n<li class=\"\">Conveniente: Molte opzioni sono 100% gratuite e illimitate<\/li>\n\n\n\n<li class=\"\">Versatile: crea sfondi per vari scopi<\/li>\n\n\n\n<li class=\"\">Non sono richieste competenze di progettazione: L'intelligenza artificiale fa il lavoro pesante<\/li>\n\n\n\n<li class=\"\">Personalizzabile: Adatta i risultati alle vostre esigenze specifiche<\/li>\n<\/ol>\n\n\n\n<h3 class=\"wp-block-heading\" id=\"main-features-of-ai-background-generators\">Caratteristiche principali dei generatori di sfondi AI<\/h3>\n\n\n\n<h4 class=\"wp-block-heading\" id=\"1-image-generation-from-text\">1. Generazione di immagini dal testo<\/h4>\n\n\n\n<p class=\"\">I generatori di sfondi AI possono creare immagini basate su descrizioni testuali, consentendo di ottenere risultati incredibilmente specifici e personalizzati.<\/p>\n\n\n\n<h4 class=\"wp-block-heading\" id=\"2-style-transfer\">2. Trasferimento di stile<\/h4>\n\n\n\n<p class=\"\">Applicate stili artistici alle immagini esistenti o generatene di nuove con stili specifici, dal fotorealistico all'astratto.<\/p>\n\n\n\n<h4 class=\"wp-block-heading\" id=\"3-background-removal-and-replacement\">3. Rimozione e sostituzione dello sfondo<\/h4>\n\n\n\n<p class=\"\">Rimuovete e cambiate facilmente lo sfondo delle foto, perfetto per immagini di prodotti o ritratti.<\/p>\n\n\n\n<h4 class=\"wp-block-heading\" id=\"4-resolution-enhancement\">4. Miglioramento della risoluzione<\/h4>\n\n\n\n<p class=\"\">Aumentate e migliorate la qualit\u00e0 delle immagini esistenti o generate sfondi ad alta risoluzione partendo da zero.<\/p>\n\n\n\n<h3 class=\"wp-block-heading\" id=\"who-should-use-ai-background-generators\">Chi dovrebbe utilizzare i generatori di background AI?<\/h3>\n\n\n\n<ul class=\"wp-block-list\">\n<li class=\"\">Designer grafici<\/li>\n\n\n\n<li class=\"\">Marketing dei social media<\/li>\n\n\n\n<li class=\"\">Attivit\u00e0 di e-commerce<\/li>\n\n\n\n<li class=\"\">Sviluppatori di giochi (ad esempio, per il generatore di sfondo di dnd ai)<\/li>\n\n\n\n<li class=\"\">Creatori di contenuti<\/li>\n\n\n\n<li class=\"\">Fotografi<\/li>\n<\/ul>\n\n\n\n<h3 class=\"wp-block-heading\" id=\"industries-benefiting-from-ai-background-generators\">Settori che beneficiano dei generatori di background AI<\/h3>\n\n\n\n<ul class=\"wp-block-list\">\n<li class=\"\">Pubblicit\u00e0 e marketing<\/li>\n\n\n\n<li class=\"\">Fotografia di e-commerce e di prodotto<\/li>\n\n\n\n<li class=\"\">Gioco e intrattenimento<\/li>\n\n\n\n<li class=\"\">Immobili<\/li>\n\n\n\n<li class=\"\">Moda e stile di vita<\/li>\n\n\n\n<li class=\"\">Istruzione e e-learning<\/li>\n<\/ul>\n\n\n\n<h3 class=\"wp-block-heading\" id=\"how-to-use-an-ai-background-generator\">Come utilizzare un generatore di sfondi AI<\/h3>\n\n\n\n<ol class=\"wp-block-list\">\n<li class=\"\">Scegliere uno strumento affidabile per la generazione di sfondi AI<\/li>\n\n\n\n<li class=\"\">Selezionare la funzione desiderata (ad esempio, generare una nuova immagine, rimuovere lo sfondo).<\/li>\n\n\n\n<li class=\"\">Inserire una descrizione testuale o caricare un'immagine<\/li>\n\n\n\n<li class=\"\">Regolare le impostazioni come necessario<\/li>\n\n\n\n<li class=\"\">Generare lo sfondo<\/li>\n\n\n\n<li class=\"\">Scaricate e utilizzate il vostro nuovo sfondo<\/li>\n<\/ol>\n\n\n\n<h3 class=\"wp-block-heading\" id=\"use-cases-for-ai-background-generators\">Casi d'uso per i generatori di sfondo AI<\/h3>\n\n\n\n<h4 class=\"wp-block-heading\" id=\"e-commerce-product-images\">Immagini di prodotti per il commercio elettronico<\/h4>\n\n\n\n<p class=\"\">Create immagini di prodotti dall'aspetto professionale con bellissime immagini di fiori generate da ai con sfondo sfocato o altri contesti adatti.<\/p>\n\n\n\n<h4 class=\"wp-block-heading\" id=\"social-media-content\">Contenuti per i social media<\/h4>\n\n\n\n<p class=\"\">Generare sfondi accattivanti per post, storie e annunci.<\/p>\n\n\n\n<h4 class=\"wp-block-heading\" id=\"video-production\">Produzione video<\/h4>\n\n\n\n<p class=\"\">Create fondali unici per progetti video, set virtuali o sostituzioni di schermi verdi.<\/p>\n\n\n\n<h4 class=\"wp-block-heading\" id=\"website-design\">Design del sito web<\/h4>\n\n\n\n<p class=\"\">Sviluppare sfondi personalizzati per pagine web, intestazioni e banner.<\/p>\n\n\n\n<h3 class=\"wp-block-heading\" id=\"10-ai-background-generator-tools-pros-cons-and-features\">10 Strumenti per la generazione di sfondi AI: Pro, contro e caratteristiche<\/h3>\n\n\n\n<figure class=\"wp-block-table\"><table class=\"has-fixed-layout\"><thead><tr><th>Strumento<\/th><th>Pro<\/th><th>Contro<\/th><th>Caratteristiche<\/th><th>URL<\/th><\/tr><\/thead><tbody><tr><td>AIArtFree<\/td><td>100% Gratuito, senza registrazione, uso illimitato<\/td><td>Funzionalit\u00e0 avanzate limitate<\/td><td>Generatore di sfondo AI, rimozione dello sfondo<\/td><td><a href=\"https:\/\/aiartfree.online\/it\/generatore-di-sfondo-ai\/\">https:\/\/aiartfree.online\/ai-background-generator\/<\/a><\/td><\/tr><tr><td>DALL-E 2<\/td><td>Uscite di alta qualit\u00e0, versatilit\u00e0<\/td><td>Servizio a pagamento, richiede un account OpenAI<\/td><td>Generazione da testo a immagine, editing di immagini<\/td><td><a href=\"https:\/\/openai.com\/dall-e-2\" target=\"_blank\" rel=\"noreferrer noopener\">https:\/\/openai.com\/dall-e-2<\/a><\/td><\/tr><tr><td>Viaggio intermedio<\/td><td>Realizzazioni artistiche, a guida comunitaria<\/td><td>Servizio a pagamento, interfaccia basata su Discord<\/td><td>Generazione da testo a immagine, personalizzazione dello stile<\/td><td>https:\/\/www.midjourney.com<\/td><\/tr><tr><td>Diffusione stabile<\/td><td>Open-source, personalizzabile<\/td><td>Richiede conoscenze tecniche per la configurazione<\/td><td>Generazione testo-immagine, traduzione immagine-immagine<\/td><td>https:\/\/stability.ai<\/td><\/tr><tr><td>Canva<\/td><td>Interfaccia facile da usare, strumenti di progettazione integrati<\/td><td>Funzioni AI limitate nella versione gratuita<\/td><td>Rimozione dello sfondo, generazione di immagini (con Magic Studio)<\/td><td>https:\/\/www.canva.com<\/td><\/tr><tr><td>Rimuovi.bg<\/td><td>Specializzato nella rimozione dello sfondo, API disponibile<\/td><td>Limitato alla sola rimozione dello sfondo<\/td><td>Rimozione automatica dello sfondo, rilevamento delle persone<\/td><td>https:\/\/www.remove.bg<\/td><\/tr><tr><td>Pixlr<\/td><td>Versione base gratuita, basata sul Web<\/td><td>Le funzioni avanzate richiedono un abbonamento<\/td><td>Rimozione dello sfondo AI, Strumenti di modifica delle immagini<\/td><td>https:\/\/pixlr.com<\/td><\/tr><tr><td>PhotoRoom<\/td><td>Mobile-friendly, ottimo per le foto dei prodotti<\/td><td>Le funzioni complete richiedono un abbonamento<\/td><td>Rimozione dello sfondo, rimozione degli oggetti, generazione di immagini AI<\/td><td>https:\/\/www.photoroom.com<\/td><\/tr><tr><td>Allevatore d'arte<\/td><td>Funzionalit\u00e0 uniche di fusione delle immagini<\/td><td>Curva di apprendimento per ottenere i migliori risultati<\/td><td>Miscelazione di immagini, trasferimento di stile<\/td><td>https:\/\/www.artbreeder.com<\/td><\/tr><tr><td>Fotor<\/td><td>Facile da usare, molteplici strumenti di intelligenza artificiale<\/td><td>Alcune funzioni sono bloccate dietro il paywall<\/td><td>Rimozione dello sfondo, Generatore di arte AI, Effetti fotografici<\/td><td>https:\/\/www.fotor.com<\/td><\/tr><\/tbody><\/table><figcaption class=\"wp-element-caption\">Questa tabella fornisce una panoramica pi\u00f9 completa dei vari strumenti di generazione di sfondo AI, compresi i loro pro, contro, caratteristiche principali e URL.<\/figcaption><\/figure>\n\n\n\n<h3 class=\"wp-block-heading\" id=\"advantages-challenges-and-recommendations-for-the-ai-background-generation-industry\">Vantaggi, sfide e raccomandazioni per l'industria della generazione di background dell'IA<\/h3>\n\n\n\n<h4 class=\"wp-block-heading\" id=\"advantages\">Vantaggi<\/h4>\n\n\n\n<ul class=\"wp-block-list\">\n<li class=\"\">Rapida innovazione della tecnologia AI<\/li>\n\n\n\n<li class=\"\">Aumento della domanda in vari settori<\/li>\n\n\n\n<li class=\"\">Potenziale di integrazione con altri strumenti di IA<\/li>\n<\/ul>\n\n\n\n<h4 class=\"wp-block-heading\" id=\"challenges\">Sfide<\/h4>\n\n\n\n<ul class=\"wp-block-list\">\n<li class=\"\">Copyright e problemi etici<\/li>\n\n\n\n<li class=\"\">Garantire la qualit\u00e0 e la coerenza delle immagini<\/li>\n\n\n\n<li class=\"\">Bilanciare l'automazione con la creativit\u00e0 umana<\/li>\n<\/ul>\n\n\n\n<h4 class=\"wp-block-heading\" id=\"recommendations\">Raccomandazioni<\/h4>\n\n\n\n<ul class=\"wp-block-list\">\n<li class=\"\">Concentrarsi su interfacce di facile utilizzo<\/li>\n\n\n\n<li class=\"\">Sviluppare funzionalit\u00e0 specifiche per il settore<\/li>\n\n\n\n<li class=\"\">Privilegiare le pratiche etiche di IA e la trasparenza<\/li>\n<\/ul>\n\n\n\n<h3 class=\"wp-block-heading\" id=\"faq\">FAQ<\/h3>\n\n\n\n<ol class=\"wp-block-list\">\n<li class=\"\">Come generare uno sfondo AI in Photoshop?<br>Sebbene Photoshop offra alcune funzioni di IA, l'uso di uno strumento dedicato come https:\/\/aiartfree.online\/ai-background-generator\/ \u00e8 pi\u00f9 veloce, pi\u00f9 facile e gratuito.<\/li>\n\n\n\n<li class=\"\">Come generare uno sfondo in Photoshop?<br>Invece di usare Photoshop, provate il nostro generatore di sfondi AI gratuito per ottenere risultati pi\u00f9 rapidi e semplici.<\/li>\n\n\n\n<li class=\"\">Come generare lo sfondo dell'IA?<br>Visitate https:\/\/aiartfree.online\/ai-background-generator\/, inserite la descrizione desiderata o caricate un'immagine e lasciate che l'intelligenza artificiale crei uno sfondo per voi.<\/li>\n\n\n\n<li class=\"\">Posso utilizzare gli sfondi generati dall'AI a fini commerciali?<br>Dipende dallo strumento e dai suoi termini di servizio. Controllare sempre il contratto di licenza prima dell'uso commerciale.<\/li>\n\n\n\n<li class=\"\">I generatori di sfondi AI sono gratuiti?<br>Molti strumenti offrono opzioni gratuite, come il nostro generatore gratuito e illimitato di 100% su https:\/\/aiartfree.online\/ai-background-generator\/.<\/li>\n\n\n\n<li class=\"\">I generatori di sfondi AI possono creare immagini realistiche?<br>S\u00ec, molti strumenti di intelligenza artificiale sono in grado di creare sfondi e immagini estremamente realistici.<\/li>\n\n\n\n<li class=\"\">Come si rimuove lo sfondo da un'immagine esistente?<br>La maggior parte dei generatori di sfondi AI offre funzioni di rimozione dello sfondo. \u00c8 sufficiente caricare l'immagine e selezionare l'opzione di rimozione dello sfondo.<\/li>\n\n\n\n<li class=\"\">Posso generare sfondi per temi specifici come il fantasy o la fantascienza?<br>Assolutamente! I generatori di intelligenza artificiale possono creare sfondi per vari temi in base alle descrizioni del testo.<\/li>\n\n\n\n<li class=\"\">Ci sono limitazioni agli sfondi generati dall'intelligenza artificiale?<br>Per quanto potenti, i generatori di IA possono talvolta produrre incongruenze o elementi non realistici. Rivedere sempre i risultati e potenzialmente modificarli.<\/li>\n\n\n\n<li class=\"\">Come posso garantire l'unicit\u00e0 degli sfondi generati dall'IA?<br>Utilizzate suggerimenti specifici, combinate pi\u00f9 generazioni o aggiungete tocchi personali per rendere i vostri sfondi davvero unici.<\/li>\n<\/ol>\n\n\n\n<h3 class=\"wp-block-heading\" id=\"conclusion\">Conclusione<\/h3>\n\n\n\n<p class=\"\">I generatori di sfondi AI stanno rivoluzionando il modo in cui creiamo e manipoliamo le immagini digitali. Con strumenti come https:\/\/aiartfree.online\/ai-background-generator\/ che offrono 100% opzioni gratuite, illimitate e senza iscrizione, \u00e8 pi\u00f9 facile che mai produrre immagini straordinarie per qualsiasi progetto. Che siate designer professionisti o creatori occasionali, i generatori di sfondi AI rappresentano una soluzione accessibile, efficiente e potente per le vostre esigenze di immagini. Provatene uno oggi stesso e sperimentate il futuro della creativit\u00e0 digitale!<\/p>","protected":false},"excerpt":{"rendered":"<p>Before vs After How to use the AI Background Generator * Feel free to try our examples below if you don&#8217;t have any thoughts in your mind *&nbsp;Depending on your internet speed, loading the model may take a few seconds.* There will be caching during continuous generation, and the new image will appear after about &#8230; <a title=\"Generatore di sfondi AI\" class=\"read-more\" href=\"https:\/\/aiartfree.online\/it\/generatore-di-sfondo-ai\/\" aria-label=\"Per saperne di pi\u00f9 su AI Background Generator\">Leggi tutto<\/a><\/p>","protected":false},"author":1,"featured_media":3377,"parent":0,"menu_order":0,"comment_status":"open","ping_status":"closed","template":"","meta":{"nf_dc_page":"","footnotes":""},"class_list":["post-3366","page","type-page","status-publish","has-post-thumbnail"],"jetpack_sharing_enabled":true,"_links":{"self":[{"href":"https:\/\/aiartfree.online\/it\/wp-json\/wp\/v2\/pages\/3366","targetHints":{"allow":["GET"]}}],"collection":[{"href":"https:\/\/aiartfree.online\/it\/wp-json\/wp\/v2\/pages"}],"about":[{"href":"https:\/\/aiartfree.online\/it\/wp-json\/wp\/v2\/types\/page"}],"author":[{"embeddable":true,"href":"https:\/\/aiartfree.online\/it\/wp-json\/wp\/v2\/users\/1"}],"replies":[{"embeddable":true,"href":"https:\/\/aiartfree.online\/it\/wp-json\/wp\/v2\/comments?post=3366"}],"version-history":[{"count":0,"href":"https:\/\/aiartfree.online\/it\/wp-json\/wp\/v2\/pages\/3366\/revisions"}],"wp:featuredmedia":[{"embeddable":true,"href":"https:\/\/aiartfree.online\/it\/wp-json\/wp\/v2\/media\/3377"}],"wp:attachment":[{"href":"https:\/\/aiartfree.online\/it\/wp-json\/wp\/v2\/media?parent=3366"}],"curies":[{"name":"wp","href":"https:\/\/api.w.org\/{rel}","templated":true}]}}