{"id":3319,"date":"2024-07-30T11:47:20","date_gmt":"2024-07-30T11:47:20","guid":{"rendered":"https:\/\/aiartfree.online\/?page_id=3319"},"modified":"2025-03-07T08:27:06","modified_gmt":"2025-03-07T08:27:06","slug":"youtube-transcript","status":"publish","type":"page","link":"https:\/\/aiartfree.online\/it\/trascrizione-di-youtube\/","title":{"rendered":"Trascrizione su YouTube"},"content":{"rendered":"<h2 class=\"wp-block-heading\" style=\"font-size:23px\">Come utilizzare la trascrizione di YouTube<\/h2>\n\n\n\n<ol class=\"wp-block-list\">\n<li class=\"\">Selezionare <strong>YouTube<\/strong> dalla scheda superiore<\/li>\n\n\n\n<li class=\"\">Incollare l'URL di YouTube<\/li>\n\n\n\n<li class=\"\">Selezionate \"Restituzione dei timestamp\".<\/li>\n\n\n\n<li class=\"\">Fare clic su \"Invia\".<\/li>\n\n\n\n<li class=\"\">Aspetta, \u00e8 cos\u00ec!<\/li>\n<\/ol>\n\n\n\n<figure class=\"gb-block-image gb-block-image-4dfafe81\"><a href=\"https:\/\/fas.st\/t\/XmtmoHSk\" target=\"_blank\" rel=\"noopener noreferrer\"><img data-recalc-dims=\"1\" decoding=\"async\" loading=\"lazy\" width=\"1200\" height=\"368\" class=\"gb-image gb-image-4dfafe81\" src=\"https:\/\/i0.wp.com\/aiartfree.online\/wp-content\/uploads\/2025\/03\/WX20250307-114300%402x.webp?resize=1200%2C368&#038;ssl=1\" alt=\"\" title=\"WX20250307-114300@2x\" srcset=\"https:\/\/i0.wp.com\/aiartfree.online\/wp-content\/uploads\/2025\/03\/WX20250307-114300%402x.webp?w=1900&amp;ssl=1 1900w, https:\/\/i0.wp.com\/aiartfree.online\/wp-content\/uploads\/2025\/03\/WX20250307-114300%402x.webp?resize=300%2C92&amp;ssl=1 300w, https:\/\/i0.wp.com\/aiartfree.online\/wp-content\/uploads\/2025\/03\/WX20250307-114300%402x.webp?resize=1024%2C314&amp;ssl=1 1024w, https:\/\/i0.wp.com\/aiartfree.online\/wp-content\/uploads\/2025\/03\/WX20250307-114300%402x.webp?resize=768%2C235&amp;ssl=1 768w, https:\/\/i0.wp.com\/aiartfree.online\/wp-content\/uploads\/2025\/03\/WX20250307-114300%402x.webp?resize=1536%2C471&amp;ssl=1 1536w, https:\/\/i0.wp.com\/aiartfree.online\/wp-content\/uploads\/2025\/03\/WX20250307-114300%402x.webp?resize=18%2C6&amp;ssl=1 18w, https:\/\/i0.wp.com\/aiartfree.online\/wp-content\/uploads\/2025\/03\/WX20250307-114300%402x.webp?resize=600%2C184&amp;ssl=1 600w\" sizes=\"auto, (max-width: 1200px) 100vw, 1200px\" \/><\/a><\/figure>\n\n\n\n<p class=\"\">* <em>A seconda della velocit\u00e0 di internet, il caricamento del modello pu\u00f2 richiedere alcuni secondi.<\/em> \u2193<\/p>\n\n\n\n<style>\n  .iframe-container {\n    text-align: center;\n    border: 2px solid;\n    border-image-source: linear-gradient(to right, #16b86c, #912899);\n    border-image-slice: 1;\n    box-shadow: 0 0 10px rgba(0, 0, 0, 0.1);\n    border-radius: 15px;\n    position: relative; \/* \u4f7f loader \u7edd\u5bf9\u5b9a\u4f4d\u6709\u6548 *\/\n  }\n  .loader {\n    position: absolute;\n    top: 100px;\n    left: 50%;\n    transform: translate(-50%, -50%);\n    width: 40px;\n    height: 40px;\n    border: 4px solid #f3f3f3;\n    border-top: 4px solid #9834db;\n    border-radius: 50%;\n    animation: spin 1s linear infinite;\n  }\n  @keyframes spin {\n    0% { transform: translate(-50%, -50%) rotate(0deg); }\n    100% { transform: translate(-50%, -50%) rotate(360deg); }\n  }\n  iframe {\n    width: 100%;\n    height: 1550px;\n    border: none;\n    display: inline-block;\n    margin: 0 auto;\n    opacity: 0;\n    transition: opacity 0.3s ease;\n  }\n<\/style>\n\n<div class=\"iframe-container\">\n  <div id=\"loader\" class=\"loader\"><\/div>\n  <iframe\n    src=\"https:\/\/sanchit-gandhi-whisper-jax.hf.space\"\n    frameborder=\"0\"\n    onload=\"this.style.opacity=1;document.getElementById('loader').style.display='none';\"\n  ><\/iframe>\n<\/div>\n\n\n\n<div style=\"height:60px\" aria-hidden=\"true\" class=\"wp-block-spacer\"><\/div>\n\n\n\n<h2 class=\"wp-block-heading\">La guida definitiva per la trascrizione su YouTube<\/h2>\n\n\n\n<h3 class=\"wp-block-heading\">Indice dei contenuti<\/h3>\n\n\n\n<ol class=\"wp-block-list\">\n<li class=\"\"><a href=\"#introduction\">Introduzione<\/a><\/li>\n\n\n\n<li class=\"\"><a href=\"#what-is-a-youtube-transcript\">Che cos'\u00e8 una trascrizione su YouTube?<\/a><\/li>\n\n\n\n<li class=\"\"><a href=\"#why-use-youtube-transcripts\">Perch\u00e9 usare le trascrizioni di YouTube?<\/a><\/li>\n\n\n\n<li class=\"\"><a href=\"#main-features-of-youtube-transcripts\">Caratteristiche principali delle trascrizioni di YouTube<\/a>\n<ul class=\"wp-block-list\">\n<li class=\"\"><a href=\"#transcription-accuracy\">Precisione di trascrizione<\/a><\/li>\n\n\n\n<li class=\"\"><a href=\"#time-stamped-transcripts\">Trascrizioni con timbro temporale<\/a><\/li>\n\n\n\n<li class=\"\"><a href=\"#download-options\">Scarica le opzioni<\/a><\/li>\n\n\n\n<li class=\"\"><a href=\"#editing-and-customization\">Modifica e personalizzazione<\/a><\/li>\n<\/ul>\n<\/li>\n\n\n\n<li class=\"\"><a href=\"#who-should-use-youtube-transcripts\">Chi dovrebbe usare le trascrizioni di YouTube?<\/a><\/li>\n\n\n\n<li class=\"\"><a href=\"#industries-benefiting-from-youtube-transcripts\">Settori che beneficiano delle trascrizioni di YouTube<\/a><\/li>\n\n\n\n<li class=\"\"><a href=\"#how-to-use-youtube-transcripts\">Come utilizzare le trascrizioni di YouTube<\/a><\/li>\n\n\n\n<li class=\"\"><a href=\"#use-cases-of-youtube-transcripts\">Casi d'uso delle trascrizioni di YouTube<\/a>\n<ul class=\"wp-block-list\">\n<li class=\"\"><a href=\"#content-creators\">Creatori di contenuti<\/a><\/li>\n\n\n\n<li class=\"\"><a href=\"#educators\">Educatori<\/a><\/li>\n\n\n\n<li class=\"\"><a href=\"#marketers\">Commercianti<\/a><\/li>\n<\/ul>\n<\/li>\n\n\n\n<li class=\"\"><a href=\"#top-10-youtube-transcript-tools-and-information\">I 10 principali strumenti e informazioni sulla trascrizione di YouTube<\/a><\/li>\n\n\n\n<li class=\"\"><a href=\"#advantages-disadvantages-and-challenges-in-the-industry\">Vantaggi, svantaggi e sfide del settore<\/a><\/li>\n\n\n\n<li class=\"\"><a href=\"#faq\">FAQ<\/a><\/li>\n\n\n\n<li class=\"\"><a href=\"#conclusion\">Conclusione<\/a><\/li>\n<\/ol>\n\n\n\n<h3 class=\"wp-block-heading\">Introduzione<\/h3>\n\n\n\n<p class=\"\">Nell'era digitale, l'accessibilit\u00e0 dei contenuti \u00e8 fondamentale. Uno degli strumenti pi\u00f9 utili per migliorare l'accessibilit\u00e0 e il coinvolgimento \u00e8 la trascrizione di YouTube. Questa guida approfondisce cos'\u00e8 la trascrizione su YouTube, perch\u00e9 \u00e8 essenziale e come utilizzarla in modo efficace. Esploreremo anche i migliori strumenti disponibili, tra cui il nostro consiglio principale, <a href=\"https:\/\/aiartfree.online\/it\/trascrizione-di-youtube\/\">https:\/\/aiartfree.online\/youtube-transcript\/<\/a>e fornire una sezione FAQ completa per rispondere alle domande pi\u00f9 comuni.<\/p>\n\n\n\n<figure class=\"wp-block-image size-full is-resized\"><img data-recalc-dims=\"1\" data-dominant-color=\"987d7b\" data-has-transparency=\"false\" decoding=\"async\" width=\"1024\" height=\"710\"   loading=\"lazy\" src=\"https:\/\/i0.wp.com\/aiartfree.online\/wp-content\/uploads\/2024\/07\/image-28-jpg.webp?resize=1024%2C710&#038;ssl=1\" alt=\"Trascrizione su YouTube\" class=\"wp-image-3337 not-transparent\" style=\"--dominant-color: #987d7b; width:561px;height:auto\" srcset=\"https:\/\/i0.wp.com\/aiartfree.online\/wp-content\/uploads\/2024\/07\/image-28-jpg.webp?w=1024&amp;ssl=1 1024w, https:\/\/i0.wp.com\/aiartfree.online\/wp-content\/uploads\/2024\/07\/image-28-jpg.webp?resize=300%2C208&amp;ssl=1 300w, https:\/\/i0.wp.com\/aiartfree.online\/wp-content\/uploads\/2024\/07\/image-28-jpg.webp?resize=768%2C533&amp;ssl=1 768w, https:\/\/i0.wp.com\/aiartfree.online\/wp-content\/uploads\/2024\/07\/image-28-jpg.webp?resize=18%2C12&amp;ssl=1 18w, https:\/\/i0.wp.com\/aiartfree.online\/wp-content\/uploads\/2024\/07\/image-28-jpg.webp?resize=600%2C416&amp;ssl=1 600w\" sizes=\"auto, (max-width: 1024px) 100vw, 1024px\" \/><\/figure>\n\n\n\n<h3 class=\"wp-block-heading\">Che cos'\u00e8 una trascrizione su YouTube?<\/h3>\n\n\n\n<p class=\"\">La trascrizione di YouTube \u00e8 una rappresentazione testuale del contenuto parlato di un video di YouTube. Cattura ogni parola pronunciata, spesso con l'indicazione dell'ora, rendendo pi\u00f9 facile per gli spettatori seguire il discorso, cercare contenuti specifici e utilizzare le informazioni in vari modi.<\/p>\n\n\n\n<h3 class=\"wp-block-heading\">Perch\u00e9 usare le trascrizioni di YouTube?<\/h3>\n\n\n\n<p class=\"\">L'utilizzo delle trascrizioni di YouTube offre numerosi vantaggi:<\/p>\n\n\n\n<ol class=\"wp-block-list\">\n<li class=\"\"><strong>Accessibilit\u00e0<\/strong>: Le trascrizioni rendono i contenuti accessibili alle persone con problemi di udito.<\/li>\n\n\n\n<li class=\"\"><strong>Ricercabilit\u00e0<\/strong>: Le trascrizioni di testo migliorano l'ottimizzazione per i motori di ricerca (SEO) rendendo i contenuti video ricercabili per parole chiave.<\/li>\n\n\n\n<li class=\"\"><strong>Riproposizione dei contenuti<\/strong>: Le trascrizioni possono essere riproposte in post di blog, articoli o contenuti per i social media.<\/li>\n\n\n\n<li class=\"\"><strong>Comprensione<\/strong>: I non madrelingua possono comprendere meglio i contenuti video leggendo insieme a loro.<\/li>\n\n\n\n<li class=\"\"><strong>Il fidanzamento<\/strong>: Le trascrizioni mantengono gli spettatori impegnati consentendo loro di seguire il video in forma testuale.<\/li>\n<\/ol>\n\n\n\n<h3 class=\"wp-block-heading\">Caratteristiche principali delle trascrizioni di YouTube<\/h3>\n\n\n\n<h4 class=\"wp-block-heading\">Precisione di trascrizione<\/h4>\n\n\n\n<p class=\"\">La trascrizione accurata \u00e8 fondamentale per l'utilit\u00e0 di una trascrizione. I migliori strumenti offrono alti tassi di accuratezza, riducendo la necessit\u00e0 di correzioni manuali approfondite.<\/p>\n\n\n\n<h4 class=\"wp-block-heading\">Trascrizioni con timbro temporale<\/h4>\n\n\n\n<p class=\"\">Le indicazioni temporali consentono agli utenti di navigare facilmente nel video, saltando a parti specifiche del contenuto, se necessario.<\/p>\n\n\n\n<h4 class=\"wp-block-heading\">Scarica le opzioni<\/h4>\n\n\n\n<p class=\"\">I migliori strumenti forniscono vari formati di download (ad esempio, SRT, TXT) per garantire la compatibilit\u00e0 con piattaforme e software diversi.<\/p>\n\n\n\n<h4 class=\"wp-block-heading\">Modifica e personalizzazione<\/h4>\n\n\n\n<p class=\"\">La possibilit\u00e0 di modificare e personalizzare le trascrizioni assicura che esse soddisfino le esigenze specifiche degli utenti, come l'aggiunta di note o la correzione di imprecisioni.<\/p>\n\n\n\n<h3 class=\"wp-block-heading\">Chi dovrebbe usare le trascrizioni di YouTube?<\/h3>\n\n\n\n<ul class=\"wp-block-list\">\n<li class=\"\"><strong>Creatori di contenuti<\/strong>: Per migliorare il SEO e il coinvolgimento.<\/li>\n\n\n\n<li class=\"\"><strong>Educatori<\/strong>: Fornire materiali didattici accessibili.<\/li>\n\n\n\n<li class=\"\"><strong>Commercianti<\/strong>: Estrarre i contenuti per le campagne e le analisi.<\/li>\n\n\n\n<li class=\"\"><strong>Ricercatori<\/strong>: Trascrivere le interviste e le presentazioni per l'analisi dei dati.<\/li>\n\n\n\n<li class=\"\"><strong>Spettatori<\/strong>: Per seguire i video e migliorare la comprensione.<\/li>\n<\/ul>\n\n\n\n<h3 class=\"wp-block-heading\">Settori che beneficiano delle trascrizioni di YouTube<\/h3>\n\n\n\n<ul class=\"wp-block-list\">\n<li class=\"\"><strong>Istruzione<\/strong>: Migliorare le risorse di apprendimento.<\/li>\n\n\n\n<li class=\"\"><strong>Marketing<\/strong>: Migliorare la portata e il coinvolgimento dei contenuti.<\/li>\n\n\n\n<li class=\"\"><strong>Intrattenimento<\/strong>: Rendere i contenuti accessibili a un pubblico pi\u00f9 vasto.<\/li>\n\n\n\n<li class=\"\"><strong>Ricerca<\/strong>: Facilitare l'analisi e la documentazione dei dati.<\/li>\n\n\n\n<li class=\"\"><strong>Assistenza sanitaria<\/strong>: Trascrizione di conferenze e seminari medici per lo sviluppo professionale.<\/li>\n<\/ul>\n\n\n\n<h3 class=\"wp-block-heading\">Come utilizzare le trascrizioni di YouTube<\/h3>\n\n\n\n<ol class=\"wp-block-list\">\n<li class=\"\"><strong>Strumento Trova una trascrizione<\/strong>: Utilizzare uno strumento affidabile come <a href=\"https:\/\/aiartfree.online\/it\/trascrizione-di-youtube\/\">https:\/\/aiartfree.online\/youtube-transcript\/<\/a>.<\/li>\n\n\n\n<li class=\"\"><strong>Caricare o collegare il video<\/strong>: Fornire il link al video di YouTube.<\/li>\n\n\n\n<li class=\"\"><strong>Generare la trascrizione<\/strong>: Consentire allo strumento di elaborare il video e generare la trascrizione.<\/li>\n\n\n\n<li class=\"\"><strong>Modifica e personalizzazione<\/strong>: Apportare le modifiche necessarie alla trascrizione.<\/li>\n\n\n\n<li class=\"\"><strong>Scarica<\/strong>: Salvare la trascrizione nel formato preferito.<\/li>\n<\/ol>\n\n\n\n<h3 class=\"wp-block-heading\">Casi d'uso delle trascrizioni di YouTube<\/h3>\n\n\n\n<h4 class=\"wp-block-heading\">Creatori di contenuti<\/h4>\n\n\n\n<p class=\"\">I creatori di contenuti possono utilizzare le trascrizioni per migliorare la SEO, rendendo i loro video pi\u00f9 facilmente scopribili. Le trascrizioni possono anche essere riproposte nei post dei blog o nei contenuti dei social media.<\/p>\n\n\n\n<h4 class=\"wp-block-heading\">Educatori<\/h4>\n\n\n\n<p class=\"\">Gli insegnanti possono fornire le trascrizioni agli studenti per migliorare l'apprendimento e l'accessibilit\u00e0. Le trascrizioni sono utili anche per creare materiali di studio e documenti di riferimento.<\/p>\n\n\n\n<h4 class=\"wp-block-heading\">Commercianti<\/h4>\n\n\n\n<p class=\"\">Gli operatori di marketing possono utilizzare le trascrizioni per estrarre informazioni chiave per le campagne, creare post per i blog e analizzare il comportamento e le preferenze dei consumatori.<\/p>\n\n\n\n<h3 class=\"wp-block-heading\">I 10 principali strumenti e informazioni sulla trascrizione di YouTube<\/h3>\n\n\n\n<figure class=\"wp-block-table\"><table class=\"has-fixed-layout\"><thead><tr><th>Sito web<\/th><th>Vantaggi<\/th><th>Svantaggi<\/th><th>Sfide<\/th><th>Suggerimenti<\/th><\/tr><\/thead><tbody><tr><td><a href=\"https:\/\/aiartfree.online\/it\/trascrizione-di-youtube\/\">Trascrizione su YouTube<\/a><\/td><td>100% Gratuito, illimitato, senza registrazione, alta precisione<\/td><td>Supporto linguistico limitato<\/td><td>Garantire un'elevata precisione in tutti i video<\/td><td>Ampliare il supporto linguistico<\/td><\/tr><tr><td>otter.ai<\/td><td>Caratteristiche precise e collaborative<\/td><td>Abbonamento richiesto<\/td><td>Gestione dei costi per i grandi team<\/td><td>Offrire piani pi\u00f9 convenienti<\/td><\/tr><tr><td>rev.com<\/td><td>Precisione professionale, rapidit\u00e0 di esecuzione<\/td><td>Costoso per i video lunghi<\/td><td>Mantenere l'accessibilit\u00e0 economica<\/td><td>Introdurre prezzi differenziati<\/td><\/tr><tr><td>temi.com<\/td><td>Conveniente, facile da usare<\/td><td>La precisione pu\u00f2 variare<\/td><td>Bilanciare costi e qualit\u00e0<\/td><td>Migliorare la precisione<\/td><\/tr><tr><td>transcribeme.com<\/td><td>Alta precisione, trascrizione umana disponibile<\/td><td>Costoso<\/td><td>Gestione dei costi di trascrizione<\/td><td>Offrire sconti per gli ordini di grandi quantit\u00e0<\/td><\/tr><tr><td>sonix.ai<\/td><td>Veloce, si integra con il software di editing<\/td><td>Abbonamento richiesto<\/td><td>Giustificare i costi di abbonamento<\/td><td>Fornire pi\u00f9 opzioni di prova<\/td><\/tr><tr><td>scribie.com<\/td><td>Disponibile la trascrizione manuale a prezzi accessibili<\/td><td>Caratteristiche limitate<\/td><td>Miglioramento del set di funzionalit\u00e0<\/td><td>Espandere le caratteristiche<\/td><\/tr><tr><td>happyscribe.com<\/td><td>Supporto multilingue, facile da usare<\/td><td>Abbonamento richiesto<\/td><td>Gestione dei costi<\/td><td>Introdurre una tariffazione pi\u00f9 flessibile<\/td><\/tr><tr><td>descript.com<\/td><td>Funzioni di editing, elevata precisione<\/td><td>Curva di apprendimento pi\u00f9 ripida<\/td><td>Interfaccia facile da usare<\/td><td>Semplificare l'interfaccia<\/td><\/tr><tr><td><a href=\"https:\/\/trint.com\" target=\"_blank\" rel=\"noopener\">trint.com<\/a><\/td><td>Veloce, Strumenti di collaborazione<\/td><td>Costoso per i singoli utenti<\/td><td>Efficienza dei costi<\/td><td>Offrire pi\u00f9 piani individuali per gli utenti<\/td><\/tr><\/tbody><\/table><\/figure>\n\n\n\n<h3 class=\"wp-block-heading\">Vantaggi, svantaggi e sfide del settore<\/h3>\n\n\n\n<h4 class=\"wp-block-heading\">Vantaggi<\/h4>\n\n\n\n<ul class=\"wp-block-list\">\n<li class=\"\">Miglioramento dell'accessibilit\u00e0 e del coinvolgimento.<\/li>\n\n\n\n<li class=\"\">Miglioramento della SEO e della scopribilit\u00e0.<\/li>\n\n\n\n<li class=\"\">Riproposizione versatile dei contenuti.<\/li>\n<\/ul>\n\n\n\n<h4 class=\"wp-block-heading\">Svantaggi<\/h4>\n\n\n\n<ul class=\"wp-block-list\">\n<li class=\"\">Accuratezza variabile tra i diversi strumenti.<\/li>\n\n\n\n<li class=\"\">Costi associati a servizi di trascrizione di alta qualit\u00e0.<\/li>\n<\/ul>\n\n\n\n<h4 class=\"wp-block-heading\">Sfide<\/h4>\n\n\n\n<ul class=\"wp-block-list\">\n<li class=\"\">Bilanciare costi e precisione.<\/li>\n\n\n\n<li class=\"\">Garantire il supporto multilingue e le opzioni di personalizzazione.<\/li>\n<\/ul>\n\n\n\n<h4 class=\"wp-block-heading\">Suggerimenti<\/h4>\n\n\n\n<ul class=\"wp-block-list\">\n<li class=\"\">Ampliare il supporto linguistico.<\/li>\n\n\n\n<li class=\"\">Offrire piani tariffari pi\u00f9 flessibili e convenienti.<\/li>\n\n\n\n<li class=\"\">Migliorare le interfacce utente per una migliore usabilit\u00e0.<\/li>\n<\/ul>\n\n\n\n<h3 class=\"wp-block-heading\">FAQ<\/h3>\n\n\n\n<ol class=\"wp-block-list\">\n<li class=\"\"><strong>Come ottenere la trascrizione di un video di YouTube?<\/strong>\n<ul class=\"wp-block-list\">\n<li class=\"\">Utilizzare uno strumento come <a href=\"https:\/\/aiartfree.online\/it\/trascrizione-di-youtube\/\">https:\/\/aiartfree.online\/youtube-transcript\/<\/a> per generare facilmente trascrizioni.<\/li>\n<\/ul>\n<\/li>\n\n\n\n<li class=\"\"><strong>Come scaricare la trascrizione da YouTube?<\/strong>\n<ul class=\"wp-block-list\">\n<li class=\"\">Utilizzare la funzione di trascrizione integrata di YouTube o uno strumento di terze parti per scaricare la trascrizione.<\/li>\n<\/ul>\n<\/li>\n\n\n\n<li class=\"\"><strong>Come ottenere la trascrizione di un video di YouTube?<\/strong>\n<ul class=\"wp-block-list\">\n<li class=\"\">Copiare il link del video e utilizzare uno strumento di trascrizione per generare e scaricare la trascrizione.<\/li>\n<\/ul>\n<\/li>\n\n\n\n<li class=\"\"><strong>Come ottenere la trascrizione di un video di YouTube?<\/strong>\n<ul class=\"wp-block-list\">\n<li class=\"\">Utilizzate strumenti online come <a href=\"https:\/\/aiartfree.online\/it\/\">aiartfree.online<\/a> per facilitare la generazione della trascrizione.<\/li>\n<\/ul>\n<\/li>\n\n\n\n<li class=\"\"><strong>Come ottenere la trascrizione di un video di YouTube?<\/strong>\n<ul class=\"wp-block-list\">\n<li class=\"\">Incollare il link del video in uno strumento di generazione di trascrizioni e scaricare il risultato.<\/li>\n<\/ul>\n<\/li>\n\n\n\n<li class=\"\"><strong>Come scaricare la trascrizione da YouTube?<\/strong>\n<ul class=\"wp-block-list\">\n<li class=\"\">Utilizzare servizi di terze parti per scaricare la trascrizione in vari formati.<\/li>\n<\/ul>\n<\/li>\n\n\n\n<li class=\"\"><strong>Come ottenere la trascrizione di YouTube?<\/strong>\n<ul class=\"wp-block-list\">\n<li class=\"\">Accedere alla trascrizione del video tramite YouTube o utilizzare strumenti esterni per migliorare le funzioni.<\/li>\n<\/ul>\n<\/li>\n\n\n\n<li class=\"\"><strong>Come generare una trascrizione per i video di YouTube?<\/strong>\n<ul class=\"wp-block-list\">\n<li class=\"\">Utilizzate i servizi di trascrizione automatica per ottenere risultati rapidi e accurati.<\/li>\n<\/ul>\n<\/li>\n\n\n\n<li class=\"\"><strong>Come modificare la trascrizione di YouTube?<\/strong>\n<ul class=\"wp-block-list\">\n<li class=\"\">Scaricate la trascrizione e utilizzate un software di editing per apportare modifiche.<\/li>\n<\/ul>\n<\/li>\n\n\n\n<li class=\"\"><strong>Come utilizzare la trascrizione di YouTube?<\/strong>\n<ul class=\"wp-block-list\">\n<li class=\"\">Seguite il video, cercate termini specifici o riutilizzate il contenuto per altri usi.<\/li>\n<\/ul>\n<\/li>\n<\/ol>\n\n\n\n<figure class=\"wp-block-image size-large is-resized\"><img data-recalc-dims=\"1\" data-dominant-color=\"888685\" data-has-transparency=\"false\" decoding=\"async\" width=\"1024\" height=\"490\"   loading=\"lazy\" src=\"https:\/\/i0.wp.com\/aiartfree.online\/wp-content\/uploads\/2024\/07\/WX20240730-201649%402x-1024x490.webp?resize=1024%2C490&#038;ssl=1\" alt=\"\" class=\"wp-image-3349 not-transparent\" style=\"--dominant-color: #888685; width:700px;height:auto\" srcset=\"https:\/\/i0.wp.com\/aiartfree.online\/wp-content\/uploads\/2024\/07\/WX20240730-201649%402x.jpg?resize=1024%2C490&amp;ssl=1 1024w, https:\/\/i0.wp.com\/aiartfree.online\/wp-content\/uploads\/2024\/07\/WX20240730-201649%402x.jpg?resize=300%2C144&amp;ssl=1 300w, https:\/\/i0.wp.com\/aiartfree.online\/wp-content\/uploads\/2024\/07\/WX20240730-201649%402x.jpg?resize=768%2C367&amp;ssl=1 768w, https:\/\/i0.wp.com\/aiartfree.online\/wp-content\/uploads\/2024\/07\/WX20240730-201649%402x.jpg?resize=1536%2C735&amp;ssl=1 1536w, https:\/\/i0.wp.com\/aiartfree.online\/wp-content\/uploads\/2024\/07\/WX20240730-201649%402x.jpg?resize=18%2C9&amp;ssl=1 18w, https:\/\/i0.wp.com\/aiartfree.online\/wp-content\/uploads\/2024\/07\/WX20240730-201649%402x.jpg?resize=600%2C287&amp;ssl=1 600w, https:\/\/i0.wp.com\/aiartfree.online\/wp-content\/uploads\/2024\/07\/WX20240730-201649%402x.jpg?w=1944&amp;ssl=1 1944w\" sizes=\"auto, (max-width: 1024px) 100vw, 1024px\" \/><\/figure>\n\n\n\n<h3 class=\"wp-block-heading\">Conclusione<\/h3>\n\n\n\n<p class=\"\">Le trascrizioni di YouTube sono preziose per migliorare l'accessibilit\u00e0, la SEO e il repurposing dei contenuti. Utilizzando strumenti affidabili come <a href=\"https:\/\/aiartfree.online\/it\/trascrizione-di-youtube\/\">https:\/\/aiartfree.online\/youtube-transcript\/<\/a>\u00e8 possibile generare, modificare e scaricare facilmente le trascrizioni. Sfruttate il potere delle trascrizioni per migliorare i vostri contenuti video e raggiungere un pubblico pi\u00f9 vasto.<\/p>\n\n\n\n<p class=\"\"><\/p>","protected":false},"excerpt":{"rendered":"<p>How to use YouTube Transcript * Depending on your internet speed, loading the model may take a few seconds. \u2193 The Ultimate Guide For YouTube Transcript Table of Contents Introduction In the digital age, content accessibility is paramount. One of the most useful tools for enhancing accessibility and engagement is the YouTube transcript. This guide &#8230; <a title=\"Trascrizione su YouTube\" class=\"read-more\" href=\"https:\/\/aiartfree.online\/it\/trascrizione-di-youtube\/\" aria-label=\"Per saperne di pi\u00f9 su YouTube Transcript\">Leggi tutto<\/a><\/p>","protected":false},"author":1,"featured_media":3349,"parent":0,"menu_order":0,"comment_status":"open","ping_status":"closed","template":"","meta":{"nf_dc_page":"","footnotes":""},"class_list":["post-3319","page","type-page","status-publish","has-post-thumbnail"],"jetpack_sharing_enabled":true,"_links":{"self":[{"href":"https:\/\/aiartfree.online\/it\/wp-json\/wp\/v2\/pages\/3319","targetHints":{"allow":["GET"]}}],"collection":[{"href":"https:\/\/aiartfree.online\/it\/wp-json\/wp\/v2\/pages"}],"about":[{"href":"https:\/\/aiartfree.online\/it\/wp-json\/wp\/v2\/types\/page"}],"author":[{"embeddable":true,"href":"https:\/\/aiartfree.online\/it\/wp-json\/wp\/v2\/users\/1"}],"replies":[{"embeddable":true,"href":"https:\/\/aiartfree.online\/it\/wp-json\/wp\/v2\/comments?post=3319"}],"version-history":[{"count":1,"href":"https:\/\/aiartfree.online\/it\/wp-json\/wp\/v2\/pages\/3319\/revisions"}],"predecessor-version":[{"id":3604,"href":"https:\/\/aiartfree.online\/it\/wp-json\/wp\/v2\/pages\/3319\/revisions\/3604"}],"wp:featuredmedia":[{"embeddable":true,"href":"https:\/\/aiartfree.online\/it\/wp-json\/wp\/v2\/media\/3349"}],"wp:attachment":[{"href":"https:\/\/aiartfree.online\/it\/wp-json\/wp\/v2\/media?parent=3319"}],"curies":[{"name":"wp","href":"https:\/\/api.w.org\/{rel}","templated":true}]}}