{"id":3292,"date":"2024-07-29T12:48:46","date_gmt":"2024-07-29T12:48:46","guid":{"rendered":"https:\/\/aiartfree.online\/?page_id=3292"},"modified":"2024-08-02T10:03:15","modified_gmt":"2024-08-02T10:03:15","slug":"vocal-remover","status":"publish","type":"page","link":"https:\/\/aiartfree.online\/it\/rimuovi-voce\/","title":{"rendered":"Rimozione vocale"},"content":{"rendered":"<h2 class=\"wp-block-heading\" id=\"how-to-use-vocal-remover\">Come utilizzare Vocal Remover<\/h2>\n\n\n\n<ol class=\"wp-block-list\">\n<li class=\"\">Scegliere il metodo di processo<\/li>\n\n\n\n<li class=\"\">Scegliere il modello VR<\/li>\n\n\n\n<li class=\"\">Selezionare la dimensione della finestra<\/li>\n\n\n\n<li class=\"\">Caricare o rilasciare il file audio<\/li>\n\n\n\n<li class=\"\">Fare clic su \"Avvia elaborazione\".<\/li>\n\n\n\n<li class=\"\">Aspetta, \u00e8 cos\u00ec!<\/li>\n<\/ol>\n\n\n\n<p class=\"\"><em>* A seconda della velocit\u00e0 di internet, il caricamento del modello potrebbe richiedere alcuni secondi.<br>* Durante la generazione continua si verifica il caching e la nuova immagine viene visualizzata dopo circa 3 secondi.<\/em><\/p>\n\n\n\n<div class=\"iframe-wrapper\" style=\"position: relative; width: 100%; height: 1300px;\">\n  <div class=\"loading\" style=\"position: absolute; top: 50px; left: 50%; transform: translate(-50%, -50%); width: 40px; height: 40px; border: 3px solid #f0f0f0; border-top: 3px solid #db7093; border-radius: 50%; animation: spin 1s linear infinite;\"><\/div>\n  <iframe loading=\"lazy\" src=\"https:\/\/r3gm-ultimate-vocal-remover-webui.hf.space\" frameborder=\"0\" width=\"100%\" height=\"100%\" style=\"position: absolute; top: 0; left: 0; opacity: 0; transition: opacity 0.3s;\" onload=\"this.style.opacity=1;this.previousElementSibling.style.display='none';\"><\/iframe>\n<\/div>\n\n<style>\n@keyframes spin {\n  0% { transform: translate(-50%, -50%) rotate(0deg); }\n  100% { transform: translate(-50%, -50%) rotate(360deg); }\n}\n<\/style>\n\n\n\n<div style=\"height:50px\" aria-hidden=\"true\" class=\"wp-block-spacer\"><\/div>\n\n\n\n<h2 class=\"wp-block-heading\" id=\"vocal-remover-the-ultimate-guide-to-removing-vocals-from-songs\">Vocal Remover: La guida definitiva alla rimozione delle voci dalle canzoni<\/h2>\n\n\n\n<div class=\"wp-block-rank-math-toc-block\" id=\"rank-math-toc\"><h3>Indice dei contenuti<\/h3><nav><ul><li><a href=\"#introduction\">Introduzione<\/a><\/li><li><a href=\"#what-is-a-vocal-remover\">Che cos'\u00e8 un rimedio vocale?<\/a><\/li><li><a href=\"#why-use-a-vocal-remover\">Perch\u00e9 usare un rimuovi-vocali?<\/a><\/li><li><a href=\"#who-can-benefit-from-using-a-vocal-remover\">Chi pu\u00f2 trarre vantaggio dall'uso di un rimedio vocale?<\/a><\/li><li><a href=\"#top-10-vocal-remover-tools-pros-cons-advantages-challenges-and-recommendations\">I 10 migliori strumenti di rimozione vocale: Pro, contro, vantaggi, sfide e raccomandazioni<\/a><\/li><li><a href=\"#faq-frequently-asked-questions-about-vocal-removers\">FAQ: Domande frequenti sui rimuovitori vocali<\/a><\/li><li><a href=\"#conclusion\">Conclusione<\/a><\/li><\/ul><\/nav><\/div>\n\n\n\n<h3 class=\"wp-block-heading\" id=\"introduction\">Introduzione<\/h3>\n\n\n\n<p class=\"\">La rimozione delle voci dalle canzoni pu\u00f2 essere una svolta per musicisti, produttori e hobbisti. Sia che si tratti di creare tracce per il karaoke, di remixare canzoni o di estrarre le voci per scopi didattici, i rimuovitori vocali possono rendere il processo semplice ed efficace. In questo articolo verranno illustrati i vantaggi e gli svantaggi dei rimuovitori vocali, si parler\u00e0 dei migliori strumenti disponibili e si fornir\u00e0 una dettagliata sezione di FAQ per rispondere alle domande pi\u00f9 comuni.<\/p>\n\n\n\n<figure class=\"wp-block-image size-full is-resized\"><img data-recalc-dims=\"1\" data-dominant-color=\"58514d\" data-has-transparency=\"false\" decoding=\"async\" width=\"1024\" height=\"1024\"   loading=\"lazy\" src=\"https:\/\/i0.wp.com\/aiartfree.online\/wp-content\/uploads\/2024\/07\/image-31-2.webp?resize=1024%2C1024&#038;ssl=1\" alt=\"Scoprite i migliori strumenti di rimozione vocale per rimuovere le voci da un brano. Scoprite le opzioni gratuite, illimitate e senza iscrizione e l&#039;AI Vocal Remover.\" class=\"wp-image-3297 not-transparent\" style=\"--dominant-color: #58514d; width:536px;height:auto\" srcset=\"https:\/\/i0.wp.com\/aiartfree.online\/wp-content\/uploads\/2024\/07\/image-31-2.webp?w=1024&amp;ssl=1 1024w, https:\/\/i0.wp.com\/aiartfree.online\/wp-content\/uploads\/2024\/07\/image-31-2.webp?resize=300%2C300&amp;ssl=1 300w, https:\/\/i0.wp.com\/aiartfree.online\/wp-content\/uploads\/2024\/07\/image-31-2.webp?resize=150%2C150&amp;ssl=1 150w, https:\/\/i0.wp.com\/aiartfree.online\/wp-content\/uploads\/2024\/07\/image-31-2.webp?resize=768%2C768&amp;ssl=1 768w, https:\/\/i0.wp.com\/aiartfree.online\/wp-content\/uploads\/2024\/07\/image-31-2.webp?resize=12%2C12&amp;ssl=1 12w, https:\/\/i0.wp.com\/aiartfree.online\/wp-content\/uploads\/2024\/07\/image-31-2.webp?resize=600%2C600&amp;ssl=1 600w, https:\/\/i0.wp.com\/aiartfree.online\/wp-content\/uploads\/2024\/07\/image-31-2.webp?resize=100%2C100&amp;ssl=1 100w\" sizes=\"auto, (max-width: 1024px) 100vw, 1024px\" \/><\/figure>\n\n\n\n<h3 class=\"wp-block-heading\" id=\"what-is-a-vocal-remover\">Che cos'\u00e8 un rimedio vocale?<\/h3>\n\n\n\n<p class=\"\">Un vocal remover \u00e8 un software o uno strumento che utilizza algoritmi di elaborazione audio per isolare e rimuovere le voci da un brano musicale. Questo processo prevede in genere tecniche di cancellazione della fase e di filtraggio della frequenza per differenziare le componenti vocali da quelle strumentali di un brano.<\/p>\n\n\n\n<h3 class=\"wp-block-heading\" id=\"why-use-a-vocal-remover\">Perch\u00e9 usare un rimuovi-vocali?<\/h3>\n\n\n\n<p class=\"\">L'utilizzo di un rimuovi-vocali offre diversi vantaggi:<\/p>\n\n\n\n<ul class=\"wp-block-list\">\n<li class=\"\"><strong>Libert\u00e0 creativa:<\/strong> Permette a musicisti e produttori di creare versioni strumentali o remix di canzoni.<\/li>\n\n\n\n<li class=\"\"><strong>Brani per karaoke:<\/strong> Consente di creare tracce karaoke rimuovendo la voce originale.<\/li>\n\n\n\n<li class=\"\"><strong>Strumento di apprendimento:<\/strong> Aiuta gli studenti di musica e i vocalisti a esercitarsi cantando insieme ai brani strumentali.<\/li>\n\n\n\n<li class=\"\"><strong>Creazione di contenuti:<\/strong> Utile per i creatori di contenuti che hanno bisogno di musica di sottofondo senza voce.<\/li>\n<\/ul>\n\n\n\n<h3 class=\"wp-block-heading\" id=\"who-can-benefit-from-using-a-vocal-remover\">Chi pu\u00f2 trarre vantaggio dall'uso di un rimedio vocale?<\/h3>\n\n\n\n<p class=\"\">I rimedi vocali sono utili per diversi gruppi, tra cui:<\/p>\n\n\n\n<ul class=\"wp-block-list\">\n<li class=\"\"><strong>Musicisti e produttori:<\/strong> Per creare remix e strumentali.<\/li>\n\n\n\n<li class=\"\"><strong>Appassionati di karaoke:<\/strong> Per creare tracce karaoke da cantare.<\/li>\n\n\n\n<li class=\"\"><strong>Studenti e insegnanti di musica:<\/strong> A scopo didattico.<\/li>\n\n\n\n<li class=\"\"><strong>Creatori di contenuti:<\/strong> Per utilizzare la musica di sottofondo in video o presentazioni.<\/li>\n\n\n\n<li class=\"\"><strong>DJ:<\/strong> Per creare mix e mashup unici.<\/li>\n<\/ul>\n\n\n\n<h3 class=\"wp-block-heading\" id=\"top-10-vocal-remover-tools-pros-cons-advantages-challenges-and-recommendations\">I 10 migliori strumenti di rimozione vocale: Pro, contro, vantaggi, sfide e raccomandazioni<\/h3>\n\n\n\n<figure class=\"wp-block-table\"><table class=\"has-fixed-layout\"><thead><tr><th>Strumento\/Sito web<\/th><th>Pro<\/th><th>Contro<\/th><th>Vantaggi<\/th><th>Sfide<\/th><th>Raccomandazioni<\/th><\/tr><\/thead><tbody><tr><td><a href=\"https:\/\/aiartfree.online\/it\/rimuovi-voce\/\">AI Art Rimozione vocale gratuita<\/a><\/td><td>Gratuito, Illimitato, Senza registrazione, Alta qualit\u00e0 audio<\/td><td>Opzioni di personalizzazione limitate<\/td><td>Facile da usare, con intelligenza artificiale<\/td><td>Potrebbe non gestire tutti i formati audio<\/td><td>Ottimo per una rimozione rapida e di alta qualit\u00e0 delle voci<\/td><\/tr><tr><td>Noteburner AI Vocal Remover<\/td><td>Estrazione vocale di alta qualit\u00e0, interfaccia facile da usare<\/td><td>Richiede l'acquisto dopo il periodo di prova<\/td><td>Algoritmi AI avanzati, buona assistenza clienti<\/td><td>Costo pi\u00f9 elevato rispetto ad altri strumenti<\/td><td>Ideale per i professionisti che cercano una rimozione precisa delle voci<\/td><\/tr><tr><td>PhonicMind<\/td><td>Supporta vari formati, capacit\u00e0 di elaborazione in batch<\/td><td>Servizio a pagamento<\/td><td>Separazione accurata di voci e strumenti<\/td><td>Richiede una forte connessione a Internet<\/td><td>Ideale per l'elaborazione in batch e l'alta precisione<\/td><\/tr><tr><td>Lalal.ai<\/td><td>Passi semplici, nessuna installazione di software richiesta<\/td><td>Utilizzo gratuito limitato<\/td><td>Elaborazione rapida, supporto di file audio e video<\/td><td>Limitato a brani brevi nella versione gratuita<\/td><td>Adatto per gli utenti che necessitano di una rimozione rapida e semplice della voce<\/td><\/tr><tr><td>Audacity<\/td><td>Gratuito e open-source, Ampie capacit\u00e0 di editing audio<\/td><td>Curva di apprendimento pi\u00f9 ripida, processo manuale<\/td><td>Personalizzabile, supporta pi\u00f9 formati<\/td><td>Richiede alcune conoscenze tecniche<\/td><td>Ideale per gli utenti che necessitano di funzioni avanzate di editing audio<\/td><\/tr><tr><td>Spleeter<\/td><td>Open-source, basato su Python, altamente personalizzabile<\/td><td>Richiede competenze tecniche, strumento a riga di comando<\/td><td>Potenti algoritmi di intelligenza artificiale, gratis<\/td><td>L'installazione e la configurazione possono essere complesse<\/td><td>Ideale per utenti e sviluppatori esperti di tecnologia<\/td><\/tr><tr><td>VocalRemover.org<\/td><td>Strumento online gratuito, interfaccia intuitiva<\/td><td>Limitato all'uso online, gli annunci possono essere invadenti<\/td><td>Facile e veloce da usare, non \u00e8 necessario scaricare alcun software.<\/td><td>La qualit\u00e0 dell'audio pu\u00f2 variare a seconda del brano<\/td><td>Perfetto per gli utenti occasionali e per le attivit\u00e0 rapide<\/td><\/tr><tr><td><a href=\"http:\/\/X-Minus.pro\" target=\"_blank\" data-type=\"link\" data-id=\"X-Minus.pro\" rel=\"noreferrer noopener\">X-Minus.pro<\/a><\/td><td>Uscita di alta qualit\u00e0, supporto di pi\u00f9 lingue<\/td><td>In abbonamento<\/td><td>Alta precisione, elaborazione in batch<\/td><td>Richiede un abbonamento per le funzioni complete<\/td><td>Ideale per gli utenti abituali che necessitano di una qualit\u00e0 costante<\/td><\/tr><tr><td>Karaoke Qualsiasi cosa<\/td><td>Software gratuito, interfaccia semplice<\/td><td>Funzioni limitate, solo Windows<\/td><td>Facile da usare, efficace per la rimozione delle voci di base<\/td><td>Disponibile solo su Windows<\/td><td>Buono per i principianti<\/td><\/tr><tr><td>Editor audio WavePad<\/td><td>Suite completa per l'editing audio, supporto di pi\u00f9 formati<\/td><td>Software a pagamento<\/td><td>Versatile, include molti effetti audio<\/td><td>Pu\u00f2 risultare eccessivo per i nuovi utenti<\/td><td>Eccellente per gli utenti che necessitano di una suite di editing audio completa.<\/td><\/tr><\/tbody><\/table><\/figure>\n\n\n\n<h3 class=\"wp-block-heading\" id=\"faq-frequently-asked-questions-about-vocal-removers\">FAQ: Domande frequenti sui rimuovitori vocali<\/h3>\n\n\n\n<ol class=\"wp-block-list\">\n<li class=\"\"><strong>Come rimuovere la voce da un brano?<\/strong>\n<ul class=\"wp-block-list\">\n<li class=\"\">\u00c8 possibile utilizzare strumenti di rimozione delle voci come AI Art Free Vocal Remover o Audacity per isolare e rimuovere le voci da una traccia.<\/li>\n<\/ul>\n<\/li>\n\n\n\n<li class=\"\"><strong>Come si rimuove la voce da un brano?<\/strong>\n<ul class=\"wp-block-list\">\n<li class=\"\">La maggior parte degli strumenti utilizza tecniche di cancellazione della fase e di filtraggio della frequenza per rimuovere le voci. \u00c8 sufficiente caricare il brano e seguire le istruzioni dello strumento.<\/li>\n<\/ul>\n<\/li>\n\n\n\n<li class=\"\"><strong>Come posso rimuovere le voci da un brano?<\/strong>\n<ul class=\"wp-block-list\">\n<li class=\"\">Scegliete uno strumento per la rimozione delle voci, caricate il vostro file audio e lasciate che lo strumento lo elabori per rimuovere le voci.<\/li>\n<\/ul>\n<\/li>\n\n\n\n<li class=\"\"><strong>Come rimuovere le voci da una traccia?<\/strong>\n<ul class=\"wp-block-list\">\n<li class=\"\">Utilizzate software come Noteburner AI Vocal Remover o strumenti online come Lalal.ai per elaborare e rimuovere le voci dalla vostra traccia.<\/li>\n<\/ul>\n<\/li>\n\n\n\n<li class=\"\"><strong>Come rimuovere le voci dalla musica?<\/strong>\n<ul class=\"wp-block-list\">\n<li class=\"\">Strumenti come PhonicMind e VocalRemover.org offrono modi semplici per rimuovere le voci dai brani musicali online.<\/li>\n<\/ul>\n<\/li>\n\n\n\n<li class=\"\"><strong>\u00c8 possibile rimuovere completamente la voce da un brano?<\/strong>\n<ul class=\"wp-block-list\">\n<li class=\"\">Sebbene sia difficile rimuovere completamente le voci senza compromettere la qualit\u00e0 dell'audio, gli strumenti avanzati possono raggiungere un'elevata precisione.<\/li>\n<\/ul>\n<\/li>\n\n\n\n<li class=\"\"><strong>Qual \u00e8 il miglior rimuovi-vocali?<\/strong>\n<ul class=\"wp-block-list\">\n<li class=\"\">Il miglior vocal remover dipende dalle vostre esigenze. AI Art Free Vocal Remover \u00e8 ottimo per un uso veloce, mentre Noteburner AI Vocal Remover \u00e8 eccellente per i professionisti.<\/li>\n<\/ul>\n<\/li>\n\n\n\n<li class=\"\"><strong>I rimuovitori vocali sono in grado di separare accuratamente le voci dalla musica di sottofondo?<\/strong>\n<ul class=\"wp-block-list\">\n<li class=\"\">S\u00ec, molti rimuovitori vocali, soprattutto quelli che utilizzano algoritmi di intelligenza artificiale, sono in grado di separare accuratamente le voci dalla musica di sottofondo.<\/li>\n<\/ul>\n<\/li>\n\n\n\n<li class=\"\"><strong>Esistono strumenti gratuiti per la rimozione delle voci?<\/strong>\n<ul class=\"wp-block-list\">\n<li class=\"\">S\u00ec, strumenti come VocalRemover.org e Audacity offrono opzioni gratuite per rimuovere le voci dalle canzoni.<\/li>\n<\/ul>\n<\/li>\n\n\n\n<li class=\"\"><strong>I rimossi vocali funzionano su tutti i file audio?<\/strong>\n<ul class=\"wp-block-list\">\n<li class=\"\">La maggior parte dei rimuovitori vocali supporta i formati audio pi\u00f9 comuni, ma l'efficacia pu\u00f2 variare a seconda della qualit\u00e0 e della complessit\u00e0 della traccia.<\/li>\n<\/ul>\n<\/li>\n<\/ol>\n\n\n\n<h3 class=\"wp-block-heading\" id=\"conclusion\">Conclusione<\/h3>\n\n\n\n<p class=\"\">I rimuovitori vocali sono strumenti preziosi per musicisti, produttori e creatori di contenuti. Con lo strumento giusto, \u00e8 possibile creare facilmente versioni strumentali, remix e tracce karaoke. Questa guida ha fornito una panoramica dei migliori strumenti di rimozione vocale disponibili, con i loro pro, contro e raccomandazioni per aiutarvi a fare una scelta informata.<\/p>","protected":false},"excerpt":{"rendered":"<p>How to use Vocal Remover *&nbsp;Depending on your internet speed, loading the model may take a few seconds.* There will be caching during continuous generation, and the new image will appear after about 3 seconds. Vocal Remover: The Ultimate Guide to Removing Vocals from Songs Introduction Removing vocals from songs can be a game-changer for &#8230; <a title=\"Rimozione vocale\" class=\"read-more\" href=\"https:\/\/aiartfree.online\/it\/rimuovi-voce\/\" aria-label=\"Per saperne di pi\u00f9 su Vocal Remover\">Leggi tutto<\/a><\/p>","protected":false},"author":1,"featured_media":3297,"parent":0,"menu_order":0,"comment_status":"closed","ping_status":"closed","template":"","meta":{"nf_dc_page":"","footnotes":""},"class_list":["post-3292","page","type-page","status-publish","has-post-thumbnail"],"jetpack_sharing_enabled":true,"_links":{"self":[{"href":"https:\/\/aiartfree.online\/it\/wp-json\/wp\/v2\/pages\/3292","targetHints":{"allow":["GET"]}}],"collection":[{"href":"https:\/\/aiartfree.online\/it\/wp-json\/wp\/v2\/pages"}],"about":[{"href":"https:\/\/aiartfree.online\/it\/wp-json\/wp\/v2\/types\/page"}],"author":[{"embeddable":true,"href":"https:\/\/aiartfree.online\/it\/wp-json\/wp\/v2\/users\/1"}],"replies":[{"embeddable":true,"href":"https:\/\/aiartfree.online\/it\/wp-json\/wp\/v2\/comments?post=3292"}],"version-history":[{"count":0,"href":"https:\/\/aiartfree.online\/it\/wp-json\/wp\/v2\/pages\/3292\/revisions"}],"wp:featuredmedia":[{"embeddable":true,"href":"https:\/\/aiartfree.online\/it\/wp-json\/wp\/v2\/media\/3297"}],"wp:attachment":[{"href":"https:\/\/aiartfree.online\/it\/wp-json\/wp\/v2\/media?parent=3292"}],"curies":[{"name":"wp","href":"https:\/\/api.w.org\/{rel}","templated":true}]}}