{"id":3281,"date":"2024-07-28T12:00:16","date_gmt":"2024-07-28T12:00:16","guid":{"rendered":"https:\/\/aiartfree.online\/?page_id=3281"},"modified":"2024-08-02T11:09:05","modified_gmt":"2024-08-02T11:09:05","slug":"watermark-remover","status":"publish","type":"page","link":"https:\/\/aiartfree.online\/it\/rimozione-della-filigrana\/","title":{"rendered":"Rimozione della filigrana"},"content":{"rendered":"<h2 class=\"wp-block-heading has-text-align-center\" id=\"before-vs-after\">Prima e dopo<\/h2>\n\n\n\n<figure class=\"gb-block-image gb-block-image-1822da1f\"><img data-recalc-dims=\"1\" decoding=\"async\" loading=\"lazy\" width=\"1024\" height=\"518\" class=\"gb-image gb-image-1822da1f\" src=\"https:\/\/i0.wp.com\/aiartfree.online\/wp-content\/uploads\/2024\/07\/WX20240729-171649%402x-1024x518.webp?resize=1024%2C518&#038;ssl=1\" alt=\"Un rimuovi filigrana utilizza l&#039;intelligenza artificiale per cancellare loghi, testo o grafica sovrapposti a foto o video, ripristinando il supporto originale attraverso la rimozione dei marchi di propriet\u00e0.\" title=\"WX20240729-171649@2x\" srcset=\"https:\/\/i0.wp.com\/aiartfree.online\/wp-content\/uploads\/2024\/07\/WX20240729-171649%402x-scaled.webp?resize=1024%2C518&amp;ssl=1 1024w, https:\/\/i0.wp.com\/aiartfree.online\/wp-content\/uploads\/2024\/07\/WX20240729-171649%402x-scaled.webp?resize=300%2C152&amp;ssl=1 300w, https:\/\/i0.wp.com\/aiartfree.online\/wp-content\/uploads\/2024\/07\/WX20240729-171649%402x-scaled.webp?resize=768%2C388&amp;ssl=1 768w, https:\/\/i0.wp.com\/aiartfree.online\/wp-content\/uploads\/2024\/07\/WX20240729-171649%402x-scaled.webp?resize=1536%2C777&amp;ssl=1 1536w, https:\/\/i0.wp.com\/aiartfree.online\/wp-content\/uploads\/2024\/07\/WX20240729-171649%402x-scaled.webp?resize=2048%2C1036&amp;ssl=1 2048w, https:\/\/i0.wp.com\/aiartfree.online\/wp-content\/uploads\/2024\/07\/WX20240729-171649%402x-scaled.webp?resize=18%2C9&amp;ssl=1 18w, https:\/\/i0.wp.com\/aiartfree.online\/wp-content\/uploads\/2024\/07\/WX20240729-171649%402x-scaled.webp?resize=600%2C303&amp;ssl=1 600w, https:\/\/i0.wp.com\/aiartfree.online\/wp-content\/uploads\/2024\/07\/WX20240729-171649%402x-scaled.webp?w=2400&amp;ssl=1 2400w\" sizes=\"auto, (max-width: 1024px) 100vw, 1024px\" \/><\/figure>\n\n\n\n<h2 class=\"wp-block-heading\" id=\"how-to-use-watermark-remover\">Come utilizzare Watermark Remover<\/h2>\n\n\n\n<ol class=\"wp-block-list\">\n<li class=\"\">Rilasciare o caricare l'immagine<\/li>\n\n\n\n<li class=\"\"><strong>Disegnare (con il pennello) la parte dell'immagine che si desidera rimuovere.<\/strong><\/li>\n\n\n\n<li class=\"\">Fare clic su \"Invia\".<\/li>\n\n\n\n<li class=\"\">Aspetta, \u00e8 cos\u00ec!<\/li>\n<\/ol>\n\n\n\n<p class=\"\"><em>* A seconda della velocit\u00e0 di internet, il caricamento del modello potrebbe richiedere alcuni secondi.<br>* Durante la generazione continua si verifica il caching e la nuova immagine viene visualizzata dopo circa 3 secondi.<\/em><\/p>\n\n\n\n<div style=\"text-align: center; border: 2px solid; border-image-source: linear-gradient(to right, #16b86c, #912899); border-image-slice: 1; box-shadow: 0 0 10px rgba(0, 0, 0, 0.1); border-radius: 15px; position: relative;\">\n  <div id=\"loading\" style=\"position: absolute; top: 100px; left: 50%; transform: translate(-50%, -50%); z-index: 1000;\">\n    <div style=\"width: 50px; height: 50px; border: 5px solid #f3f3f3; border-top: 5px solid #16b86c; border-radius: 50%; animation: spin 1s linear infinite;\"><\/div>\n  <\/div>\n  <iframe loading=\"lazy\"\n    src=\"https:\/\/rooc-remove-photo-object.hf.space\"\n    frameborder=\"0\"\n    width=\"100%\"\n    height=\"2500\"\n    style=\"display: inline-block; margin: 0 auto;\"\n    onload=\"document.getElementById('loading').style.display='none';\"\n  ><\/iframe>\n<\/div>\n\n<style>\n  @keyframes spin {\n    0% { transform: rotate(0deg); }\n    100% { transform: rotate(360deg); }\n  }\n<\/style>\n\n\n\n<div style=\"height:50px\" aria-hidden=\"true\" class=\"wp-block-spacer\"><\/div>\n\n\n\n<h2 class=\"wp-block-heading\" id=\"introduction-of-watermark-remover\">Introduzione di Watermark Remover<\/h2>\n\n\n\n<div class=\"wp-block-rank-math-toc-block\" id=\"rank-math-toc\"><h3>Indice dei contenuti<\/h3><nav><ul><li><a href=\"#what-is-a-watermark-remover\">Che cos'\u00e8 un rimuovi filigrana?<\/a><\/li><li><a href=\"#why-use-a-watermark-remover\">Perch\u00e9 utilizzare un rimuovi filigrana?<\/a><\/li><li><a href=\"#who-can-benefit-from-using-a-watermark-remover\">Chi pu\u00f2 trarre vantaggio dall'uso di un rimuovi filigrana?<\/a><\/li><li><a href=\"#top-10-watermark-remover-tools-features-pros-cons-advantages-challenges-and-suggestions\">I 10 migliori strumenti per la rimozione dei watermark: Caratteristiche, Pro, Contro, Vantaggi, Sfide e Suggerimenti<\/a><\/li><li><a href=\"#frequently-asked-questions-faq\">Domande frequenti (FAQ)<\/a><\/li><\/ul><\/nav><\/div>\n\n\n\n<h3 class=\"wp-block-heading\" id=\"what-is-a-watermark-remover\">Che cos'\u00e8 un rimuovi filigrana?<\/h3>\n\n\n\n<p class=\"\">Un rimuovi filigrana \u00e8 uno strumento o un software progettato per rimuovere le filigrane da foto o video. I watermark sono in genere loghi, testo o altri elementi grafici che vengono sovrapposti a immagini o video per indicarne la propriet\u00e0 o il copyright. Un dispositivo di rimozione dei watermark utilizza algoritmi avanzati, spesso basati sull'intelligenza artificiale, per identificare e cancellare questi watermark, lasciando intatta l'immagine o il video originale.<\/p>\n\n\n\n<h3 class=\"wp-block-heading\" id=\"why-use-a-watermark-remover\">Perch\u00e9 utilizzare un rimuovi filigrana?<\/h3>\n\n\n\n<p class=\"\">L'utilizzo di un rimuovi filigrana pu\u00f2 essere fondamentale per diversi motivi:<\/p>\n\n\n\n<ul class=\"wp-block-list\">\n<li class=\"\"><strong>Restauro<\/strong>: Aiuta a ripristinare i supporti originali senza alcuna ostruzione.<\/li>\n\n\n\n<li class=\"\"><strong>Uso professionale<\/strong>: Indispensabile per fotografi, videografi e designer che necessitano di immagini e video puliti per il loro lavoro.<\/li>\n\n\n\n<li class=\"\"><strong>Editing dei contenuti<\/strong>: Consente agli utenti di modificare e riutilizzare i media senza la distrazione dei watermark.<\/li>\n\n\n\n<li class=\"\"><strong>Uso legale<\/strong>: \u00c8 importante rimuovere le filigrane dai supporti su cui si hanno diritti, ma che sono stati filigranati a causa di un uso o di una distribuzione precedenti.<\/li>\n<\/ul>\n\n\n\n<h3 class=\"wp-block-heading\" id=\"who-can-benefit-from-using-a-watermark-remover\">Chi pu\u00f2 trarre vantaggio dall'uso di un rimuovi filigrana?<\/h3>\n\n\n\n<p class=\"\">Diversi individui e settori possono trarre vantaggio dall'utilizzo di un rimuovi filigrana, tra cui:<\/p>\n\n\n\n<ul class=\"wp-block-list\">\n<li class=\"\"><strong>Fotografi<\/strong>: Pulire le immagini per la presentazione del portfolio.<\/li>\n\n\n\n<li class=\"\"><strong>Creatori di contenuti<\/strong>: Per creare contenuti privi di filigrana per i social media e i siti web.<\/li>\n\n\n\n<li class=\"\"><strong>Professionisti del marketing<\/strong>: Assicurare che il materiale promozionale sia pulito e di aspetto professionale.<\/li>\n\n\n\n<li class=\"\"><strong>Educatori<\/strong>: Per utilizzare immagini e video in presentazioni e materiali didattici senza distrazioni.<\/li>\n\n\n\n<li class=\"\"><strong>Aziende<\/strong>: Mantenere un'immagine professionale nei materiali di marketing e di branding.<\/li>\n<\/ul>\n\n\n\n<h3 class=\"wp-block-heading\" id=\"top-10-watermark-remover-tools-features-pros-cons-advantages-challenges-and-suggestions\">I 10 migliori strumenti per la rimozione dei watermark: Caratteristiche, Pro, Contro, Vantaggi, Sfide e Suggerimenti<\/h3>\n\n\n\n<figure class=\"wp-block-table\"><table class=\"has-fixed-layout\"><thead><tr><th>Nome dello strumento<\/th><th>URL<\/th><th>Caratteristiche<\/th><th>Pro<\/th><th>Contro<\/th><th>Vantaggi<\/th><th>Sfide<\/th><th>Suggerimenti<\/th><\/tr><\/thead><tbody><tr><td>AI Art Rimozione gratuita della filigrana<\/td><td><a href=\"https:\/\/aiartfree.online\/it\/rimozione-della-filigrana\/\">AI Art Gratis<\/a><\/td><td>Gratuito, illimitato, senza registrazione, AI-powered, semplice da usare<\/td><td>Facile da usare, Gratuito, Nessuna registrazione richiesta, Risultati di alta qualit\u00e0<\/td><td>Funzionalit\u00e0 avanzate limitate<\/td><td>Eccellente per una rimozione facile e veloce<\/td><td>Potrebbe non funzionare bene su sfondi complessi<\/td><td>Ideale per gli utenti occasionali che necessitano di una rapida rimozione della filigrana<\/td><\/tr><tr><td>Rimuovi.bg<\/td><td>Rimuovi.bg<\/td><td>Foto di supporto potenziate dall'intelligenza artificiale<\/td><td>Alta precisione, facile da usare<\/td><td>Limitato alle foto, non gratuito<\/td><td>Ottimo per i fotografi<\/td><td>Abbonamento necessario per le funzioni premium<\/td><td>Perfetto per gli utenti che si concentrano sulle foto<\/td><\/tr><tr><td>Inpaint<\/td><td>Inpaint<\/td><td>Selezione manuale, Supporta vari formati<\/td><td>Elevato controllo, versatilit\u00e0<\/td><td>Il processo manuale pu\u00f2 richiedere molto tempo<\/td><td>Ideale per lavori dettagliati<\/td><td>Curva di apprendimento ripida<\/td><td>Consigliato agli utenti avanzati<\/td><\/tr><tr><td>Apowersoft Rimozione filigrana<\/td><td>Apowersoft<\/td><td>Elaborazione in batch, supporta foto e video<\/td><td>Efficiente, versatile<\/td><td>Per le funzioni complete \u00e8 necessario un abbonamento<\/td><td>Ottimo per le attivit\u00e0 di massa<\/td><td>Pu\u00f2 essere costoso<\/td><td>Ideale per utenti frequenti con esigenze di massa<\/td><\/tr><tr><td>HitPaw - Rimuovi filigrana<\/td><td>HitPaw<\/td><td>Supporta foto e video, AI-powered<\/td><td>Alta qualit\u00e0, versatilit\u00e0<\/td><td>Per le funzioni complete \u00e8 necessario un abbonamento<\/td><td>Adatto sia per foto che per video<\/td><td>Pu\u00f2 essere costoso<\/td><td>Ottimo per i professionisti<\/td><\/tr><tr><td>SoftOrbits Photo Stamp Remover<\/td><td>SoftOrbit<\/td><td>Potenziato dall'intelligenza artificiale, supporta l'elaborazione in batch<\/td><td>Efficiente, preciso<\/td><td>Abbonamento necessario per le funzioni premium<\/td><td>Ideale per le attivit\u00e0 di massa<\/td><td>Costoso per gli utenti occasionali<\/td><td>Consigliato agli utenti abituali<\/td><\/tr><tr><td>Wondershare Fotophire<\/td><td>Fotophire<\/td><td>Supporta vari formati, facile da usare<\/td><td>Versatile, facile da usare<\/td><td>Per le funzioni complete \u00e8 necessario un abbonamento<\/td><td>Ottimo per i principianti<\/td><td>Costoso<\/td><td>Ideale per i nuovi utenti<\/td><\/tr><tr><td>GIMP<\/td><td>GIMP<\/td><td>Gratuito, Open-source, Modifica manuale<\/td><td>Altamente personalizzabile, gratuito<\/td><td>Curva di apprendimento ripida<\/td><td>Ideale per l'editing dettagliato<\/td><td>Interfaccia complessa<\/td><td>Ideale per gli utenti avanzati<\/td><\/tr><tr><td>Lavori fotografici<\/td><td>Lavori fotografici<\/td><td>AI-powered, Supporta vari formati<\/td><td>Preciso, facile da usare<\/td><td>Per le funzioni complete \u00e8 necessario un abbonamento<\/td><td>Ottimo per l'uso casual e professionale<\/td><td>Pu\u00f2 essere costoso<\/td><td>Perfetto per tutti i livelli di utilizzo<\/td><\/tr><tr><td>Pixlr<\/td><td><a href=\"https:\/\/bingimagecreator.online\/\" target=\"_blank\" data-type=\"link\" data-id=\"https:\/\/bingimagecreator.online\/\" rel=\"noreferrer noopener\">Pixlr<\/a><\/td><td>Gratuito, Strumento online, Modifica manuale<\/td><td>Accessibile, gratuito<\/td><td>Funzionalit\u00e0 avanzate limitate<\/td><td>Ottimo per modifiche rapide<\/td><td>Funzionalit\u00e0 limitate<\/td><td>Ideale per attivit\u00e0 semplici e veloci<\/td><\/tr><\/tbody><\/table><\/figure>\n\n\n\n<h3 class=\"wp-block-heading\" id=\"frequently-asked-questions-faq\">Domande frequenti (FAQ)<\/h3>\n\n\n\n<ol class=\"wp-block-list\">\n<li class=\"\"><strong>Come rimuovere la filigrana dalla foto?<\/strong>\n<ul class=\"wp-block-list\">\n<li class=\"\">Per rimuovere una filigrana da una foto, \u00e8 possibile utilizzare strumenti online come AI Art Free Watermark Remover. \u00c8 sufficiente caricare la foto, selezionare l'area della filigrana e lo strumento la rimuover\u00e0 automaticamente.<\/li>\n<\/ul>\n<\/li>\n\n\n\n<li class=\"\"><strong>Come rimuovere la filigrana dai video?<\/strong>\n<ul class=\"wp-block-list\">\n<li class=\"\">Utilizzate strumenti come Apowersoft Watermark Remover che supportano i formati video. Caricate il video, selezionate l'area della filigrana e lo strumento elaborer\u00e0 il video per rimuovere la filigrana.<\/li>\n<\/ul>\n<\/li>\n\n\n\n<li class=\"\"><strong>Esiste un programma gratuito per la rimozione delle filigrane?<\/strong>\n<ul class=\"wp-block-list\">\n<li class=\"\">S\u00ec, AI Art Free Watermark Remover \u00e8 uno strumento gratuito che consente un uso illimitato senza registrazione.<\/li>\n<\/ul>\n<\/li>\n\n\n\n<li class=\"\"><strong>L'intelligenza artificiale pu\u00f2 rimuovere le filigrane?<\/strong>\n<ul class=\"wp-block-list\">\n<li class=\"\">S\u00ec, strumenti basati sull'intelligenza artificiale come AI Art Free Watermark Remover e Remove.bg sono in grado di rimuovere efficacemente i watermark dalle immagini utilizzando algoritmi avanzati.<\/li>\n<\/ul>\n<\/li>\n\n\n\n<li class=\"\"><strong>Qual \u00e8 il miglior rimuovi filigrana per le foto?<\/strong>\n<ul class=\"wp-block-list\">\n<li class=\"\">AI Art Free Watermark Remover e Remove.bg sono tra i migliori strumenti per rimuovere le filigrane dalle foto grazie alla loro elevata precisione e facilit\u00e0 d'uso.<\/li>\n<\/ul>\n<\/li>\n\n\n\n<li class=\"\"><strong>Qual \u00e8 il miglior rimuovi filigrana per i video?<\/strong>\n<ul class=\"wp-block-list\">\n<li class=\"\">Apowersoft Watermark Remover e HitPaw Watermark Remover sono ottime scelte per rimuovere le filigrane dai video.<\/li>\n<\/ul>\n<\/li>\n\n\n\n<li class=\"\"><strong>Esistono rimozioni di filigrane ad uso illimitato?<\/strong>\n<ul class=\"wp-block-list\">\n<li class=\"\">S\u00ec, AI Art Free Watermark Remover offre un uso illimitato senza alcuna registrazione o abbonamento.<\/li>\n<\/ul>\n<\/li>\n\n\n\n<li class=\"\"><strong>Come rimuovere gli oggetti indesiderati dalle immagini?<\/strong>\n<ul class=\"wp-block-list\">\n<li class=\"\">Strumenti come Inpaint consentono di selezionare e rimuovere manualmente gli oggetti indesiderati dalle immagini, offrendo un controllo preciso sul processo di editing.<\/li>\n<\/ul>\n<\/li>\n\n\n\n<li class=\"\"><strong>Esistono rimozioni di filigrana facili da usare?<\/strong>\n<ul class=\"wp-block-list\">\n<li class=\"\">S\u00ec, strumenti come AI Art Free Watermark Remover e Wondershare Fotophire sono noti per le loro interfacce facili da usare.<\/li>\n<\/ul>\n<\/li>\n\n\n\n<li class=\"\"><strong>I rimossi di filigrana possono mantenere la qualit\u00e0 originale?<\/strong>\n<ul class=\"wp-block-list\">\n<li class=\"\">Strumenti di alta qualit\u00e0 come AI Art Free Watermark Remover e HitPaw Watermark Remover sono progettati per mantenere la qualit\u00e0 originale di immagini e video dopo la rimozione dei watermark.<\/li>\n<\/ul>\n<\/li>\n<\/ol>","protected":false},"excerpt":{"rendered":"<p>Before vs After How to use Watermark Remover *&nbsp;Depending on your internet speed, loading the model may take a few seconds.* There will be caching during continuous generation, and the new image will appear after about 3 seconds. Introduction of Watermark Remover What is a Watermark Remover? A watermark remover is a tool or software &#8230; <a title=\"Rimozione della filigrana\" class=\"read-more\" href=\"https:\/\/aiartfree.online\/it\/rimozione-della-filigrana\/\" aria-label=\"Per saperne di pi\u00f9 su Watermark Remover\">Leggi tutto<\/a><\/p>","protected":false},"author":1,"featured_media":3304,"parent":0,"menu_order":0,"comment_status":"open","ping_status":"closed","template":"","meta":{"nf_dc_page":"","footnotes":""},"class_list":["post-3281","page","type-page","status-publish","has-post-thumbnail"],"jetpack_sharing_enabled":true,"_links":{"self":[{"href":"https:\/\/aiartfree.online\/it\/wp-json\/wp\/v2\/pages\/3281","targetHints":{"allow":["GET"]}}],"collection":[{"href":"https:\/\/aiartfree.online\/it\/wp-json\/wp\/v2\/pages"}],"about":[{"href":"https:\/\/aiartfree.online\/it\/wp-json\/wp\/v2\/types\/page"}],"author":[{"embeddable":true,"href":"https:\/\/aiartfree.online\/it\/wp-json\/wp\/v2\/users\/1"}],"replies":[{"embeddable":true,"href":"https:\/\/aiartfree.online\/it\/wp-json\/wp\/v2\/comments?post=3281"}],"version-history":[{"count":0,"href":"https:\/\/aiartfree.online\/it\/wp-json\/wp\/v2\/pages\/3281\/revisions"}],"wp:featuredmedia":[{"embeddable":true,"href":"https:\/\/aiartfree.online\/it\/wp-json\/wp\/v2\/media\/3304"}],"wp:attachment":[{"href":"https:\/\/aiartfree.online\/it\/wp-json\/wp\/v2\/media?parent=3281"}],"curies":[{"name":"wp","href":"https:\/\/api.w.org\/{rel}","templated":true}]}}