{"id":3270,"date":"2024-07-28T10:35:14","date_gmt":"2024-07-28T10:35:14","guid":{"rendered":"https:\/\/aiartfree.online\/?page_id=3270"},"modified":"2024-07-31T13:03:11","modified_gmt":"2024-07-31T13:03:11","slug":"ai-photo-generator","status":"publish","type":"page","link":"https:\/\/aiartfree.online\/it\/generatore-di-foto-ai\/","title":{"rendered":"Generatore di foto AI"},"content":{"rendered":"<h2 class=\"wp-block-heading has-text-align-center\">Cosa hanno creato i nostri utenti<\/h2>\n\n\n\n<figure class=\"gb-block-image gb-block-image-1822da1f\"><img data-recalc-dims=\"1\" decoding=\"async\" loading=\"lazy\" width=\"1200\" height=\"823\" class=\"gb-image gb-image-1822da1f\" src=\"https:\/\/i0.wp.com\/aiartfree.online\/wp-content\/uploads\/2024\/07\/WX20240731-165815%402x.jpg?resize=1200%2C823&#038;ssl=1\" alt=\"Generatore di foto AI\" title=\"WX20240731-165815@2x\" srcset=\"https:\/\/i0.wp.com\/aiartfree.online\/wp-content\/uploads\/2024\/07\/WX20240731-165815%402x.jpg?w=1630&amp;ssl=1 1630w, https:\/\/i0.wp.com\/aiartfree.online\/wp-content\/uploads\/2024\/07\/WX20240731-165815%402x.jpg?resize=300%2C206&amp;ssl=1 300w, https:\/\/i0.wp.com\/aiartfree.online\/wp-content\/uploads\/2024\/07\/WX20240731-165815%402x.jpg?resize=1024%2C702&amp;ssl=1 1024w, https:\/\/i0.wp.com\/aiartfree.online\/wp-content\/uploads\/2024\/07\/WX20240731-165815%402x.jpg?resize=768%2C527&amp;ssl=1 768w, https:\/\/i0.wp.com\/aiartfree.online\/wp-content\/uploads\/2024\/07\/WX20240731-165815%402x.jpg?resize=1536%2C1054&amp;ssl=1 1536w, https:\/\/i0.wp.com\/aiartfree.online\/wp-content\/uploads\/2024\/07\/WX20240731-165815%402x.jpg?resize=18%2C12&amp;ssl=1 18w, https:\/\/i0.wp.com\/aiartfree.online\/wp-content\/uploads\/2024\/07\/WX20240731-165815%402x.jpg?resize=600%2C412&amp;ssl=1 600w\" sizes=\"auto, (max-width: 1200px) 100vw, 1200px\" \/><\/figure>\n\n\n\n<h2 class=\"wp-block-heading\">Come utilizzare AI Photo Generator<\/h2>\n\n\n\n<ol class=\"wp-block-list\">\n<li class=\"\">Inserite la vostra richiesta o scegliete uno degli esempi di richiesta.<\/li>\n\n\n\n<li class=\"\">Fare clic su \"Genera\".<\/li>\n\n\n\n<li class=\"\">Aspetta, \u00e8 cos\u00ec!<\/li>\n<\/ol>\n\n\n\n<h3 class=\"wp-block-heading has-medium-font-size\">Esempi di prompt<\/h3>\n\n\n\n<ul class=\"wp-block-list has-small-font-size\">\n<li class=\"\">bella donna, notte, con stelle, intricato, elegante, altamente dettagliato, liscio, messa a fuoco nitida<\/li>\n\n\n\n<li class=\"\">bella donna, notte, fantascienza, fantasia, intricato, elegante, vestito blu, magico, altamente dettagliato, liscio, b messa a fuoco, illustrazione<\/li>\n\n\n\n<li class=\"\">bella donna in spiaggia, rilassante, eterea, sognante, in controluce, altamente dettagliata, illuminazione realistica, messa a fuoco nitida, regola dei terzi, hd, ottanio, 4k<\/li>\n\n\n\n<li class=\"\">bella donna, tette grandi, domme mistress, steampunk, timido sorridente, 4k, Piccolo dettaglio<\/li>\n\n\n\n<li class=\"\">bella donna, notte, con stelle, intricato, elegante, altamente dettagliato, liscio, messa a fuoco nitida<\/li>\n<\/ul>\n\n\n\n<p class=\"\">Utilizzo&nbsp;<a href=\"https:\/\/aiartfree.online\/it\/generatore-di-messaggi\/\" target=\"_blank\" data-type=\"page\" data-id=\"3164\" rel=\"noreferrer noopener\">Generatore di prompt<\/a>&nbsp;per espandere i confini dell'immaginazione<\/p>\n\n\n\n<p class=\"\"><em>* A seconda della velocit\u00e0 di internet, il caricamento del modello potrebbe richiedere alcuni secondi.<br>* Durante la generazione continua si verifica il caching e la nuova immagine viene visualizzata dopo circa 3 secondi.<\/em><\/p>\n\n\n\n<div class=\"iframe-wrapper\" style=\"position: relative; width: 100%; height: 950px;\">\n  <div class=\"loading\" style=\"position: absolute; top: 50px; left: 50%; transform: translate(-50%, -50%); width: 40px; height: 40px; border: 3px solid #f0f0f0; border-top: 3px solid #db7093; border-radius: 50%; animation: spin 1s linear infinite;\"><\/div>\n  <iframe loading=\"lazy\" src=\"https:\/\/playgroundai-playground-v2-5.hf.space\" frameborder=\"0\" width=\"100%\" height=\"100%\" style=\"position: absolute; top: 0; left: 0; opacity: 0; transition: opacity 0.3s;\" onload=\"this.style.opacity=1;this.previousElementSibling.style.display='none';\"><\/iframe>\n<\/div>\n\n<style>\n@keyframes spin {\n  0% { transform: translate(-50%, -50%) rotate(0deg); }\n  100% { transform: translate(-50%, -50%) rotate(360deg); }\n}\n<\/style>\n\n\n\n<div style=\"height:50px\" aria-hidden=\"true\" class=\"wp-block-spacer\"><\/div>\n\n\n\n<h2 class=\"wp-block-heading\">Introduzione del generatore di foto AI<\/h2>\n\n\n\n<p class=\"\">Nel frenetico mondo digitale, i generatori di foto AI sono diventati strumenti essenziali per artisti, marketer e creatori di contenuti. Questo articolo approfondir\u00e0 cosa sono i generatori di foto AI, la loro importanza e come possono essere utilizzati in vari settori. Inoltre, esploreremo i migliori generatori di foto AI disponibili oggi, compreso lo strumento altamente raccomandato di <a href=\"https:\/\/aiartfree.online\/it\/generatore-di-foto-ai\/\">AI Art Gratis<\/a>.<\/p>\n\n\n\n<figure class=\"wp-block-image size-full is-resized\"><img data-recalc-dims=\"1\" data-dominant-color=\"70574e\" data-has-transparency=\"false\" decoding=\"async\" width=\"1024\" height=\"1024\"   loading=\"lazy\" src=\"https:\/\/i0.wp.com\/aiartfree.online\/wp-content\/uploads\/2024\/07\/image-30.webp?resize=1024%2C1024&#038;ssl=1\" alt=\"Nel frenetico mondo digitale, i generatori di foto AI sono diventati strumenti essenziali per artisti, marketer e creatori di contenuti. Questo articolo approfondir\u00e0 cosa sono i generatori di foto AI, la loro importanza e come possono essere utilizzati in vari settori. Inoltre, esploreremo i migliori generatori di foto AI disponibili oggi, compreso lo strumento altamente raccomandato di AI Art Free.\" class=\"wp-image-3278 not-transparent\" style=\"--dominant-color: #70574e; width:436px;height:auto\" srcset=\"https:\/\/i0.wp.com\/aiartfree.online\/wp-content\/uploads\/2024\/07\/image-30.webp?w=1024&amp;ssl=1 1024w, https:\/\/i0.wp.com\/aiartfree.online\/wp-content\/uploads\/2024\/07\/image-30.webp?resize=300%2C300&amp;ssl=1 300w, https:\/\/i0.wp.com\/aiartfree.online\/wp-content\/uploads\/2024\/07\/image-30.webp?resize=150%2C150&amp;ssl=1 150w, https:\/\/i0.wp.com\/aiartfree.online\/wp-content\/uploads\/2024\/07\/image-30.webp?resize=768%2C768&amp;ssl=1 768w, https:\/\/i0.wp.com\/aiartfree.online\/wp-content\/uploads\/2024\/07\/image-30.webp?resize=12%2C12&amp;ssl=1 12w, https:\/\/i0.wp.com\/aiartfree.online\/wp-content\/uploads\/2024\/07\/image-30.webp?resize=600%2C600&amp;ssl=1 600w, https:\/\/i0.wp.com\/aiartfree.online\/wp-content\/uploads\/2024\/07\/image-30.webp?resize=100%2C100&amp;ssl=1 100w\" sizes=\"auto, (max-width: 1024px) 100vw, 1024px\" \/><\/figure>\n\n\n\n<h3 class=\"wp-block-heading\">Indice dei contenuti<\/h3>\n\n\n\n<ol class=\"wp-block-list\">\n<li class=\"\"><a href=\"#what-is-an-ai-photo-generator\">Che cos'\u00e8 un generatore di foto AI?<\/a><\/li>\n\n\n\n<li class=\"\"><a href=\"#why-use-an-ai-photo-generator\">Perch\u00e9 utilizzare un generatore di foto AI?<\/a><\/li>\n\n\n\n<li class=\"\"><a href=\"#who-can-benefit-from-ai-photo-generators\">Chi pu\u00f2 beneficiare dei generatori di foto AI?<\/a><\/li>\n\n\n\n<li class=\"\"><a href=\"#top-10-ai-photo-generators\">I 10 migliori generatori di foto AI<\/a><\/li>\n\n\n\n<li class=\"\"><a href=\"#faq\">FAQ<\/a><\/li>\n<\/ol>\n\n\n\n<h3 class=\"wp-block-heading\">Che cos'\u00e8 un generatore di foto AI?<\/h3>\n\n\n\n<p class=\"\">Un generatore di foto AI, noto anche come generatore di immagini AI, \u00e8 uno strumento alimentato dall'intelligenza artificiale e dall'apprendimento automatico che converte le richieste di testo in immagini uniche. Questi strumenti utilizzano l'intelligenza artificiale generativa per creare immagini vivaci e diverse in base alle descrizioni testuali fornite dall'utente.<\/p>\n\n\n\n<h3 class=\"wp-block-heading\">Perch\u00e9 utilizzare un generatore di foto AI?<\/h3>\n\n\n\n<p class=\"\">I generatori di foto AI sono fondamentali per creare immagini uniche in modo rapido ed efficiente. Offrono numerosi vantaggi:<\/p>\n\n\n\n<ul class=\"wp-block-list\">\n<li class=\"\"><strong>Creativit\u00e0:<\/strong> Aiutano a generare immagini uniche e creative che si distinguono.<\/li>\n\n\n\n<li class=\"\"><strong>Efficienza:<\/strong> Risparmiano tempo producendo istantaneamente immagini di alta qualit\u00e0.<\/li>\n\n\n\n<li class=\"\"><strong>Versatilit\u00e0:<\/strong> Possono essere utilizzati per vari scopi, dai post sui social media ai materiali di marketing.<\/li>\n<\/ul>\n\n\n\n<h3 class=\"wp-block-heading\">Chi pu\u00f2 beneficiare dei generatori di foto AI?<\/h3>\n\n\n\n<ul class=\"wp-block-list\">\n<li class=\"\"><strong>Artisti:<\/strong> Per creare pezzi unici di arte digitale.<\/li>\n\n\n\n<li class=\"\"><strong>I marketer:<\/strong> Per generare immagini di qualit\u00e0 per le campagne.<\/li>\n\n\n\n<li class=\"\"><strong>Creatori di contenuti:<\/strong> Per migliorare i post del blog, i contenuti dei social media e altro ancora.<\/li>\n\n\n\n<li class=\"\"><strong>Aziende:<\/strong> Per la progettazione di materiali di marketing, siti web e pubblicit\u00e0.<\/li>\n<\/ul>\n\n\n\n<h3 class=\"wp-block-heading\">I 10 migliori generatori di foto AI<\/h3>\n\n\n\n<figure class=\"wp-block-table\"><table class=\"has-fixed-layout\"><thead><tr><th><strong>Strumento<\/strong><\/th><th><strong>Sito web<\/strong><\/th><th><strong>Vantaggi<\/strong><\/th><th><strong>Svantaggi<\/strong><\/th><th><strong>Sfide<\/strong><\/th><th><strong>Suggerimenti<\/strong><\/th><\/tr><\/thead><tbody><tr><td><strong>AI Art Gratis<\/strong><\/td><td><a href=\"https:\/\/aiartfree.online\/it\/generatore-di-foto-ai\/\">aiartfree.online<\/a><\/td><td>Gratuito, facile da usare, produce immagini di alta qualit\u00e0<\/td><td>Personalizzazione limitata<\/td><td>Necessita di una connessione internet costante<\/td><td>Aggiornamenti regolari per migliorare le funzionalit\u00e0<\/td><\/tr><tr><td><strong>DeepArt<\/strong><\/td><td><a href=\"https:\/\/deepart.io\" target=\"_blank\" rel=\"noopener\">deepart.io<\/a><\/td><td>Grandi filtri artistici<\/td><td>Elaborazione lenta<\/td><td>Non sempre accurati<\/td><td>Migliorare la velocit\u00e0 di elaborazione<\/td><\/tr><tr><td><strong>Pista ML<\/strong><\/td><td><a href=\"https:\/\/runwayml.com\" target=\"_blank\" rel=\"noopener\">runwayml.com<\/a><\/td><td>Versatile, di livello professionale<\/td><td>Costoso<\/td><td>Curva di apprendimento ripida<\/td><td>Fornire esercitazioni<\/td><\/tr><tr><td><strong>Allevatore d'arte<\/strong><\/td><td><a href=\"https:\/\/artbreeder.com\" target=\"_blank\" rel=\"noopener\">artbreeder.com<\/a><\/td><td>Risultati unici e collaborativi<\/td><td>Versione gratuita limitata<\/td><td>L'interfaccia pu\u00f2 essere complessa<\/td><td>Semplificare l'interfaccia utente<\/td><\/tr><tr><td><strong>DALL-E<\/strong><\/td><td><a href=\"https:\/\/aiartfree.online\/it\/libero-dalle-3\/\" data-type=\"page\" data-id=\"2889\">openai.com\/dall-e<\/a><\/td><td>Immagini di alta qualit\u00e0, innovative<\/td><td>Accesso limitato<\/td><td>Domanda elevata<\/td><td>Aumentare l'accessibilit\u00e0<\/td><\/tr><tr><td><strong>Generatore di sogni profondi<\/strong><\/td><td><a href=\"https:\/\/deepdreamgenerator.com\" target=\"_blank\" rel=\"noopener\">deepdreamgenerator.com<\/a><\/td><td>Immagini surreali e artistiche<\/td><td>Pu\u00f2 essere astratto<\/td><td>Non adatto a tutti gli usi<\/td><td>Offrire pi\u00f9 stili<\/td><\/tr><tr><td><strong>NightCafe<\/strong><\/td><td><a href=\"https:\/\/nightcafe.studio\" target=\"_blank\" rel=\"noopener\">nightcafe.studio<\/a><\/td><td>Facilit\u00e0 d'uso, caratteristiche della comunit\u00e0<\/td><td>Opzioni gratuite limitate<\/td><td>Pu\u00f2 essere costoso<\/td><td>Altre funzioni gratuite<\/td><\/tr><tr><td><strong>Il grande sonno<\/strong><\/td><td><a href=\"https:\/\/bigsleep.dev\" target=\"_blank\" rel=\"noopener\">bigsleep.dev<\/a><\/td><td>Open-source, personalizzabile<\/td><td>Richiede conoscenze tecniche<\/td><td>Configurazione complessa<\/td><td>Fornire pi\u00f9 guide<\/td><\/tr><tr><td><strong>Allevatore di animali<\/strong><\/td><td><a href=\"https:\/\/ganbreeder.app\" target=\"_blank\" rel=\"noopener\">ganbreeder.app<\/a><\/td><td>Collaborativo, creativo<\/td><td>Pu\u00f2 essere imprevedibile<\/td><td>L'interfaccia potrebbe essere migliore<\/td><td>Migliorare la prevedibilit\u00e0<\/td><\/tr><tr><td><strong>StileGAN2<\/strong><\/td><td><a href=\"https:\/\/github.com\/NVlabs\/stylegan2\" target=\"_blank\" rel=\"noopener\">github.com\/NVlabs\/stylegan2<\/a><\/td><td>Risultati di alta qualit\u00e0<\/td><td>Richiede competenze tecniche<\/td><td>Difficile da configurare<\/td><td>Tutorial pi\u00f9 semplici da usare<\/td><\/tr><\/tbody><\/table><\/figure>\n\n\n\n<h3 class=\"wp-block-heading\">FAQ<\/h3>\n\n\n\n<h4 class=\"wp-block-heading\">Come capire se una foto \u00e8 generata dall'AI?<\/h4>\n\n\n\n<p class=\"\">Per determinare se una foto \u00e8 stata generata dall'intelligenza artificiale, \u00e8 necessario cercare sottili anomalie, modelli innaturali e mancanza di dettagli fini, che sono comuni nelle immagini generate dall'intelligenza artificiale.<\/p>\n\n\n\n<h4 class=\"wp-block-heading\">Come generare foto AI?<\/h4>\n\n\n\n<p class=\"\">\u00c8 possibile generare foto AI utilizzando un generatore di foto AI come <a href=\"https:\/\/aiartfree.online\/it\/generatore-di-foto-ai\/\">AI Art Gratis<\/a>. \u00c8 sufficiente inserire una richiesta di testo e lasciare che l'IA crei l'immagine.<\/p>\n\n\n\n<h4 class=\"wp-block-heading\">Questa foto \u00e8 generata dall'intelligenza artificiale?<\/h4>\n\n\n\n<p class=\"\">Per verificare se una foto \u00e8 generata dall'IA, utilizzare strumenti progettati per rilevare i contenuti generati dall'IA o analizzare l'immagine alla ricerca di incongruenze.<\/p>\n\n\n\n<h4 class=\"wp-block-heading\">Qual \u00e8 il miglior generatore di foto AI?<\/h4>\n\n\n\n<p class=\"\">Il miglior generatore di foto AI varia a seconda delle vostre esigenze, ma <a href=\"https:\/\/aiartfree.online\/it\/generatore-di-foto-ai\/\">AI Art Gratis<\/a> \u00e8 altamente raccomandato per la sua facilit\u00e0 d'uso e per la qualit\u00e0 della produzione.<\/p>\n\n\n\n<h4 class=\"wp-block-heading\">Come creare foto generate dall'intelligenza artificiale?<\/h4>\n\n\n\n<p class=\"\">\u00c8 possibile creare foto generate dall'intelligenza artificiale inserendo richieste di testo descrittivo in un generatore di foto AI, che creer\u00e0 immagini basate sulle descrizioni.<\/p>\n\n\n\n<h3 class=\"wp-block-heading\">Moduli aggiuntivi<\/h3>\n\n\n\n<h4 class=\"wp-block-heading\">Comprendere l'IA generativa e il suo impatto<\/h4>\n\n\n\n<p class=\"\">L'AI generativa, che alimenta i generatori di foto AI, \u00e8 un tipo di intelligenza artificiale in grado di creare nuovi contenuti a partire da dati esistenti. Questa tecnologia sta rivoluzionando le industrie creative, consentendo la creazione di immagini, musica e testi unici.<\/p>\n\n\n\n<h4 class=\"wp-block-heading\">Vantaggi dell'utilizzo dei generatori di foto AI per i social media<\/h4>\n\n\n\n<p class=\"\">I generatori di foto AI sono preziosi per i social media in quanto consentono di creare immagini uniche e coinvolgenti che catturano l'attenzione del pubblico e stimolano il coinvolgimento.<\/p>\n\n\n\n<h4 class=\"wp-block-heading\">Il ruolo dell'apprendimento automatico nei generatori di foto AI<\/h4>\n\n\n\n<p class=\"\">L'apprendimento automatico \u00e8 la spina dorsale dei generatori di foto AI. Consente a questi strumenti di apprendere da vaste serie di dati e di migliorare nel tempo la qualit\u00e0 e la rilevanza delle immagini prodotte.<\/p>\n\n\n\n<h3 class=\"wp-block-heading\">Conclusione<\/h3>\n\n\n\n<p class=\"\">I generatori di foto AI sono strumenti potenti che sfruttano le capacit\u00e0 dell'intelligenza artificiale e dell'apprendimento automatico per creare immagini uniche e di alta qualit\u00e0. Che siate artisti, marketer o creatori di contenuti, questi strumenti possono migliorare significativamente il vostro processo creativo e la vostra produzione. Comprendendone i vantaggi e le sfide, \u00e8 possibile sfruttare al meglio questi strumenti innovativi per produrre immagini straordinarie che si distinguono in qualsiasi mezzo.<\/p>\n\n\n\n<p class=\"\">Per un'esperienza ottimale, iniziare con il <a href=\"https:\/\/aiartfree.online\/it\/generatore-di-foto-ai\/\">AI Art Gratis<\/a> che offre un modo semplice e gratuito per generare foto AI di alta qualit\u00e0.<\/p>","protected":false},"excerpt":{"rendered":"<p>What our users created How to use AI Photo Generator Prompt Examples Use&nbsp;Prompt Generator&nbsp;to Expand the Boundaries of Your Imagination *&nbsp;Depending on your internet speed, loading the model may take a few seconds.* There will be caching during continuous generation, and the new image will appear after about 3 seconds. Introduction of AI Photo Generator &#8230; <a title=\"Generatore di foto AI\" class=\"read-more\" href=\"https:\/\/aiartfree.online\/it\/generatore-di-foto-ai\/\" aria-label=\"Per saperne di pi\u00f9 su AI Photo Generator\">Leggi tutto<\/a><\/p>","protected":false},"author":1,"featured_media":3392,"parent":0,"menu_order":0,"comment_status":"open","ping_status":"closed","template":"","meta":{"nf_dc_page":"","footnotes":""},"class_list":["post-3270","page","type-page","status-publish","has-post-thumbnail"],"jetpack_sharing_enabled":true,"_links":{"self":[{"href":"https:\/\/aiartfree.online\/it\/wp-json\/wp\/v2\/pages\/3270","targetHints":{"allow":["GET"]}}],"collection":[{"href":"https:\/\/aiartfree.online\/it\/wp-json\/wp\/v2\/pages"}],"about":[{"href":"https:\/\/aiartfree.online\/it\/wp-json\/wp\/v2\/types\/page"}],"author":[{"embeddable":true,"href":"https:\/\/aiartfree.online\/it\/wp-json\/wp\/v2\/users\/1"}],"replies":[{"embeddable":true,"href":"https:\/\/aiartfree.online\/it\/wp-json\/wp\/v2\/comments?post=3270"}],"version-history":[{"count":0,"href":"https:\/\/aiartfree.online\/it\/wp-json\/wp\/v2\/pages\/3270\/revisions"}],"wp:featuredmedia":[{"embeddable":true,"href":"https:\/\/aiartfree.online\/it\/wp-json\/wp\/v2\/media\/3392"}],"wp:attachment":[{"href":"https:\/\/aiartfree.online\/it\/wp-json\/wp\/v2\/media?parent=3270"}],"curies":[{"name":"wp","href":"https:\/\/api.w.org\/{rel}","templated":true}]}}