{"id":3117,"date":"2024-07-21T07:42:10","date_gmt":"2024-07-21T07:42:10","guid":{"rendered":"https:\/\/aiartfree.online\/?page_id=3117"},"modified":"2024-07-21T07:47:21","modified_gmt":"2024-07-21T07:47:21","slug":"free-ai-art-generator","status":"publish","type":"page","link":"https:\/\/aiartfree.online\/it\/generatore-gratuito-di-ai-art\/","title":{"rendered":"Generatore gratuito di arte AI"},"content":{"rendered":"<p class=\"has-text-align-center\">Generate splendide opere d'arte generate dall'AI con strumenti artistici AI gratuiti e all'avanguardia.<\/p>\n\n\n<div class=\"gb-grid-wrapper gb-grid-wrapper-cd9cd360\">\n<div class=\"gb-grid-column gb-grid-column-11112ac1\"><div class=\"gb-container gb-container-11112ac1\">\n\n<figure class=\"gb-block-image gb-block-image-3cedc626\"><a href=\"https:\/\/aiartfree.online\/it\/generatore-di-caratteri-ai\/\" target=\"_blank\" rel=\"noopener noreferrer\"><img data-recalc-dims=\"1\" decoding=\"async\" loading=\"lazy\" width=\"1200\" height=\"1190\" class=\"gb-image gb-image-3cedc626\" src=\"https:\/\/i0.wp.com\/aiartfree.online\/wp-content\/uploads\/2024\/07\/WX20240719-144752%402x.jpg?resize=1200%2C1190&#038;ssl=1\" alt=\"Generatore di personaggi AI\" title=\"WX20240719-144752@2x\" srcset=\"https:\/\/i0.wp.com\/aiartfree.online\/wp-content\/uploads\/2024\/07\/WX20240719-144752%402x.jpg?w=1632&amp;ssl=1 1632w, https:\/\/i0.wp.com\/aiartfree.online\/wp-content\/uploads\/2024\/07\/WX20240719-144752%402x.jpg?resize=300%2C297&amp;ssl=1 300w, https:\/\/i0.wp.com\/aiartfree.online\/wp-content\/uploads\/2024\/07\/WX20240719-144752%402x.jpg?resize=1024%2C1015&amp;ssl=1 1024w, https:\/\/i0.wp.com\/aiartfree.online\/wp-content\/uploads\/2024\/07\/WX20240719-144752%402x.jpg?resize=150%2C150&amp;ssl=1 150w, https:\/\/i0.wp.com\/aiartfree.online\/wp-content\/uploads\/2024\/07\/WX20240719-144752%402x.jpg?resize=768%2C761&amp;ssl=1 768w, https:\/\/i0.wp.com\/aiartfree.online\/wp-content\/uploads\/2024\/07\/WX20240719-144752%402x.jpg?resize=1536%2C1523&amp;ssl=1 1536w, https:\/\/i0.wp.com\/aiartfree.online\/wp-content\/uploads\/2024\/07\/WX20240719-144752%402x.jpg?resize=12%2C12&amp;ssl=1 12w, https:\/\/i0.wp.com\/aiartfree.online\/wp-content\/uploads\/2024\/07\/WX20240719-144752%402x.jpg?resize=600%2C595&amp;ssl=1 600w, https:\/\/i0.wp.com\/aiartfree.online\/wp-content\/uploads\/2024\/07\/WX20240719-144752%402x.jpg?resize=100%2C100&amp;ssl=1 100w\" sizes=\"auto, (max-width: 1200px) 100vw, 1200px\" \/><\/a><\/figure>\n\n\n\n<h3 class=\"gb-headline gb-headline-efcb9b85 gb-headline-text\">Generatore di personaggi AI<\/h3>\n\n\n\n<p class=\"gb-headline gb-headline-f3afe0a5 gb-headline-text\">AI Character Generator consente di progettare personaggi unici con algoritmi di intelligenza artificiale e tecnologia AI generativa.<\/p>\n\n<\/div><\/div>\n\n<div class=\"gb-grid-column gb-grid-column-d5a6cb82\"><div class=\"gb-container gb-container-d5a6cb82\">\n\n<figure class=\"gb-block-image gb-block-image-b9b8fce6\"><a href=\"https:\/\/aiartfree.online\/it\/generatore-gratuito-di-ai-pixar\/\" target=\"_blank\" rel=\"noopener noreferrer\"><img data-recalc-dims=\"1\" decoding=\"async\" loading=\"lazy\" width=\"938\" height=\"626\" class=\"gb-image gb-image-b9b8fce6\" src=\"https:\/\/i0.wp.com\/aiartfree.online\/wp-content\/uploads\/2024\/07\/WX20240717-174206%402x.jpg?resize=938%2C626&#038;ssl=1\" alt=\"generatore pixar ai\" title=\"WX20240717-174206@2x\" srcset=\"https:\/\/i0.wp.com\/aiartfree.online\/wp-content\/uploads\/2024\/07\/WX20240717-174206%402x.jpg?w=938&amp;ssl=1 938w, https:\/\/i0.wp.com\/aiartfree.online\/wp-content\/uploads\/2024\/07\/WX20240717-174206%402x.jpg?resize=300%2C200&amp;ssl=1 300w, https:\/\/i0.wp.com\/aiartfree.online\/wp-content\/uploads\/2024\/07\/WX20240717-174206%402x.jpg?resize=768%2C513&amp;ssl=1 768w, https:\/\/i0.wp.com\/aiartfree.online\/wp-content\/uploads\/2024\/07\/WX20240717-174206%402x.jpg?resize=18%2C12&amp;ssl=1 18w, https:\/\/i0.wp.com\/aiartfree.online\/wp-content\/uploads\/2024\/07\/WX20240717-174206%402x.jpg?resize=600%2C400&amp;ssl=1 600w\" sizes=\"auto, (max-width: 938px) 100vw, 938px\" \/><\/a><\/figure>\n\n\n\n<h3 class=\"gb-headline gb-headline-0c51996c gb-headline-text\">Generatore di intelligenza artificiale Pixar<\/h3>\n\n\n\n<p class=\"gb-headline gb-headline-83bb38c0 gb-headline-text\">Trasformate le vostre idee in arte generata dall'IA in stile Pixar con l'IA generativa d'avanguardia gratuita online.<\/p>\n\n<\/div><\/div>\n\n<div class=\"gb-grid-column gb-grid-column-bdb1b3f6\"><div class=\"gb-container gb-container-bdb1b3f6\">\n\n<figure class=\"gb-block-image gb-block-image-129ad6ad\"><a href=\"https:\/\/aiartfree.online\/it\/generatore-di-anime-ai\/\" target=\"_blank\" rel=\"noopener noreferrer\"><img data-recalc-dims=\"1\" decoding=\"async\" loading=\"lazy\" width=\"1200\" height=\"718\" class=\"gb-image gb-image-129ad6ad\" src=\"https:\/\/i0.wp.com\/aiartfree.online\/wp-content\/uploads\/2024\/07\/WX20240719-123748%402x.jpg?resize=1200%2C718&#038;ssl=1\" alt=\"anime-ai-generator\/\" title=\"WX20240719-123748@2x\" srcset=\"https:\/\/i0.wp.com\/aiartfree.online\/wp-content\/uploads\/2024\/07\/WX20240719-123748%402x.jpg?w=1314&amp;ssl=1 1314w, https:\/\/i0.wp.com\/aiartfree.online\/wp-content\/uploads\/2024\/07\/WX20240719-123748%402x.jpg?resize=300%2C179&amp;ssl=1 300w, https:\/\/i0.wp.com\/aiartfree.online\/wp-content\/uploads\/2024\/07\/WX20240719-123748%402x.jpg?resize=1024%2C613&amp;ssl=1 1024w, https:\/\/i0.wp.com\/aiartfree.online\/wp-content\/uploads\/2024\/07\/WX20240719-123748%402x.jpg?resize=768%2C459&amp;ssl=1 768w, https:\/\/i0.wp.com\/aiartfree.online\/wp-content\/uploads\/2024\/07\/WX20240719-123748%402x.jpg?resize=18%2C12&amp;ssl=1 18w, https:\/\/i0.wp.com\/aiartfree.online\/wp-content\/uploads\/2024\/07\/WX20240719-123748%402x.jpg?resize=600%2C359&amp;ssl=1 600w\" sizes=\"auto, (max-width: 1200px) 100vw, 1200px\" \/><\/a><\/figure>\n\n\n\n<h3 class=\"gb-headline gb-headline-3dd3b4a8 gb-headline-text\">Generatore di Anime AI<\/h3>\n\n\n\n<p class=\"gb-headline gb-headline-9bb27b5a gb-headline-text\">Generate arte di anime vivaci con Anime AI Generator, che si avvale di algoritmi avanzati di intelligenza artificiale.<\/p>\n\n<\/div><\/div>\n\n<div class=\"gb-grid-column gb-grid-column-cd81c4c8\"><div class=\"gb-container gb-container-cd81c4c8\">\n\n<figure class=\"gb-block-image gb-block-image-420788f4\"><a href=\"https:\/\/aiartfree.online\/it\/generatore-di-cartoni-animati-ai\/\" target=\"_blank\" rel=\"noopener noreferrer\"><img data-recalc-dims=\"1\" decoding=\"async\" loading=\"lazy\" width=\"1200\" height=\"596\" class=\"gb-image gb-image-420788f4\" src=\"https:\/\/i0.wp.com\/aiartfree.online\/wp-content\/uploads\/2024\/07\/WX20240717-175407%402x-1-1-1-scaled.jpg?resize=1200%2C596&#038;ssl=1\" alt=\"Generatore di cartoni animati AI\" title=\"WX20240717-175407@2x (1) (1) (1)\" srcset=\"https:\/\/i0.wp.com\/aiartfree.online\/wp-content\/uploads\/2024\/07\/WX20240717-175407%402x-1-1-1-scaled.jpg?w=2560&amp;ssl=1 2560w, https:\/\/i0.wp.com\/aiartfree.online\/wp-content\/uploads\/2024\/07\/WX20240717-175407%402x-1-1-1-scaled.jpg?resize=300%2C149&amp;ssl=1 300w, https:\/\/i0.wp.com\/aiartfree.online\/wp-content\/uploads\/2024\/07\/WX20240717-175407%402x-1-1-1-scaled.jpg?resize=1024%2C508&amp;ssl=1 1024w, https:\/\/i0.wp.com\/aiartfree.online\/wp-content\/uploads\/2024\/07\/WX20240717-175407%402x-1-1-1-scaled.jpg?resize=768%2C381&amp;ssl=1 768w, https:\/\/i0.wp.com\/aiartfree.online\/wp-content\/uploads\/2024\/07\/WX20240717-175407%402x-1-1-1-scaled.jpg?resize=1536%2C763&amp;ssl=1 1536w, https:\/\/i0.wp.com\/aiartfree.online\/wp-content\/uploads\/2024\/07\/WX20240717-175407%402x-1-1-1-scaled.jpg?resize=2048%2C1017&amp;ssl=1 2048w, https:\/\/i0.wp.com\/aiartfree.online\/wp-content\/uploads\/2024\/07\/WX20240717-175407%402x-1-1-1-scaled.jpg?resize=18%2C9&amp;ssl=1 18w, https:\/\/i0.wp.com\/aiartfree.online\/wp-content\/uploads\/2024\/07\/WX20240717-175407%402x-1-1-1-scaled.jpg?resize=600%2C298&amp;ssl=1 600w, https:\/\/i0.wp.com\/aiartfree.online\/wp-content\/uploads\/2024\/07\/WX20240717-175407%402x-1-1-1-scaled.jpg?w=2400&amp;ssl=1 2400w\" sizes=\"auto, (max-width: 1200px) 100vw, 1200px\" \/><\/a><\/figure>\n\n\n\n<h3 class=\"gb-headline gb-headline-3b87d18c gb-headline-text\">Generatore di cartoni animati AI<\/h3>\n\n\n\n<p class=\"gb-headline gb-headline-51b4b755 gb-headline-text\">Convertite le foto in immagini in stile anime utilizzando algoritmi avanzati basati sull'intelligenza artificiale e divertitevi a creare arte unica generata dall'intelligenza artificiale.<\/p>\n\n<\/div><\/div>\n\n<div class=\"gb-grid-column gb-grid-column-b86d2319\"><div class=\"gb-container gb-container-b86d2319\">\n\n<figure class=\"gb-block-image gb-block-image-5898855b\"><a href=\"https:\/\/aiartfree.online\/it\/generatore-di-modelli-3d-ai\/\" target=\"_blank\" rel=\"noopener noreferrer\"><img data-recalc-dims=\"1\" decoding=\"async\" loading=\"lazy\" width=\"1200\" height=\"787\" class=\"gb-image gb-image-5898855b\" src=\"https:\/\/i0.wp.com\/aiartfree.online\/wp-content\/uploads\/2024\/07\/WX20240719-153337%402x-1-1.jpg?resize=1200%2C787&#038;ssl=1\" alt=\"Generatore di modelli da 2D a 3D\" title=\"WX20240719-153337@2x (1) (1)\" srcset=\"https:\/\/i0.wp.com\/aiartfree.online\/wp-content\/uploads\/2024\/07\/WX20240719-153337%402x-1-1.jpg?w=1768&amp;ssl=1 1768w, https:\/\/i0.wp.com\/aiartfree.online\/wp-content\/uploads\/2024\/07\/WX20240719-153337%402x-1-1.jpg?resize=300%2C197&amp;ssl=1 300w, https:\/\/i0.wp.com\/aiartfree.online\/wp-content\/uploads\/2024\/07\/WX20240719-153337%402x-1-1.jpg?resize=1024%2C672&amp;ssl=1 1024w, https:\/\/i0.wp.com\/aiartfree.online\/wp-content\/uploads\/2024\/07\/WX20240719-153337%402x-1-1.jpg?resize=768%2C504&amp;ssl=1 768w, https:\/\/i0.wp.com\/aiartfree.online\/wp-content\/uploads\/2024\/07\/WX20240719-153337%402x-1-1.jpg?resize=1536%2C1008&amp;ssl=1 1536w, https:\/\/i0.wp.com\/aiartfree.online\/wp-content\/uploads\/2024\/07\/WX20240719-153337%402x-1-1.jpg?resize=18%2C12&amp;ssl=1 18w, https:\/\/i0.wp.com\/aiartfree.online\/wp-content\/uploads\/2024\/07\/WX20240719-153337%402x-1-1.jpg?resize=600%2C394&amp;ssl=1 600w\" sizes=\"auto, (max-width: 1200px) 100vw, 1200px\" \/><\/a><\/figure>\n\n\n\n<h3 class=\"gb-headline gb-headline-d9fff2b4 gb-headline-text\">Generatore di modelli 3d AI<\/h3>\n\n\n\n<p class=\"gb-headline gb-headline-0faba709 gb-headline-text\">AI 3D Model Generator vi aiuta a creare modelli 3D all'avanguardia con una messa a punto potenziata dall'intelligenza artificiale.<\/p>\n\n<\/div><\/div>\n\n<div class=\"gb-grid-column gb-grid-column-bb7fbb28\"><div class=\"gb-container gb-container-bb7fbb28\">\n\n<figure class=\"gb-block-image gb-block-image-b44f128d\"><a href=\"https:\/\/aiartfree.online\/it\/generatore-di-disegni-ai\/\" target=\"_blank\" rel=\"noopener noreferrer\"><img data-recalc-dims=\"1\" decoding=\"async\" loading=\"lazy\" width=\"1200\" height=\"1200\" class=\"gb-image gb-image-b44f128d\" src=\"https:\/\/i0.wp.com\/aiartfree.online\/wp-content\/uploads\/2024\/07\/WX20240719-141958%402x.jpg?resize=1200%2C1200&#038;ssl=1\" alt=\"generatore di disegni ai\" title=\"WX20240719-141958@2x\" srcset=\"https:\/\/i0.wp.com\/aiartfree.online\/wp-content\/uploads\/2024\/07\/WX20240719-141958%402x.jpg?w=1414&amp;ssl=1 1414w, https:\/\/i0.wp.com\/aiartfree.online\/wp-content\/uploads\/2024\/07\/WX20240719-141958%402x.jpg?resize=300%2C300&amp;ssl=1 300w, https:\/\/i0.wp.com\/aiartfree.online\/wp-content\/uploads\/2024\/07\/WX20240719-141958%402x.jpg?resize=1024%2C1024&amp;ssl=1 1024w, https:\/\/i0.wp.com\/aiartfree.online\/wp-content\/uploads\/2024\/07\/WX20240719-141958%402x.jpg?resize=150%2C150&amp;ssl=1 150w, https:\/\/i0.wp.com\/aiartfree.online\/wp-content\/uploads\/2024\/07\/WX20240719-141958%402x.jpg?resize=768%2C768&amp;ssl=1 768w, https:\/\/i0.wp.com\/aiartfree.online\/wp-content\/uploads\/2024\/07\/WX20240719-141958%402x.jpg?resize=12%2C12&amp;ssl=1 12w, https:\/\/i0.wp.com\/aiartfree.online\/wp-content\/uploads\/2024\/07\/WX20240719-141958%402x.jpg?resize=600%2C600&amp;ssl=1 600w, https:\/\/i0.wp.com\/aiartfree.online\/wp-content\/uploads\/2024\/07\/WX20240719-141958%402x.jpg?resize=100%2C100&amp;ssl=1 100w\" sizes=\"auto, (max-width: 1200px) 100vw, 1200px\" \/><\/a><\/figure>\n\n\n\n<h3 class=\"gb-headline gb-headline-fc2626d2 gb-headline-text\">Generatore di disegni AI<\/h3>\n\n\n\n<p class=\"gb-headline gb-headline-83918771 gb-headline-text\">AI Drawing Generator trasforma le richieste di testo in opere d'arte generate dall'intelligenza artificiale grazie all'apprendimento automatico.<\/p>\n\n<\/div><\/div>\n<\/div>\n\n\n<div style=\"height:100px\" aria-hidden=\"true\" class=\"wp-block-spacer\"><\/div>\n\n\n\n<h2 class=\"wp-block-heading\" id=\"free-ai-art-generator-unlocking-the-power-of-artificial-intelligence-in-art\"><strong>Gratuito AI Art Generator: Liberare il potere dell'intelligenza artificiale nell'arte<\/strong><\/h2>\n\n\n\n<h3 class=\"wp-block-heading\" id=\"outline\"><a href=\"https:\/\/dromerosm-groq-llama3.hf.space\/#outline\" target=\"_blank\" rel=\"noopener\"><\/a>Schema:<\/h3>\n\n\n\n<ul class=\"wp-block-list\">\n<li class=\"\">Che cos'\u00e8 un generatore di arte AI gratuito?<\/li>\n\n\n\n<li class=\"\">Importanza dei generatori d'arte AI gratuiti<\/li>\n\n\n\n<li class=\"\">Vantaggi dell'utilizzo di un generatore di arte AI gratuito<\/li>\n\n\n\n<li class=\"\">Scenari adatti per l'utilizzo di un generatore d'arte AI gratuito<\/li>\n\n\n\n<li class=\"\">Chi pu\u00f2 utilizzare un generatore di arte AI gratuito?<\/li>\n\n\n\n<li class=\"\">Top 10 degli strumenti correlati e dei pro e contro<\/li>\n\n\n\n<li class=\"\">10 FAQ<\/li>\n<\/ul>\n\n\n\n<h3 class=\"wp-block-heading\" id=\"what-is-a-free-ai-art-generator\"><a href=\"https:\/\/dromerosm-groq-llama3.hf.space\/#what-is-a-free-ai-art-generator\" target=\"_blank\" rel=\"noopener\"><\/a><strong>Che cos'\u00e8 un generatore di arte AI gratuito?<\/strong><\/h3>\n\n\n\n<p class=\"\">Un generatore d'arte AI gratuito \u00e8 uno strumento online che utilizza l'intelligenza artificiale (AI) per generare opere d'arte sulla base di input dell'utente, come suggerimenti di testo o immagini. Questi strumenti utilizzano algoritmi di apprendimento automatico e tecniche di AI generativa, come la diffusione stabile, per creare opere d'arte uniche e vivaci.<\/p>\n\n\n\n<p class=\"\">L'ascesa dei generatori d'arte AI gratuiti ha democratizzato il mondo dell'arte, rendendo possibile a chiunque creare opere d'arte straordinarie senza richiedere grandi capacit\u00e0 o esperienze artistiche.<\/p>\n\n\n\n<h3 class=\"wp-block-heading\" id=\"importance-of-free-ai-art-generators\"><a href=\"https:\/\/dromerosm-groq-llama3.hf.space\/#importance-of-free-ai-art-generators\" target=\"_blank\" rel=\"noopener\"><\/a><strong>Importanza dei generatori d'arte AI gratuiti<\/strong><\/h3>\n\n\n\n<p class=\"\">I generatori gratuiti di arte AI sono diventati essenziali per diversi settori, tra cui i social media, la pubblicit\u00e0 e il design. Offrono una serie di vantaggi, tra cui:<\/p>\n\n\n\n<ul class=\"wp-block-list\">\n<li class=\"\"><strong>Risparmio di tempo<\/strong>: I generatori gratuiti di arte AI possono produrre opere d'arte di alta qualit\u00e0 in pochi minuti, risparmiando agli utenti ore di lavoro manuale.<\/li>\n\n\n\n<li class=\"\"><strong>Economicamente vantaggioso<\/strong>: Questi strumenti eliminano la necessit\u00e0 di assumere artisti umani o di acquistare costosi software di progettazione.<\/li>\n\n\n\n<li class=\"\"><strong>Libert\u00e0 creativa<\/strong>: I generatori gratuiti di AI art offrono agli utenti la possibilit\u00e0 di sperimentare diversi stili, temi e idee, favorendo la creativit\u00e0 e l'innovazione.<\/li>\n<\/ul>\n\n\n\n<h3 class=\"wp-block-heading\" id=\"benefits-of-using-a-free-ai-art-generator\"><a href=\"https:\/\/dromerosm-groq-llama3.hf.space\/#benefits-of-using-a-free-ai-art-generator\" target=\"_blank\" rel=\"noopener\"><\/a><strong>Vantaggi dell'utilizzo di un generatore di arte AI gratuito<\/strong><\/h3>\n\n\n\n<p class=\"\">L'utilizzo di un generatore di arte AI gratuito pu\u00f2 portare numerosi vantaggi, tra cui:<\/p>\n\n\n\n<ul class=\"wp-block-list\">\n<li class=\"\"><strong>Opere d'arte di livello professionale<\/strong>: I generatori d'arte AI gratuiti possono produrre opere d'arte che rivaleggiano con quelle degli artisti umani, offrendo agli utenti un risultato di livello professionale senza dover pagare un prezzo elevato.<\/li>\n\n\n\n<li class=\"\"><strong>Aumento della produttivit\u00e0<\/strong>: Grazie alla possibilit\u00e0 di generare materiale illustrativo in modo rapido ed efficiente, gli utenti possono concentrarsi su altri aspetti dei loro progetti, migliorando la produttivit\u00e0 complessiva.<\/li>\n\n\n\n<li class=\"\"><strong>Creativit\u00e0 illimitata<\/strong>: I generatori di arte AI gratuiti offrono una vasta gamma di possibilit\u00e0 creative, consentendo agli utenti di sperimentare diversi stili, temi e idee.<\/li>\n<\/ul>\n\n\n\n<h3 class=\"wp-block-heading\" id=\"suitable-scenarios-for-using-a-free-ai-art-generator\"><a href=\"https:\/\/dromerosm-groq-llama3.hf.space\/#suitable-scenarios-for-using-a-free-ai-art-generator\" target=\"_blank\" rel=\"noopener\"><\/a><strong>Scenari adatti per l'utilizzo di un generatore d'arte AI gratuito<\/strong><\/h3>\n\n\n\n<p class=\"\">I generatori gratuiti di arte AI sono adatti a vari scenari, tra cui:<\/p>\n\n\n\n<ul class=\"wp-block-list\">\n<li class=\"\"><strong>Creazione di contenuti per i social media<\/strong>: Create facilmente post, banner e annunci accattivanti per i social media.<\/li>\n\n\n\n<li class=\"\"><strong>Pubblicit\u00e0 e marketing<\/strong>: Utilizzate i generatori gratuiti di arte AI per creare pubblicit\u00e0, volantini e materiale promozionale di grande effetto.<\/li>\n\n\n\n<li class=\"\"><strong>Progetti artistici e di design<\/strong>: Sperimentate diversi stili e temi per creare opere d'arte, illustrazioni e disegni unici.<\/li>\n<\/ul>\n\n\n\n<h3 class=\"wp-block-heading\" id=\"who-can-use-a-free-ai-art-generator\"><a href=\"https:\/\/dromerosm-groq-llama3.hf.space\/#who-can-use-a-free-ai-art-generator\" target=\"_blank\" rel=\"noopener\"><\/a><strong>Chi pu\u00f2 utilizzare un generatore di arte AI gratuito?<\/strong><\/h3>\n\n\n\n<p class=\"\">Chiunque pu\u00f2 utilizzare un generatore di arte AI gratuito, indipendentemente dalle proprie capacit\u00e0 o esperienze artistiche. Questi strumenti sono perfetti per:<\/p>\n\n\n\n<ul class=\"wp-block-list\">\n<li class=\"\"><strong>Professionisti del marketing<\/strong>: Creare contenuti e annunci pubblicitari coinvolgenti sui social media con facilit\u00e0.<\/li>\n\n\n\n<li class=\"\"><strong>Designer e artisti<\/strong>: Sperimentare nuovi stili e temi o utilizzare i generatori gratuiti di arte AI come punto di partenza per i loro progetti.<\/li>\n\n\n\n<li class=\"\"><strong>Piccoli imprenditori<\/strong>: Produrre opere d'arte di livello professionale senza spendere una fortuna.<\/li>\n<\/ul>\n\n\n\n<h3 class=\"wp-block-heading\" id=\"top-10-related-tools-and-pros-cons\"><a href=\"https:\/\/dromerosm-groq-llama3.hf.space\/#top-10-related-tools-and-pros-cons\" target=\"_blank\" rel=\"noopener\"><\/a><strong>Top 10 degli strumenti correlati e dei pro e contro<\/strong><\/h3>\n\n\n\n<p class=\"\">Ecco i 10 principali strumenti correlati ai generatori di arte AI gratuiti, insieme ai loro pro e contro:<\/p>\n\n\n\n<figure class=\"wp-block-table\"><table class=\"has-fixed-layout\"><thead><tr><th>Strumento<\/th><th>Pro<\/th><th>Contro<\/th><\/tr><\/thead><tbody><tr><td><a href=\"https:\/\/aiartfree.online\/it\/generatore-gratuito-di-ai-art\/\" target=\"_blank\" rel=\"noreferrer noopener\">AI Art Gratis Online<\/a><\/td><td>Interfaccia facile da usare, output di alta qualit\u00e0<\/td><td>Opzioni di personalizzazione limitate<\/td><\/tr><tr><td>Generatore di sogni profondi<\/td><td>Opere d'arte uniche e oniriche<\/td><td>Controllo limitato sulla produzione<\/td><\/tr><tr><td>Prisma<\/td><td>Converte le foto in opere d'arte in vari stili<\/td><td>Opzioni di personalizzazione limitate<\/td><\/tr><tr><td>Allevatore d'arte<\/td><td>Creazione di opere d'arte interattive e guidate dall'utente<\/td><td>Curva di apprendimento ripida<\/td><\/tr><tr><td>Dreamscope<\/td><td>Generatore di opere d'arte potenziato dall'intelligenza artificiale con vari stili<\/td><td>Controllo limitato sulla produzione<\/td><\/tr><tr><td>Pittore AI<\/td><td>Crea opere d'arte realistiche in stile pittura a olio<\/td><td>Opzioni di personalizzazione limitate<\/td><\/tr><tr><td>Ritratti AI<\/td><td>Converte le foto in ritratti generati dall'AI<\/td><td>Controllo limitato sulla produzione<\/td><\/tr><tr><td>MyDeepArt<\/td><td>Interfaccia facile da usare, output di alta qualit\u00e0<\/td><td>Opzioni di personalizzazione limitate<\/td><\/tr><tr><td>Creatore d'arte AI<\/td><td>Crea opere d'arte uniche e astratte<\/td><td>Controllo limitato sulla produzione<\/td><\/tr><tr><td>Verniciatore<\/td><td>Generatore di dipinti potenziato dall'intelligenza artificiale con vari stili<\/td><td>Curva di apprendimento ripida<\/td><\/tr><\/tbody><\/table><\/figure>\n\n\n\n<h3 class=\"wp-block-heading\" id=\"10-faqs\"><a href=\"https:\/\/dromerosm-groq-llama3.hf.space\/#10-faqs\" target=\"_blank\" rel=\"noopener\"><\/a><strong>10 FAQ<\/strong><\/h3>\n\n\n\n<p class=\"\">Ecco le 10 domande pi\u00f9 frequenti sui generatori gratuiti di arte AI:<\/p>\n\n\n\n<ol class=\"wp-block-list\">\n<li class=\"\"><strong>Che cos'\u00e8 un generatore di arte AI gratuito?<\/strong>\u00a0Un generatore d'arte AI gratuito \u00e8 uno strumento online che utilizza l'intelligenza artificiale per generare opere d'arte in base agli input dell'utente.<\/li>\n\n\n\n<li class=\"\"><strong>Come funzionano i generatori gratuiti di arte AI?<\/strong>\u00a0I generatori d'arte AI gratuiti utilizzano algoritmi di apprendimento automatico e tecniche di AI generativa per creare opere d'arte uniche in base agli input dell'utente.<\/li>\n\n\n\n<li class=\"\"><strong>Quali sono i vantaggi di utilizzare un generatore di AI art gratuito?<\/strong>\u00a0I generatori gratuiti di arte AI offrono vantaggi in termini di risparmio di tempo, di costi e di libert\u00e0 creativa.<\/li>\n\n\n\n<li class=\"\"><strong>Qualcuno pu\u00f2 utilizzare un generatore di arte AI gratuito?<\/strong>\u00a0S\u00ec, chiunque pu\u00f2 utilizzare un generatore di AI art gratuito, indipendentemente dalle proprie capacit\u00e0 o esperienze artistiche.<\/li>\n\n\n\n<li class=\"\"><strong>Quali sono gli scenari adatti per utilizzare un generatore di arte AI gratuito?<\/strong>\u00a0I generatori di arte AI gratuiti sono adatti per la creazione di contenuti per i social media, la pubblicit\u00e0, il design e i progetti artistici.<\/li>\n\n\n\n<li class=\"\"><strong>Come si utilizza un generatore di arte AI gratuito?<\/strong>\u00a0\u00c8 sufficiente inserire un testo o un'immagine e lo strumento generer\u00e0 un'opera d'arte unica.<\/li>\n\n\n\n<li class=\"\"><strong>Qual \u00e8 la qualit\u00e0 delle opere d'arte generate dai generatori d'arte AI gratuiti?<\/strong>\u00a0I generatori di arte AI gratuiti possono produrre opere d'arte di livello professionale in grado di competere con quelle degli artisti umani.<\/li>\n\n\n\n<li class=\"\"><strong>\u00c8 possibile personalizzare l'output di un generatore di arte AI gratuito?<\/strong>\u00a0Alcuni generatori di arte AI gratuiti offrono opzioni di personalizzazione limitate, mentre altri forniscono controlli pi\u00f9 avanzati.<\/li>\n\n\n\n<li class=\"\"><strong>I generatori gratuiti di arte AI sono facili da usare?<\/strong>\u00a0S\u00ec, la maggior parte dei generatori gratuiti di arte AI hanno interfacce facili da usare che rendono semplice la generazione di opere d'arte.<\/li>\n\n\n\n<li class=\"\"><strong>I generatori di arte AI gratuiti sono liberi di essere utilizzati?<\/strong>\u00a0S\u00ec, la maggior parte dei generatori di arte AI gratuiti \u00e8 libera di essere utilizzata, mentre alcuni offrono funzioni premium o abbonamenti.<\/li>\n<\/ol>","protected":false},"excerpt":{"rendered":"<p>Generate stunning AI-generated artwork with state-of-the-art, free AI art tools. Free AI Art Generator: Unlocking the Power of Artificial Intelligence in Art Outline: What is a Free AI Art Generator? A free AI art generator is an online tool that uses artificial intelligence (AI) to generate artwork based on user input, such as text prompts &#8230; <a title=\"Generatore gratuito di arte AI\" class=\"read-more\" href=\"https:\/\/aiartfree.online\/it\/generatore-gratuito-di-ai-art\/\" aria-label=\"Per saperne di pi\u00f9 su Free AI Art Generator\">Leggi tutto<\/a><\/p>","protected":false},"author":1,"featured_media":0,"parent":0,"menu_order":0,"comment_status":"closed","ping_status":"closed","template":"","meta":{"nf_dc_page":"","footnotes":""},"class_list":["post-3117","page","type-page","status-publish"],"jetpack_sharing_enabled":true,"_links":{"self":[{"href":"https:\/\/aiartfree.online\/it\/wp-json\/wp\/v2\/pages\/3117","targetHints":{"allow":["GET"]}}],"collection":[{"href":"https:\/\/aiartfree.online\/it\/wp-json\/wp\/v2\/pages"}],"about":[{"href":"https:\/\/aiartfree.online\/it\/wp-json\/wp\/v2\/types\/page"}],"author":[{"embeddable":true,"href":"https:\/\/aiartfree.online\/it\/wp-json\/wp\/v2\/users\/1"}],"replies":[{"embeddable":true,"href":"https:\/\/aiartfree.online\/it\/wp-json\/wp\/v2\/comments?post=3117"}],"version-history":[{"count":0,"href":"https:\/\/aiartfree.online\/it\/wp-json\/wp\/v2\/pages\/3117\/revisions"}],"wp:attachment":[{"href":"https:\/\/aiartfree.online\/it\/wp-json\/wp\/v2\/media?parent=3117"}],"curies":[{"name":"wp","href":"https:\/\/api.w.org\/{rel}","templated":true}]}}