{"id":2986,"date":"2024-07-19T17:43:48","date_gmt":"2024-07-19T17:43:48","guid":{"rendered":"https:\/\/aiartfree.online\/?page_id=2986"},"modified":"2025-03-07T08:22:52","modified_gmt":"2025-03-07T08:22:52","slug":"video-to-gif","status":"publish","type":"page","link":"https:\/\/aiartfree.online\/it\/da-video-a-gif\/","title":{"rendered":"Video to GIF gratuito"},"content":{"rendered":"<h2 class=\"wp-block-heading\">Come utilizzare Video to GIF<\/h2>\n\n\n\n<ol class=\"wp-block-list\">\n<li class=\"\">Lasciate o caricate il vostro video preferito<\/li>\n\n\n\n<li class=\"\">Scorrere verso il basso e fare clic su \"Genera GIF animata\".<\/li>\n\n\n\n<li class=\"\">Attendere circa 9-14 secondi, tutto qui!<\/li>\n\n\n\n<li class=\"\">Scaricatelo per condividerlo con gli amici<\/li>\n<\/ol>\n\n\n\n<figure class=\"gb-block-image gb-block-image-4dfafe81\"><a href=\"https:\/\/fas.st\/t\/XmtmoHSk\" target=\"_blank\" rel=\"noopener noreferrer\"><img data-recalc-dims=\"1\" decoding=\"async\" loading=\"lazy\" width=\"1200\" height=\"368\" class=\"gb-image gb-image-4dfafe81\" src=\"https:\/\/i0.wp.com\/aiartfree.online\/wp-content\/uploads\/2025\/03\/WX20250307-114300%402x.webp?resize=1200%2C368&#038;ssl=1\" alt=\"\" title=\"WX20250307-114300@2x\" srcset=\"https:\/\/i0.wp.com\/aiartfree.online\/wp-content\/uploads\/2025\/03\/WX20250307-114300%402x.webp?w=1900&amp;ssl=1 1900w, https:\/\/i0.wp.com\/aiartfree.online\/wp-content\/uploads\/2025\/03\/WX20250307-114300%402x.webp?resize=300%2C92&amp;ssl=1 300w, https:\/\/i0.wp.com\/aiartfree.online\/wp-content\/uploads\/2025\/03\/WX20250307-114300%402x.webp?resize=1024%2C314&amp;ssl=1 1024w, https:\/\/i0.wp.com\/aiartfree.online\/wp-content\/uploads\/2025\/03\/WX20250307-114300%402x.webp?resize=768%2C235&amp;ssl=1 768w, https:\/\/i0.wp.com\/aiartfree.online\/wp-content\/uploads\/2025\/03\/WX20250307-114300%402x.webp?resize=1536%2C471&amp;ssl=1 1536w, https:\/\/i0.wp.com\/aiartfree.online\/wp-content\/uploads\/2025\/03\/WX20250307-114300%402x.webp?resize=18%2C6&amp;ssl=1 18w, https:\/\/i0.wp.com\/aiartfree.online\/wp-content\/uploads\/2025\/03\/WX20250307-114300%402x.webp?resize=600%2C184&amp;ssl=1 600w\" sizes=\"auto, (max-width: 1200px) 100vw, 1200px\" \/><\/a><\/figure>\n\n\n\n<p class=\"\"><em>* A seconda della velocit\u00e0 di internet, il caricamento del modello potrebbe richiedere alcuni secondi.<br>* Durante la generazione continua si verifica il caching e la nuova immagine viene visualizzata dopo circa 3 secondi.<\/em><\/p>\n\n\n\n<div style=\"text-align: center;\">\n  <iframe loading=\"lazy\"\n    src=\"https:\/\/fariyan-gif-studio.hf.space\"\n    frameborder=\"0\"\n    width=\"1200\"\n    height=\"2500\"\n    style=\"display: inline-block; margin: 0 auto;\"\n  ><\/iframe>\n<\/div>\n\n\n\n<div style=\"height:50px\" aria-hidden=\"true\" class=\"wp-block-spacer\"><\/div>\n\n\n\n<h2 class=\"wp-block-heading\">Introduzione di Video a GIF<\/h2>\n\n\n\n<p class=\"\">Nell'era della creazione di contenuti digitali, la trasformazione dei video in GIF \u00e8 diventata un modo popolare per condividere momenti in un formato dinamico e compatto. In questa guida si analizzer\u00e0 il concetto di conversione dei video in GIF, l'importanza di questo processo, i migliori strumenti disponibili e si risponder\u00e0 ad alcune domande frequenti.<\/p>\n\n\n\n<h3 class=\"wp-block-heading\">Indice dei contenuti<\/h3>\n\n\n\n<ol class=\"wp-block-list\">\n<li class=\"\">Che cos'\u00e8 il Video to GIF?<\/li>\n\n\n\n<li class=\"\">Perch\u00e9 usare i video in GIF?<\/li>\n\n\n\n<li class=\"\">Utenti o settori adatti<\/li>\n\n\n\n<li class=\"\">Top 10 degli strumenti e delle informazioni<\/li>\n\n\n\n<li class=\"\">Domande frequenti<\/li>\n<\/ol>\n\n\n\n<h3 class=\"wp-block-heading\">Che cos'\u00e8 il Video to GIF?<\/h3>\n\n\n\n<p class=\"\">La conversione da video a GIF comporta la trasformazione di un file video in un'immagine GIF. Le GIF, o immagini Graphics Interchange Format, sono ampiamente utilizzate sui social media e sui siti web grazie alla loro capacit\u00e0 di eseguire animazioni in loop e alle dimensioni relativamente ridotte dei file. Questo processo consente agli utenti di prendere un segmento di un video e di convertirlo in un'immagine animata, che pu\u00f2 essere facilmente condivisa e visualizzata su varie piattaforme.<\/p>\n\n\n\n<h3 class=\"wp-block-heading\">Perch\u00e9 usare i video in GIF?<\/h3>\n\n\n\n<p class=\"\">La conversione da video a GIF offre diversi vantaggi:<\/p>\n\n\n\n<ul class=\"wp-block-list\">\n<li class=\"\"><strong>Il fidanzamento<\/strong>: Le GIF sono accattivanti e possono catturare rapidamente l'attenzione degli spettatori.<\/li>\n\n\n\n<li class=\"\"><strong>Compatibilit\u00e0<\/strong>: Le GIF sono supportate dalla maggior parte delle piattaforme di social media e dalle app di messaggistica.<\/li>\n\n\n\n<li class=\"\"><strong>Dimensione del file<\/strong>: Rispetto ai video, le GIF hanno dimensioni pi\u00f9 ridotte e sono quindi pi\u00f9 facili da caricare e condividere.<\/li>\n\n\n\n<li class=\"\"><strong>Creativit\u00e0<\/strong>: Le GIF consentono di esprimersi in modo creativo, evidenziando momenti specifici o aggiungendo umorismo attraverso animazioni in loop.<\/li>\n<\/ul>\n\n\n\n<h3 class=\"wp-block-heading\">Utenti o settori adatti<\/h3>\n\n\n\n<p class=\"\">La conversione da video a GIF \u00e8 vantaggiosa per diversi utenti e settori, tra cui:<\/p>\n\n\n\n<ul class=\"wp-block-list\">\n<li class=\"\"><strong>Influencer dei social media<\/strong>: Creare contenuti coinvolgenti che si distinguano.<\/li>\n\n\n\n<li class=\"\"><strong>Commercianti<\/strong>: Per migliorare le pubblicit\u00e0 e i materiali promozionali.<\/li>\n\n\n\n<li class=\"\"><strong>Educatori<\/strong>: Per creare semplici animazioni didattiche in loop.<\/li>\n\n\n\n<li class=\"\"><strong>Creatori di contenuti<\/strong>: Per condividere i momenti salienti o divertenti dei video pi\u00f9 lunghi.<\/li>\n\n\n\n<li class=\"\"><strong>Aziende<\/strong>: Creare immagini accattivanti per siti web e presentazioni.<\/li>\n<\/ul>\n\n\n\n<h3 class=\"wp-block-heading\">Top 10 degli strumenti e delle informazioni<\/h3>\n\n\n\n<p class=\"\">Di seguito \u00e8 riportata una tabella che riassume i 10 principali strumenti per la conversione di video in GIF, compresi gli URL, i pro, i contro, i vantaggi, le sfide e i consigli.<\/p>\n\n\n\n<figure class=\"wp-block-table\"><table class=\"has-fixed-layout\"><thead><tr><th>Nome dello strumento<\/th><th>URL<\/th><th>Pro<\/th><th>Contro<\/th><th>Vantaggi<\/th><th>Sfide<\/th><th>Raccomandazioni<\/th><\/tr><\/thead><tbody><tr><td><strong>Video to GIF gratuito<\/strong><\/td><td><a href=\"https:\/\/aiartfree.online\/it\/da-video-a-gif\/\" data-type=\"link\" data-id=\"https:\/\/aiartfree.online\/video-to-gif\/\">aiartfree.online<\/a><\/td><td>Facile da usare e di alta qualit\u00e0<\/td><td>Funzionalit\u00e0 avanzate limitate<\/td><td>Ideale per conversioni rapide<\/td><td>Potrebbe non essere adatto a redattori professionisti<\/td><td>Il miglior strumento per gli utenti generici<\/td><\/tr><tr><td><strong>Giphy<\/strong><\/td><td><a href=\"https:\/\/giphy.com\" rel=\"nofollow noopener\" target=\"_blank\">giphy.com<\/a><\/td><td>Ampia libreria, facile condivisione<\/td><td>Filigrana sulla versione gratuita<\/td><td>Ottimo per i social media<\/td><td>Richiede l'iscrizione<\/td><td>Ideale per l'uso dei social media<\/td><\/tr><tr><td><strong>Imgur<\/strong><\/td><td><a href=\"https:\/\/imgur.com\" rel=\"nofollow noopener\" target=\"_blank\">imgur.com<\/a><\/td><td>Interfaccia semplice e gratuita<\/td><td>Opzioni di modifica limitate<\/td><td>Ottimo per modifiche rapide<\/td><td>Nessuna funzione avanzata<\/td><td>Buono per gli utenti occasionali<\/td><\/tr><tr><td><strong>EZGIF<\/strong><\/td><td><a href=\"https:\/\/ezgif.com\" rel=\"nofollow noopener\" target=\"_blank\">ezgif.com<\/a><\/td><td>Funzionalit\u00e0 complete, gratuite<\/td><td>L'interfaccia pu\u00f2 essere eccessiva<\/td><td>Adatto per modifiche dettagliate<\/td><td>Pu\u00f2 essere complesso per i principianti<\/td><td>Consigliato per l'editing dettagliato<\/td><\/tr><tr><td><strong>Convertio<\/strong><\/td><td><a href=\"https:\/\/convertio.co\" rel=\"nofollow noopener\" target=\"_blank\">convertio.c<\/a><a href=\"https:\/\/convertio.co\" target=\"_blank\" rel=\"noopener\">o<\/a><\/td><td>Supporta pi\u00f9 formati<\/td><td>La versione gratuita ha delle limitazioni<\/td><td>Versatile e flessibile<\/td><td>Limiti di dimensione sulla versione gratuita<\/td><td>Ottimo per vari tipi di file<\/td><\/tr><tr><td><strong>Conversione online<\/strong><\/td><td><a href=\"https:\/\/online-convert.com\" rel=\"nofollow noopener\" target=\"_blank\">online-convert.com<\/a><\/td><td>Nessuna installazione di software<\/td><td>Annunci nella versione gratuita<\/td><td>Comodo e veloce<\/td><td>\u00c8 necessaria una connessione a Internet<\/td><td>Il migliore per una rapida conversione online<\/td><\/tr><tr><td><strong>FareAGIF<\/strong><\/td><td><a href=\"https:\/\/makeagif.com\" rel=\"nofollow noopener\" target=\"_blank\">makeagif.com<\/a><\/td><td>Facile da usare, integrazione sociale<\/td><td>Filigrana sulla versione gratuita<\/td><td>Interfaccia facile da usare<\/td><td>Opzioni di modifica limitate<\/td><td>Ottimo per i post veloci sui social media<\/td><\/tr><tr><td><strong>GIFMaker<\/strong><\/td><td><a href=\"https:\/\/gifmaker.me\" rel=\"nofollow noopener\" target=\"_blank\">gifmaker.me<\/a><\/td><td>Non \u00e8 richiesta l'iscrizione, \u00e8 gratuito<\/td><td>Caratteristiche limitate<\/td><td>Facile e veloce<\/td><td>Non adatto a modifiche complesse<\/td><td>Ideale per un uso informale<\/td><\/tr><tr><td><strong>CloudConvert<\/strong><\/td><td><a href=\"https:\/\/cloudconvert.com\" rel=\"nofollow noopener\" target=\"_blank\">cloudconvert.com<\/a><\/td><td>Conversioni di alta qualit\u00e0<\/td><td>Limiti della versione gratuita<\/td><td>Alta personalizzazione<\/td><td>Richiede l'iscrizione per le funzioni complete<\/td><td>Ideale per produzioni di alta qualit\u00e0<\/td><\/tr><tr><td><strong>Kapwing<\/strong><\/td><td><a href=\"https:\/\/kapwing.com\" rel=\"nofollow noopener\" target=\"_blank\">kapwing.com<\/a><\/td><td>Interfaccia moderna, collaborativa<\/td><td>Richiede un account<\/td><td>Ottimo per il lavoro di squadra<\/td><td>Alcune funzioni dietro un paywall<\/td><td>Eccellente per i progetti di gruppo<\/td><\/tr><\/tbody><\/table><\/figure>\n\n\n\n<h3 class=\"wp-block-heading\">Domande frequenti<\/h3>\n\n\n\n<ol class=\"wp-block-list\">\n<li class=\"\"><strong>Qual \u00e8 lo strumento migliore per convertire i video in GIF?<\/strong>\n<ul class=\"wp-block-list\">\n<li class=\"\">Lo strumento migliore \u00e8 Free Online Auto Draft. \u00c8 facile da usare e produce GIF di alta qualit\u00e0.<\/li>\n<\/ul>\n<\/li>\n\n\n\n<li class=\"\"><strong>Come posso convertire MP4 in GIF?<\/strong>\n<ul class=\"wp-block-list\">\n<li class=\"\">\u00c8 possibile utilizzare convertitori online come EZGIF o Giphy. \u00c8 sufficiente caricare il file MP4 e seguire le istruzioni per convertirlo in GIF.<\/li>\n<\/ul>\n<\/li>\n\n\n\n<li class=\"\"><strong>\u00c8 possibile creare GIF di alta qualit\u00e0 dai video?<\/strong>\n<ul class=\"wp-block-list\">\n<li class=\"\">S\u00ec, strumenti come Free Online Auto Draft e CloudConvert offrono conversioni di alta qualit\u00e0.<\/li>\n<\/ul>\n<\/li>\n\n\n\n<li class=\"\"><strong>Cosa sono i creatori di GIF animate?<\/strong>\n<ul class=\"wp-block-list\">\n<li class=\"\">Si tratta di strumenti che consentono di creare GIF da video o da una serie di immagini, spesso con funzioni di modifica aggiuntive.<\/li>\n<\/ul>\n<\/li>\n\n\n\n<li class=\"\"><strong>Esiste un creatore di GIF gratuito per creare GIF di alta qualit\u00e0?<\/strong>\n<ul class=\"wp-block-list\">\n<li class=\"\">S\u00ec, strumenti come Giphy e EZGIF offrono versioni gratuite in grado di creare GIF di alta qualit\u00e0.<\/li>\n<\/ul>\n<\/li>\n\n\n\n<li class=\"\"><strong>Come posso creare una GIF da un videoclip?<\/strong>\n<ul class=\"wp-block-list\">\n<li class=\"\">Utilizzate uno strumento come Free Online Auto Draft, caricate il vostro video clip, selezionate il segmento desiderato e convertitelo in GIF.<\/li>\n<\/ul>\n<\/li>\n\n\n\n<li class=\"\"><strong>Quali formati di file video possono essere convertiti in GIF?<\/strong>\n<ul class=\"wp-block-list\">\n<li class=\"\">La maggior parte degli strumenti supporta formati come MP4, AVI e MOV per la conversione in GIF.<\/li>\n<\/ul>\n<\/li>\n\n\n\n<li class=\"\"><strong>Posso modificare la GIF dopo la conversione?<\/strong>\n<ul class=\"wp-block-list\">\n<li class=\"\">S\u00ec, molti strumenti come EZGIF offrono funzioni di modifica per regolare la GIF dopo la conversione.<\/li>\n<\/ul>\n<\/li>\n\n\n\n<li class=\"\"><strong>Qual \u00e8 la lunghezza massima del video che posso convertire in GIF?<\/strong>\n<ul class=\"wp-block-list\">\n<li class=\"\">Dipende dallo strumento. Free Online Auto Draft supporta lunghezze video standard adatte alla maggior parte degli usi.<\/li>\n<\/ul>\n<\/li>\n\n\n\n<li class=\"\"><strong>Ho bisogno di un account per convertire i video in GIF?<\/strong>\n<ul class=\"wp-block-list\">\n<li class=\"\">Alcuni strumenti richiedono un account per ottenere tutte le funzioni, ma molti, come Free Online Auto Draft e GIFMaker, non richiedono un account per l'uso di base.<\/li>\n<\/ul>\n<\/li>\n<\/ol>\n\n\n\n<p class=\"\">Utilizzando le informazioni fornite, \u00e8 possibile convertire efficacemente i video in GIF, migliorando i contenuti e il coinvolgimento su varie piattaforme.<\/p>\n\n\n\n<p class=\"\"><\/p>","protected":false},"excerpt":{"rendered":"<p>How to use Video to GIF *&nbsp;Depending on your internet speed, loading the model may take a few seconds.* There will be caching during continuous generation, and the new image will appear after about 3 seconds. Introduction of Video to GIF In the age of digital content creation, transforming videos into GIFs has become a &#8230; <a title=\"Video to GIF gratuito\" class=\"read-more\" href=\"https:\/\/aiartfree.online\/it\/da-video-a-gif\/\" aria-label=\"Per saperne di pi\u00f9 su Free Video to GIF\">Leggi tutto<\/a><\/p>","protected":false},"author":1,"featured_media":0,"parent":0,"menu_order":0,"comment_status":"open","ping_status":"closed","template":"","meta":{"nf_dc_page":"","footnotes":""},"class_list":["post-2986","page","type-page","status-publish"],"jetpack_sharing_enabled":true,"_links":{"self":[{"href":"https:\/\/aiartfree.online\/it\/wp-json\/wp\/v2\/pages\/2986","targetHints":{"allow":["GET"]}}],"collection":[{"href":"https:\/\/aiartfree.online\/it\/wp-json\/wp\/v2\/pages"}],"about":[{"href":"https:\/\/aiartfree.online\/it\/wp-json\/wp\/v2\/types\/page"}],"author":[{"embeddable":true,"href":"https:\/\/aiartfree.online\/it\/wp-json\/wp\/v2\/users\/1"}],"replies":[{"embeddable":true,"href":"https:\/\/aiartfree.online\/it\/wp-json\/wp\/v2\/comments?post=2986"}],"version-history":[{"count":1,"href":"https:\/\/aiartfree.online\/it\/wp-json\/wp\/v2\/pages\/2986\/revisions"}],"predecessor-version":[{"id":3600,"href":"https:\/\/aiartfree.online\/it\/wp-json\/wp\/v2\/pages\/2986\/revisions\/3600"}],"wp:attachment":[{"href":"https:\/\/aiartfree.online\/it\/wp-json\/wp\/v2\/media?parent=2986"}],"curies":[{"name":"wp","href":"https:\/\/api.w.org\/{rel}","templated":true}]}}