{"id":2983,"date":"2024-07-19T13:17:41","date_gmt":"2024-07-19T13:17:41","guid":{"rendered":"https:\/\/aiartfree.online\/?page_id=2983"},"modified":"2025-03-07T08:28:23","modified_gmt":"2025-03-07T08:28:23","slug":"free-ai-logo-generator","status":"publish","type":"page","link":"https:\/\/aiartfree.online\/it\/generatore-gratuito-di-logo-ai\/","title":{"rendered":"Generatore gratuito di logo AI"},"content":{"rendered":"<h2 class=\"wp-block-heading\">Come utilizzare Free AI Logo Generator<\/h2>\n\n\n\n<ol class=\"wp-block-list\">\n<li class=\"\">Rilasciare o caricare l'immagine<\/li>\n\n\n\n<li class=\"\">Fare clic su \"Invia\".<\/li>\n\n\n\n<li class=\"\">Aspetta, \u00e8 cos\u00ec! <\/li>\n<\/ol>\n\n\n\n<figure class=\"gb-block-image gb-block-image-032aac41\"><a href=\"https:\/\/fas.st\/t\/9U4PYbm7\" target=\"_blank\" rel=\"noopener noreferrer\"><img data-recalc-dims=\"1\" decoding=\"async\" loading=\"lazy\" width=\"1200\" height=\"365\" class=\"gb-image gb-image-032aac41\" src=\"https:\/\/i0.wp.com\/aiartfree.online\/wp-content\/uploads\/2025\/03\/WX20250307-115412%402x.webp?resize=1200%2C365&#038;ssl=1\" alt=\"\" title=\"WX20250307-115412@2x\" srcset=\"https:\/\/i0.wp.com\/aiartfree.online\/wp-content\/uploads\/2025\/03\/WX20250307-115412%402x.webp?w=1942&amp;ssl=1 1942w, https:\/\/i0.wp.com\/aiartfree.online\/wp-content\/uploads\/2025\/03\/WX20250307-115412%402x.webp?resize=300%2C91&amp;ssl=1 300w, https:\/\/i0.wp.com\/aiartfree.online\/wp-content\/uploads\/2025\/03\/WX20250307-115412%402x.webp?resize=1024%2C312&amp;ssl=1 1024w, https:\/\/i0.wp.com\/aiartfree.online\/wp-content\/uploads\/2025\/03\/WX20250307-115412%402x.webp?resize=768%2C234&amp;ssl=1 768w, https:\/\/i0.wp.com\/aiartfree.online\/wp-content\/uploads\/2025\/03\/WX20250307-115412%402x.webp?resize=1536%2C467&amp;ssl=1 1536w, https:\/\/i0.wp.com\/aiartfree.online\/wp-content\/uploads\/2025\/03\/WX20250307-115412%402x.webp?resize=18%2C5&amp;ssl=1 18w, https:\/\/i0.wp.com\/aiartfree.online\/wp-content\/uploads\/2025\/03\/WX20250307-115412%402x.webp?resize=600%2C183&amp;ssl=1 600w\" sizes=\"auto, (max-width: 1200px) 100vw, 1200px\" \/><\/a><\/figure>\n\n\n\n<p class=\"\"><em>* A seconda della velocit\u00e0 di internet, il caricamento del modello potrebbe richiedere alcuni secondi.<br>* Durante la generazione continua si verifica il caching e la nuova immagine viene visualizzata dopo circa 3 secondi.<\/em><\/p>\n\n\n\n<div style=\"text-align: center; border: 2px solid; border-image-source: linear-gradient(to right, #16b86c, #912899); border-image-slice: 1; box-shadow: 0 0 10px rgba(0, 0, 0, 0.1); border-radius: 15px;\">\n  <iframe loading=\"lazy\"\n    src=\"https:\/\/artificialguybr-logo-sdxl-lora-free-demo.hf.space\"\n    frameborder=\"0\"\n    width=\"1100\"\n    height=\"800\"\n    style=\"display: inline-block; margin: 0 auto;\"\n  ><\/iframe>\n<\/div>\n\n\n\n<div style=\"height:49px\" aria-hidden=\"true\" class=\"wp-block-spacer\"><\/div>\n\n\n\n<h2 class=\"wp-block-heading\" id=\"introduction-of-free-ai-logo-generator\">Introduzione del generatore gratuito di loghi AI<\/h2>\n\n\n\n<p class=\"\">In qualit\u00e0 di imprenditore, la creazione di un logo professionale \u00e8 essenziale per stabilire l'identit\u00e0 del proprio marchio. Con l'avvento dell'intelligenza artificiale, la creazione di un logo \u00e8 diventata pi\u00f9 accessibile ed efficiente. In questo articolo esploreremo le meraviglie di un generatore di logo AI gratuito e come pu\u00f2 essere utile alla vostra azienda.<\/p>\n\n\n\n<figure class=\"wp-block-image size-large is-resized\"><img data-recalc-dims=\"1\" decoding=\"async\" width=\"1024\" height=\"562\"   loading=\"lazy\" src=\"https:\/\/i0.wp.com\/aiartfree.online\/wp-content\/uploads\/2024\/07\/1_mL5ZQFtjfXkQdHh6qz_13w.jpg?resize=1024%2C562&#038;ssl=1\" alt=\"Generatore gratuito di logo AI\" class=\"wp-image-2987\" style=\"width:585px;height:auto\" srcset=\"https:\/\/i0.wp.com\/aiartfree.online\/wp-content\/uploads\/2024\/07\/1_mL5ZQFtjfXkQdHh6qz_13w.jpg?resize=1024%2C562&amp;ssl=1 1024w, https:\/\/i0.wp.com\/aiartfree.online\/wp-content\/uploads\/2024\/07\/1_mL5ZQFtjfXkQdHh6qz_13w.jpg?resize=300%2C165&amp;ssl=1 300w, https:\/\/i0.wp.com\/aiartfree.online\/wp-content\/uploads\/2024\/07\/1_mL5ZQFtjfXkQdHh6qz_13w.jpg?resize=768%2C421&amp;ssl=1 768w, https:\/\/i0.wp.com\/aiartfree.online\/wp-content\/uploads\/2024\/07\/1_mL5ZQFtjfXkQdHh6qz_13w.jpg?resize=18%2C10&amp;ssl=1 18w, https:\/\/i0.wp.com\/aiartfree.online\/wp-content\/uploads\/2024\/07\/1_mL5ZQFtjfXkQdHh6qz_13w.jpg?resize=600%2C329&amp;ssl=1 600w, https:\/\/i0.wp.com\/aiartfree.online\/wp-content\/uploads\/2024\/07\/1_mL5ZQFtjfXkQdHh6qz_13w.jpg?w=1400&amp;ssl=1 1400w\" sizes=\"auto, (max-width: 1024px) 100vw, 1024px\" \/><\/figure>\n\n\n\n<p class=\"\"><strong>Indice dei contenuti<\/strong><\/p>\n\n\n\n<ul class=\"wp-block-list\">\n<li class=\"\">Introduzione del generatore gratuito di loghi AI<\/li>\n\n\n\n<li class=\"\">Perch\u00e9 utilizzare un generatore di logo AI gratuito?<\/li>\n\n\n\n<li class=\"\">Vantaggi dell'utilizzo di un generatore di logo AI gratuito<\/li>\n\n\n\n<li class=\"\">Quando utilizzare un generatore di logo AI gratuito<\/li>\n\n\n\n<li class=\"\">Chi pu\u00f2 utilizzare un generatore di logo AI gratuito?<\/li>\n\n\n\n<li class=\"\">Confronto tra generatori di logo AI gratuiti<\/li>\n\n\n\n<li class=\"\">FAQ<\/li>\n<\/ul>\n\n\n\n<h3 class=\"wp-block-heading\" id=\"what-is-a-free-ai-logo-generator\"><a href=\"https:\/\/dromerosm-groq-llama3.hf.space\/#what-is-a-free-ai-logo-generator\" target=\"_blank\" rel=\"noopener\"><\/a>Che cos'\u00e8 un generatore di logo AI gratuito?<\/h3>\n\n\n\n<p class=\"\">Un generatore di logo AI gratuito \u00e8 uno strumento online che utilizza l'intelligenza artificiale per creare un logo personalizzato per la vostra azienda. Questi strumenti utilizzano algoritmi di apprendimento automatico per generare loghi unici in base ai dati inseriti, come il nome dell'azienda, la tagline, i colori e i font preferiti. Con pochi clic, \u00e8 possibile creare un logo dall'aspetto professionale in pochi minuti.<\/p>\n\n\n\n<h3 class=\"wp-block-heading\" id=\"why-use-a-free-ai-logo-generator\"><a href=\"https:\/\/dromerosm-groq-llama3.hf.space\/#why-use-a-free-ai-logo-generator\" target=\"_blank\" rel=\"noopener\"><\/a>Perch\u00e9 utilizzare un generatore di logo AI gratuito?<\/h3>\n\n\n\n<p class=\"\">L'utilizzo di un generatore di logo AI gratuito pu\u00f2 far risparmiare tempo e denaro rispetto all'assunzione di un designer di logo professionista. Con il design di logo AI, potete semplicemente inserire le informazioni e le preferenze della vostra azienda e lo strumento generer\u00e0 un logo che soddisfi le vostre esigenze.<\/p>\n\n\n\n<h3 class=\"wp-block-heading\" id=\"benefits-of-using-a-free-ai-logo-generator\"><a href=\"https:\/\/dromerosm-groq-llama3.hf.space\/#benefits-of-using-a-free-ai-logo-generator\" target=\"_blank\" rel=\"noopener\"><\/a>Vantaggi dell'utilizzo di un generatore di logo AI gratuito<\/h3>\n\n\n\n<p class=\"\">Ecco alcuni vantaggi dell'utilizzo di un generatore di logo AI gratuito:<\/p>\n\n\n\n<p class=\"\">Veloce ed efficiente Create un logo in pochi minuti con il nostro generatore di loghi AI.<\/p>\n\n\n\n<p class=\"\">Economico Risparmiare denaro evitando di assumere un designer di logo professionista.<\/p>\n\n\n\n<p class=\"\">Design unici Ottenete loghi unici generati dall'intelligenza artificiale.<\/p>\n\n\n\n<p class=\"\">Alta risoluzione Scaricate file di logo ad alta risoluzione per vari usi.<\/p>\n\n\n\n<p class=\"\">Facile da usare \u00c8 sufficiente inserire le informazioni e le preferenze della vostra azienda e lo strumento far\u00e0 il resto.<\/p>\n\n\n\n<h3 class=\"wp-block-heading\" id=\"when-to-use-a-free-ai-logo-generator\"><a href=\"https:\/\/dromerosm-groq-llama3.hf.space\/#when-to-use-a-free-ai-logo-generator\" target=\"_blank\" rel=\"noopener\"><\/a>Quando utilizzare un generatore di logo AI gratuito<\/h3>\n\n\n\n<p class=\"\">Un generatore di logo AI gratuito \u00e8 perfetto per:<\/p>\n\n\n\n<p class=\"\">Startup o piccole imprese con un budget limitato Imprenditori che desiderano creare un logo professionale in tempi brevi Imprese che desiderano aggiornare il proprio logo o fare un rebranding<\/p>\n\n\n\n<h3 class=\"wp-block-heading\" id=\"who-can-use-a-free-ai-logo-generator\"><a href=\"https:\/\/dromerosm-groq-llama3.hf.space\/#who-can-use-a-free-ai-logo-generator\" target=\"_blank\" rel=\"noopener\"><\/a>Chi pu\u00f2 utilizzare un generatore di logo AI gratuito?<\/h3>\n\n\n\n<p class=\"\">Chiunque pu\u00f2 utilizzare un generatore di loghi AI gratuito, compresi:<\/p>\n\n\n\n<p class=\"\">Imprenditori Piccoli imprenditori Professionisti del marketing Graphic designer<\/p>\n\n\n\n<h3 class=\"wp-block-heading\" id=\"comparison-of-free-ai-logo-generators\"><a href=\"https:\/\/dromerosm-groq-llama3.hf.space\/#comparison-of-free-ai-logo-generators\" target=\"_blank\" rel=\"noopener\"><\/a>Confronto tra generatori di logo AI gratuiti<\/h3>\n\n\n\n<p class=\"\">Ecco alcuni popolari generatori di loghi AI gratuiti, con le loro caratteristiche e i loro vantaggi:<\/p>\n\n\n\n<figure class=\"wp-block-table\"><table class=\"has-fixed-layout\"><thead><tr><th>Strumento<\/th><th>Caratteristiche<\/th><th>Vantaggi<\/th><th>Sito web<\/th><\/tr><\/thead><tbody><tr><td>AI Art Gratis Online<\/td><td>Progettazione di loghi con AI, 100+ modelli, colori vivaci<\/td><td>Veloce ed efficiente, conveniente<\/td><td><a href=\"https:\/\/aiartfree.online\/it\/generatore-gratuito-di-logo-ai\/\" target=\"_blank\" rel=\"noreferrer noopener\">https:\/\/aiartfree.online\/free-ai-logo-generator<\/a><\/td><\/tr><tr><td>Logojoy<\/td><td>Progettazione di loghi con AI, oltre 10.000 modelli, generatore di palette di colori<\/td><td>Design unici, file ad alta risoluzione<\/td><td><a href=\"https:\/\/logojoy.com\/\" target=\"_blank\" rel=\"noreferrer noopener\">https:\/\/logojoy.com<\/a><\/td><\/tr><tr><td>Marche sartoriali<\/td><td>Design del logo potenziato dall'intelligenza artificiale, oltre 10.000 modelli, kit per i social media<\/td><td>Design professionale, facile da usare<\/td><td><a href=\"https:\/\/tailorbrands.com\/\" target=\"_blank\" rel=\"noreferrer noopener\">https:\/\/tailorbrands.com<\/a><\/td><\/tr><\/tbody><\/table><\/figure>\n\n\n\n<h3 class=\"wp-block-heading\" id=\"advantages-and-disadvantages-of-free-ai-logo-generators\"><a href=\"https:\/\/dromerosm-groq-llama3.hf.space\/#advantages-and-disadvantages-of-free-ai-logo-generators\" target=\"_blank\" rel=\"noopener\"><\/a>Vantaggi e svantaggi dei generatori di loghi AI gratuiti<\/h3>\n\n\n\n<p class=\"\">Ecco alcuni vantaggi e svantaggi dell'utilizzo di generatori di loghi AI gratuiti:<\/p>\n\n\n\n<p class=\"\"><strong>Vantaggi<\/strong>:<\/p>\n\n\n\n<p class=\"\">Veloce ed efficiente Economico Design unico File ad alta risoluzione<\/p>\n\n\n\n<p class=\"\"><strong>Svantaggi<\/strong>:<\/p>\n\n\n\n<p class=\"\">Opzioni di personalizzazione limitate Modelli di progettazione limitati Pu\u00f2 non soddisfare requisiti di progettazione complessi<\/p>\n\n\n\n<h3 class=\"wp-block-heading\" id=\"best-free-ai-logo-generator\"><a href=\"https:\/\/dromerosm-groq-llama3.hf.space\/#best-free-ai-logo-generator\" target=\"_blank\" rel=\"noopener\"><\/a>Il miglior generatore gratuito di logo AI<\/h3>\n\n\n\n<p class=\"\">Dopo aver cercato e confrontato diversi generatori di logo AI gratuiti, consigliamo vivamente AI Art Free Online. Con il suo design di logo AI, gli oltre 100 modelli e i colori vivaci, \u00e8 lo strumento perfetto per creare un logo professionale in modo rapido ed efficiente.<\/p>\n\n\n\n<h3 class=\"wp-block-heading\" id=\"faq\"><a href=\"https:\/\/dromerosm-groq-llama3.hf.space\/#faq\" target=\"_blank\" rel=\"noopener\"><\/a>FAQ<\/h3>\n\n\n<div id=\"rank-math-faq\" class=\"rank-math-block\">\n<div class=\"rank-math-list\">\n<div id=\"faq-question-1721394932020\" class=\"rank-math-list-item\">\n<h3 class=\"rank-math-question\">Posso utilizzare un generatore di logo AI gratuito per uso commerciale?<\/h3>\n<div class=\"rank-math-answer\">\n\n<p>S\u00ec, la maggior parte dei generatori gratuiti di loghi AI consente l'uso commerciale dei loghi generati.<\/p>\n\n<\/div>\n<\/div>\n<div id=\"faq-question-1721394940919\" class=\"rank-math-list-item\">\n<h3 class=\"rank-math-question\">I loghi generati dall'IA sono unici?<\/h3>\n<div class=\"rank-math-answer\">\n\n<p>S\u00ec, i loghi generati dall'AI sono unici e personalizzati in base ai vostri input.<\/p>\n\n<\/div>\n<\/div>\n<div id=\"faq-question-1721394949679\" class=\"rank-math-list-item\">\n<h3 class=\"rank-math-question\">Posso modificare il logo generato?<\/h3>\n<div class=\"rank-math-answer\">\n\n<p>S\u00ec, la maggior parte dei generatori gratuiti di logo AI consente di modificare il logo generato.<\/p>\n\n<\/div>\n<\/div>\n<div id=\"faq-question-1721394962503\" class=\"rank-math-list-item\">\n<h3 class=\"rank-math-question\">I file del logo sono ad alta risoluzione?<\/h3>\n<div class=\"rank-math-answer\">\n\n<p>S\u00ec, la maggior parte dei generatori gratuiti di loghi AI fornisce file di logo ad alta risoluzione per vari usi.<\/p>\n\n<\/div>\n<\/div>\n<\/div>\n<\/div>","protected":false},"excerpt":{"rendered":"<p>How to use Free AI Logo Generator *&nbsp;Depending on your internet speed, loading the model may take a few seconds.* There will be caching during continuous generation, and the new image will appear after about 3 seconds. Introduction of Free AI Logo Generator As a business owner, creating a professional logo is essential to establish &#8230; <a title=\"Generatore gratuito di logo AI\" class=\"read-more\" href=\"https:\/\/aiartfree.online\/it\/generatore-gratuito-di-logo-ai\/\" aria-label=\"Per saperne di pi\u00f9 su Free AI Logo Generator\">Leggi tutto<\/a><\/p>","protected":false},"author":1,"featured_media":0,"parent":0,"menu_order":0,"comment_status":"open","ping_status":"closed","template":"","meta":{"nf_dc_page":"","footnotes":""},"class_list":["post-2983","page","type-page","status-publish"],"jetpack_sharing_enabled":true,"_links":{"self":[{"href":"https:\/\/aiartfree.online\/it\/wp-json\/wp\/v2\/pages\/2983","targetHints":{"allow":["GET"]}}],"collection":[{"href":"https:\/\/aiartfree.online\/it\/wp-json\/wp\/v2\/pages"}],"about":[{"href":"https:\/\/aiartfree.online\/it\/wp-json\/wp\/v2\/types\/page"}],"author":[{"embeddable":true,"href":"https:\/\/aiartfree.online\/it\/wp-json\/wp\/v2\/users\/1"}],"replies":[{"embeddable":true,"href":"https:\/\/aiartfree.online\/it\/wp-json\/wp\/v2\/comments?post=2983"}],"version-history":[{"count":1,"href":"https:\/\/aiartfree.online\/it\/wp-json\/wp\/v2\/pages\/2983\/revisions"}],"predecessor-version":[{"id":3605,"href":"https:\/\/aiartfree.online\/it\/wp-json\/wp\/v2\/pages\/2983\/revisions\/3605"}],"wp:attachment":[{"href":"https:\/\/aiartfree.online\/it\/wp-json\/wp\/v2\/media?parent=2983"}],"curies":[{"name":"wp","href":"https:\/\/api.w.org\/{rel}","templated":true}]}}