{"id":2887,"date":"2024-07-18T11:05:14","date_gmt":"2024-07-18T11:05:14","guid":{"rendered":"https:\/\/aiartfree.online\/?page_id=2887"},"modified":"2025-03-07T08:20:04","modified_gmt":"2025-03-07T08:20:04","slug":"free-online-midjourney","status":"publish","type":"page","link":"https:\/\/aiartfree.online\/it\/viaggio-intermedio-online-gratuito\/","title":{"rendered":"Viaggio intermedio online gratuito"},"content":{"rendered":"<h2 class=\"wp-block-heading has-text-align-center\" id=\"what-our-users-made\">Cosa hanno fatto i nostri utenti<\/h2>\n\n\n\n<figure class=\"gb-block-image gb-block-image-1822da1f\"><img data-recalc-dims=\"1\" decoding=\"async\" loading=\"lazy\" width=\"1200\" height=\"763\" class=\"gb-image gb-image-1822da1f\" src=\"https:\/\/i0.wp.com\/aiartfree.online\/wp-content\/uploads\/2024\/08\/WX20240802-170918%402x.jpg?resize=1200%2C763&#038;ssl=1\" alt=\"Midjourney \u00e8 uno strumento basato sull&#039;intelligenza artificiale che consente agli utenti di generare immagini a partire da richieste di testo. \u00c8 qui che entra in gioco Midjourney online gratuito. Nessun limite, nessuna iscrizione\" title=\"WX20240802-170918@2x\" srcset=\"https:\/\/i0.wp.com\/aiartfree.online\/wp-content\/uploads\/2024\/08\/WX20240802-170918%402x.jpg?w=1918&amp;ssl=1 1918w, https:\/\/i0.wp.com\/aiartfree.online\/wp-content\/uploads\/2024\/08\/WX20240802-170918%402x.jpg?resize=300%2C191&amp;ssl=1 300w, https:\/\/i0.wp.com\/aiartfree.online\/wp-content\/uploads\/2024\/08\/WX20240802-170918%402x.jpg?resize=1024%2C651&amp;ssl=1 1024w, https:\/\/i0.wp.com\/aiartfree.online\/wp-content\/uploads\/2024\/08\/WX20240802-170918%402x.jpg?resize=768%2C489&amp;ssl=1 768w, https:\/\/i0.wp.com\/aiartfree.online\/wp-content\/uploads\/2024\/08\/WX20240802-170918%402x.jpg?resize=1536%2C977&amp;ssl=1 1536w, https:\/\/i0.wp.com\/aiartfree.online\/wp-content\/uploads\/2024\/08\/WX20240802-170918%402x.jpg?resize=18%2C12&amp;ssl=1 18w, https:\/\/i0.wp.com\/aiartfree.online\/wp-content\/uploads\/2024\/08\/WX20240802-170918%402x.jpg?resize=600%2C382&amp;ssl=1 600w\" sizes=\"auto, (max-width: 1200px) 100vw, 1200px\" \/><\/figure>\n\n\n\n<h2 class=\"wp-block-heading\" id=\"how-to-use-the-free-online-midjourney\">Come utilizzare il viaggio intermedio gratuito online<\/h2>\n\n\n\n<ol class=\"wp-block-list\">\n<li class=\"\">Immettere le richieste<\/li>\n\n\n\n<li class=\"\">Fare clic su \"Genera\".<\/li>\n\n\n\n<li class=\"\">Aspetta, \u00e8 cos\u00ec!<\/li>\n<\/ol>\n\n\n\n<p class=\"\">* Sentitevi liberi di provare i nostri esempi qui sotto se non vi viene in mente nulla.<\/p>\n\n\n\n<h3 class=\"wp-block-heading\" id=\"prompt-examples\">Esempi di prompt<\/h3>\n\n\n\n<ol style=\"font-size:16px\" class=\"wp-block-list\">\n<li class=\"\">illustrazione mozzafiato altamente dettagliata di morgan freeman in sella a una moto harley davidson, cupa e grintosa<\/li>\n\n\n\n<li class=\"\">Illustrazione di graphic novel mozzafiato Nell'immensa distesa di una nebulosa, un astronauta solitario fluttua legato a un'astronave luminosa. I gas radianti della nebulosa danzano intorno, riflettendo i colori vibranti sulla tuta, creando un balletto di luce e movimento.<\/li>\n\n\n\n<li class=\"\">illustrazione di graphic novel mozzafiato di In un crocevia in una landa desolata post-apocalittica, un vagabondo con una chitarra fatta di rottami metallici canta storie del vecchio mondo. Creature mutanti si riuniscono intorno al fuoco, con gli occhi pieni di desiderio.<\/li>\n\n\n\n<li class=\"\">illustrazione di graphic novel mozzafiato di un bambino che insegue farfalle colorate in un prato vivace.<\/li>\n\n\n\n<li class=\"\">illustrazione mozzafiato di graphic novel Su una spiaggia dove le onde sono intessute di storie, un cantastorie con un telaio al chiaro di luna crea racconti dalle maree. Le conchiglie sussurrano leggende e l'orizzonte \u00e8 un arazzo di avventure ancora da raccontare.<\/li>\n\n\n\n<li class=\"\">illustrazione di graphic novel mozzafiato di un falco che si libra sopra un deserto, alla ricerca di una preda.<\/li>\n\n\n\n<li class=\"\">illustrazione di graphic novel mozzafiato Nel profondo del circolo polare artico, un'aurora dipinge il cielo con vibranti tonalit\u00e0 di verde, rosa e viola. La neve sottostante riflette questa danza di luci e il mondo \u00e8 avvolto da un'ipnotica sinfonia di colori.<\/li>\n\n\n\n<li class=\"\">illustrazione mozzafiato di un tatuatore che esegue un disegno intricato sulla schiena di un cliente.<\/li>\n\n\n\n<li class=\"\">illustrazione di graphic novel mozzafiato di una donna, avvolta in sete colorate, che legge i tarocchi in una tenda illuminata da candele.<\/li>\n\n\n\n<li class=\"\">illustrazione di graphic novel mozzafiato di due speleologi che tracciano la mappa di una profonda caverna, con le torce che illuminano il percorso.<\/li>\n<\/ol>\n\n\n\n<figure class=\"gb-block-image gb-block-image-032aac41\"><a href=\"https:\/\/fas.st\/t\/9U4PYbm7\" target=\"_blank\" rel=\"noopener noreferrer\"><img data-recalc-dims=\"1\" decoding=\"async\" loading=\"lazy\" width=\"1200\" height=\"365\" class=\"gb-image gb-image-032aac41\" src=\"https:\/\/i0.wp.com\/aiartfree.online\/wp-content\/uploads\/2025\/03\/WX20250307-115412%402x.webp?resize=1200%2C365&#038;ssl=1\" alt=\"\" title=\"WX20250307-115412@2x\" srcset=\"https:\/\/i0.wp.com\/aiartfree.online\/wp-content\/uploads\/2025\/03\/WX20250307-115412%402x.webp?w=1942&amp;ssl=1 1942w, https:\/\/i0.wp.com\/aiartfree.online\/wp-content\/uploads\/2025\/03\/WX20250307-115412%402x.webp?resize=300%2C91&amp;ssl=1 300w, https:\/\/i0.wp.com\/aiartfree.online\/wp-content\/uploads\/2025\/03\/WX20250307-115412%402x.webp?resize=1024%2C312&amp;ssl=1 1024w, https:\/\/i0.wp.com\/aiartfree.online\/wp-content\/uploads\/2025\/03\/WX20250307-115412%402x.webp?resize=768%2C234&amp;ssl=1 768w, https:\/\/i0.wp.com\/aiartfree.online\/wp-content\/uploads\/2025\/03\/WX20250307-115412%402x.webp?resize=1536%2C467&amp;ssl=1 1536w, https:\/\/i0.wp.com\/aiartfree.online\/wp-content\/uploads\/2025\/03\/WX20250307-115412%402x.webp?resize=18%2C5&amp;ssl=1 18w, https:\/\/i0.wp.com\/aiartfree.online\/wp-content\/uploads\/2025\/03\/WX20250307-115412%402x.webp?resize=600%2C183&amp;ssl=1 600w\" sizes=\"auto, (max-width: 1200px) 100vw, 1200px\" \/><\/a><\/figure>\n\n\n\n<p class=\"\"><em>* A seconda della velocit\u00e0 di internet, il caricamento del modello potrebbe richiedere alcuni secondi.<br>* Durante la generazione continua si verifica il caching e la nuova immagine viene visualizzata dopo circa 3 secondi.<\/em><\/p>\n\n\n\n<div class=\"iframe-wrapper\" style=\"position: relative; width: 100%; height: 1230px;\">\n  <div class=\"loading\" style=\"position: absolute; top: 50px; left: 50%; transform: translate(-50%, -50%); width: 40px; height: 40px; border: 3px solid #f0f0f0; border-top: 3px solid #db7093; border-radius: 50%; animation: spin 1s linear infinite;\"><\/div>\n  <iframe loading=\"lazy\" src=\"https:\/\/predatortoabuse-realistic-image-generator-model.static.hf.space\" frameborder=\"0\" width=\"100%\" height=\"100%\" style=\"position: absolute; top: 0; left: 0; opacity: 0; transition: opacity 0.3s;\" onload=\"this.style.opacity=1;this.previousElementSibling.style.display='none';\"><\/iframe>\n<\/div>\n\n<style>\n@keyframes spin {\n  0% { transform: translate(-50%, -50%) rotate(0deg); }\n  100% { transform: translate(-50%, -50%) rotate(360deg); }\n}\n<\/style>\n\n\n\n<div style=\"height:100px\" aria-hidden=\"true\" class=\"wp-block-spacer\"><\/div>\n\n\n\n<h2 class=\"wp-block-heading\" id=\"introduction-of-free-online-midjourney\"><strong>Introduzione di Midjourney online gratuito<\/strong><\/h2>\n\n\n\n<p class=\"\">Midjourney \u00e8 uno strumento alimentato dall'intelligenza artificiale che consente agli utenti di generare immagini a partire da suggerimenti testuali. Con l'aumento dell'arte generata dall'intelligenza artificiale, Midjourney \u00e8 diventato uno strumento popolare tra i creativi e gli appassionati d'arte. Tuttavia, non tutti possono permettersi di pagare il servizio. \u00c8 qui che entra in gioco Midjourney online gratuito. In questo articolo esploreremo che cos'\u00e8 il Midjourney online gratuito, perch\u00e9 dovreste usarlo, i suoi vantaggi, quando usarlo e chi pu\u00f2 beneficiarne. Inoltre, esamineremo alcuni dei migliori strumenti e siti web gratuiti per il Midjourney online, i loro pro e contro e risponderemo ad alcune domande frequenti.<\/p>\n\n\n\n<div class=\"wp-block-rank-math-toc-block\" id=\"rank-math-toc\"><h3>Indice dei contenuti<\/h3><nav><ul><li><a href=\"#prompt-examples\">Esempi di prompt<\/a><\/li><li><a href=\"#\ufffc-what-is-free-online-midjourney\">Che cos'\u00e8 il Midjourney online gratuito?<\/a><\/li><li><a href=\"#\ufffc-why-use-free-online-midjourney\">\ufffcPerch\u00e9 utilizzare un viaggio intermedio online gratuito?<\/a><\/li><li><a href=\"#\ufffc-benefits-of-using-free-online-midjourney\">\ufffcBenefici dell'utilizzo di Midjourney online gratuito<\/a><ul><li><a href=\"#\ufffc-1-cost-effective\">\ufffc1. Efficiente dal punto di vista dei costi<\/a><\/li><li><a href=\"#\ufffc-2-experimentation\">\ufffc2. Sperimentazione<\/a><\/li><li><a href=\"#\ufffc-3-accessibility\">\ufffc3. Accessibilit\u00e0<\/a><\/li><\/ul><\/li><li><a href=\"#\ufffc-when-to-use-free-online-midjourney\">Quando utilizzare il viaggio intermedio online gratuito<\/a><\/li><li><a href=\"#\ufffc-who-can-benefit-from-free-online-midjourney\">\ufffcChi pu\u00f2 beneficiare di un viaggio intermedio online gratuito<\/a><ul><li><a href=\"#\ufffc-1-creatives\">\ufffc1. Creativi<\/a><\/li><li><a href=\"#\ufffc-2-students\">\ufffc2. Studenti<\/a><\/li><li><a href=\"#\ufffc-3-hobbyists\">\ufffc3. Hobbisti<\/a><\/li><\/ul><\/li><li><a href=\"#\ufffc-free-online-midjourney-tools-and-websites\">Strumenti e siti web gratuiti online per il viaggio intermedio<\/a><\/li><li><a href=\"#\ufffc-pros-and-cons-of-free-online-midjourney-tools-and-websites\">Pro e contro degli strumenti e dei siti web gratuiti per il viaggio intermedio online<\/a><\/li><li><a href=\"#\ufffc-top-recommendation\">Raccomandazione Top<\/a><\/li><li><a href=\"#\ufffcfaq\">\ufffcFAQ<\/a><ul><li><a href=\"#\ufffc-1-is-free-online-midjourney-safe-to-use\">\ufffc1. Midjourney online \u00e8 sicuro da usare?<\/a><\/li><li><a href=\"#\ufffc-2-can-i-use-free-online-midjourney-for-commercial-purposes\">\ufffc2. Posso utilizzare Midjourney online gratuito per scopi commerciali?<\/a><\/li><\/ul><\/li><li><a href=\"#\ufffc-3-how-do-i-use-free-online-midjourney\">\ufffc3. Come si usa il Midjourney online gratuito?<\/a><\/li><\/ul><\/nav><\/div>\n\n\n\n<h3 class=\"wp-block-heading\" id=\"\ufffc-what-is-free-online-midjourney\"><a href=\"https:\/\/dromerosm-groq-llama3.hf.space\/#what-is-free-online-midjourney\" target=\"_blank\" rel=\"noopener\"><\/a><strong>Che cos'\u00e8 il Midjourney online gratuito?<\/strong><\/h3>\n\n\n\n<p class=\"\">Midjourney online gratuito \u00e8 una piattaforma basata sul web che consente agli utenti di accedere gratuitamente alle funzionalit\u00e0 di generazione di immagini potenziate dall'intelligenza artificiale di Midjourney. Queste piattaforme non richiedono agli utenti di pagare un abbonamento o qualsiasi altra forma di pagamento per utilizzare il servizio.<\/p>\n\n\n\n<h3 class=\"wp-block-heading\" id=\"\ufffc-why-use-free-online-midjourney\"><a href=\"https:\/\/dromerosm-groq-llama3.hf.space\/#why-use-free-online-midjourney\" target=\"_blank\" rel=\"noopener\"><\/a><strong>Perch\u00e9 usare il Midjourney online gratuito?<\/strong><\/h3>\n\n\n\n<p class=\"\">Midjourney \u00e8 un'ottima opzione per chi vuole sperimentare l'arte generata dall'intelligenza artificiale senza spendere troppo. Permette agli utenti di provare diversi suggerimenti di testo, sperimentare diversi stili e creare immagini uniche senza dover sostenere alcun costo.<\/p>\n\n\n\n<h3 class=\"wp-block-heading\" id=\"\ufffc-benefits-of-using-free-online-midjourney\"><a href=\"https:\/\/dromerosm-groq-llama3.hf.space\/#benefits-of-using-free-online-midjourney\" target=\"_blank\" rel=\"noopener\"><\/a><strong>Vantaggi dell'utilizzo di Midjourney online gratuito<\/strong><\/h3>\n\n\n\n<h4 class=\"wp-block-heading\" id=\"\ufffc-1-cost-effective\"><a href=\"https:\/\/dromerosm-groq-llama3.hf.space\/#1-cost-effective\" target=\"_blank\" rel=\"noopener\"><\/a>1. Economicamente vantaggioso<\/h4>\n\n\n\n<p class=\"\">Midjourney online gratuito \u00e8 un'opzione conveniente per chi vuole accedere alle capacit\u00e0 di generazione di immagini AI di Midjourney senza pagare un abbonamento.<\/p>\n\n\n\n<h4 class=\"wp-block-heading\" id=\"\ufffc-2-experimentation\"><a href=\"https:\/\/dromerosm-groq-llama3.hf.space\/#c8062562\" target=\"_blank\" rel=\"noopener\"><\/a>2. La sperimentazione<\/h4>\n\n\n\n<p class=\"\">Il Midjourney online gratuito consente agli utenti di sperimentare diversi suggerimenti di testo, stili e immagini senza dover sostenere alcun costo.<\/p>\n\n\n\n<h4 class=\"wp-block-heading\" id=\"\ufffc-3-accessibility\"><a href=\"https:\/\/dromerosm-groq-llama3.hf.space\/#3-accessibility\" target=\"_blank\" rel=\"noopener\"><\/a>3. L'accessibilit\u00e0<\/h4>\n\n\n\n<p class=\"\">Il Midjourney online gratuito rende l'arte generata dall'intelligenza artificiale accessibile a tutti, indipendentemente dal livello di reddito o dalla posizione geografica.<\/p>\n\n\n\n<h3 class=\"wp-block-heading\" id=\"\ufffc-when-to-use-free-online-midjourney\"><a href=\"https:\/\/dromerosm-groq-llama3.hf.space\/#when-to-use-free-online-midjourney\" target=\"_blank\" rel=\"noopener\"><\/a><strong>Quando utilizzare il viaggio intermedio online gratuito<\/strong><\/h3>\n\n\n\n<p class=\"\">Midjourney, gratuito e online, \u00e8 adatto a tutti coloro che vogliono sperimentare l'arte generata dall'IA, ai creativi che vogliono sperimentare nuove idee e agli studenti che vogliono imparare a generare immagini con l'IA.<\/p>\n\n\n\n<h3 class=\"wp-block-heading\" id=\"\ufffc-who-can-benefit-from-free-online-midjourney\"><a href=\"https:\/\/dromerosm-groq-llama3.hf.space\/#who-can-benefit-from-free-online-midjourney\" target=\"_blank\" rel=\"noopener\"><\/a><strong>Chi pu\u00f2 beneficiare di un viaggio intermedio online gratuito?<\/strong><\/h3>\n\n\n\n<p class=\"\">Midjourney online gratuito \u00e8 adatto a:<\/p>\n\n\n\n<h4 class=\"wp-block-heading\" id=\"\ufffc-1-creatives\"><a href=\"https:\/\/dromerosm-groq-llama3.hf.space\/#765b3dbc\" target=\"_blank\" rel=\"noopener\"><\/a>1. I creativi<\/h4>\n\n\n\n<p class=\"\">Midjourney online gratuito \u00e8 un'ottima opzione per i creativi che vogliono sperimentare nuove idee e creare immagini uniche.<\/p>\n\n\n\n<h4 class=\"wp-block-heading\" id=\"\ufffc-2-students\"><a href=\"https:\/\/dromerosm-groq-llama3.hf.space\/#c65bfb05\" target=\"_blank\" rel=\"noopener\"><\/a>2. Studenti<\/h4>\n\n\n\n<p class=\"\">Gli studenti che vogliono imparare a generare immagini con l'intelligenza artificiale possono trarre vantaggio dall'uso di Midjourney online gratuito.<\/p>\n\n\n\n<h4 class=\"wp-block-heading\" id=\"\ufffc-3-hobbyists\"><a href=\"https:\/\/dromerosm-groq-llama3.hf.space\/#147c273b\" target=\"_blank\" rel=\"noopener\"><\/a>3. Hobbisti<\/h4>\n\n\n\n<p class=\"\">Gli hobbisti che vogliono provare l'arte generata dall'intelligenza artificiale senza dover sostenere alcun costo possono trarre vantaggio dall'uso di Midjourney online gratuito.<\/p>\n\n\n\n<h3 class=\"wp-block-heading\" id=\"\ufffc-free-online-midjourney-tools-and-websites\"><a href=\"https:\/\/dromerosm-groq-llama3.hf.space\/#free-online-midjourney-tools-and-websites\" target=\"_blank\" rel=\"noopener\"><\/a><strong>Strumenti e siti web online gratuiti per il viaggio intermedio<\/strong><\/h3>\n\n\n\n<p class=\"\">Ecco alcuni dei migliori strumenti e siti web online gratuiti per il Midjourney:<\/p>\n\n\n\n<figure class=\"wp-block-table\"><table class=\"has-fixed-layout\"><thead><tr><th>Sito web<\/th><th>Descrizione<\/th><\/tr><\/thead><tbody><tr><td><a href=\"https:\/\/aiartfree.online\/it\/viaggio-intermedio-online-gratuito\/\" target=\"_blank\" rel=\"noreferrer noopener\">AI Art Gratis Online<\/a><\/td><td>AI Art Free Online \u00e8 uno strumento online gratuito di Midjourney che consente agli utenti di generare immagini a partire da richieste di testo.<\/td><\/tr><tr><td><a href=\"https:\/\/deepdreamgenerator.com\/\" target=\"_blank\" rel=\"noreferrer noopener\">Generatore di sogni profondi<\/a><\/td><td>Deep Dream Generator \u00e8 uno strumento online gratuito di Midjourney che utilizza una rete neurale per generare immagini da richieste di testo.<\/td><\/tr><tr><td><a href=\"https:\/\/www.artbreeder.com\/\" target=\"_blank\" rel=\"noreferrer noopener\">Allevatore d'arte<\/a><\/td><td>Artbreeder \u00e8 una piattaforma online gratuita che consente agli utenti di generare opere d'arte originali utilizzando una combinazione di intelligenza artificiale e input dell'utente.<\/td><\/tr><tr><td><a href=\"https:\/\/prism.app\/\" target=\"_blank\" rel=\"noreferrer noopener\">Prisma<\/a><\/td><td>Prism \u00e8 uno strumento online gratuito di Midjourney che utilizza l'intelligenza artificiale per generare immagini a partire da richieste di testo.<\/td><\/tr><tr><td><a href=\"https:\/\/mydeepart.com\/\" target=\"_blank\" rel=\"noreferrer noopener\">MyDeepArt<\/a><\/td><td>MyDeepArt \u00e8 uno strumento online gratuito di Midjourney che consente agli utenti di generare immagini a partire da richieste di testo.<\/td><\/tr><\/tbody><\/table><\/figure>\n\n\n\n<h3 class=\"wp-block-heading\" id=\"\ufffc-pros-and-cons-of-free-online-midjourney-tools-and-websites\"><a href=\"https:\/\/dromerosm-groq-llama3.hf.space\/#pros-and-cons-of-free-online-midjourney-tools-and-websites\" target=\"_blank\" rel=\"noopener\"><\/a><strong>Pro e contro degli strumenti e dei siti web online gratuiti per i viaggi di mezza et\u00e0<\/strong><\/h3>\n\n\n\n<figure class=\"wp-block-table\"><table class=\"has-fixed-layout\"><thead><tr><th>Sito web<\/th><th>Pro<\/th><th>Contro<\/th><\/tr><\/thead><tbody><tr><td>AI Art Gratis Online<\/td><td>Economico e facile da usare<\/td><td>Caratteristiche limitate<\/td><\/tr><tr><td>Generatore di sogni profondi<\/td><td>Genera immagini di alta qualit\u00e0, facili da usare<\/td><td>Opzioni di personalizzazione limitate<\/td><\/tr><tr><td>Allevatore d'arte<\/td><td>Consente un elevato livello di personalizzazione e genera immagini uniche.<\/td><td>Curva di apprendimento ripida<\/td><\/tr><tr><td>Prisma<\/td><td>Tempo di elaborazione rapido, immagini di alta qualit\u00e0<\/td><td>Caratteristiche limitate<\/td><\/tr><tr><td>MyDeepArt<\/td><td>Genera immagini di alta qualit\u00e0, facili da usare<\/td><td>Opzioni di personalizzazione limitate<\/td><\/tr><\/tbody><\/table><\/figure>\n\n\n\n<h3 class=\"wp-block-heading\" id=\"\ufffc-top-recommendation\"><a href=\"https:\/\/dromerosm-groq-llama3.hf.space\/#top-recommendation\" target=\"_blank\" rel=\"noopener\"><\/a><strong>Raccomandazione Top<\/strong><\/h3>\n\n\n\n<p class=\"\">Sulla base delle nostre ricerche, raccomandiamo vivamente&nbsp;<a href=\"https:\/\/aiartfree.online\/it\/viaggio-intermedio-online-gratuito\/\" target=\"_blank\" rel=\"noreferrer noopener\">AI Art Gratis Online<\/a>&nbsp;per la facilit\u00e0 d'uso, l'economicit\u00e0 e l'alta qualit\u00e0 delle immagini.<\/p>\n\n\n\n<h3 class=\"wp-block-heading\" id=\"\ufffcfaq\"><a href=\"https:\/\/dromerosm-groq-llama3.hf.space\/#faq\" target=\"_blank\" rel=\"noopener\"><\/a><strong>FAQ<\/strong><\/h3>\n\n\n\n<p class=\"\">Ecco alcune domande frequenti sul Midjourney online gratuito:<\/p>\n\n\n\n<h4 class=\"wp-block-heading\" id=\"\ufffc-1-is-free-online-midjourney-safe-to-use\"><a href=\"https:\/\/dromerosm-groq-llama3.hf.space\/#f3b6b435\" target=\"_blank\" rel=\"noopener\"><\/a>1. Midjourney online \u00e8 sicuro da usare?<\/h4>\n\n\n\n<p class=\"\">S\u00ec, il Midjourney online gratuito \u00e8 sicuro da usare. Tuttavia, \u00e8 sempre una buona idea leggere i termini e le condizioni di ogni sito web prima di utilizzare i suoi servizi.<\/p>\n\n\n\n<h4 class=\"wp-block-heading\" id=\"\ufffc-2-can-i-use-free-online-midjourney-for-commercial-purposes\"><a href=\"https:\/\/dromerosm-groq-llama3.hf.space\/#a6471d09\" target=\"_blank\" rel=\"noopener\"><\/a>2. Posso utilizzare Midjourney online gratuito per scopi commerciali?<\/h4>\n\n\n\n<p class=\"\">Alcuni strumenti e siti web gratuiti online di Midjourney consentono l'uso commerciale, mentre altri non lo consentono. Assicuratevi di controllare i termini e le condizioni di ogni sito web prima di utilizzare i loro servizi per scopi commerciali.<\/p>\n\n\n\n<h3 class=\"wp-block-heading\" id=\"\ufffc-3-how-do-i-use-free-online-midjourney\"><a href=\"https:\/\/dromerosm-groq-llama3.hf.space\/#e4d0e51e\" target=\"_blank\" rel=\"noopener\"><\/a>3. Come si usa il Midjourney online gratuito?<\/h3>\n\n\n\n<p class=\"\">Utilizzare il Midjourney online gratuito \u00e8 semplice. Basta andare sul sito, inserire il testo richiesto e fare clic su Genera. \u00c8 quindi possibile scaricare l'immagine generata o utilizzarla per lo scopo desiderato.<\/p>\n\n\n\n<p class=\"\">Ecco 10 siti web che forniscono le ultime informazioni sul Midjourney online gratuito:<\/p>\n\n\n\n<ol class=\"wp-block-list\">\n<li class=\"\"><a href=\"https:\/\/aiartfree.online\/it\/viaggio-intermedio-online-gratuito\/\" target=\"_blank\" rel=\"noreferrer noopener\">AI Art Gratis Online<\/a>&nbsp;- AI Art Free Online fornisce uno strumento online gratuito di Midjourney che genera immagini a partire da richieste di testo.<\/li>\n\n\n\n<li class=\"\"><a href=\"https:\/\/deepdreamgenerator.com\/\" target=\"_blank\" rel=\"noreferrer noopener\">Generatore di sogni profondi<\/a>&nbsp;- Deep Dream Generator utilizza una rete neurale per generare immagini a partire da richieste di testo.<\/li>\n\n\n\n<li class=\"\"><a href=\"https:\/\/www.artbreeder.com\/\" target=\"_blank\" rel=\"noreferrer noopener\">Allevatore d'arte<\/a>&nbsp;- Artbreeder \u00e8 una piattaforma online gratuita che consente agli utenti di generare opere d'arte originali utilizzando una combinazione di intelligenza artificiale e input dell'utente.<\/li>\n\n\n\n<li class=\"\"><a href=\"https:\/\/prism.app\/\" target=\"_blank\" rel=\"noreferrer noopener\">Prisma<\/a>&nbsp;- Prism \u00e8 uno strumento online gratuito di Midjourney che utilizza l'intelligenza artificiale per generare immagini a partire da richieste di testo.<\/li>\n\n\n\n<li class=\"\"><a href=\"https:\/\/mydeepart.com\/\" target=\"_blank\" rel=\"noreferrer noopener\">MyDeepArt<\/a>&nbsp;- MyDeepArt \u00e8 uno strumento online gratuito di Midjourney che consente agli utenti di generare immagini a partire da richieste di testo.<\/li>\n\n\n\n<li class=\"\"><a href=\"https:\/\/midjourney.com\/\" target=\"_blank\" rel=\"noreferrer noopener\">Viaggio intermedio<\/a>&nbsp;- Midjourney \u00e8 una piattaforma di generazione di immagini alimentata dall'intelligenza artificiale che offre una prova gratuita.<\/li>\n\n\n\n<li class=\"\"><a href=\"https:\/\/techcrunch.com\/\" target=\"_blank\" rel=\"noreferrer noopener\">TechCrunch<\/a>&nbsp;- TechCrunch fornisce le ultime notizie e gli aggiornamenti sull'arte generata dall'intelligenza artificiale e sugli strumenti online gratuiti di Midjourney.<\/li>\n\n\n\n<li class=\"\"><a href=\"https:\/\/www.theverge.com\/\" target=\"_blank\" rel=\"noreferrer noopener\">The Verge<\/a>&nbsp;- The Verge fornisce le ultime notizie e gli aggiornamenti sull'arte generata dall'intelligenza artificiale e sugli strumenti online gratuiti di Midjourney.<\/li>\n\n\n\n<li class=\"\"><a href=\"https:\/\/news.artnet.com\/\" target=\"_blank\" rel=\"noreferrer noopener\">Artnet<\/a>&nbsp;- Artnet fornisce le ultime notizie e aggiornamenti sull'arte generata dall'intelligenza artificiale e sugli strumenti online gratuiti di Midjourney.<\/li>\n\n\n\n<li class=\"\"><a href=\"https:\/\/aitimejournal.com\/\" target=\"_blank\" rel=\"noreferrer noopener\">Diario del tempo AI<\/a>&nbsp;- AI Time Journal fornisce le ultime notizie e gli aggiornamenti sull'arte generata dall'intelligenza artificiale e sugli strumenti online gratuiti di Midjourney.<\/li>\n<\/ol>","protected":false},"excerpt":{"rendered":"<p>What our users made How to use the Free Online Midjourney * Feel free to try our examples below if you don&#8217;t have any thoughts in your mind Prompt Examples *&nbsp;Depending on your internet speed, loading the model may take a few seconds.* There will be caching during continuous generation, and the new image will &#8230; <a title=\"Viaggio intermedio online gratuito\" class=\"read-more\" href=\"https:\/\/aiartfree.online\/it\/viaggio-intermedio-online-gratuito\/\" aria-label=\"Per saperne di pi\u00f9 su Free Online Midjourney\">Leggi tutto<\/a><\/p>","protected":false},"author":1,"featured_media":3528,"parent":0,"menu_order":0,"comment_status":"open","ping_status":"closed","template":"","meta":{"nf_dc_page":"","footnotes":""},"class_list":["post-2887","page","type-page","status-publish","has-post-thumbnail"],"jetpack_sharing_enabled":true,"_links":{"self":[{"href":"https:\/\/aiartfree.online\/it\/wp-json\/wp\/v2\/pages\/2887","targetHints":{"allow":["GET"]}}],"collection":[{"href":"https:\/\/aiartfree.online\/it\/wp-json\/wp\/v2\/pages"}],"about":[{"href":"https:\/\/aiartfree.online\/it\/wp-json\/wp\/v2\/types\/page"}],"author":[{"embeddable":true,"href":"https:\/\/aiartfree.online\/it\/wp-json\/wp\/v2\/users\/1"}],"replies":[{"embeddable":true,"href":"https:\/\/aiartfree.online\/it\/wp-json\/wp\/v2\/comments?post=2887"}],"version-history":[{"count":2,"href":"https:\/\/aiartfree.online\/it\/wp-json\/wp\/v2\/pages\/2887\/revisions"}],"predecessor-version":[{"id":3599,"href":"https:\/\/aiartfree.online\/it\/wp-json\/wp\/v2\/pages\/2887\/revisions\/3599"}],"wp:featuredmedia":[{"embeddable":true,"href":"https:\/\/aiartfree.online\/it\/wp-json\/wp\/v2\/media\/3528"}],"wp:attachment":[{"href":"https:\/\/aiartfree.online\/it\/wp-json\/wp\/v2\/media?parent=2887"}],"curies":[{"name":"wp","href":"https:\/\/api.w.org\/{rel}","templated":true}]}}