{"id":78,"date":"2022-05-10T20:33:06","date_gmt":"2022-05-10T19:33:06","guid":{"rendered":"https:\/\/gp-inbound.wordifysites.com\/?page_id=78"},"modified":"2024-07-20T16:28:52","modified_gmt":"2024-07-20T16:28:52","slug":"about-us","status":"publish","type":"page","link":"https:\/\/aiartfree.online\/hu\/rolunk\/","title":{"rendered":"R\u00f3lunk"},"content":{"rendered":"<section class=\"gb-container gb-container-8cf8b04f\">\n<div class=\"gb-container gb-container-dfac1555\">\n\n<h2 class=\"gb-headline gb-headline-608020c5 gb-headline-text\">Kreativit\u00e1s kibontakoztat\u00e1sa a legmodernebb AI m\u0171v\u00e9szeti eszk\u00f6z\u00f6kkel<\/h2>\n\n\n\n<p class=\"gb-headline gb-headline-7330c428 gb-headline-text\">\u00dcdv\u00f6z\u00f6lj\u00fck a Free AI Art Generator oldalon, ahol a kreativit\u00e1s tal\u00e1lkozik a legmodernebb technol\u00f3gi\u00e1val. Platformunk a legmodernebb mesters\u00e9ges intelligencia algoritmusok \u00e9s a generat\u00edv mesters\u00e9ges intelligencia erej\u00e9t haszn\u00e1lja fel, hogy a sz\u00f6veges felk\u00e9r\u00e9seket leny\u0171g\u00f6z\u0151, vibr\u00e1l\u00f3 m\u0171alkot\u00e1sokk\u00e1 alak\u00edtsa \u00e1t. <\/p>\n\n\n\n<p class=\"\">K\u00fcldet\u00e9s\u00fcnk a m\u0171v\u00e9szeti alkot\u00e1s demokratiz\u00e1l\u00e1sa az\u00e1ltal, hogy egy ingyenes, mesters\u00e9ges intelligenci\u00e1val m\u0171k\u00f6d\u0151 eszk\u00f6zcsomagot k\u00edn\u00e1lunk, amely lehet\u0151v\u00e9 teszi a felhaszn\u00e1l\u00f3k sz\u00e1m\u00e1ra, hogy k\u00f6nnyed\u00e9n hozzanak l\u00e9tre mesters\u00e9ges intelligencia \u00e1ltal gener\u00e1lt k\u00e9peket, \u00e9s felfedezz\u00e9k a mesters\u00e9ges intelligenci\u00e1ban rejl\u0151 lehet\u0151s\u00e9geket a m\u0171v\u00e9szetben. Ak\u00e1r tapasztalt m\u0171v\u00e9sz, ak\u00e1r k\u00edv\u00e1ncsi kezd\u0151, eszk\u00f6zeinket \u00fagy tervezt\u00fck, hogy fokozz\u00e1k az alkot\u00e1si folyamatot, \u00e9s z\u00f6kken\u0151mentes felhaszn\u00e1l\u00f3i \u00e9lm\u00e9nyt ny\u00fajtva kiv\u00e1l\u00f3 min\u0151s\u00e9g\u0171 eredm\u00e9nyeket \u00e9rjenek el. <\/p>\n\n\n\n<p class=\"\">Csatlakozzon k\u00f6z\u00f6ss\u00e9g\u00fcnkh\u00f6z, \u00e9s fedezze fel a m\u0171v\u00e9szet j\u00f6v\u0151j\u00e9t a Free AI Art Generator seg\u00edts\u00e9g\u00e9vel - ahol a k\u00e9pzelet \u00e9s a technol\u00f3gia tal\u00e1lkozik.<\/p>\n\n<\/div>\n\n<div class=\"gb-container gb-container-49e56edb\">\n\n<figure class=\"gb-block-image gb-block-image-ad6d2ba8\"><img data-recalc-dims=\"1\" decoding=\"async\" loading=\"lazy\" width=\"600\" height=\"430\" class=\"gb-image gb-image-ad6d2ba8\" src=\"https:\/\/i0.wp.com\/aiartfree.online\/wp-content\/uploads\/2024\/07\/work-stay-at-home-illustration-man-with-computer-6VFUTBK-1.png?resize=600%2C430&#038;ssl=1\" alt=\"Ingyenes AI Art gener\u00e1tor\" title=\"work-stay-at-home-illusztr\u00e1ci\u00f3-ember-sz\u00e1m\u00edt\u00f3g\u00e9ppel-6VFUTBK-1.png\" srcset=\"https:\/\/i0.wp.com\/aiartfree.online\/wp-content\/uploads\/2024\/07\/work-stay-at-home-illustration-man-with-computer-6VFUTBK-1.png?w=600&amp;ssl=1 600w, https:\/\/i0.wp.com\/aiartfree.online\/wp-content\/uploads\/2024\/07\/work-stay-at-home-illustration-man-with-computer-6VFUTBK-1.png?resize=300%2C215&amp;ssl=1 300w, https:\/\/i0.wp.com\/aiartfree.online\/wp-content\/uploads\/2024\/07\/work-stay-at-home-illustration-man-with-computer-6VFUTBK-1.png?resize=18%2C12&amp;ssl=1 18w\" sizes=\"auto, (max-width: 600px) 100vw, 600px\" \/><\/figure>\n\n<\/div>\n<\/section>\n\n<section class=\"gb-container gb-container-e4cc5e2c\">\n<div class=\"gb-container gb-container-3ceba49d\">\n<div class=\"gb-container gb-container-c05d1bd2\">\n\n<p class=\"\"> <\/p>\n\n<\/div>\n\n<div class=\"gb-container gb-container-e687e67e\">\n\n<h2 class=\"gb-headline gb-headline-c10d1bd9 gb-headline-text\">Mi\u00e9rt v\u00e1lasszon minket<\/h2>\n\n\n\n<p class=\"gb-headline gb-headline-3ace5b05 gb-headline-text\">A Free AI Art Generator kiv\u00e9teles kreat\u00edv platformot biztos\u00edt a kiv\u00e1l\u00f3 min\u0151s\u00e9g\u0171 AI m\u0171alkot\u00e1sok l\u00e9trehoz\u00e1s\u00e1hoz. \u00cdme, mi\u00e9rt emelkedik ki szolg\u00e1ltat\u00e1sunk:<\/p>\n\n\n<div class=\"gb-container gb-container-2d10fbab\">\n<div class=\"gb-container gb-container-e7e2767f\">\n\n<div class=\"gb-headline gb-headline-4a6740d2\"><span class=\"gb-icon\"><svg xmlns=\"http:\/\/www.w3.org\/2000\/svg\" viewbox=\"0 0 512 512\" width=\"1em\" height=\"1em\" aria-hidden=\"true\"><path d=\"M173.898 439.404l-166.4-166.4c-9.997-9.997-9.997-26.206 0-36.204l36.203-36.204c9.997-9.998 26.207-9.998 36.204 0L192 312.69 432.095 72.596c9.997-9.997 26.207-9.997 36.204 0l36.203 36.204c9.997 9.997 9.997 26.206 0 36.204l-294.4 294.401c-9.998 9.997-26.207 9.997-36.204-.001z\" fill=\"currentColor\"><\/path><\/svg><\/span><\/div>\n\n<\/div>\n\n<div class=\"gb-container gb-container-0304ef5f\">\n\n<p class=\"gb-headline gb-headline-624d17cc gb-headline-text\">Fejlett AI technol\u00f3gia<\/p>\n\n\n\n<p class=\"gb-headline gb-headline-6875360d gb-headline-text\">Eszk\u00f6zeink a legmodernebb mesters\u00e9ges intelligencia algoritmusokat \u00e9s generat\u00edv mesters\u00e9ges intelligenci\u00e1t haszn\u00e1lj\u00e1k a sz\u00f6veges utas\u00edt\u00e1sok \u00e9l\u00e9nk, mesters\u00e9ges intelligencia \u00e1ltal gener\u00e1lt k\u00e9pekk\u00e9 alak\u00edt\u00e1s\u00e1hoz. Az olyan funkci\u00f3kkal, mint a finomhangol\u00e1s \u00e9s a stabil diff\u00fazi\u00f3, k\u00f6nnyed\u00e9n hozhat l\u00e9tre leny\u0171g\u00f6z\u0151, r\u00e9szletes grafik\u00e1kat.<\/p>\n\n<\/div>\n<\/div>\n\n<div class=\"gb-container gb-container-42092c04\">\n<div class=\"gb-container gb-container-71ee177a\">\n\n<div class=\"gb-headline gb-headline-36fc3e3e\"><span class=\"gb-icon\"><svg xmlns=\"http:\/\/www.w3.org\/2000\/svg\" viewbox=\"0 0 512 512\" width=\"1em\" height=\"1em\" aria-hidden=\"true\"><path d=\"M173.898 439.404l-166.4-166.4c-9.997-9.997-9.997-26.206 0-36.204l36.203-36.204c9.997-9.998 26.207-9.998 36.204 0L192 312.69 432.095 72.596c9.997-9.997 26.207-9.997 36.204 0l36.203 36.204c9.997 9.997 9.997 26.206 0 36.204l-294.4 294.401c-9.998 9.997-26.207 9.997-36.204-.001z\" fill=\"currentColor\"><\/path><\/svg><\/span><\/div>\n\n<\/div>\n\n<div class=\"gb-container gb-container-bb23dd8a\">\n\n<p class=\"gb-headline gb-headline-11e332ea gb-headline-text\">Felhaszn\u00e1l\u00f3bar\u00e1t \u00e9lm\u00e9ny<\/p>\n\n\n\n<p class=\"gb-headline gb-headline-1433451e gb-headline-text\">A felhaszn\u00e1l\u00f3i \u00e9lm\u00e9nyt szem el\u0151tt tartva tervezett platformunk z\u00f6kken\u0151mentes folyamatot biztos\u00edt a bevitelt\u0151l a v\u00e9gs\u0151 k\u00e9pig. Ak\u00e1r profi m\u0171v\u00e9sz vagy, ak\u00e1r kezd\u0151, intuit\u00edvnak \u00e9s el\u00e9rhet\u0151nek tal\u00e1lod mesters\u00e9ges intelligenci\u00e1val m\u0171k\u00f6d\u0151 m\u0171v\u00e9szeti eszk\u00f6zeinket.<\/p>\n\n<\/div>\n<\/div>\n\n<div class=\"gb-container gb-container-6a2056be\">\n<div class=\"gb-container gb-container-aade45e2\">\n\n<div class=\"gb-headline gb-headline-87d36e38\"><span class=\"gb-icon\"><svg xmlns=\"http:\/\/www.w3.org\/2000\/svg\" viewbox=\"0 0 512 512\" width=\"1em\" height=\"1em\" aria-hidden=\"true\"><path d=\"M173.898 439.404l-166.4-166.4c-9.997-9.997-9.997-26.206 0-36.204l36.203-36.204c9.997-9.998 26.207-9.998 36.204 0L192 312.69 432.095 72.596c9.997-9.997 26.207-9.997 36.204 0l36.203 36.204c9.997 9.997 9.997 26.206 0 36.204l-294.4 294.401c-9.998 9.997-26.207 9.997-36.204-.001z\" fill=\"currentColor\"><\/path><\/svg><\/span><\/div>\n\n<\/div>\n\n<div class=\"gb-container gb-container-07d4fbf6\">\n\n<p class=\"gb-headline gb-headline-d1c00e48 gb-headline-text\">Ingyenes \u00e9s hozz\u00e1f\u00e9rhet\u0151<\/p>\n\n\n\n<p class=\"gb-headline gb-headline-3a9ff30b gb-headline-text\">Korszer\u0171 m\u0171v\u00e9szeti eszk\u00f6zeinket ingyenesen k\u00edn\u00e1ljuk, \u00edgy \u00d6n minden k\u00f6lts\u00e9g n\u00e9lk\u00fcl felfedezheti a mesters\u00e9ges intelligenci\u00e1ban rejl\u0151 lehet\u0151s\u00e9geket a m\u0171v\u00e9szetben. Ossza meg mesters\u00e9ges intelligencia \u00e1ltal gener\u00e1lt alkot\u00e1sait a k\u00f6z\u00f6ss\u00e9gi m\u00e9di\u00e1ban, \u00e9s \u00e9lvezze a kiv\u00e1l\u00f3 min\u0151s\u00e9g\u0171, ingyenes mesters\u00e9ges intelligencia m\u0171v\u00e9szet el\u0151nyeit.<\/p>\n\n<\/div>\n<\/div>\n<\/div>\n<\/div>\n<\/section>","protected":false},"excerpt":{"rendered":"<p>Unleashing Creativity with Cutting-Edge AI Art Tools Welcome to Free AI Art Generator, where creativity meets cutting-edge technology. Our platform harnesses the power of state-of-the-art AI algorithms and generative AI to transform your text prompts into stunning, vibrant artworks. Our mission is to democratize art creation by offering a suite of free, AI-powered tools that &#8230; <a title=\"R\u00f3lunk\" class=\"read-more\" href=\"https:\/\/aiartfree.online\/hu\/rolunk\/\" aria-label=\"Read more about About Us\">Olvass tov\u00e1bb<\/a><\/p>","protected":false},"author":1,"featured_media":0,"parent":0,"menu_order":0,"comment_status":"open","ping_status":"closed","template":"","meta":{"nf_dc_page":"","footnotes":""},"class_list":["post-78","page","type-page","status-publish"],"jetpack_sharing_enabled":true,"_links":{"self":[{"href":"https:\/\/aiartfree.online\/hu\/wp-json\/wp\/v2\/pages\/78","targetHints":{"allow":["GET"]}}],"collection":[{"href":"https:\/\/aiartfree.online\/hu\/wp-json\/wp\/v2\/pages"}],"about":[{"href":"https:\/\/aiartfree.online\/hu\/wp-json\/wp\/v2\/types\/page"}],"author":[{"embeddable":true,"href":"https:\/\/aiartfree.online\/hu\/wp-json\/wp\/v2\/users\/1"}],"replies":[{"embeddable":true,"href":"https:\/\/aiartfree.online\/hu\/wp-json\/wp\/v2\/comments?post=78"}],"version-history":[{"count":0,"href":"https:\/\/aiartfree.online\/hu\/wp-json\/wp\/v2\/pages\/78\/revisions"}],"wp:attachment":[{"href":"https:\/\/aiartfree.online\/hu\/wp-json\/wp\/v2\/media?parent=78"}],"curies":[{"name":"wp","href":"https:\/\/api.w.org\/{rel}","templated":true}]}}