{"id":3558,"date":"2024-08-05T07:35:25","date_gmt":"2024-08-05T07:35:25","guid":{"rendered":"https:\/\/aiartfree.online\/?page_id=3558"},"modified":"2024-08-16T10:09:07","modified_gmt":"2024-08-16T10:09:07","slug":"flux-ai-image-generator-flux1","status":"publish","type":"page","link":"https:\/\/aiartfree.online\/hu\/flux-ai-kepgenerator-flux1\/","title":{"rendered":"Flux AI Image Generator | Powered by Flux.1"},"content":{"rendered":"<h2 class=\"wp-block-heading has-text-align-center\">Gal\u00e9ria a Flux.1<\/h2>\n\n\n\n<figure class=\"gb-block-image gb-block-image-1822da1f\"><img data-recalc-dims=\"1\" decoding=\"async\" loading=\"lazy\" width=\"1024\" height=\"725\" class=\"gb-image gb-image-1822da1f\" src=\"https:\/\/i0.wp.com\/aiartfree.online\/wp-content\/uploads\/2024\/08\/WX20240803-154751%402x-1024x725.webp?resize=1024%2C725&#038;ssl=1\" alt=\"Flux AI Image Generator a Black Forest Labs-t\u0151l, a Flux.1, Flux.1 Pro, Flux.1 Dev \u00e9s Flux.1 Schnell modellekkel. Korl\u00e1tlan, kiv\u00e1l\u00f3 min\u0151s\u00e9g\u0171, ingyenes, regisztr\u00e1ci\u00f3 n\u00e9lk\u00fcl.\" title=\"WX20240803-154751@2x\" srcset=\"https:\/\/i0.wp.com\/aiartfree.online\/wp-content\/uploads\/2024\/08\/WX20240803-154751%402x.jpg?resize=1024%2C725&amp;ssl=1 1024w, https:\/\/i0.wp.com\/aiartfree.online\/wp-content\/uploads\/2024\/08\/WX20240803-154751%402x.jpg?resize=300%2C212&amp;ssl=1 300w, https:\/\/i0.wp.com\/aiartfree.online\/wp-content\/uploads\/2024\/08\/WX20240803-154751%402x.jpg?resize=768%2C544&amp;ssl=1 768w, https:\/\/i0.wp.com\/aiartfree.online\/wp-content\/uploads\/2024\/08\/WX20240803-154751%402x.jpg?resize=1536%2C1087&amp;ssl=1 1536w, https:\/\/i0.wp.com\/aiartfree.online\/wp-content\/uploads\/2024\/08\/WX20240803-154751%402x.jpg?resize=18%2C12&amp;ssl=1 18w, https:\/\/i0.wp.com\/aiartfree.online\/wp-content\/uploads\/2024\/08\/WX20240803-154751%402x.jpg?resize=600%2C425&amp;ssl=1 600w, https:\/\/i0.wp.com\/aiartfree.online\/wp-content\/uploads\/2024\/08\/WX20240803-154751%402x.jpg?w=2046&amp;ssl=1 2046w\" sizes=\"auto, (max-width: 1024px) 100vw, 1024px\" \/><\/figure>\n\n\n\n<h2 class=\"wp-block-heading\">A Flux AI k\u00e9pgener\u00e1tor haszn\u00e1lata<\/h2>\n\n\n\n<ol class=\"wp-block-list\">\n<li class=\"\">Adja meg a promptot<\/li>\n\n\n\n<li class=\"\">Kattintson a \"Bek\u00fcld\u00e9s\" gombra<\/li>\n\n\n\n<li class=\"\">V\u00e1rj, ez az!<\/li>\n<\/ol>\n\n\n\n<p class=\"\">* G\u00f6rgessen lefel\u00e9, hogy megn\u00e9zze az al\u00e1bbi Prompt p\u00e9ld\u00e1kat, ha nincs semmilyen gondolat a fej\u00e9ben.<\/p>\n\n\n\n<p class=\"\"><em>* Ha ezt a modellt r\u00f6vid id\u0151n kereszt\u00fcl intenz\u00edven haszn\u00e1lja, a GPU er\u0151forr\u00e1sainak hi\u00e1ny\u00e1t okozhatja. K\u00e9rj\u00fck, v\u00e1rjon n\u00e9h\u00e1ny percet a haszn\u00e1lat folytat\u00e1sa el\u0151tt.<\/em><br>* Hib\u00e1t adhat vissza, ha ez egy haszn\u00e1lati cs\u00facs.&nbsp;<em>K\u00e9rj\u00fck, v\u00e1rjon n\u00e9h\u00e1ny percet a haszn\u00e1lat folytat\u00e1sa el\u0151tt.<\/em><\/p>\n\n\n\n<p class=\"\"><em>* Az internet sebess\u00e9g\u00e9t\u0151l f\u00fcgg\u0151en a modell bet\u00f6lt\u00e9se a k\u00f6vetkez\u0151 ideig tarthat&nbsp;<\/em>legfeljebb 10 m\u00e1sodpercig \u2193<\/p>\n\n\n\n<div class=\"iframe-wrapper\" style=\"position: relative; width: 100%; height: 700px;\">\n  <div class=\"loading\" style=\"position: absolute; top: 50px; left: 50%; transform: translate(-50%, -50%); width: 40px; height: 40px; border: 3px solid #f0f0f0; border-top: 3px solid #db7093; border-radius: 50%; animation: spin 1s linear infinite;\"><\/div>\n  <iframe loading=\"lazy\" src=\"https:\/\/rooc-flux-1-dev.hf.space\" frameborder=\"0\" width=\"100%\" height=\"100%\" style=\"position: absolute; top: 0; left: 0; opacity: 0; transition: opacity 0.3s;\" onload=\"this.style.opacity=1;this.previousElementSibling.style.display='none';\"><\/iframe>\n<\/div>\n\n<style>\n@keyframes spin {\n  0% { transform: translate(-50%, -50%) rotate(0deg); }\n  100% { transform: translate(-50%, -50%) rotate(360deg); }\n}\n<\/style>\n\n\n\n<h2 class=\"wp-block-heading\" id=\"maodian\">Prompt p\u00e9ld\u00e1k a Flux.1<\/h2>\n\n\n\n<p class=\"\">M\u00e1sol\u00e1s \u00e9s beilleszt\u00e9s menet k\u00f6zben!<\/p>\n\n\n\n<ol style=\"font-size:15px\" class=\"wp-block-list\">\n<li class=\"\">egy kapu egy mitikus erd\u0151be a kis rendetlen h\u00e1l\u00f3szob\u00e1m fal\u00e1n.<\/li>\n\n\n\n<li class=\"\">r\u00e9szletes filmes dof renderel\u00e9s egy r\u00e9gi poros, r\u00e9szletes CRT monitorr\u00f3l egy fa asztalon egy f\u00e9lhom\u00e1lyos szob\u00e1ban, t\u00e1rgyakkal k\u00f6r\u00fclv\u00e9ve, rendetlen, piszkos szob\u00e1ban. A k\u00e9perny\u0151n a \"FLUX\" bet\u0171k l\u00e1gyan vil\u00e1g\u00edtanak. Nagy r\u00e9szletess\u00e9g\u0171 kem\u00e9ny fel\u00fclet renderel\u00e9se<\/li>\n\n\n\n<li class=\"\">v\u00edz alatti jelenet k\u00e9t bagolyr\u00f3l, akik egy d\u00edszes \u00e9tkez\u0151asztaln\u00e1l \u00fclnek, k\u00f6zep\u00e9n egy \u00e9g\u0151 gyerty\u00e1val, a k\u00e9t bagoly egy\u00fctt vacsor\u00e1zik. A bal bagoly szmokingot visel, a jobb bagoly pedig egy sz\u00e9p ruh\u00e1t. A h\u00e1tt\u00e9rben egy tengeralattj\u00e1r\u00f3 halad el, amelynek oldal\u00e1ra a \"What a Hoot\" felirat van festve. A k\u00e9p alj\u00e1n, az asztal alatt kis med\u00faz\u00e1k \u00faszk\u00e1lnak, filmszer\u0171en sz\u00e9p digit\u00e1lis m\u0171alkot\u00e1s.<\/li>\n\n\n\n<li class=\"\">Egy g\u00e9p, amely v\u00e9gtelen sz\u00e1m\u00fa polaroid k\u00e9pet k\u00e9sz\u00edt, \u00e9s a leveg\u0151be f\u00fajja \u0151ket. Realisztikus National geographic fot\u00f3<\/li>\n\n\n\n<li class=\"\">Tipogr\u00e1fia, futurisztikus finom l\u00e9zerrel nyomk\u00f6vet\u00e9s, futurisztikus jap\u00e1n vid\u00e9ki term\u00e9szetj\u00e1r\u00e1s \u00e9s ker\u00e1mia, Steven Meisel, Kaws, Rolf Armstrong, Mondrian, Kandinszkij, t\u00f6k\u00e9letes geometria absztrakt akril, okt\u00e1n hiperrealizmus fot\u00f3realista airbrush koll\u00e1zs fest\u00e9szet, s\u00f6t\u00e9t monokr\u00f3m, fluoreszk\u00e1l\u00f3 sz\u00ednek, minimalista harmadok szab\u00e1lya, nyolcvanas \u00e9vek eros<\/li>\n\n\n\n<li class=\"\">egy r\u00e9gi zongora a nappalimban<\/li>\n\n\n\n<li class=\"\">F\u00e9nyk\u00e9p egy pajt\u00e1r\u00f3l egy mez\u0151n<\/li>\n\n\n\n<li class=\"\">gy\u00f6ny\u00f6r\u0171 anime artwork, egy aranyos anime macskal\u00e1ny, aki \u00fagy n\u00e9z ki, hogy depresszi\u00f3s, egy darab pap\u00edrt tart a sz\u00e1ja f\u00f6l\u00e9 rajzolt mosollyal, \u00e9s s\u00edrni k\u00e9sz\u00fcl.<\/li>\n\n\n\n<li class=\"\">gy\u00f6ny\u00f6r\u0171 anime m\u0171alkot\u00e1s, egy aranyos anime l\u00e1ny sziluettje, dupla expoz\u00edci\u00f3, iriz\u00e1l\u00f3 k\u00f6d galaxis, fekete h\u00e1tt\u00e9r, \u00e9teri ragyog\u00e1s, vir\u00e1gz\u00e1s, hdr<\/li>\n\n\n\n<li class=\"\">absztrakt kr\u00f3m 80-as \u00e9vek scifi automata hajime sorayama airbrush strage objektum, egyetlen verital vonal, generat\u00edv m\u0171v\u00e9szet, p5js, dithering<\/li>\n\n\n\n<li class=\"\">f\u00e9nyk\u00e9p egy gy\u00f6ny\u00f6r\u0171 k\u00e1v\u00e9z\u00f3 Freiburgban<\/li>\n\n\n\n<li class=\"\">egy \u0151r\u00fclt tud\u00f3s, aki egy hatalmas, hihetetlen\u00fcl nagy sorban \u00e1ll\u00e1st \u00e9p\u00edt, amely az irodai \u00edr\u00f3asztalt\u00f3l eg\u00e9szen az \u0171rig \u00e9r, ahol a Holdat \u00e9rinti.<\/li>\n\n\n\n<li class=\"\">filmes fot\u00f3 egy h\u00e1rom n\u0151b\u0151l \u00e1ll\u00f3 csoportr\u00f3l a belv\u00e1ros egyik utc\u00e1j\u00e1n, kez\u00fcket a kamer\u00e1ba tartva<\/li>\n\n\n\n<li class=\"\">A buja dzsungel sz\u00edv\u00e9ben egy rejtett cenote h\u00edvogat krist\u00e1lytiszta t\u00fcrkizk\u00e9k viz\u00e9vel. \u00c9l\u00e9nk smaragdz\u00f6ld ind\u00e1k omlanak le az id\u0151j\u00e1r\u00e1s \u00e1ltal megm\u00e1llott m\u00e9szk\u0151falakon, ind\u00e1ik alig cs\u00f3kolj\u00e1k meg a v\u00edz felsz\u00edn\u00e9t. Az aranyl\u00f3 napf\u00e9ny sugarai egy term\u00e9szetes tet\u0151ablakon kereszt\u00fcl hatolnak be, misztikus f\u00e9ny-\u00e1rny\u00e9k j\u00e1t\u00e9kot teremtve a barlang falain. Iriz\u00e1l\u00f3 pillang\u00f3k repkednek a szikl\u00e1kba kapaszkod\u00f3 egzotikus orchide\u00e1k k\u00f6z\u00f6tt. Egy r\u00e9szben v\u00edz al\u00e1 mer\u00fclt maja rom, amelynek bonyolult faragv\u00e1nyait az id\u0151 megpuh\u00edtotta, n\u00e9ma \u0151rszemk\u00e9nt \u00e1ll a v\u00edzparton. Apr\u00f3, ez\u00fcstsz\u00edn\u0171 halrajok sz\u00e1guldoznak a krist\u00e1lytiszta m\u00e9lys\u00e9gben, pikkelyeik \u00fagy csillognak, mint a v\u00edz alatti csillagok. A cenote t\u00fals\u00f3 v\u00e9g\u00e9n egy kis v\u00edzes\u00e9s dallamosan csobog a medenc\u00e9be, k\u00f6d\u00e9vel muland\u00f3 sziv\u00e1rv\u00e1nyt var\u00e1zsolva a pettyes f\u00e9nyben.<\/li>\n\n\n\n<li class=\"\">egy apr\u00f3cska \u0171rhaj\u00f3s, aki a Holdon kikel egy toj\u00e1sb\u00f3l.<\/li>\n\n\n\n<li class=\"\">id\u0151s f\u00e9rfi szem\u00fcveges portr\u00e9, fot\u00f3, 50mm, f1.4, term\u00e9szetes f\u00e9ny, Path\u00e9chrome<\/li>\n\n\n\n<li class=\"\">gy\u00f6ny\u00f6r\u0171 anime artwork, egy aranyos anime l\u00e1ny \u00e1ll egyed\u00fcl az \u00e9jszakai s\u00f6t\u00e9ts\u00e9gben, t\u00falm\u00e9retezett fekete es\u0151kab\u00e1tot visel egy kis t\u00e1sk\u00e1val. egy fekete eserny\u0151t tart, az eserny\u0151 belsej\u00e9ben t\u00f6bbsz\u00edn\u0171 LED-ek vannak elrejtve, amelyek ragyognak r\u00e1, kis r\u00f3zsaszirmok repkednek a leveg\u0151ben k\u00f6r\u00fcl\u00f6tte, anime screencap st\u00edlus, v\u00f6r\u00f6s szemek, k\u00f6zepes haj.<\/li>\n\n\n\n<li class=\"\">egy v\u00e9gtelen galaktikus bev\u00e1s\u00e1rl\u00f3k\u00f6zpont filmes epikus m\u0171alkot\u00e1sa<\/li>\n\n\n\n<li class=\"\">absztrakt kr\u00f3m 80-as \u00e9vek scifi automata, airbrush<\/li>\n\n\n\n<li class=\"\">vastag foltos olajfestm\u00e9ny ecsetvon\u00e1sokkal egy nagy b\u00e1ln\u00e1r\u00f3l, amely finoman \u00faszik az \u00e9jszakai \u00e9gbolton, magasan egy v\u00e1ros felett.<\/li>\n<\/ol>\n\n\n\n<div style=\"height:100px\" aria-hidden=\"true\" class=\"wp-block-spacer\"><\/div>\n\n\n\n<h2 class=\"wp-block-heading\">Flux AI k\u00e9pgener\u00e1tor: A v\u00e9gs\u0151 \u00fatmutat\u00f3<\/h2>\n\n\n\n<p class=\"\">A Flux AI Image Generator egy innovat\u00edv, ny\u00edlt forr\u00e1sk\u00f3d\u00fa, sz\u00f6vegb\u0151l k\u00e9pet gener\u00e1l\u00f3 modell, amelyet arra terveztek, hogy sz\u00f6veges le\u00edr\u00e1sokb\u00f3l kiv\u00e1l\u00f3 min\u0151s\u00e9g\u0171 k\u00e9peket hozzon l\u00e9tre. Ez a fejlett AI eszk\u00f6z h\u00edres a rugalmass\u00e1g\u00e1r\u00f3l \u00e9s az \u00e1ltala t\u00e1mogatott kimeneti st\u00edlusok sokf\u00e9les\u00e9g\u00e9r\u0151l.<\/p>\n\n\n\n<h3 class=\"wp-block-heading\">Bevezet\u00e9s<\/h3>\n\n\n\n<h4 class=\"wp-block-heading\">Mi az a Flux AI Image Generator?<\/h4>\n\n\n\n<p class=\"\">A Flux AI Image Generator egy ny\u00edlt forr\u00e1sk\u00f3d\u00fa modell, amelyet sz\u00f6vegek k\u00e9pp\u00e9 alak\u00edt\u00e1s\u00e1ra terveztek. Ez az eszk\u00f6z rendk\u00edv\u00fcl sokoldal\u00fa, \u00e9s sz\u00e1mos st\u00edlusban k\u00e9pes kiv\u00e1l\u00f3 min\u0151s\u00e9g\u0171 k\u00e9pek el\u0151\u00e1ll\u00edt\u00e1s\u00e1ra. Ny\u00edlt forr\u00e1sk\u00f3d\u00fa projektk\u00e9nt lehet\u0151v\u00e9 teszi a felhaszn\u00e1l\u00f3k sz\u00e1m\u00e1ra, hogy a k\u00f3dot saj\u00e1t ig\u00e9nyeiknek megfelel\u0151en m\u00f3dos\u00edts\u00e1k \u00e9s adapt\u00e1lj\u00e1k, \u00edgy a fejleszt\u0151k \u00e9s a m\u0171v\u00e9szek sz\u00e1m\u00e1ra egyar\u00e1nt hat\u00e9kony er\u0151forr\u00e1ss\u00e1 v\u00e1lik.<\/p>\n\n\n\n<h4 class=\"wp-block-heading\">H\u00e1tt\u00e9r \u00e9s fejleszt\u0151k<\/h4>\n\n\n\n<p class=\"\">A Flux AI Image Generator-t a Black Forest Labs fejlesztette ki, amely a mesters\u00e9ges intelligencia \u00e9s a g\u00e9pi tanul\u00e1s ter\u00fclet\u00e9n vezet\u0151 szerepet j\u00e1tszik. A Flux AI Image Generator fejleszt\u00e9se szorosan kapcsol\u00f3dik m\u00e1s kiemelked\u0151 projektekhez, mint p\u00e9ld\u00e1ul a Stable Diffusion, ami tov\u00e1bb n\u00f6veli hiteless\u00e9g\u00e9t \u00e9s k\u00e9pess\u00e9geit.<\/p>\n\n\n\n<h3 class=\"wp-block-heading\">Jellemz\u0151k \u00e9s specifik\u00e1ci\u00f3k<\/h3>\n\n\n\n<h4 class=\"wp-block-heading\">M\u0171szaki specifik\u00e1ci\u00f3k<\/h4>\n\n\n\n<p class=\"\">A Flux modell leny\u0171g\u00f6z\u0151 1,2 milli\u00e1rd param\u00e9terrel b\u00fcszk\u00e9lkedhet, ami a k\u00e9pgener\u00e1l\u00e1s robusztus eszk\u00f6z\u00e9v\u00e9 teszi. H\u00e1rom v\u00e1ltozatban \u00e9rhet\u0151 el: Flux Dev, Flux Schnell \u00e9s Flux Pro, amelyek mindegyike k\u00fcl\u00f6nb\u00f6z\u0151 felhaszn\u00e1l\u00f3i ig\u00e9nyeknek \u00e9s teljes\u00edtm\u00e9nyk\u00f6vetelm\u00e9nyeknek felel meg.<\/p>\n\n\n\n<h4 class=\"wp-block-heading\">Alapvet\u0151 jellemz\u0151k<\/h4>\n\n\n\n<ul class=\"wp-block-list\">\n<li class=\"\"><strong>Kiv\u00e1l\u00f3 min\u0151s\u00e9g\u0171 k\u00e9pgener\u00e1l\u00e1s<\/strong>: A Flux AI Image Generator kiv\u00e1l\u00f3an alkalmas r\u00e9szletes \u00e9s eszt\u00e9tikus k\u00e9pek k\u00e9sz\u00edt\u00e9s\u00e9re.<\/li>\n\n\n\n<li class=\"\"><strong>Kimeneti st\u00edlusok sokoldal\u00fas\u00e1ga<\/strong>: A felhaszn\u00e1l\u00f3k a st\u00edlusok sz\u00e9les sk\u00e1l\u00e1j\u00e1b\u00f3l v\u00e1laszthatnak, \u00edgy biztos\u00edtva a kreat\u00edv projektek rugalmass\u00e1g\u00e1t.<\/li>\n\n\n\n<li class=\"\"><strong>\u00d6sszehasonl\u00edt\u00e1s a versenyt\u00e1rsakkal<\/strong>: M\u00e1s k\u00e9pgener\u00e1torokkal, mint a Midjourney \u00e9s a DALL-E 3, \u00f6sszehasonl\u00edtva a Flux kiv\u00e1l\u00f3 rugalmass\u00e1got \u00e9s min\u0151s\u00e9get k\u00edn\u00e1l.<\/li>\n<\/ul>\n\n\n\n<h4 class=\"wp-block-heading\">Teljes\u00edtm\u00e9ny \u00e9s optimaliz\u00e1l\u00e1s<\/h4>\n\n\n\n<ul class=\"wp-block-list\">\n<li class=\"\"><strong>Gyors k\u00e9pgener\u00e1l\u00e1s<\/strong>: A Flux a sebess\u00e9gre van optimaliz\u00e1lva, \u00e9s k\u00e9pes gyorsan k\u00e9peket gener\u00e1lni a min\u0151s\u00e9g roml\u00e1sa n\u00e9lk\u00fcl.<\/li>\n\n\n\n<li class=\"\"><strong>Hardver kompatibilit\u00e1s<\/strong>: J\u00f3l alkalmazkodik a k\u00fcl\u00f6nb\u00f6z\u0151 hardverk\u00f6rnyezetekhez, \u00e9s biztos\u00edtja a z\u00f6kken\u0151mentes m\u0171k\u00f6d\u00e9st a k\u00fcl\u00f6nb\u00f6z\u0151 platformokon.<\/li>\n\n\n\n<li class=\"\"><strong>Platform integr\u00e1ci\u00f3<\/strong>: A Flux sz\u00e1mos platformmal integr\u00e1lhat\u00f3, \u00edgy sokoldal\u00fa eszk\u00f6z a fejleszt\u0151k sz\u00e1m\u00e1ra.<\/li>\n<\/ul>\n\n\n\n<h3 class=\"wp-block-heading\">A Flux AI k\u00e9pgener\u00e1tor haszn\u00e1lata<\/h3>\n\n\n\n<h4 class=\"wp-block-heading\">Kezd\u0151 l\u00e9p\u00e9sek<\/h4>\n\n\n\n<ul class=\"wp-block-list\">\n<li class=\"\"><strong>Telep\u00edt\u00e9s \u00e9s konfigur\u00e1ci\u00f3<\/strong>: A Flux AI Image Generator be\u00e1ll\u00edt\u00e1sa egyszer\u0171 telep\u00edt\u00e9si l\u00e9p\u00e9seket \u00e9s konfigur\u00e1ci\u00f3s folyamatokat foglal mag\u00e1ban.<\/li>\n\n\n\n<li class=\"\"><strong>Alapvet\u0151 haszn\u00e1lati \u00fatmutat\u00f3<\/strong>: A felhaszn\u00e1l\u00f3k egyszer\u0171 \u00fatmutat\u00f3kat k\u00f6vetve gyorsan elkezdhetik a k\u00e9pek l\u00e9trehoz\u00e1s\u00e1t.<\/li>\n<\/ul>\n\n\n\n<h4 class=\"wp-block-heading\">Speci\u00e1lis funkci\u00f3k<\/h4>\n\n\n\n<ul class=\"wp-block-list\">\n<li class=\"\"><strong>Halad\u00f3 technik\u00e1k<\/strong>: A tapasztaltabb felhaszn\u00e1l\u00f3k sz\u00e1m\u00e1ra a Flux fejlett funkci\u00f3kat \u00e9s legjobb gyakorlatokat k\u00edn\u00e1l a lehet\u0151s\u00e9gek maxim\u00e1lis kihaszn\u00e1l\u00e1s\u00e1hoz.<\/li>\n\n\n\n<li class=\"\"><strong>Integr\u00e1ci\u00f3 m\u00e1s eszk\u00f6z\u00f6kkel<\/strong>: A Flux kombin\u00e1lhat\u00f3 m\u00e1s eszk\u00f6z\u00f6kkel \u00e9s platformokkal, p\u00e9ld\u00e1ul a ComfyUI-val, hogy b\u0151v\u00edtse k\u00e9pess\u00e9geit.<\/li>\n<\/ul>\n\n\n\n<h3 class=\"wp-block-heading\">Gyakorlati alkalmaz\u00e1sok<\/h3>\n\n\n\n<h4 class=\"wp-block-heading\">Felhaszn\u00e1l\u00e1si esetek<\/h4>\n\n\n\n<ul class=\"wp-block-list\">\n<li class=\"\"><strong>Tervez\u00e9s \u00e9s rekl\u00e1m<\/strong>: A Fluxot sz\u00e9les k\u00f6rben haszn\u00e1lj\u00e1k a tervez\u00e9sben \u00e9s a rekl\u00e1moz\u00e1sban, seg\u00edtve a szakembereket a leny\u0171g\u00f6z\u0151 vizu\u00e1lis megjelen\u00edt\u00e9sben.<\/li>\n\n\n\n<li class=\"\"><strong>M\u0171v\u00e9szi alkot\u00e1s<\/strong>: A m\u0171v\u00e9szek a Fluxot haszn\u00e1lj\u00e1k ki, hogy \u00e9letre kelts\u00e9k fant\u00e1ziad\u00fas elk\u00e9pzel\u00e9seiket.<\/li>\n\n\n\n<li class=\"\"><strong>Sikert\u00f6rt\u00e9netek<\/strong>: Sz\u00e1mos felhaszn\u00e1l\u00f3 osztotta meg sikert\u00f6rt\u00e9net\u00e9t, bemutatva a Flux AI Image Generator v\u00e1ltozatos alkalmaz\u00e1sait.<\/li>\n<\/ul>\n\n\n\n<h4 class=\"wp-block-heading\">K\u00f6z\u00f6ss\u00e9g \u00e9s t\u00e1mogat\u00e1s<\/h4>\n\n\n\n<ul class=\"wp-block-list\">\n<li class=\"\"><strong>Felhaszn\u00e1l\u00f3i k\u00f6z\u00f6ss\u00e9g<\/strong>: A felhaszn\u00e1l\u00f3k \u00e9l\u00e9nk k\u00f6z\u00f6ss\u00e9ge hozz\u00e1j\u00e1rul a Flux folyamatos fejleszt\u00e9s\u00e9hez \u00e9s t\u00e1mogat\u00e1s\u00e1hoz.<\/li>\n\n\n\n<li class=\"\"><strong>Technikai t\u00e1mogat\u00e1si er\u0151forr\u00e1sok<\/strong>: Kiterjedt er\u0151forr\u00e1sok \u00e1llnak rendelkez\u00e9sre, amelyek seg\u00edtenek a felhaszn\u00e1l\u00f3knak a hibaelh\u00e1r\u00edt\u00e1sban \u00e9s az eszk\u00f6z haszn\u00e1lat\u00e1nak optimaliz\u00e1l\u00e1s\u00e1ban.<\/li>\n<\/ul>\n\n\n\n<h3 class=\"wp-block-heading\">J\u00f6v\u0151beli fejl\u0151d\u00e9s<\/h3>\n\n\n\n<h4 class=\"wp-block-heading\">Friss\u00edt\u00e9sek \u00e9s tervek<\/h4>\n\n\n\n<ul class=\"wp-block-list\">\n<li class=\"\"><strong>\u00daj funkci\u00f3k<\/strong>: A Flux k\u00f6vetkez\u0151 verzi\u00f3i \u00faj funkci\u00f3kat \u00e9s fejleszt\u00e9seket fognak bevezetni.<\/li>\n\n\n\n<li class=\"\"><strong>Hossz\u00fa t\u00e1v\u00fa j\u00f6v\u0151k\u00e9p<\/strong>: A fejleszt\u0151k vil\u00e1gos \u00fctemtervvel rendelkeznek az eszk\u00f6z hossz\u00fa t\u00e1v\u00fa fejleszt\u00e9s\u00e9re.<\/li>\n<\/ul>\n\n\n\n<h4 class=\"wp-block-heading\">Az \u00f6kosziszt\u00e9ma b\u0151v\u00edt\u00e9se<\/h4>\n\n\n\n<ul class=\"wp-block-list\">\n<li class=\"\"><strong>Integr\u00e1ci\u00f3 m\u00e1s AI eszk\u00f6z\u00f6kkel<\/strong>: Tervben van a Flux integr\u00e1l\u00e1sa m\u00e1s AI eszk\u00f6z\u00f6kkel \u00e9s platformokkal.<\/li>\n\n\n\n<li class=\"\"><strong>Lehets\u00e9ges egy\u00fcttm\u0171k\u00f6d\u00e9sek<\/strong>: A kereskedelmi alkalmaz\u00e1sok \u00e9s egy\u00fcttm\u0171k\u00f6d\u00e9sek lehet\u0151s\u00e9geit vizsg\u00e1lj\u00e1k.<\/li>\n<\/ul>\n\n\n\n<h3 class=\"wp-block-heading\">10 kulcsfontoss\u00e1g\u00fa eszk\u00f6z \u00e9s forr\u00e1s a Flux AI k\u00e9pgener\u00e1torhoz<\/h3>\n\n\n\n<figure class=\"wp-block-table\"><table class=\"has-fixed-layout\"><thead><tr><th>Eszk\u00f6z\/forr\u00e1s<\/th><th>Le\u00edr\u00e1s<\/th><th>El\u0151ny\u00f6k<\/th><th>H\u00e1tr\u00e1nyok<\/th><\/tr><\/thead><tbody><tr><td><a href=\"https:\/\/flux-ai.online\/\" target=\"_blank\" data-type=\"link\" data-id=\"https:\/\/flux-ai.online\/\" rel=\"noreferrer noopener\">Flux AI webhely<\/a><\/td><td>A Flux AI legjobb oldala.<\/td><td>\u00c1tfog\u00f3 forr\u00e1sok.<\/td><td>Nincs.<\/td><\/tr><tr><td>Flux GitHub<\/td><td>T\u00e1rhely k\u00f3ddal \u00e9s friss\u00edt\u00e9sekkel.<\/td><td>Hozz\u00e1f\u00e9r\u00e9s a forr\u00e1sk\u00f3dhoz.<\/td><td>M\u0171szaki ismereteket ig\u00e9nyel.<\/td><\/tr><tr><td><a href=\"https:\/\/aiartfree.online\/hu\/flux-ai-kepgenerator-flux1\/\" target=\"_blank\" data-type=\"link\" data-id=\"https:\/\/aiartfree.online\/flux-ai-image-generator-flux1\" rel=\"noreferrer noopener\">AI Art Free<\/a><\/td><td>K\u00f6nnyen haszn\u00e1lhat\u00f3 fel\u00fclet a Flux AI sz\u00e1m\u00e1ra.<\/td><td>Felhaszn\u00e1l\u00f3bar\u00e1t, nincs sz\u00fcks\u00e9g regisztr\u00e1ci\u00f3ra.<\/td><td>Korl\u00e1tozott fejlett funkci\u00f3k.<\/td><\/tr><tr><td>ComfyUI<\/td><td>Integr\u00e1ci\u00f3s eszk\u00f6z a Flux sz\u00e1m\u00e1ra.<\/td><td>N\u00f6veli a funkcionalit\u00e1st.<\/td><td>\u00d6sszetett be\u00e1ll\u00edt\u00e1s.<\/td><\/tr><tr><td>Stabil diff\u00fazi\u00f3<\/td><td>Kapcsol\u00f3d\u00f3 projekt a k\u00e9pgener\u00e1l\u00e1shoz.<\/td><td>Kiv\u00e1l\u00f3 min\u0151s\u00e9g\u0171 kimenetek.<\/td><td>Nagy teljes\u00edtm\u00e9ny\u0171 hardvert ig\u00e9nyel.<\/td><\/tr><tr><td>Flux oktat\u00f3anyagok<\/td><td>L\u00e9p\u00e9sr\u0151l-l\u00e9p\u00e9sre \u00fatmutat\u00f3k \u00e9s oktat\u00f3anyagok.<\/td><td>K\u00f6nny\u0171 tanul\u00e1si folyamat.<\/td><td>Nem mindig naprak\u00e9sz.<\/td><\/tr><tr><td>Dek\u00f3dol\u00e1s<\/td><td>H\u00edrek \u00e9s friss\u00edt\u00e9sek a mesters\u00e9ges intelligencia technol\u00f3gi\u00e1kkal kapcsolatban.<\/td><td>Naprak\u00e9sz inform\u00e1ci\u00f3k.<\/td><td>V\u00e1ltoz\u00f3 m\u00e9lys\u00e9g\u0171.<\/td><\/tr><tr><td>AI h\u00edrek<\/td><td>Legfrissebb h\u00edrek az AI fejleszt\u00e9sekr\u0151l.<\/td><td>Sz\u00e9les lefedetts\u00e9g.<\/td><td>\u00c1ltal\u00e1nos inform\u00e1ci\u00f3k.<\/td><\/tr><tr><td>Tech Crunch<\/td><td>Technol\u00f3giai h\u00edrek \u00e9s friss\u00edt\u00e9sek.<\/td><td>R\u00e9szletes cikkek.<\/td><td>Lehet technikai jelleg\u0171.<\/td><\/tr><tr><td>AI Weekly<\/td><td>Heti friss\u00edt\u00e9sek a mesters\u00e9ges intelligencia fejl\u0151d\u00e9s\u00e9r\u0151l.<\/td><td>Rendszeres friss\u00edt\u00e9sek.<\/td><td>A teljes hozz\u00e1f\u00e9r\u00e9shez el\u0151fizet\u00e9s sz\u00fcks\u00e9ges.<\/td><\/tr><\/tbody><\/table><\/figure>\n\n\n\n<h3 class=\"wp-block-heading\">10 GYIK a Flux AI k\u00e9pgener\u00e1torr\u00f3l<\/h3>\n\n\n\n<ol class=\"wp-block-list\">\n<li class=\"\"><strong>Mi az a Flux AI Image Generator?<\/strong>\n<ul class=\"wp-block-list\">\n<li class=\"\">A Flux AI Image Generator egy ny\u00edlt forr\u00e1sk\u00f3d\u00fa sz\u00f6veg-k\u00e9p modell, amelyet a Black Forest Labs fejlesztett ki.<\/li>\n<\/ul>\n<\/li>\n\n\n\n<li class=\"\"><strong>Hogyan telep\u00edthetem a Flux AI k\u00e9pgener\u00e1tort?<\/strong>\n<ul class=\"wp-block-list\">\n<li class=\"\">Telep\u00edt\u00e9si \u00fatmutat\u00f3k a hivatalos GitHub t\u00e1rol\u00f3ban tal\u00e1lhat\u00f3k.<\/li>\n<\/ul>\n<\/li>\n\n\n\n<li class=\"\"><strong>Melyek a Flux k\u00fcl\u00f6nb\u00f6z\u0151 v\u00e1ltozatai?<\/strong>\n<ul class=\"wp-block-list\">\n<li class=\"\">Flux Dev, Flux Schnell \u00e9s Flux Pro.<\/li>\n<\/ul>\n<\/li>\n\n\n\n<li class=\"\"><strong>Haszn\u00e1lhatom a Fluxot kereskedelmi projektekhez?<\/strong>\n<ul class=\"wp-block-list\">\n<li class=\"\">Igen, a Flux kereskedelmi c\u00e9lokra is haszn\u00e1lhat\u00f3.<\/li>\n<\/ul>\n<\/li>\n\n\n\n<li class=\"\"><strong>Milyen hardver sz\u00fcks\u00e9ges a Fluxhoz?<\/strong>\n<ul class=\"wp-block-list\">\n<li class=\"\">A Flux t\u00f6bbf\u00e9le hardverrel is kompatibilis, de az optim\u00e1lis teljes\u00edtm\u00e9ny \u00e9rdek\u00e9ben er\u0151s GPU-kat aj\u00e1nlunk.<\/li>\n<\/ul>\n<\/li>\n\n\n\n<li class=\"\"><strong>Hogyan hasonl\u00edt a Flux m\u00e1s k\u00e9pgener\u00e1torokhoz?<\/strong>\n<ul class=\"wp-block-list\">\n<li class=\"\">A Flux kiv\u00e1l\u00f3 rugalmass\u00e1got \u00e9s min\u0151s\u00e9get k\u00edn\u00e1l az olyan versenyt\u00e1rsakhoz k\u00e9pest, mint a Midjourney \u00e9s a DALL-E 3.<\/li>\n<\/ul>\n<\/li>\n\n\n\n<li class=\"\"><strong>Hol tal\u00e1lok oktat\u00f3anyagot a Fluxhoz?<\/strong>\n<ul class=\"wp-block-list\">\n<li class=\"\">Oktat\u00f3anyagok a hivatalos Flux AI Tutorials oldalon tal\u00e1lhat\u00f3k.<\/li>\n<\/ul>\n<\/li>\n\n\n\n<li class=\"\"><strong>Milyen t\u00e1mogat\u00e1s \u00e1ll a Flux felhaszn\u00e1l\u00f3k rendelkez\u00e9s\u00e9re?<\/strong>\n<ul class=\"wp-block-list\">\n<li class=\"\">Egy felhaszn\u00e1l\u00f3i k\u00f6z\u00f6ss\u00e9g \u00e9s technikai t\u00e1mogat\u00e1si er\u0151forr\u00e1sok \u00e1llnak rendelkez\u00e9sre.<\/li>\n<\/ul>\n<\/li>\n\n\n\n<li class=\"\"><strong>Hogyan j\u00e1rulhatok hozz\u00e1 a Flux projekthez?<\/strong>\n<ul class=\"wp-block-list\">\n<li class=\"\">Hozz\u00e1j\u00e1rul\u00e1st a GitHub t\u00e1rol\u00f3n kereszt\u00fcl lehet tenni.<\/li>\n<\/ul>\n<\/li>\n\n\n\n<li class=\"\"><strong>Mik a Flux j\u00f6v\u0151beli tervei?<\/strong>\n<ul class=\"wp-block-list\">\n<li class=\"\">A fejleszt\u0151k felv\u00e1zolt\u00e1k az \u00faj funkci\u00f3k \u00e9s az \u00f6kosziszt\u00e9ma b\u0151v\u00edt\u00e9s\u00e9nek \u00fctemterv\u00e9t.<\/li>\n<\/ul>\n<\/li>\n<\/ol>\n\n\n\n<h3 class=\"wp-block-heading\">K\u00f6vetkeztet\u00e9s<\/h3>\n\n\n\n<h4 class=\"wp-block-heading\">Alapvet\u0151 el\u0151ny\u00f6k<\/h4>\n\n\n\n<p class=\"\">A Flux AI Image Generator kiemelkedik a kiv\u00e1l\u00f3 min\u0151s\u00e9g\u0171 k\u00e9pgener\u00e1l\u00e1ssal, a kimeneti st\u00edlusok sokoldal\u00fas\u00e1g\u00e1val \u00e9s robusztus teljes\u00edtm\u00e9ny\u00e9vel. Az AI k\u00e9pgener\u00e1l\u00e1s ter\u00fclet\u00e9n vezet\u0151 eszk\u00f6z, amely egyed\u00fcl\u00e1ll\u00f3 el\u0151ny\u00f6ket k\u00edn\u00e1l versenyt\u00e1rsaival szemben.<\/p>\n\n\n\n<h4 class=\"wp-block-heading\">Kezd\u0151 l\u00e9p\u00e9sek<\/h4>\n\n\n\n<p class=\"\">A Flux haszn\u00e1lat\u00e1nak megkezd\u00e9s\u00e9hez k\u00f6vesse a telep\u00edt\u00e9si \u00fatmutat\u00f3kat, \u00e9s fedezze fel a rendelkez\u00e9sre \u00e1ll\u00f3 oktat\u00f3anyagokat. A Flux AI Image Generator kezd\u0151k \u00e9s halad\u00f3 felhaszn\u00e1l\u00f3k sz\u00e1m\u00e1ra egyar\u00e1nt el\u00e9rhet\u0151, \u00edgy sokoldal\u00fa eszk\u00f6z a k\u00fcl\u00f6nb\u00f6z\u0151 alkalmaz\u00e1sokhoz.<\/p>\n\n\n\n<p class=\"\">Tov\u00e1bbi inform\u00e1ci\u00f3k\u00e9rt \u00e9s forr\u00e1sok\u00e9rt l\u00e1togasson el a <a href=\"https:\/\/blackforestlabs.ai\/\" target=\"_blank\" rel=\"noopener\">hivatalos Flux weboldal<\/a> \u00e9s a <a href=\"https:\/\/github.com\/black-forest-labs\/flux\" target=\"_blank\" rel=\"noopener\">GitHub t\u00e1rol\u00f3<\/a>.<\/p>","protected":false},"excerpt":{"rendered":"<p>Gallery of Flux.1 How to use the Flux AI Image Generator * Scroll down to check our Prompt Examples below if you don\u2019t have any thoughts in your mind * If you use this model intensively over a short period, it may cause GPU resource shortages. Please wait a few minutes before resuming use.* It &#8230; <a title=\"Flux AI Image Generator | Powered by Flux.1\" class=\"read-more\" href=\"https:\/\/aiartfree.online\/hu\/flux-ai-kepgenerator-flux1\/\" aria-label=\"Read more about Flux AI Image Generator | Powered by Flux.1\">Olvass tov\u00e1bb<\/a><\/p>","protected":false},"author":1,"featured_media":3559,"parent":0,"menu_order":0,"comment_status":"closed","ping_status":"closed","template":"","meta":{"nf_dc_page":"","footnotes":""},"class_list":["post-3558","page","type-page","status-publish","has-post-thumbnail"],"jetpack_sharing_enabled":true,"_links":{"self":[{"href":"https:\/\/aiartfree.online\/hu\/wp-json\/wp\/v2\/pages\/3558","targetHints":{"allow":["GET"]}}],"collection":[{"href":"https:\/\/aiartfree.online\/hu\/wp-json\/wp\/v2\/pages"}],"about":[{"href":"https:\/\/aiartfree.online\/hu\/wp-json\/wp\/v2\/types\/page"}],"author":[{"embeddable":true,"href":"https:\/\/aiartfree.online\/hu\/wp-json\/wp\/v2\/users\/1"}],"replies":[{"embeddable":true,"href":"https:\/\/aiartfree.online\/hu\/wp-json\/wp\/v2\/comments?post=3558"}],"version-history":[{"count":0,"href":"https:\/\/aiartfree.online\/hu\/wp-json\/wp\/v2\/pages\/3558\/revisions"}],"wp:featuredmedia":[{"embeddable":true,"href":"https:\/\/aiartfree.online\/hu\/wp-json\/wp\/v2\/media\/3559"}],"wp:attachment":[{"href":"https:\/\/aiartfree.online\/hu\/wp-json\/wp\/v2\/media?parent=3558"}],"curies":[{"name":"wp","href":"https:\/\/api.w.org\/{rel}","templated":true}]}}