{"id":3435,"date":"2024-08-01T13:24:54","date_gmt":"2024-08-01T13:24:54","guid":{"rendered":"https:\/\/aiartfree.online\/?page_id=3435"},"modified":"2025-03-07T08:24:14","modified_gmt":"2025-03-07T08:24:14","slug":"audio-translator","status":"publish","type":"page","link":"https:\/\/aiartfree.online\/hu\/audio-fordito\/","title":{"rendered":"Audio ford\u00edt\u00f3"},"content":{"rendered":"<h2 class=\"wp-block-heading\" id=\"how-to-use-the-audio-translator\">Hogyan haszn\u00e1lja az Audio Translator-t<\/h2>\n\n\n\n<ol class=\"wp-block-list\">\n<li class=\"\">V\u00e1lassza ki a c\u00e9lnyelvet<\/li>\n\n\n\n<li class=\"\">T\u00f6ltse fel a hangf\u00e1jlj\u00e1t<\/li>\n\n\n\n<li class=\"\">Kattintson a \"Ford\u00edt\u00e1s\" gombra<\/li>\n\n\n\n<li class=\"\">V\u00e1rj, ez az!<\/li>\n<\/ol>\n\n\n\n<figure class=\"gb-block-image gb-block-image-4dfafe81\"><a href=\"https:\/\/fas.st\/t\/XmtmoHSk\" target=\"_blank\" rel=\"noopener noreferrer\"><img data-recalc-dims=\"1\" decoding=\"async\" loading=\"lazy\" width=\"1200\" height=\"368\" class=\"gb-image gb-image-4dfafe81\" src=\"https:\/\/i0.wp.com\/aiartfree.online\/wp-content\/uploads\/2025\/03\/WX20250307-114300%402x.webp?resize=1200%2C368&#038;ssl=1\" alt=\"\" title=\"WX20250307-114300@2x\" srcset=\"https:\/\/i0.wp.com\/aiartfree.online\/wp-content\/uploads\/2025\/03\/WX20250307-114300%402x.webp?w=1900&amp;ssl=1 1900w, https:\/\/i0.wp.com\/aiartfree.online\/wp-content\/uploads\/2025\/03\/WX20250307-114300%402x.webp?resize=300%2C92&amp;ssl=1 300w, https:\/\/i0.wp.com\/aiartfree.online\/wp-content\/uploads\/2025\/03\/WX20250307-114300%402x.webp?resize=1024%2C314&amp;ssl=1 1024w, https:\/\/i0.wp.com\/aiartfree.online\/wp-content\/uploads\/2025\/03\/WX20250307-114300%402x.webp?resize=768%2C235&amp;ssl=1 768w, https:\/\/i0.wp.com\/aiartfree.online\/wp-content\/uploads\/2025\/03\/WX20250307-114300%402x.webp?resize=1536%2C471&amp;ssl=1 1536w, https:\/\/i0.wp.com\/aiartfree.online\/wp-content\/uploads\/2025\/03\/WX20250307-114300%402x.webp?resize=18%2C6&amp;ssl=1 18w, https:\/\/i0.wp.com\/aiartfree.online\/wp-content\/uploads\/2025\/03\/WX20250307-114300%402x.webp?resize=600%2C184&amp;ssl=1 600w\" sizes=\"auto, (max-width: 1200px) 100vw, 1200px\" \/><\/a><\/figure>\n\n\n\n<p class=\"\"><em>* Az internet sebess\u00e9g\u00e9t\u0151l f\u00fcgg\u0151en a modell bet\u00f6lt\u00e9se a k\u00f6vetkez\u0151 ideig tarthat <\/em>legfeljebb 10 m\u00e1sodpercig \u2193<\/p>\n\n\n\n<div class=\"iframe-wrapper\" style=\"position: relative; width: 100%; height: 1250px;\">\n  <div class=\"loading\" style=\"position: absolute; top: 50px; left: 50%; transform: translate(-50%, -50%); width: 40px; height: 40px; border: 3px solid #f0f0f0; border-top: 3px solid #db7093; border-radius: 50%; animation: spin 1s linear infinite;\"><\/div>\n  <iframe loading=\"lazy\" src=\"https:\/\/facebook-seamless-m4t.hf.space\" frameborder=\"0\" width=\"100%\" height=\"100%\" style=\"position: absolute; top: 0; left: 0; opacity: 0; transition: opacity 0.3s;\" onload=\"this.style.opacity=1;this.previousElementSibling.style.display='none';\"><\/iframe>\n<\/div>\n\n<style>\n@keyframes spin {\n  0% { transform: translate(-50%, -50%) rotate(0deg); }\n  100% { transform: translate(-50%, -50%) rotate(360deg); }\n}\n<\/style>\n\n\n\n<div style=\"height:80px\" aria-hidden=\"true\" class=\"wp-block-spacer\"><\/div>\n\n\n\n<h2 class=\"wp-block-heading\" id=\"audio-translator-the-ultimate-guide\">Hangford\u00edt\u00f3: A v\u00e9gs\u0151 \u00fatmutat\u00f3<\/h2>\n\n\n\n<div class=\"wp-block-rank-math-toc-block\" id=\"rank-math-toc\"><h3>Tartalomjegyz\u00e9k<\/h3><nav><ul><li><a href=\"#introduction\">Bevezet\u00e9s<\/a><\/li><li><a href=\"#what-is-an-audio-translator\">Mi az az audio ford\u00edt\u00f3?<\/a><\/li><li><a href=\"#why-use-an-audio-translator\">Mi\u00e9rt \u00e9rdemes audio ford\u00edt\u00f3t haszn\u00e1lni?<\/a><ul><li><a href=\"#advantages\">El\u0151ny\u00f6k<\/a><\/li><\/ul><\/li><li><a href=\"#main-features-of-audio-translators\">Az audioford\u00edt\u00f3k f\u0151 jellemz\u0151i<\/a><ul><li><a href=\"#1-speech-recognition\">1. Besz\u00e9dfelismer\u00e9s<\/a><\/li><li><a href=\"#2-multi-language-support\">2. T\u00f6bbnyelv\u0171 t\u00e1mogat\u00e1s<\/a><\/li><li><a href=\"#3-real-time-translation\">3. Val\u00f3s idej\u0171 ford\u00edt\u00e1s<\/a><\/li><li><a href=\"#4-text-to-speech\">4. Sz\u00f6vegb\u0151l besz\u00e9dd\u00e9 alak\u00edt\u00e1s<\/a><\/li><li><a href=\"#5-file-upload-and-conversion\">5. F\u00e1jlfelt\u00f6lt\u00e9s \u00e9s \u00e1talak\u00edt\u00e1s<\/a><\/li><\/ul><\/li><li><a href=\"#who-should-use-audio-translators\">Kinek \u00e9rdemes audi\u00f3ford\u00edt\u00f3kat haszn\u00e1lni?<\/a><ul><li><a href=\"#target-audience\">C\u00e9lk\u00f6z\u00f6ns\u00e9g<\/a><\/li><\/ul><\/li><li><a href=\"#how-to-use-an-audio-translator\">Hogyan haszn\u00e1ljunk audio ford\u00edt\u00f3t<\/a><ul><li><a href=\"#step-by-step-instructions\">L\u00e9p\u00e9sr\u0151l-l\u00e9p\u00e9sre \u00fatmutat\u00f3<\/a><\/li><\/ul><\/li><li><a href=\"#usage-cases-of-audio-translators\">A hangford\u00edt\u00f3k felhaszn\u00e1l\u00e1si esetei<\/a><ul><li><a href=\"#business-meetings\">\u00dczleti tal\u00e1lkoz\u00f3k<\/a><\/li><li><a href=\"#educational-content\">Oktat\u00e1si tartalom<\/a><\/li><li><a href=\"#customer-support\">\u00dcgyf\u00e9lszolg\u00e1lat<\/a><\/li><\/ul><\/li><li><a href=\"#top-10-tools-and-information\">Top 10 eszk\u00f6z \u00e9s inform\u00e1ci\u00f3<\/a><\/li><li><a href=\"#industry-pros-and-cons\">Ipari el\u0151ny\u00f6k \u00e9s h\u00e1tr\u00e1nyok<\/a><ul><li><a href=\"#pros\">El\u0151ny\u00f6k<\/a><\/li><li><a href=\"#cons\">H\u00e1tr\u00e1nyok<\/a><\/li><\/ul><\/li><li><a href=\"#faq\">GYIK<\/a><\/li><li><a href=\"#summary\">\u00d6sszefoglal\u00f3<\/a><\/li><\/ul><\/nav><\/div>\n\n\n\n<h3 class=\"wp-block-heading\" id=\"introduction\">Bevezet\u00e9s<\/h3>\n\n\n\n<p class=\"\">A mai globaliz\u00e1lt vil\u00e1gban a nyelvi akad\u00e1lyok lek\u00fczd\u00e9se elengedhetetlen a hat\u00e9kony kommunik\u00e1ci\u00f3hoz. A hangford\u00edt\u00f3k hat\u00e9kony eszk\u00f6zk\u00e9nt jelentek meg, amelyek seg\u00edtenek \u00e1thidalni ezeket a szakad\u00e9kokat, lehet\u0151v\u00e9 t\u00e9ve a besz\u00e9lt szavak val\u00f3s idej\u0171 ford\u00edt\u00e1s\u00e1t k\u00fcl\u00f6nb\u00f6z\u0151 nyelvekre. Ez a cikk az audioford\u00edt\u00f3k bonyolult r\u00e9szleteibe mer\u00fcl el, kiemelve azok el\u0151nyeit, jellemz\u0151it \u00e9s felhaszn\u00e1l\u00e1si m\u00f3djait, k\u00fcl\u00f6n\u00f6s tekintettel a rendelkez\u00e9sre \u00e1ll\u00f3 legjobb eszk\u00f6z\u00f6kre, k\u00f6zt\u00fck a rendk\u00edv\u00fcl aj\u00e1nlott <a href=\"https:\/\/aiartfree.online\/hu\/audio-fordito\/\">AI Art ingyenes audio ford\u00edt\u00f3<\/a>.<\/p>\n\n\n<div class=\"wp-block-image\">\n<figure class=\"aligncenter size-large is-resized\"><img data-recalc-dims=\"1\" data-dominant-color=\"f5f5f6\" data-has-transparency=\"false\" decoding=\"async\" width=\"1024\" height=\"546\"    loading=\"lazy\" src=\"https:\/\/i0.wp.com\/aiartfree.online\/wp-content\/uploads\/2024\/08\/WX20240801-160930%402x-1-1024x546.webp?resize=1024%2C546&#038;ssl=1\" alt=\"A hangford\u00edt\u00f3 olyan eszk\u00f6z vagy szoftver, amely a besz\u00e9lt nyelvet sz\u00f6vegg\u00e9 vagy m\u00e1s besz\u00e9lt nyelvv\u00e9 alak\u00edtja \u00e1t. Ezek az eszk\u00f6z\u00f6k fejlett algoritmusokat \u00e9s besz\u00e9dfelismer\u0151 technol\u00f3gi\u00e1t haszn\u00e1lnak a pontos \u00e9s val\u00f3s idej\u0171 ford\u00edt\u00e1shoz, ami felbecs\u00fclhetetlen \u00e9rt\u00e9k\u0171v\u00e9 teszi \u0151ket k\u00fcl\u00f6nb\u00f6z\u0151 ter\u00fcleteken, p\u00e9ld\u00e1ul az \u00fczleti \u00e9letben, az oktat\u00e1sban, az utaz\u00e1sban \u00e9s m\u00e1s ter\u00fcleteken.\" class=\"wp-image-3437 not-transparent\" style=\"--dominant-color: #f5f5f6; width:724px;height:auto\" srcset=\"https:\/\/i0.wp.com\/aiartfree.online\/wp-content\/uploads\/2024\/08\/WX20240801-160930%402x-1-jpg.webp?resize=1024%2C546&amp;ssl=1 1024w, https:\/\/i0.wp.com\/aiartfree.online\/wp-content\/uploads\/2024\/08\/WX20240801-160930%402x-1-jpg.webp?resize=300%2C160&amp;ssl=1 300w, https:\/\/i0.wp.com\/aiartfree.online\/wp-content\/uploads\/2024\/08\/WX20240801-160930%402x-1-jpg.webp?resize=768%2C409&amp;ssl=1 768w, https:\/\/i0.wp.com\/aiartfree.online\/wp-content\/uploads\/2024\/08\/WX20240801-160930%402x-1-jpg.webp?resize=18%2C10&amp;ssl=1 18w, https:\/\/i0.wp.com\/aiartfree.online\/wp-content\/uploads\/2024\/08\/WX20240801-160930%402x-1-jpg.webp?resize=600%2C320&amp;ssl=1 600w, https:\/\/i0.wp.com\/aiartfree.online\/wp-content\/uploads\/2024\/08\/WX20240801-160930%402x-1-jpg.webp?w=1460&amp;ssl=1 1460w\" sizes=\"(max-width: 724px) 100vw, 724px\" \/><\/figure>\n<\/div>\n\n\n<h3 class=\"wp-block-heading\" id=\"what-is-an-audio-translator\">Mi az az audio ford\u00edt\u00f3?<\/h3>\n\n\n\n<p class=\"\">A hangford\u00edt\u00f3 olyan eszk\u00f6z vagy szoftver, amely a besz\u00e9lt nyelvet sz\u00f6vegg\u00e9 vagy m\u00e1s besz\u00e9lt nyelvv\u00e9 alak\u00edtja \u00e1t. Ezek az eszk\u00f6z\u00f6k fejlett algoritmusokat \u00e9s besz\u00e9dfelismer\u0151 technol\u00f3gi\u00e1t haszn\u00e1lnak a pontos \u00e9s val\u00f3s idej\u0171 ford\u00edt\u00e1shoz, ami felbecs\u00fclhetetlen \u00e9rt\u00e9k\u0171v\u00e9 teszi \u0151ket k\u00fcl\u00f6nb\u00f6z\u0151 ter\u00fcleteken, p\u00e9ld\u00e1ul az \u00fczleti \u00e9letben, az oktat\u00e1sban, az utaz\u00e1sban \u00e9s m\u00e1s ter\u00fcleteken.<\/p>\n\n\n\n<h3 class=\"wp-block-heading\" id=\"why-use-an-audio-translator\">Mi\u00e9rt \u00e9rdemes audio ford\u00edt\u00f3t haszn\u00e1lni?<\/h3>\n\n\n\n<h4 class=\"wp-block-heading\" id=\"advantages\">El\u0151ny\u00f6k<\/h4>\n\n\n\n<ul class=\"wp-block-list\">\n<li class=\"\"><strong>T\u00f6rje \u00e1t a nyelvi korl\u00e1tokat:<\/strong> K\u00f6nnyen kommunik\u00e1lhat k\u00fcl\u00f6nb\u00f6z\u0151 nyelveket besz\u00e9l\u0151 emberekkel.<\/li>\n\n\n\n<li class=\"\"><strong>Val\u00f3s idej\u0171 ford\u00edt\u00e1s:<\/strong> Azonnali ford\u00edt\u00e1sokat kaphat, megk\u00f6nny\u00edtve a g\u00f6rd\u00fcl\u00e9kenyebb besz\u00e9lget\u00e9seket.<\/li>\n\n\n\n<li class=\"\"><strong>Hozz\u00e1f\u00e9rhet\u0151s\u00e9g:<\/strong> Tegye a tartalmat sz\u00e9lesebb k\u00f6z\u00f6ns\u00e9g sz\u00e1m\u00e1ra hozz\u00e1f\u00e9rhet\u0151v\u00e9, bele\u00e9rtve a hall\u00e1ss\u00e9r\u00fclteket is.<\/li>\n\n\n\n<li class=\"\"><strong>Hat\u00e9konys\u00e1g:<\/strong> Id\u0151megtakar\u00edt\u00e1s a hagyom\u00e1nyos ford\u00edt\u00e1si m\u00f3dszerekhez k\u00e9pest.<\/li>\n<\/ul>\n\n\n\n<h3 class=\"wp-block-heading\" id=\"main-features-of-audio-translators\">Az audioford\u00edt\u00f3k f\u0151 jellemz\u0151i<\/h3>\n\n\n\n<h4 class=\"wp-block-heading\" id=\"1-speech-recognition\">1. <strong>Besz\u00e9dfelismer\u00e9s<\/strong><\/h4>\n\n\n\n<ul class=\"wp-block-list\">\n<li class=\"\">A besz\u00e9lt szavakat sz\u00f6vegg\u00e9 ford\u00edtja.<\/li>\n\n\n\n<li class=\"\">Nagy pontoss\u00e1g m\u00e9g zajos k\u00f6rnyezetben is.<\/li>\n<\/ul>\n\n\n\n<h4 class=\"wp-block-heading\" id=\"2-multi-language-support\">2. <strong>T\u00f6bbnyelv\u0171 t\u00e1mogat\u00e1s<\/strong><\/h4>\n\n\n\n<ul class=\"wp-block-list\">\n<li class=\"\">T\u00f6bb nyelv t\u00e1mogat\u00e1sa a ford\u00edt\u00e1shoz.<\/li>\n\n\n\n<li class=\"\">P\u00e9lda: Spanyolr\u00f3l angolra, franci\u00e1r\u00f3l n\u00e9metre.<\/li>\n<\/ul>\n\n\n\n<h4 class=\"wp-block-heading\" id=\"3-real-time-translation\">3. <strong>Val\u00f3s idej\u0171 ford\u00edt\u00e1s<\/strong><\/h4>\n\n\n\n<ul class=\"wp-block-list\">\n<li class=\"\">Azonnali ford\u00edt\u00e1s a z\u00f6kken\u0151mentes besz\u00e9lget\u00e9sekhez.<\/li>\n<\/ul>\n\n\n\n<h4 class=\"wp-block-heading\" id=\"4-text-to-speech\">4. <strong>Text-to-Speech<\/strong><\/h4>\n\n\n\n<ul class=\"wp-block-list\">\n<li class=\"\">A leford\u00edtott sz\u00f6veget visszaalak\u00edtja besz\u00e9lt szavakk\u00e1.<\/li>\n<\/ul>\n\n\n\n<h4 class=\"wp-block-heading\" id=\"5-file-upload-and-conversion\">5. <strong>F\u00e1jl felt\u00f6lt\u00e9s \u00e9s \u00e1talak\u00edt\u00e1s<\/strong><\/h4>\n\n\n\n<ul class=\"wp-block-list\">\n<li class=\"\">T\u00e1mogatja a hangf\u00e1jlok felt\u00f6lt\u00e9s\u00e9t \u00e1t\u00edr\u00e1shoz \u00e9s ford\u00edt\u00e1shoz.<\/li>\n<\/ul>\n\n\n\n<h3 class=\"wp-block-heading\" id=\"who-should-use-audio-translators\">Kinek \u00e9rdemes audi\u00f3ford\u00edt\u00f3kat haszn\u00e1lni?<\/h3>\n\n\n\n<h4 class=\"wp-block-heading\" id=\"target-audience\">C\u00e9lk\u00f6z\u00f6ns\u00e9g<\/h4>\n\n\n\n<ul class=\"wp-block-list\">\n<li class=\"\"><strong>Utaz\u00f3k:<\/strong> A nyelvi akad\u00e1lyok lek\u00fczd\u00e9se utaz\u00e1s k\u00f6zben.<\/li>\n\n\n\n<li class=\"\"><strong>\u00dczleti szakemberek:<\/strong> Kommunik\u00e1ci\u00f3 a nemzetk\u00f6zi \u00fcgyfelekkel \u00e9s partnerekkel.<\/li>\n\n\n\n<li class=\"\"><strong>Oktat\u00f3k \u00e9s di\u00e1kok:<\/strong> A nyelvtanul\u00e1s \u00e9s a sz\u00f6veg\u00e9rt\u00e9s jav\u00edt\u00e1sa.<\/li>\n\n\n\n<li class=\"\"><strong>Tartalomk\u00e9sz\u00edt\u0151k:<\/strong> A hang- \u00e9s videotartalmak t\u00f6bb nyelven is el\u00e9rhet\u0151v\u00e9 t\u00e9tele.<\/li>\n<\/ul>\n\n\n\n<h3 class=\"wp-block-heading\" id=\"how-to-use-an-audio-translator\">Hogyan haszn\u00e1ljunk audio ford\u00edt\u00f3t<\/h3>\n\n\n\n<h4 class=\"wp-block-heading\" id=\"step-by-step-instructions\">L\u00e9p\u00e9sr\u0151l-l\u00e9p\u00e9sre \u00fatmutat\u00f3<\/h4>\n\n\n\n<ol class=\"wp-block-list\">\n<li class=\"\"><strong>Nyissa meg az eszk\u00f6zt:<\/strong> Hozz\u00e1f\u00e9r\u00e9s a hangford\u00edt\u00f3 eszk\u00f6zh\u00f6z, p\u00e9ld\u00e1ul <a href=\"https:\/\/aiartfree.online\/hu\/audio-fordito\/\">AI Art ingyenes audio ford\u00edt\u00f3<\/a>.<\/li>\n\n\n\n<li class=\"\"><strong>T\u00f6ltse fel a hanganyagot:<\/strong> V\u00e1lassza ki \u00e9s t\u00f6ltse fel a leford\u00edtani k\u00edv\u00e1nt hangf\u00e1jlt.<\/li>\n\n\n\n<li class=\"\"><strong>Nyelvek kiv\u00e1laszt\u00e1sa:<\/strong> V\u00e1lassza ki a ford\u00edt\u00e1s forr\u00e1s- \u00e9s c\u00e9lnyelv\u00e9t.<\/li>\n\n\n\n<li class=\"\"><strong>Kezdje a ford\u00edt\u00e1st:<\/strong> Kattintson a ford\u00edt\u00e1s gombra a folyamat megkezd\u00e9s\u00e9hez.<\/li>\n\n\n\n<li class=\"\"><strong>Ford\u00edtott sz\u00f6veg\/hang let\u00f6lt\u00e9se:<\/strong> A leford\u00edtott sz\u00f6veg vagy hangf\u00e1jl ment\u00e9se k\u00e9s\u0151bbi haszn\u00e1latra.<\/li>\n<\/ol>\n\n\n\n<h3 class=\"wp-block-heading\" id=\"usage-cases-of-audio-translators\">A hangford\u00edt\u00f3k felhaszn\u00e1l\u00e1si esetei<\/h3>\n\n\n\n<h4 class=\"wp-block-heading\" id=\"business-meetings\">\u00dczleti tal\u00e1lkoz\u00f3k<\/h4>\n\n\n\n<ul class=\"wp-block-list\">\n<li class=\"\">Ford\u00edtson \u00e9l\u0151 besz\u00e9lget\u00e9seket nemzetk\u00f6zi tal\u00e1lkoz\u00f3khoz.<\/li>\n<\/ul>\n\n\n\n<h4 class=\"wp-block-heading\" id=\"educational-content\">Oktat\u00e1si tartalom<\/h4>\n\n\n\n<ul class=\"wp-block-list\">\n<li class=\"\">Ford\u00edtott el\u0151ad\u00e1sok biztos\u00edt\u00e1sa a k\u00fcl\u00f6nb\u00f6z\u0151 nyelvi h\u00e1tt\u00e9rrel rendelkez\u0151 hallgat\u00f3k sz\u00e1m\u00e1ra.<\/li>\n<\/ul>\n\n\n\n<h4 class=\"wp-block-heading\" id=\"customer-support\">\u00dcgyf\u00e9lszolg\u00e1lat<\/h4>\n\n\n\n<ul class=\"wp-block-list\">\n<li class=\"\">Seg\u00edts\u00e9g az \u00fcgyfeleknek az anyanyelv\u00fck\u00f6n a hangford\u00edt\u00e1s seg\u00edts\u00e9g\u00e9vel.<\/li>\n<\/ul>\n\n\n\n<h3 class=\"wp-block-heading\" id=\"top-10-tools-and-information\">Top 10 eszk\u00f6z \u00e9s inform\u00e1ci\u00f3<\/h3>\n\n\n\n<figure class=\"wp-block-table\"><table class=\"has-fixed-layout\"><thead><tr><th>Eszk\u00f6z neve<\/th><th>URL<\/th><th>F\u0151 jellemz\u0151k<\/th><th>El\u0151ny\u00f6k<\/th><th>H\u00e1tr\u00e1nyok<\/th><\/tr><\/thead><tbody><tr><td>AI Art ingyenes audio ford\u00edt\u00f3<\/td><td><a href=\"https:\/\/aiartfree.online\/hu\/audio-fordito\/\">https:\/\/aiartfree.online\/audio-translator<\/a><\/td><td>Val\u00f3s idej\u0171 ford\u00edt\u00e1s, t\u00f6bb nyelven<\/td><td>100% ingyenes, korl\u00e1tlan haszn\u00e1lat<\/td><td>Korl\u00e1tozott nyelvi t\u00e1mogat\u00e1s<\/td><\/tr><tr><td>Google Ford\u00edt\u00f3<\/td><td><a href=\"https:\/\/translate.google.com\" target=\"_blank\" rel=\"noreferrer noopener\">https:\/\/translate.google.com<\/a><\/td><td>Sz\u00f6veg, hang, k\u00e9p ford\u00edt\u00e1s<\/td><td>Kiterjedt nyelvi t\u00e1mogat\u00e1s<\/td><td>Internetet ig\u00e9nyel<\/td><\/tr><tr><td>iTranslate<\/td><td>https:\/\/www.itranslate.com\/<\/td><td>Hangford\u00edt\u00e1s, offline m\u00f3d<\/td><td>Offline k\u00e9pess\u00e9gek<\/td><td>El\u0151fizet\u00e9s sz\u00fcks\u00e9ges<\/td><\/tr><tr><td>Microsoft ford\u00edt\u00f3<\/td><td>https:\/\/translator.microsoft.com\/<\/td><td>Besz\u00e9dfelismer\u00e9s, t\u00f6bb eszk\u00f6zzel t\u00f6rt\u00e9n\u0151 szinkroniz\u00e1l\u00e1s<\/td><td>Integr\u00e1ci\u00f3 MS alkalmaz\u00e1sokkal<\/td><td>Korl\u00e1tozott ingyenes verzi\u00f3<\/td><\/tr><tr><td>Besz\u00e9lj \u00e9s ford\u00edts<\/td><td>https:\/\/speakandtranslate.app\/<\/td><td>Val\u00f3s idej\u0171 hangford\u00edt\u00e1s<\/td><td>Felhaszn\u00e1l\u00f3bar\u00e1t fel\u00fclet<\/td><td>Alkalmaz\u00e1son bel\u00fcli v\u00e1s\u00e1rl\u00e1sok<\/td><\/tr><tr><td>SayHi Translate<\/td><td>https:\/\/www.sayhi.com\/<\/td><td>Hangford\u00edt\u00e1s, nagy pontoss\u00e1g<\/td><td>Egyszer\u0171 haszn\u00e1lat<\/td><td>Csak hangra korl\u00e1toz\u00f3dik<\/td><\/tr><tr><td>Reverso<\/td><td>https:\/\/www.reverso.net\/<\/td><td>Sz\u00f6veg- \u00e9s hangford\u00edt\u00e1s<\/td><td>Kontextu\u00e1lis ford\u00edt\u00e1sok<\/td><td>Korl\u00e1tozott ingyenes verzi\u00f3<\/td><\/tr><tr><td>Papago<\/td><td>https:\/\/papago.naver.com\/<\/td><td>Hang- \u00e9s sz\u00f6vegford\u00edt\u00e1s<\/td><td>Nagy pontoss\u00e1g az \u00e1zsiai nyelvek eset\u00e9ben<\/td><td>Kev\u00e9sb\u00e9 ismert nyelvek<\/td><\/tr><tr><td>VoiceTra<\/td><td>http:\/\/voicetra.nict.go.jp\/en\/<\/td><td>Besz\u00e9dford\u00edt\u00e1s, offline m\u00f3d<\/td><td>Nagy pontoss\u00e1g<\/td><td>Az interf\u00e9sz zavar\u00f3 lehet<\/td><\/tr><tr><td>Linguee<\/td><td>https:\/\/www.linguee.com\/<\/td><td>Sz\u00f6vegford\u00edt\u00e1s, sz\u00f3t\u00e1r<\/td><td>R\u00e9szletes ford\u00edt\u00e1sok<\/td><td>Nincs hangford\u00edt\u00e1s<\/td><\/tr><\/tbody><\/table><\/figure>\n\n\n\n<h3 class=\"wp-block-heading\" id=\"industry-pros-and-cons\">Ipari el\u0151ny\u00f6k \u00e9s h\u00e1tr\u00e1nyok<\/h3>\n\n\n\n<h4 class=\"wp-block-heading\" id=\"pros\">El\u0151ny\u00f6k<\/h4>\n\n\n\n<ul class=\"wp-block-list\">\n<li class=\"\"><strong>Hat\u00e9konys\u00e1g:<\/strong> Gyors \u00e9s egyszer\u0171 ford\u00edt\u00e1sok.<\/li>\n\n\n\n<li class=\"\"><strong>K\u00f6lts\u00e9ghat\u00e9kony:<\/strong> Cs\u00f6kkenti a hivat\u00e1sos ford\u00edt\u00f3k sz\u00fcks\u00e9gess\u00e9g\u00e9t.<\/li>\n\n\n\n<li class=\"\"><strong>Hozz\u00e1f\u00e9rhet\u0151s\u00e9g:<\/strong> El\u00e9rhet\u0151v\u00e9 teszi a tartalmat a nem anyanyelvi besz\u00e9l\u0151k sz\u00e1m\u00e1ra.<\/li>\n<\/ul>\n\n\n\n<h4 class=\"wp-block-heading\" id=\"cons\">H\u00e1tr\u00e1nyok<\/h4>\n\n\n\n<ul class=\"wp-block-list\">\n<li class=\"\"><strong>Pontoss\u00e1gi probl\u00e9m\u00e1k:<\/strong> Nem mindig 100% pontos, k\u00fcl\u00f6n\u00f6sen az \u00f6sszetett nyelvek eset\u00e9ben.<\/li>\n\n\n\n<li class=\"\"><strong>A technol\u00f3gi\u00e1t\u00f3l val\u00f3 f\u00fcgg\u0151s\u00e9g:<\/strong> Megb\u00edzhat\u00f3 internetet \u00e9s eszk\u00f6z\u00f6ket ig\u00e9nyel.<\/li>\n\n\n\n<li class=\"\"><strong>Korl\u00e1tozott kontextusmeg\u00e9rt\u00e9s:<\/strong> Lehet, hogy nem \u00e9rti az \u00e1rnyalatokat vagy a kultur\u00e1lis kontextust.<\/li>\n<\/ul>\n\n\n\n<h3 class=\"wp-block-heading\" id=\"faq\">GYIK<\/h3>\n\n\n\n<ol class=\"wp-block-list\">\n<li class=\"\"><strong>Hogyan ford\u00edtsunk hangot sz\u00f6vegre?<\/strong>\n<ul class=\"wp-block-list\">\n<li class=\"\">Haszn\u00e1ljon olyan eszk\u00f6z\u00f6ket, mint a <a href=\"https:\/\/aiartfree.online\/hu\/audio-fordito\/\">AI Art ingyenes audio ford\u00edt\u00f3<\/a> a pontos hang-sz\u00f6veg konverzi\u00f3hoz.<\/li>\n<\/ul>\n<\/li>\n\n\n\n<li class=\"\"><strong>Hogyan ford\u00edthatok hangot egy vide\u00f3b\u00f3l?<\/strong>\n<ul class=\"wp-block-list\">\n<li class=\"\">Vegye ki a hangot a vide\u00f3b\u00f3l, \u00e9s t\u00f6ltse fel egy hangford\u00edt\u00f3 eszk\u00f6zbe.<\/li>\n<\/ul>\n<\/li>\n\n\n\n<li class=\"\"><strong>Hogyan ford\u00edtsunk hangot sz\u00f6vegre?<\/strong>\n<ul class=\"wp-block-list\">\n<li class=\"\">Haszn\u00e1ljon besz\u00e9dfelismer\u0151 szoftvert a besz\u00e9lt szavak sz\u00f6vegg\u00e9 alak\u00edt\u00e1s\u00e1hoz.<\/li>\n<\/ul>\n<\/li>\n\n\n\n<li class=\"\"><strong>A Google tud hangot ford\u00edtani?<\/strong>\n<ul class=\"wp-block-list\">\n<li class=\"\">Igen, a Google Ford\u00edt\u00f3 val\u00f3s id\u0151ben k\u00e9pes leford\u00edtani a besz\u00e9lt szavakat.<\/li>\n<\/ul>\n<\/li>\n\n\n\n<li class=\"\"><strong>Hogyan kell leford\u00edtani a hangot?<\/strong>\n<ul class=\"wp-block-list\">\n<li class=\"\">T\u00f6ltse fel a hangf\u00e1jlt egy ford\u00edt\u00f3programba, \u00e9s v\u00e1lassza ki a c\u00e9lnyelvet.<\/li>\n<\/ul>\n<\/li>\n<\/ol>\n\n\n\n<h3 class=\"wp-block-heading\" id=\"summary\">\u00d6sszefoglal\u00f3<\/h3>\n\n\n\n<p class=\"\">A hangford\u00edt\u00f3k n\u00e9lk\u00fcl\u00f6zhetetlen eszk\u00f6z\u00f6k a nyelvi korl\u00e1tok lebont\u00e1s\u00e1hoz, valamint a besz\u00e9lt szavak val\u00f3s idej\u0171 \u00e9s pontos ford\u00edt\u00e1s\u00e1hoz. Sz\u00e1mos el\u0151nyt k\u00edn\u00e1lnak, t\u00f6bbek k\u00f6z\u00f6tt a hozz\u00e1f\u00e9rhet\u0151s\u00e9get, a hat\u00e9konys\u00e1got \u00e9s a k\u00f6lts\u00e9ghat\u00e9konys\u00e1got. Ha els\u0151 k\u00e9zb\u0151l szeretn\u00e9 megtapasztalni az audi\u00f3 ford\u00edt\u00f3 el\u0151nyeit, pr\u00f3b\u00e1lja ki a k\u00f6vetkez\u0151ket <a href=\"https:\/\/aiartfree.online\/hu\/audio-fordito\/\">AI Art ingyenes audio ford\u00edt\u00f3<\/a> ma. Fogadja el a kommunik\u00e1ci\u00f3 j\u00f6v\u0151j\u00e9t, \u00e9s jav\u00edtsa a vil\u00e1g minden t\u00e1j\u00e1n \u00e9l\u0151 emberekkel val\u00f3 kapcsolattart\u00e1s k\u00e9pess\u00e9g\u00e9t.<\/p>","protected":false},"excerpt":{"rendered":"<p>How to use the Audio Translator *&nbsp;Depending on your internet speed, loading the model may take up to 10 seconds \u2193 Audio Translator: The Ultimate Guide Introduction In today&#8217;s globalized world, overcoming language barriers is essential for effective communication. Audio translators have emerged as powerful tools to help bridge these gaps, enabling real-time translation of &#8230; <a title=\"Audio ford\u00edt\u00f3\" class=\"read-more\" href=\"https:\/\/aiartfree.online\/hu\/audio-fordito\/\" aria-label=\"Read more about Audio Translator\">Olvass tov\u00e1bb<\/a><\/p>","protected":false},"author":1,"featured_media":3437,"parent":0,"menu_order":0,"comment_status":"open","ping_status":"closed","template":"","meta":{"nf_dc_page":"","footnotes":""},"class_list":["post-3435","page","type-page","status-publish","has-post-thumbnail"],"jetpack_sharing_enabled":true,"_links":{"self":[{"href":"https:\/\/aiartfree.online\/hu\/wp-json\/wp\/v2\/pages\/3435","targetHints":{"allow":["GET"]}}],"collection":[{"href":"https:\/\/aiartfree.online\/hu\/wp-json\/wp\/v2\/pages"}],"about":[{"href":"https:\/\/aiartfree.online\/hu\/wp-json\/wp\/v2\/types\/page"}],"author":[{"embeddable":true,"href":"https:\/\/aiartfree.online\/hu\/wp-json\/wp\/v2\/users\/1"}],"replies":[{"embeddable":true,"href":"https:\/\/aiartfree.online\/hu\/wp-json\/wp\/v2\/comments?post=3435"}],"version-history":[{"count":1,"href":"https:\/\/aiartfree.online\/hu\/wp-json\/wp\/v2\/pages\/3435\/revisions"}],"predecessor-version":[{"id":3602,"href":"https:\/\/aiartfree.online\/hu\/wp-json\/wp\/v2\/pages\/3435\/revisions\/3602"}],"wp:featuredmedia":[{"embeddable":true,"href":"https:\/\/aiartfree.online\/hu\/wp-json\/wp\/v2\/media\/3437"}],"wp:attachment":[{"href":"https:\/\/aiartfree.online\/hu\/wp-json\/wp\/v2\/media?parent=3435"}],"curies":[{"name":"wp","href":"https:\/\/api.w.org\/{rel}","templated":true}]}}