{"id":3430,"date":"2024-08-01T13:11:52","date_gmt":"2024-08-01T13:11:52","guid":{"rendered":"https:\/\/aiartfree.online\/?page_id=3430"},"modified":"2024-08-02T11:23:09","modified_gmt":"2024-08-02T11:23:09","slug":"arcane-ai","status":"publish","type":"page","link":"https:\/\/aiartfree.online\/hu\/arcane-ai\/","title":{"rendered":"Arcane AI"},"content":{"rendered":"<h2 class=\"wp-block-heading has-text-align-center\" id=\"before-vs-after\">El\u0151tte vs. Ut\u00e1na<\/h2>\n\n\n\n<figure class=\"gb-block-image gb-block-image-1822da1f\"><img data-recalc-dims=\"1\" decoding=\"async\" loading=\"lazy\" width=\"1200\" height=\"586\" class=\"gb-image gb-image-1822da1f\" src=\"https:\/\/i0.wp.com\/aiartfree.online\/wp-content\/uploads\/2024\/08\/WX20240801-154423%402x-jpg.webp?resize=1200%2C586&#038;ssl=1\" alt=\"Alak\u00edtsa \u00e1t f\u00e9nyk\u00e9peit leny\u0171g\u00f6z\u0151 Arcane-st\u00edlus\u00fa m\u0171alkot\u00e1ss\u00e1 az Arcane AI seg\u00edts\u00e9g\u00e9vel. \u00c9lvezze a korl\u00e1tlan, ingyenes \u00e1talak\u00edt\u00e1sokat, regisztr\u00e1ci\u00f3 n\u00e9lk\u00fcl. T\u00f6k\u00e9letes m\u0171v\u00e9szek \u00e9s a k\u00f6z\u00f6ss\u00e9gi m\u00e9dia sz\u00e1m\u00e1ra.\" title=\"WX20240801-154423@2x\" srcset=\"https:\/\/i0.wp.com\/aiartfree.online\/wp-content\/uploads\/2024\/08\/WX20240801-154423%402x-jpg.webp?w=1478&amp;ssl=1 1478w, https:\/\/i0.wp.com\/aiartfree.online\/wp-content\/uploads\/2024\/08\/WX20240801-154423%402x-jpg.webp?resize=300%2C147&amp;ssl=1 300w, https:\/\/i0.wp.com\/aiartfree.online\/wp-content\/uploads\/2024\/08\/WX20240801-154423%402x-jpg.webp?resize=1024%2C500&amp;ssl=1 1024w, https:\/\/i0.wp.com\/aiartfree.online\/wp-content\/uploads\/2024\/08\/WX20240801-154423%402x-jpg.webp?resize=768%2C375&amp;ssl=1 768w, https:\/\/i0.wp.com\/aiartfree.online\/wp-content\/uploads\/2024\/08\/WX20240801-154423%402x-jpg.webp?resize=18%2C9&amp;ssl=1 18w, https:\/\/i0.wp.com\/aiartfree.online\/wp-content\/uploads\/2024\/08\/WX20240801-154423%402x-jpg.webp?resize=600%2C293&amp;ssl=1 600w\" sizes=\"auto, (max-width: 1200px) 100vw, 1200px\" \/><\/figure>\n\n\n\n<h2 class=\"wp-block-heading\" id=\"how-to-use-the-arcane-ai\">Hogyan haszn\u00e1ld az Arcane AI-t<\/h2>\n\n\n\n<ol class=\"wp-block-list\">\n<li class=\"\">Dobja el vagy t\u00f6ltse fel a k\u00e9pet<\/li>\n\n\n\n<li class=\"\">Kattintson a \"Bek\u00fcld\u00e9s\" gombra<\/li>\n\n\n\n<li class=\"\">V\u00e1rj, ez az!<\/li>\n<\/ol>\n\n\n\n<p class=\"\">* Nyugodtan pr\u00f3b\u00e1lja ki az al\u00e1bbi p\u00e9ld\u00e1kat, ha nincs semmilyen gondolat a fej\u00e9ben<\/p>\n\n\n\n<p class=\"\"><em>* Az internet sebess\u00e9g\u00e9t\u0151l f\u00fcgg\u0151en a modell bet\u00f6lt\u00e9se a k\u00f6vetkez\u0151 ideig tarthat <\/em>legfeljebb 10 m\u00e1sodpercig \u2193<\/p>\n\n\n\n<div class=\"iframe-wrapper\" style=\"position: relative; width: 100%; height: 1200px;\">\n  <div class=\"loading\" style=\"position: absolute; top: 50px; left: 50%; transform: translate(-50%, -50%); width: 40px; height: 40px; border: 3px solid #f0f0f0; border-top: 3px solid #db7093; border-radius: 50%; animation: spin 1s linear infinite;\"><\/div>\n  <iframe loading=\"lazy\" src=\"https:\/\/akhaliq-arcanegan.hf.space\" frameborder=\"0\" width=\"100%\" height=\"100%\" style=\"position: absolute; top: 0; left: 0; opacity: 0; transition: opacity 0.3s;\" onload=\"this.style.opacity=1;this.previousElementSibling.style.display='none';\"><\/iframe>\n<\/div>\n\n<style>\n@keyframes spin {\n  0% { transform: translate(-50%, -50%) rotate(0deg); }\n  100% { transform: translate(-50%, -50%) rotate(360deg); }\n}\n<\/style>\n\n\n\n<div style=\"height:60px\" aria-hidden=\"true\" class=\"wp-block-spacer\"><\/div>\n\n\n\n<h2 class=\"wp-block-heading\" id=\"arcane-ai-transform-your-portraits-into-stunning-arcane-art\">Arcane AI: Portr\u00e9idat alak\u00edtsd \u00e1t leny\u0171g\u00f6z\u0151 arcane m\u0171v\u00e9szett\u00e9<\/h2>\n\n\n\n<div class=\"wp-block-rank-math-toc-block\" id=\"rank-math-toc\"><h3>Tartalomjegyz\u00e9k<\/h3><nav><ul><li><a href=\"#outline\">V\u00e1zlat<\/a><\/li><li><a href=\"#what-is-arcane-ai\">Mi az Arcane AI?<\/a><\/li><li><a href=\"#why-use-arcane-ai\">Mi\u00e9rt \u00e9rdemes haszn\u00e1lni az Arcane AI-t?<\/a><\/li><li><a href=\"#main-features-of-arcane-ai\">Az Arcane AI f\u0151 jellemz\u0151i<\/a><ul><li><a href=\"#feature-1-high-quality-transformations\">1. funkci\u00f3: Kiv\u00e1l\u00f3 min\u0151s\u00e9g\u0171 transzform\u00e1ci\u00f3k<\/a><\/li><li><a href=\"#feature-2-user-friendly-interface\">2. funkci\u00f3: Felhaszn\u00e1l\u00f3bar\u00e1t fel\u00fclet<\/a><\/li><\/ul><\/li><li><a href=\"#target-audience-and-uses\">C\u00e9lk\u00f6z\u00f6ns\u00e9g \u00e9s felhaszn\u00e1l\u00e1s<\/a><\/li><li><a href=\"#how-to-use-arcane-ai\">Hogyan haszn\u00e1ljuk az Arcane AI-t<\/a><\/li><li><a href=\"#usage-cases\">Felhaszn\u00e1l\u00e1si esetek<\/a><ul><li><a href=\"#social-media-content\">K\u00f6z\u00f6ss\u00e9gi m\u00e9dia tartalom<\/a><\/li><li><a href=\"#artistic-projects\">M\u0171v\u00e9szeti projektek<\/a><\/li><li><a href=\"#personal-use\">Szem\u00e9lyes haszn\u00e1lat<\/a><\/li><\/ul><\/li><li><a href=\"#industry-insights\">Ipari betekint\u00e9s<\/a><ul><li><a href=\"#advantages\">El\u0151ny\u00f6k<\/a><\/li><li><a href=\"#disadvantages\">H\u00e1tr\u00e1nyok<\/a><\/li><li><a href=\"#challenges\">Kih\u00edv\u00e1sok<\/a><\/li><li><a href=\"#suggestions\">Javaslatok<\/a><\/li><\/ul><\/li><li><a href=\"#10-related-information-and-tools\">10 Kapcsol\u00f3d\u00f3 inform\u00e1ci\u00f3k \u00e9s eszk\u00f6z\u00f6k<\/a><\/li><li><a href=\"#faq\">GYIK<\/a><ul><li><a href=\"#1-how-do-i-enhance-a-photo\">1. Hogyan jav\u00edthatok fel egy f\u00e9nyk\u00e9pet?<\/a><\/li><li><a href=\"#2-can-i-use-arcane-ai-for-free\">2. Haszn\u00e1lhatom az Arcane AI-t ingyen?<\/a><\/li><li><a href=\"#3-do-i-need-to-sign-up-to-use-arcane-ai\">3. Regisztr\u00e1lnom kell az Arcane AI haszn\u00e1lat\u00e1hoz?<\/a><\/li><li><a href=\"#4-what-kind-of-photos-work-best-with-arcane-ai\">4. Milyen f\u00e9nyk\u00e9pek m\u0171k\u00f6dnek a legjobban az Arcane AI-val?<\/a><\/li><li><a href=\"#5-is-there-a-limit-to-how-many-photos-i-can-convert\">5. Van korl\u00e1tja annak, hogy h\u00e1ny f\u00e9nyk\u00e9pet konvert\u00e1lhatok?<\/a><\/li><li><a href=\"#6-can-i-use-arcane-ai-on-my-phone\">6. Haszn\u00e1lhatom az Arcane AI-t a telefonomon?<\/a><\/li><li><a href=\"#7-what-file-formats-are-supported-by-arcane-ai\">7. Milyen f\u00e1jlform\u00e1tumokat t\u00e1mogat az Arcane AI?<\/a><\/li><li><a href=\"#8-how-long-does-the-conversion-process-take\">8. Mennyi ideig tart az \u00e1talak\u00edt\u00e1si folyamat?<\/a><\/li><li><a href=\"#9-can-i-edit-the-arcane-style-photo-after-conversion\">9. Szerkeszthetem az Arcane-st\u00edlus\u00fa fot\u00f3t a konvert\u00e1l\u00e1s ut\u00e1n?<\/a><\/li><li><a href=\"#10-are-there-other-styles-available-besides-arcane\">10. Vannak m\u00e1s st\u00edlusok is az Arcane mellett?<\/a><\/li><\/ul><\/li><li><a href=\"#summary\">\u00d6sszefoglal\u00f3<\/a><\/li><\/ul><\/nav><\/div>\n\n\n\n<h3 class=\"wp-block-heading\" id=\"outline\">V\u00e1zlat<\/h3>\n\n\n\n<p class=\"\">Ez a cikk az Arcane AI-t vizsg\u00e1lja, egy olyan eszk\u00f6zt, amely a f\u00e9nyk\u00e9peket Arcane-st\u00edlus\u00fa m\u0171v\u00e9szett\u00e9 alak\u00edtja \u00e1t. Kit\u00e9r\u00fcnk a defin\u00edci\u00f3j\u00e1ra, el\u0151nyeire, f\u0151 funkci\u00f3ira, c\u00e9lk\u00f6z\u00f6ns\u00e9g\u00e9re, haszn\u00e1lati utas\u00edt\u00e1saira, val\u00f3s alkalmaz\u00e1saira \u00e9s ipar\u00e1gi megl\u00e1t\u00e1saira, valamint v\u00e1laszolunk a gyakran feltett k\u00e9rd\u00e9sekre.<\/p>\n\n\n\n<h3 class=\"wp-block-heading\" id=\"what-is-arcane-ai\">Mi az Arcane AI?<\/h3>\n\n\n\n<p class=\"\">Az Arcane AI egy fejlett eszk\u00f6z, amely lehet\u0151v\u00e9 teszi a felhaszn\u00e1l\u00f3k sz\u00e1m\u00e1ra, hogy fot\u00f3ikat Arcane st\u00edlus\u00fa m\u0171alkot\u00e1ss\u00e1 alak\u00edts\u00e1k \u00e1t. Kifinomult algoritmusok seg\u00edts\u00e9g\u00e9vel a hagyom\u00e1nyos portr\u00e9kat egyedi, vizu\u00e1lisan mag\u00e1val ragad\u00f3, az Arcane eszt\u00e9tik\u00e1ra eml\u00e9keztet\u0151 darabokk\u00e1 alak\u00edtja \u00e1t.<\/p>\n\n\n\n<h3 class=\"wp-block-heading\" id=\"why-use-arcane-ai\">Mi\u00e9rt \u00e9rdemes haszn\u00e1lni az Arcane AI-t?<\/h3>\n\n\n\n<p class=\"\">Az Arcane AI sz\u00e1mos nyom\u00f3s okot k\u00edn\u00e1l szolg\u00e1ltat\u00e1sainak ig\u00e9nybev\u00e9tel\u00e9re:<\/p>\n\n\n\n<ul class=\"wp-block-list\">\n<li class=\"\"><strong>100% Ingyenes<\/strong>: Nincs k\u00f6lts\u00e9g a haszn\u00e1lat\u00e9rt.<\/li>\n\n\n\n<li class=\"\"><strong>Korl\u00e1tlan konverzi\u00f3k<\/strong>: Alak\u00edtson \u00e1t annyi f\u00e9nyk\u00e9pet, amennyit csak akar.<\/li>\n\n\n\n<li class=\"\"><strong>No.1 min\u0151s\u00e9gben<\/strong>: Az Arcane-st\u00edlus\u00fa \u00e1talak\u00edt\u00e1sok piacvezet\u0151je.<\/li>\n\n\n\n<li class=\"\"><strong>Nincs sz\u00fcks\u00e9g regisztr\u00e1ci\u00f3ra<\/strong>: Azonnali hozz\u00e1f\u00e9r\u00e9s regisztr\u00e1ci\u00f3 n\u00e9lk\u00fcl.<\/li>\n<\/ul>\n\n\n\n<h3 class=\"wp-block-heading\" id=\"main-features-of-arcane-ai\">Az Arcane AI f\u0151 jellemz\u0151i<\/h3>\n\n\n\n<h4 class=\"wp-block-heading\" id=\"feature-1-high-quality-transformations\">1. funkci\u00f3: Kiv\u00e1l\u00f3 min\u0151s\u00e9g\u0171 transzform\u00e1ci\u00f3k<\/h4>\n\n\n\n<p class=\"\">Az Arcane AI kiv\u00e1l\u00f3 min\u0151s\u00e9get biztos\u00edt a portr\u00e9k Arcane st\u00edlus\u00fav\u00e1 alak\u00edt\u00e1s\u00e1ban. Az eszk\u00f6z biztos\u00edtja, hogy minden r\u00e9szletet apr\u00f3l\u00e9kosan meg\u0151rizzen \u00e9s m\u0171v\u00e9szileg feljav\u00edtson.<\/p>\n\n\n\n<h4 class=\"wp-block-heading\" id=\"feature-2-user-friendly-interface\">2. funkci\u00f3: Felhaszn\u00e1l\u00f3bar\u00e1t fel\u00fclet<\/h4>\n\n\n\n<p class=\"\">A kezel\u0151fel\u00fcletet \u00fagy tervezt\u00e9k, hogy intuit\u00edv legyen, \u00edgy b\u00e1rki sz\u00e1m\u00e1ra k\u00f6nnyen haszn\u00e1lhat\u00f3, f\u00fcggetlen\u00fcl a technikai tud\u00e1st\u00f3l.<\/p>\n\n\n\n<h3 class=\"wp-block-heading\" id=\"target-audience-and-uses\">C\u00e9lk\u00f6z\u00f6ns\u00e9g \u00e9s felhaszn\u00e1l\u00e1s<\/h3>\n\n\n\n<p class=\"\">Az Arcane AI t\u00f6k\u00e9letes:<\/p>\n\n\n\n<ul class=\"wp-block-list\">\n<li class=\"\"><strong>M\u0171v\u00e9szek<\/strong>: \u00daj st\u00edlusok \u00e9s inspir\u00e1ci\u00f3k felfedez\u00e9se.<\/li>\n\n\n\n<li class=\"\"><strong>A k\u00f6z\u00f6ss\u00e9gi m\u00e9dia szerelmesei<\/strong>: Egyedi tartalmakat keres megosztani.<\/li>\n\n\n\n<li class=\"\"><strong>Grafikusok<\/strong>: Kreat\u00edv eszk\u00f6z\u00f6kre van sz\u00fcks\u00e9g a projektekhez.<\/li>\n\n\n\n<li class=\"\"><strong>\u00c1ltal\u00e1nos felhaszn\u00e1l\u00f3k<\/strong>: \u00c9rdekli a szem\u00e9lyes fot\u00f3k \u00e1talak\u00edt\u00e1sa.<\/li>\n<\/ul>\n\n\n\n<h3 class=\"wp-block-heading\" id=\"how-to-use-arcane-ai\">Hogyan haszn\u00e1ljuk az Arcane AI-t<\/h3>\n\n\n\n<p class=\"\">K\u00f6vesse az al\u00e1bbi egyszer\u0171 l\u00e9p\u00e9seket az Arcane AI haszn\u00e1lat\u00e1hoz:<\/p>\n\n\n\n<ol class=\"wp-block-list\">\n<li class=\"\"><strong>L\u00e1togasson el a weboldalra<\/strong>: Tov\u00e1bb a <a href=\"https:\/\/aiartfree.online\/hu\/arcane-ai\/\">Arcane AI<\/a>.<\/li>\n\n\n\n<li class=\"\"><strong>Fot\u00f3 felt\u00f6lt\u00e9se<\/strong>: Kattintson a felt\u00f6lt\u00e9s gombra, \u00e9s v\u00e1lassza ki a portr\u00e9j\u00e1t.<\/li>\n\n\n\n<li class=\"\"><strong>Arcane st\u00edlus alkalmaz\u00e1sa<\/strong>: \u00c9rintse meg a mikrofon gombot az \u00e1talak\u00edt\u00e1s elind\u00edt\u00e1s\u00e1hoz.<\/li>\n\n\n\n<li class=\"\"><strong>Az alkot\u00e1s let\u00f6lt\u00e9se<\/strong>: Mentse az \u00e1talak\u00edtott k\u00e9pet a k\u00e9sz\u00fcl\u00e9k\u00e9re.<\/li>\n<\/ol>\n\n\n\n<h3 class=\"wp-block-heading\" id=\"usage-cases\">Felhaszn\u00e1l\u00e1si esetek<\/h3>\n\n\n\n<h4 class=\"wp-block-heading\" id=\"social-media-content\">K\u00f6z\u00f6ss\u00e9gi m\u00e9dia tartalom<\/h4>\n\n\n\n<p class=\"\">Fokozza k\u00f6z\u00f6ss\u00e9gi m\u00e9diajelenl\u00e9t\u00e9t egyedi, figyelemfelkelt\u0151 Arcane st\u00edlus\u00fa portr\u00e9kkal.<\/p>\n\n\n\n<h4 class=\"wp-block-heading\" id=\"artistic-projects\">M\u0171v\u00e9szeti projektek<\/h4>\n\n\n\n<p class=\"\">Az Arcane AI m\u0171alkot\u00e1sok be\u00e9p\u00edt\u00e9se m\u0171v\u00e9szeti projektjeibe, hogy egyedi jelleget k\u00f6lcs\u00f6n\u00f6zz\u00f6n.<\/p>\n\n\n\n<h4 class=\"wp-block-heading\" id=\"personal-use\">Szem\u00e9lyes haszn\u00e1lat<\/h4>\n\n\n\n<p class=\"\">Alak\u00edtson \u00e1t csal\u00e1di fot\u00f3kat vagy szem\u00e9lyes k\u00e9peket gy\u00f6ny\u00f6r\u0171 m\u0171alkot\u00e1sokk\u00e1.<\/p>\n\n\n\n<h3 class=\"wp-block-heading\" id=\"industry-insights\">Ipari betekint\u00e9s<\/h3>\n\n\n\n<h4 class=\"wp-block-heading\" id=\"advantages\">El\u0151ny\u00f6k<\/h4>\n\n\n\n<ul class=\"wp-block-list\">\n<li class=\"\"><strong>Kiv\u00e1l\u00f3 min\u0151s\u00e9g\u0171 eredm\u00e9nyek<\/strong>: Professzion\u00e1lis min\u0151s\u00e9g\u0171 kimenetet biztos\u00edt.<\/li>\n\n\n\n<li class=\"\"><strong>K\u00f6nny\u0171 el\u00e9rhet\u0151s\u00e9g<\/strong>: Let\u00f6lt\u00e9s n\u00e9lk\u00fcl online el\u00e9rhet\u0151.<\/li>\n\n\n\n<li class=\"\"><strong>Sz\u00e9les k\u00f6r\u0171 alkalmaz\u00e1s<\/strong>: Alkalmas k\u00fcl\u00f6nb\u00f6z\u0151 kreat\u00edv ter\u00fcletekhez.<\/li>\n<\/ul>\n\n\n\n<h4 class=\"wp-block-heading\" id=\"disadvantages\">H\u00e1tr\u00e1nyok<\/h4>\n\n\n\n<ul class=\"wp-block-list\">\n<li class=\"\"><strong>Korl\u00e1tozott st\u00edlus lehet\u0151s\u00e9gek<\/strong>: Jelenleg csak az Arcane st\u00edlusra \u00f6sszpontos\u00edt.<\/li>\n<\/ul>\n\n\n\n<h4 class=\"wp-block-heading\" id=\"challenges\">Kih\u00edv\u00e1sok<\/h4>\n\n\n\n<ul class=\"wp-block-list\">\n<li class=\"\"><strong>H\u00e1tt\u00e9rzaj<\/strong>: Pontos \u00e1talak\u00edt\u00e1sok biztos\u00edt\u00e1sa a k\u00fcl\u00f6nb\u00f6z\u0151 min\u0151s\u00e9g\u0171 f\u00e9nyk\u00e9pek ellen\u00e9re.<\/li>\n<\/ul>\n\n\n\n<h4 class=\"wp-block-heading\" id=\"suggestions\">Javaslatok<\/h4>\n\n\n\n<ul class=\"wp-block-list\">\n<li class=\"\"><strong>St\u00edlusok b\u0151v\u00edt\u00e9se<\/strong>: T\u00f6bb m\u0171v\u00e9szi st\u00edlus bevezet\u00e9se a sz\u00e9lesebb k\u00f6r\u0171 vonzer\u0151 \u00e9rdek\u00e9ben.<\/li>\n\n\n\n<li class=\"\"><strong>Tov\u00e1bbfejlesztett eszk\u00f6z\u00f6k<\/strong>: Tov\u00e1bbi funkci\u00f3k fejleszt\u00e9se a testreszabhat\u00f3s\u00e1g \u00e9rdek\u00e9ben.<\/li>\n<\/ul>\n\n\n\n<h3 class=\"wp-block-heading\" id=\"10-related-information-and-tools\">10 Kapcsol\u00f3d\u00f3 inform\u00e1ci\u00f3k \u00e9s eszk\u00f6z\u00f6k<\/h3>\n\n\n\n<figure class=\"wp-block-table\"><table class=\"has-fixed-layout\"><thead><tr><th>Honlap<\/th><th>Jellemz\u0151k<\/th><th>El\u0151ny\u00f6k<\/th><th>H\u00e1tr\u00e1nyok<\/th><th>Javaslatok<\/th><\/tr><\/thead><tbody><tr><td><a href=\"https:\/\/aiartfree.online\/hu\/arcane-ai\/\" data-type=\"link\" data-id=\"https:\/\/aiartfree.online\/auto-draft\/\">Arcane AI<\/a><\/td><td>Arcane-st\u00edlus\u00fa \u00e1talak\u00edt\u00e1sok<\/td><td>Kiv\u00e1l\u00f3 min\u0151s\u00e9g, felhaszn\u00e1l\u00f3bar\u00e1t<\/td><td>Egy st\u00edlusra korl\u00e1tozva<\/td><td>St\u00edlusok b\u0151v\u00edt\u00e9se<\/td><\/tr><tr><td>DeepArt.io<\/td><td>K\u00fcl\u00f6nb\u00f6z\u0151 m\u0171v\u00e9szeti st\u00edlusok<\/td><td>T\u00f6bbf\u00e9le st\u00edlus, k\u00f6nnyen haszn\u00e1lhat\u00f3<\/td><td>Fizet\u0151s funkci\u00f3k<\/td><td>Tov\u00e1bbi ingyenes lehet\u0151s\u00e9gek<\/td><\/tr><tr><td>Prisma<\/td><td>F\u00e9nyk\u00e9pek fest\u00e9ss\u00e9 alak\u00edt\u00e1sa<\/td><td>Sok sz\u0171r\u0151, k\u00f6z\u00f6ss\u00e9gi megoszt\u00e1s<\/td><td>Alkalmaz\u00e1s telep\u00edt\u00e9se sz\u00fcks\u00e9ges<\/td><td>Web-alap\u00fa verzi\u00f3<\/td><\/tr><tr><td>BeFunky<\/td><td>Fot\u00f3szerkeszt\u0151 eszk\u00f6z\u00f6k<\/td><td>Sokoldal\u00fa eszk\u00f6z\u00f6k, k\u00f6nnyen haszn\u00e1lhat\u00f3<\/td><td>N\u00e9h\u00e1ny funkci\u00f3 fizet\u0151s<\/td><td>Tov\u00e1bbi ingyenes eszk\u00f6z\u00f6k<\/td><\/tr><tr><td>GoArt<\/td><td>AI fot\u00f3m\u0171v\u00e9szeti gener\u00e1tor<\/td><td>K\u00fcl\u00f6nb\u00f6z\u0151 st\u00edlusok, egyszer\u0171 felhaszn\u00e1l\u00f3i fel\u00fclet<\/td><td>Korl\u00e1tozott ingyenes verzi\u00f3<\/td><td>A szabad hat\u00e1r\u00e9rt\u00e9kek n\u00f6vel\u00e9se<\/td><\/tr><tr><td>Lunapic<\/td><td>Online k\u00e9pszerkeszt\u00e9s<\/td><td>Sz\u00e1mos szerkeszt\u00e9si lehet\u0151s\u00e9g<\/td><td>Elavult interf\u00e9sz<\/td><td>UI moderniz\u00e1l\u00e1sa<\/td><\/tr><tr><td>Fotor<\/td><td>Grafikai tervez\u00e9s \u00e9s szerkeszt\u00e9s<\/td><td>\u00c1tfog\u00f3 eszk\u00f6zk\u00e9szlet<\/td><td>Hirdet\u00e9sek az ingyenes verzi\u00f3ban<\/td><td>Rekl\u00e1mmentes \u00e9lm\u00e9ny<\/td><\/tr><tr><td>Pikazo<\/td><td>AI-alap\u00fa fot\u00f3m\u0171v\u00e9szet<\/td><td>Egyedi st\u00edlusok, k\u00f6nnyen haszn\u00e1lhat\u00f3<\/td><td>Regisztr\u00e1ci\u00f3 sz\u00fcks\u00e9ges<\/td><td>Nincs regisztr\u00e1ci\u00f3s lehet\u0151s\u00e9g<\/td><\/tr><tr><td>AI fest\u0151<\/td><td>AI-vez\u00e9relt m\u0171v\u00e9szeti alkot\u00e1s<\/td><td>Kiv\u00e1l\u00f3 min\u0151s\u00e9g\u0171 eredm\u00e9nyek, egyszer\u0171<\/td><td>N\u00e9h\u00e1ny st\u00edlus<\/td><td>Tov\u00e1bbi st\u00edluslehet\u0151s\u00e9gek<\/td><\/tr><tr><td>Artisto<\/td><td>Vide\u00f3 m\u0171v\u00e9szett\u00e9 alak\u00edt\u00e1sa<\/td><td>Vide\u00f3szerkeszt\u00e9s, k\u00fcl\u00f6nb\u00f6z\u0151 st\u00edlusok<\/td><td>Vide\u00f3kra korl\u00e1toz\u00f3dik<\/td><td>F\u00e9nyk\u00e9p opci\u00f3k hozz\u00e1ad\u00e1sa<\/td><\/tr><\/tbody><\/table><\/figure>\n\n\n\n<h3 class=\"wp-block-heading\" id=\"faq\">GYIK<\/h3>\n\n\n\n<h4 class=\"wp-block-heading\" id=\"1-how-do-i-enhance-a-photo\">1. Hogyan jav\u00edthatok fel egy f\u00e9nyk\u00e9pet?<\/h4>\n\n\n\n<p class=\"\">Haszn\u00e1ljon AI-alap\u00fa eszk\u00f6z\u00f6ket, p\u00e9ld\u00e1ul az Arcane AI-t az egyszer\u0171 fejleszt\u00e9sekhez.<\/p>\n\n\n\n<h4 class=\"wp-block-heading\" id=\"2-can-i-use-arcane-ai-for-free\">2. Haszn\u00e1lhatom az Arcane AI-t ingyen?<\/h4>\n\n\n\n<p class=\"\">Igen, az Arcane AI 100% ingyenes.<\/p>\n\n\n\n<h4 class=\"wp-block-heading\" id=\"3-do-i-need-to-sign-up-to-use-arcane-ai\">3. Regisztr\u00e1lnom kell az Arcane AI haszn\u00e1lat\u00e1hoz?<\/h4>\n\n\n\n<p class=\"\">Nem, a regisztr\u00e1ci\u00f3 nem sz\u00fcks\u00e9ges.<\/p>\n\n\n\n<h4 class=\"wp-block-heading\" id=\"4-what-kind-of-photos-work-best-with-arcane-ai\">4. Milyen f\u00e9nyk\u00e9pek m\u0171k\u00f6dnek a legjobban az Arcane AI-val?<\/h4>\n\n\n\n<p class=\"\">A legjobb eredm\u00e9nyt a j\u00f3 min\u0151s\u00e9g\u0171, j\u00f3l megvil\u00e1g\u00edtott portr\u00e9k adj\u00e1k.<\/p>\n\n\n\n<h4 class=\"wp-block-heading\" id=\"5-is-there-a-limit-to-how-many-photos-i-can-convert\">5. Van korl\u00e1tja annak, hogy h\u00e1ny f\u00e9nyk\u00e9pet konvert\u00e1lhatok?<\/h4>\n\n\n\n<p class=\"\">Nem, korl\u00e1tlan sz\u00e1m\u00fa f\u00e9nyk\u00e9pet konvert\u00e1lhat.<\/p>\n\n\n\n<h4 class=\"wp-block-heading\" id=\"6-can-i-use-arcane-ai-on-my-phone\">6. Haszn\u00e1lhatom az Arcane AI-t a telefonomon?<\/h4>\n\n\n\n<p class=\"\">Igen, az eszk\u00f6z mobil \u00e9s asztali eszk\u00f6z\u00f6k\u00f6n egyar\u00e1nt el\u00e9rhet\u0151.<\/p>\n\n\n\n<h4 class=\"wp-block-heading\" id=\"7-what-file-formats-are-supported-by-arcane-ai\">7. Milyen f\u00e1jlform\u00e1tumokat t\u00e1mogat az Arcane AI?<\/h4>\n\n\n\n<p class=\"\">T\u00e1mogatottak az olyan gyakori form\u00e1tumok, mint a JPG, PNG.<\/p>\n\n\n\n<h4 class=\"wp-block-heading\" id=\"8-how-long-does-the-conversion-process-take\">8. Mennyi ideig tart az \u00e1talak\u00edt\u00e1si folyamat?<\/h4>\n\n\n\n<p class=\"\">Ez \u00e1ltal\u00e1ban n\u00e9h\u00e1ny m\u00e1sodperct\u0151l egy percig tart, a f\u00e9nyk\u00e9p m\u00e9ret\u00e9t\u0151l f\u00fcgg\u0151en.<\/p>\n\n\n\n<h4 class=\"wp-block-heading\" id=\"9-can-i-edit-the-arcane-style-photo-after-conversion\">9. Szerkeszthetem az Arcane-st\u00edlus\u00fa fot\u00f3t a konvert\u00e1l\u00e1s ut\u00e1n?<\/h4>\n\n\n\n<p class=\"\">Igen, a f\u00e9nyk\u00e9pet tov\u00e1bb szerkesztheti m\u00e1s eszk\u00f6z\u00f6kkel.<\/p>\n\n\n\n<h4 class=\"wp-block-heading\" id=\"10-are-there-other-styles-available-besides-arcane\">10. Vannak m\u00e1s st\u00edlusok is az Arcane mellett?<\/h4>\n\n\n\n<p class=\"\">Jelenleg az Arcane AI az Arcane st\u00edlusra \u00f6sszpontos\u00edt, de a j\u00f6v\u0151ben t\u00f6bb st\u00edlus is megjelenhet.<\/p>\n\n\n\n<h3 class=\"wp-block-heading\" id=\"summary\">\u00d6sszefoglal\u00f3<\/h3>\n\n\n\n<p class=\"\">Az Arcane AI egy hat\u00e9kony, felhaszn\u00e1l\u00f3bar\u00e1t eszk\u00f6z portr\u00e9k leny\u0171g\u00f6z\u0151 Arcane st\u00edlus\u00fa m\u0171alkot\u00e1sokk\u00e1 alak\u00edt\u00e1s\u00e1hoz. Ingyenes \u00e9s korl\u00e1tlan haszn\u00e1lata mindenki sz\u00e1m\u00e1ra el\u00e9rhet\u0151v\u00e9 teszi. Kezdje el haszn\u00e1lni az Arcane AI-t m\u00e9g ma, hogy egyedi, figyelemfelkelt\u0151 k\u00e9peket hozzon l\u00e9tre k\u00f6nnyed\u00e9n.<\/p>\n\n\n\n<p class=\"\">Pr\u00f3b\u00e1lja ki az Arcane AI-t most, \u00e9s alak\u00edtsa \u00e1t a f\u00e9nyk\u00e9peit csod\u00e1latos Arcane st\u00edlus\u00fa m\u0171alkot\u00e1sokk\u00e1 az al\u00e1bbi weboldalon <a href=\"https:\/\/aiartfree.online\/hu\/arcane-ai\/\">Arcane AI<\/a>.<\/p>\n\n\n\n<p class=\"\">Ha tov\u00e1bbi k\u00e9rd\u00e9se van, akkor k\u00e9rdezze meg a k\u00f6vetkez\u0151t <a href=\"https:\/\/chatgpt4o.space\/\" data-type=\"link\" data-id=\"https:\/\/chatgpt4o.space\/\" target=\"_blank\" rel=\"noreferrer noopener\">ingyenes online chat GPT 4o<\/a>.<\/p>","protected":false},"excerpt":{"rendered":"<p>Before vs After How to use the Arcane AI * Feel free to try our examples below if you don&#8217;t have any thoughts in your mind *&nbsp;Depending on your internet speed, loading the model may take up to 10 seconds \u2193 Arcane AI: Transform Your Portraits into Stunning Arcane Art Outline This article explores Arcane &#8230; <a title=\"Arcane AI\" class=\"read-more\" href=\"https:\/\/aiartfree.online\/hu\/arcane-ai\/\" aria-label=\"Read more about Arcane AI\">Olvass tov\u00e1bb<\/a><\/p>","protected":false},"author":1,"featured_media":3434,"parent":0,"menu_order":0,"comment_status":"open","ping_status":"closed","template":"","meta":{"nf_dc_page":"","footnotes":""},"class_list":["post-3430","page","type-page","status-publish","has-post-thumbnail"],"jetpack_sharing_enabled":true,"_links":{"self":[{"href":"https:\/\/aiartfree.online\/hu\/wp-json\/wp\/v2\/pages\/3430","targetHints":{"allow":["GET"]}}],"collection":[{"href":"https:\/\/aiartfree.online\/hu\/wp-json\/wp\/v2\/pages"}],"about":[{"href":"https:\/\/aiartfree.online\/hu\/wp-json\/wp\/v2\/types\/page"}],"author":[{"embeddable":true,"href":"https:\/\/aiartfree.online\/hu\/wp-json\/wp\/v2\/users\/1"}],"replies":[{"embeddable":true,"href":"https:\/\/aiartfree.online\/hu\/wp-json\/wp\/v2\/comments?post=3430"}],"version-history":[{"count":0,"href":"https:\/\/aiartfree.online\/hu\/wp-json\/wp\/v2\/pages\/3430\/revisions"}],"wp:featuredmedia":[{"embeddable":true,"href":"https:\/\/aiartfree.online\/hu\/wp-json\/wp\/v2\/media\/3434"}],"wp:attachment":[{"href":"https:\/\/aiartfree.online\/hu\/wp-json\/wp\/v2\/media?parent=3430"}],"curies":[{"name":"wp","href":"https:\/\/api.w.org\/{rel}","templated":true}]}}