{"id":3416,"date":"2024-08-01T09:41:23","date_gmt":"2024-08-01T09:41:23","guid":{"rendered":"https:\/\/aiartfree.online\/?page_id=3416"},"modified":"2024-08-02T11:15:00","modified_gmt":"2024-08-02T11:15:00","slug":"html-code-generator","status":"publish","type":"page","link":"https:\/\/aiartfree.online\/hu\/html-kod-generator\/","title":{"rendered":"HTML k\u00f3d gener\u00e1tor"},"content":{"rendered":"<h2 class=\"wp-block-heading has-text-align-center\">El\u0151tte vs. Ut\u00e1na<\/h2>\n\n\n\n<figure class=\"gb-block-image gb-block-image-1822da1f\"><img data-recalc-dims=\"1\" decoding=\"async\" loading=\"lazy\" width=\"1200\" height=\"707\" class=\"gb-image gb-image-1822da1f\" src=\"https:\/\/i0.wp.com\/aiartfree.online\/wp-content\/uploads\/2024\/08\/WX20240801-145150%402x-jpg.webp?resize=1200%2C707&#038;ssl=1\" alt=\"HTML k\u00f3dgener\u00e1tor - Ingyenes online k\u00e9perny\u0151k\u00e9pek HTML k\u00f3dokk\u00e1 alak\u00edt\u00e1sa\" title=\"WX20240801-145150@2x\" srcset=\"https:\/\/i0.wp.com\/aiartfree.online\/wp-content\/uploads\/2024\/08\/WX20240801-145150%402x-jpg.webp?w=1904&amp;ssl=1 1904w, https:\/\/i0.wp.com\/aiartfree.online\/wp-content\/uploads\/2024\/08\/WX20240801-145150%402x-jpg.webp?resize=300%2C177&amp;ssl=1 300w, https:\/\/i0.wp.com\/aiartfree.online\/wp-content\/uploads\/2024\/08\/WX20240801-145150%402x-jpg.webp?resize=1024%2C603&amp;ssl=1 1024w, https:\/\/i0.wp.com\/aiartfree.online\/wp-content\/uploads\/2024\/08\/WX20240801-145150%402x-jpg.webp?resize=768%2C453&amp;ssl=1 768w, https:\/\/i0.wp.com\/aiartfree.online\/wp-content\/uploads\/2024\/08\/WX20240801-145150%402x-jpg.webp?resize=1536%2C905&amp;ssl=1 1536w, https:\/\/i0.wp.com\/aiartfree.online\/wp-content\/uploads\/2024\/08\/WX20240801-145150%402x-jpg.webp?resize=18%2C12&amp;ssl=1 18w, https:\/\/i0.wp.com\/aiartfree.online\/wp-content\/uploads\/2024\/08\/WX20240801-145150%402x-jpg.webp?resize=600%2C354&amp;ssl=1 600w\" sizes=\"auto, (max-width: 1200px) 100vw, 1200px\" \/><\/figure>\n\n\n\n<h2 class=\"wp-block-heading\">A HTML k\u00f3dgener\u00e1tor haszn\u00e1lata<\/h2>\n\n\n\n<ol class=\"wp-block-list\">\n<li class=\"\">T\u00f6ltse fel kedvenc webhely\u00e9nek k\u00e9perny\u0151k\u00e9p\u00e9t<\/li>\n\n\n\n<li class=\"\">Kattintson a \"Bek\u00fcld\u00e9s\" gombra<\/li>\n\n\n\n<li class=\"\">V\u00e1rj, ez az!<\/li>\n<\/ol>\n\n\n\n<p class=\"\">* Nyugodtan pr\u00f3b\u00e1lja ki az al\u00e1bbi p\u00e9ld\u00e1kat, ha nincs semmilyen gondolat a fej\u00e9ben<\/p>\n\n\n\n<p class=\"\"><em>* Az internet sebess\u00e9g\u00e9t\u0151l f\u00fcgg\u0151en a modell bet\u00f6lt\u00e9se a k\u00f6vetkez\u0151 ideig tarthat <\/em>legfeljebb 10 m\u00e1sodpercig \u2193<\/p>\n\n\n\n<div class=\"iframe-wrapper\" style=\"position: relative; width: 100%; height: 1800px;\">\n  <div class=\"loading\" style=\"position: absolute; top: 50px; left: 50%; transform: translate(-50%, -50%); width: 40px; height: 40px; border: 3px solid #f0f0f0; border-top: 3px solid #db7093; border-radius: 50%; animation: spin 1s linear infinite;\"><\/div>\n  <iframe loading=\"lazy\" src=\"https:\/\/huggingfacem4-screenshot2html.hf.space\" frameborder=\"0\" width=\"100%\" height=\"100%\" style=\"position: absolute; top: 0; left: 0; opacity: 0; transition: opacity 0.3s;\" onload=\"this.style.opacity=1;this.previousElementSibling.style.display='none';\"><\/iframe>\n<\/div>\n\n<style>\n@keyframes spin {\n  0% { transform: translate(-50%, -50%) rotate(0deg); }\n  100% { transform: translate(-50%, -50%) rotate(360deg); }\n}\n<\/style>\n\n\n\n<div style=\"height:80px\" aria-hidden=\"true\" class=\"wp-block-spacer\"><\/div>\n\n\n\n<h2 class=\"wp-block-heading\">Hat\u00e9kony \u00e9s felhaszn\u00e1l\u00f3bar\u00e1t HTML k\u00f3dgener\u00e1torok: A webfejleszt\u00e9s v\u00e9gs\u0151 eszk\u00f6ze<\/h2>\n\n\n\n<h3 class=\"wp-block-heading\">Mi az a HTML k\u00f3dgener\u00e1tor?<\/h3>\n\n\n\n<p class=\"\">A HTML k\u00f3dgener\u00e1tor egy olyan eszk\u00f6z, amely a HTML k\u00f3d l\u00e9trehoz\u00e1s\u00e1nak egyszer\u0171s\u00edt\u00e9s\u00e9re szolg\u00e1l. Lehet\u0151v\u00e9 teszi a felhaszn\u00e1l\u00f3k sz\u00e1m\u00e1ra a HTML-k\u00f3d gyors \u00e9s hat\u00e9kony gener\u00e1l\u00e1s\u00e1t an\u00e9lk\u00fcl, hogy a k\u00f3dot k\u00e9zzel kellene meg\u00edrni. Ezek az eszk\u00f6z\u00f6k k\u00fcl\u00f6n\u00f6sen hasznosak azok sz\u00e1m\u00e1ra, akiknek nincs kiterjedt k\u00f3dol\u00e1si tapasztalatuk, de k\u00fcl\u00f6nb\u00f6z\u0151 c\u00e9lokra, p\u00e9ld\u00e1ul webfejleszt\u00e9shez, e-mail sablonokhoz vagy m\u00e9dia be\u00e1gyaz\u00e1s\u00e1hoz HTML-k\u00f3dot kell l\u00e9trehozniuk.<\/p>\n\n\n\n<h3 class=\"wp-block-heading\">Mi\u00e9rt \u00e9rdemes HTML k\u00f3dgener\u00e1tort haszn\u00e1lni?<\/h3>\n\n\n\n<h4 class=\"wp-block-heading\">F\u0151bb el\u0151ny\u00f6k<\/h4>\n\n\n\n<ul class=\"wp-block-list\">\n<li class=\"\"><strong>Hat\u00e9konys\u00e1g<\/strong>: Jelent\u0151sen felgyors\u00edtja a k\u00f3dol\u00e1si folyamatot.<\/li>\n\n\n\n<li class=\"\"><strong>Felhaszn\u00e1l\u00f3bar\u00e1t<\/strong>: Nem ig\u00e9nyel el\u0151zetes k\u00f3dol\u00e1si ismereteket.<\/li>\n\n\n\n<li class=\"\"><strong>Hibacs\u00f6kkent\u00e9s<\/strong>: Minimaliz\u00e1lja a k\u00f3dol\u00e1si hib\u00e1kat \u00e9s tiszt\u00e1bb k\u00f3dot biztos\u00edt.<\/li>\n\n\n\n<li class=\"\"><strong>Sokoldal\u00fas\u00e1g<\/strong>: K\u00fcl\u00f6nb\u00f6z\u0151 HTML-elemeket tud gener\u00e1lni.<\/li>\n\n\n\n<li class=\"\"><strong>Testreszab\u00e1s<\/strong>: Lehet\u0151v\u00e9 teszi a felhaszn\u00e1l\u00f3k sz\u00e1m\u00e1ra, hogy sz\u00fcks\u00e9g szerint testre szabj\u00e1k a gener\u00e1lt k\u00f3dot.<\/li>\n<\/ul>\n\n\n\n<h4 class=\"wp-block-heading\">Gyakran keresett felhaszn\u00e1l\u00f3i k\u00e9rd\u00e9sek<\/h4>\n\n\n\n<ol class=\"wp-block-list\">\n<li class=\"\"><strong>Hogyan lehet HTML k\u00f3dot gener\u00e1lni k\u00e9perny\u0151k\u00e9pekb\u0151l?<\/strong>\n<ul class=\"wp-block-list\">\n<li class=\"\">Az \u00e1ltalunk aj\u00e1nlott eszk\u00f6zzel: <a href=\"https:\/\/aiartfree.online\/hu\/html-kod-generator\/\">HTML k\u00f3d gener\u00e1tor<\/a><\/li>\n<\/ul>\n<\/li>\n\n\n\n<li class=\"\"><strong>Az Adobe XD k\u00e9pes HTML k\u00f3dot gener\u00e1lni?<\/strong>\n<ul class=\"wp-block-list\">\n<li class=\"\">Az Adobe XD els\u0151sorban tervez\u0151eszk\u00f6z, \u00e9s nem gener\u00e1l k\u00f6zvetlen\u00fcl HTML-k\u00f3dot.<\/li>\n<\/ul>\n<\/li>\n\n\n\n<li class=\"\"><strong>Hogyan lehet automatikusan HTML k\u00f3dot gener\u00e1lni a VSCode-ban?<\/strong>\n<ul class=\"wp-block-list\">\n<li class=\"\">Haszn\u00e1ljon olyan b\u0151v\u00edtm\u00e9nyeket, mint az Emmet, a HTML k\u00f3d automatikus gener\u00e1l\u00e1s\u00e1hoz a VSCode-ban.<\/li>\n<\/ul>\n<\/li>\n<\/ol>\n\n\n\n<h3 class=\"wp-block-heading\">A HTML k\u00f3dgener\u00e1torok f\u0151 jellemz\u0151i<\/h3>\n\n\n\n<h4 class=\"wp-block-heading\">HTML sz\u00f6veggener\u00e1tor<\/h4>\n\n\n\n<p class=\"\">Lehet\u0151v\u00e9 teszi a felhaszn\u00e1l\u00f3k sz\u00e1m\u00e1ra a sz\u00f6veg bevitel\u00e9t \u00e9s a megfelel\u0151 HTML-k\u00f3d fogad\u00e1s\u00e1t.<\/p>\n\n\n\n<h4 class=\"wp-block-heading\">T\u00e1bl\u00e1zat HTML Creator<\/h4>\n\n\n\n<p class=\"\">HTML k\u00f3dot gener\u00e1l a t\u00e1bl\u00e1zatokhoz, megk\u00f6nny\u00edtve az \u00f6sszetett t\u00e1blaszerkezetek l\u00e9trehoz\u00e1s\u00e1t.<\/p>\n\n\n\n<h4 class=\"wp-block-heading\">AI HTML gener\u00e1tor<\/h4>\n\n\n\n<p class=\"\">Mesters\u00e9ges intelligenci\u00e1t haszn\u00e1l a HTML-k\u00f3d gener\u00e1l\u00e1s\u00e1hoz, \u00edgy a folyamat gyorsabb\u00e1 \u00e9s intuit\u00edvabb\u00e1 v\u00e1lik.<\/p>\n\n\n\n<h4 class=\"wp-block-heading\">HTML t\u00e1bl\u00e1zat k\u00e9sz\u00edt\u0151<\/h4>\n\n\n\n<p class=\"\">Egyszer\u0171en haszn\u00e1lhat\u00f3 fel\u00fclet biztos\u00edt\u00e1s\u00e1val leegyszer\u0171s\u00edti a HTML t\u00e1bl\u00e1zatok l\u00e9trehoz\u00e1s\u00e1t.<\/p>\n\n\n\n<h4 class=\"wp-block-heading\">HTML k\u00f3d gener\u00e1l\u00e1sa sz\u00f6vegb\u0151l<\/h4>\n\n\n\n<p class=\"\">\u00c1talak\u00edtja a sima sz\u00f6veget form\u00e1zott HTML-k\u00f3dd\u00e1.<\/p>\n\n\n\n<h4 class=\"wp-block-heading\">HTML k\u00f3d gener\u00e1l\u00e1sa k\u00e9pb\u0151l<\/h4>\n\n\n\n<p class=\"\">A k\u00e9peket HTML-k\u00f3dd\u00e1 alak\u00edtja, ami hasznos a m\u00e9dia weboldalakba val\u00f3 be\u00e1gyaz\u00e1s\u00e1hoz.<\/p>\n\n\n\n<h4 class=\"wp-block-heading\">Nincs sz\u00fcks\u00e9g regisztr\u00e1ci\u00f3ra<\/h4>\n\n\n\n<p class=\"\">A felhaszn\u00e1l\u00f3k HTML k\u00f3dot gener\u00e1lhatnak an\u00e9lk\u00fcl, hogy fi\u00f3kot kellene l\u00e9trehozniuk.<\/p>\n\n\n\n<h4 class=\"wp-block-heading\">100% Ingyenes \u00e9s korl\u00e1tlan felhaszn\u00e1l\u00e1s<\/h4>\n\n\n\n<p class=\"\">Az eszk\u00f6z haszn\u00e1lata teljesen ingyenes, \u00e9s a gener\u00e1lhat\u00f3 k\u00f3dok sz\u00e1ma nem korl\u00e1tozott.<\/p>\n\n\n\n<h3 class=\"wp-block-heading\">C\u00e9lk\u00f6z\u00f6ns\u00e9g \u00e9s felhaszn\u00e1l\u00e1s<\/h3>\n\n\n\n<h4 class=\"wp-block-heading\">Alkalmas:<\/h4>\n\n\n\n<ul class=\"wp-block-list\">\n<li class=\"\"><strong>Webfejleszt\u0151k<\/strong>: Weboldalak gyors l\u00e9trehoz\u00e1s\u00e1ra \u00e9s protot\u00edpusok k\u00e9sz\u00edt\u00e9s\u00e9re.<\/li>\n\n\n\n<li class=\"\"><strong>Tervez\u0151k<\/strong>: Tervez\u00e9si elemek HTML-be \u00e1gyaz\u00e1s\u00e1hoz.<\/li>\n\n\n\n<li class=\"\"><strong>Tartalomk\u00e9sz\u00edt\u0151k<\/strong>: Blogok, e-mailek \u00e9s weboldalak tartalm\u00e1nak form\u00e1z\u00e1s\u00e1ra.<\/li>\n\n\n\n<li class=\"\"><strong>Di\u00e1kok \u00e9s oktat\u00f3k<\/strong>: HTML tanul\u00e1s\u00e1ra \u00e9s tan\u00edt\u00e1s\u00e1ra.<\/li>\n<\/ul>\n\n\n\n<h4 class=\"wp-block-heading\">Ipari alkalmaz\u00e1sok:<\/h4>\n\n\n\n<ul class=\"wp-block-list\">\n<li class=\"\"><strong>E-kereskedelem<\/strong>: Term\u00e9klist\u00e1k \u00e9s le\u00edr\u00e1sok k\u00e9sz\u00edt\u00e9se.<\/li>\n\n\n\n<li class=\"\"><strong>Digit\u00e1lis marketing<\/strong>: E-mail sablonok \u00e9s c\u00e9loldalak tervez\u00e9se.<\/li>\n\n\n\n<li class=\"\"><strong>Oktat\u00e1s<\/strong>: HTML \u00e9s webfejleszt\u00e9s oktat\u00e1sa.<\/li>\n\n\n\n<li class=\"\"><strong>M\u00e9dia \u00e9s sz\u00f3rakoz\u00e1s<\/strong>: Multim\u00e9di\u00e1s tartalmak be\u00e1gyaz\u00e1sa weboldalakon.<\/li>\n<\/ul>\n\n\n\n<h3 class=\"wp-block-heading\">Hogyan haszn\u00e1ljunk HTML k\u00f3dgener\u00e1tort<\/h3>\n\n\n\n<ol class=\"wp-block-list\">\n<li class=\"\"><strong>Hozz\u00e1f\u00e9r\u00e9s az eszk\u00f6zh\u00f6z<\/strong>\n<ul class=\"wp-block-list\">\n<li class=\"\">L\u00e1togasson el a  oldalra. <a href=\"https:\/\/aiartfree.online\/hu\/html-kod-generator\/\">HTML k\u00f3d gener\u00e1tor<\/a>.<\/li>\n<\/ul>\n<\/li>\n\n\n\n<li class=\"\"><strong>V\u00e1lassza ki a k\u00f3d t\u00edpus\u00e1t<\/strong>\n<ul class=\"wp-block-list\">\n<li class=\"\">V\u00e1lasszon az olyan lehet\u0151s\u00e9gek k\u00f6z\u00fcl, mint a sz\u00f6veg, t\u00e1bl\u00e1zat vagy k\u00e9p-k\u00f3d.<\/li>\n<\/ul>\n<\/li>\n\n\n\n<li class=\"\"><strong>Adja meg a tartalmat<\/strong>\n<ul class=\"wp-block-list\">\n<li class=\"\">\u00cdrja be a sz\u00f6veget, vagy t\u00f6ltse fel a konvert\u00e1lni k\u00edv\u00e1nt k\u00e9pet.<\/li>\n<\/ul>\n<\/li>\n\n\n\n<li class=\"\"><strong>Gener\u00e1lja a k\u00f3dot<\/strong>\n<ul class=\"wp-block-list\">\n<li class=\"\">Kattintson a gener\u00e1l\u00e1s gombra a HTML-k\u00f3d megk\u00fcld\u00e9s\u00e9hez.<\/li>\n<\/ul>\n<\/li>\n\n\n\n<li class=\"\"><strong>M\u00e1sol\u00e1s \u00e9s haszn\u00e1lat<\/strong>\n<ul class=\"wp-block-list\">\n<li class=\"\">M\u00e1solja ki a gener\u00e1lt k\u00f3dot, \u00e9s illessze be a projektj\u00e9be.<\/li>\n<\/ul>\n<\/li>\n<\/ol>\n\n\n\n<h3 class=\"wp-block-heading\">A HTML k\u00f3dgener\u00e1torok felhaszn\u00e1l\u00e1si esetei<\/h3>\n\n\n\n<h4 class=\"wp-block-heading\">Webfejleszt\u00e9s<\/h4>\n\n\n\n<p class=\"\">Struktur\u00e1lt weboldalak l\u00e9trehoz\u00e1sa minim\u00e1lis er\u0151fesz\u00edt\u00e9ssel.<\/p>\n\n\n\n<h4 class=\"wp-block-heading\">Email marketing<\/h4>\n\n\n\n<p class=\"\">Reag\u00e1l\u00f3 e-mail sablonok tervez\u00e9se.<\/p>\n\n\n\n<h4 class=\"wp-block-heading\">Blogol\u00e1s<\/h4>\n\n\n\n<p class=\"\">Blogbejegyz\u00e9sek form\u00e1z\u00e1sa HTML seg\u00edts\u00e9g\u00e9vel a jobb megjelen\u00edt\u00e9s \u00e9rdek\u00e9ben.<\/p>\n\n\n\n<h4 class=\"wp-block-heading\">Online oktat\u00e1s<\/h4>\n\n\n\n<p class=\"\">Seg\u00edt a di\u00e1koknak gyakorolni \u00e9s meg\u00e9rteni a HTML-k\u00f3dol\u00e1st.<\/p>\n\n\n\n<h4 class=\"wp-block-heading\">Digit\u00e1lis rekl\u00e1m<\/h4>\n\n\n\n<p class=\"\">Hirdet\u00e9si bannerek \u00e9s c\u00e9loldalak l\u00e9trehoz\u00e1sa.<\/p>\n\n\n\n<h3 class=\"wp-block-heading\">Inform\u00e1ci\u00f3k 10 kapcsol\u00f3d\u00f3 weboldalr\u00f3l<\/h3>\n\n\n\n<figure class=\"wp-block-table\"><table class=\"has-fixed-layout\"><thead><tr><th>Honlap<\/th><th>Jellemz\u0151k<\/th><th>El\u0151ny\u00f6k<\/th><th>Kih\u00edv\u00e1sok<\/th><th>URL<\/th><\/tr><\/thead><tbody><tr><td><strong><a href=\"https:\/\/aiartfree.online\/hu\/html-kod-generator\/\" data-type=\"link\" data-id=\"https:\/\/aiartfree.online\/html-code-generator\">HTML k\u00f3d gener\u00e1tor a k\u00e9perny\u0151k\u00e9pekb\u0151l<\/a><\/strong><\/td><td>HTML k\u00f3d p\u00e9ld\u00e1k, oktat\u00f3anyagok<\/td><td>\u00c1tfog\u00f3, ingyenes<\/td><td>Alapvet\u0151 jellemz\u0151k<\/td><td><a href=\"https:\/\/aiartfree.online\/hu\/html-kod-generator\/\">https:\/\/aiartfree.online\/html-code-generator<\/a><\/td><\/tr><tr><td>K\u00f3d Beautify<\/td><td>HTML Viewer, Minifier<\/td><td>K\u00f6nnyen haszn\u00e1lhat\u00f3, gyors<\/td><td>Jelen l\u00e9v\u0151 hirdet\u00e9sek<\/td><td>codebeautify.org<\/td><\/tr><tr><td>HTML Online<\/td><td>HTML-szerkeszt\u0151, tiszt\u00edt\u00f3<\/td><td>Felhaszn\u00e1l\u00f3bar\u00e1t, ingyenes<\/td><td>Korl\u00e1tozott testreszabhat\u00f3s\u00e1g<\/td><td>html-cleaner.com<\/td><\/tr><tr><td>HTML k\u00f3d gener\u00e1tor<\/td><td>Sz\u00f6vegb\u0151l HTML, t\u00e1bl\u00e1zat gener\u00e1tor<\/td><td>Hat\u00e9kony, nincs regisztr\u00e1ci\u00f3<\/td><td>Alapvet\u0151 tervez\u00e9s<\/td><td>html-code-generator.com<\/td><\/tr><tr><td>Pinegrow<\/td><td>Vizu\u00e1lis HTML-szerkeszt\u0151<\/td><td>Szakmai jellemz\u0151k<\/td><td>Dr\u00e1ga<\/td><td>pinegrow.com<\/td><\/tr><tr><td>HTML5 szerkeszt\u0151<\/td><td>Online HTML-szerkeszt\u0151<\/td><td>Ingyenes, nincs regisztr\u00e1ci\u00f3<\/td><td>Jelen l\u00e9v\u0151 hirdet\u00e9sek<\/td><td>html5-editor.net<\/td><\/tr><tr><td>Quackit<\/td><td>HTML k\u00f3d oktat\u00f3anyagok, p\u00e9ld\u00e1k<\/td><td>Oktat\u00e1si, Ingyenes<\/td><td>Alapvet\u0151 jellemz\u0151k<\/td><td>quackit.com<\/td><\/tr><tr><td>FreeFormatter<\/td><td>HTML form\u00e1z\u00f3, sz\u00e9p\u00edt\u0151<\/td><td>Gyors, ingyenes<\/td><td>Jelen l\u00e9v\u0151 hirdet\u00e9sek<\/td><td>freeformatter.com<\/td><\/tr><tr><td>JSFiddle<\/td><td>Online szerkeszt\u0151, HTML, CSS, JS<\/td><td>Egy\u00fcttm\u0171k\u00f6d\u0151, sokoldal\u00fa<\/td><td>Bejelentkez\u00e9s sz\u00fcks\u00e9ges<\/td><td>jsfiddle.net<\/td><\/tr><tr><td>HTML t\u00e1bl\u00e1zat gener\u00e1tor<\/td><td>Table Creator, testreszab\u00e1s<\/td><td>K\u00f6nnyen haszn\u00e1lhat\u00f3, ingyenes<\/td><td>Korl\u00e1tozott jellemz\u0151k<\/td><td>rapidtables.com<\/td><\/tr><\/tbody><\/table><\/figure>\n\n\n\n<h3 class=\"wp-block-heading\">A HTML k\u00f3dgener\u00e1l\u00f3 ipar el\u0151nyei \u00e9s h\u00e1tr\u00e1nyai<\/h3>\n\n\n\n<h4 class=\"wp-block-heading\">El\u0151ny\u00f6k:<\/h4>\n\n\n\n<ul class=\"wp-block-list\">\n<li class=\"\"><strong>Hozz\u00e1f\u00e9rhet\u0151s\u00e9g<\/strong>: Az eszk\u00f6z\u00f6k ingyenesen el\u00e9rhet\u0151k az interneten.<\/li>\n\n\n\n<li class=\"\"><strong>Id\u0151megtakar\u00edt\u00e1s<\/strong>: Felgyors\u00edtja a k\u00f3dol\u00e1si folyamatot.<\/li>\n\n\n\n<li class=\"\"><strong>Felhaszn\u00e1l\u00f3bar\u00e1t<\/strong>: Alkalmas kezd\u0151k \u00e9s profik sz\u00e1m\u00e1ra.<\/li>\n<\/ul>\n\n\n\n<h4 class=\"wp-block-heading\">H\u00e1tr\u00e1nyok:<\/h4>\n\n\n\n<ul class=\"wp-block-list\">\n<li class=\"\"><strong>Testreszab\u00e1si korl\u00e1tok<\/strong>: Egyes eszk\u00f6z\u00f6k korl\u00e1tozott testreszabhat\u00f3s\u00e1got biztos\u00edtanak.<\/li>\n\n\n\n<li class=\"\"><strong>Internetf\u00fcgg\u0151s\u00e9g<\/strong>: Internetkapcsolat sz\u00fcks\u00e9ges.<\/li>\n\n\n\n<li class=\"\"><strong>Tanul\u00e1si g\u00f6rbe<\/strong>: N\u00e9h\u00e1ny speci\u00e1lis funkci\u00f3 tanul\u00e1st ig\u00e9nyelhet.<\/li>\n<\/ul>\n\n\n\n<h4 class=\"wp-block-heading\">El\u0151ny\u00f6k \u00e9s kih\u00edv\u00e1sok:<\/h4>\n\n\n\n<ul class=\"wp-block-list\">\n<li class=\"\"><strong>El\u0151ny\u00f6k<\/strong>: Hat\u00e9konys\u00e1g, pontoss\u00e1g, sokoldal\u00fas\u00e1g.<\/li>\n\n\n\n<li class=\"\"><strong>Kih\u00edv\u00e1sok<\/strong>: Testreszab\u00e1s, internetf\u00fcgg\u0151s\u00e9g, tanul\u00e1si k\u00f6vetelm\u00e9nyek.<\/li>\n<\/ul>\n\n\n\n<h4 class=\"wp-block-heading\">Aj\u00e1nl\u00e1sok:<\/h4>\n\n\n\n<ul class=\"wp-block-list\">\n<li class=\"\">Haszn\u00e1ljon j\u00f3 h\u00edr\u0171, er\u0151sen t\u00e1mogatott eszk\u00f6z\u00f6ket.<\/li>\n\n\n\n<li class=\"\">Kombin\u00e1lja k\u00e9zi k\u00f3dol\u00e1ssal az \u00f6sszetettebb feladatokhoz.<\/li>\n\n\n\n<li class=\"\">Rendszeresen friss\u00edtse ismereteit az \u00faj eszk\u00f6z\u00f6kkel \u00e9s funkci\u00f3kkal kapcsolatban.<\/li>\n<\/ul>\n\n\n\n<h3 class=\"wp-block-heading\">GYIK<\/h3>\n\n\n\n<ol class=\"wp-block-list\">\n<li class=\"\"><strong>Hogyan lehet HTML k\u00f3dot gener\u00e1lni k\u00e9perny\u0151k\u00e9pekb\u0151l?<\/strong>\n<ul class=\"wp-block-list\">\n<li class=\"\">Haszn\u00e1lja az \u00e1ltalunk aj\u00e1nlott eszk\u00f6zt: <a href=\"https:\/\/aiartfree.online\/hu\/html-kod-generator\/\">HTML k\u00f3d gener\u00e1tor<\/a><\/li>\n<\/ul>\n<\/li>\n\n\n\n<li class=\"\"><strong>Az Adobe XD k\u00e9pes HTML k\u00f3dot gener\u00e1lni?<\/strong>\n<ul class=\"wp-block-list\">\n<li class=\"\">Az Adobe XD nem gener\u00e1l k\u00f6zvetlen\u00fcl HTML-k\u00f3dot.<\/li>\n<\/ul>\n<\/li>\n\n\n\n<li class=\"\"><strong>Hogyan lehet automatikusan HTML k\u00f3dot gener\u00e1lni a VSCode-ban?<\/strong>\n<ul class=\"wp-block-list\">\n<li class=\"\">Haszn\u00e1ljon olyan kiterjeszt\u00e9seket, mint az Emmet.<\/li>\n<\/ul>\n<\/li>\n\n\n\n<li class=\"\"><strong>Hogyan lehet HTML k\u00f3dot gener\u00e1lni?<\/strong>\n<ul class=\"wp-block-list\">\n<li class=\"\">Haszn\u00e1lja az \u00e1ltalunk aj\u00e1nlott eszk\u00f6zt: <a href=\"https:\/\/aiartfree.online\/hu\/html-kod-generator\/\">HTML k\u00f3d gener\u00e1tor<\/a><\/li>\n<\/ul>\n<\/li>\n\n\n\n<li class=\"\"><strong>Hogyan gener\u00e1lhatok HTML k\u00f3dot k\u00e9pb\u0151l?<\/strong>\n<ul class=\"wp-block-list\">\n<li class=\"\">Haszn\u00e1lja az \u00e1ltalunk aj\u00e1nlott eszk\u00f6zt: <a href=\"https:\/\/aiartfree.online\/hu\/html-kod-generator\/\">HTML k\u00f3d gener\u00e1tor<\/a><\/li>\n<\/ul>\n<\/li>\n\n\n\n<li class=\"\"><strong>Van ingyenes HTML k\u00f3dgener\u00e1tor?<\/strong>\n<ul class=\"wp-block-list\">\n<li class=\"\">Igen, sok eszk\u00f6z 100% ingyenes \u00e9s korl\u00e1tlan.<\/li>\n<\/ul>\n<\/li>\n\n\n\n<li class=\"\"><strong>Gener\u00e1lhatok HTML k\u00f3dot regisztr\u00e1ci\u00f3 n\u00e9lk\u00fcl?<\/strong>\n<ul class=\"wp-block-list\">\n<li class=\"\">Igen, az eszk\u00f6z\u00fcnk nem ig\u00e9nyel regisztr\u00e1ci\u00f3t.<\/li>\n<\/ul>\n<\/li>\n\n\n\n<li class=\"\"><strong>Mi a legjobb HTML k\u00f3dgener\u00e1tor?<\/strong>\n<ul class=\"wp-block-list\">\n<li class=\"\">Eszk\u00f6z\u00fcnk nagyon aj\u00e1nlott a funkci\u00f3i \u00e9s a k\u00f6nny\u0171 haszn\u00e1lat miatt.<\/li>\n<\/ul>\n<\/li>\n\n\n\n<li class=\"\"><strong>Hogyan hozhatok l\u00e9tre egy t\u00e1bl\u00e1zatot HTML-ben egyszer\u0171en?<\/strong>\n<ul class=\"wp-block-list\">\n<li class=\"\">Haszn\u00e1ljon t\u00e1bl\u00e1zatos HTML-k\u00e9sz\u00edt\u0151 eszk\u00f6zt.<\/li>\n<\/ul>\n<\/li>\n\n\n\n<li class=\"\"><strong>Tudok HTML k\u00f3dot gener\u00e1lni a sz\u00f6veghez?<\/strong><\/li>\n<\/ol>\n\n\n\n<ul class=\"wp-block-list\">\n<li class=\"\">Igen, haszn\u00e1lja a HTML sz\u00f6veggener\u00e1torunkat.<\/li>\n<\/ul>\n\n\n\n<h3 class=\"wp-block-heading\">\u00d6sszefoglal\u00f3<\/h3>\n\n\n\n<h4 class=\"wp-block-heading\">F\u0151 el\u0151ny\u00f6k:<\/h4>\n\n\n\n<ul class=\"wp-block-list\">\n<li class=\"\"><strong>Hat\u00e9konys\u00e1g<\/strong>: Felgyors\u00edtja a k\u00f3dol\u00e1si folyamatot.<\/li>\n\n\n\n<li class=\"\"><strong>Felhaszn\u00e1l\u00f3bar\u00e1t<\/strong>: Alkalmas minden tud\u00e1sszintre.<\/li>\n\n\n\n<li class=\"\"><strong>Sokoldal\u00fas\u00e1g<\/strong>: K\u00fcl\u00f6nb\u00f6z\u0151 HTML-elemeket gener\u00e1l.<\/li>\n<\/ul>\n\n\n\n<p class=\"\">Kezdje el haszn\u00e1lni <a href=\"https:\/\/aiartfree.online\/hu\/html-kod-generator\/\">HTML k\u00f3d gener\u00e1tor<\/a> m\u00e9g ma, hogy k\u00f6nnyed\u00e9n l\u00e9trehozhasson HTML k\u00f3dot, \u00e9s jav\u00edthassa webfejleszt\u00e9si projektjeit.<\/p>\n\n\n\n<p class=\"\">Ha tov\u00e1bbi k\u00e9rd\u00e9se van, akkor k\u00e9rdezze meg a k\u00f6vetkez\u0151t <a href=\"https:\/\/chatgpt4o.space\/\" target=\"_blank\" data-type=\"link\" data-id=\"https:\/\/chatgpt4o.space\/\" rel=\"noreferrer noopener\">ingyenes online chat GPT 4o<\/a>.<br><\/p>","protected":false},"excerpt":{"rendered":"<p>Before vs After How to use the HTML Code Generator * Feel free to try our examples below if you don&#8217;t have any thoughts in your mind *&nbsp;Depending on your internet speed, loading the model may take up to 10 seconds \u2193 Efficient and User-Friendly HTML Code Generators: The Ultimate Tool for Web Development What &#8230; <a title=\"HTML k\u00f3d gener\u00e1tor\" class=\"read-more\" href=\"https:\/\/aiartfree.online\/hu\/html-kod-generator\/\" aria-label=\"Read more about HTML Code Generator\">Olvass tov\u00e1bb<\/a><\/p>","protected":false},"author":1,"featured_media":3427,"parent":0,"menu_order":0,"comment_status":"open","ping_status":"closed","template":"","meta":{"nf_dc_page":"","footnotes":""},"class_list":["post-3416","page","type-page","status-publish","has-post-thumbnail"],"jetpack_sharing_enabled":true,"_links":{"self":[{"href":"https:\/\/aiartfree.online\/hu\/wp-json\/wp\/v2\/pages\/3416","targetHints":{"allow":["GET"]}}],"collection":[{"href":"https:\/\/aiartfree.online\/hu\/wp-json\/wp\/v2\/pages"}],"about":[{"href":"https:\/\/aiartfree.online\/hu\/wp-json\/wp\/v2\/types\/page"}],"author":[{"embeddable":true,"href":"https:\/\/aiartfree.online\/hu\/wp-json\/wp\/v2\/users\/1"}],"replies":[{"embeddable":true,"href":"https:\/\/aiartfree.online\/hu\/wp-json\/wp\/v2\/comments?post=3416"}],"version-history":[{"count":0,"href":"https:\/\/aiartfree.online\/hu\/wp-json\/wp\/v2\/pages\/3416\/revisions"}],"wp:featuredmedia":[{"embeddable":true,"href":"https:\/\/aiartfree.online\/hu\/wp-json\/wp\/v2\/media\/3427"}],"wp:attachment":[{"href":"https:\/\/aiartfree.online\/hu\/wp-json\/wp\/v2\/media?parent=3416"}],"curies":[{"name":"wp","href":"https:\/\/api.w.org\/{rel}","templated":true}]}}