{"id":3412,"date":"2024-08-01T08:56:22","date_gmt":"2024-08-01T08:56:22","guid":{"rendered":"https:\/\/aiartfree.online\/?page_id=3412"},"modified":"2024-08-01T09:11:21","modified_gmt":"2024-08-01T09:11:21","slug":"speech-to-text","status":"publish","type":"page","link":"https:\/\/aiartfree.online\/hu\/beszedbol-szovegge-alakitas\/","title":{"rendered":"Besz\u00e9db\u0151l sz\u00f6vegg\u00e9 alak\u00edt\u00e1s"},"content":{"rendered":"<h2 class=\"wp-block-heading\">A besz\u00e9db\u0151l sz\u00f6vegg\u00e9 alak\u00edt\u00e1s haszn\u00e1lata<\/h2>\n\n\n\n<ol class=\"wp-block-list\">\n<li class=\"\">T\u00f6ltse fel a hangf\u00e1jlt, v\u00e1rjon egy m\u00e1sodpercet<\/li>\n\n\n\n<li class=\"\">Kattintson a \"Hang \u00e1t\u00edr\u00e1sa\" gombra<\/li>\n\n\n\n<li class=\"\">V\u00e1rj, ez az!<\/li>\n<\/ol>\n\n\n\n<p class=\"\">* A rekord jelenleg nem el\u00e9rhet\u0151<\/p>\n\n\n\n<p class=\"\"><em>* Az internet sebess\u00e9g\u00e9t\u0151l f\u00fcgg\u0151en a modell bet\u00f6lt\u00e9se a k\u00f6vetkez\u0151 ideig tarthat <\/em>legfeljebb 10 m\u00e1sodpercig \u2193<\/p>\n\n\n\n<div style=\"text-align: center; border: 2px solid; border-image-source: linear-gradient(to right, #16b86c, #912899); border-image-slice: 1; box-shadow: 0 0 10px rgba(0, 0, 0, 0.1); border-radius: 15px; position: relative;\">\n  <div class=\"loading\" style=\"position: absolute; top: 100px; left: 50%; transform: translate(-50%, -50%); width: 40px; height: 40px; border: 3px solid #f0f0f0; border-top: 3px solid #16b86c; border-radius: 50%; animation: spin 1s linear infinite;\"><\/div>\n  <iframe loading=\"lazy\"\n    src=\"https:\/\/xenova-whisper-web.static.hf.space\"\n    frameborder=\"0\"\n    width=\"100%\"\n    height=\"900\"\n    style=\"display: inline-block; margin: 0 auto; opacity: 0; transition: opacity 0.3s;\"\n    onload=\"this.style.opacity=1;this.previousElementSibling.style.display='none';\"\n  ><\/iframe>\n<\/div>\n<style>\n@keyframes spin {\n  0% { transform: translate(-50%, -50%) rotate(0deg); }\n  100% { transform: translate(-50%, -50%) rotate(360deg); }\n}\n<\/style>\n\n\n\n<div style=\"height:80px\" aria-hidden=\"true\" class=\"wp-block-spacer\"><\/div>\n\n\n\n<h2 class=\"wp-block-heading\">A v\u00e9gs\u0151 \u00fatmutat\u00f3 a besz\u00e9db\u0151l sz\u00f6vegg\u00e9 alak\u00edt\u00e1shoz<\/h2>\n\n\n\n<h3 class=\"wp-block-heading\">\u00d6sszefoglal\u00f3 v\u00e1zlat<\/h3>\n\n\n\n<p class=\"\">Ez a cikk \u00e1tfog\u00f3 \u00e1ttekint\u00e9st ny\u00fajt a besz\u00e9db\u0151l sz\u00f6vegbe technol\u00f3gi\u00e1r\u00f3l, bele\u00e9rtve annak defin\u00edci\u00f3j\u00e1t, el\u0151nyeit, f\u0151bb jellemz\u0151it, c\u00e9lk\u00f6z\u00f6ns\u00e9g\u00e9t \u00e9s haszn\u00e1lati utas\u00edt\u00e1sait. Kiemeli a k\u00fcl\u00f6nb\u00f6z\u0151 felhaszn\u00e1l\u00e1si eseteket, \u00e9s r\u00e9szletes \u00f6sszehasonl\u00edt\u00e1st k\u00edn\u00e1l a legjobb eszk\u00f6z\u00f6kr\u0151l, valamint 10 kapcsol\u00f3d\u00f3 webhelyr\u0151l sz\u00e1rmaz\u00f3 inform\u00e1ci\u00f3kat. A cikk az ipar\u00e1gi el\u0151ny\u00f6k \u00e9s h\u00e1tr\u00e1nyok megvitat\u00e1s\u00e1val \u00e9s a gyakran feltett k\u00e9rd\u00e9sekre adott v\u00e1laszokkal z\u00e1rul.<\/p>\n\n\n\n<figure class=\"wp-block-image size-large is-resized\"><img data-recalc-dims=\"1\" data-dominant-color=\"f3f5f6\" data-has-transparency=\"false\" decoding=\"async\" width=\"1024\" height=\"616\"   loading=\"lazy\" src=\"https:\/\/i0.wp.com\/aiartfree.online\/wp-content\/uploads\/2024\/08\/WX20240801-130434%402x-1-1024x616.webp?resize=1024%2C616&#038;ssl=1\" alt=\"A besz\u00e9db\u0151l sz\u00f6vegg\u00e9 alak\u00edt\u00e1s, m\u00e1s n\u00e9ven hangfelismer\u00e9s vagy besz\u00e9dfelismer\u00e9s olyan technol\u00f3gia, amely a besz\u00e9lt szavakat \u00edrott sz\u00f6vegg\u00e9 alak\u00edtja. Kifinomult algoritmusokat \u00e9s mesters\u00e9ges intelligenci\u00e1t haszn\u00e1l fel az emberi besz\u00e9d val\u00f3s idej\u0171 vagy r\u00f6gz\u00edtett hangf\u00e1jlokb\u00f3l t\u00f6rt\u00e9n\u0151 meg\u00e9rt\u00e9s\u00e9hez \u00e9s \u00e1t\u00edr\u00e1s\u00e1hoz.\" class=\"wp-image-3418 not-transparent\" style=\"--dominant-color: #f3f5f6; width:691px;height:auto\" srcset=\"https:\/\/i0.wp.com\/aiartfree.online\/wp-content\/uploads\/2024\/08\/WX20240801-130434%402x-1-jpg.webp?resize=1024%2C616&amp;ssl=1 1024w, https:\/\/i0.wp.com\/aiartfree.online\/wp-content\/uploads\/2024\/08\/WX20240801-130434%402x-1-jpg.webp?resize=300%2C180&amp;ssl=1 300w, https:\/\/i0.wp.com\/aiartfree.online\/wp-content\/uploads\/2024\/08\/WX20240801-130434%402x-1-jpg.webp?resize=768%2C462&amp;ssl=1 768w, https:\/\/i0.wp.com\/aiartfree.online\/wp-content\/uploads\/2024\/08\/WX20240801-130434%402x-1-jpg.webp?resize=1536%2C923&amp;ssl=1 1536w, https:\/\/i0.wp.com\/aiartfree.online\/wp-content\/uploads\/2024\/08\/WX20240801-130434%402x-1-jpg.webp?resize=18%2C12&amp;ssl=1 18w, https:\/\/i0.wp.com\/aiartfree.online\/wp-content\/uploads\/2024\/08\/WX20240801-130434%402x-1-jpg.webp?resize=600%2C361&amp;ssl=1 600w, https:\/\/i0.wp.com\/aiartfree.online\/wp-content\/uploads\/2024\/08\/WX20240801-130434%402x-1-jpg.webp?w=1898&amp;ssl=1 1898w\" sizes=\"auto, (max-width: 1024px) 100vw, 1024px\" \/><\/figure>\n\n\n\n<h3 class=\"wp-block-heading\">Tartalomjegyz\u00e9k<\/h3>\n\n\n\n<ol class=\"wp-block-list\">\n<li class=\"\"><a href=\"#what-is-speech-to-text\">Mi az a besz\u00e9db\u0151l sz\u00f6vegg\u00e9 alak\u00edt\u00e1s?<\/a><\/li>\n\n\n\n<li class=\"\"><a href=\"#why-use-speech-to-text\">Mi\u00e9rt \u00e9rdemes a besz\u00e9db\u0151l sz\u00f6vegg\u00e9 alak\u00edt\u00e1st haszn\u00e1lni?<\/a><\/li>\n\n\n\n<li class=\"\"><a href=\"#main-features-of-speech-to-text\">A besz\u00e9db\u0151l sz\u00f6vegg\u00e9 alak\u00edt\u00e1s f\u0151 jellemz\u0151i<\/a><\/li>\n\n\n\n<li class=\"\"><a href=\"#who-should-use-speech-to-text\">Kinek \u00e9rdemes haszn\u00e1lni a besz\u00e9db\u0151l sz\u00f6vegg\u00e9 alak\u00edt\u00e1st?<\/a><\/li>\n\n\n\n<li class=\"\"><a href=\"#how-to-use-speech-to-text\">Hogyan haszn\u00e1ljuk a besz\u00e9db\u0151l sz\u00f6vegg\u00e9 alak\u00edt\u00e1st<\/a><\/li>\n\n\n\n<li class=\"\"><a href=\"#speech-to-text-use-cases\">Besz\u00e9db\u0151l sz\u00f6vegg\u00e9 alak\u00edtott felhaszn\u00e1l\u00e1si esetek<\/a><\/li>\n\n\n\n<li class=\"\"><a href=\"#top-10-tools-and-information\">Top 10 eszk\u00f6z \u00e9s inform\u00e1ci\u00f3<\/a><\/li>\n\n\n\n<li class=\"\"><a href=\"#industry-pros-and-cons\">Ipari el\u0151ny\u00f6k \u00e9s h\u00e1tr\u00e1nyok<\/a><\/li>\n\n\n\n<li class=\"\"><a href=\"#faq\">GYIK<\/a><\/li>\n\n\n\n<li class=\"\"><a href=\"#summary\">\u00d6sszefoglal\u00f3<\/a><\/li>\n<\/ol>\n\n\n\n<h2 class=\"wp-block-heading\">Mi az a besz\u00e9db\u0151l sz\u00f6vegg\u00e9 alak\u00edt\u00e1s?<\/h2>\n\n\n\n<p class=\"\">A besz\u00e9db\u0151l sz\u00f6vegg\u00e9 alak\u00edt\u00e1s, m\u00e1s n\u00e9ven hangfelismer\u00e9s vagy besz\u00e9dfelismer\u00e9s olyan technol\u00f3gia, amely a besz\u00e9lt szavakat \u00edrott sz\u00f6vegg\u00e9 alak\u00edtja. Kifinomult algoritmusokat \u00e9s mesters\u00e9ges intelligenci\u00e1t haszn\u00e1l fel az emberi besz\u00e9d val\u00f3s idej\u0171 vagy r\u00f6gz\u00edtett hangf\u00e1jlokb\u00f3l t\u00f6rt\u00e9n\u0151 meg\u00e9rt\u00e9s\u00e9hez \u00e9s \u00e1t\u00edr\u00e1s\u00e1hoz.<\/p>\n\n\n\n<h2 class=\"wp-block-heading\">Mi\u00e9rt \u00e9rdemes a besz\u00e9db\u0151l sz\u00f6vegg\u00e9 alak\u00edt\u00e1st haszn\u00e1lni?<\/h2>\n\n\n\n<p class=\"\">A besz\u00e9db\u0151l sz\u00f6vegbe t\u00f6rt\u00e9n\u0151 besz\u00e9dtechnol\u00f3gia sz\u00e1mos el\u0151nnyel j\u00e1r, ami a k\u00fcl\u00f6nb\u00f6z\u0151 felhaszn\u00e1l\u00f3k \u00e9s ipar\u00e1gak sz\u00e1m\u00e1ra n\u00e9lk\u00fcl\u00f6zhetetlen eszk\u00f6zz\u00e9 teszi. A legfontosabb el\u0151ny\u00f6k a k\u00f6vetkez\u0151k:<\/p>\n\n\n\n<ul class=\"wp-block-list\">\n<li class=\"\"><strong>Hat\u00e9konys\u00e1g<\/strong>: Felgyors\u00edtja az \u00edrott tartalom l\u00e9trehoz\u00e1s\u00e1nak folyamat\u00e1t.<\/li>\n\n\n\n<li class=\"\"><strong>Hozz\u00e1f\u00e9rhet\u0151s\u00e9g<\/strong>: Seg\u00edti a fogyat\u00e9kkal \u00e9l\u0151ket vagy azokat, akik a hangalap\u00fa bevitelt r\u00e9szes\u00edtik el\u0151nyben.<\/li>\n\n\n\n<li class=\"\"><strong>K\u00e9nyelem<\/strong>: Lehet\u0151v\u00e9 teszi a k\u00e9z n\u00e9lk\u00fcli m\u0171k\u00f6d\u00e9st \u00e9s a multitaskingot.<\/li>\n\n\n\n<li class=\"\"><strong>Pontoss\u00e1g<\/strong>: A fejlett algoritmusok cs\u00f6kkentik a hib\u00e1kat \u00e9s jav\u00edtj\u00e1k az \u00e1t\u00edr\u00e1s min\u0151s\u00e9g\u00e9t.<\/li>\n\n\n\n<li class=\"\"><strong>Sokoldal\u00fas\u00e1g<\/strong>: T\u00f6bb nyelvet t\u00e1mogat, \u00e9s integr\u00e1lhat\u00f3 m\u00e1s eszk\u00f6z\u00f6kkel, p\u00e9ld\u00e1ul a Google Dokumentumok \u00e9s a Google Drive.<\/li>\n<\/ul>\n\n\n\n<h2 class=\"wp-block-heading\">A besz\u00e9db\u0151l sz\u00f6vegg\u00e9 alak\u00edt\u00e1s f\u0151 jellemz\u0151i<\/h2>\n\n\n\n<h3 class=\"wp-block-heading\">Val\u00f3s idej\u0171 \u00e1t\u00edr\u00e1s<\/h3>\n\n\n\n<p class=\"\">A besz\u00e9lt szavakat azonnal sz\u00f6vegg\u00e9 alak\u00edtja, azonnali visszajelz\u00e9st ad, \u00e9s lehet\u0151v\u00e9 teszi a z\u00f6kken\u0151mentes kommunik\u00e1ci\u00f3t \u00e9s dokument\u00e1ci\u00f3t.<\/p>\n\n\n\n<h3 class=\"wp-block-heading\">Hangf\u00e1jl \u00e1tirat<\/h3>\n\n\n\n<p class=\"\">Feldolgozza az el\u0151re felvett hangf\u00e1jlokat, megk\u00f6nny\u00edtve ezzel a megbesz\u00e9l\u00e9sek, el\u0151ad\u00e1sok \u00e9s interj\u00fak \u00e1t\u00edr\u00e1s\u00e1t.<\/p>\n\n\n\n<h3 class=\"wp-block-heading\">T\u00f6bbnyelv\u0171 t\u00e1mogat\u00e1s<\/h3>\n\n\n\n<p class=\"\">Felismeri \u00e9s \u00e1t\u00edrja a besz\u00e9det k\u00fcl\u00f6nb\u00f6z\u0151 nyelveken, a glob\u00e1lis k\u00f6z\u00f6ns\u00e9g sz\u00e1m\u00e1ra.<\/p>\n\n\n\n<h3 class=\"wp-block-heading\">Hangg\u00e9pel\u00e9s \u00e9s vez\u00e9rl\u00e9s<\/h3>\n\n\n\n<p class=\"\">Lehet\u0151v\u00e9 teszi a felhaszn\u00e1l\u00f3k sz\u00e1m\u00e1ra, hogy hangutas\u00edt\u00e1sokkal g\u00e9pelhessenek \u00e9s ir\u00e1ny\u00edthass\u00e1k eszk\u00f6zeiket, n\u00f6velve a termel\u00e9kenys\u00e9get \u00e9s a hozz\u00e1f\u00e9rhet\u0151s\u00e9get.<\/p>\n\n\n\n<h3 class=\"wp-block-heading\">H\u00e1tt\u00e9rzaj kezel\u00e9se<\/h3>\n\n\n\n<p class=\"\">Kisz\u0171ri a h\u00e1tt\u00e9rzajt, hogy jav\u00edtsa az \u00e1tiratok pontoss\u00e1g\u00e1t, \u00e9s \u00edgy tiszta \u00e9s pontos sz\u00f6vegkimenetet biztos\u00edtson.<\/p>\n\n\n\n<h2 class=\"wp-block-heading\">Kinek \u00e9rdemes haszn\u00e1lni a besz\u00e9db\u0151l sz\u00f6vegg\u00e9 alak\u00edt\u00e1st?<\/h2>\n\n\n\n<h3 class=\"wp-block-heading\">Fogyat\u00e9koss\u00e1ggal \u00e9l\u0151 egy\u00e9nek<\/h3>\n\n\n\n<p class=\"\">\u00c9rt\u00e9kes eszk\u00f6zt ny\u00fajt a fizikai korl\u00e1toz\u00e1sokkal \u00e9l\u0151k sz\u00e1m\u00e1ra, lehet\u0151v\u00e9 t\u00e9ve sz\u00e1mukra, hogy hangutas\u00edt\u00e1sokkal l\u00e9pjenek kapcsolatba a technol\u00f3gi\u00e1val.<\/p>\n\n\n\n<h3 class=\"wp-block-heading\">Szakemberek \u00e9s di\u00e1kok<\/h3>\n\n\n\n<p class=\"\">Ide\u00e1lis dokumentumok l\u00e9trehoz\u00e1s\u00e1hoz, jegyzetek k\u00e9sz\u00edt\u00e9s\u00e9hez, valamint megbesz\u00e9l\u00e9sek vagy el\u0151ad\u00e1sok gyors \u00e9s pontos \u00e1t\u00edr\u00e1s\u00e1hoz.<\/p>\n\n\n\n<h3 class=\"wp-block-heading\">Tartalomk\u00e9sz\u00edt\u0151k<\/h3>\n\n\n\n<p class=\"\">N\u00f6veli a tartalomk\u00e9sz\u00edt\u00e9s hat\u00e9konys\u00e1g\u00e1t az\u00e1ltal, hogy az elhangzott \u00f6tleteket sz\u00f6vegg\u00e9 alak\u00edtja, id\u0151t \u00e9s energi\u00e1t takar\u00edtva meg.<\/p>\n\n\n\n<h3 class=\"wp-block-heading\">T\u00f6bbnyelv\u0171 felhaszn\u00e1l\u00f3k<\/h3>\n\n\n\n<p class=\"\">Seg\u00edti azokat a felhaszn\u00e1l\u00f3kat, akiknek k\u00fcl\u00f6nb\u00f6z\u0151 nyelveken kell \u00e1t\u00edrniuk a besz\u00e9det, megk\u00f6nny\u00edtve a kommunik\u00e1ci\u00f3t \u00e9s a dokument\u00e1ci\u00f3t a nyelvi korl\u00e1tok k\u00f6z\u00f6tt.<\/p>\n\n\n\n<h2 class=\"wp-block-heading\">Hogyan haszn\u00e1ljuk a besz\u00e9db\u0151l sz\u00f6vegg\u00e9 alak\u00edt\u00e1st<\/h2>\n\n\n\n<h3 class=\"wp-block-heading\">L\u00e9p\u00e9sr\u0151l-l\u00e9p\u00e9sre \u00fatmutat\u00f3<\/h3>\n\n\n\n<ol class=\"wp-block-list\">\n<li class=\"\"><strong>V\u00e1lasszon eszk\u00f6zt<\/strong>: V\u00e1lasszon egy megb\u00edzhat\u00f3 besz\u00e9db\u0151l sz\u00f6vegg\u00e9 alak\u00edt\u00f3 eszk\u00f6zt, mint p\u00e9ld\u00e1ul <a href=\"https:\/\/aiartfree.online\/hu\/beszedbol-szovegge-alakitas\/\">aiartfree.online<\/a>.<\/li>\n\n\n\n<li class=\"\"><strong>Az alkalmaz\u00e1s megnyit\u00e1sa<\/strong>: L\u00e9pjen be a webes alkalmaz\u00e1sba a k\u00e9sz\u00fcl\u00e9k\u00e9n.<\/li>\n\n\n\n<li class=\"\"><strong>\u00c9rintse meg a mikrofont<\/strong>: A mikrofon enged\u00e9lyez\u00e9se a felv\u00e9tel megkezd\u00e9s\u00e9hez.<\/li>\n\n\n\n<li class=\"\"><strong>Besz\u00e9lj vil\u00e1gosan<\/strong>: Gy\u0151z\u0151dj\u00f6n meg r\u00f3la, hogy vil\u00e1gosan besz\u00e9l, \u00e9s ker\u00fclje a h\u00e1tt\u00e9rzajt.<\/li>\n\n\n\n<li class=\"\"><strong>Szerkeszt\u00e9s \u00e9s ment\u00e9s<\/strong>: Ellen\u0151rizze az \u00e1tirat pontoss\u00e1g\u00e1t, v\u00e9gezze el a sz\u00fcks\u00e9ges m\u00f3dos\u00edt\u00e1sokat, \u00e9s mentse el a dokumentumot.<\/li>\n<\/ol>\n\n\n\n<h2 class=\"wp-block-heading\">Besz\u00e9db\u0151l sz\u00f6vegg\u00e9 alak\u00edtott felhaszn\u00e1l\u00e1si esetek<\/h2>\n\n\n\n<h3 class=\"wp-block-heading\">Akad\u00e9miai \u00e1t\u00edr\u00e1s<\/h3>\n\n\n\n<p class=\"\">A di\u00e1kok \u00e9s oktat\u00f3k \u00e1t\u00edrhatj\u00e1k az el\u0151ad\u00e1sokat \u00e9s a kutat\u00e1si interj\u00fakat, hogy k\u00f6nnyebben hivatkozhassanak \u00e9s tanulm\u00e1nyozhass\u00e1k azokat.<\/p>\n\n\n\n<h3 class=\"wp-block-heading\">\u00dczleti tal\u00e1lkoz\u00f3k<\/h3>\n\n\n\n<p class=\"\">A szakemberek \u00e1t\u00edrhatj\u00e1k az \u00e9rtekezleteket, \u00f6tletb\u00f6rz\u00e9ket \u00e9s konferenci\u00e1kat a pontos nyilv\u00e1ntart\u00e1s \u00e9s megoszt\u00e1s \u00e9rdek\u00e9ben.<\/p>\n\n\n\n<h3 class=\"wp-block-heading\">Tartalom l\u00e9trehoz\u00e1sa<\/h3>\n\n\n\n<p class=\"\">Az \u00edr\u00f3k \u00e9s bloggerek dikt\u00e1lhatj\u00e1k \u00f6tleteiket \u00e9s tartalmukat, felgyors\u00edtva ezzel az \u00edr\u00e1s folyamat\u00e1t.<\/p>\n\n\n\n<h3 class=\"wp-block-heading\">Hozz\u00e1f\u00e9rhet\u0151s\u00e9g<\/h3>\n\n\n\n<p class=\"\">A fogyat\u00e9koss\u00e1ggal \u00e9l\u0151 szem\u00e9lyek a besz\u00e9db\u0151l sz\u00f6vegbe t\u00f6rt\u00e9n\u0151 \u00e1tvitel seg\u00edts\u00e9g\u00e9vel k\u00f6nnyebben tudnak egy\u00fcttm\u0171k\u00f6dni a technol\u00f3gi\u00e1val, \u00e9s g\u00e9pel\u00e9s n\u00e9lk\u00fcl tudnak dokumentumokat l\u00e9trehozni.<\/p>\n\n\n\n<h3 class=\"wp-block-heading\">\u00dcgyf\u00e9lszolg\u00e1lat<\/h3>\n\n\n\n<p class=\"\">A v\u00e1llalkoz\u00e1sok min\u0151s\u00e9gellen\u0151rz\u00e9si \u00e9s k\u00e9pz\u00e9si c\u00e9lokra \u00e1t\u00edrhatj\u00e1k az \u00fcgyf\u00e9lh\u00edv\u00e1sokat.<\/p>\n\n\n\n<h2 class=\"wp-block-heading\">Top 10 eszk\u00f6z \u00e9s inform\u00e1ci\u00f3<\/h2>\n\n\n\n<figure class=\"wp-block-table\"><table class=\"has-fixed-layout\"><thead><tr><th>Eszk\u00f6z\/Weboldal<\/th><th>Jellemz\u0151k<\/th><th>El\u0151ny\u00f6k<\/th><th>Kih\u00edv\u00e1sok<\/th><th>Aj\u00e1nl\u00e1sok<\/th><\/tr><\/thead><tbody><tr><td><a>Google Dokumentumok hangalap\u00fa g\u00e9pel\u00e9s<\/a><\/td><td>Integr\u00e1ci\u00f3 a Google Docs-szal, val\u00f3s idej\u0171 \u00e1t\u00edr\u00e1s<\/td><td>K\u00f6nnyen haszn\u00e1lhat\u00f3, nincs sz\u00fcks\u00e9g regisztr\u00e1ci\u00f3ra<\/td><td>Internetkapcsolat sz\u00fcks\u00e9ges<\/td><td>Ide\u00e1lis a Google Drive felhaszn\u00e1l\u00f3k sz\u00e1m\u00e1ra<\/td><\/tr><tr><td><a href=\"https:\/\/otter.ai\/\" target=\"_blank\" rel=\"noopener\">Otter.ai<\/a><\/td><td>Fejlett AI, val\u00f3s idej\u0171 \u00e1t\u00edr\u00e1s<\/td><td>T\u00f6bb nyelv t\u00e1mogat\u00e1sa, egy\u00fcttm\u0171k\u00f6d\u00e9si funkci\u00f3k<\/td><td>Korl\u00e1tozott ingyenes verzi\u00f3<\/td><td>A legjobb a csoportos egy\u00fcttm\u0171k\u00f6d\u00e9shez<\/td><\/tr><tr><td><a href=\"https:\/\/www.rev.com\/\" target=\"_blank\" rel=\"noopener\">Rev.com<\/a><\/td><td>Hum\u00e1n \u00e1t\u00edr\u00e1si szolg\u00e1ltat\u00e1sok<\/td><td>Nagy pontoss\u00e1g, gyors \u00e1tfut\u00e1si id\u0151<\/td><td>Fizetett szolg\u00e1ltat\u00e1s<\/td><td>Alkalmas kiv\u00e1l\u00f3 min\u0151s\u00e9g\u0171 \u00e1tiratokhoz<\/td><\/tr><tr><td><a href=\"https:\/\/www.temi.com\/\" target=\"_blank\" rel=\"noopener\">Temi.com<\/a><\/td><td>Automatiz\u00e1lt \u00e1t\u00edr\u00e1s<\/td><td>Megfizethet\u0151, gyors<\/td><td>Alacsonyabb pontoss\u00e1g, mint a hum\u00e1n szolg\u00e1ltat\u00e1sok<\/td><td>J\u00f3 gyors, olcs\u00f3 \u00e1t\u00edr\u00e1sokhoz<\/td><\/tr><tr><td><a href=\"https:\/\/www.descript.com\/\" target=\"_blank\" rel=\"noopener\">Le\u00edr\u00e1s<\/a><\/td><td>Hang \u00e9s vide\u00f3 \u00e1t\u00edr\u00e1s, szerkeszt\u00e9si funkci\u00f3k<\/td><td>Szerkeszt\u0151 szoftverrel integr\u00e1lhat\u00f3, pontos<\/td><td>El\u0151fizet\u00e9s sz\u00fcks\u00e9ges<\/td><td>Nagyszer\u0171 podcasterek \u00e9s vide\u00f3szerkeszt\u0151k sz\u00e1m\u00e1ra<\/td><\/tr><tr><td><a href=\"https:\/\/www.trint.com\/\" target=\"_blank\" rel=\"noopener\">Trint<\/a><\/td><td>AI \u00e1t\u00edr\u00e1s, szerkeszt\u00e9si eszk\u00f6z\u00f6k<\/td><td>Nagy pontoss\u00e1g, k\u00f6nny\u0171 haszn\u00e1lat<\/td><td>Korl\u00e1tozott ingyenes verzi\u00f3<\/td><td>A legjobb \u00fajs\u00e1g\u00edr\u00f3k \u00e9s kutat\u00f3k sz\u00e1m\u00e1ra<\/td><\/tr><tr><td><a href=\"https:\/\/sonix.ai\/\" target=\"_blank\" rel=\"noopener\">Sonix.ai<\/a><\/td><td>Automatiz\u00e1lt \u00e1t\u00edr\u00e1s, t\u00f6bbnyelv\u0171 t\u00e1mogat\u00e1s<\/td><td>Pontos, gyors<\/td><td>El\u0151fizet\u00e9s sz\u00fcks\u00e9ges<\/td><td>Ide\u00e1lis t\u00f6bbnyelv\u0171 felhaszn\u00e1l\u00f3k sz\u00e1m\u00e1ra<\/td><\/tr><tr><td><a href=\"https:\/\/www.speechtexter.com\/\" target=\"_blank\" rel=\"noopener\">SpeechTexter<\/a><\/td><td>Val\u00f3s idej\u0171 \u00e1t\u00edr\u00e1s, sz\u00e1mos nyelv t\u00e1mogat\u00e1sa<\/td><td>Ingyenes, nincs sz\u00fcks\u00e9g regisztr\u00e1ci\u00f3ra<\/td><td>Internetkapcsolat sz\u00fcks\u00e9ges<\/td><td>Legjobb alkalmi felhaszn\u00e1l\u00f3knak<\/td><\/tr><tr><td><a>Nuance Dragon<\/a><\/td><td>Professzion\u00e1lis min\u0151s\u00e9g\u0171 \u00e1t\u00edr\u00f3 szoftver<\/td><td>Nagy pontoss\u00e1g\u00fa, testre szabhat\u00f3<\/td><td>Dr\u00e1ga<\/td><td>Professzion\u00e1lis haszn\u00e1latra alkalmas<\/td><\/tr><tr><td><a href=\"https:\/\/azure.microsoft.com\/en-us\/services\/cognitive-services\/speech-to-text\/\" target=\"_blank\" rel=\"noopener\">Microsoft Azure besz\u00e9d<\/a><\/td><td>Felh\u0151alap\u00fa, sk\u00e1l\u00e1zhat\u00f3<\/td><td>Nagy pontoss\u00e1g, integr\u00e1lhat\u00f3 m\u00e1s Microsoft szolg\u00e1ltat\u00e1sokkal<\/td><td>M\u0171szaki ismereteket ig\u00e9nyel<\/td><td>A legjobb v\u00e1llalati megold\u00e1sokhoz<\/td><\/tr><\/tbody><\/table><\/figure>\n\n\n\n<h2 class=\"wp-block-heading\">Ipari el\u0151ny\u00f6k \u00e9s h\u00e1tr\u00e1nyok<\/h2>\n\n\n\n<h3 class=\"wp-block-heading\">El\u0151ny\u00f6k<\/h3>\n\n\n\n<ul class=\"wp-block-list\">\n<li class=\"\"><strong>Hat\u00e9konys\u00e1g<\/strong>: Felgyors\u00edtja az \u00e1t\u00edr\u00e1si folyamatot.<\/li>\n\n\n\n<li class=\"\"><strong>Hozz\u00e1f\u00e9rhet\u0151s\u00e9g<\/strong>: A fogyat\u00e9kkal \u00e9l\u0151k sz\u00e1m\u00e1ra hozz\u00e1f\u00e9rhet\u0151bb\u00e9 teszi a technol\u00f3gi\u00e1t.<\/li>\n\n\n\n<li class=\"\"><strong>T\u00f6bbnyelv\u0171 t\u00e1mogat\u00e1s<\/strong>: Megk\u00f6nny\u00edti a t\u00f6bbnyelv\u0171 kommunik\u00e1ci\u00f3t.<\/li>\n<\/ul>\n\n\n\n<h3 class=\"wp-block-heading\">H\u00e1tr\u00e1nyok<\/h3>\n\n\n\n<ul class=\"wp-block-list\">\n<li class=\"\"><strong>Pontoss\u00e1g<\/strong>: Az akcentusokkal \u00e9s a h\u00e1tt\u00e9rzajjal neh\u00e9zs\u00e9gekbe \u00fctk\u00f6zhet.<\/li>\n\n\n\n<li class=\"\"><strong>Adatv\u00e9delem<\/strong>: Az \u00e1t\u00edrt adatok biztons\u00e1g\u00e1val kapcsolatos agg\u00e1lyok.<\/li>\n\n\n\n<li class=\"\"><strong>K\u00f6lts\u00e9gek<\/strong>: N\u00e9h\u00e1ny kiv\u00e1l\u00f3 min\u0151s\u00e9g\u0171 eszk\u00f6z el\u0151fizet\u00e9st vagy d\u00edjat ig\u00e9nyel.<\/li>\n<\/ul>\n\n\n\n<h2 class=\"wp-block-heading\">GYIK<\/h2>\n\n\n\n<h3 class=\"wp-block-heading\">Melyik a legjobb ingyenes besz\u00e9db\u0151l sz\u00f6vegg\u00e9 alak\u00edt\u00f3 eszk\u00f6z?<\/h3>\n\n\n\n<p class=\"\">A legjobb ingyenes eszk\u00f6z a <a>Google Dokumentumok hangalap\u00fa g\u00e9pel\u00e9s<\/a>, amely egyszer\u0171 integr\u00e1ci\u00f3t k\u00edn\u00e1l, \u00e9s nem ig\u00e9nyel regisztr\u00e1ci\u00f3t.<\/p>\n\n\n\n<h3 class=\"wp-block-heading\">Mennyire pontosak a besz\u00e9db\u0151l sz\u00f6vegbe \u00e1t\u00fcltet\u0151 szoftverek?<\/h3>\n\n\n\n<p class=\"\">A pontoss\u00e1g eszk\u00f6z\u00f6nk\u00e9nt v\u00e1ltozik, de az Otter.ai \u00e9s a Rev.com \u00e1ltal haszn\u00e1lt fejlett mesters\u00e9ges intelligencia modellek nagy pontoss\u00e1got k\u00edn\u00e1lnak.<\/p>\n\n\n\n<h3 class=\"wp-block-heading\">A besz\u00e9db\u0151l sz\u00f6vegg\u00e9 alak\u00edt\u00e1s t\u00f6bb nyelvet is k\u00e9pes kezelni?<\/h3>\n\n\n\n<p class=\"\">Igen, sok eszk\u00f6z t\u00f6bb nyelvet is t\u00e1mogat, p\u00e9ld\u00e1ul az Otter.ai \u00e9s a Sonix.ai.<\/p>\n\n\n\n<h3 class=\"wp-block-heading\">Biztons\u00e1gos a besz\u00e9dr\u0151l sz\u00f6vegre t\u00f6rt\u00e9n\u0151 kommunik\u00e1ci\u00f3?<\/h3>\n\n\n\n<p class=\"\">A legt\u00f6bb j\u00f3 h\u00edr\u0171 eszk\u00f6z er\u0151s biztons\u00e1gi int\u00e9zked\u00e9sekkel rendelkezik, de mindig tekintse \u00e1t az adatv\u00e9delmi ir\u00e1nyelveket.<\/p>\n\n\n\n<h3 class=\"wp-block-heading\">Haszn\u00e1lhatom offline a besz\u00e9db\u0151l sz\u00f6veget?<\/h3>\n\n\n\n<p class=\"\">Egyes eszk\u00f6z\u00f6k offline k\u00e9pess\u00e9geket is k\u00edn\u00e1lnak, de a legt\u00f6bbj\u00fckh\u00f6z internetkapcsolat sz\u00fcks\u00e9ges a val\u00f3s idej\u0171 feldolgoz\u00e1shoz.<\/p>\n\n\n\n<h3 class=\"wp-block-heading\">Hogyan jav\u00edthatom az \u00e1t\u00edr\u00e1s pontoss\u00e1g\u00e1t?<\/h3>\n\n\n\n<p class=\"\">Besz\u00e9ljen tiszt\u00e1n, minimaliz\u00e1lja a h\u00e1tt\u00e9rzajt, \u00e9s haszn\u00e1ljon j\u00f3 min\u0151s\u00e9g\u0171 mikrofont.<\/p>\n\n\n\n<h3 class=\"wp-block-heading\">L\u00e9teznek besz\u00e9db\u0151l sz\u00f6vegbe \u00e1t\u00fcltet\u0151 alkalmaz\u00e1sok mobilra?<\/h3>\n\n\n\n<p class=\"\">Igen, sz\u00e1mos eszk\u00f6z, p\u00e9ld\u00e1ul a Google Docs Voice Typing \u00e9s az Otter.ai k\u00edn\u00e1l mobilalkalmaz\u00e1sokat.<\/p>\n\n\n\n<h3 class=\"wp-block-heading\">Szerkeszthetem az \u00e1t\u00edrt sz\u00f6veget?<\/h3>\n\n\n\n<p class=\"\">Igen, a legt\u00f6bb eszk\u00f6z lehet\u0151v\u00e9 teszi az \u00e1t\u00edr\u00e1s szerkeszt\u00e9s\u00e9t a pontoss\u00e1g \u00e9rdek\u00e9ben.<\/p>\n\n\n\n<h3 class=\"wp-block-heading\">Melyek a besz\u00e9db\u0151l sz\u00f6vegg\u00e9 alak\u00edt\u00e1s f\u0151 felhaszn\u00e1l\u00e1si ter\u00fcletei?<\/h3>\n\n\n\n<p class=\"\">Gyakori felhaszn\u00e1l\u00e1si ter\u00fcletek k\u00f6z\u00e9 tartozik a tudom\u00e1nyos \u00e1t\u00edr\u00e1s, az \u00fczleti megbesz\u00e9l\u00e9sek, a tartalomk\u00e9sz\u00edt\u00e9s, a hozz\u00e1f\u00e9rhet\u0151s\u00e9g \u00e9s az \u00fcgyf\u00e9lszolg\u00e1lat.<\/p>\n\n\n\n<h3 class=\"wp-block-heading\">Hogyan integr\u00e1lhatom a besz\u00e9dr\u0151l sz\u00f6vegre t\u00f6rt\u00e9n\u0151 besz\u00e9det m\u00e1s eszk\u00f6z\u00f6kkel?<\/h3>\n\n\n\n<p class=\"\">Sz\u00e1mos eszk\u00f6z integr\u00e1ci\u00f3t k\u00edn\u00e1l olyan platformokkal, mint a Google Drive, a Microsoft Office \u00e9s k\u00fcl\u00f6nb\u00f6z\u0151 szerkeszt\u0151szoftverek.<\/p>\n\n\n\n<h2 class=\"wp-block-heading\">\u00d6sszefoglal\u00f3<\/h2>\n\n\n\n<p class=\"\">A besz\u00e9db\u0151l sz\u00f6vegbe \u00e1t\u00fcltet\u0151 technol\u00f3gia sz\u00e1mos el\u0151nnyel j\u00e1r, t\u00f6bbek k\u00f6z\u00f6tt nagyobb hat\u00e9konys\u00e1ggal, jobb hozz\u00e1f\u00e9rhet\u0151s\u00e9ggel \u00e9s sokoldal\u00fa nyelvi t\u00e1mogat\u00e1ssal. Az olyan eszk\u00f6z\u00f6k, mint a <a href=\"https:\/\/aiartfree.online\/hu\/beszedbol-szovegge-alakitas\/\">aiartfree.online<\/a> \u00e9s a Google Dokumentumok hangalap\u00fa g\u00e9pel\u00e9s megb\u00edzhat\u00f3 \u00e9s felhaszn\u00e1l\u00f3bar\u00e1t lehet\u0151s\u00e9geket k\u00edn\u00e1l. Ak\u00e1r szakmai, egyetemi vagy szem\u00e9lyes haszn\u00e1latra, a besz\u00e9dr\u0151l sz\u00f6vegre t\u00f6rt\u00e9n\u0151 \u00e1tv\u00e9tele egyszer\u0171s\u00edtheti a feladatokat \u00e9s n\u00f6velheti a termel\u00e9kenys\u00e9get. Pr\u00f3b\u00e1lja ki ezeket az eszk\u00f6z\u00f6ket m\u00e9g ma, \u00e9s tapasztalja meg a besz\u00e9lt szavak \u00edrott sz\u00f6vegg\u00e9 alak\u00edt\u00e1s\u00e1nak egyszer\u0171s\u00e9g\u00e9t!<\/p>","protected":false},"excerpt":{"rendered":"<p>How to use the Speech to Text * Record is currently not available *\u00a0Depending on your internet speed, loading the model may take up to 10 seconds \u2193 The Ultimate Guide to Speech to Text Summary Outline This article provides a comprehensive overview of speech-to-text technology, including its definition, advantages, main features, target audience, and &#8230; <a title=\"Besz\u00e9db\u0151l sz\u00f6vegg\u00e9 alak\u00edt\u00e1s\" class=\"read-more\" href=\"https:\/\/aiartfree.online\/hu\/beszedbol-szovegge-alakitas\/\" aria-label=\"Read more about Speech to Text\">Olvass tov\u00e1bb<\/a><\/p>","protected":false},"author":1,"featured_media":3418,"parent":0,"menu_order":0,"comment_status":"closed","ping_status":"closed","template":"","meta":{"nf_dc_page":"","footnotes":""},"class_list":["post-3412","page","type-page","status-publish","has-post-thumbnail"],"jetpack_sharing_enabled":true,"_links":{"self":[{"href":"https:\/\/aiartfree.online\/hu\/wp-json\/wp\/v2\/pages\/3412","targetHints":{"allow":["GET"]}}],"collection":[{"href":"https:\/\/aiartfree.online\/hu\/wp-json\/wp\/v2\/pages"}],"about":[{"href":"https:\/\/aiartfree.online\/hu\/wp-json\/wp\/v2\/types\/page"}],"author":[{"embeddable":true,"href":"https:\/\/aiartfree.online\/hu\/wp-json\/wp\/v2\/users\/1"}],"replies":[{"embeddable":true,"href":"https:\/\/aiartfree.online\/hu\/wp-json\/wp\/v2\/comments?post=3412"}],"version-history":[{"count":0,"href":"https:\/\/aiartfree.online\/hu\/wp-json\/wp\/v2\/pages\/3412\/revisions"}],"wp:featuredmedia":[{"embeddable":true,"href":"https:\/\/aiartfree.online\/hu\/wp-json\/wp\/v2\/media\/3418"}],"wp:attachment":[{"href":"https:\/\/aiartfree.online\/hu\/wp-json\/wp\/v2\/media?parent=3412"}],"curies":[{"name":"wp","href":"https:\/\/api.w.org\/{rel}","templated":true}]}}