{"id":3398,"date":"2024-07-31T13:58:25","date_gmt":"2024-07-31T13:58:25","guid":{"rendered":"https:\/\/aiartfree.online\/?page_id=3398"},"modified":"2024-08-01T11:24:34","modified_gmt":"2024-08-01T11:24:34","slug":"drawing-ideas","status":"publish","type":"page","link":"https:\/\/aiartfree.online\/hu\/kep-a-vazlathoz\/","title":{"rendered":"Rajzol\u00e1si \u00f6tletek | Image to Sketch"},"content":{"rendered":"<h2 class=\"wp-block-heading has-text-align-center\">El\u0151tte vs. Ut\u00e1na<\/h2>\n\n\n\n<figure class=\"gb-block-image gb-block-image-1822da1f\"><img data-recalc-dims=\"1\" decoding=\"async\" loading=\"lazy\" width=\"300\" height=\"300\" class=\"gb-image gb-image-1822da1f\" src=\"https:\/\/i0.wp.com\/aiartfree.online\/wp-content\/uploads\/2024\/07\/WX20240719-141958%402x.jpg?resize=300%2C300&#038;ssl=1\" alt=\"Rajzol\u00e1si \u00f6tletek | Image to Sketch\" title=\"WX20240719-141958@2x\" srcset=\"https:\/\/i0.wp.com\/aiartfree.online\/wp-content\/uploads\/2024\/07\/WX20240719-141958%402x.jpg?resize=300%2C300&amp;ssl=1 300w, https:\/\/i0.wp.com\/aiartfree.online\/wp-content\/uploads\/2024\/07\/WX20240719-141958%402x.jpg?resize=1024%2C1024&amp;ssl=1 1024w, https:\/\/i0.wp.com\/aiartfree.online\/wp-content\/uploads\/2024\/07\/WX20240719-141958%402x.jpg?resize=150%2C150&amp;ssl=1 150w, https:\/\/i0.wp.com\/aiartfree.online\/wp-content\/uploads\/2024\/07\/WX20240719-141958%402x.jpg?resize=768%2C768&amp;ssl=1 768w, https:\/\/i0.wp.com\/aiartfree.online\/wp-content\/uploads\/2024\/07\/WX20240719-141958%402x.jpg?resize=12%2C12&amp;ssl=1 12w, https:\/\/i0.wp.com\/aiartfree.online\/wp-content\/uploads\/2024\/07\/WX20240719-141958%402x.jpg?resize=600%2C600&amp;ssl=1 600w, https:\/\/i0.wp.com\/aiartfree.online\/wp-content\/uploads\/2024\/07\/WX20240719-141958%402x.jpg?resize=100%2C100&amp;ssl=1 100w, https:\/\/i0.wp.com\/aiartfree.online\/wp-content\/uploads\/2024\/07\/WX20240719-141958%402x.jpg?w=1414&amp;ssl=1 1414w\" sizes=\"auto, (max-width: 300px) 100vw, 300px\" \/><\/figure>\n\n\n\n<h2 class=\"wp-block-heading\">Hogyan haszn\u00e1ld a Rajz\u00f6tletek | K\u00e9p a v\u00e1zlatokhoz<\/h2>\n\n\n\n<ol class=\"wp-block-list\">\n<li class=\"\">Dobja el vagy t\u00f6ltse fel a k\u00e9pet<\/li>\n\n\n\n<li class=\"\">V\u00e1lassza ki a k\u00edv\u00e1nt verzi\u00f3t<\/li>\n\n\n\n<li class=\"\">Kattintson a \"Bek\u00fcld\u00e9s\" gombra<\/li>\n\n\n\n<li class=\"\">V\u00e1rj, ez az!<\/li>\n<\/ol>\n\n\n\n<p class=\"\">* Nyugodtan pr\u00f3b\u00e1lja ki az al\u00e1bbi p\u00e9ld\u00e1kat, ha nincs semmilyen gondolat a fej\u00e9ben<\/p>\n\n\n\n<p class=\"\"><em>* Az internet sebess\u00e9g\u00e9t\u0151l f\u00fcgg\u0151en a modell bet\u00f6lt\u00e9se a k\u00f6vetkez\u0151 ideig tarthat <\/em>legfeljebb 10 m\u00e1sodpercig \u2193<\/p>\n\n\n\n<div class=\"iframe-wrapper\" style=\"position: relative; width: 100%; height: 2000px;\">\n  <div class=\"loading\" style=\"position: absolute; top: 50px; left: 50%; transform: translate(-50%, -50%); width: 40px; height: 40px; border: 3px solid #f0f0f0; border-top: 3px solid #db7093; border-radius: 50%; animation: spin 1s linear infinite;\"><\/div>\n  <iframe loading=\"lazy\" src=\"https:\/\/awacke1-image-to-line-drawings.hf.space\" frameborder=\"0\" width=\"100%\" height=\"100%\" style=\"position: absolute; top: 0; left: 0; opacity: 0; transition: opacity 0.3s;\" onload=\"this.style.opacity=1;this.previousElementSibling.style.display='none';\"><\/iframe>\n<\/div>\n\n<style>\n@keyframes spin {\n  0% { transform: translate(-50%, -50%) rotate(0deg); }\n  100% { transform: translate(-50%, -50%) rotate(360deg); }\n}\n<\/style>\n\n\n\n<div style=\"height:60px\" aria-hidden=\"true\" class=\"wp-block-spacer\"><\/div>\n\n\n\n<h2 class=\"wp-block-heading\">Rajzol\u00e1si \u00f6tletek \u00e9s a k\u00e9p v\u00e1zlatba val\u00f3 \u00e1talak\u00edt\u00e1sa<\/h2>\n\n\n\n<h3 class=\"wp-block-heading\">V\u00e1zlat<\/h3>\n\n\n\n<p class=\"\">A rajzol\u00e1si \u00f6tletek \u00e9s a k\u00e9p v\u00e1zlatba val\u00f3 \u00e1talak\u00edt\u00e1sa n\u00e9pszer\u0171 t\u00e9m\u00e1k a m\u0171v\u00e9szek \u00e9s a rajong\u00f3k k\u00f6r\u00e9ben. Ez a cikk a defin\u00edci\u00f3kat, az el\u0151ny\u00f6ket, a f\u0151bb jellemz\u0151ket, a megfelel\u0151 c\u00e9lk\u00f6z\u00f6ns\u00e9get \u00e9s az ipar\u00e1gakat vizsg\u00e1lja. Emellett l\u00e9p\u00e9sr\u0151l-l\u00e9p\u00e9sre \u00fatmutat\u00e1sokat, felhaszn\u00e1l\u00e1si eseteket \u00e9s egy t\u00e1bl\u00e1zatot is tartalmaz, amelyben 10 kapcsol\u00f3d\u00f3 webhelyet hasonl\u00edt \u00f6ssze. Emellett kit\u00e9r az ipar\u00e1g el\u0151nyeire \u00e9s h\u00e1tr\u00e1nyaira, \u00e9s v\u00e1laszol a gyakran feltett k\u00e9rd\u00e9sekre.<\/p>\n\n\n\n<h3 class=\"wp-block-heading\">Tartalomjegyz\u00e9k<\/h3>\n\n\n\n<ol class=\"wp-block-list\">\n<li class=\"\"><a href=\"#what-is-drawing-ideas-and-image-to-sketch-conversion\">Mi az a Rajz\u00f6tletek \u00e9s a K\u00e9p v\u00e1zlatba konvert\u00e1l\u00e1sa?<\/a><\/li>\n\n\n\n<li class=\"\"><a href=\"#why-use-drawing-ideas-and-image-to-sketch-conversion\">Mi\u00e9rt haszn\u00e1lja a Rajz\u00f6tletek \u00e9s a K\u00e9p v\u00e1zlatba konvert\u00e1l\u00e1sa?<\/a><\/li>\n\n\n\n<li class=\"\"><a href=\"#main-features-of-drawing-ideas-and-image-to-sketch-conversion\">A rajz\u00f6tletek \u00e9s a k\u00e9p v\u00e1zlatba konvert\u00e1l\u00e1sa f\u0151bb jellemz\u0151i<\/a><\/li>\n\n\n\n<li class=\"\"><a href=\"#target-audience-and-uses\">C\u00e9lk\u00f6z\u00f6ns\u00e9g \u00e9s felhaszn\u00e1l\u00e1s<\/a><\/li>\n\n\n\n<li class=\"\"><a href=\"#suitable-industries\">Megfelel\u0151 ipar\u00e1gak<\/a><\/li>\n\n\n\n<li class=\"\"><a href=\"#how-to-use-drawing-ideas-and-image-to-sketch-conversion\">Hogyan haszn\u00e1ljuk a rajz\u00f6tleteket \u00e9s a k\u00e9pet a v\u00e1zlat \u00e1talak\u00edt\u00e1shoz?<\/a><\/li>\n\n\n\n<li class=\"\"><a href=\"#use-cases\">Felhaszn\u00e1l\u00e1si esetek<\/a><\/li>\n\n\n\n<li class=\"\"><a href=\"#comparison-table-of-related-websites\">\u00d6sszehasonl\u00edt\u00f3 t\u00e1bl\u00e1zat a kapcsol\u00f3d\u00f3 weboldalakr\u00f3l<\/a><\/li>\n\n\n\n<li class=\"\"><a href=\"#industry-pros-and-cons\">Ipari el\u0151ny\u00f6k \u00e9s h\u00e1tr\u00e1nyok<\/a><\/li>\n\n\n\n<li class=\"\"><a href=\"#faq\">GYIK<\/a><\/li>\n\n\n\n<li class=\"\"><a href=\"#summary\">\u00d6sszefoglal\u00f3<\/a><\/li>\n<\/ol>\n\n\n\n<h3 class=\"wp-block-heading\">Mi az a Rajz\u00f6tletek \u00e9s a K\u00e9p v\u00e1zlatba konvert\u00e1l\u00e1sa?<\/h3>\n\n\n\n<p class=\"\">A rajz\u00f6tletek k\u00fcl\u00f6nb\u00f6z\u0151 koncepci\u00f3kra \u00e9s inspir\u00e1ci\u00f3kra utalnak, amelyeket a m\u0171v\u00e9szek felhaszn\u00e1lhatnak m\u0171alkot\u00e1sok l\u00e9trehoz\u00e1s\u00e1hoz. A k\u00e9pb\u0151l v\u00e1zlatt\u00e1 alak\u00edt\u00e1s olyan folyamat, amely egy f\u00e9nyk\u00e9pet vagy digit\u00e1lis k\u00e9pet v\u00e1zlatt\u00e1 alak\u00edt, \u00e1ltal\u00e1ban szoftver vagy online eszk\u00f6z\u00f6k seg\u00edts\u00e9g\u00e9vel.<\/p>\n\n\n\n<h3 class=\"wp-block-heading\">Mi\u00e9rt haszn\u00e1lja a Rajz\u00f6tletek \u00e9s a K\u00e9p v\u00e1zlatba konvert\u00e1l\u00e1sa?<\/h3>\n\n\n\n<p class=\"\"><strong>El\u0151ny\u00f6k:<\/strong><\/p>\n\n\n\n<ul class=\"wp-block-list\">\n<li class=\"\"><strong>Inspir\u00e1ci\u00f3:<\/strong> A rajz\u00f6tletek v\u00e9gtelen kreativit\u00e1si lehet\u0151s\u00e9get biztos\u00edtanak.<\/li>\n\n\n\n<li class=\"\"><strong>K\u00e9nyelem:<\/strong> A k\u00e9pb\u0151l v\u00e1zlatk\u00e9sz\u00edt\u0151 eszk\u00f6z\u00f6k leegyszer\u0171s\u00edtik a m\u0171v\u00e9szi folyamatot.<\/li>\n\n\n\n<li class=\"\"><strong>Hozz\u00e1f\u00e9rhet\u0151s\u00e9g:<\/strong> Sz\u00e1mos eszk\u00f6z el\u00e9rhet\u0151 az interneten, gyakran ingyenesen.<\/li>\n\n\n\n<li class=\"\"><strong>Min\u0151s\u00e9g:<\/strong> Magas sz\u00ednvonal\u00fa v\u00e1zlatokat lehet k\u00e9sz\u00edteni halad\u00f3 k\u00e9szs\u00e9gek n\u00e9lk\u00fcl is.<\/li>\n<\/ul>\n\n\n\n<p class=\"\"><strong>K\u00f6z\u00f6s keres\u00e9sek:<\/strong><\/p>\n\n\n\n<ul class=\"wp-block-list\">\n<li class=\"\">Hogyan k\u00e9sz\u00edts\u00fcnk \u00f6tleteket<\/li>\n\n\n\n<li class=\"\">Mit kell rajzolni 100 \u00f6tletet<\/li>\n\n\n\n<li class=\"\">K\u00f6nny\u0171 rajz \u00f6tletek<\/li>\n<\/ul>\n\n\n\n<h3 class=\"wp-block-heading\">A rajz\u00f6tletek \u00e9s a k\u00e9p v\u00e1zlatba konvert\u00e1l\u00e1sa f\u0151bb jellemz\u0151i<\/h3>\n\n\n\n<h4 class=\"wp-block-heading\">1. <strong>\u00d6tletek sokf\u00e9les\u00e9ge<\/strong><\/h4>\n\n\n\n<p class=\"\">Sz\u00e1mos rajz\u00f6tlet az egyszer\u0171t\u0151l az \u00f6sszetett koncepci\u00f3kig terjed.<\/p>\n\n\n\n<h4 class=\"wp-block-heading\">2. <strong>K\u00e9p-skicc konverzi\u00f3s eszk\u00f6z\u00f6k<\/strong><\/h4>\n\n\n\n<p class=\"\">Az online eszk\u00f6z\u00f6k k\u00f6nnyed\u00e9n \u00e1talak\u00edthatj\u00e1k a f\u00e9nyk\u00e9peket v\u00e1zlatokk\u00e1.<\/p>\n\n\n\n<h4 class=\"wp-block-heading\">3. <strong>Testreszab\u00e1s<\/strong><\/h4>\n\n\n\n<p class=\"\">Lehet\u0151s\u00e9gek a v\u00e1zlatst\u00edlusok \u00e9s r\u00e9szletek be\u00e1ll\u00edt\u00e1s\u00e1ra.<\/p>\n\n\n\n<h4 class=\"wp-block-heading\">4. <strong>Nincs sz\u00fcks\u00e9g regisztr\u00e1ci\u00f3ra<\/strong><\/h4>\n\n\n\n<p class=\"\">Sok eszk\u00f6z k\u00edn\u00e1l 100% ingyenes \u00e9s korl\u00e1tlan haszn\u00e1latot regisztr\u00e1ci\u00f3 n\u00e9lk\u00fcl.<\/p>\n\n\n\n<h4 class=\"wp-block-heading\">5. <strong>AI integr\u00e1ci\u00f3<\/strong><\/h4>\n\n\n\n<p class=\"\">A fejlett eszk\u00f6z\u00f6k mesters\u00e9ges intelligenci\u00e1t haszn\u00e1lnak a jobb pontoss\u00e1g \u00e9s min\u0151s\u00e9g \u00e9rdek\u00e9ben.<\/p>\n\n\n\n<h3 class=\"wp-block-heading\">C\u00e9lk\u00f6z\u00f6ns\u00e9g \u00e9s felhaszn\u00e1l\u00e1s<\/h3>\n\n\n\n<p class=\"\"><strong>K\u00f6z\u00f6ns\u00e9g:<\/strong><\/p>\n\n\n\n<ul class=\"wp-block-list\">\n<li class=\"\"><strong>M\u0171v\u00e9szek:<\/strong> Amat\u0151r\u00f6k \u00e9s profik egyar\u00e1nt.<\/li>\n\n\n\n<li class=\"\"><strong>Tervez\u0151k:<\/strong> Grafikusok \u00e9s webdesignerek.<\/li>\n\n\n\n<li class=\"\"><strong>Hobbist\u00e1k:<\/strong> B\u00e1rki, akit \u00e9rdekel a rajzol\u00e1s \u00e9s a v\u00e1zlatk\u00e9sz\u00edt\u00e9s.<\/li>\n<\/ul>\n\n\n\n<p class=\"\"><strong>Felhaszn\u00e1l\u00e1s:<\/strong><\/p>\n\n\n\n<ul class=\"wp-block-list\">\n<li class=\"\"><strong>Kreat\u00edv projektek:<\/strong> Szem\u00e9lyes \u00e9s szakmai m\u0171v\u00e9szeti projektek.<\/li>\n\n\n\n<li class=\"\"><strong>Oktat\u00e1si c\u00e9lok:<\/strong> M\u0171v\u00e9szeti technik\u00e1k tan\u00edt\u00e1sa \u00e9s tanul\u00e1sa.<\/li>\n\n\n\n<li class=\"\"><strong>Term\u00e9ktervez\u00e9s:<\/strong> Koncepci\u00f3v\u00e1zlatok k\u00e9sz\u00edt\u00e9se term\u00e9kekhez.<\/li>\n<\/ul>\n\n\n\n<h3 class=\"wp-block-heading\">Megfelel\u0151 ipar\u00e1gak<\/h3>\n\n\n\n<ul class=\"wp-block-list\">\n<li class=\"\"><strong>M\u0171v\u00e9szet \u00e9s tervez\u00e9s:<\/strong> A kreativit\u00e1s \u00e9s a termel\u00e9kenys\u00e9g fokoz\u00e1sa.<\/li>\n\n\n\n<li class=\"\"><strong>Oktat\u00e1s:<\/strong> Eszk\u00f6z\u00f6k biztos\u00edt\u00e1sa a m\u0171v\u00e9szeti oktat\u00e1shoz.<\/li>\n\n\n\n<li class=\"\"><strong>Marketing:<\/strong> Egyedi l\u00e1tv\u00e1nytervek k\u00e9sz\u00edt\u00e9se kamp\u00e1nyokhoz.<\/li>\n\n\n\n<li class=\"\"><strong>Technol\u00f3gia:<\/strong> A mesters\u00e9ges intelligencia integr\u00e1l\u00e1sa a fejlett funkci\u00f3khoz.<\/li>\n<\/ul>\n\n\n\n<h3 class=\"wp-block-heading\">Hogyan haszn\u00e1ljuk a rajz\u00f6tleteket \u00e9s a k\u00e9pet a v\u00e1zlat \u00e1talak\u00edt\u00e1shoz?<\/h3>\n\n\n\n<ol class=\"wp-block-list\">\n<li class=\"\"><strong>V\u00e1lasszon eszk\u00f6zt:<\/strong> V\u00e1lasszon egy megb\u00edzhat\u00f3 online eszk\u00f6zt, p\u00e9ld\u00e1ul <a href=\"https:\/\/aiartfree.online\/hu\/kep-a-vazlathoz\/\">aiartfree.online\/rajzol\u00f3-\u00f6tletek<\/a>.<\/li>\n\n\n\n<li class=\"\"><strong>K\u00e9p felt\u00f6lt\u00e9se:<\/strong> Koppintson a mikrofonra, vagy t\u00f6lts\u00f6n fel egy k\u00e9pet.<\/li>\n\n\n\n<li class=\"\"><strong>Be\u00e1ll\u00edt\u00e1sok testreszab\u00e1sa:<\/strong> \u00c1ll\u00edtsa be a v\u00e1zlat st\u00edlus\u00e1t \u00e9s r\u00e9szletess\u00e9g\u00e9t.<\/li>\n\n\n\n<li class=\"\"><strong>\u00c1tv\u00e1ltoztatni:<\/strong> Kattintson a gombra a k\u00e9p v\u00e1zlatt\u00e1 alak\u00edt\u00e1s\u00e1hoz.<\/li>\n\n\n\n<li class=\"\"><strong>Let\u00f6lt\u00e9s:<\/strong> Mentse a v\u00e1zlatot a k\u00e9sz\u00fcl\u00e9k\u00e9re.<\/li>\n<\/ol>\n\n\n\n<h3 class=\"wp-block-heading\">Felhaszn\u00e1l\u00e1si esetek<\/h3>\n\n\n\n<h4 class=\"wp-block-heading\">1. <strong>Szem\u00e9lyes projektek<\/strong><\/h4>\n\n\n\n<p class=\"\">Egyedi m\u0171alkot\u00e1sok k\u00e9sz\u00edt\u00e9se lakberendez\u00e9si c\u00e9lokra.<\/p>\n\n\n\n<h4 class=\"wp-block-heading\">2. <strong>Oktat\u00e1si eszk\u00f6z\u00f6k<\/strong><\/h4>\n\n\n\n<p class=\"\">V\u00e1zlatok haszn\u00e1lata a m\u0171v\u00e9szeti \u00f3r\u00e1kon.<\/p>\n\n\n\n<h4 class=\"wp-block-heading\">3. <strong>Professzion\u00e1lis tervez\u00e9s<\/strong><\/h4>\n\n\n\n<p class=\"\">Koncepci\u00f3v\u00e1zlatok k\u00e9sz\u00edt\u00e9se \u00fcgyf\u00e9lprezent\u00e1ci\u00f3khoz.<\/p>\n\n\n\n<h3 class=\"wp-block-heading\">\u00d6sszehasonl\u00edt\u00f3 t\u00e1bl\u00e1zat a kapcsol\u00f3d\u00f3 weboldalakr\u00f3l<\/h3>\n\n\n\n<figure class=\"wp-block-table\"><table class=\"has-fixed-layout\"><thead><tr><th>Honlap<\/th><th>Ingyenes<\/th><th>Feliratkoz\u00e1s sz\u00fcks\u00e9ges<\/th><th>F\u0151 jellemz\u0151k<\/th><th>URL<\/th><\/tr><\/thead><tbody><tr><td>aiartfree.online\/rajzol\u00f3-\u00f6tletek<\/td><td>Igen<\/td><td>Nem<\/td><td>AI integr\u00e1ci\u00f3, korl\u00e1tlan, no.1 eszk\u00f6z<\/td><td><a href=\"https:\/\/aiartfree.online\/hu\/kep-a-vazlathoz\/\">https:\/\/aiartfree.online\/drawing-ideas\/<\/a><\/td><\/tr><tr><td>Photofunia<\/td><td>Igen<\/td><td>Nem<\/td><td>Sz\u00f3rakoztat\u00f3 effektek, k\u00f6nnyen haszn\u00e1lhat\u00f3<\/td><td><a href=\"https:\/\/photofunia.com\/\" target=\"_blank\" rel=\"noopener\">https:\/\/photofunia.com\/<\/a><\/td><\/tr><tr><td>BeFunky<\/td><td>Igen<\/td><td>Nem<\/td><td>Fot\u00f3szerkeszt\u0151, k\u00fcl\u00f6nb\u00f6z\u0151 v\u00e1zlathat\u00e1sok<\/td><td><a href=\"https:\/\/www.befunky.com\/\" target=\"_blank\" rel=\"noopener\">https:\/\/www.befunky.com\/<\/a><\/td><\/tr><tr><td>LunaPic<\/td><td>Igen<\/td><td>Nem<\/td><td>Speci\u00e1lis szerkeszt\u00e9si lehet\u0151s\u00e9gek<\/td><td><a href=\"https:\/\/www.lunapic.com\/\" target=\"_blank\" rel=\"noopener\">https:\/\/www.lunapic.com\/<\/a><\/td><\/tr><tr><td>Fotor<\/td><td>Igen<\/td><td>Nem<\/td><td>\u00c1tfog\u00f3 szerkeszt\u0151eszk\u00f6z\u00f6k<\/td><td><a href=\"https:\/\/www.fotor.com\/\" target=\"_blank\" rel=\"noopener\">https:\/\/www.fotor.com\/<\/a><\/td><\/tr><tr><td>PicsArt<\/td><td>Igen<\/td><td>Igen<\/td><td>Mobilbar\u00e1t, k\u00f6z\u00f6ss\u00e9gi funkci\u00f3k<\/td><td><a href=\"https:\/\/picsart.com\/\" target=\"_blank\" rel=\"noopener\">https:\/\/picsart.com\/<\/a><\/td><\/tr><tr><td>Snapstouch<\/td><td>Igen<\/td><td>Nem<\/td><td>Dedik\u00e1lt v\u00e1zlathat\u00e1sok<\/td><td><a href=\"https:\/\/www.snapstouch.com\/\" target=\"_blank\" rel=\"noopener\">https:\/\/www.snapstouch.com\/<\/a><\/td><\/tr><tr><td>Sketch My Pic<\/td><td>Igen<\/td><td>Nem<\/td><td>Egyszer\u0171, felhaszn\u00e1l\u00f3bar\u00e1t fel\u00fclet<\/td><td><a href=\"https:\/\/www.sketchmypic.com\/\" target=\"_blank\" rel=\"noopener\">https:\/\/www.sketchmypic.com\/<\/a><\/td><\/tr><tr><td>Tuxpi<\/td><td>Igen<\/td><td>Nem<\/td><td>Gyors \u00e9s egyszer\u0171 v\u00e1zlathat\u00e1sok<\/td><td><a href=\"https:\/\/www.tuxpi.com\/\" target=\"_blank\" rel=\"noopener\">https:\/\/www.tuxpi.com\/<\/a><\/td><\/tr><tr><td>Painnt<\/td><td>Igen<\/td><td>Igen<\/td><td>M\u0171v\u00e9szi sz\u0171r\u0151k, alkalmaz\u00e1s alap\u00fa<\/td><td><a href=\"https:\/\/www.painnt.com\/\" target=\"_blank\" rel=\"noopener\">https:\/\/www.painnt.com\/<\/a><\/td><\/tr><\/tbody><\/table><\/figure>\n\n\n\n<h3 class=\"wp-block-heading\">Ipari el\u0151ny\u00f6k \u00e9s h\u00e1tr\u00e1nyok<\/h3>\n\n\n\n<p class=\"\"><strong>El\u0151ny\u00f6k:<\/strong><\/p>\n\n\n\n<ul class=\"wp-block-list\">\n<li class=\"\"><strong>Hozz\u00e1f\u00e9rhet\u0151s\u00e9g:<\/strong> K\u00f6nny\u0171 hozz\u00e1f\u00e9r\u00e9s az online eszk\u00f6z\u00f6kh\u00f6z.<\/li>\n\n\n\n<li class=\"\"><strong>Kreativit\u00e1s-n\u00f6vel\u00e9s:<\/strong> Fokozza a m\u0171v\u00e9szi kreativit\u00e1st.<\/li>\n\n\n\n<li class=\"\"><strong>K\u00f6lts\u00e9ghat\u00e9kony:<\/strong> Sz\u00e1mos ingyenes lehet\u0151s\u00e9g \u00e1ll rendelkez\u00e9sre.<\/li>\n<\/ul>\n\n\n\n<p class=\"\"><strong>H\u00e1tr\u00e1nyok:<\/strong><\/p>\n\n\n\n<ul class=\"wp-block-list\">\n<li class=\"\"><strong>Min\u0151s\u00e9gi elt\u00e9r\u00e9s:<\/strong> A min\u0151s\u00e9g eszk\u00f6z\u00f6nk\u00e9nt elt\u00e9r\u0151 lehet.<\/li>\n\n\n\n<li class=\"\"><strong>Tanul\u00e1si g\u00f6rbe:<\/strong> Egyes eszk\u00f6z\u00f6k tanul\u00e1st ig\u00e9nyelhetnek.<\/li>\n\n\n\n<li class=\"\"><strong>A technol\u00f3gi\u00e1t\u00f3l val\u00f3 f\u00fcgg\u0151s\u00e9g:<\/strong> A digit\u00e1lis eszk\u00f6z\u00f6kre val\u00f3 t\u00e1maszkod\u00e1s.<\/li>\n<\/ul>\n\n\n\n<h3 class=\"wp-block-heading\">GYIK<\/h3>\n\n\n\n<ol class=\"wp-block-list\">\n<li class=\"\"><strong>Hogyan rajzoljunk \u00f6tleteket?<\/strong> Fedezze fel a k\u00fcl\u00f6nb\u00f6z\u0151 t\u00e9m\u00e1kat, haszn\u00e1ljon hivatkoz\u00e1sokat, \u00e9s gyakoroljon rendszeresen.<\/li>\n\n\n\n<li class=\"\"><strong>Mit kell rajzolni 100 \u00f6tletet?<\/strong> Keressen felk\u00e9r\u00e9seket az interneten, vagy haszn\u00e1ljon \u00f6tletgener\u00e1torokat.<\/li>\n\n\n\n<li class=\"\"><strong>M\u00e1jus rajz \u00f6tletek?<\/strong> Szezon\u00e1lis t\u00e9m\u00e1k, p\u00e9ld\u00e1ul tavasz vagy bizonyos h\u00f3napok.<\/li>\n\n\n\n<li class=\"\"><strong>Hogyan lehet \u00f6tleteket szerezni a rajzol\u00e1shoz?<\/strong> Figyelje meg a k\u00f6rnyezetet, haszn\u00e1lja a k\u00e9pzelet\u00e9t, \u00e9s fedezze fel a m\u0171v\u00e9szeti k\u00f6z\u00f6ss\u00e9geket.<\/li>\n\n\n\n<li class=\"\"><strong>Hogyan lehet konvert\u00e1lni a k\u00e9pet v\u00e1zlatba?<\/strong> Haszn\u00e1ljon olyan online eszk\u00f6z\u00f6ket, mint az aiartfree.online.<\/li>\n\n\n\n<li class=\"\"><strong>Hogyan lehet egy k\u00e9pet v\u00e1zlatt\u00e1 alak\u00edtani?<\/strong> T\u00f6ltse fel a k\u00e9pet egy konverzi\u00f3s eszk\u00f6zbe, \u00e9s alkalmazzon v\u00e1zlathat\u00e1sokat.<\/li>\n\n\n\n<li class=\"\"><strong>Hogyan lehet egy k\u00e9pb\u0151l v\u00e1zlatot k\u00e9sz\u00edteni Photoshopban?<\/strong> Haszn\u00e1ljon sz\u0171r\u0151ket \u00e9s korrekci\u00f3s r\u00e9tegeket.<\/li>\n\n\n\n<li class=\"\"><strong>Hogyan lehet egy k\u00e9pet v\u00e1zlatt\u00e1 alak\u00edtani?<\/strong> K\u00f6vesse az eszk\u00f6z utas\u00edt\u00e1sait, amelyek \u00e1ltal\u00e1ban a felt\u00f6lt\u00e9st \u00e9s a konvert\u00e1l\u00e1st foglalj\u00e1k magukban.<\/li>\n\n\n\n<li class=\"\"><strong>Hogyan lehet egy k\u00e9pet v\u00e1zlatt\u00e1 alak\u00edtani?<\/strong> Hasonl\u00f3 folyamat k\u00fcl\u00f6nb\u00f6z\u0151 eszk\u00f6z\u00f6kben, gyakran mesters\u00e9ges intelligenci\u00e1val.<\/li>\n\n\n\n<li class=\"\"><strong>Hogyan lehet egy k\u00e9pet v\u00e1zlatt\u00e1 alak\u00edtani?<\/strong> Haszn\u00e1ljon speci\u00e1lis szoftvereket vagy online eszk\u00f6z\u00f6ket.<\/li>\n<\/ol>\n\n\n\n<h3 class=\"wp-block-heading\">\u00d6sszefoglal\u00f3<\/h3>\n\n\n\n<p class=\"\">A rajz\u00f6tletek \u00e9s a k\u00e9pet v\u00e1zlatba konvert\u00e1l\u00f3 eszk\u00f6z\u00f6k sz\u00e1mos el\u0151nyt k\u00edn\u00e1lnak, t\u00f6bbek k\u00f6z\u00f6tt k\u00f6nny\u0171 hozz\u00e1f\u00e9r\u00e9st, fokozott kreativit\u00e1st \u00e9s k\u00f6lts\u00e9ghat\u00e9konys\u00e1got. Az olyan eszk\u00f6z\u00f6kkel, mint a <a href=\"https:\/\/aiartfree.online\/hu\/kep-a-vazlathoz\/\">aiartfree.online\/rajzol\u00f3-\u00f6tletek<\/a>, a felhaszn\u00e1l\u00f3k \u00e9lvezhetik 100% ingyenes, korl\u00e1tlan, \u00e9s nem regisztr\u00e1ci\u00f3s szolg\u00e1ltat\u00e1sok. Fedezze fel ezeket az eszk\u00f6z\u00f6ket, hogy a f\u00e9nyk\u00e9peit k\u00f6nnyed\u00e9n v\u00e1zlatokk\u00e1 alak\u00edtsa. Kezdje el az alkot\u00e1st m\u00e9g ma!<\/p>\n\n\n\n<p class=\"\"><\/p>","protected":false},"excerpt":{"rendered":"<p>Before vs After How to use the Drawing Ideas | Image to Sketch * Feel free to try our examples below if you don&#8217;t have any thoughts in your mind *&nbsp;Depending on your internet speed, loading the model may take up to 10 seconds \u2193 Drawing Ideas and Image to Sketch Conversion Outline Drawing ideas &#8230; <a title=\"Rajzol\u00e1si \u00f6tletek | Image to Sketch\" class=\"read-more\" href=\"https:\/\/aiartfree.online\/hu\/kep-a-vazlathoz\/\" aria-label=\"Read more about Drawing Ideas | Image to Sketch\">Olvass tov\u00e1bb<\/a><\/p>","protected":false},"author":1,"featured_media":2966,"parent":0,"menu_order":0,"comment_status":"closed","ping_status":"closed","template":"","meta":{"nf_dc_page":"","footnotes":""},"class_list":["post-3398","page","type-page","status-publish","has-post-thumbnail"],"jetpack_sharing_enabled":true,"_links":{"self":[{"href":"https:\/\/aiartfree.online\/hu\/wp-json\/wp\/v2\/pages\/3398","targetHints":{"allow":["GET"]}}],"collection":[{"href":"https:\/\/aiartfree.online\/hu\/wp-json\/wp\/v2\/pages"}],"about":[{"href":"https:\/\/aiartfree.online\/hu\/wp-json\/wp\/v2\/types\/page"}],"author":[{"embeddable":true,"href":"https:\/\/aiartfree.online\/hu\/wp-json\/wp\/v2\/users\/1"}],"replies":[{"embeddable":true,"href":"https:\/\/aiartfree.online\/hu\/wp-json\/wp\/v2\/comments?post=3398"}],"version-history":[{"count":0,"href":"https:\/\/aiartfree.online\/hu\/wp-json\/wp\/v2\/pages\/3398\/revisions"}],"wp:featuredmedia":[{"embeddable":true,"href":"https:\/\/aiartfree.online\/hu\/wp-json\/wp\/v2\/media\/2966"}],"wp:attachment":[{"href":"https:\/\/aiartfree.online\/hu\/wp-json\/wp\/v2\/media?parent=3398"}],"curies":[{"name":"wp","href":"https:\/\/api.w.org\/{rel}","templated":true}]}}